{"id":2351,"date":"2026-03-04T11:57:32","date_gmt":"2026-03-04T10:57:32","guid":{"rendered":"https:\/\/fdasrl.it\/prodotto\/moteur-electrique-avec-pompe-a-vide-a-huile-facm20612-280-l-min-220-v-075-kw\/"},"modified":"2026-03-04T11:57:32","modified_gmt":"2026-03-04T10:57:32","slug":"moteur-electrique-avec-pompe-a-vide-a-huile-facm20612-280-l-min-220-v-075-kw","status":"publish","type":"product","link":"https:\/\/fdasrl.it\/fr\/prodotto\/moteur-electrique-avec-pompe-a-vide-a-huile-facm20612-280-l-min-220-v-075-kw\/","title":{"rendered":"Moteur \u00e9lectrique avec pompe \u00e0 vide \u00e0 huile FACM20612 280 L\/min \u2013 220 V 0,75 kW"},"content":{"rendered":"<h1 data-start=\"119\" data-end=\"199\">Moteur \u00e9lectrique avec pompe \u00e0 vide \u00e0 huile FACM20612 280 L\/min \u2013 220 V 0,75 kW<\/h1>\n<p data-start=\"201\" data-end=\"398\">Le <strong data-start=\"204\" data-end=\"217\">FACM20612<\/strong> est un <strong data-start=\"223\" data-end=\"288\">moteur \u00e9lectrique avec pompe \u00e0 vide \u00e0 bain d\u2019huile int\u00e9gr\u00e9e<\/strong>, con\u00e7u pour les applications zootechniques n\u00e9cessitant une <strong data-start=\"351\" data-end=\"397\">g\u00e9n\u00e9ration de vide fiable et continue<\/strong>.<\/p>\n<p data-start=\"400\" data-end=\"593\">Le groupe est compos\u00e9 d\u2019un <strong data-start=\"424\" data-end=\"476\">moteur \u00e9lectrique de 0,75 kW aliment\u00e9 en 220 V CA<\/strong>, coupl\u00e9 \u00e0 une <strong data-start=\"491\" data-end=\"530\">pompe \u00e0 vide lubrifi\u00e9e \u00e0 l\u2019huile<\/strong>, capable de garantir un <strong data-start=\"558\" data-end=\"592\">d\u00e9bit de 280 litres par minute<\/strong>.<\/p>\n<p data-start=\"595\" data-end=\"792\">Cette configuration assure des performances stables et une fiabilit\u00e9 op\u00e9rationnelle, ce qui rend le syst\u00e8me particuli\u00e8rement adapt\u00e9 aux <strong data-start=\"719\" data-end=\"791\">installations de traite et aux \u00e9quipements pour le secteur de l\u2019\u00e9levage<\/strong>.<\/p>\n<hr data-start=\"794\" data-end=\"797\">\n<h2 data-start=\"799\" data-end=\"837\">Avantages du syst\u00e8me \u00e0 bain d&rsquo;huile<\/h2>\n<p data-start=\"839\" data-end=\"935\">La lubrification \u00e0 l\u2019huile permet d\u2019am\u00e9liorer l\u2019efficacit\u00e9 et la dur\u00e9e de vie du syst\u00e8me, offrant :<\/p>\n<ul data-start=\"937\" data-end=\"1088\">\n<li data-start=\"937\" data-end=\"974\">\n<p data-start=\"939\" data-end=\"974\"><strong data-start=\"939\" data-end=\"974\">fiabilit\u00e9 op\u00e9rationnelle accrue<\/strong><\/p>\n<\/li>\n<li data-start=\"975\" data-end=\"1011\">\n<p data-start=\"977\" data-end=\"1011\"><strong data-start=\"977\" data-end=\"1011\">r\u00e9duction de l&rsquo;usure m\u00e9canique<\/strong><\/p>\n<\/li>\n<li data-start=\"1012\" data-end=\"1051\">\n<p data-start=\"1014\" data-end=\"1051\"><strong data-start=\"1014\" data-end=\"1051\">fonctionnement r\u00e9gulier et continu<\/strong><\/p>\n<\/li>\n<li data-start=\"1052\" data-end=\"1088\">\n<p data-start=\"1054\" data-end=\"1088\"><strong data-start=\"1054\" data-end=\"1088\">performances constantes dans le temps<\/strong><\/p>\n<\/li>\n<\/ul>\n<p data-start=\"1090\" data-end=\"1270\">Gr\u00e2ce \u00e0 sa structure compacte et robuste, le <strong data-start=\"1139\" data-end=\"1152\">FACM20612<\/strong> repr\u00e9sente une solution id\u00e9ale pour les syst\u00e8mes exigeant <strong data-start=\"1213\" data-end=\"1269\">stabilit\u00e9 de fonctionnement et continuit\u00e9 de service<\/strong>.<\/p>\n<hr data-start=\"1272\" data-end=\"1275\">\n<h2 data-start=\"1277\" data-end=\"1304\">Caract\u00e9ristiques techniques<\/h2>\n<ul data-start=\"1306\" data-end=\"1496\">\n<li data-start=\"1306\" data-end=\"1332\">\n<p data-start=\"1308\" data-end=\"1332\"><strong data-start=\"1308\" data-end=\"1320\">Mod\u00e8le :<\/strong> FACM20612<\/p>\n<\/li>\n<li data-start=\"1333\" data-end=\"1359\">\n<p data-start=\"1335\" data-end=\"1359\"><strong data-start=\"1335\" data-end=\"1347\">D\u00e9bit :<\/strong> 280 L\/min<\/p>\n<\/li>\n<li data-start=\"1360\" data-end=\"1390\">\n<p data-start=\"1362\" data-end=\"1390\"><strong data-start=\"1362\" data-end=\"1380\">Alimentation :<\/strong> 220 VAC<\/p>\n<\/li>\n<li data-start=\"1391\" data-end=\"1422\">\n<p data-start=\"1393\" data-end=\"1422\"><strong data-start=\"1393\" data-end=\"1405\">Puissance :<\/strong> 0,75 kW (1 HP)<\/p>\n<\/li>\n<li data-start=\"1423\" data-end=\"1496\">\n<p data-start=\"1425\" data-end=\"1496\"><strong data-start=\"1425\" data-end=\"1444\">Configuration :<\/strong> moteur \u00e9lectrique avec pompe \u00e0 vide \u00e0 bain d\u2019huile<\/p>\n<\/li>\n<\/ul>\n<p data-start=\"1498\" data-end=\"1583\">Con\u00e7u pour garantir une <strong data-start=\"1523\" data-end=\"1582\">longue dur\u00e9e de vie op\u00e9rationnelle et des performances constantes dans le temps<\/strong>.<\/p>\n<h4 data-start=\"1954\" data-end=\"1993\">Revendeurs et distributeurs : demandez des informations <a href=\"https:\/\/fdasrl.it\/fr\/contact\/\">(CLIQUEZ ICI)<\/a><\/h4>\n<h4 data-start=\"1954\" data-end=\"1993\">\ud83d\uded2 Achetez-la en ligne <a href=\"https:\/\/fda-shop.it\/shop\/mungitura\/accessori-mungitrici\/motore-elettrico-con-pompa-del-vuoto-ad-olio-facm20612-280-lmin-220v-075-kw\">(CLIQUEZ ICI)<\/a><\/h4>\n","protected":false},"excerpt":{"rendered":"<p>Moteur \u00e9lectrique avec pompe \u00e0 vide \u00e0 bain d\u2019huile FACM20612 de 280 L\/min, alimentation 220 V et puissance 0,75 kW. Solution fiable et compacte pour les installations de traite et les applications zootechniques n\u00e9cessitant une g\u00e9n\u00e9ration de vide stable et continue. <\/p>\n","protected":false},"featured_media":1160,"comment_status":"open","ping_status":"closed","template":"","meta":{"_et_pb_use_builder":"","_et_pb_old_content":"","_et_gb_content_width":""},"product_brand":[],"product_cat":[488,392],"product_tag":[537],"class_list":{"0":"post-2351","1":"product","2":"type-product","3":"status-publish","4":"has-post-thumbnail","6":"product_cat-accessoires-machines-a-traire","7":"product_cat-trayeuses-mobiles","8":"product_tag-facm20612","10":"first","11":"instock","12":"shipping-taxable","13":"product-type-simple"},"yoast_head":"<!-- This site is optimized with the Yoast SEO Premium plugin v27.5 (Yoast SEO v27.5) - https:\/\/yoast.com\/product\/yoast-seo-premium-wordpress\/ -->\n<title>Pompe \u00e0 vide \u00e0 bain d\u2019huile 280 l\/min pour machine \u00e0 traire<\/title>\n<meta name=\"description\" content=\"D\u00e9couvrez le FACM20612, la pompe \u00e0 vide \u00e0 bain d\u2019huile 280 l\/min pour machine \u00e0 traire destin\u00e9e aux applications zootechniques. Elle garantit des performances fiables et constantes.\" \/>\n<meta name=\"robots\" content=\"index, follow, max-snippet:-1, max-image-preview:large, max-video-preview:-1\" \/>\n<link rel=\"canonical\" href=\"https:\/\/fdasrl.it\/fr\/prodotto\/moteur-electrique-avec-pompe-a-vide-a-huile-facm20612-280-l-min-220-v-075-kw\/\" \/>\n<meta property=\"og:locale\" content=\"fr_FR\" \/>\n<meta property=\"og:type\" content=\"article\" \/>\n<meta property=\"og:title\" content=\"Moteur \u00e9lectrique avec pompe \u00e0 vide \u00e0 huile FACM20612 280 L\/min \u2013 220 V 0,75 kW\" \/>\n<meta property=\"og:description\" content=\"D\u00e9couvrez le FACM20612, la pompe \u00e0 vide \u00e0 bain d\u2019huile 280 l\/min pour machine \u00e0 traire destin\u00e9e aux applications zootechniques. Elle garantit des performances fiables et constantes.\" \/>\n<meta property=\"og:url\" content=\"https:\/\/fdasrl.it\/fr\/prodotto\/moteur-electrique-avec-pompe-a-vide-a-huile-facm20612-280-l-min-220-v-075-kw\/\" \/>\n<meta property=\"og:site_name\" content=\"FDA srl\" \/>\n<meta property=\"article:publisher\" content=\"https:\/\/www.facebook.com\/share\/1MWhFWg1Tp\/?mibextid=LQQJ4d\" \/>\n<meta property=\"og:image\" content=\"https:\/\/fdasrl.it\/wp-content\/uploads\/2026\/03\/motore-elettrico-con-pompa-del-vuoto-ad-olio-facm20612-280-lmin-220v-075-kw-1-white.webp\" \/>\n\t<meta property=\"og:image:width\" content=\"1501\" \/>\n\t<meta property=\"og:image:height\" content=\"1860\" \/>\n\t<meta property=\"og:image:type\" content=\"image\/webp\" \/>\n<meta name=\"twitter:card\" content=\"summary_large_image\" \/>\n<meta name=\"twitter:label1\" content=\"Prix\" \/>\n\t<meta name=\"twitter:data1\" content=\"\" \/>\n\t<meta name=\"twitter:label2\" content=\"Disponibilit\u00e9\" \/>\n\t<meta name=\"twitter:data2\" content=\"En stock\" \/>\n<meta property=\"product:price:currency\" content=\"EUR\" \/>\n<meta property=\"og:availability\" content=\"instock\" \/>\n<meta property=\"product:availability\" content=\"instock\" \/>\n<meta property=\"product:retailer_item_id\" content=\"FACM20612\" \/>\n<meta property=\"product:condition\" content=\"new\" \/>\n<!-- \/ Yoast SEO Premium plugin. -->","yoast_head_json":{"title":"Pompe \u00e0 vide \u00e0 bain d\u2019huile 280 l\/min pour machine \u00e0 traire","description":"D\u00e9couvrez le FACM20612, la pompe \u00e0 vide \u00e0 bain d\u2019huile 280 l\/min pour machine \u00e0 traire destin\u00e9e aux applications zootechniques. Elle garantit des performances fiables et constantes.","robots":{"index":"index","follow":"follow","max-snippet":"max-snippet:-1","max-image-preview":"max-image-preview:large","max-video-preview":"max-video-preview:-1"},"canonical":"https:\/\/fdasrl.it\/fr\/prodotto\/moteur-electrique-avec-pompe-a-vide-a-huile-facm20612-280-l-min-220-v-075-kw\/","og_locale":"fr_FR","og_type":"article","og_title":"Moteur \u00e9lectrique avec pompe \u00e0 vide \u00e0 huile FACM20612 280 L\/min \u2013 220 V 0,75 kW","og_description":"D\u00e9couvrez le FACM20612, la pompe \u00e0 vide \u00e0 bain d\u2019huile 280 l\/min pour machine \u00e0 traire destin\u00e9e aux applications zootechniques. Elle garantit des performances fiables et constantes.","og_url":"https:\/\/fdasrl.it\/fr\/prodotto\/moteur-electrique-avec-pompe-a-vide-a-huile-facm20612-280-l-min-220-v-075-kw\/","og_site_name":"FDA srl","article_publisher":"https:\/\/www.facebook.com\/share\/1MWhFWg1Tp\/?mibextid=LQQJ4d","og_image":[{"width":1501,"height":1860,"url":"https:\/\/fdasrl.it\/wp-content\/uploads\/2026\/03\/motore-elettrico-con-pompa-del-vuoto-ad-olio-facm20612-280-lmin-220v-075-kw-1-white.webp","type":"image\/webp"}],"twitter_card":"summary_large_image","twitter_misc":{"Prix":"","Disponibilit\u00e9":"En stock"},"schema":{"@context":"https:\/\/schema.org","@graph":[{"@type":"WebPage","@id":"https:\/\/fdasrl.it\/fr\/prodotto\/moteur-electrique-avec-pompe-a-vide-a-huile-facm20612-280-l-min-220-v-075-kw\/","url":"https:\/\/fdasrl.it\/fr\/prodotto\/moteur-electrique-avec-pompe-a-vide-a-huile-facm20612-280-l-min-220-v-075-kw\/","name":"Pompe \u00e0 vide \u00e0 bain d\u2019huile 280 l\/min pour machine \u00e0 traire","isPartOf":{"@id":"https:\/\/fdasrl.it\/fr\/#website"},"primaryImageOfPage":{"@id":"https:\/\/fdasrl.it\/fr\/prodotto\/moteur-electrique-avec-pompe-a-vide-a-huile-facm20612-280-l-min-220-v-075-kw\/#primaryimage"},"image":{"@id":"https:\/\/fdasrl.it\/fr\/prodotto\/moteur-electrique-avec-pompe-a-vide-a-huile-facm20612-280-l-min-220-v-075-kw\/#primaryimage"},"thumbnailUrl":"https:\/\/fdasrl.it\/wp-content\/uploads\/2026\/03\/motore-elettrico-con-pompa-del-vuoto-ad-olio-facm20612-280-lmin-220v-075-kw-1-white.webp","datePublished":"2026-03-04T10:57:32+00:00","description":"D\u00e9couvrez le FACM20612, la pompe \u00e0 vide \u00e0 bain d\u2019huile 280 l\/min pour machine \u00e0 traire destin\u00e9e aux applications zootechniques. Elle garantit des performances fiables et constantes.","breadcrumb":{"@id":"https:\/\/fdasrl.it\/fr\/prodotto\/moteur-electrique-avec-pompe-a-vide-a-huile-facm20612-280-l-min-220-v-075-kw\/#breadcrumb"},"inLanguage":"fr-FR","potentialAction":[{"@type":"ReadAction","target":["https:\/\/fdasrl.it\/fr\/prodotto\/moteur-electrique-avec-pompe-a-vide-a-huile-facm20612-280-l-min-220-v-075-kw\/"]}]},{"@type":"ImageObject","inLanguage":"fr-FR","@id":"https:\/\/fdasrl.it\/fr\/prodotto\/moteur-electrique-avec-pompe-a-vide-a-huile-facm20612-280-l-min-220-v-075-kw\/#primaryimage","url":"https:\/\/fdasrl.it\/wp-content\/uploads\/2026\/03\/motore-elettrico-con-pompa-del-vuoto-ad-olio-facm20612-280-lmin-220v-075-kw-1-white.webp","contentUrl":"https:\/\/fdasrl.it\/wp-content\/uploads\/2026\/03\/motore-elettrico-con-pompa-del-vuoto-ad-olio-facm20612-280-lmin-220v-075-kw-1-white.webp","width":1501,"height":1860,"caption":"Moteur \u00e9lectrique avec pompe \u00e0 vide \u00e0 bain d\u2019huile pour machines \u00e0 traire avec un d\u00e9bit de 280 L\/min."},{"@type":"BreadcrumbList","@id":"https:\/\/fdasrl.it\/fr\/prodotto\/moteur-electrique-avec-pompe-a-vide-a-huile-facm20612-280-l-min-220-v-075-kw\/#breadcrumb","itemListElement":[{"@type":"ListItem","position":1,"name":"Home","item":"https:\/\/fdasrl.it\/fr\/accueil\/"},{"@type":"ListItem","position":2,"name":"Boutique","item":"https:\/\/fdasrl.it\/fr\/boutique\/"},{"@type":"ListItem","position":3,"name":"Moteur \u00e9lectrique avec pompe \u00e0 vide \u00e0 huile FACM20612 280 L\/min \u2013 220 V 0,75 kW"}]},{"@type":"WebSite","@id":"https:\/\/fdasrl.it\/fr\/#website","url":"https:\/\/fdasrl.it\/fr\/","name":"FDA srl","description":"Equipment for animal husbandry","publisher":{"@id":"https:\/\/fdasrl.it\/fr\/#organization"},"potentialAction":[{"@type":"SearchAction","target":{"@type":"EntryPoint","urlTemplate":"https:\/\/fdasrl.it\/fr\/?s={search_term_string}"},"query-input":{"@type":"PropertyValueSpecification","valueRequired":true,"valueName":"search_term_string"}}],"inLanguage":"fr-FR"},{"@type":"Organization","@id":"https:\/\/fdasrl.it\/fr\/#organization","name":"FDA srl","url":"https:\/\/fdasrl.it\/fr\/","logo":{"@type":"ImageObject","inLanguage":"fr-FR","@id":"https:\/\/fdasrl.it\/fr\/#\/schema\/logo\/image\/","url":"https:\/\/fdasrl.it\/wp-content\/uploads\/2024\/12\/Logo-FDA.png","contentUrl":"https:\/\/fdasrl.it\/wp-content\/uploads\/2024\/12\/Logo-FDA.png","width":316,"height":119,"caption":"FDA srl"},"image":{"@id":"https:\/\/fdasrl.it\/fr\/#\/schema\/logo\/image\/"},"sameAs":["https:\/\/www.facebook.com\/share\/1MWhFWg1Tp\/?mibextid=LQQJ4d","https:\/\/www.instagram.com\/fda_srl\/profilecard\/?igsh=YW5lbzJ6MWg0d21u","https:\/\/www.youtube.com\/@FDASRL_ANIMALCARE"],"description":"FDA SRL \u2013 Equipment for animal husbandry nasce con l\u2019obiettivo di offrire soluzioni affidabili e innovative per l\u2019allevamento moderno. Con anni di esperienza nel settore zootecnico, progettiamo e realizziamo attrezzature destinate al benessere animale e alla gestione efficiente delle stalle: vasche, abbeveratoi, mangiatoie e sistemi di riscaldamento pensati per durare nel tempo e semplificare il lavoro quotidiano degli allevatori. Dalla progettazione alla produzione, ogni nostro prodotto \u00e8 studiato nei minimi dettagli, testato con cura e costruito per rispondere alle esigenze reali del settore. La nostra forza \u00e8 unire artigianalit\u00e0, tecnologia e competenza tecnica per trasformare ogni progetto in una soluzione concreta e funzionale. Oggi FDA SRL \u00e8 un punto di riferimento per privati e rivenditori che cercano qualit\u00e0, affidabilit\u00e0 e innovazione nelle attrezzature per l\u2019allevamento.","email":"info@fdasrl.it","telephone":"+390522826820","legalName":"F.D.A. SRL","foundingDate":"2024-10-13","vatID":"03075840359","taxID":"03075840359","numberOfEmployees":{"@type":"QuantitativeValue","minValue":"1","maxValue":"10"}}]},"product_price_currency":"EUR","og_availability":"instock","product_availability":"instock","product_retailer_item_id":"FACM20612","product_condition":"new"},"_links":{"self":[{"href":"https:\/\/fdasrl.it\/fr\/wp-json\/wp\/v2\/product\/2351","targetHints":{"allow":["GET"]}}],"collection":[{"href":"https:\/\/fdasrl.it\/fr\/wp-json\/wp\/v2\/product"}],"about":[{"href":"https:\/\/fdasrl.it\/fr\/wp-json\/wp\/v2\/types\/product"}],"replies":[{"embeddable":true,"href":"https:\/\/fdasrl.it\/fr\/wp-json\/wp\/v2\/comments?post=2351"}],"wp:featuredmedia":[{"embeddable":true,"href":"https:\/\/fdasrl.it\/fr\/wp-json\/wp\/v2\/media\/1160"}],"wp:attachment":[{"href":"https:\/\/fdasrl.it\/fr\/wp-json\/wp\/v2\/media?parent=2351"}],"wp:term":[{"taxonomy":"product_brand","embeddable":true,"href":"https:\/\/fdasrl.it\/fr\/wp-json\/wp\/v2\/product_brand?post=2351"},{"taxonomy":"product_cat","embeddable":true,"href":"https:\/\/fdasrl.it\/fr\/wp-json\/wp\/v2\/product_cat?post=2351"},{"taxonomy":"product_tag","embeddable":true,"href":"https:\/\/fdasrl.it\/fr\/wp-json\/wp\/v2\/product_tag?post=2351"}],"curies":[{"name":"wp","href":"https:\/\/api.w.org\/{rel}","templated":true}]}}