{"id":2371,"date":"2026-03-04T15:19:48","date_gmt":"2026-03-04T14:19:48","guid":{"rendered":"https:\/\/fdasrl.it\/prodotto\/abreuvoir-en-fonte-emaillee-fabb0033-avec-soupape-tubulaire\/"},"modified":"2026-03-04T15:19:48","modified_gmt":"2026-03-04T14:19:48","slug":"abreuvoir-en-fonte-emaillee-fabb0033-avec-soupape-tubulaire","status":"publish","type":"product","link":"https:\/\/fdasrl.it\/fr\/prodotto\/abreuvoir-en-fonte-emaillee-fabb0033-avec-soupape-tubulaire\/","title":{"rendered":"Abreuvoir en fonte \u00e9maill\u00e9e FABB0033 avec soupape tubulaire"},"content":{"rendered":"<h1 data-start=\"140\" data-end=\"238\">Abreuvoir en fonte \u00e9maill\u00e9e FABB0033 avec soupape tubulaire pour chevaux, bovins, ch\u00e8vres et moutons<\/h1>\n<p data-start=\"240\" data-end=\"434\">L\u2019<strong data-start=\"242\" data-end=\"285\">abreuvoir FABB0033 en fonte \u00e9maill\u00e9e<\/strong> est con\u00e7u pour garantir un approvisionnement en eau <strong data-start=\"342\" data-end=\"403\">fiable et hygi\u00e9nique pour les chevaux, bovins, ch\u00e8vres et moutons<\/strong>, aussi bien en \u00e9table qu\u2019au p\u00e2turage.<\/p>\n<p data-start=\"436\" data-end=\"765\">Le <strong data-start=\"439\" data-end=\"490\">bol en fonte avec \u00e9maillage de haute qualit\u00e9<\/strong> assure une grande r\u00e9sistance \u00e0 l\u2019usure, \u00e0 la corrosion et aux chocs, garantissant une longue dur\u00e9e de vie. L\u2019abreuvoir est \u00e9quip\u00e9 d\u2019une <strong data-start=\"625\" data-end=\"680\">soupape tubulaire actionn\u00e9e directement par l\u2019animal<\/strong>, qui permet la distribution de l\u2019eau uniquement en cas de besoin, r\u00e9duisant ainsi le gaspillage. <\/p>\n<p data-start=\"767\" data-end=\"994\">La <strong data-start=\"770\" data-end=\"807\">soupape en laiton interchangeable<\/strong> est con\u00e7ue pour offrir fiabilit\u00e9 et facilit\u00e9 d\u2019entretien. Les animaux s\u2019habituent rapidement au fonctionnement : <strong data-start=\"928\" data-end=\"993\">en appuyant sur la soupape, l\u2019eau commence \u00e0 couler automatiquement<\/strong>. <\/p>\n<p data-start=\"996\" data-end=\"1146\">L\u2019abreuvoir dispose d\u2019une <strong data-start=\"1022\" data-end=\"1079\">double entr\u00e9e d\u2019eau de 1\/2&Prime; (sup\u00e9rieure ou inf\u00e9rieure)<\/strong> ; l\u2019entr\u00e9e non utilis\u00e9e peut \u00eatre ferm\u00e9e avec le bouchon pr\u00e9vu \u00e0 cet effet.<\/p>\n<p data-start=\"1148\" data-end=\"1290\">Le syst\u00e8me peut \u00eatre install\u00e9 <strong data-start=\"1181\" data-end=\"1230\">au mur ou sur tube \u00e0 l\u2019aide de brides en U<\/strong>, s\u2019adaptant facilement aux diff\u00e9rentes configurations d\u2019\u00e9table.<\/p>\n<hr data-start=\"1292\" data-end=\"1295\">\n<h2 data-start=\"1297\" data-end=\"1326\">Caract\u00e9ristiques principales<\/h2>\n<ul data-start=\"1328\" data-end=\"1755\">\n<li data-start=\"1328\" data-end=\"1353\">\n<p data-start=\"1330\" data-end=\"1353\"><strong data-start=\"1330\" data-end=\"1342\">Mod\u00e8le :<\/strong> FABB0033<\/p>\n<\/li>\n<li data-start=\"1354\" data-end=\"1408\">\n<p data-start=\"1356\" data-end=\"1408\"><strong data-start=\"1356\" data-end=\"1406\">Abreuvoir en fonte \u00e9maill\u00e9e de haute qualit\u00e9<\/strong><\/p>\n<\/li>\n<li data-start=\"1409\" data-end=\"1459\">\n<p data-start=\"1411\" data-end=\"1459\"><strong data-start=\"1411\" data-end=\"1457\">Soupape tubulaire en laiton interchangeable<\/strong><\/p>\n<\/li>\n<li data-start=\"1460\" data-end=\"1493\">\n<p data-start=\"1462\" data-end=\"1493\"><strong data-start=\"1462\" data-end=\"1481\">Capacit\u00e9 du bac :<\/strong> 1,7 litre<\/p>\n<\/li>\n<li data-start=\"1494\" data-end=\"1525\">\n<p data-start=\"1496\" data-end=\"1525\"><strong data-start=\"1496\" data-end=\"1514\">Raccord d\u2019eau :<\/strong> 1\/2&Prime; GAS<\/p>\n<\/li>\n<li data-start=\"1526\" data-end=\"1589\">\n<p data-start=\"1528\" data-end=\"1589\"><strong data-start=\"1528\" data-end=\"1587\">Possibilit\u00e9 de raccordement d\u2019eau sup\u00e9rieur ou inf\u00e9rieur<\/strong><\/p>\n<\/li>\n<li data-start=\"1590\" data-end=\"1622\">\n<p data-start=\"1592\" data-end=\"1622\"><strong data-start=\"1592\" data-end=\"1604\">D\u00e9bit :<\/strong> 8 L\/min \u00e0 3 bar<\/p>\n<\/li>\n<li data-start=\"1623\" data-end=\"1665\">\n<p data-start=\"1625\" data-end=\"1665\"><strong data-start=\"1625\" data-end=\"1663\">Forme du bac facile \u00e0 nettoyer<\/strong><\/p>\n<\/li>\n<li data-start=\"1666\" data-end=\"1706\">\n<p data-start=\"1668\" data-end=\"1706\"><strong data-start=\"1668\" data-end=\"1704\">Installation murale ou sur tube<\/strong><\/p>\n<\/li>\n<li data-start=\"1707\" data-end=\"1755\">\n<p data-start=\"1709\" data-end=\"1755\"><strong data-start=\"1709\" data-end=\"1755\">Adapt\u00e9 pour chevaux, bovins, ch\u00e8vres et moutons<\/strong><\/p>\n<\/li>\n<\/ul>\n<hr data-start=\"1757\" data-end=\"1760\">\n<h2 data-start=\"1762\" data-end=\"1775\">Dimensions<\/h2>\n<ul data-start=\"1777\" data-end=\"1873\">\n<li data-start=\"1777\" data-end=\"1804\">\n<p data-start=\"1779\" data-end=\"1804\"><strong data-start=\"1779\" data-end=\"1792\">Capacit\u00e9 :<\/strong> 1,7 litre<\/p>\n<\/li>\n<li data-start=\"1805\" data-end=\"1843\">\n<p data-start=\"1807\" data-end=\"1843\"><strong data-start=\"1807\" data-end=\"1830\">Dimensions ext\u00e9rieures :<\/strong> 16 \u00d7 26 cm<\/p>\n<\/li>\n<li data-start=\"1844\" data-end=\"1873\">\n<p data-start=\"1846\" data-end=\"1873\"><strong data-start=\"1846\" data-end=\"1864\">Raccord d\u2019eau :<\/strong> 1\/2&Prime; GAS<\/p>\n<\/li>\n<\/ul>\n<p>&nbsp;<\/p>\n<p>\ud83d\udc49 Demandez le prix pour la revente : <a href=\"mailto:info@fdasrl.it\">CLIQUEZ ICI<\/a><\/p>\n","protected":false},"excerpt":{"rendered":"<p>Abreuvoir en fonte \u00e9maill\u00e9e FABB0033 avec soupape tubulaire en laiton, adapt\u00e9 pour chevaux, bovins, ch\u00e8vres et moutons. Capacit\u00e9 1,7 L, raccord d\u2019eau 1\/2&Prime; et d\u00e9bit jusqu\u2019\u00e0 8 L\/min. Robuste, hygi\u00e9nique et id\u00e9al pour une installation en \u00e9table ou au p\u00e2turage.  <\/p>\n","protected":false},"featured_media":1170,"comment_status":"open","ping_status":"closed","template":"","meta":{"_et_pb_use_builder":"","_et_pb_old_content":"","_et_gb_content_width":""},"product_brand":[],"product_cat":[393],"product_tag":[541],"class_list":{"0":"post-2371","1":"product","2":"type-product","3":"status-publish","4":"has-post-thumbnail","6":"product_cat-ovins-et-caprins","7":"product_tag-fabb0033","9":"first","10":"instock","11":"shipping-taxable","12":"product-type-simple"},"yoast_head":"<!-- This site is optimized with the Yoast SEO Premium plugin v27.5 (Yoast SEO v27.5) - https:\/\/yoast.com\/product\/yoast-seo-premium-wordpress\/ -->\n<title>Abreuvoir ch\u00e8vres moutons fonte : Robuste et Hygi\u00e9nique<\/title>\n<meta name=\"description\" content=\"D\u00e9couvrez l\u2019abreuvoir ch\u00e8vres moutons fonte FABB0033, con\u00e7u pour garantir une eau hygi\u00e9nique et fiable pour vos animaux. Choisissez une qualit\u00e9 durable !\" \/>\n<meta name=\"robots\" content=\"index, follow, max-snippet:-1, max-image-preview:large, max-video-preview:-1\" \/>\n<link rel=\"canonical\" href=\"https:\/\/fdasrl.it\/fr\/prodotto\/abreuvoir-en-fonte-emaillee-fabb0033-avec-soupape-tubulaire\/\" \/>\n<meta property=\"og:locale\" content=\"fr_FR\" \/>\n<meta property=\"og:type\" content=\"article\" \/>\n<meta property=\"og:title\" content=\"Abreuvoir en fonte \u00e9maill\u00e9e FABB0033 avec soupape tubulaire\" \/>\n<meta property=\"og:description\" content=\"D\u00e9couvrez l\u2019abreuvoir ch\u00e8vres moutons fonte FABB0033, con\u00e7u pour garantir une eau hygi\u00e9nique et fiable pour vos animaux. Choisissez une qualit\u00e9 durable !\" \/>\n<meta property=\"og:url\" content=\"https:\/\/fdasrl.it\/fr\/prodotto\/abreuvoir-en-fonte-emaillee-fabb0033-avec-soupape-tubulaire\/\" \/>\n<meta property=\"og:site_name\" content=\"FDA srl\" \/>\n<meta property=\"article:publisher\" content=\"https:\/\/www.facebook.com\/share\/1MWhFWg1Tp\/?mibextid=LQQJ4d\" \/>\n<meta property=\"og:image\" content=\"https:\/\/fdasrl.it\/wp-content\/uploads\/2026\/03\/Abbeveratoio-smaltato-nero-pendolo-automatico-fda-shop-3.webp\" \/>\n\t<meta property=\"og:image:width\" content=\"700\" \/>\n\t<meta property=\"og:image:height\" content=\"800\" \/>\n\t<meta property=\"og:image:type\" content=\"image\/webp\" \/>\n<meta name=\"twitter:card\" content=\"summary_large_image\" \/>\n<meta name=\"twitter:label1\" content=\"Prix\" \/>\n\t<meta name=\"twitter:data1\" content=\"\" \/>\n\t<meta name=\"twitter:label2\" content=\"Disponibilit\u00e9\" \/>\n\t<meta name=\"twitter:data2\" content=\"En stock\" \/>\n<meta property=\"product:price:currency\" content=\"EUR\" \/>\n<meta property=\"og:availability\" content=\"instock\" \/>\n<meta property=\"product:availability\" content=\"instock\" \/>\n<meta property=\"product:retailer_item_id\" content=\"FABB0033\" \/>\n<meta property=\"product:condition\" content=\"new\" \/>\n<!-- \/ Yoast SEO Premium plugin. -->","yoast_head_json":{"title":"Abreuvoir ch\u00e8vres moutons fonte : Robuste et Hygi\u00e9nique","description":"D\u00e9couvrez l\u2019abreuvoir ch\u00e8vres moutons fonte FABB0033, con\u00e7u pour garantir une eau hygi\u00e9nique et fiable pour vos animaux. Choisissez une qualit\u00e9 durable !","robots":{"index":"index","follow":"follow","max-snippet":"max-snippet:-1","max-image-preview":"max-image-preview:large","max-video-preview":"max-video-preview:-1"},"canonical":"https:\/\/fdasrl.it\/fr\/prodotto\/abreuvoir-en-fonte-emaillee-fabb0033-avec-soupape-tubulaire\/","og_locale":"fr_FR","og_type":"article","og_title":"Abreuvoir en fonte \u00e9maill\u00e9e FABB0033 avec soupape tubulaire","og_description":"D\u00e9couvrez l\u2019abreuvoir ch\u00e8vres moutons fonte FABB0033, con\u00e7u pour garantir une eau hygi\u00e9nique et fiable pour vos animaux. Choisissez une qualit\u00e9 durable !","og_url":"https:\/\/fdasrl.it\/fr\/prodotto\/abreuvoir-en-fonte-emaillee-fabb0033-avec-soupape-tubulaire\/","og_site_name":"FDA srl","article_publisher":"https:\/\/www.facebook.com\/share\/1MWhFWg1Tp\/?mibextid=LQQJ4d","og_image":[{"width":700,"height":800,"url":"https:\/\/fdasrl.it\/wp-content\/uploads\/2026\/03\/Abbeveratoio-smaltato-nero-pendolo-automatico-fda-shop-3.webp","type":"image\/webp"}],"twitter_card":"summary_large_image","twitter_misc":{"Prix":"","Disponibilit\u00e9":"En stock"},"schema":{"@context":"https:\/\/schema.org","@graph":[{"@type":"WebPage","@id":"https:\/\/fdasrl.it\/fr\/prodotto\/abreuvoir-en-fonte-emaillee-fabb0033-avec-soupape-tubulaire\/","url":"https:\/\/fdasrl.it\/fr\/prodotto\/abreuvoir-en-fonte-emaillee-fabb0033-avec-soupape-tubulaire\/","name":"Abreuvoir ch\u00e8vres moutons fonte : Robuste et Hygi\u00e9nique","isPartOf":{"@id":"https:\/\/fdasrl.it\/fr\/#website"},"primaryImageOfPage":{"@id":"https:\/\/fdasrl.it\/fr\/prodotto\/abreuvoir-en-fonte-emaillee-fabb0033-avec-soupape-tubulaire\/#primaryimage"},"image":{"@id":"https:\/\/fdasrl.it\/fr\/prodotto\/abreuvoir-en-fonte-emaillee-fabb0033-avec-soupape-tubulaire\/#primaryimage"},"thumbnailUrl":"https:\/\/fdasrl.it\/wp-content\/uploads\/2026\/03\/Abbeveratoio-smaltato-nero-pendolo-automatico-fda-shop-3.webp","datePublished":"2026-03-04T14:19:48+00:00","description":"D\u00e9couvrez l\u2019abreuvoir ch\u00e8vres moutons fonte FABB0033, con\u00e7u pour garantir une eau hygi\u00e9nique et fiable pour vos animaux. Choisissez une qualit\u00e9 durable !","breadcrumb":{"@id":"https:\/\/fdasrl.it\/fr\/prodotto\/abreuvoir-en-fonte-emaillee-fabb0033-avec-soupape-tubulaire\/#breadcrumb"},"inLanguage":"fr-FR","potentialAction":[{"@type":"ReadAction","target":["https:\/\/fdasrl.it\/fr\/prodotto\/abreuvoir-en-fonte-emaillee-fabb0033-avec-soupape-tubulaire\/"]}]},{"@type":"ImageObject","inLanguage":"fr-FR","@id":"https:\/\/fdasrl.it\/fr\/prodotto\/abreuvoir-en-fonte-emaillee-fabb0033-avec-soupape-tubulaire\/#primaryimage","url":"https:\/\/fdasrl.it\/wp-content\/uploads\/2026\/03\/Abbeveratoio-smaltato-nero-pendolo-automatico-fda-shop-3.webp","contentUrl":"https:\/\/fdasrl.it\/wp-content\/uploads\/2026\/03\/Abbeveratoio-smaltato-nero-pendolo-automatico-fda-shop-3.webp","width":700,"height":800,"caption":"\u00c9trier de fixation en fonte pour abreuvoir automatique d\u2019\u00e9table."},{"@type":"BreadcrumbList","@id":"https:\/\/fdasrl.it\/fr\/prodotto\/abreuvoir-en-fonte-emaillee-fabb0033-avec-soupape-tubulaire\/#breadcrumb","itemListElement":[{"@type":"ListItem","position":1,"name":"Home","item":"https:\/\/fdasrl.it\/fr\/accueil\/"},{"@type":"ListItem","position":2,"name":"Boutique","item":"https:\/\/fdasrl.it\/fr\/boutique\/"},{"@type":"ListItem","position":3,"name":"Abreuvoir en fonte \u00e9maill\u00e9e FABB0033 avec soupape tubulaire"}]},{"@type":"WebSite","@id":"https:\/\/fdasrl.it\/fr\/#website","url":"https:\/\/fdasrl.it\/fr\/","name":"FDA srl","description":"Equipment for animal husbandry","publisher":{"@id":"https:\/\/fdasrl.it\/fr\/#organization"},"potentialAction":[{"@type":"SearchAction","target":{"@type":"EntryPoint","urlTemplate":"https:\/\/fdasrl.it\/fr\/?s={search_term_string}"},"query-input":{"@type":"PropertyValueSpecification","valueRequired":true,"valueName":"search_term_string"}}],"inLanguage":"fr-FR"},{"@type":"Organization","@id":"https:\/\/fdasrl.it\/fr\/#organization","name":"FDA srl","url":"https:\/\/fdasrl.it\/fr\/","logo":{"@type":"ImageObject","inLanguage":"fr-FR","@id":"https:\/\/fdasrl.it\/fr\/#\/schema\/logo\/image\/","url":"https:\/\/fdasrl.it\/wp-content\/uploads\/2024\/12\/Logo-FDA.png","contentUrl":"https:\/\/fdasrl.it\/wp-content\/uploads\/2024\/12\/Logo-FDA.png","width":316,"height":119,"caption":"FDA srl"},"image":{"@id":"https:\/\/fdasrl.it\/fr\/#\/schema\/logo\/image\/"},"sameAs":["https:\/\/www.facebook.com\/share\/1MWhFWg1Tp\/?mibextid=LQQJ4d","https:\/\/www.instagram.com\/fda_srl\/profilecard\/?igsh=YW5lbzJ6MWg0d21u","https:\/\/www.youtube.com\/@FDASRL_ANIMALCARE"],"description":"FDA SRL \u2013 Equipment for animal husbandry nasce con l\u2019obiettivo di offrire soluzioni affidabili e innovative per l\u2019allevamento moderno. Con anni di esperienza nel settore zootecnico, progettiamo e realizziamo attrezzature destinate al benessere animale e alla gestione efficiente delle stalle: vasche, abbeveratoi, mangiatoie e sistemi di riscaldamento pensati per durare nel tempo e semplificare il lavoro quotidiano degli allevatori. Dalla progettazione alla produzione, ogni nostro prodotto \u00e8 studiato nei minimi dettagli, testato con cura e costruito per rispondere alle esigenze reali del settore. La nostra forza \u00e8 unire artigianalit\u00e0, tecnologia e competenza tecnica per trasformare ogni progetto in una soluzione concreta e funzionale. Oggi FDA SRL \u00e8 un punto di riferimento per privati e rivenditori che cercano qualit\u00e0, affidabilit\u00e0 e innovazione nelle attrezzature per l\u2019allevamento.","email":"info@fdasrl.it","telephone":"+390522826820","legalName":"F.D.A. SRL","foundingDate":"2024-10-13","vatID":"03075840359","taxID":"03075840359","numberOfEmployees":{"@type":"QuantitativeValue","minValue":"1","maxValue":"10"}}]},"product_price_currency":"EUR","og_availability":"instock","product_availability":"instock","product_retailer_item_id":"FABB0033","product_condition":"new"},"_links":{"self":[{"href":"https:\/\/fdasrl.it\/fr\/wp-json\/wp\/v2\/product\/2371","targetHints":{"allow":["GET"]}}],"collection":[{"href":"https:\/\/fdasrl.it\/fr\/wp-json\/wp\/v2\/product"}],"about":[{"href":"https:\/\/fdasrl.it\/fr\/wp-json\/wp\/v2\/types\/product"}],"replies":[{"embeddable":true,"href":"https:\/\/fdasrl.it\/fr\/wp-json\/wp\/v2\/comments?post=2371"}],"wp:featuredmedia":[{"embeddable":true,"href":"https:\/\/fdasrl.it\/fr\/wp-json\/wp\/v2\/media\/1170"}],"wp:attachment":[{"href":"https:\/\/fdasrl.it\/fr\/wp-json\/wp\/v2\/media?parent=2371"}],"wp:term":[{"taxonomy":"product_brand","embeddable":true,"href":"https:\/\/fdasrl.it\/fr\/wp-json\/wp\/v2\/product_brand?post=2371"},{"taxonomy":"product_cat","embeddable":true,"href":"https:\/\/fdasrl.it\/fr\/wp-json\/wp\/v2\/product_cat?post=2371"},{"taxonomy":"product_tag","embeddable":true,"href":"https:\/\/fdasrl.it\/fr\/wp-json\/wp\/v2\/product_tag?post=2371"}],"curies":[{"name":"wp","href":"https:\/\/api.w.org\/{rel}","templated":true}]}}