{"id":2395,"date":"2026-03-13T09:19:31","date_gmt":"2026-03-13T08:19:31","guid":{"rendered":"https:\/\/fdasrl.it\/prodotto\/vanne-a-flotteur-far16p-pour-abreuvoir-1-2-avec-flotteur-o90-mm\/"},"modified":"2026-03-13T09:19:31","modified_gmt":"2026-03-13T08:19:31","slug":"vanne-a-flotteur-far16p-pour-abreuvoir-1-2-avec-flotteur-o90-mm","status":"publish","type":"product","link":"https:\/\/fdasrl.it\/fr\/prodotto\/vanne-a-flotteur-far16p-pour-abreuvoir-1-2-avec-flotteur-o90-mm\/","title":{"rendered":"Vanne \u00e0 flotteur FAR16P pour abreuvoir 1\/2&Prime; avec flotteur \u00d890 mm"},"content":{"rendered":"<h2 data-section-id=\"18vje6i\" data-start=\"124\" data-end=\"202\">Vanne \u00e0 flotteur FAR16P pour abreuvoir 1\/2&Prime; avec flotteur \u00d890 mm<\/h2>\n<p data-start=\"204\" data-end=\"536\">La <strong data-start=\"207\" data-end=\"280\">vanne \u00e0 flotteur FAR16P avec raccord 1\/2&Prime; filetage m\u00e2le<\/strong> est con\u00e7ue pour le contr\u00f4le automatique du niveau d\u2019eau dans les abreuvoirs d\u2019\u00e9levage. La vanne est fabriqu\u00e9e en <strong data-start=\"407\" data-end=\"427\">nylon r\u00e9sistant<\/strong>, un mat\u00e9riau adapt\u00e9 \u00e0 l\u2019utilisation en \u00e9table gr\u00e2ce \u00e0 sa r\u00e9sistance \u00e0 la corrosion et \u00e0 l\u2019usure. <\/p>\n<p data-start=\"538\" data-end=\"886\">Le syst\u00e8me est \u00e9quip\u00e9 d\u2019un <strong data-start=\"561\" data-end=\"631\">flotteur en polypropyl\u00e8ne de couleur orange de 90 mm de diam\u00e8tre<\/strong> et d\u2019une <strong data-start=\"634\" data-end=\"652\">tige en laiton<\/strong>, garantissant fiabilit\u00e9 et durabilit\u00e9. Le flotteur est con\u00e7u pour fonctionner <strong data-start=\"742\" data-end=\"768\">en position verticale<\/strong> et permet un <strong data-start=\"784\" data-end=\"831\">r\u00e9glage simple du niveau d\u2019eau<\/strong>, maintenant un remplissage constant de l\u2019abreuvoir. <\/p>\n<p data-start=\"888\" data-end=\"1014\">Cette vanne est utilis\u00e9e comme <strong data-start=\"921\" data-end=\"955\">pi\u00e8ce de rechange pour les abreuvoirs FA-AG<\/strong>, aussi bien dans la version <strong data-start=\"976\" data-end=\"988\">en fonte<\/strong> que <strong data-start=\"993\" data-end=\"1013\">en polypropyl\u00e8ne<\/strong>.<\/p>\n<hr data-start=\"1016\" data-end=\"1019\">\n<h2 data-section-id=\"og5zk7\" data-start=\"1021\" data-end=\"1051\">\u2699\ufe0f Caract\u00e9ristiques techniques<\/h2>\n<p data-start=\"1053\" data-end=\"1082\"><strong data-start=\"1053\" data-end=\"1073\">Code produit :<\/strong> FAR16P<\/p>\n<p data-start=\"1084\" data-end=\"1104\"><strong data-start=\"1084\" data-end=\"1096\">Vanne :<\/strong> Nylon<\/p>\n<p data-start=\"1106\" data-end=\"1145\"><strong data-start=\"1106\" data-end=\"1118\">Raccord :<\/strong> 1\/2&Prime; filetage m\u00e2le<\/p>\n<p data-start=\"1147\" data-end=\"1190\"><strong data-start=\"1147\" data-end=\"1174\">Mat\u00e9riau du flotteur :<\/strong> Polypropyl\u00e8ne<\/p>\n<p data-start=\"1192\" data-end=\"1226\"><strong data-start=\"1192\" data-end=\"1218\">Diam\u00e8tre du flotteur :<\/strong> 90 mm<\/p>\n<p data-start=\"1228\" data-end=\"1262\"><strong data-start=\"1228\" data-end=\"1252\">Couleur du flotteur :<\/strong> Orange<\/p>\n<p data-start=\"1264\" data-end=\"1282\"><strong data-start=\"1264\" data-end=\"1273\">Tige :<\/strong> Laiton<\/p>\n<p data-start=\"1284\" data-end=\"1345\"><strong data-start=\"1284\" data-end=\"1301\">Raccord de tige :<\/strong> Cliquet en laiton avec filetage <strong data-start=\"1334\" data-end=\"1343\">1\/4&Prime; gaz<\/strong><\/p>\n<p data-start=\"1347\" data-end=\"1383\"><strong data-start=\"1347\" data-end=\"1371\">Position de travail :<\/strong> Verticale<\/p>\n<p data-start=\"1385\" data-end=\"1420\"><strong data-start=\"1385\" data-end=\"1415\">R\u00e9glage du niveau d\u2019eau :<\/strong> Oui<\/p>\n<p data-start=\"1422\" data-end=\"1463\"><strong data-start=\"1422\" data-end=\"1449\">Pression de service :<\/strong> 0,5 \u2013 6 bar<\/p>\n<p data-start=\"1422\" data-end=\"1463\"><strong data-start=\"1482\" data-end=\"1500\">D\u00e9bit d\u2019eau :<\/strong> <strong data-start=\"1501\" data-end=\"1512\">5 L\/min<\/strong><\/p>\n<p data-start=\"1465\" data-end=\"1485\"><strong data-start=\"1465\" data-end=\"1483\">Compatibilit\u00e9 :<\/strong><\/p>\n<ul data-start=\"1486\" data-end=\"1557\">\n<li data-section-id=\"7p62o9\" data-start=\"1486\" data-end=\"1518\">\n<p data-start=\"1488\" data-end=\"1518\">Abreuvoir <strong data-start=\"1501\" data-end=\"1516\">FA-AG Fonte<\/strong><\/p>\n<\/li>\n<li data-section-id=\"bk0ult\" data-start=\"1519\" data-end=\"1557\">\n<p data-start=\"1521\" data-end=\"1557\">Abreuvoir <strong data-start=\"1534\" data-end=\"1557\">FA-AG Polypropyl\u00e8ne<\/strong><\/p>\n<\/li>\n<li data-section-id=\"bk0ult\" data-start=\"1519\" data-end=\"1557\">Tous les mod\u00e8les avec m\u00e9canisme \u00e0 niveau constant<\/li>\n<\/ul>\n<hr data-start=\"1559\" data-end=\"1562\">\n<h2 data-section-id=\"50c332\" data-start=\"1564\" data-end=\"1588\">\u2705 Principaux avantages<\/h2>\n<p data-start=\"1590\" data-end=\"1823\">\u2714 <strong data-start=\"1592\" data-end=\"1623\">Vanne en nylon r\u00e9sistant<\/strong> \u00e0 la corrosion<br data-start=\"1639\" data-end=\"1642\">\u2714 <strong data-start=\"1644\" data-end=\"1667\">Flotteur \u00d890 mm<\/strong> en polypropyl\u00e8ne<br data-start=\"1684\" data-end=\"1687\">\u2714 <strong data-start=\"1689\" data-end=\"1707\">Tige en laiton<\/strong> pour une plus longue dur\u00e9e de vie<br data-start=\"1727\" data-end=\"1730\">\u2714 <strong data-start=\"1732\" data-end=\"1774\">R\u00e9glage simple du niveau d\u2019eau<\/strong><br data-start=\"1774\" data-end=\"1777\">\u2714 Pi\u00e8ce de rechange d\u2019origine pour <strong data-start=\"1802\" data-end=\"1823\">abreuvoirs FA-AG<\/strong><\/p>\n<p>\ud83d\udc49 Demandez un prix pour la revente :  <a href=\"mailto:info@fdasrl.it\">CLIQUEZ ICI<\/a><\/p>\n<p>\ud83d\udc49 Achetez en ligne : <a href=\"https:\/\/fda-shop.it\/shop\/articoli-per-allevamento\/abbeveratoi\/galleggiante-per-abbeveratoio-16p\">CLIQUEZ ICI<\/a><\/p>\n","protected":false},"excerpt":{"rendered":"<p>Vanne \u00e0 flotteur FAR16P avec raccord 1\/2&Prime; m\u00e2le, corps en nylon, flotteur en polypropyl\u00e8ne \u00d890 mm et tige en laiton. Pi\u00e8ce de rechange pour abreuvoirs FA-AG en fonte et polypropyl\u00e8ne. <\/p>\n","protected":false},"featured_media":1232,"comment_status":"open","ping_status":"closed","template":"","meta":{"_et_pb_use_builder":"","_et_pb_old_content":"","_et_gb_content_width":""},"product_brand":[],"product_cat":[547,523,546,393,524],"product_tag":[548],"class_list":{"0":"post-2395","1":"product","2":"type-product","3":"status-publish","4":"has-post-thumbnail","6":"product_cat-abreuvoirs-2","7":"product_cat-abreuvoirs","8":"product_cat-bacs-inox-pour-etables","9":"product_cat-ovins-et-caprins","10":"product_cat-vannes-et-flotteurs","11":"product_tag-far16p","13":"first","14":"instock","15":"shipping-taxable","16":"product-type-simple"},"yoast_head":"<!-- This site is optimized with the Yoast SEO Premium plugin v27.5 (Yoast SEO v27.5) - https:\/\/yoast.com\/product\/yoast-seo-premium-wordpress\/ -->\n<title>Vanne \u00e0 flotteur FAR16P abreuvoir 1\/2&quot; avec flotteur<\/title>\n<meta name=\"description\" content=\"Contr\u00f4lez le niveau d\u2019eau avec la vanne \u00e0 flotteur FAR16P pour abreuvoir 1\/2&#039;&#039;. Fabriqu\u00e9e en nylon r\u00e9sistant, elle est parfaite pour les \u00e9tables.\" \/>\n<meta name=\"robots\" content=\"index, follow, max-snippet:-1, max-image-preview:large, max-video-preview:-1\" \/>\n<link rel=\"canonical\" href=\"https:\/\/fdasrl.it\/fr\/prodotto\/vanne-a-flotteur-far16p-pour-abreuvoir-1-2-avec-flotteur-o90-mm\/\" \/>\n<meta property=\"og:locale\" content=\"fr_FR\" \/>\n<meta property=\"og:type\" content=\"article\" \/>\n<meta property=\"og:title\" content=\"Vanne \u00e0 flotteur FAR16P pour abreuvoir 1\/2&quot; avec flotteur \u00d890 mm\" \/>\n<meta property=\"og:description\" content=\"Contr\u00f4lez le niveau d\u2019eau avec la vanne \u00e0 flotteur FAR16P pour abreuvoir 1\/2&#039;&#039;. Fabriqu\u00e9e en nylon r\u00e9sistant, elle est parfaite pour les \u00e9tables.\" \/>\n<meta property=\"og:url\" content=\"https:\/\/fdasrl.it\/fr\/prodotto\/vanne-a-flotteur-far16p-pour-abreuvoir-1-2-avec-flotteur-o90-mm\/\" \/>\n<meta property=\"og:site_name\" content=\"FDA srl\" \/>\n<meta property=\"article:publisher\" content=\"https:\/\/www.facebook.com\/share\/1MWhFWg1Tp\/?mibextid=LQQJ4d\" \/>\n<meta property=\"og:image\" content=\"https:\/\/fdasrl.it\/wp-content\/uploads\/2026\/03\/Galleggiante-con-valvola-FAR16P-regolabile.png\" \/>\n\t<meta property=\"og:image:width\" content=\"500\" \/>\n\t<meta property=\"og:image:height\" content=\"500\" \/>\n\t<meta property=\"og:image:type\" content=\"image\/png\" \/>\n<meta name=\"twitter:card\" content=\"summary_large_image\" \/>\n<meta name=\"twitter:label1\" content=\"Prix\" \/>\n\t<meta name=\"twitter:data1\" content=\"\" \/>\n\t<meta name=\"twitter:label2\" content=\"Disponibilit\u00e9\" \/>\n\t<meta name=\"twitter:data2\" content=\"En stock\" \/>\n<meta property=\"product:price:currency\" content=\"EUR\" \/>\n<meta property=\"og:availability\" content=\"instock\" \/>\n<meta property=\"product:availability\" content=\"instock\" \/>\n<meta property=\"product:retailer_item_id\" content=\"FAR16P\" \/>\n<meta property=\"product:condition\" content=\"new\" \/>\n<!-- \/ Yoast SEO Premium plugin. -->","yoast_head_json":{"title":"Vanne \u00e0 flotteur FAR16P abreuvoir 1\/2\" avec flotteur","description":"Contr\u00f4lez le niveau d\u2019eau avec la vanne \u00e0 flotteur FAR16P pour abreuvoir 1\/2''. Fabriqu\u00e9e en nylon r\u00e9sistant, elle est parfaite pour les \u00e9tables.","robots":{"index":"index","follow":"follow","max-snippet":"max-snippet:-1","max-image-preview":"max-image-preview:large","max-video-preview":"max-video-preview:-1"},"canonical":"https:\/\/fdasrl.it\/fr\/prodotto\/vanne-a-flotteur-far16p-pour-abreuvoir-1-2-avec-flotteur-o90-mm\/","og_locale":"fr_FR","og_type":"article","og_title":"Vanne \u00e0 flotteur FAR16P pour abreuvoir 1\/2\" avec flotteur \u00d890 mm","og_description":"Contr\u00f4lez le niveau d\u2019eau avec la vanne \u00e0 flotteur FAR16P pour abreuvoir 1\/2''. Fabriqu\u00e9e en nylon r\u00e9sistant, elle est parfaite pour les \u00e9tables.","og_url":"https:\/\/fdasrl.it\/fr\/prodotto\/vanne-a-flotteur-far16p-pour-abreuvoir-1-2-avec-flotteur-o90-mm\/","og_site_name":"FDA srl","article_publisher":"https:\/\/www.facebook.com\/share\/1MWhFWg1Tp\/?mibextid=LQQJ4d","og_image":[{"width":500,"height":500,"url":"https:\/\/fdasrl.it\/wp-content\/uploads\/2026\/03\/Galleggiante-con-valvola-FAR16P-regolabile.png","type":"image\/png"}],"twitter_card":"summary_large_image","twitter_misc":{"Prix":"","Disponibilit\u00e9":"En stock"},"schema":{"@context":"https:\/\/schema.org","@graph":[{"@type":"WebPage","@id":"https:\/\/fdasrl.it\/fr\/prodotto\/vanne-a-flotteur-far16p-pour-abreuvoir-1-2-avec-flotteur-o90-mm\/","url":"https:\/\/fdasrl.it\/fr\/prodotto\/vanne-a-flotteur-far16p-pour-abreuvoir-1-2-avec-flotteur-o90-mm\/","name":"Vanne \u00e0 flotteur FAR16P abreuvoir 1\/2\" avec flotteur","isPartOf":{"@id":"https:\/\/fdasrl.it\/fr\/#website"},"primaryImageOfPage":{"@id":"https:\/\/fdasrl.it\/fr\/prodotto\/vanne-a-flotteur-far16p-pour-abreuvoir-1-2-avec-flotteur-o90-mm\/#primaryimage"},"image":{"@id":"https:\/\/fdasrl.it\/fr\/prodotto\/vanne-a-flotteur-far16p-pour-abreuvoir-1-2-avec-flotteur-o90-mm\/#primaryimage"},"thumbnailUrl":"https:\/\/fdasrl.it\/wp-content\/uploads\/2026\/03\/Galleggiante-con-valvola-FAR16P-regolabile.png","datePublished":"2026-03-13T08:19:31+00:00","description":"Contr\u00f4lez le niveau d\u2019eau avec la vanne \u00e0 flotteur FAR16P pour abreuvoir 1\/2''. Fabriqu\u00e9e en nylon r\u00e9sistant, elle est parfaite pour les \u00e9tables.","breadcrumb":{"@id":"https:\/\/fdasrl.it\/fr\/prodotto\/vanne-a-flotteur-far16p-pour-abreuvoir-1-2-avec-flotteur-o90-mm\/#breadcrumb"},"inLanguage":"fr-FR","potentialAction":[{"@type":"ReadAction","target":["https:\/\/fdasrl.it\/fr\/prodotto\/vanne-a-flotteur-far16p-pour-abreuvoir-1-2-avec-flotteur-o90-mm\/"]}]},{"@type":"ImageObject","inLanguage":"fr-FR","@id":"https:\/\/fdasrl.it\/fr\/prodotto\/vanne-a-flotteur-far16p-pour-abreuvoir-1-2-avec-flotteur-o90-mm\/#primaryimage","url":"https:\/\/fdasrl.it\/wp-content\/uploads\/2026\/03\/Galleggiante-con-valvola-FAR16P-regolabile.png","contentUrl":"https:\/\/fdasrl.it\/wp-content\/uploads\/2026\/03\/Galleggiante-con-valvola-FAR16P-regolabile.png","width":500,"height":500,"caption":"Vanne avec flotteur FAR16P pour le r\u00e9glage automatique du niveau d\u2019eau."},{"@type":"BreadcrumbList","@id":"https:\/\/fdasrl.it\/fr\/prodotto\/vanne-a-flotteur-far16p-pour-abreuvoir-1-2-avec-flotteur-o90-mm\/#breadcrumb","itemListElement":[{"@type":"ListItem","position":1,"name":"Home","item":"https:\/\/fdasrl.it\/fr\/accueil\/"},{"@type":"ListItem","position":2,"name":"Boutique","item":"https:\/\/fdasrl.it\/fr\/boutique\/"},{"@type":"ListItem","position":3,"name":"Vanne \u00e0 flotteur FAR16P pour abreuvoir 1\/2&#8243; avec flotteur \u00d890 mm"}]},{"@type":"WebSite","@id":"https:\/\/fdasrl.it\/fr\/#website","url":"https:\/\/fdasrl.it\/fr\/","name":"FDA srl","description":"Equipment for animal husbandry","publisher":{"@id":"https:\/\/fdasrl.it\/fr\/#organization"},"potentialAction":[{"@type":"SearchAction","target":{"@type":"EntryPoint","urlTemplate":"https:\/\/fdasrl.it\/fr\/?s={search_term_string}"},"query-input":{"@type":"PropertyValueSpecification","valueRequired":true,"valueName":"search_term_string"}}],"inLanguage":"fr-FR"},{"@type":"Organization","@id":"https:\/\/fdasrl.it\/fr\/#organization","name":"FDA srl","url":"https:\/\/fdasrl.it\/fr\/","logo":{"@type":"ImageObject","inLanguage":"fr-FR","@id":"https:\/\/fdasrl.it\/fr\/#\/schema\/logo\/image\/","url":"https:\/\/fdasrl.it\/wp-content\/uploads\/2024\/12\/Logo-FDA.png","contentUrl":"https:\/\/fdasrl.it\/wp-content\/uploads\/2024\/12\/Logo-FDA.png","width":316,"height":119,"caption":"FDA srl"},"image":{"@id":"https:\/\/fdasrl.it\/fr\/#\/schema\/logo\/image\/"},"sameAs":["https:\/\/www.facebook.com\/share\/1MWhFWg1Tp\/?mibextid=LQQJ4d","https:\/\/www.instagram.com\/fda_srl\/profilecard\/?igsh=YW5lbzJ6MWg0d21u","https:\/\/www.youtube.com\/@FDASRL_ANIMALCARE"],"description":"FDA SRL \u2013 Equipment for animal husbandry nasce con l\u2019obiettivo di offrire soluzioni affidabili e innovative per l\u2019allevamento moderno. Con anni di esperienza nel settore zootecnico, progettiamo e realizziamo attrezzature destinate al benessere animale e alla gestione efficiente delle stalle: vasche, abbeveratoi, mangiatoie e sistemi di riscaldamento pensati per durare nel tempo e semplificare il lavoro quotidiano degli allevatori. Dalla progettazione alla produzione, ogni nostro prodotto \u00e8 studiato nei minimi dettagli, testato con cura e costruito per rispondere alle esigenze reali del settore. La nostra forza \u00e8 unire artigianalit\u00e0, tecnologia e competenza tecnica per trasformare ogni progetto in una soluzione concreta e funzionale. Oggi FDA SRL \u00e8 un punto di riferimento per privati e rivenditori che cercano qualit\u00e0, affidabilit\u00e0 e innovazione nelle attrezzature per l\u2019allevamento.","email":"info@fdasrl.it","telephone":"+390522826820","legalName":"F.D.A. SRL","foundingDate":"2024-10-13","vatID":"03075840359","taxID":"03075840359","numberOfEmployees":{"@type":"QuantitativeValue","minValue":"1","maxValue":"10"}}]},"product_price_currency":"EUR","og_availability":"instock","product_availability":"instock","product_retailer_item_id":"FAR16P","product_condition":"new"},"_links":{"self":[{"href":"https:\/\/fdasrl.it\/fr\/wp-json\/wp\/v2\/product\/2395","targetHints":{"allow":["GET"]}}],"collection":[{"href":"https:\/\/fdasrl.it\/fr\/wp-json\/wp\/v2\/product"}],"about":[{"href":"https:\/\/fdasrl.it\/fr\/wp-json\/wp\/v2\/types\/product"}],"replies":[{"embeddable":true,"href":"https:\/\/fdasrl.it\/fr\/wp-json\/wp\/v2\/comments?post=2395"}],"wp:featuredmedia":[{"embeddable":true,"href":"https:\/\/fdasrl.it\/fr\/wp-json\/wp\/v2\/media\/1232"}],"wp:attachment":[{"href":"https:\/\/fdasrl.it\/fr\/wp-json\/wp\/v2\/media?parent=2395"}],"wp:term":[{"taxonomy":"product_brand","embeddable":true,"href":"https:\/\/fdasrl.it\/fr\/wp-json\/wp\/v2\/product_brand?post=2395"},{"taxonomy":"product_cat","embeddable":true,"href":"https:\/\/fdasrl.it\/fr\/wp-json\/wp\/v2\/product_cat?post=2395"},{"taxonomy":"product_tag","embeddable":true,"href":"https:\/\/fdasrl.it\/fr\/wp-json\/wp\/v2\/product_tag?post=2395"}],"curies":[{"name":"wp","href":"https:\/\/api.w.org\/{rel}","templated":true}]}}