{"id":2445,"date":"2026-03-11T11:35:20","date_gmt":"2026-03-11T10:35:20","guid":{"rendered":"https:\/\/fdasrl.it\/prodotto\/vanne-a-flotteur-pour-abreuvoir-dn20-g3-4-en-plastique-a-haut-debit\/"},"modified":"2026-03-11T11:35:20","modified_gmt":"2026-03-11T10:35:20","slug":"vanne-a-flotteur-pour-abreuvoir-dn20-g3-4-en-plastique-a-haut-debit","status":"publish","type":"product","link":"https:\/\/fdasrl.it\/fr\/prodotto\/vanne-a-flotteur-pour-abreuvoir-dn20-g3-4-en-plastique-a-haut-debit\/","title":{"rendered":"Vanne \u00e0 flotteur pour abreuvoir DN20 G3\/4&Prime; en plastique \u00e0 haut d\u00e9bit"},"content":{"rendered":"<h2 data-section-id=\"1apu402\" data-start=\"111\" data-end=\"192\">Vanne \u00e0 flotteur pour abreuvoir DN20 G3\/4&Prime; en plastique \u00e0 haut d\u00e9bit FAR19PVC<\/h2>\n<p data-start=\"194\" data-end=\"542\">La <strong data-start=\"197\" data-end=\"266\">vanne \u00e0 flotteur DN20 avec raccord G3\/4&Prime; filetage m\u00e2le<\/strong> est con\u00e7ue pour le contr\u00f4le automatique du niveau d\u2019eau dans les r\u00e9servoirs, les abreuvoirs et les syst\u00e8mes hydrauliques. Gr\u00e2ce au syst\u00e8me \u00e0 flotteur, la vanne r\u00e9gule automatiquement l\u2019entr\u00e9e d\u2019eau en maintenant un niveau constant \u00e0 l\u2019int\u00e9rieur du r\u00e9servoir ou de l\u2019abreuvoir. <\/p>\n<p data-start=\"544\" data-end=\"745\">La structure en <strong data-start=\"560\" data-end=\"599\">plastique r\u00e9sistant de haute qualit\u00e9<\/strong> garantit une bonne durabilit\u00e9 et une r\u00e9sistance \u00e0 la corrosion, ce qui la rend adapt\u00e9e aux environnements humides ou aux applications dans le domaine zootechnique.<\/p>\n<p data-start=\"747\" data-end=\"967\">De plus, le design est \u00e9tudi\u00e9 pour assurer <strong data-start=\"792\" data-end=\"822\">un d\u00e9bit d\u2019eau \u00e9lev\u00e9<\/strong>, jusqu\u2019\u00e0 <strong data-start=\"831\" data-end=\"862\">180 litres par minute \u00e0 6 bar<\/strong>, permettant un remplissage rapide et un fonctionnement efficace m\u00eame en pr\u00e9sence de pressions \u00e9lev\u00e9es.<\/p>\n<p data-start=\"969\" data-end=\"1119\">Gr\u00e2ce \u00e0 l\u2019<strong data-start=\"981\" data-end=\"1029\">installation facile avec filetage m\u00e2le<\/strong>, la vanne peut \u00eatre mont\u00e9e rapidement sur diff\u00e9rents types de r\u00e9servoirs ou d\u2019installations hydrauliques.<\/p>\n<hr data-start=\"1121\" data-end=\"1124\">\n<h2 data-section-id=\"og5zk7\" data-start=\"1126\" data-end=\"1156\">\u2699\ufe0f Caract\u00e9ristiques techniques<\/h2>\n<p data-start=\"1158\" data-end=\"1232\"><strong data-start=\"1158\" data-end=\"1176\">Type de produit :<\/strong> Vanne \u00e0 flotteur \/ vanne \u00e0 sph\u00e8re flottante<\/p>\n<p data-start=\"1234\" data-end=\"1259\"><strong data-start=\"1234\" data-end=\"1248\">Mat\u00e9riau :<\/strong> Plastique<\/p>\n<p data-start=\"1261\" data-end=\"1316\"><strong data-start=\"1261\" data-end=\"1277\">Raccordement :<\/strong> Filetage m\u00e2le <strong data-start=\"1298\" data-end=\"1314\">G3\/4&Prime; (DN20)<\/strong><\/p>\n<p data-start=\"1318\" data-end=\"1365\"><strong data-start=\"1318\" data-end=\"1345\">Pression de service :<\/strong> <strong data-start=\"1346\" data-end=\"1363\">0,1 \u2013 1,2 MPa<\/strong><\/p>\n<p data-start=\"1367\" data-end=\"1409\"><strong data-start=\"1367\" data-end=\"1385\">D\u00e9bit d\u2019eau :<\/strong> <strong data-start=\"1386\" data-end=\"1407\">180 L\/min \u00e0 6 bar<\/strong><\/p>\n<p data-start=\"1411\" data-end=\"1452\"><strong data-start=\"1411\" data-end=\"1433\">Temp\u00e9rature de l\u2019eau :<\/strong> <strong data-start=\"1434\" data-end=\"1450\">0 \u00b0C \u2013 70 \u00b0C<\/strong><\/p>\n<p data-start=\"1454\" data-end=\"1524\"><strong data-start=\"1454\" data-end=\"1483\">Dimension d\u2019installation :<\/strong> environ <strong data-start=\"1490\" data-end=\"1500\">275 mm<\/strong> (hors filetage)<\/p>\n<p data-start=\"1526\" data-end=\"1558\"><strong data-start=\"1526\" data-end=\"1550\">Fluide utilisable :<\/strong> eau<\/p>\n<p data-start=\"1560\" data-end=\"1585\"><strong data-start=\"1560\" data-end=\"1569\">Poids :<\/strong> environ <strong data-start=\"1576\" data-end=\"1585\">138 g<\/strong><\/p>\n<hr data-start=\"1587\" data-end=\"1590\">\n<h2 data-section-id=\"mslteg\" data-start=\"1592\" data-end=\"1607\">Applications<\/h2>\n<p data-start=\"1609\" data-end=\"1728\">Cette vanne \u00e0 flotteur est adapt\u00e9e au contr\u00f4le automatique du niveau d\u2019eau dans diverses installations, notamment :<\/p>\n<ul data-start=\"1730\" data-end=\"1948\">\n<li data-section-id=\"1q01goj\" data-start=\"1730\" data-end=\"1761\">\n<p data-start=\"1732\" data-end=\"1761\">R\u00e9servoirs et citernes d\u2019eau<\/p>\n<\/li>\n<li data-section-id=\"1s61xc\" data-start=\"1762\" data-end=\"1779\">\n<p data-start=\"1764\" data-end=\"1779\">Ch\u00e2teaux d\u2019eau<\/p>\n<\/li>\n<li data-section-id=\"1crfh67\" data-start=\"1780\" data-end=\"1807\">\n<p data-start=\"1782\" data-end=\"1807\">Tours de refroidissement<\/p>\n<\/li>\n<li data-section-id=\"1uzkr02\" data-start=\"1808\" data-end=\"1838\">\n<p data-start=\"1810\" data-end=\"1838\">Syst\u00e8mes de refroidissement<\/p>\n<\/li>\n<li data-section-id=\"m07hyl\" data-start=\"1839\" data-end=\"1867\">\n<p data-start=\"1841\" data-end=\"1867\">Machines \u00e0 gla\u00e7ons<\/p>\n<\/li>\n<li data-section-id=\"1xt7pwt\" data-start=\"1868\" data-end=\"1901\">\n<p data-start=\"1870\" data-end=\"1901\">\u00c9quipements pour la zootechnie<\/p>\n<\/li>\n<li data-section-id=\"1p9qgg\" data-start=\"1902\" data-end=\"1948\">\n<p data-start=\"1904\" data-end=\"1948\">Syst\u00e8mes de gestion et de traitement de l\u2019eau<\/p>\n<\/li>\n<\/ul>\n<hr data-start=\"1950\" data-end=\"1953\">\n<h2 data-section-id=\"1113tbv\" data-start=\"1955\" data-end=\"1977\">Principaux avantages<\/h2>\n<p data-start=\"1979\" data-end=\"2238\">\u2714 Contr\u00f4le automatique du niveau d\u2019eau<br data-start=\"2024\" data-end=\"2027\">\u2714 <strong data-start=\"2029\" data-end=\"2065\">D\u00e9bit \u00e9lev\u00e9 jusqu\u2019\u00e0 180 L\/min<\/strong><br data-start=\"2065\" data-end=\"2068\">\u2714 Structure r\u00e9sistante en plastique anticorrosion<br data-start=\"2117\" data-end=\"2120\">\u2714 Installation simple avec <strong data-start=\"2149\" data-end=\"2174\">raccord G3\/4&Prime; m\u00e2le<\/strong><br data-start=\"2174\" data-end=\"2177\">\u2714 Adapt\u00e9e aux applications industrielles, agricoles et zootechniques<\/p>\n<p>\ud83d\udc49 Demandez un prix pour la revente :  <a href=\"mailto:info@fdasrl.it\">CLIQUEZ ICI<\/a><\/p>\n<p>\ud83d\udc49 Achetez en ligne : <a href=\"https:\/\/fda-shop.it\/shop\/articoli-per-allevamento\/abbeveratoi\/valvola-a-galleggiante-per-abbeveratoio-dn20-g34-in-plastica-ad-alta-portata\">CLIQUEZ ICI<\/a><\/p>\n","protected":false},"excerpt":{"rendered":"<p>Vanne \u00e0 flotteur DN20 G3\/4&Prime; en plastique pour le contr\u00f4le automatique du niveau d\u2019eau. D\u00e9bit jusqu\u2019\u00e0 180 L\/min \u00e0 6 bar, pression de service 0,1\u20131,2 MPa. Id\u00e9ale pour r\u00e9servoirs, ch\u00e2teaux d\u2019eau, syst\u00e8mes de refroidissement et \u00e9quipements zootechniques.  <\/p>\n","protected":false},"featured_media":1226,"comment_status":"open","ping_status":"closed","template":"","meta":{"_et_pb_use_builder":"","_et_pb_old_content":"","_et_gb_content_width":""},"product_brand":[],"product_cat":[523,547,546,524],"product_tag":[565],"class_list":{"0":"post-2445","1":"product","2":"type-product","3":"status-publish","4":"has-post-thumbnail","6":"product_cat-abreuvoirs","7":"product_cat-abreuvoirs-2","8":"product_cat-bacs-inox-pour-etables","9":"product_cat-vannes-et-flotteurs","10":"product_tag-far19pvc","12":"first","13":"instock","14":"shipping-taxable","15":"product-type-simple"},"yoast_head":"<!-- This site is optimized with the Yoast SEO Premium plugin v27.5 (Yoast SEO v27.5) - https:\/\/yoast.com\/product\/yoast-seo-premium-wordpress\/ -->\n<title>Vanne \u00e0 flotteur pour abreuvoir avec sph\u00e8re FAR19PVC<\/title>\n<meta name=\"description\" content=\"Ajoutez la vanne \u00e0 flotteur FAR19PVC pour abreuvoirs \u00e0 votre syst\u00e8me hydraulique. Maintenez toujours le niveau d\u2019eau constant en toute simplicit\u00e9 !\" \/>\n<meta name=\"robots\" content=\"index, follow, max-snippet:-1, max-image-preview:large, max-video-preview:-1\" \/>\n<link rel=\"canonical\" href=\"https:\/\/fdasrl.it\/fr\/prodotto\/vanne-a-flotteur-pour-abreuvoir-dn20-g3-4-en-plastique-a-haut-debit\/\" \/>\n<meta property=\"og:locale\" content=\"fr_FR\" \/>\n<meta property=\"og:type\" content=\"article\" \/>\n<meta property=\"og:title\" content=\"Vanne \u00e0 flotteur pour abreuvoir DN20 G3\/4&quot; en plastique \u00e0 haut d\u00e9bit\" \/>\n<meta property=\"og:description\" content=\"Ajoutez la vanne \u00e0 flotteur FAR19PVC pour abreuvoirs \u00e0 votre syst\u00e8me hydraulique. Maintenez toujours le niveau d\u2019eau constant en toute simplicit\u00e9 !\" \/>\n<meta property=\"og:url\" content=\"https:\/\/fdasrl.it\/fr\/prodotto\/vanne-a-flotteur-pour-abreuvoir-dn20-g3-4-en-plastique-a-haut-debit\/\" \/>\n<meta property=\"og:site_name\" content=\"FDA srl\" \/>\n<meta property=\"article:publisher\" content=\"https:\/\/www.facebook.com\/share\/1MWhFWg1Tp\/?mibextid=LQQJ4d\" \/>\n<meta property=\"og:image\" content=\"https:\/\/fdasrl.it\/wp-content\/uploads\/2026\/03\/Galleggiante-per-abbeveratoio-con-sfera-FAR19PVC-1.jpg\" \/>\n\t<meta property=\"og:image:width\" content=\"1500\" \/>\n\t<meta property=\"og:image:height\" content=\"1178\" \/>\n\t<meta property=\"og:image:type\" content=\"image\/jpeg\" \/>\n<meta name=\"twitter:card\" content=\"summary_large_image\" \/>\n<meta name=\"twitter:label1\" content=\"Prix\" \/>\n\t<meta name=\"twitter:data1\" content=\"\" \/>\n\t<meta name=\"twitter:label2\" content=\"Disponibilit\u00e9\" \/>\n\t<meta name=\"twitter:data2\" content=\"En stock\" \/>\n<meta property=\"product:price:currency\" content=\"EUR\" \/>\n<meta property=\"og:availability\" content=\"instock\" \/>\n<meta property=\"product:availability\" content=\"instock\" \/>\n<meta property=\"product:retailer_item_id\" content=\"FAR19PVC\" \/>\n<meta property=\"product:condition\" content=\"new\" \/>\n<!-- \/ Yoast SEO Premium plugin. -->","yoast_head_json":{"title":"Vanne \u00e0 flotteur pour abreuvoir avec sph\u00e8re FAR19PVC","description":"Ajoutez la vanne \u00e0 flotteur FAR19PVC pour abreuvoirs \u00e0 votre syst\u00e8me hydraulique. Maintenez toujours le niveau d\u2019eau constant en toute simplicit\u00e9 !","robots":{"index":"index","follow":"follow","max-snippet":"max-snippet:-1","max-image-preview":"max-image-preview:large","max-video-preview":"max-video-preview:-1"},"canonical":"https:\/\/fdasrl.it\/fr\/prodotto\/vanne-a-flotteur-pour-abreuvoir-dn20-g3-4-en-plastique-a-haut-debit\/","og_locale":"fr_FR","og_type":"article","og_title":"Vanne \u00e0 flotteur pour abreuvoir DN20 G3\/4\" en plastique \u00e0 haut d\u00e9bit","og_description":"Ajoutez la vanne \u00e0 flotteur FAR19PVC pour abreuvoirs \u00e0 votre syst\u00e8me hydraulique. Maintenez toujours le niveau d\u2019eau constant en toute simplicit\u00e9 !","og_url":"https:\/\/fdasrl.it\/fr\/prodotto\/vanne-a-flotteur-pour-abreuvoir-dn20-g3-4-en-plastique-a-haut-debit\/","og_site_name":"FDA srl","article_publisher":"https:\/\/www.facebook.com\/share\/1MWhFWg1Tp\/?mibextid=LQQJ4d","og_image":[{"width":1500,"height":1178,"url":"https:\/\/fdasrl.it\/wp-content\/uploads\/2026\/03\/Galleggiante-per-abbeveratoio-con-sfera-FAR19PVC-1.jpg","type":"image\/jpeg"}],"twitter_card":"summary_large_image","twitter_misc":{"Prix":"","Disponibilit\u00e9":"En stock"},"schema":{"@context":"https:\/\/schema.org","@graph":[{"@type":"WebPage","@id":"https:\/\/fdasrl.it\/fr\/prodotto\/vanne-a-flotteur-pour-abreuvoir-dn20-g3-4-en-plastique-a-haut-debit\/","url":"https:\/\/fdasrl.it\/fr\/prodotto\/vanne-a-flotteur-pour-abreuvoir-dn20-g3-4-en-plastique-a-haut-debit\/","name":"Vanne \u00e0 flotteur pour abreuvoir avec sph\u00e8re FAR19PVC","isPartOf":{"@id":"https:\/\/fdasrl.it\/fr\/#website"},"primaryImageOfPage":{"@id":"https:\/\/fdasrl.it\/fr\/prodotto\/vanne-a-flotteur-pour-abreuvoir-dn20-g3-4-en-plastique-a-haut-debit\/#primaryimage"},"image":{"@id":"https:\/\/fdasrl.it\/fr\/prodotto\/vanne-a-flotteur-pour-abreuvoir-dn20-g3-4-en-plastique-a-haut-debit\/#primaryimage"},"thumbnailUrl":"https:\/\/fdasrl.it\/wp-content\/uploads\/2026\/03\/Galleggiante-per-abbeveratoio-con-sfera-FAR19PVC-1.jpg","datePublished":"2026-03-11T10:35:20+00:00","description":"Ajoutez la vanne \u00e0 flotteur FAR19PVC pour abreuvoirs \u00e0 votre syst\u00e8me hydraulique. Maintenez toujours le niveau d\u2019eau constant en toute simplicit\u00e9 !","breadcrumb":{"@id":"https:\/\/fdasrl.it\/fr\/prodotto\/vanne-a-flotteur-pour-abreuvoir-dn20-g3-4-en-plastique-a-haut-debit\/#breadcrumb"},"inLanguage":"fr-FR","potentialAction":[{"@type":"ReadAction","target":["https:\/\/fdasrl.it\/fr\/prodotto\/vanne-a-flotteur-pour-abreuvoir-dn20-g3-4-en-plastique-a-haut-debit\/"]}]},{"@type":"ImageObject","inLanguage":"fr-FR","@id":"https:\/\/fdasrl.it\/fr\/prodotto\/vanne-a-flotteur-pour-abreuvoir-dn20-g3-4-en-plastique-a-haut-debit\/#primaryimage","url":"https:\/\/fdasrl.it\/wp-content\/uploads\/2026\/03\/Galleggiante-per-abbeveratoio-con-sfera-FAR19PVC-1.jpg","contentUrl":"https:\/\/fdasrl.it\/wp-content\/uploads\/2026\/03\/Galleggiante-per-abbeveratoio-con-sfera-FAR19PVC-1.jpg","width":1500,"height":1178},{"@type":"BreadcrumbList","@id":"https:\/\/fdasrl.it\/fr\/prodotto\/vanne-a-flotteur-pour-abreuvoir-dn20-g3-4-en-plastique-a-haut-debit\/#breadcrumb","itemListElement":[{"@type":"ListItem","position":1,"name":"Home","item":"https:\/\/fdasrl.it\/fr\/accueil\/"},{"@type":"ListItem","position":2,"name":"Boutique","item":"https:\/\/fdasrl.it\/fr\/boutique\/"},{"@type":"ListItem","position":3,"name":"Vanne \u00e0 flotteur pour abreuvoir DN20 G3\/4&#8243; en plastique \u00e0 haut d\u00e9bit"}]},{"@type":"WebSite","@id":"https:\/\/fdasrl.it\/fr\/#website","url":"https:\/\/fdasrl.it\/fr\/","name":"FDA srl","description":"Equipment for animal husbandry","publisher":{"@id":"https:\/\/fdasrl.it\/fr\/#organization"},"potentialAction":[{"@type":"SearchAction","target":{"@type":"EntryPoint","urlTemplate":"https:\/\/fdasrl.it\/fr\/?s={search_term_string}"},"query-input":{"@type":"PropertyValueSpecification","valueRequired":true,"valueName":"search_term_string"}}],"inLanguage":"fr-FR"},{"@type":"Organization","@id":"https:\/\/fdasrl.it\/fr\/#organization","name":"FDA srl","url":"https:\/\/fdasrl.it\/fr\/","logo":{"@type":"ImageObject","inLanguage":"fr-FR","@id":"https:\/\/fdasrl.it\/fr\/#\/schema\/logo\/image\/","url":"https:\/\/fdasrl.it\/wp-content\/uploads\/2024\/12\/Logo-FDA.png","contentUrl":"https:\/\/fdasrl.it\/wp-content\/uploads\/2024\/12\/Logo-FDA.png","width":316,"height":119,"caption":"FDA srl"},"image":{"@id":"https:\/\/fdasrl.it\/fr\/#\/schema\/logo\/image\/"},"sameAs":["https:\/\/www.facebook.com\/share\/1MWhFWg1Tp\/?mibextid=LQQJ4d","https:\/\/www.instagram.com\/fda_srl\/profilecard\/?igsh=YW5lbzJ6MWg0d21u","https:\/\/www.youtube.com\/@FDASRL_ANIMALCARE"],"description":"FDA SRL \u2013 Equipment for animal husbandry nasce con l\u2019obiettivo di offrire soluzioni affidabili e innovative per l\u2019allevamento moderno. Con anni di esperienza nel settore zootecnico, progettiamo e realizziamo attrezzature destinate al benessere animale e alla gestione efficiente delle stalle: vasche, abbeveratoi, mangiatoie e sistemi di riscaldamento pensati per durare nel tempo e semplificare il lavoro quotidiano degli allevatori. Dalla progettazione alla produzione, ogni nostro prodotto \u00e8 studiato nei minimi dettagli, testato con cura e costruito per rispondere alle esigenze reali del settore. La nostra forza \u00e8 unire artigianalit\u00e0, tecnologia e competenza tecnica per trasformare ogni progetto in una soluzione concreta e funzionale. Oggi FDA SRL \u00e8 un punto di riferimento per privati e rivenditori che cercano qualit\u00e0, affidabilit\u00e0 e innovazione nelle attrezzature per l\u2019allevamento.","email":"info@fdasrl.it","telephone":"+390522826820","legalName":"F.D.A. SRL","foundingDate":"2024-10-13","vatID":"03075840359","taxID":"03075840359","numberOfEmployees":{"@type":"QuantitativeValue","minValue":"1","maxValue":"10"}}]},"product_price_currency":"EUR","og_availability":"instock","product_availability":"instock","product_retailer_item_id":"FAR19PVC","product_condition":"new"},"_links":{"self":[{"href":"https:\/\/fdasrl.it\/fr\/wp-json\/wp\/v2\/product\/2445","targetHints":{"allow":["GET"]}}],"collection":[{"href":"https:\/\/fdasrl.it\/fr\/wp-json\/wp\/v2\/product"}],"about":[{"href":"https:\/\/fdasrl.it\/fr\/wp-json\/wp\/v2\/types\/product"}],"replies":[{"embeddable":true,"href":"https:\/\/fdasrl.it\/fr\/wp-json\/wp\/v2\/comments?post=2445"}],"wp:featuredmedia":[{"embeddable":true,"href":"https:\/\/fdasrl.it\/fr\/wp-json\/wp\/v2\/media\/1226"}],"wp:attachment":[{"href":"https:\/\/fdasrl.it\/fr\/wp-json\/wp\/v2\/media?parent=2445"}],"wp:term":[{"taxonomy":"product_brand","embeddable":true,"href":"https:\/\/fdasrl.it\/fr\/wp-json\/wp\/v2\/product_brand?post=2445"},{"taxonomy":"product_cat","embeddable":true,"href":"https:\/\/fdasrl.it\/fr\/wp-json\/wp\/v2\/product_cat?post=2445"},{"taxonomy":"product_tag","embeddable":true,"href":"https:\/\/fdasrl.it\/fr\/wp-json\/wp\/v2\/product_tag?post=2445"}],"curies":[{"name":"wp","href":"https:\/\/api.w.org\/{rel}","templated":true}]}}