{"id":2472,"date":"2026-03-13T10:28:58","date_gmt":"2026-03-13T09:28:58","guid":{"rendered":"https:\/\/fdasrl.it\/prodotto\/vanne-a-flotteur-far16b-pour-abreuvoir-1-2-avec-flotteur-o90-mm\/"},"modified":"2026-03-13T10:28:58","modified_gmt":"2026-03-13T09:28:58","slug":"vanne-a-flotteur-far16b-pour-abreuvoir-1-2-avec-flotteur-o90-mm","status":"publish","type":"product","link":"https:\/\/fdasrl.it\/fr\/prodotto\/vanne-a-flotteur-far16b-pour-abreuvoir-1-2-avec-flotteur-o90-mm\/","title":{"rendered":"Vanne \u00e0 flotteur FAR16B pour abreuvoir 1\/2&Prime; avec flotteur \u00d890 mm"},"content":{"rendered":"<h2 data-section-id=\"tmb3x4\" data-start=\"73\" data-end=\"151\">Vanne \u00e0 flotteur FAR16B pour abreuvoir 1\/2&Prime; avec flotteur \u00d890 mm<\/h2>\n<p data-start=\"153\" data-end=\"466\">La <strong data-start=\"156\" data-end=\"226\">vanne \u00e0 flotteur FAR16B avec raccord 1\/2&Prime; filetage m\u00e2le<\/strong> est con\u00e7ue pour le contr\u00f4le automatique du niveau d\u2019eau dans les abreuvoirs d\u2019\u00e9levage. Le corps de la vanne est r\u00e9alis\u00e9 en <strong data-start=\"359\" data-end=\"369\">laiton<\/strong>, un mat\u00e9riau robuste et r\u00e9sistant \u00e0 la corrosion, id\u00e9al pour une utilisation en \u00e9table. <\/p>\n<p data-start=\"468\" data-end=\"659\">Le syst\u00e8me est \u00e9quip\u00e9 d\u2019un <strong data-start=\"491\" data-end=\"561\">flotteur en polypropyl\u00e8ne de couleur orange d\u2019un diam\u00e8tre de 90 mm<\/strong> et d\u2019une <strong data-start=\"564\" data-end=\"588\">tige en acier inoxydable<\/strong>, une solution qui garantit une haute r\u00e9sistance et une longue dur\u00e9e de vie.<\/p>\n<p data-start=\"661\" data-end=\"910\">Le flotteur est con\u00e7u pour fonctionner <strong data-start=\"703\" data-end=\"729\">en position verticale<\/strong> et permet un <strong data-start=\"745\" data-end=\"790\">r\u00e9glage facile du niveau d\u2019eau<\/strong>, maintenant un remplissage constant de l\u2019abreuvoir et assurant une disponibilit\u00e9 d\u2019eau correcte pour les animaux.<\/p>\n<p data-start=\"912\" data-end=\"1067\">Cette vanne est id\u00e9ale comme <strong data-start=\"941\" data-end=\"1011\">pi\u00e8ce de rechange pour les abreuvoirs pour bovins et autres animaux d\u2019\u00e9levage<\/strong>, garantissant fiabilit\u00e9 et simplicit\u00e9 d\u2019installation.<\/p>\n<hr data-start=\"1069\" data-end=\"1072\">\n<h2 data-section-id=\"og5zk7\" data-start=\"1074\" data-end=\"1104\">\u2699\ufe0f Caract\u00e9ristiques techniques<\/h2>\n<p data-start=\"1106\" data-end=\"1135\"><strong data-start=\"1106\" data-end=\"1126\">Code produit :<\/strong> FAR16B<\/p>\n<p data-start=\"1137\" data-end=\"1158\"><strong data-start=\"1137\" data-end=\"1149\">Vanne :<\/strong> Laiton<\/p>\n<p data-start=\"1160\" data-end=\"1199\"><strong data-start=\"1160\" data-end=\"1172\">Raccord :<\/strong> 1\/2&Prime; filetage m\u00e2le<\/p>\n<p data-start=\"1201\" data-end=\"1244\"><strong data-start=\"1201\" data-end=\"1228\">Mat\u00e9riau du flotteur :<\/strong> Polypropyl\u00e8ne<\/p>\n<p data-start=\"1246\" data-end=\"1280\"><strong data-start=\"1246\" data-end=\"1272\">Diam\u00e8tre du flotteur :<\/strong> 90 mm<\/p>\n<p data-start=\"1282\" data-end=\"1316\"><strong data-start=\"1282\" data-end=\"1306\">Couleur du flotteur :<\/strong> Orange<\/p>\n<p data-start=\"1318\" data-end=\"1342\"><strong data-start=\"1318\" data-end=\"1327\">Tige :<\/strong> Acier inoxydable<\/p>\n<p data-start=\"1344\" data-end=\"1405\"><strong data-start=\"1344\" data-end=\"1361\">Raccord de tige :<\/strong> Cliquet en laiton avec filetage <strong data-start=\"1394\" data-end=\"1403\">1\/4 W<\/strong><\/p>\n<p data-start=\"1407\" data-end=\"1443\"><strong data-start=\"1407\" data-end=\"1431\">Position de travail :<\/strong> Verticale<\/p>\n<p data-start=\"1445\" data-end=\"1480\"><strong data-start=\"1445\" data-end=\"1475\">R\u00e9glage du niveau d\u2019eau :<\/strong> Oui<\/p>\n<p data-start=\"1482\" data-end=\"1512\"><strong data-start=\"1482\" data-end=\"1500\">D\u00e9bit d\u2019eau :<\/strong> <strong data-start=\"1501\" data-end=\"1512\">5 L\/min<\/strong><\/p>\n<p data-start=\"1514\" data-end=\"1553\"><strong data-start=\"1514\" data-end=\"1541\">Pression de service :<\/strong> 0,5 \u2013 6 bar<\/p>\n<p data-start=\"1465\" data-end=\"1485\"><strong data-start=\"1465\" data-end=\"1483\">Compatibilit\u00e9 :<\/strong><\/p>\n<ul data-start=\"1486\" data-end=\"1557\">\n<li data-section-id=\"7p62o9\" data-start=\"1486\" data-end=\"1518\">\n<p data-start=\"1488\" data-end=\"1518\">Abreuvoir <strong data-start=\"1501\" data-end=\"1516\">FA-AG Fonte<\/strong><\/p>\n<\/li>\n<li data-section-id=\"bk0ult\" data-start=\"1519\" data-end=\"1557\">\n<p data-start=\"1521\" data-end=\"1557\">Abreuvoir <strong data-start=\"1534\" data-end=\"1557\">FA-AG Polypropyl\u00e8ne<\/strong><\/p>\n<\/li>\n<li data-section-id=\"bk0ult\" data-start=\"1519\" data-end=\"1557\">Tous les mod\u00e8les avec m\u00e9canisme \u00e0 niveau constant<\/li>\n<\/ul>\n<hr data-start=\"1555\" data-end=\"1558\">\n<h2 data-section-id=\"50c332\" data-start=\"1560\" data-end=\"1584\">\u2705 Principaux avantages<\/h2>\n<ul>\n<li data-section-id=\"nmfhi2\" data-start=\"385\" data-end=\"429\">\n<p data-start=\"388\" data-end=\"429\">Vanne en laiton r\u00e9sistante et durable<\/p>\n<\/li>\n<li data-section-id=\"x779ih\" data-start=\"430\" data-end=\"470\">\n<p data-start=\"433\" data-end=\"470\">Tige en acier inoxydable anticorrosion<\/p>\n<\/li>\n<li data-section-id=\"60dbw6\" data-start=\"471\" data-end=\"512\">\n<p data-start=\"474\" data-end=\"512\">Flotteur \u00d890 mm en polypropyl\u00e8ne<\/p>\n<\/li>\n<li data-section-id=\"1hrkpq1\" data-start=\"513\" data-end=\"561\">\n<p data-start=\"516\" data-end=\"561\">R\u00e9glage simple du niveau d\u2019eau<\/p>\n<\/li>\n<li data-section-id=\"1lifqpe\" data-start=\"562\" data-end=\"619\">\n<p data-start=\"565\" data-end=\"619\">Id\u00e9ale comme pi\u00e8ce de rechange pour abreuvoirs d\u2019\u00e9levage<\/p>\n<\/li>\n<\/ul>\n<p>&nbsp;<\/p>\n<p>\ud83d\udc49 Demandez un prix pour la revente : <a href=\"mailto:info@fdasrl.it\">CLIQUEZ ICI<\/a><\/p>\n","protected":false},"excerpt":{"rendered":"<p>Vanne \u00e0 flotteur FAR16B avec corps en laiton, raccord 1\/2&Prime; m\u00e2le, flotteur \u00d890 mm en polypropyl\u00e8ne et tige en acier inoxydable. D\u00e9bit 5 L\/min et pression de service 0,5\u20136 bar. <\/p>\n","protected":false},"featured_media":1237,"comment_status":"open","ping_status":"closed","template":"","meta":{"_et_pb_use_builder":"","_et_pb_old_content":"","_et_gb_content_width":""},"product_brand":[],"product_cat":[547,523,546,393,524],"product_tag":[571],"class_list":{"0":"post-2472","1":"product","2":"type-product","3":"status-publish","4":"has-post-thumbnail","6":"product_cat-abreuvoirs-2","7":"product_cat-abreuvoirs","8":"product_cat-bacs-inox-pour-etables","9":"product_cat-ovins-et-caprins","10":"product_cat-vannes-et-flotteurs","11":"product_tag-far16b","13":"first","14":"instock","15":"shipping-taxable","16":"product-type-simple"},"yoast_head":"<!-- This site is optimized with the Yoast SEO Premium plugin v27.5 (Yoast SEO v27.5) - https:\/\/yoast.com\/product\/yoast-seo-premium-wordpress\/ -->\n<title>Vanne \u00e0 flotteur en laiton FAR16B abreuvoir 1\/2&quot; - R\u00e9sistante<\/title>\n<meta name=\"description\" content=\"Maintenez l\u2019eau toujours au niveau optimal avec la vanne \u00e0 flotteur en laiton FAR16B. Robuste et r\u00e9sistante, c\u2019est la solution id\u00e9ale pour les \u00e9tables ! \ud83d\udc04\" \/>\n<meta name=\"robots\" content=\"index, follow, max-snippet:-1, max-image-preview:large, max-video-preview:-1\" \/>\n<link rel=\"canonical\" href=\"https:\/\/fdasrl.it\/fr\/prodotto\/vanne-a-flotteur-far16b-pour-abreuvoir-1-2-avec-flotteur-o90-mm\/\" \/>\n<meta property=\"og:locale\" content=\"fr_FR\" \/>\n<meta property=\"og:type\" content=\"article\" \/>\n<meta property=\"og:title\" content=\"Vanne \u00e0 flotteur FAR16B pour abreuvoir 1\/2&quot; avec flotteur \u00d890 mm\" \/>\n<meta property=\"og:description\" content=\"Maintenez l\u2019eau toujours au niveau optimal avec la vanne \u00e0 flotteur en laiton FAR16B. Robuste et r\u00e9sistante, c\u2019est la solution id\u00e9ale pour les \u00e9tables ! \ud83d\udc04\" \/>\n<meta property=\"og:url\" content=\"https:\/\/fdasrl.it\/fr\/prodotto\/vanne-a-flotteur-far16b-pour-abreuvoir-1-2-avec-flotteur-o90-mm\/\" \/>\n<meta property=\"og:site_name\" content=\"FDA srl\" \/>\n<meta property=\"article:publisher\" content=\"https:\/\/www.facebook.com\/share\/1MWhFWg1Tp\/?mibextid=LQQJ4d\" \/>\n<meta property=\"og:image\" content=\"https:\/\/fdasrl.it\/wp-content\/uploads\/2026\/03\/Galleggiante-con-valvola-FAR16B-ottone.png\" \/>\n\t<meta property=\"og:image:width\" content=\"500\" \/>\n\t<meta property=\"og:image:height\" content=\"500\" \/>\n\t<meta property=\"og:image:type\" content=\"image\/png\" \/>\n<meta name=\"twitter:card\" content=\"summary_large_image\" \/>\n<meta name=\"twitter:label1\" content=\"Prix\" \/>\n\t<meta name=\"twitter:data1\" content=\"\" \/>\n\t<meta name=\"twitter:label2\" content=\"Disponibilit\u00e9\" \/>\n\t<meta name=\"twitter:data2\" content=\"En stock\" \/>\n<meta property=\"product:price:currency\" content=\"EUR\" \/>\n<meta property=\"og:availability\" content=\"instock\" \/>\n<meta property=\"product:availability\" content=\"instock\" \/>\n<meta property=\"product:retailer_item_id\" content=\"FAR16B\" \/>\n<meta property=\"product:condition\" content=\"new\" \/>\n<!-- \/ Yoast SEO Premium plugin. -->","yoast_head_json":{"title":"Vanne \u00e0 flotteur en laiton FAR16B abreuvoir 1\/2\" - R\u00e9sistante","description":"Maintenez l\u2019eau toujours au niveau optimal avec la vanne \u00e0 flotteur en laiton FAR16B. Robuste et r\u00e9sistante, c\u2019est la solution id\u00e9ale pour les \u00e9tables ! \ud83d\udc04","robots":{"index":"index","follow":"follow","max-snippet":"max-snippet:-1","max-image-preview":"max-image-preview:large","max-video-preview":"max-video-preview:-1"},"canonical":"https:\/\/fdasrl.it\/fr\/prodotto\/vanne-a-flotteur-far16b-pour-abreuvoir-1-2-avec-flotteur-o90-mm\/","og_locale":"fr_FR","og_type":"article","og_title":"Vanne \u00e0 flotteur FAR16B pour abreuvoir 1\/2\" avec flotteur \u00d890 mm","og_description":"Maintenez l\u2019eau toujours au niveau optimal avec la vanne \u00e0 flotteur en laiton FAR16B. Robuste et r\u00e9sistante, c\u2019est la solution id\u00e9ale pour les \u00e9tables ! \ud83d\udc04","og_url":"https:\/\/fdasrl.it\/fr\/prodotto\/vanne-a-flotteur-far16b-pour-abreuvoir-1-2-avec-flotteur-o90-mm\/","og_site_name":"FDA srl","article_publisher":"https:\/\/www.facebook.com\/share\/1MWhFWg1Tp\/?mibextid=LQQJ4d","og_image":[{"width":500,"height":500,"url":"https:\/\/fdasrl.it\/wp-content\/uploads\/2026\/03\/Galleggiante-con-valvola-FAR16B-ottone.png","type":"image\/png"}],"twitter_card":"summary_large_image","twitter_misc":{"Prix":"","Disponibilit\u00e9":"En stock"},"schema":{"@context":"https:\/\/schema.org","@graph":[{"@type":"WebPage","@id":"https:\/\/fdasrl.it\/fr\/prodotto\/vanne-a-flotteur-far16b-pour-abreuvoir-1-2-avec-flotteur-o90-mm\/","url":"https:\/\/fdasrl.it\/fr\/prodotto\/vanne-a-flotteur-far16b-pour-abreuvoir-1-2-avec-flotteur-o90-mm\/","name":"Vanne \u00e0 flotteur en laiton FAR16B abreuvoir 1\/2\" - R\u00e9sistante","isPartOf":{"@id":"https:\/\/fdasrl.it\/fr\/#website"},"primaryImageOfPage":{"@id":"https:\/\/fdasrl.it\/fr\/prodotto\/vanne-a-flotteur-far16b-pour-abreuvoir-1-2-avec-flotteur-o90-mm\/#primaryimage"},"image":{"@id":"https:\/\/fdasrl.it\/fr\/prodotto\/vanne-a-flotteur-far16b-pour-abreuvoir-1-2-avec-flotteur-o90-mm\/#primaryimage"},"thumbnailUrl":"https:\/\/fdasrl.it\/wp-content\/uploads\/2026\/03\/Galleggiante-con-valvola-FAR16B-ottone.png","datePublished":"2026-03-13T09:28:58+00:00","description":"Maintenez l\u2019eau toujours au niveau optimal avec la vanne \u00e0 flotteur en laiton FAR16B. Robuste et r\u00e9sistante, c\u2019est la solution id\u00e9ale pour les \u00e9tables ! \ud83d\udc04","breadcrumb":{"@id":"https:\/\/fdasrl.it\/fr\/prodotto\/vanne-a-flotteur-far16b-pour-abreuvoir-1-2-avec-flotteur-o90-mm\/#breadcrumb"},"inLanguage":"fr-FR","potentialAction":[{"@type":"ReadAction","target":["https:\/\/fdasrl.it\/fr\/prodotto\/vanne-a-flotteur-far16b-pour-abreuvoir-1-2-avec-flotteur-o90-mm\/"]}]},{"@type":"ImageObject","inLanguage":"fr-FR","@id":"https:\/\/fdasrl.it\/fr\/prodotto\/vanne-a-flotteur-far16b-pour-abreuvoir-1-2-avec-flotteur-o90-mm\/#primaryimage","url":"https:\/\/fdasrl.it\/wp-content\/uploads\/2026\/03\/Galleggiante-con-valvola-FAR16B-ottone.png","contentUrl":"https:\/\/fdasrl.it\/wp-content\/uploads\/2026\/03\/Galleggiante-con-valvola-FAR16B-ottone.png","width":500,"height":500,"caption":"Flotteur avec vanne en laiton FAR16B pour le contr\u00f4le automatique du niveau d\u2019eau dans les abreuvoirs."},{"@type":"BreadcrumbList","@id":"https:\/\/fdasrl.it\/fr\/prodotto\/vanne-a-flotteur-far16b-pour-abreuvoir-1-2-avec-flotteur-o90-mm\/#breadcrumb","itemListElement":[{"@type":"ListItem","position":1,"name":"Home","item":"https:\/\/fdasrl.it\/fr\/accueil\/"},{"@type":"ListItem","position":2,"name":"Boutique","item":"https:\/\/fdasrl.it\/fr\/boutique\/"},{"@type":"ListItem","position":3,"name":"Vanne \u00e0 flotteur FAR16B pour abreuvoir 1\/2&#8243; avec flotteur \u00d890 mm"}]},{"@type":"WebSite","@id":"https:\/\/fdasrl.it\/fr\/#website","url":"https:\/\/fdasrl.it\/fr\/","name":"FDA srl","description":"Equipment for animal husbandry","publisher":{"@id":"https:\/\/fdasrl.it\/fr\/#organization"},"potentialAction":[{"@type":"SearchAction","target":{"@type":"EntryPoint","urlTemplate":"https:\/\/fdasrl.it\/fr\/?s={search_term_string}"},"query-input":{"@type":"PropertyValueSpecification","valueRequired":true,"valueName":"search_term_string"}}],"inLanguage":"fr-FR"},{"@type":"Organization","@id":"https:\/\/fdasrl.it\/fr\/#organization","name":"FDA srl","url":"https:\/\/fdasrl.it\/fr\/","logo":{"@type":"ImageObject","inLanguage":"fr-FR","@id":"https:\/\/fdasrl.it\/fr\/#\/schema\/logo\/image\/","url":"https:\/\/fdasrl.it\/wp-content\/uploads\/2024\/12\/Logo-FDA.png","contentUrl":"https:\/\/fdasrl.it\/wp-content\/uploads\/2024\/12\/Logo-FDA.png","width":316,"height":119,"caption":"FDA srl"},"image":{"@id":"https:\/\/fdasrl.it\/fr\/#\/schema\/logo\/image\/"},"sameAs":["https:\/\/www.facebook.com\/share\/1MWhFWg1Tp\/?mibextid=LQQJ4d","https:\/\/www.instagram.com\/fda_srl\/profilecard\/?igsh=YW5lbzJ6MWg0d21u","https:\/\/www.youtube.com\/@FDASRL_ANIMALCARE"],"description":"FDA SRL \u2013 Equipment for animal husbandry nasce con l\u2019obiettivo di offrire soluzioni affidabili e innovative per l\u2019allevamento moderno. Con anni di esperienza nel settore zootecnico, progettiamo e realizziamo attrezzature destinate al benessere animale e alla gestione efficiente delle stalle: vasche, abbeveratoi, mangiatoie e sistemi di riscaldamento pensati per durare nel tempo e semplificare il lavoro quotidiano degli allevatori. Dalla progettazione alla produzione, ogni nostro prodotto \u00e8 studiato nei minimi dettagli, testato con cura e costruito per rispondere alle esigenze reali del settore. La nostra forza \u00e8 unire artigianalit\u00e0, tecnologia e competenza tecnica per trasformare ogni progetto in una soluzione concreta e funzionale. Oggi FDA SRL \u00e8 un punto di riferimento per privati e rivenditori che cercano qualit\u00e0, affidabilit\u00e0 e innovazione nelle attrezzature per l\u2019allevamento.","email":"info@fdasrl.it","telephone":"+390522826820","legalName":"F.D.A. SRL","foundingDate":"2024-10-13","vatID":"03075840359","taxID":"03075840359","numberOfEmployees":{"@type":"QuantitativeValue","minValue":"1","maxValue":"10"}}]},"product_price_currency":"EUR","og_availability":"instock","product_availability":"instock","product_retailer_item_id":"FAR16B","product_condition":"new"},"_links":{"self":[{"href":"https:\/\/fdasrl.it\/fr\/wp-json\/wp\/v2\/product\/2472","targetHints":{"allow":["GET"]}}],"collection":[{"href":"https:\/\/fdasrl.it\/fr\/wp-json\/wp\/v2\/product"}],"about":[{"href":"https:\/\/fdasrl.it\/fr\/wp-json\/wp\/v2\/types\/product"}],"replies":[{"embeddable":true,"href":"https:\/\/fdasrl.it\/fr\/wp-json\/wp\/v2\/comments?post=2472"}],"wp:featuredmedia":[{"embeddable":true,"href":"https:\/\/fdasrl.it\/fr\/wp-json\/wp\/v2\/media\/1237"}],"wp:attachment":[{"href":"https:\/\/fdasrl.it\/fr\/wp-json\/wp\/v2\/media?parent=2472"}],"wp:term":[{"taxonomy":"product_brand","embeddable":true,"href":"https:\/\/fdasrl.it\/fr\/wp-json\/wp\/v2\/product_brand?post=2472"},{"taxonomy":"product_cat","embeddable":true,"href":"https:\/\/fdasrl.it\/fr\/wp-json\/wp\/v2\/product_cat?post=2472"},{"taxonomy":"product_tag","embeddable":true,"href":"https:\/\/fdasrl.it\/fr\/wp-json\/wp\/v2\/product_tag?post=2472"}],"curies":[{"name":"wp","href":"https:\/\/api.w.org\/{rel}","templated":true}]}}