{"id":2533,"date":"2026-03-10T14:05:36","date_gmt":"2026-03-10T13:05:36","guid":{"rendered":"https:\/\/fdasrl.it\/prodotto\/flotteur-pour-abreuvoir-far19pvr-3-4-en-abs-avec-prefiltre-et-reglage-de-niveau\/"},"modified":"2026-03-10T14:05:36","modified_gmt":"2026-03-10T13:05:36","slug":"flotteur-pour-abreuvoir-far19pvr-3-4-en-abs-avec-prefiltre-et-reglage-de-niveau","status":"publish","type":"product","link":"https:\/\/fdasrl.it\/fr\/prodotto\/flotteur-pour-abreuvoir-far19pvr-3-4-en-abs-avec-prefiltre-et-reglage-de-niveau\/","title":{"rendered":"Flotteur pour abreuvoir FAR19PVR 3\/4&Prime; en ABS avec pr\u00e9filtre et r\u00e9glage de niveau"},"content":{"rendered":"<h2 data-section-id=\"e0jt7x\" data-start=\"95\" data-end=\"184\">Flotteur pour abreuvoir FAR19PVR 3\/4&Prime; en ABS avec pr\u00e9filtre et r\u00e9glage de niveau<\/h2>\n<p data-start=\"186\" data-end=\"405\">Le <strong data-start=\"189\" data-end=\"286\">flotteur pour abreuvoir FAR19PVR avec corps en ABS et raccord 3\/4&Prime; filetage m\u00e2le<\/strong> est con\u00e7u pour garantir un contr\u00f4le pr\u00e9cis et fiable du niveau d\u2019eau dans les abreuvoirs d\u2019\u00e9levage.<\/p>\n<p data-start=\"407\" data-end=\"720\">Gr\u00e2ce \u00e0 sa structure en <strong data-start=\"432\" data-end=\"455\">ABS de haute qualit\u00e9<\/strong>, ce flotteur offre une r\u00e9sistance \u00e0 la corrosion et une longue dur\u00e9e de vie, m\u00eame en conditions d\u2019utilisation intensive dans les \u00e9tables. Il est \u00e9galement <strong data-start=\"591\" data-end=\"614\">\u00e9quip\u00e9 d\u2019un pr\u00e9filtre<\/strong>, utile pour retenir les \u00e9ventuelles impuret\u00e9s pr\u00e9sentes dans l\u2019eau et am\u00e9liorer le fonctionnement de la vanne. <\/p>\n<p data-start=\"722\" data-end=\"893\">Le syst\u00e8me permet <strong data-start=\"742\" data-end=\"783\">le r\u00e9glage du niveau d\u2019eau<\/strong>, assurant un remplissage constant de l\u2019abreuvoir et une disponibilit\u00e9 continue d\u2019eau pour les animaux.<\/p>\n<hr data-start=\"895\" data-end=\"898\">\n<h2 data-section-id=\"og5zk7\" data-start=\"900\" data-end=\"930\">\u2699\ufe0f Caract\u00e9ristiques techniques<\/h2>\n<p data-start=\"932\" data-end=\"1065\"><strong data-start=\"932\" data-end=\"952\">Code produit :<\/strong> FAR19PVR<br data-start=\"961\" data-end=\"964\"><strong data-start=\"964\" data-end=\"978\">Mat\u00e9riau :<\/strong> Corps en ABS<br data-start=\"991\" data-end=\"994\"><strong data-start=\"994\" data-end=\"1006\">Raccord :<\/strong> 3\/4&Prime; filetage m\u00e2le<br data-start=\"1031\" data-end=\"1034\"><strong data-start=\"1034\" data-end=\"1047\">Utilisation :<\/strong> Pour abreuvoirs<\/p>\n<p data-start=\"1067\" data-end=\"1093\"><strong data-start=\"1067\" data-end=\"1081\">Pr\u00e9filtre :<\/strong> Int\u00e9gr\u00e9<\/p>\n<p data-start=\"1095\" data-end=\"1130\"><strong data-start=\"1095\" data-end=\"1125\">R\u00e9glage du niveau d\u2019eau :<\/strong> Oui<\/p>\n<p data-start=\"1132\" data-end=\"1174\"><strong data-start=\"1132\" data-end=\"1159\">Pression de service :<\/strong> 0,5 \u2013 12 bar<\/p>\n<p data-start=\"1176\" data-end=\"1214\"><strong data-start=\"1176\" data-end=\"1194\">D\u00e9bit d\u2019eau :<\/strong> 180 L\/min \u00e0 6 bar<\/p>\n<p data-start=\"1216\" data-end=\"1269\"><strong data-start=\"1216\" data-end=\"1252\">Espace minimum pour l\u2019installation :<\/strong> 299 mm sup\u00e9rieurs<\/p>\n<hr data-start=\"1271\" data-end=\"1274\">\n<h2 data-section-id=\"50c332\" data-start=\"1276\" data-end=\"1300\">\u2705 Principaux avantages<\/h2>\n<ul>\n<li data-section-id=\"19eg2ht\" data-start=\"29\" data-end=\"73\">\n<p data-start=\"32\" data-end=\"73\">Corps en ABS r\u00e9sistant \u00e0 la corrosion<\/p>\n<\/li>\n<li data-section-id=\"1s3jga\" data-start=\"74\" data-end=\"122\">\n<p data-start=\"77\" data-end=\"122\">Pr\u00e9filtre int\u00e9gr\u00e9 pour retenir les impuret\u00e9s<\/p>\n<\/li>\n<li data-section-id=\"c242ck\" data-start=\"123\" data-end=\"181\">\n<p data-start=\"126\" data-end=\"181\">R\u00e9glage du niveau d\u2019eau simple et pr\u00e9cis<\/p>\n<\/li>\n<li data-section-id=\"5ibxc3\" data-start=\"182\" data-end=\"219\">\n<p data-start=\"185\" data-end=\"219\">D\u00e9bit \u00e9lev\u00e9 jusqu\u2019\u00e0 180 L\/min<\/p>\n<\/li>\n<li data-section-id=\"x61yrq\" data-start=\"220\" data-end=\"260\" data-is-last-node=\"\">\n<p data-start=\"223\" data-end=\"260\" data-is-last-node=\"\">Id\u00e9al pour les abreuvoirs d\u2019\u00e9levage<\/p>\n<\/li>\n<\/ul>\n<p>&nbsp;<\/p>\n<p>\ud83d\udc49 Demandez un prix pour la revente : <a href=\"mailto:info@fdasrl.it\">CLIQUEZ ICI<\/a><\/p>\n<p>\ud83d\udc49 Achetez en ligne : <a href=\"https:\/\/fda-shop.it\/shop\/articoli-per-allevamento\/abbeveratoi\/ricambio-per-abbeveratoio-in-abs-da-3-4\">CLIQUEZ ICI<\/a><\/p>\n","protected":false},"excerpt":{"rendered":"<p>Flotteur FAR19PVR pour abreuvoir avec corps en ABS et raccord 3\/4&Prime; m\u00e2le. \u00c9quip\u00e9 d\u2019un pr\u00e9filtre et d\u2019un r\u00e9glage de niveau d\u2019eau. D\u00e9bit 180 L\/min \u00e0 6 bar. Pression de service de 0,5 \u00e0 12 bar.   <\/p>\n","protected":false},"featured_media":1220,"comment_status":"open","ping_status":"closed","template":"","meta":{"_et_pb_use_builder":"","_et_pb_old_content":"","_et_gb_content_width":""},"product_brand":[],"product_cat":[523,547,546,524],"product_tag":[582],"class_list":{"0":"post-2533","1":"product","2":"type-product","3":"status-publish","4":"has-post-thumbnail","6":"product_cat-abreuvoirs","7":"product_cat-abreuvoirs-2","8":"product_cat-bacs-inox-pour-etables","9":"product_cat-vannes-et-flotteurs","10":"product_tag-far19pvr","12":"first","13":"instock","14":"shipping-taxable","15":"product-type-simple"},"yoast_head":"<!-- This site is optimized with the Yoast SEO Premium plugin v27.5 (Yoast SEO v27.5) - https:\/\/yoast.com\/product\/yoast-seo-premium-wordpress\/ -->\n<title>Flotteur pour abreuvoir avec sph\u00e8re FAR19PVR de haute qualit\u00e9<\/title>\n<meta name=\"description\" content=\"D\u00e9couvrez le flotteur pour abreuvoir \u00e0 haut d\u00e9bit FAR19PVR, con\u00e7u pour un contr\u00f4le pr\u00e9cis de l\u2019eau dans les abreuvoirs. Choisissez la qualit\u00e9 et la durabilit\u00e9 !\" \/>\n<meta name=\"robots\" content=\"index, follow, max-snippet:-1, max-image-preview:large, max-video-preview:-1\" \/>\n<link rel=\"canonical\" href=\"https:\/\/fdasrl.it\/fr\/prodotto\/flotteur-pour-abreuvoir-far19pvr-3-4-en-abs-avec-prefiltre-et-reglage-de-niveau\/\" \/>\n<meta property=\"og:locale\" content=\"fr_FR\" \/>\n<meta property=\"og:type\" content=\"article\" \/>\n<meta property=\"og:title\" content=\"Flotteur pour abreuvoir FAR19PVR 3\/4&quot; en ABS avec pr\u00e9filtre et r\u00e9glage de niveau\" \/>\n<meta property=\"og:description\" content=\"D\u00e9couvrez le flotteur pour abreuvoir \u00e0 haut d\u00e9bit FAR19PVR, con\u00e7u pour un contr\u00f4le pr\u00e9cis de l\u2019eau dans les abreuvoirs. Choisissez la qualit\u00e9 et la durabilit\u00e9 !\" \/>\n<meta property=\"og:url\" content=\"https:\/\/fdasrl.it\/fr\/prodotto\/flotteur-pour-abreuvoir-far19pvr-3-4-en-abs-avec-prefiltre-et-reglage-de-niveau\/\" \/>\n<meta property=\"og:site_name\" content=\"FDA srl\" \/>\n<meta property=\"article:publisher\" content=\"https:\/\/www.facebook.com\/share\/1MWhFWg1Tp\/?mibextid=LQQJ4d\" \/>\n<meta property=\"og:image\" content=\"https:\/\/fdasrl.it\/wp-content\/uploads\/2026\/03\/Galleggiante-per-abbeveratoio-con-sfera-FAR19PVR.png\" \/>\n\t<meta property=\"og:image:width\" content=\"500\" \/>\n\t<meta property=\"og:image:height\" content=\"500\" \/>\n\t<meta property=\"og:image:type\" content=\"image\/png\" \/>\n<meta name=\"twitter:card\" content=\"summary_large_image\" \/>\n<meta name=\"twitter:label1\" content=\"Prix\" \/>\n\t<meta name=\"twitter:data1\" content=\"\" \/>\n\t<meta name=\"twitter:label2\" content=\"Disponibilit\u00e9\" \/>\n\t<meta name=\"twitter:data2\" content=\"En stock\" \/>\n<meta property=\"product:price:currency\" content=\"EUR\" \/>\n<meta property=\"og:availability\" content=\"instock\" \/>\n<meta property=\"product:availability\" content=\"instock\" \/>\n<meta property=\"product:retailer_item_id\" content=\"FAR19PVR\" \/>\n<meta property=\"product:condition\" content=\"new\" \/>\n<!-- \/ Yoast SEO Premium plugin. -->","yoast_head_json":{"title":"Flotteur pour abreuvoir avec sph\u00e8re FAR19PVR de haute qualit\u00e9","description":"D\u00e9couvrez le flotteur pour abreuvoir \u00e0 haut d\u00e9bit FAR19PVR, con\u00e7u pour un contr\u00f4le pr\u00e9cis de l\u2019eau dans les abreuvoirs. Choisissez la qualit\u00e9 et la durabilit\u00e9 !","robots":{"index":"index","follow":"follow","max-snippet":"max-snippet:-1","max-image-preview":"max-image-preview:large","max-video-preview":"max-video-preview:-1"},"canonical":"https:\/\/fdasrl.it\/fr\/prodotto\/flotteur-pour-abreuvoir-far19pvr-3-4-en-abs-avec-prefiltre-et-reglage-de-niveau\/","og_locale":"fr_FR","og_type":"article","og_title":"Flotteur pour abreuvoir FAR19PVR 3\/4\" en ABS avec pr\u00e9filtre et r\u00e9glage de niveau","og_description":"D\u00e9couvrez le flotteur pour abreuvoir \u00e0 haut d\u00e9bit FAR19PVR, con\u00e7u pour un contr\u00f4le pr\u00e9cis de l\u2019eau dans les abreuvoirs. Choisissez la qualit\u00e9 et la durabilit\u00e9 !","og_url":"https:\/\/fdasrl.it\/fr\/prodotto\/flotteur-pour-abreuvoir-far19pvr-3-4-en-abs-avec-prefiltre-et-reglage-de-niveau\/","og_site_name":"FDA srl","article_publisher":"https:\/\/www.facebook.com\/share\/1MWhFWg1Tp\/?mibextid=LQQJ4d","og_image":[{"width":500,"height":500,"url":"https:\/\/fdasrl.it\/wp-content\/uploads\/2026\/03\/Galleggiante-per-abbeveratoio-con-sfera-FAR19PVR.png","type":"image\/png"}],"twitter_card":"summary_large_image","twitter_misc":{"Prix":"","Disponibilit\u00e9":"En stock"},"schema":{"@context":"https:\/\/schema.org","@graph":[{"@type":"WebPage","@id":"https:\/\/fdasrl.it\/fr\/prodotto\/flotteur-pour-abreuvoir-far19pvr-3-4-en-abs-avec-prefiltre-et-reglage-de-niveau\/","url":"https:\/\/fdasrl.it\/fr\/prodotto\/flotteur-pour-abreuvoir-far19pvr-3-4-en-abs-avec-prefiltre-et-reglage-de-niveau\/","name":"Flotteur pour abreuvoir avec sph\u00e8re FAR19PVR de haute qualit\u00e9","isPartOf":{"@id":"https:\/\/fdasrl.it\/fr\/#website"},"primaryImageOfPage":{"@id":"https:\/\/fdasrl.it\/fr\/prodotto\/flotteur-pour-abreuvoir-far19pvr-3-4-en-abs-avec-prefiltre-et-reglage-de-niveau\/#primaryimage"},"image":{"@id":"https:\/\/fdasrl.it\/fr\/prodotto\/flotteur-pour-abreuvoir-far19pvr-3-4-en-abs-avec-prefiltre-et-reglage-de-niveau\/#primaryimage"},"thumbnailUrl":"https:\/\/fdasrl.it\/wp-content\/uploads\/2026\/03\/Galleggiante-per-abbeveratoio-con-sfera-FAR19PVR.png","datePublished":"2026-03-10T13:05:36+00:00","description":"D\u00e9couvrez le flotteur pour abreuvoir \u00e0 haut d\u00e9bit FAR19PVR, con\u00e7u pour un contr\u00f4le pr\u00e9cis de l\u2019eau dans les abreuvoirs. Choisissez la qualit\u00e9 et la durabilit\u00e9 !","breadcrumb":{"@id":"https:\/\/fdasrl.it\/fr\/prodotto\/flotteur-pour-abreuvoir-far19pvr-3-4-en-abs-avec-prefiltre-et-reglage-de-niveau\/#breadcrumb"},"inLanguage":"fr-FR","potentialAction":[{"@type":"ReadAction","target":["https:\/\/fdasrl.it\/fr\/prodotto\/flotteur-pour-abreuvoir-far19pvr-3-4-en-abs-avec-prefiltre-et-reglage-de-niveau\/"]}]},{"@type":"ImageObject","inLanguage":"fr-FR","@id":"https:\/\/fdasrl.it\/fr\/prodotto\/flotteur-pour-abreuvoir-far19pvr-3-4-en-abs-avec-prefiltre-et-reglage-de-niveau\/#primaryimage","url":"https:\/\/fdasrl.it\/wp-content\/uploads\/2026\/03\/Galleggiante-per-abbeveratoio-con-sfera-FAR19PVR.png","contentUrl":"https:\/\/fdasrl.it\/wp-content\/uploads\/2026\/03\/Galleggiante-per-abbeveratoio-con-sfera-FAR19PVR.png","width":500,"height":500,"caption":"Flotteur avec sph\u00e8re pour le contr\u00f4le automatique du niveau d\u2019eau dans les abreuvoirs."},{"@type":"BreadcrumbList","@id":"https:\/\/fdasrl.it\/fr\/prodotto\/flotteur-pour-abreuvoir-far19pvr-3-4-en-abs-avec-prefiltre-et-reglage-de-niveau\/#breadcrumb","itemListElement":[{"@type":"ListItem","position":1,"name":"Home","item":"https:\/\/fdasrl.it\/fr\/accueil\/"},{"@type":"ListItem","position":2,"name":"Boutique","item":"https:\/\/fdasrl.it\/fr\/boutique\/"},{"@type":"ListItem","position":3,"name":"Flotteur pour abreuvoir FAR19PVR 3\/4&#8243; en ABS avec pr\u00e9filtre et r\u00e9glage de niveau"}]},{"@type":"WebSite","@id":"https:\/\/fdasrl.it\/fr\/#website","url":"https:\/\/fdasrl.it\/fr\/","name":"FDA srl","description":"Equipment for animal husbandry","publisher":{"@id":"https:\/\/fdasrl.it\/fr\/#organization"},"potentialAction":[{"@type":"SearchAction","target":{"@type":"EntryPoint","urlTemplate":"https:\/\/fdasrl.it\/fr\/?s={search_term_string}"},"query-input":{"@type":"PropertyValueSpecification","valueRequired":true,"valueName":"search_term_string"}}],"inLanguage":"fr-FR"},{"@type":"Organization","@id":"https:\/\/fdasrl.it\/fr\/#organization","name":"FDA srl","url":"https:\/\/fdasrl.it\/fr\/","logo":{"@type":"ImageObject","inLanguage":"fr-FR","@id":"https:\/\/fdasrl.it\/fr\/#\/schema\/logo\/image\/","url":"https:\/\/fdasrl.it\/wp-content\/uploads\/2024\/12\/Logo-FDA.png","contentUrl":"https:\/\/fdasrl.it\/wp-content\/uploads\/2024\/12\/Logo-FDA.png","width":316,"height":119,"caption":"FDA srl"},"image":{"@id":"https:\/\/fdasrl.it\/fr\/#\/schema\/logo\/image\/"},"sameAs":["https:\/\/www.facebook.com\/share\/1MWhFWg1Tp\/?mibextid=LQQJ4d","https:\/\/www.instagram.com\/fda_srl\/profilecard\/?igsh=YW5lbzJ6MWg0d21u","https:\/\/www.youtube.com\/@FDASRL_ANIMALCARE"],"description":"FDA SRL \u2013 Equipment for animal husbandry nasce con l\u2019obiettivo di offrire soluzioni affidabili e innovative per l\u2019allevamento moderno. Con anni di esperienza nel settore zootecnico, progettiamo e realizziamo attrezzature destinate al benessere animale e alla gestione efficiente delle stalle: vasche, abbeveratoi, mangiatoie e sistemi di riscaldamento pensati per durare nel tempo e semplificare il lavoro quotidiano degli allevatori. Dalla progettazione alla produzione, ogni nostro prodotto \u00e8 studiato nei minimi dettagli, testato con cura e costruito per rispondere alle esigenze reali del settore. La nostra forza \u00e8 unire artigianalit\u00e0, tecnologia e competenza tecnica per trasformare ogni progetto in una soluzione concreta e funzionale. Oggi FDA SRL \u00e8 un punto di riferimento per privati e rivenditori che cercano qualit\u00e0, affidabilit\u00e0 e innovazione nelle attrezzature per l\u2019allevamento.","email":"info@fdasrl.it","telephone":"+390522826820","legalName":"F.D.A. SRL","foundingDate":"2024-10-13","vatID":"03075840359","taxID":"03075840359","numberOfEmployees":{"@type":"QuantitativeValue","minValue":"1","maxValue":"10"}}]},"product_price_currency":"EUR","og_availability":"instock","product_availability":"instock","product_retailer_item_id":"FAR19PVR","product_condition":"new"},"_links":{"self":[{"href":"https:\/\/fdasrl.it\/fr\/wp-json\/wp\/v2\/product\/2533","targetHints":{"allow":["GET"]}}],"collection":[{"href":"https:\/\/fdasrl.it\/fr\/wp-json\/wp\/v2\/product"}],"about":[{"href":"https:\/\/fdasrl.it\/fr\/wp-json\/wp\/v2\/types\/product"}],"replies":[{"embeddable":true,"href":"https:\/\/fdasrl.it\/fr\/wp-json\/wp\/v2\/comments?post=2533"}],"wp:featuredmedia":[{"embeddable":true,"href":"https:\/\/fdasrl.it\/fr\/wp-json\/wp\/v2\/media\/1220"}],"wp:attachment":[{"href":"https:\/\/fdasrl.it\/fr\/wp-json\/wp\/v2\/media?parent=2533"}],"wp:term":[{"taxonomy":"product_brand","embeddable":true,"href":"https:\/\/fdasrl.it\/fr\/wp-json\/wp\/v2\/product_brand?post=2533"},{"taxonomy":"product_cat","embeddable":true,"href":"https:\/\/fdasrl.it\/fr\/wp-json\/wp\/v2\/product_cat?post=2533"},{"taxonomy":"product_tag","embeddable":true,"href":"https:\/\/fdasrl.it\/fr\/wp-json\/wp\/v2\/product_tag?post=2533"}],"curies":[{"name":"wp","href":"https:\/\/api.w.org\/{rel}","templated":true}]}}