{"id":2573,"date":"2026-03-09T16:03:54","date_gmt":"2026-03-09T15:03:54","guid":{"rendered":"https:\/\/fdasrl.it\/prodotto\/flotteur-pour-abreuvoir-avec-vanne-laiton-3-4-far19b\/"},"modified":"2026-03-09T16:03:54","modified_gmt":"2026-03-09T15:03:54","slug":"flotteur-pour-abreuvoir-avec-vanne-laiton-3-4-far19b","status":"publish","type":"product","link":"https:\/\/fdasrl.it\/fr\/prodotto\/flotteur-pour-abreuvoir-avec-vanne-laiton-3-4-far19b\/","title":{"rendered":"Flotteur pour abreuvoir avec vanne laiton 3\/4&Prime; \u2013 FAR19B"},"content":{"rendered":"<h3 data-section-id=\"8xm6rw\" data-start=\"89\" data-end=\"159\"><strong data-start=\"93\" data-end=\"159\">Flotteur pour abreuvoir avec vanne laiton 3\/4&Prime; \u2013 FAR19B<\/strong><\/h3>\n<p data-start=\"161\" data-end=\"506\">Flotteur <strong data-start=\"174\" data-end=\"203\">en laiton de haute qualit\u00e9<\/strong> con\u00e7u pour le contr\u00f4le automatique du niveau d&rsquo;eau dans les abreuvoirs et dans <strong data-start=\"289\" data-end=\"326\">diff\u00e9rentes cuves \u00e0 niveau constant<\/strong>, y compris les mod\u00e8les <strong data-start=\"346\" data-end=\"367\">FA-VSRP et FA-VSRT<\/strong>.<br data-start=\"368\" data-end=\"371\">La <strong data-start=\"374\" data-end=\"414\">vanne avec si\u00e8ge d&rsquo;\u00e9tanch\u00e9it\u00e9 en laiton<\/strong> garantit une r\u00e9sistance \u00e9lev\u00e9e, une fiabilit\u00e9 et une longue dur\u00e9e de vie m\u00eame dans les environnements d&rsquo;\u00e9levage.<\/p>\n<p data-start=\"508\" data-end=\"681\">Le syst\u00e8me \u00e0 flotteur permet de <strong data-start=\"546\" data-end=\"591\">r\u00e9gler facilement le niveau d&rsquo;eau<\/strong>, assurant une alimentation constante aux animaux et contribuant \u00e0 r\u00e9duire le gaspillage.<\/p>\n<h3 data-section-id=\"xrc42a\" data-start=\"683\" data-end=\"717\"><strong data-start=\"687\" data-end=\"717\">Caract\u00e9ristiques principales<\/strong><\/h3>\n<ul data-start=\"719\" data-end=\"922\">\n<li data-section-id=\"1uaetok\" data-start=\"719\" data-end=\"756\">\n<p data-start=\"721\" data-end=\"756\">Corps <strong data-start=\"727\" data-end=\"756\">en laiton de haute qualit\u00e9<\/strong><\/p>\n<\/li>\n<li data-section-id=\"1l0v1sz\" data-start=\"757\" data-end=\"793\">\n<p data-start=\"759\" data-end=\"793\"><strong data-start=\"759\" data-end=\"793\">Raccord filet\u00e9 m\u00e2le 3\/4&Prime;<\/strong><\/p>\n<\/li>\n<li data-section-id=\"ul0k2p\" data-start=\"794\" data-end=\"824\">\n<p data-start=\"796\" data-end=\"824\"><strong data-start=\"796\" data-end=\"824\">Si\u00e8ge d&rsquo;\u00e9tanch\u00e9it\u00e9 en laiton<\/strong><\/p>\n<\/li>\n<li data-section-id=\"1u1s06\" data-start=\"825\" data-end=\"865\">\n<p data-start=\"827\" data-end=\"865\"><strong data-start=\"827\" data-end=\"865\">R\u00e9glage du niveau d&rsquo;eau<\/strong><\/p>\n<\/li>\n<li data-section-id=\"d5dbow\" data-start=\"866\" data-end=\"922\">\n<p data-start=\"868\" data-end=\"922\">Adapt\u00e9 pour <strong data-start=\"879\" data-end=\"922\">abreuvoirs et cuves \u00e0 niveau constant<\/strong><\/p>\n<\/li>\n<li data-section-id=\"d5dbow\" data-start=\"866\" data-end=\"922\">Joint 50 x 27 x 2 mm inclus<\/li>\n<\/ul>\n<h3 data-section-id=\"2pq1zq\" data-start=\"924\" data-end=\"954\"><strong data-start=\"928\" data-end=\"954\">Pression de service<\/strong><\/h3>\n<ul data-start=\"956\" data-end=\"974\">\n<li data-section-id=\"bz2ema\" data-start=\"956\" data-end=\"974\">\n<p data-start=\"958\" data-end=\"974\"><strong data-start=\"958\" data-end=\"974\">0,5 \u2013 10 bar<\/strong><\/p>\n<\/li>\n<\/ul>\n<h3 data-section-id=\"8whuzw\" data-start=\"976\" data-end=\"997\"><strong data-start=\"980\" data-end=\"997\">D\u00e9bit d&rsquo;eau<\/strong><\/h3>\n<ul data-start=\"999\" data-end=\"1021\">\n<li data-section-id=\"1upjgnj\" data-start=\"999\" data-end=\"1021\">\n<p data-start=\"1001\" data-end=\"1021\"><strong data-start=\"1001\" data-end=\"1021\">91 L\/min \u00e0 6 bar<\/strong><\/p>\n<\/li>\n<\/ul>\n<h3 data-section-id=\"1cf253l\" data-start=\"1023\" data-end=\"1044\"><strong data-start=\"1027\" data-end=\"1044\">Installation<\/strong><\/h3>\n<p data-start=\"1046\" data-end=\"1177\">Pour une installation correcte et un fonctionnement optimal, il est n\u00e9cessaire de pr\u00e9voir <strong data-start=\"1128\" data-end=\"1176\">un espace libre sup\u00e9rieur minimum de 190 mm<\/strong>.<\/p>\n<p>&nbsp;<\/p>\n<p>\ud83d\udc49 Demandez un prix pour la revente : <a href=\"mailto:info@fdasrl.it\">CLIQUEZ ICI<\/a><\/p>\n<p>\ud83d\udc49 Achetez en ligne : <a href=\"https:\/\/fda-shop.it\/shop\/articoli-per-allevamento\/galleggiante-abbeveratoio-in-ottone-3-4\">CLIQUEZ ICI<\/a><\/p>\n","protected":false},"excerpt":{"rendered":"<p><strong data-start=\"0\" data-end=\"86\" data-is-only-node=\"\">Flotteur pour abreuvoir FAR19B avec vanne en laiton et raccord 3\/4&Prime; m\u00e2le.<\/strong><br data-start=\"86\" data-end=\"89\">Permet le r\u00e9glage automatique du niveau d&rsquo;eau et convient pour les abreuvoirs et cuves \u00e0 niveau constant, y compris les mod\u00e8les <strong data-start=\"222\" data-end=\"243\">FA-VSRP et FA-VSRT<\/strong>.<br data-start=\"244\" data-end=\"247\">D\u00e9bit jusqu&rsquo;\u00e0 <strong data-start=\"262\" data-end=\"282\">91 L\/min \u00e0 6 bar<\/strong> avec pression de service <strong data-start=\"310\" data-end=\"324\">0,5\u201310 bar<\/strong>.<\/p>\n","protected":false},"featured_media":1204,"comment_status":"open","ping_status":"closed","template":"","meta":{"_et_pb_use_builder":"","_et_pb_old_content":"","_et_gb_content_width":""},"product_brand":[],"product_cat":[547,523,546,524],"product_tag":[590],"class_list":{"0":"post-2573","1":"product","2":"type-product","3":"status-publish","4":"has-post-thumbnail","6":"product_cat-abreuvoirs-2","7":"product_cat-abreuvoirs","8":"product_cat-bacs-inox-pour-etables","9":"product_cat-vannes-et-flotteurs","10":"product_tag-far19b","12":"first","13":"instock","14":"shipping-taxable","15":"product-type-simple"},"yoast_head":"<!-- This site is optimized with the Yoast SEO Premium plugin v27.5 (Yoast SEO v27.5) - https:\/\/yoast.com\/product\/yoast-seo-premium-wordpress\/ -->\n<title>Flotteur avec vanne 3\/4 laiton pour abreuvoirs<\/title>\n<meta name=\"description\" content=\"Optimisez la gestion de l&#039;eau avec le flotteur avec vanne 3\/4 laiton, con\u00e7u pour des performances durables. Int\u00e9grez-le \u00e0 votre syst\u00e8me d\u00e8s aujourd&#039;hui !\" \/>\n<meta name=\"robots\" content=\"index, follow, max-snippet:-1, max-image-preview:large, max-video-preview:-1\" \/>\n<link rel=\"canonical\" href=\"https:\/\/fdasrl.it\/fr\/prodotto\/flotteur-pour-abreuvoir-avec-vanne-laiton-3-4-far19b\/\" \/>\n<meta property=\"og:locale\" content=\"fr_FR\" \/>\n<meta property=\"og:type\" content=\"article\" \/>\n<meta property=\"og:title\" content=\"Flotteur pour abreuvoir avec vanne laiton 3\/4&quot; \u2013 FAR19B\" \/>\n<meta property=\"og:description\" content=\"Optimisez la gestion de l&#039;eau avec le flotteur avec vanne 3\/4 laiton, con\u00e7u pour des performances durables. Int\u00e9grez-le \u00e0 votre syst\u00e8me d\u00e8s aujourd&#039;hui !\" \/>\n<meta property=\"og:url\" content=\"https:\/\/fdasrl.it\/fr\/prodotto\/flotteur-pour-abreuvoir-avec-vanne-laiton-3-4-far19b\/\" \/>\n<meta property=\"og:site_name\" content=\"FDA srl\" \/>\n<meta property=\"article:publisher\" content=\"https:\/\/www.facebook.com\/share\/1MWhFWg1Tp\/?mibextid=LQQJ4d\" \/>\n<meta property=\"og:image\" content=\"https:\/\/fdasrl.it\/wp-content\/uploads\/2026\/03\/valvola-galleggiante-abbeveratoio-3-4-ottone-e1773070482989.webp\" \/>\n\t<meta property=\"og:image:width\" content=\"577\" \/>\n\t<meta property=\"og:image:height\" content=\"433\" \/>\n\t<meta property=\"og:image:type\" content=\"image\/webp\" \/>\n<meta name=\"twitter:card\" content=\"summary_large_image\" \/>\n<meta name=\"twitter:label1\" content=\"Prix\" \/>\n\t<meta name=\"twitter:data1\" content=\"\" \/>\n\t<meta name=\"twitter:label2\" content=\"Disponibilit\u00e9\" \/>\n\t<meta name=\"twitter:data2\" content=\"En stock\" \/>\n<meta property=\"product:price:currency\" content=\"EUR\" \/>\n<meta property=\"og:availability\" content=\"instock\" \/>\n<meta property=\"product:availability\" content=\"instock\" \/>\n<meta property=\"product:retailer_item_id\" content=\"FAR19B\" \/>\n<meta property=\"product:condition\" content=\"new\" \/>\n<!-- \/ Yoast SEO Premium plugin. -->","yoast_head_json":{"title":"Flotteur avec vanne 3\/4 laiton pour abreuvoirs","description":"Optimisez la gestion de l'eau avec le flotteur avec vanne 3\/4 laiton, con\u00e7u pour des performances durables. Int\u00e9grez-le \u00e0 votre syst\u00e8me d\u00e8s aujourd'hui !","robots":{"index":"index","follow":"follow","max-snippet":"max-snippet:-1","max-image-preview":"max-image-preview:large","max-video-preview":"max-video-preview:-1"},"canonical":"https:\/\/fdasrl.it\/fr\/prodotto\/flotteur-pour-abreuvoir-avec-vanne-laiton-3-4-far19b\/","og_locale":"fr_FR","og_type":"article","og_title":"Flotteur pour abreuvoir avec vanne laiton 3\/4\" \u2013 FAR19B","og_description":"Optimisez la gestion de l'eau avec le flotteur avec vanne 3\/4 laiton, con\u00e7u pour des performances durables. Int\u00e9grez-le \u00e0 votre syst\u00e8me d\u00e8s aujourd'hui !","og_url":"https:\/\/fdasrl.it\/fr\/prodotto\/flotteur-pour-abreuvoir-avec-vanne-laiton-3-4-far19b\/","og_site_name":"FDA srl","article_publisher":"https:\/\/www.facebook.com\/share\/1MWhFWg1Tp\/?mibextid=LQQJ4d","og_image":[{"width":577,"height":433,"url":"https:\/\/fdasrl.it\/wp-content\/uploads\/2026\/03\/valvola-galleggiante-abbeveratoio-3-4-ottone-e1773070482989.webp","type":"image\/webp"}],"twitter_card":"summary_large_image","twitter_misc":{"Prix":"","Disponibilit\u00e9":"En stock"},"schema":{"@context":"https:\/\/schema.org","@graph":[{"@type":"WebPage","@id":"https:\/\/fdasrl.it\/fr\/prodotto\/flotteur-pour-abreuvoir-avec-vanne-laiton-3-4-far19b\/","url":"https:\/\/fdasrl.it\/fr\/prodotto\/flotteur-pour-abreuvoir-avec-vanne-laiton-3-4-far19b\/","name":"Flotteur avec vanne 3\/4 laiton pour abreuvoirs","isPartOf":{"@id":"https:\/\/fdasrl.it\/fr\/#website"},"primaryImageOfPage":{"@id":"https:\/\/fdasrl.it\/fr\/prodotto\/flotteur-pour-abreuvoir-avec-vanne-laiton-3-4-far19b\/#primaryimage"},"image":{"@id":"https:\/\/fdasrl.it\/fr\/prodotto\/flotteur-pour-abreuvoir-avec-vanne-laiton-3-4-far19b\/#primaryimage"},"thumbnailUrl":"https:\/\/fdasrl.it\/wp-content\/uploads\/2026\/03\/valvola-galleggiante-abbeveratoio-3-4-ottone-e1773070482989.webp","datePublished":"2026-03-09T15:03:54+00:00","description":"Optimisez la gestion de l'eau avec le flotteur avec vanne 3\/4 laiton, con\u00e7u pour des performances durables. Int\u00e9grez-le \u00e0 votre syst\u00e8me d\u00e8s aujourd'hui !","breadcrumb":{"@id":"https:\/\/fdasrl.it\/fr\/prodotto\/flotteur-pour-abreuvoir-avec-vanne-laiton-3-4-far19b\/#breadcrumb"},"inLanguage":"fr-FR","potentialAction":[{"@type":"ReadAction","target":["https:\/\/fdasrl.it\/fr\/prodotto\/flotteur-pour-abreuvoir-avec-vanne-laiton-3-4-far19b\/"]}]},{"@type":"ImageObject","inLanguage":"fr-FR","@id":"https:\/\/fdasrl.it\/fr\/prodotto\/flotteur-pour-abreuvoir-avec-vanne-laiton-3-4-far19b\/#primaryimage","url":"https:\/\/fdasrl.it\/wp-content\/uploads\/2026\/03\/valvola-galleggiante-abbeveratoio-3-4-ottone-e1773070482989.webp","contentUrl":"https:\/\/fdasrl.it\/wp-content\/uploads\/2026\/03\/valvola-galleggiante-abbeveratoio-3-4-ottone-e1773070482989.webp","width":577,"height":433,"caption":"Vanne \u00e0 flotteur en laiton pour abreuvoirs automatiques avec raccord de 3\/4\"."},{"@type":"BreadcrumbList","@id":"https:\/\/fdasrl.it\/fr\/prodotto\/flotteur-pour-abreuvoir-avec-vanne-laiton-3-4-far19b\/#breadcrumb","itemListElement":[{"@type":"ListItem","position":1,"name":"Home","item":"https:\/\/fdasrl.it\/fr\/accueil\/"},{"@type":"ListItem","position":2,"name":"Boutique","item":"https:\/\/fdasrl.it\/fr\/boutique\/"},{"@type":"ListItem","position":3,"name":"Flotteur pour abreuvoir avec vanne laiton 3\/4&#8243; \u2013 FAR19B"}]},{"@type":"WebSite","@id":"https:\/\/fdasrl.it\/fr\/#website","url":"https:\/\/fdasrl.it\/fr\/","name":"FDA srl","description":"Equipment for animal husbandry","publisher":{"@id":"https:\/\/fdasrl.it\/fr\/#organization"},"potentialAction":[{"@type":"SearchAction","target":{"@type":"EntryPoint","urlTemplate":"https:\/\/fdasrl.it\/fr\/?s={search_term_string}"},"query-input":{"@type":"PropertyValueSpecification","valueRequired":true,"valueName":"search_term_string"}}],"inLanguage":"fr-FR"},{"@type":"Organization","@id":"https:\/\/fdasrl.it\/fr\/#organization","name":"FDA srl","url":"https:\/\/fdasrl.it\/fr\/","logo":{"@type":"ImageObject","inLanguage":"fr-FR","@id":"https:\/\/fdasrl.it\/fr\/#\/schema\/logo\/image\/","url":"https:\/\/fdasrl.it\/wp-content\/uploads\/2024\/12\/Logo-FDA.png","contentUrl":"https:\/\/fdasrl.it\/wp-content\/uploads\/2024\/12\/Logo-FDA.png","width":316,"height":119,"caption":"FDA srl"},"image":{"@id":"https:\/\/fdasrl.it\/fr\/#\/schema\/logo\/image\/"},"sameAs":["https:\/\/www.facebook.com\/share\/1MWhFWg1Tp\/?mibextid=LQQJ4d","https:\/\/www.instagram.com\/fda_srl\/profilecard\/?igsh=YW5lbzJ6MWg0d21u","https:\/\/www.youtube.com\/@FDASRL_ANIMALCARE"],"description":"FDA SRL \u2013 Equipment for animal husbandry nasce con l\u2019obiettivo di offrire soluzioni affidabili e innovative per l\u2019allevamento moderno. Con anni di esperienza nel settore zootecnico, progettiamo e realizziamo attrezzature destinate al benessere animale e alla gestione efficiente delle stalle: vasche, abbeveratoi, mangiatoie e sistemi di riscaldamento pensati per durare nel tempo e semplificare il lavoro quotidiano degli allevatori. Dalla progettazione alla produzione, ogni nostro prodotto \u00e8 studiato nei minimi dettagli, testato con cura e costruito per rispondere alle esigenze reali del settore. La nostra forza \u00e8 unire artigianalit\u00e0, tecnologia e competenza tecnica per trasformare ogni progetto in una soluzione concreta e funzionale. Oggi FDA SRL \u00e8 un punto di riferimento per privati e rivenditori che cercano qualit\u00e0, affidabilit\u00e0 e innovazione nelle attrezzature per l\u2019allevamento.","email":"info@fdasrl.it","telephone":"+390522826820","legalName":"F.D.A. SRL","foundingDate":"2024-10-13","vatID":"03075840359","taxID":"03075840359","numberOfEmployees":{"@type":"QuantitativeValue","minValue":"1","maxValue":"10"}}]},"product_price_currency":"EUR","og_availability":"instock","product_availability":"instock","product_retailer_item_id":"FAR19B","product_condition":"new"},"_links":{"self":[{"href":"https:\/\/fdasrl.it\/fr\/wp-json\/wp\/v2\/product\/2573","targetHints":{"allow":["GET"]}}],"collection":[{"href":"https:\/\/fdasrl.it\/fr\/wp-json\/wp\/v2\/product"}],"about":[{"href":"https:\/\/fdasrl.it\/fr\/wp-json\/wp\/v2\/types\/product"}],"replies":[{"embeddable":true,"href":"https:\/\/fdasrl.it\/fr\/wp-json\/wp\/v2\/comments?post=2573"}],"wp:featuredmedia":[{"embeddable":true,"href":"https:\/\/fdasrl.it\/fr\/wp-json\/wp\/v2\/media\/1204"}],"wp:attachment":[{"href":"https:\/\/fdasrl.it\/fr\/wp-json\/wp\/v2\/media?parent=2573"}],"wp:term":[{"taxonomy":"product_brand","embeddable":true,"href":"https:\/\/fdasrl.it\/fr\/wp-json\/wp\/v2\/product_brand?post=2573"},{"taxonomy":"product_cat","embeddable":true,"href":"https:\/\/fdasrl.it\/fr\/wp-json\/wp\/v2\/product_cat?post=2573"},{"taxonomy":"product_tag","embeddable":true,"href":"https:\/\/fdasrl.it\/fr\/wp-json\/wp\/v2\/product_tag?post=2573"}],"curies":[{"name":"wp","href":"https:\/\/api.w.org\/{rel}","templated":true}]}}