{"id":2588,"date":"2026-03-06T15:54:29","date_gmt":"2026-03-06T14:54:29","guid":{"rendered":"https:\/\/fdasrl.it\/prodotto\/soupape-a-pendule-far18-pour-abreuvoirs\/"},"modified":"2026-03-06T15:54:29","modified_gmt":"2026-03-06T14:54:29","slug":"soupape-a-pendule-far18-pour-abreuvoirs","status":"publish","type":"product","link":"https:\/\/fdasrl.it\/fr\/prodotto\/soupape-a-pendule-far18-pour-abreuvoirs\/","title":{"rendered":"Soupape \u00e0 pendule FAR18 pour abreuvoirs"},"content":{"rendered":"<h3 data-section-id=\"631hw6\" data-start=\"122\" data-end=\"169\"><strong data-start=\"126\" data-end=\"169\">Soupape \u00e0 pendule <\/strong><strong data-start=\"126\" data-end=\"169\">FAR18 <\/strong><strong data-start=\"126\" data-end=\"169\">pour abreuvoirs<\/strong><\/h3>\n<p data-start=\"171\" data-end=\"451\">La <strong data-start=\"174\" data-end=\"201\">soupape \u00e0 pendule FAR18<\/strong> est con\u00e7ue pour diff\u00e9rents types d\u2019abreuvoirs et est compatible avec les mod\u00e8les <strong data-start=\"284\" data-end=\"297\">FDA FA-KB<\/strong> et <strong data-start=\"300\" data-end=\"312\">FABB0033<\/strong>.<br data-start=\"313\" data-end=\"316\">Fabriqu\u00e9e en <strong data-start=\"330\" data-end=\"340\">laiton<\/strong>, elle garantit une haute r\u00e9sistance \u00e0 la corrosion et une longue dur\u00e9e de vie, m\u00eame dans les environnements d\u2019\u00e9levage les plus exigeants.<\/p>\n<p data-start=\"453\" data-end=\"625\">Gr\u00e2ce au <strong data-start=\"464\" data-end=\"501\">raccord filet\u00e9 femelle de 1\/2&Prime;<\/strong>, la soupape assure un <strong data-start=\"527\" data-end=\"552\">bon d\u00e9bit d\u2019eau<\/strong> et un fonctionnement fiable m\u00eame en conditions d\u2019utilisation intensive.<\/p>\n<p data-start=\"627\" data-end=\"691\">Elle est fournie comme <strong data-start=\"642\" data-end=\"690\">pi\u00e8ce de rechange compl\u00e8te pr\u00eate \u00e0 l\u2019installation<\/strong>.<\/p>\n<h3 data-section-id=\"xrc42a\" data-start=\"693\" data-end=\"727\"><strong data-start=\"697\" data-end=\"727\">Caract\u00e9ristiques principales<\/strong><\/h3>\n<ul data-start=\"729\" data-end=\"948\">\n<li data-section-id=\"a06e4o\" data-start=\"729\" data-end=\"777\">\n<p data-start=\"731\" data-end=\"777\">Corps en <strong data-start=\"740\" data-end=\"777\">laiton r\u00e9sistant \u00e0 la corrosion<\/strong><\/p>\n<\/li>\n<li data-section-id=\"1jt4ndz\" data-start=\"778\" data-end=\"814\">\n<p data-start=\"780\" data-end=\"814\"><strong data-start=\"780\" data-end=\"814\">Raccord filet\u00e9 femelle 1\/2&Prime; &#8211; par le bas et par le haut<\/strong><\/p>\n<\/li>\n<li data-section-id=\"12kdzhk\" data-start=\"815\" data-end=\"842\">\n<p data-start=\"817\" data-end=\"842\"><strong data-start=\"817\" data-end=\"842\">Bon d\u00e9bit d\u2019eau<\/strong><\/p>\n<\/li>\n<li data-section-id=\"1cp13de\" data-start=\"843\" data-end=\"897\">\n<p data-start=\"845\" data-end=\"897\">Compatible avec les abreuvoirs <strong data-start=\"873\" data-end=\"882\">FA-KB<\/strong> et <strong data-start=\"885\" data-end=\"897\">FABB0033<\/strong><\/p>\n<\/li>\n<li data-section-id=\"7eg5ja\" data-start=\"898\" data-end=\"948\">\n<p data-start=\"900\" data-end=\"948\"><strong data-start=\"900\" data-end=\"921\">Pi\u00e8ce de rechange compl\u00e8te<\/strong> pr\u00eate \u00e0 l\u2019installation<\/p>\n<\/li>\n<\/ul>\n<h3 data-section-id=\"2pq1zq\" data-start=\"950\" data-end=\"980\"><strong data-start=\"954\" data-end=\"980\">Pression de service<\/strong><\/h3>\n<ul data-start=\"982\" data-end=\"1018\">\n<li data-section-id=\"hbbj97\" data-start=\"982\" data-end=\"1018\">\n<p data-start=\"984\" data-end=\"1018\"><strong data-start=\"984\" data-end=\"1008\">Pression de travail :<\/strong> 0 \u2013 5 bar<\/p>\n<\/li>\n<\/ul>\n<h3 data-section-id=\"8whuzw\" data-start=\"1020\" data-end=\"1041\"><strong data-start=\"1024\" data-end=\"1041\">D\u00e9bit d\u2019eau<\/strong><\/h3>\n<ul data-start=\"1043\" data-end=\"1064\">\n<li data-section-id=\"yqq2y4\" data-start=\"1043\" data-end=\"1064\">\n<p data-start=\"1045\" data-end=\"1064\"><strong data-start=\"1045\" data-end=\"1064\">Jusqu\u2019\u00e0 20 L\/min<\/strong><\/p>\n<\/li>\n<\/ul>\n<p data-start=\"1066\" data-end=\"1263\">La <strong data-start=\"1069\" data-end=\"1096\">soupape \u00e0 pendule FAR18<\/strong> garantit une distribution efficace de l\u2019eau dans les abreuvoirs, contribuant \u00e0 <strong data-start=\"1178\" data-end=\"1201\">r\u00e9duire le gaspillage<\/strong> et assurant aux animaux <strong data-start=\"1229\" data-end=\"1262\">un acc\u00e8s constant \u00e0 l\u2019eau<\/strong>.<\/p>\n<p>\ud83d\udc49 Demandez le prix pour la revente :  <a href=\"mailto:info@fdasrl.it\">CLIQUEZ ICI<\/a><\/p>\n<p>\ud83d\udc49 Achetez en ligne : <a href=\"https:\/\/fda-shop.it\/shop\/scuderia-horse-care\/scuderia-e-paddock\/abbeveratoi-per-cavalli\/valvola-per-abbeveratoio-cavalli\">CLIQUEZ ICI<\/a><\/p>\n","protected":false},"excerpt":{"rendered":"<p>La <strong data-start=\"26\" data-end=\"53\">soupape \u00e0 pendule FAR18<\/strong> est une pi\u00e8ce de rechange compl\u00e8te compatible avec de nombreux mod\u00e8les, dont les <strong data-start=\"81\" data-end=\"114\">abreuvoirs FDA FA-KB et FABB0033<\/strong>. Elle est r\u00e9alis\u00e9e en <strong data-start=\"130\" data-end=\"140\">laiton<\/strong> pour garantir r\u00e9sistance et durabilit\u00e9 en milieu zootechnique. Dot\u00e9e d\u2019un <strong data-start=\"212\" data-end=\"249\">raccord filet\u00e9 femelle de 1\/2&Prime;<\/strong>, elle assure un bon <strong data-start=\"260\" data-end=\"287\">d\u00e9bit d\u2019eau<\/strong> et un fonctionnement fiable avec une <strong data-start=\"319\" data-end=\"358\">pression de service de 0 \u00e0 5 bar<\/strong>. Id\u00e9ale pour garantir une distribution d\u2019eau constante dans les abreuvoirs.  <\/p>\n","protected":false},"featured_media":1201,"comment_status":"open","ping_status":"closed","template":"","meta":{"_et_pb_use_builder":"","_et_pb_old_content":"","_et_gb_content_width":""},"product_brand":[],"product_cat":[547,523,524],"product_tag":[593],"class_list":{"0":"post-2588","1":"product","2":"type-product","3":"status-publish","4":"has-post-thumbnail","6":"product_cat-abreuvoirs-2","7":"product_cat-abreuvoirs","8":"product_cat-vannes-et-flotteurs","9":"product_tag-far18","11":"first","12":"instock","13":"shipping-taxable","14":"product-type-simple"},"yoast_head":"<!-- This site is optimized with the Yoast SEO Premium plugin v27.5 (Yoast SEO v27.5) - https:\/\/yoast.com\/product\/yoast-seo-premium-wordpress\/ -->\n<title>Soupape \u00e0 pendule FAR18 pour abreuvoirs avec raccord filet\u00e9<\/title>\n<meta name=\"description\" content=\"Choisissez la soupape \u00e0 pendule FAR18 pour abreuvoirs de haute qualit\u00e9. Fabriqu\u00e9e en laiton, elle est pr\u00eate \u00e0 l\u2019installation et id\u00e9ale pour tous les besoins !\" \/>\n<meta name=\"robots\" content=\"index, follow, max-snippet:-1, max-image-preview:large, max-video-preview:-1\" \/>\n<link rel=\"canonical\" href=\"https:\/\/fdasrl.it\/fr\/prodotto\/soupape-a-pendule-far18-pour-abreuvoirs\/\" \/>\n<meta property=\"og:locale\" content=\"fr_FR\" \/>\n<meta property=\"og:type\" content=\"article\" \/>\n<meta property=\"og:title\" content=\"Soupape \u00e0 pendule FAR18 pour abreuvoirs\" \/>\n<meta property=\"og:description\" content=\"Choisissez la soupape \u00e0 pendule FAR18 pour abreuvoirs de haute qualit\u00e9. Fabriqu\u00e9e en laiton, elle est pr\u00eate \u00e0 l\u2019installation et id\u00e9ale pour tous les besoins !\" \/>\n<meta property=\"og:url\" content=\"https:\/\/fdasrl.it\/fr\/prodotto\/soupape-a-pendule-far18-pour-abreuvoirs\/\" \/>\n<meta property=\"og:site_name\" content=\"FDA srl\" \/>\n<meta property=\"article:publisher\" content=\"https:\/\/www.facebook.com\/share\/1MWhFWg1Tp\/?mibextid=LQQJ4d\" \/>\n<meta property=\"og:image\" content=\"https:\/\/fdasrl.it\/wp-content\/uploads\/2026\/03\/valvola-pendolo-FAR18-media-portata-1.png\" \/>\n\t<meta property=\"og:image:width\" content=\"822\" \/>\n\t<meta property=\"og:image:height\" content=\"827\" \/>\n\t<meta property=\"og:image:type\" content=\"image\/png\" \/>\n<meta name=\"twitter:card\" content=\"summary_large_image\" \/>\n<meta name=\"twitter:label1\" content=\"Prix\" \/>\n\t<meta name=\"twitter:data1\" content=\"\" \/>\n\t<meta name=\"twitter:label2\" content=\"Disponibilit\u00e9\" \/>\n\t<meta name=\"twitter:data2\" content=\"En stock\" \/>\n<meta property=\"product:price:currency\" content=\"EUR\" \/>\n<meta property=\"og:availability\" content=\"instock\" \/>\n<meta property=\"product:availability\" content=\"instock\" \/>\n<meta property=\"product:retailer_item_id\" content=\"FAR18\" \/>\n<meta property=\"product:condition\" content=\"new\" \/>\n<!-- \/ Yoast SEO Premium plugin. -->","yoast_head_json":{"title":"Soupape \u00e0 pendule FAR18 pour abreuvoirs avec raccord filet\u00e9","description":"Choisissez la soupape \u00e0 pendule FAR18 pour abreuvoirs de haute qualit\u00e9. Fabriqu\u00e9e en laiton, elle est pr\u00eate \u00e0 l\u2019installation et id\u00e9ale pour tous les besoins !","robots":{"index":"index","follow":"follow","max-snippet":"max-snippet:-1","max-image-preview":"max-image-preview:large","max-video-preview":"max-video-preview:-1"},"canonical":"https:\/\/fdasrl.it\/fr\/prodotto\/soupape-a-pendule-far18-pour-abreuvoirs\/","og_locale":"fr_FR","og_type":"article","og_title":"Soupape \u00e0 pendule FAR18 pour abreuvoirs","og_description":"Choisissez la soupape \u00e0 pendule FAR18 pour abreuvoirs de haute qualit\u00e9. Fabriqu\u00e9e en laiton, elle est pr\u00eate \u00e0 l\u2019installation et id\u00e9ale pour tous les besoins !","og_url":"https:\/\/fdasrl.it\/fr\/prodotto\/soupape-a-pendule-far18-pour-abreuvoirs\/","og_site_name":"FDA srl","article_publisher":"https:\/\/www.facebook.com\/share\/1MWhFWg1Tp\/?mibextid=LQQJ4d","og_image":[{"width":822,"height":827,"url":"https:\/\/fdasrl.it\/wp-content\/uploads\/2026\/03\/valvola-pendolo-FAR18-media-portata-1.png","type":"image\/png"}],"twitter_card":"summary_large_image","twitter_misc":{"Prix":"","Disponibilit\u00e9":"En stock"},"schema":{"@context":"https:\/\/schema.org","@graph":[{"@type":"WebPage","@id":"https:\/\/fdasrl.it\/fr\/prodotto\/soupape-a-pendule-far18-pour-abreuvoirs\/","url":"https:\/\/fdasrl.it\/fr\/prodotto\/soupape-a-pendule-far18-pour-abreuvoirs\/","name":"Soupape \u00e0 pendule FAR18 pour abreuvoirs avec raccord filet\u00e9","isPartOf":{"@id":"https:\/\/fdasrl.it\/fr\/#website"},"primaryImageOfPage":{"@id":"https:\/\/fdasrl.it\/fr\/prodotto\/soupape-a-pendule-far18-pour-abreuvoirs\/#primaryimage"},"image":{"@id":"https:\/\/fdasrl.it\/fr\/prodotto\/soupape-a-pendule-far18-pour-abreuvoirs\/#primaryimage"},"thumbnailUrl":"https:\/\/fdasrl.it\/wp-content\/uploads\/2026\/03\/valvola-pendolo-FAR18-media-portata-1.png","datePublished":"2026-03-06T14:54:29+00:00","description":"Choisissez la soupape \u00e0 pendule FAR18 pour abreuvoirs de haute qualit\u00e9. Fabriqu\u00e9e en laiton, elle est pr\u00eate \u00e0 l\u2019installation et id\u00e9ale pour tous les besoins !","breadcrumb":{"@id":"https:\/\/fdasrl.it\/fr\/prodotto\/soupape-a-pendule-far18-pour-abreuvoirs\/#breadcrumb"},"inLanguage":"fr-FR","potentialAction":[{"@type":"ReadAction","target":["https:\/\/fdasrl.it\/fr\/prodotto\/soupape-a-pendule-far18-pour-abreuvoirs\/"]}]},{"@type":"ImageObject","inLanguage":"fr-FR","@id":"https:\/\/fdasrl.it\/fr\/prodotto\/soupape-a-pendule-far18-pour-abreuvoirs\/#primaryimage","url":"https:\/\/fdasrl.it\/wp-content\/uploads\/2026\/03\/valvola-pendolo-FAR18-media-portata-1.png","contentUrl":"https:\/\/fdasrl.it\/wp-content\/uploads\/2026\/03\/valvola-pendolo-FAR18-media-portata-1.png","width":822,"height":827,"caption":"Soupape \u00e0 pendule FAR18 \u00e0 d\u00e9bit moyen pour abreuvoirs automatiques."},{"@type":"BreadcrumbList","@id":"https:\/\/fdasrl.it\/fr\/prodotto\/soupape-a-pendule-far18-pour-abreuvoirs\/#breadcrumb","itemListElement":[{"@type":"ListItem","position":1,"name":"Home","item":"https:\/\/fdasrl.it\/fr\/accueil\/"},{"@type":"ListItem","position":2,"name":"Boutique","item":"https:\/\/fdasrl.it\/fr\/boutique\/"},{"@type":"ListItem","position":3,"name":"Soupape \u00e0 pendule FAR18 pour abreuvoirs"}]},{"@type":"WebSite","@id":"https:\/\/fdasrl.it\/fr\/#website","url":"https:\/\/fdasrl.it\/fr\/","name":"FDA srl","description":"Equipment for animal husbandry","publisher":{"@id":"https:\/\/fdasrl.it\/fr\/#organization"},"potentialAction":[{"@type":"SearchAction","target":{"@type":"EntryPoint","urlTemplate":"https:\/\/fdasrl.it\/fr\/?s={search_term_string}"},"query-input":{"@type":"PropertyValueSpecification","valueRequired":true,"valueName":"search_term_string"}}],"inLanguage":"fr-FR"},{"@type":"Organization","@id":"https:\/\/fdasrl.it\/fr\/#organization","name":"FDA srl","url":"https:\/\/fdasrl.it\/fr\/","logo":{"@type":"ImageObject","inLanguage":"fr-FR","@id":"https:\/\/fdasrl.it\/fr\/#\/schema\/logo\/image\/","url":"https:\/\/fdasrl.it\/wp-content\/uploads\/2024\/12\/Logo-FDA.png","contentUrl":"https:\/\/fdasrl.it\/wp-content\/uploads\/2024\/12\/Logo-FDA.png","width":316,"height":119,"caption":"FDA srl"},"image":{"@id":"https:\/\/fdasrl.it\/fr\/#\/schema\/logo\/image\/"},"sameAs":["https:\/\/www.facebook.com\/share\/1MWhFWg1Tp\/?mibextid=LQQJ4d","https:\/\/www.instagram.com\/fda_srl\/profilecard\/?igsh=YW5lbzJ6MWg0d21u","https:\/\/www.youtube.com\/@FDASRL_ANIMALCARE"],"description":"FDA SRL \u2013 Equipment for animal husbandry nasce con l\u2019obiettivo di offrire soluzioni affidabili e innovative per l\u2019allevamento moderno. Con anni di esperienza nel settore zootecnico, progettiamo e realizziamo attrezzature destinate al benessere animale e alla gestione efficiente delle stalle: vasche, abbeveratoi, mangiatoie e sistemi di riscaldamento pensati per durare nel tempo e semplificare il lavoro quotidiano degli allevatori. Dalla progettazione alla produzione, ogni nostro prodotto \u00e8 studiato nei minimi dettagli, testato con cura e costruito per rispondere alle esigenze reali del settore. La nostra forza \u00e8 unire artigianalit\u00e0, tecnologia e competenza tecnica per trasformare ogni progetto in una soluzione concreta e funzionale. Oggi FDA SRL \u00e8 un punto di riferimento per privati e rivenditori che cercano qualit\u00e0, affidabilit\u00e0 e innovazione nelle attrezzature per l\u2019allevamento.","email":"info@fdasrl.it","telephone":"+390522826820","legalName":"F.D.A. SRL","foundingDate":"2024-10-13","vatID":"03075840359","taxID":"03075840359","numberOfEmployees":{"@type":"QuantitativeValue","minValue":"1","maxValue":"10"}}]},"product_price_currency":"EUR","og_availability":"instock","product_availability":"instock","product_retailer_item_id":"FAR18","product_condition":"new"},"_links":{"self":[{"href":"https:\/\/fdasrl.it\/fr\/wp-json\/wp\/v2\/product\/2588","targetHints":{"allow":["GET"]}}],"collection":[{"href":"https:\/\/fdasrl.it\/fr\/wp-json\/wp\/v2\/product"}],"about":[{"href":"https:\/\/fdasrl.it\/fr\/wp-json\/wp\/v2\/types\/product"}],"replies":[{"embeddable":true,"href":"https:\/\/fdasrl.it\/fr\/wp-json\/wp\/v2\/comments?post=2588"}],"wp:featuredmedia":[{"embeddable":true,"href":"https:\/\/fdasrl.it\/fr\/wp-json\/wp\/v2\/media\/1201"}],"wp:attachment":[{"href":"https:\/\/fdasrl.it\/fr\/wp-json\/wp\/v2\/media?parent=2588"}],"wp:term":[{"taxonomy":"product_brand","embeddable":true,"href":"https:\/\/fdasrl.it\/fr\/wp-json\/wp\/v2\/product_brand?post=2588"},{"taxonomy":"product_cat","embeddable":true,"href":"https:\/\/fdasrl.it\/fr\/wp-json\/wp\/v2\/product_cat?post=2588"},{"taxonomy":"product_tag","embeddable":true,"href":"https:\/\/fdasrl.it\/fr\/wp-json\/wp\/v2\/product_tag?post=2588"}],"curies":[{"name":"wp","href":"https:\/\/api.w.org\/{rel}","templated":true}]}}