{"id":2635,"date":"2026-03-05T17:00:08","date_gmt":"2026-03-05T16:00:08","guid":{"rendered":"https:\/\/fdasrl.it\/prodotto\/flotteur-pour-abreuvoir-avec-prefiltre-1-2-far15\/"},"modified":"2026-03-05T17:00:08","modified_gmt":"2026-03-05T16:00:08","slug":"flotteur-pour-abreuvoir-avec-prefiltre-1-2-far15","status":"publish","type":"product","link":"https:\/\/fdasrl.it\/fr\/prodotto\/flotteur-pour-abreuvoir-avec-prefiltre-1-2-far15\/","title":{"rendered":"Flotteur pour abreuvoir avec pr\u00e9filtre 1\/2&Prime; \u2013 FAR15"},"content":{"rendered":"<h3 data-section-id=\"1dtpyof\" data-start=\"81\" data-end=\"145\"><strong data-start=\"85\" data-end=\"145\">Flotteur pour abreuvoir avec pr\u00e9filtre 1\/2&Prime; \u2013 FAR15<\/strong><\/h3>\n<p data-start=\"147\" data-end=\"278\">Flotteur de <strong data-start=\"163\" data-end=\"196\">haute qualit\u00e9 avec corps en ABS<\/strong>, con\u00e7u pour le contr\u00f4le automatique du niveau d&rsquo;eau dans les abreuvoirs.<\/p>\n<p data-start=\"280\" data-end=\"486\">Le syst\u00e8me \u00e0 flotteur maintient le niveau d&rsquo;eau constant, tandis que le <strong data-start=\"357\" data-end=\"380\">pr\u00e9filtre int\u00e9gr\u00e9<\/strong> prot\u00e8ge la valve des impuret\u00e9s pr\u00e9sentes dans l&rsquo;eau, garantissant une fiabilit\u00e9 et une durabilit\u00e9 accrues dans le temps.<\/p>\n<p data-start=\"488\" data-end=\"546\">Id\u00e9al pour les <strong data-start=\"499\" data-end=\"545\">installations d&rsquo;abreuvement dans les \u00e9levages<\/strong>.<\/p>\n<h3 data-section-id=\"w1my6q\" data-start=\"548\" data-end=\"580\"><strong data-start=\"552\" data-end=\"580\">Caract\u00e9ristiques techniques<\/strong><\/h3>\n<ul data-start=\"582\" data-end=\"873\">\n<li data-section-id=\"9k0ln1\" data-start=\"582\" data-end=\"612\">\n<p data-start=\"584\" data-end=\"612\"><strong data-start=\"584\" data-end=\"604\">Code produit :<\/strong> FAR15<\/p>\n<\/li>\n<li data-section-id=\"5wopsd\" data-start=\"613\" data-end=\"641\">\n<p data-start=\"615\" data-end=\"641\"><strong data-start=\"615\" data-end=\"635\">Mat\u00e9riau du corps :<\/strong> ABS<\/p>\n<\/li>\n<li data-section-id=\"13d7o5w\" data-start=\"642\" data-end=\"687\">\n<p data-start=\"644\" data-end=\"687\"><strong data-start=\"644\" data-end=\"656\">Raccord :<\/strong> filetage m\u00e2le <strong data-start=\"677\" data-end=\"685\">1\/2&Prime;<\/strong><\/p>\n<\/li>\n<li data-section-id=\"qy9hb0\" data-start=\"688\" data-end=\"715\">\n<p data-start=\"690\" data-end=\"715\"><strong data-start=\"690\" data-end=\"713\">Pr\u00e9filtre int\u00e9gr\u00e9<\/strong><\/p>\n<\/li>\n<li data-section-id=\"19g44ab\" data-start=\"716\" data-end=\"749\">\n<p data-start=\"718\" data-end=\"749\"><strong data-start=\"718\" data-end=\"747\">R\u00e9gulation du niveau d&rsquo;eau<\/strong><\/p>\n<\/li>\n<li data-section-id=\"1oov41n\" data-start=\"750\" data-end=\"798\">\n<p data-start=\"752\" data-end=\"798\"><strong data-start=\"752\" data-end=\"783\">Grand joint inclus :<\/strong> 33 \u00d7 20,5 mm<\/p>\n<\/li>\n<li data-section-id=\"1obzsug\" data-start=\"799\" data-end=\"843\">\n<p data-start=\"801\" data-end=\"843\"><strong data-start=\"801\" data-end=\"828\">Pression de service :<\/strong> 0,5 \u2013 10 bar<\/p>\n<\/li>\n<li data-section-id=\"adjn5y\" data-start=\"844\" data-end=\"873\">\n<p data-start=\"846\" data-end=\"873\"><strong data-start=\"846\" data-end=\"859\">Utilisation :<\/strong> abreuvoirs<\/p>\n<\/li>\n<\/ul>\n<h3 data-section-id=\"8whuzw\" data-start=\"875\" data-end=\"896\"><strong data-start=\"879\" data-end=\"896\">D\u00e9bit d&rsquo;eau<\/strong><\/h3>\n<ul data-start=\"898\" data-end=\"970\">\n<li data-section-id=\"8sx5mv\" data-start=\"898\" data-end=\"922\">\n<p data-start=\"900\" data-end=\"922\"><strong data-start=\"900\" data-end=\"920\">36 L\/min \u00e0 3 bar<\/strong><\/p>\n<\/li>\n<li data-section-id=\"2lljdb\" data-start=\"923\" data-end=\"947\">\n<p data-start=\"925\" data-end=\"947\"><strong data-start=\"925\" data-end=\"945\">39 L\/min \u00e0 4 bar<\/strong><\/p>\n<\/li>\n<li data-section-id=\"9jvw6a\" data-start=\"948\" data-end=\"970\">\n<p data-start=\"950\" data-end=\"970\"><strong data-start=\"950\" data-end=\"970\">42 L\/min \u00e0 5 bar<\/strong><\/p>\n<\/li>\n<\/ul>\n<h3 data-section-id=\"1cf253l\" data-start=\"972\" data-end=\"993\"><strong data-start=\"976\" data-end=\"993\">Installation<\/strong><\/h3>\n<p data-start=\"995\" data-end=\"1114\">Pour une installation et un fonctionnement corrects, il est n\u00e9cessaire de pr\u00e9voir un <strong data-start=\"1069\" data-end=\"1113\">espace libre sup\u00e9rieur minimum de 196 mm<\/strong>.<\/p>\n<p>\ud83d\udc49 Demandez un prix pour la revente :  <a href=\"mailto:info@fdasrl.it\">CLIQUEZ ICI<\/a><\/p>\n<p>\ud83d\udc49 Achetez en ligne : <a href=\"https:\/\/fda-shop.it\/shop\/articoli-per-allevamento\/abbeveratoi\/galleggiante-in-abs-per-abbeveratoio-1-2-pollice#\/25-accessori_e_confezioni-singola_unita\">CLIQUEZ ICI<\/a><\/p>\n","protected":false},"excerpt":{"rendered":"<p><strong data-start=\"0\" data-end=\"64\" data-is-only-node=\"\">Flotteur avec valve pour abreuvoir FAR15 avec raccord 1\/2&Prime; m\u00e2le<\/strong>, r\u00e9alis\u00e9 en <strong data-start=\"80\" data-end=\"98\">ABS r\u00e9sistant<\/strong> et \u00e9quip\u00e9 d&rsquo;un <strong data-start=\"113\" data-end=\"136\">pr\u00e9filtre int\u00e9gr\u00e9<\/strong> et d&rsquo;un <strong data-start=\"139\" data-end=\"167\">joint 33 \u00d7 20,5 mm<\/strong>.<br data-start=\"168\" data-end=\"171\">Permet la <strong data-start=\"183\" data-end=\"221\">r\u00e9gulation du niveau d&rsquo;eau<\/strong> et garantit un d\u00e9bit jusqu&rsquo;\u00e0 <strong data-start=\"254\" data-end=\"266\">42 L\/min<\/strong> (\u00e0 5 bar).<br data-start=\"277\" data-end=\"280\">Adapt\u00e9 aux installations d&rsquo;<strong data-start=\"303\" data-end=\"334\">abreuvement en \u00e9levage<\/strong>, avec une pression de service de <strong data-start=\"363\" data-end=\"379\">0,5 \u2013 10 bar<\/strong>.<\/p>\n","protected":false},"featured_media":1186,"comment_status":"open","ping_status":"closed","template":"","meta":{"_et_pb_use_builder":"","_et_pb_old_content":"","_et_gb_content_width":""},"product_brand":[],"product_cat":[547,523,546,524],"product_tag":[602],"class_list":{"0":"post-2635","1":"product","2":"type-product","3":"status-publish","4":"has-post-thumbnail","6":"product_cat-abreuvoirs-2","7":"product_cat-abreuvoirs","8":"product_cat-bacs-inox-pour-etables","9":"product_cat-vannes-et-flotteurs","10":"product_tag-far15","12":"first","13":"instock","14":"shipping-taxable","15":"product-type-simple"},"yoast_head":"<!-- This site is optimized with the Yoast SEO Premium plugin v27.5 (Yoast SEO v27.5) - https:\/\/yoast.com\/product\/yoast-seo-premium-wordpress\/ -->\n<title>Flotteur pour abreuvoir 1\/2 avec pr\u00e9filtre \u2013 Syst\u00e8me Efficace<\/title>\n<meta name=\"description\" content=\"Maintenez le niveau d&#039;eau constant gr\u00e2ce au flotteur pour abreuvoir 1\/2 avec pr\u00e9filtre. Fiable et durable pour vos besoins d&#039;\u00e9levage.\" \/>\n<meta name=\"robots\" content=\"index, follow, max-snippet:-1, max-image-preview:large, max-video-preview:-1\" \/>\n<link rel=\"canonical\" href=\"https:\/\/fdasrl.it\/fr\/prodotto\/flotteur-pour-abreuvoir-avec-prefiltre-1-2-far15\/\" \/>\n<meta property=\"og:locale\" content=\"fr_FR\" \/>\n<meta property=\"og:type\" content=\"article\" \/>\n<meta property=\"og:title\" content=\"Flotteur pour abreuvoir avec pr\u00e9filtre 1\/2&quot; \u2013 FAR15\" \/>\n<meta property=\"og:description\" content=\"Maintenez le niveau d&#039;eau constant gr\u00e2ce au flotteur pour abreuvoir 1\/2 avec pr\u00e9filtre. Fiable et durable pour vos besoins d&#039;\u00e9levage.\" \/>\n<meta property=\"og:url\" content=\"https:\/\/fdasrl.it\/fr\/prodotto\/flotteur-pour-abreuvoir-avec-prefiltre-1-2-far15\/\" \/>\n<meta property=\"og:site_name\" content=\"FDA srl\" \/>\n<meta property=\"article:publisher\" content=\"https:\/\/www.facebook.com\/share\/1MWhFWg1Tp\/?mibextid=LQQJ4d\" \/>\n<meta property=\"og:image\" content=\"https:\/\/fdasrl.it\/wp-content\/uploads\/2026\/03\/Galleggiante-per-abbeveratoio-con-prefiltro-FAR15-1.webp\" \/>\n\t<meta property=\"og:image:width\" content=\"2048\" \/>\n\t<meta property=\"og:image:height\" content=\"1365\" \/>\n\t<meta property=\"og:image:type\" content=\"image\/webp\" \/>\n<meta name=\"twitter:card\" content=\"summary_large_image\" \/>\n<meta name=\"twitter:label1\" content=\"Prix\" \/>\n\t<meta name=\"twitter:data1\" content=\"\" \/>\n\t<meta name=\"twitter:label2\" content=\"Disponibilit\u00e9\" \/>\n\t<meta name=\"twitter:data2\" content=\"En stock\" \/>\n<meta property=\"product:price:currency\" content=\"EUR\" \/>\n<meta property=\"og:availability\" content=\"instock\" \/>\n<meta property=\"product:availability\" content=\"instock\" \/>\n<meta property=\"product:retailer_item_id\" content=\"FAR15\" \/>\n<meta property=\"product:condition\" content=\"new\" \/>\n<!-- \/ Yoast SEO Premium plugin. -->","yoast_head_json":{"title":"Flotteur pour abreuvoir 1\/2 avec pr\u00e9filtre \u2013 Syst\u00e8me Efficace","description":"Maintenez le niveau d'eau constant gr\u00e2ce au flotteur pour abreuvoir 1\/2 avec pr\u00e9filtre. Fiable et durable pour vos besoins d'\u00e9levage.","robots":{"index":"index","follow":"follow","max-snippet":"max-snippet:-1","max-image-preview":"max-image-preview:large","max-video-preview":"max-video-preview:-1"},"canonical":"https:\/\/fdasrl.it\/fr\/prodotto\/flotteur-pour-abreuvoir-avec-prefiltre-1-2-far15\/","og_locale":"fr_FR","og_type":"article","og_title":"Flotteur pour abreuvoir avec pr\u00e9filtre 1\/2\" \u2013 FAR15","og_description":"Maintenez le niveau d'eau constant gr\u00e2ce au flotteur pour abreuvoir 1\/2 avec pr\u00e9filtre. Fiable et durable pour vos besoins d'\u00e9levage.","og_url":"https:\/\/fdasrl.it\/fr\/prodotto\/flotteur-pour-abreuvoir-avec-prefiltre-1-2-far15\/","og_site_name":"FDA srl","article_publisher":"https:\/\/www.facebook.com\/share\/1MWhFWg1Tp\/?mibextid=LQQJ4d","og_image":[{"width":2048,"height":1365,"url":"https:\/\/fdasrl.it\/wp-content\/uploads\/2026\/03\/Galleggiante-per-abbeveratoio-con-prefiltro-FAR15-1.webp","type":"image\/webp"}],"twitter_card":"summary_large_image","twitter_misc":{"Prix":"","Disponibilit\u00e9":"En stock"},"schema":{"@context":"https:\/\/schema.org","@graph":[{"@type":"WebPage","@id":"https:\/\/fdasrl.it\/fr\/prodotto\/flotteur-pour-abreuvoir-avec-prefiltre-1-2-far15\/","url":"https:\/\/fdasrl.it\/fr\/prodotto\/flotteur-pour-abreuvoir-avec-prefiltre-1-2-far15\/","name":"Flotteur pour abreuvoir 1\/2 avec pr\u00e9filtre \u2013 Syst\u00e8me Efficace","isPartOf":{"@id":"https:\/\/fdasrl.it\/fr\/#website"},"primaryImageOfPage":{"@id":"https:\/\/fdasrl.it\/fr\/prodotto\/flotteur-pour-abreuvoir-avec-prefiltre-1-2-far15\/#primaryimage"},"image":{"@id":"https:\/\/fdasrl.it\/fr\/prodotto\/flotteur-pour-abreuvoir-avec-prefiltre-1-2-far15\/#primaryimage"},"thumbnailUrl":"https:\/\/fdasrl.it\/wp-content\/uploads\/2026\/03\/Galleggiante-per-abbeveratoio-con-prefiltro-FAR15-1.webp","datePublished":"2026-03-05T16:00:08+00:00","description":"Maintenez le niveau d'eau constant gr\u00e2ce au flotteur pour abreuvoir 1\/2 avec pr\u00e9filtre. Fiable et durable pour vos besoins d'\u00e9levage.","breadcrumb":{"@id":"https:\/\/fdasrl.it\/fr\/prodotto\/flotteur-pour-abreuvoir-avec-prefiltre-1-2-far15\/#breadcrumb"},"inLanguage":"fr-FR","potentialAction":[{"@type":"ReadAction","target":["https:\/\/fdasrl.it\/fr\/prodotto\/flotteur-pour-abreuvoir-avec-prefiltre-1-2-far15\/"]}]},{"@type":"ImageObject","inLanguage":"fr-FR","@id":"https:\/\/fdasrl.it\/fr\/prodotto\/flotteur-pour-abreuvoir-avec-prefiltre-1-2-far15\/#primaryimage","url":"https:\/\/fdasrl.it\/wp-content\/uploads\/2026\/03\/Galleggiante-per-abbeveratoio-con-prefiltro-FAR15-1.webp","contentUrl":"https:\/\/fdasrl.it\/wp-content\/uploads\/2026\/03\/Galleggiante-per-abbeveratoio-con-prefiltro-FAR15-1.webp","width":2048,"height":1365,"caption":"Flotteur pour abreuvoirs automatiques avec pr\u00e9filtre int\u00e9gr\u00e9."},{"@type":"BreadcrumbList","@id":"https:\/\/fdasrl.it\/fr\/prodotto\/flotteur-pour-abreuvoir-avec-prefiltre-1-2-far15\/#breadcrumb","itemListElement":[{"@type":"ListItem","position":1,"name":"Home","item":"https:\/\/fdasrl.it\/fr\/accueil\/"},{"@type":"ListItem","position":2,"name":"Boutique","item":"https:\/\/fdasrl.it\/fr\/boutique\/"},{"@type":"ListItem","position":3,"name":"Flotteur pour abreuvoir avec pr\u00e9filtre 1\/2&#8243; \u2013 FAR15"}]},{"@type":"WebSite","@id":"https:\/\/fdasrl.it\/fr\/#website","url":"https:\/\/fdasrl.it\/fr\/","name":"FDA srl","description":"Equipment for animal husbandry","publisher":{"@id":"https:\/\/fdasrl.it\/fr\/#organization"},"potentialAction":[{"@type":"SearchAction","target":{"@type":"EntryPoint","urlTemplate":"https:\/\/fdasrl.it\/fr\/?s={search_term_string}"},"query-input":{"@type":"PropertyValueSpecification","valueRequired":true,"valueName":"search_term_string"}}],"inLanguage":"fr-FR"},{"@type":"Organization","@id":"https:\/\/fdasrl.it\/fr\/#organization","name":"FDA srl","url":"https:\/\/fdasrl.it\/fr\/","logo":{"@type":"ImageObject","inLanguage":"fr-FR","@id":"https:\/\/fdasrl.it\/fr\/#\/schema\/logo\/image\/","url":"https:\/\/fdasrl.it\/wp-content\/uploads\/2024\/12\/Logo-FDA.png","contentUrl":"https:\/\/fdasrl.it\/wp-content\/uploads\/2024\/12\/Logo-FDA.png","width":316,"height":119,"caption":"FDA srl"},"image":{"@id":"https:\/\/fdasrl.it\/fr\/#\/schema\/logo\/image\/"},"sameAs":["https:\/\/www.facebook.com\/share\/1MWhFWg1Tp\/?mibextid=LQQJ4d","https:\/\/www.instagram.com\/fda_srl\/profilecard\/?igsh=YW5lbzJ6MWg0d21u","https:\/\/www.youtube.com\/@FDASRL_ANIMALCARE"],"description":"FDA SRL \u2013 Equipment for animal husbandry nasce con l\u2019obiettivo di offrire soluzioni affidabili e innovative per l\u2019allevamento moderno. Con anni di esperienza nel settore zootecnico, progettiamo e realizziamo attrezzature destinate al benessere animale e alla gestione efficiente delle stalle: vasche, abbeveratoi, mangiatoie e sistemi di riscaldamento pensati per durare nel tempo e semplificare il lavoro quotidiano degli allevatori. Dalla progettazione alla produzione, ogni nostro prodotto \u00e8 studiato nei minimi dettagli, testato con cura e costruito per rispondere alle esigenze reali del settore. La nostra forza \u00e8 unire artigianalit\u00e0, tecnologia e competenza tecnica per trasformare ogni progetto in una soluzione concreta e funzionale. Oggi FDA SRL \u00e8 un punto di riferimento per privati e rivenditori che cercano qualit\u00e0, affidabilit\u00e0 e innovazione nelle attrezzature per l\u2019allevamento.","email":"info@fdasrl.it","telephone":"+390522826820","legalName":"F.D.A. SRL","foundingDate":"2024-10-13","vatID":"03075840359","taxID":"03075840359","numberOfEmployees":{"@type":"QuantitativeValue","minValue":"1","maxValue":"10"}}]},"product_price_currency":"EUR","og_availability":"instock","product_availability":"instock","product_retailer_item_id":"FAR15","product_condition":"new"},"_links":{"self":[{"href":"https:\/\/fdasrl.it\/fr\/wp-json\/wp\/v2\/product\/2635","targetHints":{"allow":["GET"]}}],"collection":[{"href":"https:\/\/fdasrl.it\/fr\/wp-json\/wp\/v2\/product"}],"about":[{"href":"https:\/\/fdasrl.it\/fr\/wp-json\/wp\/v2\/types\/product"}],"replies":[{"embeddable":true,"href":"https:\/\/fdasrl.it\/fr\/wp-json\/wp\/v2\/comments?post=2635"}],"wp:featuredmedia":[{"embeddable":true,"href":"https:\/\/fdasrl.it\/fr\/wp-json\/wp\/v2\/media\/1186"}],"wp:attachment":[{"href":"https:\/\/fdasrl.it\/fr\/wp-json\/wp\/v2\/media?parent=2635"}],"wp:term":[{"taxonomy":"product_brand","embeddable":true,"href":"https:\/\/fdasrl.it\/fr\/wp-json\/wp\/v2\/product_brand?post=2635"},{"taxonomy":"product_cat","embeddable":true,"href":"https:\/\/fdasrl.it\/fr\/wp-json\/wp\/v2\/product_cat?post=2635"},{"taxonomy":"product_tag","embeddable":true,"href":"https:\/\/fdasrl.it\/fr\/wp-json\/wp\/v2\/product_tag?post=2635"}],"curies":[{"name":"wp","href":"https:\/\/api.w.org\/{rel}","templated":true}]}}