{"id":2674,"date":"2026-03-10T09:04:32","date_gmt":"2026-03-10T08:04:32","guid":{"rendered":"https:\/\/fdasrl.it\/prodotto\/abreuvoir-en-fonte-fa-be-max-avec-pendule-renforce-fda-pour-bovins-et-equins-cuvette-5-litres\/"},"modified":"2026-03-10T09:04:32","modified_gmt":"2026-03-10T08:04:32","slug":"abreuvoir-en-fonte-fa-be-max-avec-pendule-renforce-fda-pour-bovins-et-equins-cuvette-5-litres","status":"publish","type":"product","link":"https:\/\/fdasrl.it\/fr\/prodotto\/abreuvoir-en-fonte-fa-be-max-avec-pendule-renforce-fda-pour-bovins-et-equins-cuvette-5-litres\/","title":{"rendered":"Abreuvoir en Fonte FA-BE MAX avec Pendule Renforc\u00e9 FDA pour Bovins et \u00c9quins \u2013 Cuvette 5 Litres"},"content":{"rendered":"<h2 data-section-id=\"1y7oiug\" data-start=\"163\" data-end=\"268\">\ud83d\udc04 Abreuvoir en Fonte FA-BE MAX avec Pendule Renforc\u00e9 FDA pour Bovins et \u00c9quins \u2013 Cuvette 5 Litres<\/h2>\n<p data-start=\"270\" data-end=\"599\">L&rsquo;<strong data-start=\"272\" data-end=\"334\">abreuvoir en fonte FA-BE MAX avec pendule renforc\u00e9 FDA<\/strong> est con\u00e7u pour bovins et \u00e9quins en stabulation fixe. Gr\u00e2ce \u00e0 la structure en fonte avec <strong data-start=\"426\" data-end=\"470\">traitement anticorrosion par cataphor\u00e8se<\/strong>, il garantit une r\u00e9sistance \u00e9lev\u00e9e \u00e0 la rouille, une longue dur\u00e9e de vie et une fiabilit\u00e9 maximale m\u00eame dans les environnements d&rsquo;\u00e9table les plus exigeants. <\/p>\n<p data-start=\"601\" data-end=\"802\">De plus, cet <strong data-start=\"617\" data-end=\"665\">abreuvoir de 5 litres pour bovins et \u00e9quins<\/strong> est particuli\u00e8rement adapt\u00e9 aux \u00e9levages professionnels qui requi\u00e8rent robustesse, d\u00e9bit d&rsquo;eau \u00e9lev\u00e9 et facilit\u00e9 d&rsquo;installation.<\/p>\n<p data-start=\"804\" data-end=\"1186\">Par rapport au mod\u00e8le FA-BE standard, la version <strong data-start=\"852\" data-end=\"906\">MAX dispose d&rsquo;une cuvette agrandie de 5 litres<\/strong> ; par cons\u00e9quent, elle assure une plus grande disponibilit\u00e9 d&rsquo;eau pour les animaux. En m\u00eame temps, l&rsquo;abreuvoir est \u00e9quip\u00e9 d&rsquo;une <strong data-start=\"1031\" data-end=\"1070\">valve \u00e0 pression \u00e0 haut d\u00e9bit<\/strong> et d&rsquo;un <strong data-start=\"1076\" data-end=\"1102\">pendule renforc\u00e9 FDA<\/strong>, con\u00e7u sp\u00e9cialement pour r\u00e9sister \u00e0 l&rsquo;utilisation intensive typique des \u00e9tables. <\/p>\n<p data-start=\"1188\" data-end=\"1534\">En ce qui concerne l&rsquo;installation, l&rsquo;abreuvoir peut \u00eatre <strong data-start=\"1251\" data-end=\"1284\">fix\u00e9 directement au mur<\/strong>. Alternativement, il peut \u00eatre <strong data-start=\"1313\" data-end=\"1335\">install\u00e9 sur tube<\/strong> en utilisant le <strong data-start=\"1359\" data-end=\"1443\">kit de fixation compos\u00e9 de 2 colliers (r\u00e9f. FAC0017) avec visserie en acier inoxydable<\/strong>. De cette mani\u00e8re, il est possible de l&rsquo;adapter facilement aux diff\u00e9rentes configurations de l&rsquo;\u00e9table.  <\/p>\n<p data-start=\"295\" data-end=\"490\">Cet <strong data-start=\"302\" data-end=\"359\">abreuvoir en fonte pour bovins et \u00e9quins de 5 litres<\/strong> est con\u00e7u pour garantir fiabilit\u00e9 et durabilit\u00e9 dans les \u00e9levages professionnels. En particulier, il offre plusieurs avantages op\u00e9rationnels : <\/p>\n<ul data-start=\"492\" data-end=\"874\">\n<li data-section-id=\"1l5zpv\" data-start=\"492\" data-end=\"570\">\n<p data-start=\"494\" data-end=\"570\"><strong data-start=\"494\" data-end=\"529\">Cuvette agrandie de 5 litres<\/strong> pour une plus grande disponibilit\u00e9 d&rsquo;eau<\/p>\n<\/li>\n<li data-section-id=\"14hu1d\" data-start=\"571\" data-end=\"646\">\n<p data-start=\"573\" data-end=\"646\"><strong data-start=\"573\" data-end=\"615\">Valve \u00e0 pendule renforc\u00e9 FDA FAR17<\/strong> r\u00e9sistante \u00e0 l&rsquo;usage intensif <a href=\"https:\/\/fdasrl.it\/fr\/prodotto\/vanne-a-pendule-far17-pour-abreuvoirs\/\">(pour plus d&rsquo;informations cliquez ici)<\/a><\/p>\n<\/li>\n<li data-section-id=\"1njywgi\" data-start=\"647\" data-end=\"720\">\n<p data-start=\"649\" data-end=\"720\"><strong data-start=\"649\" data-end=\"692\">D\u00e9bit d&rsquo;eau jusqu&rsquo;\u00e0 20 L\/min \u00e0 3 bar<\/strong> pour un remplissage rapide<\/p>\n<\/li>\n<li data-section-id=\"lz6viv\" data-start=\"721\" data-end=\"801\">\n<p data-start=\"723\" data-end=\"801\"><strong data-start=\"723\" data-end=\"776\">Structure en fonte avec traitement anticorrosion<\/strong> pour environnements d&rsquo;\u00e9table<\/p>\n<\/li>\n<li data-section-id=\"1ywa03g\" data-start=\"802\" data-end=\"874\">\n<p data-start=\"804\" data-end=\"874\"><strong data-start=\"804\" data-end=\"832\">Installation flexible<\/strong> au mur ou sur tube avec kit FAC0017<\/p>\n<\/li>\n<\/ul>\n<hr data-start=\"1536\" data-end=\"1539\">\n<h2 data-section-id=\"og5zk7\" data-start=\"1541\" data-end=\"1571\">\u2699\ufe0f Caract\u00e9ristiques techniques<\/h2>\n<p data-start=\"1573\" data-end=\"1597\"><strong data-start=\"1573\" data-end=\"1585\">Mod\u00e8le :<\/strong> FA-BE MAX<\/p>\n<p data-start=\"1599\" data-end=\"1677\"><strong data-start=\"1599\" data-end=\"1613\">Mat\u00e9riau :<\/strong> Fonte peinte avec traitement anticorrosion par cataphor\u00e8se<\/p>\n<p data-start=\"1679\" data-end=\"1729\"><strong data-start=\"1679\" data-end=\"1691\">Valve :<\/strong> Valve \u00e0 pression \u00e0 haut d\u00e9bit<\/p>\n<p data-start=\"1731\" data-end=\"1793\"><strong data-start=\"1731\" data-end=\"1752\">Type d&rsquo;activation :<\/strong> Valve \u00e0 pendule renforc\u00e9 FDA FAR17<\/p>\n<p data-start=\"1795\" data-end=\"1847\"><strong data-start=\"1795\" data-end=\"1813\">D\u00e9bit d&rsquo;eau :<\/strong> 20 L\/min avec pression de 3 bar<\/p>\n<p data-start=\"1849\" data-end=\"1888\"><strong data-start=\"1849\" data-end=\"1876\">Pression de service :<\/strong> 0 \u2013 5 atm<\/p>\n<p data-start=\"1890\" data-end=\"1923\"><strong data-start=\"1890\" data-end=\"1913\">Capacit\u00e9 de la cuvette :<\/strong> 5 litres<\/p>\n<p data-start=\"1925\" data-end=\"2005\"><strong data-start=\"1925\" data-end=\"1949\">Raccordement hydraulique :<\/strong> Raccord 1\/2\u2033 avec arriv\u00e9e d&rsquo;eau sup\u00e9rieure ou inf\u00e9rieure<\/p>\n<p data-start=\"2007\" data-end=\"2062\"><strong data-start=\"2007\" data-end=\"2022\">Dimensions :<\/strong><br data-start=\"2022\" data-end=\"2025\">Longueur 305 mm<br data-start=\"2041\" data-end=\"2044\">Largeur 240 mm<\/p>\n<p data-start=\"2064\" data-end=\"2082\"><strong data-start=\"2064\" data-end=\"2073\">Poids :<\/strong> 9,5 kg<\/p>\n<p data-start=\"2084\" data-end=\"2187\"><strong data-start=\"2084\" data-end=\"2102\">Installation :<\/strong><br data-start=\"2102\" data-end=\"2105\">Fixation murale ou sur tube avec <strong data-start=\"2143\" data-end=\"2187\">kit FAC0017 (2 \u00e9triers + boulonnerie inox)<\/strong><\/p>\n<hr data-start=\"2189\" data-end=\"2192\">\n<h2 data-section-id=\"50c332\" data-start=\"2194\" data-end=\"2218\">\u2705 Avantages principaux<\/h2>\n<p data-start=\"2220\" data-end=\"2684\">\u2714 <strong data-start=\"2222\" data-end=\"2266\">Traitement par cataphor\u00e8se anticorrosion<\/strong>, donc dur\u00e9e de vie prolong\u00e9e<br data-start=\"2300\" data-end=\"2303\">\u2714 <strong data-start=\"2305\" data-end=\"2340\">Cuvette agrandie de 5 litres<\/strong>, qui garantit plus d&rsquo;eau disponible<br data-start=\"2378\" data-end=\"2381\">\u2714 <strong data-start=\"2383\" data-end=\"2409\">Pendule renforc\u00e9 FDA<\/strong>, con\u00e7u pour un usage intensif<br data-start=\"2442\" data-end=\"2445\">\u2714 <strong data-start=\"2447\" data-end=\"2485\">Valve \u00e0 haut d\u00e9bit (20 L\/min)<\/strong>, qui assure un flux d&rsquo;eau rapide et constant<br data-start=\"2535\" data-end=\"2538\">\u2714 <strong data-start=\"2540\" data-end=\"2570\">Structure robuste en fonte<\/strong>, id\u00e9ale pour environnements d&rsquo;\u00e9table<br data-start=\"2601\" data-end=\"2604\">\u2714 <strong data-start=\"2606\" data-end=\"2633\">Installation polyvalente<\/strong>, gr\u00e2ce \u00e0 l&rsquo;arriv\u00e9e d&rsquo;eau sup\u00e9rieure ou inf\u00e9rieure<\/p>\n<hr data-start=\"1836\" data-end=\"1839\">\n<p>\ud83d\udc49 Demandez un prix pour la revente : <a href=\"mailto:info@fdasrl.it\">CLIQUEZ ICI<\/a><\/p>\n<p>\ud83d\udc49 Achetez en ligne : <a href=\"https:\/\/fda-shop.it\/shop\/articoli-per-allevamento\/abbeveratoi\/abbeveratoio-in-ghisa-fa-be-max-con-pendolo-rinforzato-fda-per-bovini-ed-equini-vaschetta-5-litri#\/299-tipo_di_fissaggio_-a_muro\">CLIQUEZ ICI<\/a><\/p>\n","protected":false},"excerpt":{"rendered":"<p>Abreuvoir en fonte FA-BE MAX avec pendule renforc\u00e9 FDA, id\u00e9al pour bovins et \u00e9quins en stabulation fixe. Cuvette agrandie de 5 litres avec valve \u00e0 pression \u00e0 haut d\u00e9bit (20 L\/min \u00e0 3 bar). Arriv\u00e9e d&rsquo;eau sup\u00e9rieure ou inf\u00e9rieure avec raccord de 1\/2\u2033. Installation murale ou sur tube.   <\/p>\n","protected":false},"featured_media":1212,"comment_status":"open","ping_status":"closed","template":"","meta":{"_et_pb_use_builder":"","_et_pb_old_content":"","_et_gb_content_width":""},"product_brand":[],"product_cat":[547,523,396,611],"product_tag":[612],"class_list":{"0":"post-2674","1":"product","2":"type-product","3":"status-publish","4":"has-post-thumbnail","6":"product_cat-abreuvoirs-2","7":"product_cat-abreuvoirs","8":"product_cat-bovins","9":"product_cat-chevaux","10":"product_tag-fa-be-max","12":"first","13":"instock","14":"shipping-taxable","15":"product-type-simple"},"yoast_head":"<!-- This site is optimized with the Yoast SEO Premium plugin v27.5 (Yoast SEO v27.5) - https:\/\/yoast.com\/product\/yoast-seo-premium-wordpress\/ -->\n<title>Abreuvoir fonte bovins \u00e9quins 5 litres pour chaque \u00e9table<\/title>\n<meta name=\"description\" content=\"Assurez une eau fra\u00eeche et abondante avec notre abreuvoir fonte bovins \u00e9quins 5 litres ! Le meilleur choix pour le bien-\u00eatre des animaux. \ud83d\udca7\" \/>\n<meta name=\"robots\" content=\"index, follow, max-snippet:-1, max-image-preview:large, max-video-preview:-1\" \/>\n<link rel=\"canonical\" href=\"https:\/\/fdasrl.it\/fr\/prodotto\/abreuvoir-en-fonte-fa-be-max-avec-pendule-renforce-fda-pour-bovins-et-equins-cuvette-5-litres\/\" \/>\n<meta property=\"og:locale\" content=\"fr_FR\" \/>\n<meta property=\"og:type\" content=\"article\" \/>\n<meta property=\"og:title\" content=\"Abreuvoir en Fonte FA-BE MAX avec Pendule Renforc\u00e9 FDA pour Bovins et \u00c9quins \u2013 Cuvette 5 Litres\" \/>\n<meta property=\"og:description\" content=\"Assurez une eau fra\u00eeche et abondante avec notre abreuvoir fonte bovins \u00e9quins 5 litres ! Le meilleur choix pour le bien-\u00eatre des animaux. \ud83d\udca7\" \/>\n<meta property=\"og:url\" content=\"https:\/\/fdasrl.it\/fr\/prodotto\/abreuvoir-en-fonte-fa-be-max-avec-pendule-renforce-fda-pour-bovins-et-equins-cuvette-5-litres\/\" \/>\n<meta property=\"og:site_name\" content=\"FDA srl\" \/>\n<meta property=\"article:publisher\" content=\"https:\/\/www.facebook.com\/share\/1MWhFWg1Tp\/?mibextid=LQQJ4d\" \/>\n<meta property=\"og:image\" content=\"https:\/\/fdasrl.it\/wp-content\/uploads\/2026\/03\/FABE-max-abbeveratoi-elevata-capienza-FDA-1.webp\" \/>\n\t<meta property=\"og:image:width\" content=\"1884\" \/>\n\t<meta property=\"og:image:height\" content=\"2048\" \/>\n\t<meta property=\"og:image:type\" content=\"image\/webp\" \/>\n<meta name=\"twitter:card\" content=\"summary_large_image\" \/>\n<meta name=\"twitter:label1\" content=\"Prix\" \/>\n\t<meta name=\"twitter:data1\" content=\"\" \/>\n\t<meta name=\"twitter:label2\" content=\"Disponibilit\u00e9\" \/>\n\t<meta name=\"twitter:data2\" content=\"En stock\" \/>\n<meta property=\"product:price:currency\" content=\"EUR\" \/>\n<meta property=\"og:availability\" content=\"instock\" \/>\n<meta property=\"product:availability\" content=\"instock\" \/>\n<meta property=\"product:retailer_item_id\" content=\"FA-BE MAX\" \/>\n<meta property=\"product:condition\" content=\"new\" \/>\n<!-- \/ Yoast SEO Premium plugin. -->","yoast_head_json":{"title":"Abreuvoir fonte bovins \u00e9quins 5 litres pour chaque \u00e9table","description":"Assurez une eau fra\u00eeche et abondante avec notre abreuvoir fonte bovins \u00e9quins 5 litres ! Le meilleur choix pour le bien-\u00eatre des animaux. \ud83d\udca7","robots":{"index":"index","follow":"follow","max-snippet":"max-snippet:-1","max-image-preview":"max-image-preview:large","max-video-preview":"max-video-preview:-1"},"canonical":"https:\/\/fdasrl.it\/fr\/prodotto\/abreuvoir-en-fonte-fa-be-max-avec-pendule-renforce-fda-pour-bovins-et-equins-cuvette-5-litres\/","og_locale":"fr_FR","og_type":"article","og_title":"Abreuvoir en Fonte FA-BE MAX avec Pendule Renforc\u00e9 FDA pour Bovins et \u00c9quins \u2013 Cuvette 5 Litres","og_description":"Assurez une eau fra\u00eeche et abondante avec notre abreuvoir fonte bovins \u00e9quins 5 litres ! Le meilleur choix pour le bien-\u00eatre des animaux. \ud83d\udca7","og_url":"https:\/\/fdasrl.it\/fr\/prodotto\/abreuvoir-en-fonte-fa-be-max-avec-pendule-renforce-fda-pour-bovins-et-equins-cuvette-5-litres\/","og_site_name":"FDA srl","article_publisher":"https:\/\/www.facebook.com\/share\/1MWhFWg1Tp\/?mibextid=LQQJ4d","og_image":[{"width":1884,"height":2048,"url":"https:\/\/fdasrl.it\/wp-content\/uploads\/2026\/03\/FABE-max-abbeveratoi-elevata-capienza-FDA-1.webp","type":"image\/webp"}],"twitter_card":"summary_large_image","twitter_misc":{"Prix":"","Disponibilit\u00e9":"En stock"},"schema":{"@context":"https:\/\/schema.org","@graph":[{"@type":"WebPage","@id":"https:\/\/fdasrl.it\/fr\/prodotto\/abreuvoir-en-fonte-fa-be-max-avec-pendule-renforce-fda-pour-bovins-et-equins-cuvette-5-litres\/","url":"https:\/\/fdasrl.it\/fr\/prodotto\/abreuvoir-en-fonte-fa-be-max-avec-pendule-renforce-fda-pour-bovins-et-equins-cuvette-5-litres\/","name":"Abreuvoir fonte bovins \u00e9quins 5 litres pour chaque \u00e9table","isPartOf":{"@id":"https:\/\/fdasrl.it\/fr\/#website"},"primaryImageOfPage":{"@id":"https:\/\/fdasrl.it\/fr\/prodotto\/abreuvoir-en-fonte-fa-be-max-avec-pendule-renforce-fda-pour-bovins-et-equins-cuvette-5-litres\/#primaryimage"},"image":{"@id":"https:\/\/fdasrl.it\/fr\/prodotto\/abreuvoir-en-fonte-fa-be-max-avec-pendule-renforce-fda-pour-bovins-et-equins-cuvette-5-litres\/#primaryimage"},"thumbnailUrl":"https:\/\/fdasrl.it\/wp-content\/uploads\/2026\/03\/FABE-max-abbeveratoi-elevata-capienza-FDA-1.webp","datePublished":"2026-03-10T08:04:32+00:00","description":"Assurez une eau fra\u00eeche et abondante avec notre abreuvoir fonte bovins \u00e9quins 5 litres ! Le meilleur choix pour le bien-\u00eatre des animaux. \ud83d\udca7","breadcrumb":{"@id":"https:\/\/fdasrl.it\/fr\/prodotto\/abreuvoir-en-fonte-fa-be-max-avec-pendule-renforce-fda-pour-bovins-et-equins-cuvette-5-litres\/#breadcrumb"},"inLanguage":"fr-FR","potentialAction":[{"@type":"ReadAction","target":["https:\/\/fdasrl.it\/fr\/prodotto\/abreuvoir-en-fonte-fa-be-max-avec-pendule-renforce-fda-pour-bovins-et-equins-cuvette-5-litres\/"]}]},{"@type":"ImageObject","inLanguage":"fr-FR","@id":"https:\/\/fdasrl.it\/fr\/prodotto\/abreuvoir-en-fonte-fa-be-max-avec-pendule-renforce-fda-pour-bovins-et-equins-cuvette-5-litres\/#primaryimage","url":"https:\/\/fdasrl.it\/wp-content\/uploads\/2026\/03\/FABE-max-abbeveratoi-elevata-capienza-FDA-1.webp","contentUrl":"https:\/\/fdasrl.it\/wp-content\/uploads\/2026\/03\/FABE-max-abbeveratoi-elevata-capienza-FDA-1.webp","width":1884,"height":2048,"caption":"Abreuvoir en fonte \u00e0 haute capacit\u00e9 id\u00e9al pour bovins et \u00e9quins et \u00e9levages intensifs."},{"@type":"BreadcrumbList","@id":"https:\/\/fdasrl.it\/fr\/prodotto\/abreuvoir-en-fonte-fa-be-max-avec-pendule-renforce-fda-pour-bovins-et-equins-cuvette-5-litres\/#breadcrumb","itemListElement":[{"@type":"ListItem","position":1,"name":"Home","item":"https:\/\/fdasrl.it\/fr\/accueil\/"},{"@type":"ListItem","position":2,"name":"Boutique","item":"https:\/\/fdasrl.it\/fr\/boutique\/"},{"@type":"ListItem","position":3,"name":"Abreuvoir en Fonte FA-BE MAX avec Pendule Renforc\u00e9 FDA pour Bovins et \u00c9quins \u2013 Cuvette 5 Litres"}]},{"@type":"WebSite","@id":"https:\/\/fdasrl.it\/fr\/#website","url":"https:\/\/fdasrl.it\/fr\/","name":"FDA srl","description":"Equipment for animal husbandry","publisher":{"@id":"https:\/\/fdasrl.it\/fr\/#organization"},"potentialAction":[{"@type":"SearchAction","target":{"@type":"EntryPoint","urlTemplate":"https:\/\/fdasrl.it\/fr\/?s={search_term_string}"},"query-input":{"@type":"PropertyValueSpecification","valueRequired":true,"valueName":"search_term_string"}}],"inLanguage":"fr-FR"},{"@type":"Organization","@id":"https:\/\/fdasrl.it\/fr\/#organization","name":"FDA srl","url":"https:\/\/fdasrl.it\/fr\/","logo":{"@type":"ImageObject","inLanguage":"fr-FR","@id":"https:\/\/fdasrl.it\/fr\/#\/schema\/logo\/image\/","url":"https:\/\/fdasrl.it\/wp-content\/uploads\/2024\/12\/Logo-FDA.png","contentUrl":"https:\/\/fdasrl.it\/wp-content\/uploads\/2024\/12\/Logo-FDA.png","width":316,"height":119,"caption":"FDA srl"},"image":{"@id":"https:\/\/fdasrl.it\/fr\/#\/schema\/logo\/image\/"},"sameAs":["https:\/\/www.facebook.com\/share\/1MWhFWg1Tp\/?mibextid=LQQJ4d","https:\/\/www.instagram.com\/fda_srl\/profilecard\/?igsh=YW5lbzJ6MWg0d21u","https:\/\/www.youtube.com\/@FDASRL_ANIMALCARE"],"description":"FDA SRL \u2013 Equipment for animal husbandry nasce con l\u2019obiettivo di offrire soluzioni affidabili e innovative per l\u2019allevamento moderno. Con anni di esperienza nel settore zootecnico, progettiamo e realizziamo attrezzature destinate al benessere animale e alla gestione efficiente delle stalle: vasche, abbeveratoi, mangiatoie e sistemi di riscaldamento pensati per durare nel tempo e semplificare il lavoro quotidiano degli allevatori. Dalla progettazione alla produzione, ogni nostro prodotto \u00e8 studiato nei minimi dettagli, testato con cura e costruito per rispondere alle esigenze reali del settore. La nostra forza \u00e8 unire artigianalit\u00e0, tecnologia e competenza tecnica per trasformare ogni progetto in una soluzione concreta e funzionale. Oggi FDA SRL \u00e8 un punto di riferimento per privati e rivenditori che cercano qualit\u00e0, affidabilit\u00e0 e innovazione nelle attrezzature per l\u2019allevamento.","email":"info@fdasrl.it","telephone":"+390522826820","legalName":"F.D.A. SRL","foundingDate":"2024-10-13","vatID":"03075840359","taxID":"03075840359","numberOfEmployees":{"@type":"QuantitativeValue","minValue":"1","maxValue":"10"}}]},"product_price_currency":"EUR","og_availability":"instock","product_availability":"instock","product_retailer_item_id":"FA-BE MAX","product_condition":"new"},"_links":{"self":[{"href":"https:\/\/fdasrl.it\/fr\/wp-json\/wp\/v2\/product\/2674","targetHints":{"allow":["GET"]}}],"collection":[{"href":"https:\/\/fdasrl.it\/fr\/wp-json\/wp\/v2\/product"}],"about":[{"href":"https:\/\/fdasrl.it\/fr\/wp-json\/wp\/v2\/types\/product"}],"replies":[{"embeddable":true,"href":"https:\/\/fdasrl.it\/fr\/wp-json\/wp\/v2\/comments?post=2674"}],"wp:featuredmedia":[{"embeddable":true,"href":"https:\/\/fdasrl.it\/fr\/wp-json\/wp\/v2\/media\/1212"}],"wp:attachment":[{"href":"https:\/\/fdasrl.it\/fr\/wp-json\/wp\/v2\/media?parent=2674"}],"wp:term":[{"taxonomy":"product_brand","embeddable":true,"href":"https:\/\/fdasrl.it\/fr\/wp-json\/wp\/v2\/product_brand?post=2674"},{"taxonomy":"product_cat","embeddable":true,"href":"https:\/\/fdasrl.it\/fr\/wp-json\/wp\/v2\/product_cat?post=2674"},{"taxonomy":"product_tag","embeddable":true,"href":"https:\/\/fdasrl.it\/fr\/wp-json\/wp\/v2\/product_tag?post=2674"}],"curies":[{"name":"wp","href":"https:\/\/api.w.org\/{rel}","templated":true}]}}