{"id":2712,"date":"2026-03-06T14:03:03","date_gmt":"2026-03-06T13:03:03","guid":{"rendered":"https:\/\/fdasrl.it\/prodotto\/flotteur-pour-abreuvoir-avec-prefiltre-3-4-far19\/"},"modified":"2026-03-06T14:03:03","modified_gmt":"2026-03-06T13:03:03","slug":"flotteur-pour-abreuvoir-avec-prefiltre-3-4-far19","status":"publish","type":"product","link":"https:\/\/fdasrl.it\/fr\/prodotto\/flotteur-pour-abreuvoir-avec-prefiltre-3-4-far19\/","title":{"rendered":"Flotteur pour abreuvoir avec pr\u00e9filtre 3\/4&Prime; \u2013 FAR19"},"content":{"rendered":"<h3 data-section-id=\"1dtpyof\" data-start=\"81\" data-end=\"145\"><strong data-start=\"85\" data-end=\"145\">Flotteur pour abreuvoir avec pr\u00e9filtre 3\/4&Prime; \u2013 FAR19<\/strong><\/h3>\n<p data-start=\"147\" data-end=\"278\">Flotteur de <strong data-start=\"163\" data-end=\"196\">haute qualit\u00e9 avec corps en ABS<\/strong>, con\u00e7u pour le contr\u00f4le automatique du niveau d\u2019eau dans les abreuvoirs.<\/p>\n<p data-start=\"280\" data-end=\"486\">Le syst\u00e8me \u00e0 flotteur maintient le niveau d\u2019eau constant, tandis que le <strong data-start=\"357\" data-end=\"380\">pr\u00e9filtre int\u00e9gr\u00e9<\/strong> prot\u00e8ge la vanne des impuret\u00e9s pr\u00e9sentes dans l\u2019eau, garantissant une fiabilit\u00e9 accrue et une longue dur\u00e9e de vie.<\/p>\n<p data-start=\"488\" data-end=\"546\">Id\u00e9al pour les <strong data-start=\"499\" data-end=\"545\">syst\u00e8mes d\u2019abreuvement dans les \u00e9levages<\/strong>.<\/p>\n<h3 data-section-id=\"w1my6q\" data-start=\"548\" data-end=\"580\"><strong data-start=\"552\" data-end=\"580\">Caract\u00e9ristiques techniques<\/strong><\/h3>\n<ul data-start=\"582\" data-end=\"873\">\n<li data-section-id=\"9k0ln1\" data-start=\"582\" data-end=\"612\">\n<p data-start=\"584\" data-end=\"612\"><strong data-start=\"584\" data-end=\"604\">Code produit :<\/strong> FAR19<\/p>\n<\/li>\n<li data-section-id=\"5wopsd\" data-start=\"613\" data-end=\"641\">\n<p data-start=\"615\" data-end=\"641\"><strong data-start=\"615\" data-end=\"635\">Mat\u00e9riau du corps :<\/strong> ABS<\/p>\n<\/li>\n<li data-section-id=\"13d7o5w\" data-start=\"642\" data-end=\"687\">\n<p data-start=\"644\" data-end=\"687\"><strong data-start=\"644\" data-end=\"656\">Raccord :<\/strong> filetage m\u00e2le 3\/4<strong data-start=\"677\" data-end=\"685\">\u00ab\u00a0<\/strong><\/p>\n<\/li>\n<li data-section-id=\"qy9hb0\" data-start=\"688\" data-end=\"715\">\n<p data-start=\"690\" data-end=\"715\"><strong data-start=\"690\" data-end=\"713\">Pr\u00e9filtre int\u00e9gr\u00e9<\/strong><\/p>\n<\/li>\n<li data-section-id=\"19g44ab\" data-start=\"716\" data-end=\"749\">\n<p data-start=\"718\" data-end=\"749\"><strong data-start=\"718\" data-end=\"747\">R\u00e9glage du niveau d\u2019eau<\/strong><\/p>\n<\/li>\n<li data-section-id=\"1oov41n\" data-start=\"750\" data-end=\"798\">\n<p data-start=\"752\" data-end=\"798\"><strong data-start=\"752\" data-end=\"783\">Grand joint inclus :<\/strong> 40 \u00d7 26,5 mm<\/p>\n<\/li>\n<li data-section-id=\"1obzsug\" data-start=\"799\" data-end=\"843\">\n<p data-start=\"801\" data-end=\"843\"><strong data-start=\"801\" data-end=\"828\">Pression de service :<\/strong> 0,5 \u2013 10 bar<\/p>\n<\/li>\n<li data-section-id=\"adjn5y\" data-start=\"844\" data-end=\"873\">\n<p data-start=\"846\" data-end=\"873\"><strong data-start=\"846\" data-end=\"859\">Utilisation :<\/strong> abreuvoirs<\/p>\n<\/li>\n<\/ul>\n<h3 data-section-id=\"8whuzw\" data-start=\"875\" data-end=\"896\"><strong data-start=\"879\" data-end=\"896\">D\u00e9bit d\u2019eau<\/strong><\/h3>\n<ul data-start=\"898\" data-end=\"970\">\n<li data-section-id=\"8sx5mv\" data-start=\"898\" data-end=\"922\">\n<p data-start=\"900\" data-end=\"922\"><strong data-start=\"900\" data-end=\"920\">36 L\/min \u00e0 3 bar<\/strong><\/p>\n<\/li>\n<li data-section-id=\"2lljdb\" data-start=\"923\" data-end=\"947\">\n<p data-start=\"925\" data-end=\"947\"><strong data-start=\"925\" data-end=\"945\">39 L\/min \u00e0 4 bar<\/strong><\/p>\n<\/li>\n<li data-section-id=\"9jvw6a\" data-start=\"948\" data-end=\"970\">\n<p data-start=\"950\" data-end=\"970\"><strong data-start=\"950\" data-end=\"970\">42 L\/min \u00e0 5 bar<\/strong><\/p>\n<\/li>\n<\/ul>\n<h3 data-section-id=\"1cf253l\" data-start=\"972\" data-end=\"993\"><strong data-start=\"976\" data-end=\"993\">Installation<\/strong><\/h3>\n<p data-start=\"995\" data-end=\"1114\">Pour une installation et un fonctionnement corrects, il est n\u00e9cessaire de pr\u00e9voir un <strong data-start=\"1069\" data-end=\"1113\">espace libre sup\u00e9rieur minimum de 196 mm<\/strong>.<\/p>\n<p>\ud83d\udc49 Demandez le prix pour la revente :  <a href=\"mailto:info@fdasrl.it\">CLIQUEZ ICI<\/a><\/p>\n<p>\ud83d\udc49 Achetez en ligne : <a href=\"https:\/\/fda-shop.it\/shop\/articoli-per-allevamento\/abbeveratoi\/galleggiante-per-abbeveratoio-automatico#\/25-accessori_e_confezioni-singola_unita\">CLIQUEZ ICI<\/a><\/p>\n","protected":false},"excerpt":{"rendered":"<p><strong data-start=\"0\" data-end=\"64\" data-is-only-node=\"\">Flotteur avec vanne pour abreuvoir FAR19 avec raccord 3\/4&Prime; m\u00e2le<\/strong>, r\u00e9alis\u00e9 en <strong data-start=\"80\" data-end=\"98\">ABS r\u00e9sistant<\/strong> et dot\u00e9 d\u2019un <strong data-start=\"113\" data-end=\"136\">pr\u00e9filtre int\u00e9gr\u00e9<\/strong> et d\u2019un <strong data-start=\"139\" data-end=\"167\">joint 40 \u00d7 26,5 mm<\/strong>.<br data-start=\"168\" data-end=\"171\">Il permet le <strong data-start=\"183\" data-end=\"221\">r\u00e9glage du niveau d\u2019eau<\/strong> et garantit un d\u00e9bit allant jusqu\u2019\u00e0 <strong data-start=\"254\" data-end=\"266\">42 L\/min<\/strong> (\u00e0 5 bar).<br data-start=\"277\" data-end=\"280\">Adapt\u00e9 aux syst\u00e8mes d\u2019<strong data-start=\"303\" data-end=\"334\">abreuvement en \u00e9levage<\/strong>, avec une pression de service de <strong data-start=\"363\" data-end=\"379\">0,5 \u2013 10 bar<\/strong>.<\/p>\n","protected":false},"featured_media":1191,"comment_status":"open","ping_status":"closed","template":"","meta":{"_et_pb_use_builder":"","_et_pb_old_content":"","_et_gb_content_width":""},"product_brand":[],"product_cat":[547,523,546,524],"product_tag":[620],"class_list":{"0":"post-2712","1":"product","2":"type-product","3":"status-publish","4":"has-post-thumbnail","6":"product_cat-abreuvoirs-2","7":"product_cat-abreuvoirs","8":"product_cat-bacs-inox-pour-etables","9":"product_cat-vannes-et-flotteurs","10":"product_tag-far19","12":"first","13":"instock","14":"shipping-taxable","15":"product-type-simple"},"yoast_head":"<!-- This site is optimized with the Yoast SEO Premium plugin v27.5 (Yoast SEO v27.5) - https:\/\/yoast.com\/product\/yoast-seo-premium-wordpress\/ -->\n<title>Flotteur pour abreuvoir 3\/4 avec pr\u00e9filtre et r\u00e9glage<\/title>\n<meta name=\"description\" content=\"Maintenez le niveau d\u2019eau constant avec le flotteur pour abreuvoir 3\/4 avec pr\u00e9filtre. Fiabilit\u00e9 et qualit\u00e9 pour votre \u00e9levage !\" \/>\n<meta name=\"robots\" content=\"index, follow, max-snippet:-1, max-image-preview:large, max-video-preview:-1\" \/>\n<link rel=\"canonical\" href=\"https:\/\/fdasrl.it\/fr\/prodotto\/flotteur-pour-abreuvoir-avec-prefiltre-3-4-far19\/\" \/>\n<meta property=\"og:locale\" content=\"fr_FR\" \/>\n<meta property=\"og:type\" content=\"article\" \/>\n<meta property=\"og:title\" content=\"Flotteur pour abreuvoir avec pr\u00e9filtre 3\/4&quot; \u2013 FAR19\" \/>\n<meta property=\"og:description\" content=\"Maintenez le niveau d\u2019eau constant avec le flotteur pour abreuvoir 3\/4 avec pr\u00e9filtre. Fiabilit\u00e9 et qualit\u00e9 pour votre \u00e9levage !\" \/>\n<meta property=\"og:url\" content=\"https:\/\/fdasrl.it\/fr\/prodotto\/flotteur-pour-abreuvoir-avec-prefiltre-3-4-far19\/\" \/>\n<meta property=\"og:site_name\" content=\"FDA srl\" \/>\n<meta property=\"article:publisher\" content=\"https:\/\/www.facebook.com\/share\/1MWhFWg1Tp\/?mibextid=LQQJ4d\" \/>\n<meta property=\"og:image\" content=\"https:\/\/fdasrl.it\/wp-content\/uploads\/2026\/03\/Galleggiante-per-abbeveratoio-con-prefiltro-FAR19.png\" \/>\n\t<meta property=\"og:image:width\" content=\"651\" \/>\n\t<meta property=\"og:image:height\" content=\"383\" \/>\n\t<meta property=\"og:image:type\" content=\"image\/png\" \/>\n<meta name=\"twitter:card\" content=\"summary_large_image\" \/>\n<meta name=\"twitter:label1\" content=\"Prix\" \/>\n\t<meta name=\"twitter:data1\" content=\"\" \/>\n\t<meta name=\"twitter:label2\" content=\"Disponibilit\u00e9\" \/>\n\t<meta name=\"twitter:data2\" content=\"En stock\" \/>\n<meta property=\"product:price:currency\" content=\"EUR\" \/>\n<meta property=\"og:availability\" content=\"instock\" \/>\n<meta property=\"product:availability\" content=\"instock\" \/>\n<meta property=\"product:retailer_item_id\" content=\"FAR19\" \/>\n<meta property=\"product:condition\" content=\"new\" \/>\n<!-- \/ Yoast SEO Premium plugin. -->","yoast_head_json":{"title":"Flotteur pour abreuvoir 3\/4 avec pr\u00e9filtre et r\u00e9glage","description":"Maintenez le niveau d\u2019eau constant avec le flotteur pour abreuvoir 3\/4 avec pr\u00e9filtre. Fiabilit\u00e9 et qualit\u00e9 pour votre \u00e9levage !","robots":{"index":"index","follow":"follow","max-snippet":"max-snippet:-1","max-image-preview":"max-image-preview:large","max-video-preview":"max-video-preview:-1"},"canonical":"https:\/\/fdasrl.it\/fr\/prodotto\/flotteur-pour-abreuvoir-avec-prefiltre-3-4-far19\/","og_locale":"fr_FR","og_type":"article","og_title":"Flotteur pour abreuvoir avec pr\u00e9filtre 3\/4\" \u2013 FAR19","og_description":"Maintenez le niveau d\u2019eau constant avec le flotteur pour abreuvoir 3\/4 avec pr\u00e9filtre. Fiabilit\u00e9 et qualit\u00e9 pour votre \u00e9levage !","og_url":"https:\/\/fdasrl.it\/fr\/prodotto\/flotteur-pour-abreuvoir-avec-prefiltre-3-4-far19\/","og_site_name":"FDA srl","article_publisher":"https:\/\/www.facebook.com\/share\/1MWhFWg1Tp\/?mibextid=LQQJ4d","og_image":[{"width":651,"height":383,"url":"https:\/\/fdasrl.it\/wp-content\/uploads\/2026\/03\/Galleggiante-per-abbeveratoio-con-prefiltro-FAR19.png","type":"image\/png"}],"twitter_card":"summary_large_image","twitter_misc":{"Prix":"","Disponibilit\u00e9":"En stock"},"schema":{"@context":"https:\/\/schema.org","@graph":[{"@type":"WebPage","@id":"https:\/\/fdasrl.it\/fr\/prodotto\/flotteur-pour-abreuvoir-avec-prefiltre-3-4-far19\/","url":"https:\/\/fdasrl.it\/fr\/prodotto\/flotteur-pour-abreuvoir-avec-prefiltre-3-4-far19\/","name":"Flotteur pour abreuvoir 3\/4 avec pr\u00e9filtre et r\u00e9glage","isPartOf":{"@id":"https:\/\/fdasrl.it\/fr\/#website"},"primaryImageOfPage":{"@id":"https:\/\/fdasrl.it\/fr\/prodotto\/flotteur-pour-abreuvoir-avec-prefiltre-3-4-far19\/#primaryimage"},"image":{"@id":"https:\/\/fdasrl.it\/fr\/prodotto\/flotteur-pour-abreuvoir-avec-prefiltre-3-4-far19\/#primaryimage"},"thumbnailUrl":"https:\/\/fdasrl.it\/wp-content\/uploads\/2026\/03\/Galleggiante-per-abbeveratoio-con-prefiltro-FAR19.png","datePublished":"2026-03-06T13:03:03+00:00","description":"Maintenez le niveau d\u2019eau constant avec le flotteur pour abreuvoir 3\/4 avec pr\u00e9filtre. Fiabilit\u00e9 et qualit\u00e9 pour votre \u00e9levage !","breadcrumb":{"@id":"https:\/\/fdasrl.it\/fr\/prodotto\/flotteur-pour-abreuvoir-avec-prefiltre-3-4-far19\/#breadcrumb"},"inLanguage":"fr-FR","potentialAction":[{"@type":"ReadAction","target":["https:\/\/fdasrl.it\/fr\/prodotto\/flotteur-pour-abreuvoir-avec-prefiltre-3-4-far19\/"]}]},{"@type":"ImageObject","inLanguage":"fr-FR","@id":"https:\/\/fdasrl.it\/fr\/prodotto\/flotteur-pour-abreuvoir-avec-prefiltre-3-4-far19\/#primaryimage","url":"https:\/\/fdasrl.it\/wp-content\/uploads\/2026\/03\/Galleggiante-per-abbeveratoio-con-prefiltro-FAR19.png","contentUrl":"https:\/\/fdasrl.it\/wp-content\/uploads\/2026\/03\/Galleggiante-per-abbeveratoio-con-prefiltro-FAR19.png","width":651,"height":383,"caption":"Flotteur FAR19 pour abreuvoirs automatiques avec pr\u00e9filtre int\u00e9gr\u00e9 et raccord de 3\/4\"."},{"@type":"BreadcrumbList","@id":"https:\/\/fdasrl.it\/fr\/prodotto\/flotteur-pour-abreuvoir-avec-prefiltre-3-4-far19\/#breadcrumb","itemListElement":[{"@type":"ListItem","position":1,"name":"Home","item":"https:\/\/fdasrl.it\/fr\/accueil\/"},{"@type":"ListItem","position":2,"name":"Boutique","item":"https:\/\/fdasrl.it\/fr\/boutique\/"},{"@type":"ListItem","position":3,"name":"Flotteur pour abreuvoir avec pr\u00e9filtre 3\/4&#8243; \u2013 FAR19"}]},{"@type":"WebSite","@id":"https:\/\/fdasrl.it\/fr\/#website","url":"https:\/\/fdasrl.it\/fr\/","name":"FDA srl","description":"Equipment for animal husbandry","publisher":{"@id":"https:\/\/fdasrl.it\/fr\/#organization"},"potentialAction":[{"@type":"SearchAction","target":{"@type":"EntryPoint","urlTemplate":"https:\/\/fdasrl.it\/fr\/?s={search_term_string}"},"query-input":{"@type":"PropertyValueSpecification","valueRequired":true,"valueName":"search_term_string"}}],"inLanguage":"fr-FR"},{"@type":"Organization","@id":"https:\/\/fdasrl.it\/fr\/#organization","name":"FDA srl","url":"https:\/\/fdasrl.it\/fr\/","logo":{"@type":"ImageObject","inLanguage":"fr-FR","@id":"https:\/\/fdasrl.it\/fr\/#\/schema\/logo\/image\/","url":"https:\/\/fdasrl.it\/wp-content\/uploads\/2024\/12\/Logo-FDA.png","contentUrl":"https:\/\/fdasrl.it\/wp-content\/uploads\/2024\/12\/Logo-FDA.png","width":316,"height":119,"caption":"FDA srl"},"image":{"@id":"https:\/\/fdasrl.it\/fr\/#\/schema\/logo\/image\/"},"sameAs":["https:\/\/www.facebook.com\/share\/1MWhFWg1Tp\/?mibextid=LQQJ4d","https:\/\/www.instagram.com\/fda_srl\/profilecard\/?igsh=YW5lbzJ6MWg0d21u","https:\/\/www.youtube.com\/@FDASRL_ANIMALCARE"],"description":"FDA SRL \u2013 Equipment for animal husbandry nasce con l\u2019obiettivo di offrire soluzioni affidabili e innovative per l\u2019allevamento moderno. Con anni di esperienza nel settore zootecnico, progettiamo e realizziamo attrezzature destinate al benessere animale e alla gestione efficiente delle stalle: vasche, abbeveratoi, mangiatoie e sistemi di riscaldamento pensati per durare nel tempo e semplificare il lavoro quotidiano degli allevatori. Dalla progettazione alla produzione, ogni nostro prodotto \u00e8 studiato nei minimi dettagli, testato con cura e costruito per rispondere alle esigenze reali del settore. La nostra forza \u00e8 unire artigianalit\u00e0, tecnologia e competenza tecnica per trasformare ogni progetto in una soluzione concreta e funzionale. Oggi FDA SRL \u00e8 un punto di riferimento per privati e rivenditori che cercano qualit\u00e0, affidabilit\u00e0 e innovazione nelle attrezzature per l\u2019allevamento.","email":"info@fdasrl.it","telephone":"+390522826820","legalName":"F.D.A. SRL","foundingDate":"2024-10-13","vatID":"03075840359","taxID":"03075840359","numberOfEmployees":{"@type":"QuantitativeValue","minValue":"1","maxValue":"10"}}]},"product_price_currency":"EUR","og_availability":"instock","product_availability":"instock","product_retailer_item_id":"FAR19","product_condition":"new"},"_links":{"self":[{"href":"https:\/\/fdasrl.it\/fr\/wp-json\/wp\/v2\/product\/2712","targetHints":{"allow":["GET"]}}],"collection":[{"href":"https:\/\/fdasrl.it\/fr\/wp-json\/wp\/v2\/product"}],"about":[{"href":"https:\/\/fdasrl.it\/fr\/wp-json\/wp\/v2\/types\/product"}],"replies":[{"embeddable":true,"href":"https:\/\/fdasrl.it\/fr\/wp-json\/wp\/v2\/comments?post=2712"}],"wp:featuredmedia":[{"embeddable":true,"href":"https:\/\/fdasrl.it\/fr\/wp-json\/wp\/v2\/media\/1191"}],"wp:attachment":[{"href":"https:\/\/fdasrl.it\/fr\/wp-json\/wp\/v2\/media?parent=2712"}],"wp:term":[{"taxonomy":"product_brand","embeddable":true,"href":"https:\/\/fdasrl.it\/fr\/wp-json\/wp\/v2\/product_brand?post=2712"},{"taxonomy":"product_cat","embeddable":true,"href":"https:\/\/fdasrl.it\/fr\/wp-json\/wp\/v2\/product_cat?post=2712"},{"taxonomy":"product_tag","embeddable":true,"href":"https:\/\/fdasrl.it\/fr\/wp-json\/wp\/v2\/product_tag?post=2712"}],"curies":[{"name":"wp","href":"https:\/\/api.w.org\/{rel}","templated":true}]}}