{"id":2784,"date":"2025-01-21T13:31:47","date_gmt":"2025-01-21T12:31:47","guid":{"rendered":"https:\/\/fdasrl.it\/prodotto\/pompe-a-vide-a-sec-280-l-min-avec-moteur-electrique\/"},"modified":"2025-01-21T13:31:47","modified_gmt":"2025-01-21T12:31:47","slug":"pompe-a-vide-a-sec-280-l-min-avec-moteur-electrique","status":"publish","type":"product","link":"https:\/\/fdasrl.it\/fr\/prodotto\/pompe-a-vide-a-sec-280-l-min-avec-moteur-electrique\/","title":{"rendered":"Pompe \u00e0 vide \u00e0 sec 280 l\/min avec moteur \u00e9lectrique"},"content":{"rendered":"<h4 data-start=\"170\" data-end=\"241\"><strong data-start=\"170\" data-end=\"241\">Pompe centrifuge \u00e0 vide \u00e0 palettes en graphite avec moteur \u00e9lectrique \u2013 D\u00e9bit 280 l\/min &#8211; 1 HP<\/strong><\/h4>\n<p class=\"\" data-start=\"243\" data-end=\"505\">Pompe \u00e0 vide \u00e0 sec \u00e0 palettes en graphite 1 HP, id\u00e9ale pour les applications zootechniques exigeant fiabilit\u00e9 et absence de lubrification.<br data-start=\"383\" data-end=\"386\"><strong data-start=\"386\" data-end=\"440\">Particuli\u00e8rement indiqu\u00e9e pour les traiteuses mobiles<\/strong>, cette pompe garantit des performances \u00e9lev\u00e9es et une grande durabilit\u00e9.<\/p>\n<p class=\"\" data-start=\"507\" data-end=\"538\"><strong data-start=\"507\" data-end=\"538\">Caract\u00e9ristiques principales :<\/strong><\/p>\n<ul data-start=\"540\" data-end=\"996\">\n<li class=\"\" data-start=\"540\" data-end=\"588\">\n<p class=\"\" data-start=\"542\" data-end=\"588\"><strong data-start=\"542\" data-end=\"551\">Type :<\/strong> Pompe centrifuge \u00e0 vide \u00e0 sec<\/p>\n<\/li>\n<li class=\"\" data-start=\"589\" data-end=\"615\">\n<p class=\"\" data-start=\"591\" data-end=\"615\"><strong data-start=\"591\" data-end=\"603\">D\u00e9bit :<\/strong> 280 l\/min<\/p>\n<\/li>\n<li class=\"\" data-start=\"616\" data-end=\"661\">\n<p class=\"\" data-start=\"618\" data-end=\"661\"><strong data-start=\"618\" data-end=\"630\">Palettes :<\/strong> En graphite<\/p>\n<\/li>\n<li class=\"\" data-start=\"662\" data-end=\"778\">\n<p class=\"\" data-start=\"664\" data-end=\"778\"><strong data-start=\"664\" data-end=\"681\">Application :<\/strong> Id\u00e9ale pour les traiteuses mobiles<\/p>\n<\/li>\n<li class=\"\" data-start=\"779\" data-end=\"876\">\n<p class=\"\" data-start=\"781\" data-end=\"805\"><strong data-start=\"781\" data-end=\"803\">Accessoires inclus :<\/strong><\/p>\n<ul data-start=\"808\" data-end=\"876\">\n<li class=\"\" data-start=\"808\" data-end=\"831\">\n<p class=\"\" data-start=\"810\" data-end=\"831\">Silencieux d\u2019\u00e9chappement<\/p>\n<\/li>\n<li class=\"\" data-start=\"834\" data-end=\"876\">\n<p class=\"\" data-start=\"836\" data-end=\"876\">Interrupteur marche\/arr\u00eat<\/p>\n<\/li>\n<\/ul>\n<\/li>\n<li class=\"\" data-start=\"877\" data-end=\"969\">\n<p class=\"\" data-start=\"879\" data-end=\"902\"><strong data-start=\"879\" data-end=\"900\">Moteur \u00e9lectrique :<\/strong><\/p>\n<ul data-start=\"905\" data-end=\"969\">\n<li class=\"\" data-start=\"905\" data-end=\"924\">\n<p class=\"\" data-start=\"907\" data-end=\"924\">Puissance : 0,75 kW<\/p>\n<\/li>\n<li class=\"\" data-start=\"927\" data-end=\"946\">\n<p class=\"\" data-start=\"929\" data-end=\"946\">Tension : 220 V<\/p>\n<\/li>\n<li class=\"\" data-start=\"949\" data-end=\"969\">\n<p class=\"\" data-start=\"951\" data-end=\"969\">Fr\u00e9quence : 50 Hz<\/p>\n<\/li>\n<\/ul>\n<\/li>\n<\/ul>\n<p>Achetez-la sur notre <a href=\"https:\/\/fda-shop.it\/shop\/pompa-del-vuoto-a-secco-250-l-min-con-motore-elettrico\" target=\"_blank\" rel=\"noopener\">boutique en ligne<\/a><\/p>\n","protected":false},"excerpt":{"rendered":"<p><strong data-start=\"70\" data-end=\"300\">Pompe \u00e0 vide \u00e0 sec \u00e0 palettes en graphite, d\u00e9bit 280 l\/min, 1 HP, id\u00e9ale pour les traiteuses mobiles et les applications zootechniques. Fiable, sans lubrification, compl\u00e8te avec silencieux, interrupteur et moteur \u00e9lectrique de 0,75 kW. <\/strong><\/p>\n","protected":false},"featured_media":487,"comment_status":"open","ping_status":"closed","template":"","meta":{"_et_pb_use_builder":"","_et_pb_old_content":"","_et_gb_content_width":""},"product_brand":[],"product_cat":[488,392],"product_tag":[659],"class_list":{"0":"post-2784","1":"product","2":"type-product","3":"status-publish","4":"has-post-thumbnail","6":"product_cat-accessoires-machines-a-traire","7":"product_cat-trayeuses-mobiles","8":"product_tag-facm20630","10":"first","11":"instock","12":"shipping-taxable","13":"product-type-simple"},"yoast_head":"<!-- This site is optimized with the Yoast SEO Premium plugin v27.5 (Yoast SEO v27.5) - https:\/\/yoast.com\/product\/yoast-seo-premium-wordpress\/ -->\n<title>Pompe \u00e0 vide \u00e0 sec \u00e0 palettes 1 HP, sans lubrification - FDA srl<\/title>\n<meta name=\"description\" content=\"Achetez la pompe \u00e0 vide \u00e0 sec \u00e0 palettes 1 HP, id\u00e9ale pour la zootechnie et les performances \u00e9lev\u00e9es ! Gagnez du temps et am\u00e9liorez votre activit\u00e9 ! \ud83d\udd25\" \/>\n<meta name=\"robots\" content=\"index, follow, max-snippet:-1, max-image-preview:large, max-video-preview:-1\" \/>\n<link rel=\"canonical\" href=\"https:\/\/fdasrl.it\/fr\/prodotto\/pompe-a-vide-a-sec-280-l-min-avec-moteur-electrique\/\" \/>\n<meta property=\"og:locale\" content=\"fr_FR\" \/>\n<meta property=\"og:type\" content=\"article\" \/>\n<meta property=\"og:title\" content=\"Pompe \u00e0 vide \u00e0 sec 280 l\/min avec moteur \u00e9lectrique\" \/>\n<meta property=\"og:description\" content=\"Achetez la pompe \u00e0 vide \u00e0 sec \u00e0 palettes 1 HP, id\u00e9ale pour la zootechnie et les performances \u00e9lev\u00e9es ! Gagnez du temps et am\u00e9liorez votre activit\u00e9 ! \ud83d\udd25\" \/>\n<meta property=\"og:url\" content=\"https:\/\/fdasrl.it\/fr\/prodotto\/pompe-a-vide-a-sec-280-l-min-avec-moteur-electrique\/\" \/>\n<meta property=\"og:site_name\" content=\"FDA srl\" \/>\n<meta property=\"article:publisher\" content=\"https:\/\/www.facebook.com\/share\/1MWhFWg1Tp\/?mibextid=LQQJ4d\" \/>\n<meta property=\"og:image\" content=\"https:\/\/fdasrl.it\/wp-content\/uploads\/2025\/01\/motore250.jpg\" \/>\n\t<meta property=\"og:image:width\" content=\"800\" \/>\n\t<meta property=\"og:image:height\" content=\"737\" \/>\n\t<meta property=\"og:image:type\" content=\"image\/jpeg\" \/>\n<meta name=\"twitter:card\" content=\"summary_large_image\" \/>\n<meta name=\"twitter:label1\" content=\"Prix\" \/>\n\t<meta name=\"twitter:data1\" content=\"\" \/>\n\t<meta name=\"twitter:label2\" content=\"Disponibilit\u00e9\" \/>\n\t<meta name=\"twitter:data2\" content=\"En stock\" \/>\n<meta property=\"product:price:currency\" content=\"EUR\" \/>\n<meta property=\"og:availability\" content=\"instock\" \/>\n<meta property=\"product:availability\" content=\"instock\" \/>\n<meta property=\"product:retailer_item_id\" content=\"FACM20630\" \/>\n<meta property=\"product:condition\" content=\"new\" \/>\n<!-- \/ Yoast SEO Premium plugin. -->","yoast_head_json":{"title":"Pompe \u00e0 vide \u00e0 sec \u00e0 palettes 1 HP, sans lubrification - FDA srl","description":"Achetez la pompe \u00e0 vide \u00e0 sec \u00e0 palettes 1 HP, id\u00e9ale pour la zootechnie et les performances \u00e9lev\u00e9es ! Gagnez du temps et am\u00e9liorez votre activit\u00e9 ! \ud83d\udd25","robots":{"index":"index","follow":"follow","max-snippet":"max-snippet:-1","max-image-preview":"max-image-preview:large","max-video-preview":"max-video-preview:-1"},"canonical":"https:\/\/fdasrl.it\/fr\/prodotto\/pompe-a-vide-a-sec-280-l-min-avec-moteur-electrique\/","og_locale":"fr_FR","og_type":"article","og_title":"Pompe \u00e0 vide \u00e0 sec 280 l\/min avec moteur \u00e9lectrique","og_description":"Achetez la pompe \u00e0 vide \u00e0 sec \u00e0 palettes 1 HP, id\u00e9ale pour la zootechnie et les performances \u00e9lev\u00e9es ! Gagnez du temps et am\u00e9liorez votre activit\u00e9 ! \ud83d\udd25","og_url":"https:\/\/fdasrl.it\/fr\/prodotto\/pompe-a-vide-a-sec-280-l-min-avec-moteur-electrique\/","og_site_name":"FDA srl","article_publisher":"https:\/\/www.facebook.com\/share\/1MWhFWg1Tp\/?mibextid=LQQJ4d","og_image":[{"width":800,"height":737,"url":"https:\/\/fdasrl.it\/wp-content\/uploads\/2025\/01\/motore250.jpg","type":"image\/jpeg"}],"twitter_card":"summary_large_image","twitter_misc":{"Prix":"","Disponibilit\u00e9":"En stock"},"schema":{"@context":"https:\/\/schema.org","@graph":[{"@type":"WebPage","@id":"https:\/\/fdasrl.it\/fr\/prodotto\/pompe-a-vide-a-sec-280-l-min-avec-moteur-electrique\/","url":"https:\/\/fdasrl.it\/fr\/prodotto\/pompe-a-vide-a-sec-280-l-min-avec-moteur-electrique\/","name":"Pompe \u00e0 vide \u00e0 sec \u00e0 palettes 1 HP, sans lubrification - FDA srl","isPartOf":{"@id":"https:\/\/fdasrl.it\/fr\/#website"},"primaryImageOfPage":{"@id":"https:\/\/fdasrl.it\/fr\/prodotto\/pompe-a-vide-a-sec-280-l-min-avec-moteur-electrique\/#primaryimage"},"image":{"@id":"https:\/\/fdasrl.it\/fr\/prodotto\/pompe-a-vide-a-sec-280-l-min-avec-moteur-electrique\/#primaryimage"},"thumbnailUrl":"https:\/\/fdasrl.it\/wp-content\/uploads\/2025\/01\/motore250.jpg","datePublished":"2025-01-21T12:31:47+00:00","description":"Achetez la pompe \u00e0 vide \u00e0 sec \u00e0 palettes 1 HP, id\u00e9ale pour la zootechnie et les performances \u00e9lev\u00e9es ! Gagnez du temps et am\u00e9liorez votre activit\u00e9 ! \ud83d\udd25","breadcrumb":{"@id":"https:\/\/fdasrl.it\/fr\/prodotto\/pompe-a-vide-a-sec-280-l-min-avec-moteur-electrique\/#breadcrumb"},"inLanguage":"fr-FR","potentialAction":[{"@type":"ReadAction","target":["https:\/\/fdasrl.it\/fr\/prodotto\/pompe-a-vide-a-sec-280-l-min-avec-moteur-electrique\/"]}]},{"@type":"ImageObject","inLanguage":"fr-FR","@id":"https:\/\/fdasrl.it\/fr\/prodotto\/pompe-a-vide-a-sec-280-l-min-avec-moteur-electrique\/#primaryimage","url":"https:\/\/fdasrl.it\/wp-content\/uploads\/2025\/01\/motore250.jpg","contentUrl":"https:\/\/fdasrl.it\/wp-content\/uploads\/2025\/01\/motore250.jpg","width":800,"height":737},{"@type":"BreadcrumbList","@id":"https:\/\/fdasrl.it\/fr\/prodotto\/pompe-a-vide-a-sec-280-l-min-avec-moteur-electrique\/#breadcrumb","itemListElement":[{"@type":"ListItem","position":1,"name":"Home","item":"https:\/\/fdasrl.it\/fr\/accueil\/"},{"@type":"ListItem","position":2,"name":"Boutique","item":"https:\/\/fdasrl.it\/fr\/boutique\/"},{"@type":"ListItem","position":3,"name":"Pompe \u00e0 vide \u00e0 sec 280 l\/min avec moteur \u00e9lectrique"}]},{"@type":"WebSite","@id":"https:\/\/fdasrl.it\/fr\/#website","url":"https:\/\/fdasrl.it\/fr\/","name":"FDA srl","description":"Equipment for animal husbandry","publisher":{"@id":"https:\/\/fdasrl.it\/fr\/#organization"},"potentialAction":[{"@type":"SearchAction","target":{"@type":"EntryPoint","urlTemplate":"https:\/\/fdasrl.it\/fr\/?s={search_term_string}"},"query-input":{"@type":"PropertyValueSpecification","valueRequired":true,"valueName":"search_term_string"}}],"inLanguage":"fr-FR"},{"@type":"Organization","@id":"https:\/\/fdasrl.it\/fr\/#organization","name":"FDA srl","url":"https:\/\/fdasrl.it\/fr\/","logo":{"@type":"ImageObject","inLanguage":"fr-FR","@id":"https:\/\/fdasrl.it\/fr\/#\/schema\/logo\/image\/","url":"https:\/\/fdasrl.it\/wp-content\/uploads\/2024\/12\/Logo-FDA.png","contentUrl":"https:\/\/fdasrl.it\/wp-content\/uploads\/2024\/12\/Logo-FDA.png","width":316,"height":119,"caption":"FDA srl"},"image":{"@id":"https:\/\/fdasrl.it\/fr\/#\/schema\/logo\/image\/"},"sameAs":["https:\/\/www.facebook.com\/share\/1MWhFWg1Tp\/?mibextid=LQQJ4d","https:\/\/www.instagram.com\/fda_srl\/profilecard\/?igsh=YW5lbzJ6MWg0d21u","https:\/\/www.youtube.com\/@FDASRL_ANIMALCARE"],"description":"FDA SRL \u2013 Equipment for animal husbandry nasce con l\u2019obiettivo di offrire soluzioni affidabili e innovative per l\u2019allevamento moderno. Con anni di esperienza nel settore zootecnico, progettiamo e realizziamo attrezzature destinate al benessere animale e alla gestione efficiente delle stalle: vasche, abbeveratoi, mangiatoie e sistemi di riscaldamento pensati per durare nel tempo e semplificare il lavoro quotidiano degli allevatori. Dalla progettazione alla produzione, ogni nostro prodotto \u00e8 studiato nei minimi dettagli, testato con cura e costruito per rispondere alle esigenze reali del settore. La nostra forza \u00e8 unire artigianalit\u00e0, tecnologia e competenza tecnica per trasformare ogni progetto in una soluzione concreta e funzionale. Oggi FDA SRL \u00e8 un punto di riferimento per privati e rivenditori che cercano qualit\u00e0, affidabilit\u00e0 e innovazione nelle attrezzature per l\u2019allevamento.","email":"info@fdasrl.it","telephone":"+390522826820","legalName":"F.D.A. SRL","foundingDate":"2024-10-13","vatID":"03075840359","taxID":"03075840359","numberOfEmployees":{"@type":"QuantitativeValue","minValue":"1","maxValue":"10"}}]},"product_price_currency":"EUR","og_availability":"instock","product_availability":"instock","product_retailer_item_id":"FACM20630","product_condition":"new"},"_links":{"self":[{"href":"https:\/\/fdasrl.it\/fr\/wp-json\/wp\/v2\/product\/2784","targetHints":{"allow":["GET"]}}],"collection":[{"href":"https:\/\/fdasrl.it\/fr\/wp-json\/wp\/v2\/product"}],"about":[{"href":"https:\/\/fdasrl.it\/fr\/wp-json\/wp\/v2\/types\/product"}],"replies":[{"embeddable":true,"href":"https:\/\/fdasrl.it\/fr\/wp-json\/wp\/v2\/comments?post=2784"}],"wp:featuredmedia":[{"embeddable":true,"href":"https:\/\/fdasrl.it\/fr\/wp-json\/wp\/v2\/media\/487"}],"wp:attachment":[{"href":"https:\/\/fdasrl.it\/fr\/wp-json\/wp\/v2\/media?parent=2784"}],"wp:term":[{"taxonomy":"product_brand","embeddable":true,"href":"https:\/\/fdasrl.it\/fr\/wp-json\/wp\/v2\/product_brand?post=2784"},{"taxonomy":"product_cat","embeddable":true,"href":"https:\/\/fdasrl.it\/fr\/wp-json\/wp\/v2\/product_cat?post=2784"},{"taxonomy":"product_tag","embeddable":true,"href":"https:\/\/fdasrl.it\/fr\/wp-json\/wp\/v2\/product_tag?post=2784"}],"curies":[{"name":"wp","href":"https:\/\/api.w.org\/{rel}","templated":true}]}}