{"id":2793,"date":"2025-08-26T16:13:25","date_gmt":"2025-08-26T14:13:25","guid":{"rendered":"https:\/\/fdasrl.it\/prodotto\/lampe-chauffante-pour-animaux-interheat-par-100w-3g\/"},"modified":"2025-08-26T16:13:25","modified_gmt":"2025-08-26T14:13:25","slug":"lampe-chauffante-pour-animaux-interheat-par-100w-3g","status":"publish","type":"product","link":"https:\/\/fdasrl.it\/fr\/prodotto\/lampe-chauffante-pour-animaux-interheat-par-100w-3g\/","title":{"rendered":"Lampe chauffante pour animaux Interheat PAR 100W 3G"},"content":{"rendered":"<p data-start=\"834\" data-end=\"1243\">La <strong data-start=\"837\" data-end=\"881\">lampe chauffante Interheat PAR100W 3G<\/strong> en verre press\u00e9 est une solution professionnelle et efficace pour garantir chaleur et bien-\u00eatre aux petits animaux dans les \u00e9levages et les environnements professionnels. Id\u00e9ale pour les <strong data-start=\"1057\" data-end=\"1089\">porcelets, poussins et chiots<\/strong>, cette lampe \u00e0 infrarouges fournit une chaleur uniforme et durable, r\u00e9duisant le risque de refroidissement des animaux lors des premi\u00e8res phases de croissance. <\/p>\n<p data-start=\"1245\" data-end=\"1578\">Gr\u00e2ce \u00e0 son <strong data-start=\"1259\" data-end=\"1302\">r\u00e9flecteur int\u00e9gr\u00e9 en aluminium (PAR)<\/strong> et \u00e0 sa structure compacte, la chaleur est projet\u00e9e vers le bas, cr\u00e9ant un environnement confortable et s\u00fbr. Avec seulement <strong data-start=\"1425\" data-end=\"1448\">100 Watts de puissance<\/strong>, elle garantit les m\u00eames performances qu\u2019une lampe traditionnelle de 150 Watts, permettant une <strong data-start=\"1539\" data-end=\"1575\">\u00e9conomie d\u2019\u00e9nergie allant jusqu\u2019\u00e0 30 %. La<\/strong> lampe chauffante Interheat PAR100W 3G est un choix gagnant. <\/p>\n<h3 data-start=\"1580\" data-end=\"1611\">Caract\u00e9ristiques techniques :<\/h3>\n<ul data-start=\"1612\" data-end=\"1870\">\n<li data-start=\"1612\" data-end=\"1664\">\n<p data-start=\"1614\" data-end=\"1664\">Type : <strong data-start=\"1620\" data-end=\"1662\">lampe \u00e0 infrarouges en verre press\u00e9 lourd<\/strong> \u2013 parfaite pour ceux qui recherchent une lampe chauffante fiable<\/p>\n<\/li>\n<li data-start=\"1665\" data-end=\"1685\">\n<p data-start=\"1667\" data-end=\"1685\">Mod\u00e8le : <strong data-start=\"1676\" data-end=\"1683\">PAR<\/strong><\/p>\n<\/li>\n<li data-start=\"1686\" data-end=\"1707\">\n<p data-start=\"1688\" data-end=\"1707\">Couleur : <strong data-start=\"1696\" data-end=\"1705\">rouge<\/strong><\/p>\n<\/li>\n<li data-start=\"1708\" data-end=\"1733\">\n<p data-start=\"1710\" data-end=\"1733\">Puissance : <strong data-start=\"1719\" data-end=\"1731\">100 Watts<\/strong><\/p>\n<\/li>\n<li data-start=\"1734\" data-end=\"1761\">\n<p data-start=\"1736\" data-end=\"1761\">Tension : <strong data-start=\"1746\" data-end=\"1759\">230\u2013240 V<\/strong><\/p>\n<\/li>\n<li data-start=\"1762\" data-end=\"1782\">\n<p data-start=\"1764\" data-end=\"1782\">Culot : <strong data-start=\"1773\" data-end=\"1780\">E27<\/strong><\/p>\n<\/li>\n<li data-start=\"1783\" data-end=\"1802\">\n<p data-start=\"1785\" data-end=\"1802\"><strong data-start=\"1785\" data-end=\"1800\">Dimmable<\/strong><\/p>\n<\/li>\n<li data-start=\"1803\" data-end=\"1842\">\n<p data-start=\"1805\" data-end=\"1842\"><strong data-start=\"1805\" data-end=\"1840\">R\u00e9sistante aux \u00e9claboussures d\u2019eau<\/strong><\/p>\n<\/li>\n<li data-start=\"1843\" data-end=\"1870\">\n<p data-start=\"1845\" data-end=\"1870\">Emballage : <strong data-start=\"1857\" data-end=\"1868\">2 pi\u00e8ces<\/strong><\/p>\n<\/li>\n<\/ul>\n<p data-start=\"1872\" data-end=\"2050\">Choisissez la <strong data-start=\"1882\" data-end=\"1926\">lampe chauffante Interheat PAR100W 3G<\/strong> pour un <strong data-start=\"1934\" data-end=\"1988\">chauffage fiable, s\u00fbr et \u00e0 faible consommation<\/strong>, con\u00e7ue pour le secteur agricole, zootechnique et industriel. Cette lampe chauffante est reconnue pour son efficacit\u00e9 \u00e9nerg\u00e9tique. <\/p>\n<hr data-start=\"1609\" data-end=\"1612\">\n<p data-start=\"1614\" data-end=\"1719\">\ud83d\udce9 <strong data-start=\"1617\" data-end=\"1717\">Pour des offres cibl\u00e9es et des devis personnalis\u00e9s, \u00e9crivez \u00e0 : <a class=\"decorated-link cursor-pointer\" href=\"mailto:info@fdasrl.it\" rel=\"noopener\" data-start=\"1676\" data-end=\"1715\">info@fdasrl.it<\/a><\/strong><\/p>\n<p data-start=\"1614\" data-end=\"1719\"><a href=\"https:\/\/fda-shop.it\/shop\/articoli-per-allevamento\/riflettori-e-infrarossi\/lampada-riscaldante-per-animali-interheat-par-100w#\/295-accessori_e_confezioni-confezione_2_pezzi\">\ud83d\udc49 <\/a><strong data-start=\"2134\" data-end=\"2186\">Achetez-la d\u00e8s maintenant sur notre boutique en ligne FDA SRL &#8211;<\/strong><a href=\"https:\/\/fda-shop.it\/shop\/articoli-per-allevamento\/riflettori-e-infrarossi\/lampada-riscaldante-per-animali-interheat-par-100w#\/295-accessori_e_confezioni-confezione_2_pezzi\"><strong data-start=\"2134\" data-end=\"2186\"> CLIQUEZ ICI<\/strong><\/a><\/p>\n<p>&nbsp;<\/p>\n<p>&nbsp;<\/p>\n","protected":false},"excerpt":{"rendered":"<p>Lampe chauffante Interheat PAR100W 3G \u00e0 infrarouges, r\u00e9alis\u00e9e en verre press\u00e9 avec r\u00e9flecteur int\u00e9gr\u00e9. Puissance 100 Watts, culot E27, couleur rouge. Offre les m\u00eames performances que les lampes de 150 Watts avec une \u00e9conomie d\u2019\u00e9nergie de 30 %. Id\u00e9ale pour porcelets, poussins, chiots et petits animaux.   <\/p>\n","protected":false},"featured_media":907,"comment_status":"open","ping_status":"closed","template":"","meta":{"_et_pb_use_builder":"","_et_pb_old_content":"","_et_gb_content_width":""},"product_brand":[],"product_cat":[665,663,662,664],"product_tag":[666],"class_list":{"0":"post-2793","1":"product","2":"type-product","3":"status-publish","4":"has-post-thumbnail","6":"product_cat-chauffage-pour-animaux","7":"product_cat-lampes-infrarouges","8":"product_cat-porcs","9":"product_cat-volailles","10":"product_tag-fda-000061i","12":"first","13":"instock","14":"shipping-taxable","15":"product-type-simple"},"yoast_head":"<!-- This site is optimized with the Yoast SEO Premium plugin v27.5 (Yoast SEO v27.5) - https:\/\/yoast.com\/product\/yoast-seo-premium-wordpress\/ -->\n<title>Lampe chauffante Interheat PAR100W 3G pour porcelets et poussins<\/title>\n<meta name=\"description\" content=\"Offrez chaleur et bien-\u00eatre \u00e0 vos animaux avec la lampe chauffante Interheat PAR100W 3G. Efficace et compacte, d\u00e9couvrez-la d\u00e8s maintenant !\" \/>\n<meta name=\"robots\" content=\"index, follow, max-snippet:-1, max-image-preview:large, max-video-preview:-1\" \/>\n<link rel=\"canonical\" href=\"https:\/\/fdasrl.it\/fr\/prodotto\/lampe-chauffante-pour-animaux-interheat-par-100w-3g\/\" \/>\n<meta property=\"og:locale\" content=\"fr_FR\" \/>\n<meta property=\"og:type\" content=\"article\" \/>\n<meta property=\"og:title\" content=\"Lampe chauffante pour animaux Interheat PAR 100W 3G\" \/>\n<meta property=\"og:description\" content=\"Offrez chaleur et bien-\u00eatre \u00e0 vos animaux avec la lampe chauffante Interheat PAR100W 3G. Efficace et compacte, d\u00e9couvrez-la d\u00e8s maintenant !\" \/>\n<meta property=\"og:url\" content=\"https:\/\/fdasrl.it\/fr\/prodotto\/lampe-chauffante-pour-animaux-interheat-par-100w-3g\/\" \/>\n<meta property=\"og:site_name\" content=\"FDA srl\" \/>\n<meta property=\"article:publisher\" content=\"https:\/\/www.facebook.com\/share\/1MWhFWg1Tp\/?mibextid=LQQJ4d\" \/>\n<meta property=\"og:image\" content=\"https:\/\/fdasrl.it\/wp-content\/uploads\/2025\/08\/lampada-riscaldante-interheat-par100w-3g-1.webp\" \/>\n\t<meta property=\"og:image:width\" content=\"750\" \/>\n\t<meta property=\"og:image:height\" content=\"750\" \/>\n\t<meta property=\"og:image:type\" content=\"image\/webp\" \/>\n<meta name=\"twitter:card\" content=\"summary_large_image\" \/>\n<meta name=\"twitter:label1\" content=\"Prix\" \/>\n\t<meta name=\"twitter:data1\" content=\"\" \/>\n\t<meta name=\"twitter:label2\" content=\"Disponibilit\u00e9\" \/>\n\t<meta name=\"twitter:data2\" content=\"En stock\" \/>\n<meta property=\"product:price:currency\" content=\"EUR\" \/>\n<meta property=\"og:availability\" content=\"instock\" \/>\n<meta property=\"product:availability\" content=\"instock\" \/>\n<meta property=\"product:retailer_item_id\" content=\"FDA-000061-1\" \/>\n<meta property=\"product:condition\" content=\"new\" \/>\n<!-- \/ Yoast SEO Premium plugin. -->","yoast_head_json":{"title":"Lampe chauffante Interheat PAR100W 3G pour porcelets et poussins","description":"Offrez chaleur et bien-\u00eatre \u00e0 vos animaux avec la lampe chauffante Interheat PAR100W 3G. Efficace et compacte, d\u00e9couvrez-la d\u00e8s maintenant !","robots":{"index":"index","follow":"follow","max-snippet":"max-snippet:-1","max-image-preview":"max-image-preview:large","max-video-preview":"max-video-preview:-1"},"canonical":"https:\/\/fdasrl.it\/fr\/prodotto\/lampe-chauffante-pour-animaux-interheat-par-100w-3g\/","og_locale":"fr_FR","og_type":"article","og_title":"Lampe chauffante pour animaux Interheat PAR 100W 3G","og_description":"Offrez chaleur et bien-\u00eatre \u00e0 vos animaux avec la lampe chauffante Interheat PAR100W 3G. Efficace et compacte, d\u00e9couvrez-la d\u00e8s maintenant !","og_url":"https:\/\/fdasrl.it\/fr\/prodotto\/lampe-chauffante-pour-animaux-interheat-par-100w-3g\/","og_site_name":"FDA srl","article_publisher":"https:\/\/www.facebook.com\/share\/1MWhFWg1Tp\/?mibextid=LQQJ4d","og_image":[{"width":750,"height":750,"url":"https:\/\/fdasrl.it\/wp-content\/uploads\/2025\/08\/lampada-riscaldante-interheat-par100w-3g-1.webp","type":"image\/webp"}],"twitter_card":"summary_large_image","twitter_misc":{"Prix":"","Disponibilit\u00e9":"En stock"},"schema":{"@context":"https:\/\/schema.org","@graph":[{"@type":"WebPage","@id":"https:\/\/fdasrl.it\/fr\/prodotto\/lampe-chauffante-pour-animaux-interheat-par-100w-3g\/","url":"https:\/\/fdasrl.it\/fr\/prodotto\/lampe-chauffante-pour-animaux-interheat-par-100w-3g\/","name":"Lampe chauffante Interheat PAR100W 3G pour porcelets et poussins","isPartOf":{"@id":"https:\/\/fdasrl.it\/fr\/#website"},"primaryImageOfPage":{"@id":"https:\/\/fdasrl.it\/fr\/prodotto\/lampe-chauffante-pour-animaux-interheat-par-100w-3g\/#primaryimage"},"image":{"@id":"https:\/\/fdasrl.it\/fr\/prodotto\/lampe-chauffante-pour-animaux-interheat-par-100w-3g\/#primaryimage"},"thumbnailUrl":"https:\/\/fdasrl.it\/wp-content\/uploads\/2025\/08\/lampada-riscaldante-interheat-par100w-3g-1.webp","datePublished":"2025-08-26T14:13:25+00:00","description":"Offrez chaleur et bien-\u00eatre \u00e0 vos animaux avec la lampe chauffante Interheat PAR100W 3G. Efficace et compacte, d\u00e9couvrez-la d\u00e8s maintenant !","breadcrumb":{"@id":"https:\/\/fdasrl.it\/fr\/prodotto\/lampe-chauffante-pour-animaux-interheat-par-100w-3g\/#breadcrumb"},"inLanguage":"fr-FR","potentialAction":[{"@type":"ReadAction","target":["https:\/\/fdasrl.it\/fr\/prodotto\/lampe-chauffante-pour-animaux-interheat-par-100w-3g\/"]}]},{"@type":"ImageObject","inLanguage":"fr-FR","@id":"https:\/\/fdasrl.it\/fr\/prodotto\/lampe-chauffante-pour-animaux-interheat-par-100w-3g\/#primaryimage","url":"https:\/\/fdasrl.it\/wp-content\/uploads\/2025\/08\/lampada-riscaldante-interheat-par100w-3g-1.webp","contentUrl":"https:\/\/fdasrl.it\/wp-content\/uploads\/2025\/08\/lampada-riscaldante-interheat-par100w-3g-1.webp","width":750,"height":750,"caption":"Lampe chauffante Interheat PAR100W 3G, 100W, couleur rouge, en verre press\u00e9. Id\u00e9ale pour les animaux d\u2019\u00e9levage."},{"@type":"BreadcrumbList","@id":"https:\/\/fdasrl.it\/fr\/prodotto\/lampe-chauffante-pour-animaux-interheat-par-100w-3g\/#breadcrumb","itemListElement":[{"@type":"ListItem","position":1,"name":"Home","item":"https:\/\/fdasrl.it\/fr\/accueil\/"},{"@type":"ListItem","position":2,"name":"Boutique","item":"https:\/\/fdasrl.it\/fr\/boutique\/"},{"@type":"ListItem","position":3,"name":"Lampe chauffante pour animaux Interheat PAR 100W 3G"}]},{"@type":"WebSite","@id":"https:\/\/fdasrl.it\/fr\/#website","url":"https:\/\/fdasrl.it\/fr\/","name":"FDA srl","description":"Equipment for animal husbandry","publisher":{"@id":"https:\/\/fdasrl.it\/fr\/#organization"},"potentialAction":[{"@type":"SearchAction","target":{"@type":"EntryPoint","urlTemplate":"https:\/\/fdasrl.it\/fr\/?s={search_term_string}"},"query-input":{"@type":"PropertyValueSpecification","valueRequired":true,"valueName":"search_term_string"}}],"inLanguage":"fr-FR"},{"@type":"Organization","@id":"https:\/\/fdasrl.it\/fr\/#organization","name":"FDA srl","url":"https:\/\/fdasrl.it\/fr\/","logo":{"@type":"ImageObject","inLanguage":"fr-FR","@id":"https:\/\/fdasrl.it\/fr\/#\/schema\/logo\/image\/","url":"https:\/\/fdasrl.it\/wp-content\/uploads\/2024\/12\/Logo-FDA.png","contentUrl":"https:\/\/fdasrl.it\/wp-content\/uploads\/2024\/12\/Logo-FDA.png","width":316,"height":119,"caption":"FDA srl"},"image":{"@id":"https:\/\/fdasrl.it\/fr\/#\/schema\/logo\/image\/"},"sameAs":["https:\/\/www.facebook.com\/share\/1MWhFWg1Tp\/?mibextid=LQQJ4d","https:\/\/www.instagram.com\/fda_srl\/profilecard\/?igsh=YW5lbzJ6MWg0d21u","https:\/\/www.youtube.com\/@FDASRL_ANIMALCARE"],"description":"FDA SRL \u2013 Equipment for animal husbandry nasce con l\u2019obiettivo di offrire soluzioni affidabili e innovative per l\u2019allevamento moderno. Con anni di esperienza nel settore zootecnico, progettiamo e realizziamo attrezzature destinate al benessere animale e alla gestione efficiente delle stalle: vasche, abbeveratoi, mangiatoie e sistemi di riscaldamento pensati per durare nel tempo e semplificare il lavoro quotidiano degli allevatori. Dalla progettazione alla produzione, ogni nostro prodotto \u00e8 studiato nei minimi dettagli, testato con cura e costruito per rispondere alle esigenze reali del settore. La nostra forza \u00e8 unire artigianalit\u00e0, tecnologia e competenza tecnica per trasformare ogni progetto in una soluzione concreta e funzionale. Oggi FDA SRL \u00e8 un punto di riferimento per privati e rivenditori che cercano qualit\u00e0, affidabilit\u00e0 e innovazione nelle attrezzature per l\u2019allevamento.","email":"info@fdasrl.it","telephone":"+390522826820","legalName":"F.D.A. SRL","foundingDate":"2024-10-13","vatID":"03075840359","taxID":"03075840359","numberOfEmployees":{"@type":"QuantitativeValue","minValue":"1","maxValue":"10"}}]},"product_price_currency":"EUR","og_availability":"instock","product_availability":"instock","product_retailer_item_id":"FDA-000061-1","product_condition":"new"},"_links":{"self":[{"href":"https:\/\/fdasrl.it\/fr\/wp-json\/wp\/v2\/product\/2793","targetHints":{"allow":["GET"]}}],"collection":[{"href":"https:\/\/fdasrl.it\/fr\/wp-json\/wp\/v2\/product"}],"about":[{"href":"https:\/\/fdasrl.it\/fr\/wp-json\/wp\/v2\/types\/product"}],"replies":[{"embeddable":true,"href":"https:\/\/fdasrl.it\/fr\/wp-json\/wp\/v2\/comments?post=2793"}],"wp:featuredmedia":[{"embeddable":true,"href":"https:\/\/fdasrl.it\/fr\/wp-json\/wp\/v2\/media\/907"}],"wp:attachment":[{"href":"https:\/\/fdasrl.it\/fr\/wp-json\/wp\/v2\/media?parent=2793"}],"wp:term":[{"taxonomy":"product_brand","embeddable":true,"href":"https:\/\/fdasrl.it\/fr\/wp-json\/wp\/v2\/product_brand?post=2793"},{"taxonomy":"product_cat","embeddable":true,"href":"https:\/\/fdasrl.it\/fr\/wp-json\/wp\/v2\/product_cat?post=2793"},{"taxonomy":"product_tag","embeddable":true,"href":"https:\/\/fdasrl.it\/fr\/wp-json\/wp\/v2\/product_tag?post=2793"}],"curies":[{"name":"wp","href":"https:\/\/api.w.org\/{rel}","templated":true}]}}