{"id":2870,"date":"2025-07-25T16:56:01","date_gmt":"2025-07-25T14:56:01","guid":{"rendered":"https:\/\/fdasrl.it\/prodotto\/support-de-sol-far-23-universel-pour-abreuvoirs\/"},"modified":"2025-07-25T16:56:01","modified_gmt":"2025-07-25T14:56:01","slug":"support-de-sol-far-23-universel-pour-abreuvoirs","status":"publish","type":"product","link":"https:\/\/fdasrl.it\/fr\/prodotto\/support-de-sol-far-23-universel-pour-abreuvoirs\/","title":{"rendered":"Support de sol FAR 23 universel pour abreuvoirs"},"content":{"rendered":"<h3 data-start=\"155\" data-end=\"274\">\u2705 Support de sol FAR 23 pour abreuvoirs \u2013 acier galvanis\u00e9 \u00e9p. 3 mm avec d\u00e9coupe laser \u00e0 l\u2019azote<\/h3>\n<p data-start=\"490\" data-end=\"800\">Le <strong data-start=\"493\" data-end=\"510\">Support FAR 23<\/strong> de <strong data-start=\"514\" data-end=\"525\">FDA SRL<\/strong> est un support de sol professionnel con\u00e7u pour l\u2019<strong data-start=\"580\" data-end=\"629\">installation stable et s\u00e9curis\u00e9e d\u2019abreuvoirs<\/strong> dans des contextes agricoles, zootechniques, r\u00e9sidentiels et pour animaux de compagnie au jardin. C\u2019est la solution id\u00e9ale pour offrir un point d\u2019eau m\u00eame en l\u2019absence de murs ou de structures verticales. <\/p>\n<p data-start=\"802\" data-end=\"1105\">Fabriqu\u00e9 en <strong data-start=\"816\" data-end=\"855\">acier galvanis\u00e9 de 3 mm d\u2019\u00e9paisseur<\/strong>, il garantit une grande robustesse structurelle et une longue dur\u00e9e de vie \u00e0 l\u2019ext\u00e9rieur. La d\u00e9coupe est r\u00e9alis\u00e9e avec la technologie <strong data-start=\"967\" data-end=\"985\">laser \u00e0 l\u2019azote<\/strong>, ce qui \u00e9limine le risque de rouille sur les bords coup\u00e9s, pr\u00e9servant l\u2019int\u00e9grit\u00e9 du mat\u00e9riau m\u00eame en conditions humides. <\/p>\n<p data-start=\"1107\" data-end=\"1186\">Le support est compatible avec les principaux mod\u00e8les d\u2019abreuvoirs automatiques FDA :<\/p>\n<ul data-start=\"1188\" data-end=\"1268\">\n<li data-start=\"1188\" data-end=\"1219\">\n<p data-start=\"1190\" data-end=\"1219\">\u2705 <strong data-start=\"1192\" data-end=\"1204\">FAAGINOX<\/strong> \u2013 acier inox<\/p>\n<\/li>\n<li data-start=\"1220\" data-end=\"1268\">\n<p data-start=\"1222\" data-end=\"1268\">\u2705 <strong data-start=\"1224\" data-end=\"1241\">FAAG POLIPROP<\/strong> \u2013 polypropyl\u00e8ne 3 mod\u00e8les<\/p>\n<\/li>\n<\/ul>\n<p data-start=\"1270\" data-end=\"1416\">L\u2019installation est tr\u00e8s simple : il suffit de le <strong data-start=\"1309\" data-end=\"1347\">planter directement dans le sol<\/strong> et de <strong data-start=\"1350\" data-end=\"1398\">fixer l\u2019abreuvoir avec les boulons inclus<\/strong> dans l\u2019emballage.<\/p>\n<hr data-start=\"1418\" data-end=\"1421\">\n<h3 data-start=\"1423\" data-end=\"1459\">\u2699\ufe0f <strong data-start=\"1430\" data-end=\"1459\">Caract\u00e9ristiques techniques :<\/strong><\/h3>\n<ul data-start=\"1461\" data-end=\"1905\">\n<li data-start=\"1461\" data-end=\"1491\">\n<p data-start=\"1463\" data-end=\"1491\"><strong data-start=\"1463\" data-end=\"1474\">Mod\u00e8le<\/strong> : Support FAR 23<\/p>\n<\/li>\n<li data-start=\"1492\" data-end=\"1540\">\n<p data-start=\"1494\" data-end=\"1540\"><strong data-start=\"1494\" data-end=\"1507\">Mat\u00e9riau<\/strong> : acier galvanis\u00e9 \u00e9paisseur 3 mm<\/p>\n<\/li>\n<li data-start=\"1541\" data-end=\"1597\">\n<p data-start=\"1543\" data-end=\"1597\"><strong data-start=\"1543\" data-end=\"1553\">D\u00e9coupe<\/strong> : laser \u00e0 l\u2019azote (antirouille sur les bords)<\/p>\n<\/li>\n<li data-start=\"1598\" data-end=\"1664\">\n<p data-start=\"1600\" data-end=\"1664\"><strong data-start=\"1600\" data-end=\"1613\">Fixation<\/strong> : au sol \u2013 \u00e0 planter directement dans la terre<\/p>\n<\/li>\n<li data-start=\"1665\" data-end=\"1719\">\n<p data-start=\"1667\" data-end=\"1719\"><strong data-start=\"1667\" data-end=\"1681\">Boulonnerie<\/strong> : incluse pour la fixation de l\u2019abreuvoir<\/p>\n<\/li>\n<li data-start=\"1720\" data-end=\"1796\">\n<p data-start=\"1722\" data-end=\"1796\"><strong data-start=\"1722\" data-end=\"1739\">Compatibilit\u00e9<\/strong> : FAAGINOX, FAAG POLIPROP et autres abreuvoirs standards<\/p>\n<\/li>\n<li data-start=\"1797\" data-end=\"1862\">\n<p data-start=\"1799\" data-end=\"1862\"><strong data-start=\"1799\" data-end=\"1811\">Utilisation<\/strong> : paddocks, enclos, \u00e9tables, \u00e9levages, jardins<\/p>\n<\/li>\n<li data-start=\"1863\" data-end=\"1905\">\n<p data-start=\"1865\" data-end=\"1905\"><strong data-start=\"1865\" data-end=\"1880\">Produit par<\/strong> : FDA SRL \u2013 Made in Italy<\/p>\n<\/li>\n<\/ul>\n<p>&nbsp;<\/p>\n<p>Contactez-nous pour un devis d\u00e9di\u00e9 aux revendeurs : info@fdasrl.it<\/p>\n<p>Achetez-le sur notre boutique en ligne<\/p>\n","protected":false},"excerpt":{"rendered":"<p>Support de sol FAR 23 en acier galvanis\u00e9 3 mm, d\u00e9coup\u00e9 \u00e0 l\u2019azote. Pour abreuvoirs FAAGINOX et POLIPROP. Robuste, antirouille, avec boulons inclus.  <\/p>\n<p>T\u00e9l\u00e9charger la fiche KIT INOX : <a href=\"https:\/\/fdasrl.it\/wp-content\/uploads\/2025\/07\/FAR23-instructions-with-FAAGINOX-final-version_compressed.pdf\">FAR23 instructions with FAAGINOX final version_compressed<\/a><\/p>\n<p>T\u00e9l\u00e9charger la fiche KIT INOX : <a href=\"https:\/\/fdasrl.it\/wp-content\/uploads\/2025\/07\/FAR23-instructions-with-FAAGPOLIPROP-final-version_compressed.pdf\">FAR23 instructions with FAAGPOLIPROP final version_compressed<\/a><\/p>\n","protected":false},"featured_media":898,"comment_status":"open","ping_status":"closed","template":"","meta":{"_et_pb_use_builder":"","_et_pb_old_content":"","_et_gb_content_width":""},"product_brand":[],"product_cat":[523,547,396,611,393,664],"product_tag":[699,698],"class_list":{"0":"post-2870","1":"product","2":"type-product","3":"status-publish","4":"has-post-thumbnail","6":"product_cat-abreuvoirs","7":"product_cat-abreuvoirs-2","8":"product_cat-bovins","9":"product_cat-chevaux","10":"product_cat-ovins-et-caprins","11":"product_cat-volailles","12":"product_tag-far-23","13":"product_tag-far23","15":"first","16":"instock","17":"shipping-taxable","18":"product-type-simple"},"yoast_head":"<!-- This site is optimized with the Yoast SEO Premium plugin v27.5 (Yoast SEO v27.5) - https:\/\/yoast.com\/product\/yoast-seo-premium-wordpress\/ -->\n<title>Support de sol galvanis\u00e9 pour abreuvoirs : robuste et durable<\/title>\n<meta name=\"description\" content=\"Installation rapide et design r\u00e9sistant : le support de sol universel en acier galvanis\u00e9 pour abreuvoirs est ce qu\u2019il vous faut ! Profitez-en d\u00e8s maintenant !\" \/>\n<meta name=\"robots\" content=\"index, follow, max-snippet:-1, max-image-preview:large, max-video-preview:-1\" \/>\n<link rel=\"canonical\" href=\"https:\/\/fdasrl.it\/fr\/prodotto\/support-de-sol-far-23-universel-pour-abreuvoirs\/\" \/>\n<meta property=\"og:locale\" content=\"fr_FR\" \/>\n<meta property=\"og:type\" content=\"article\" \/>\n<meta property=\"og:title\" content=\"Support de sol FAR 23 universel pour abreuvoirs\" \/>\n<meta property=\"og:description\" content=\"Installation rapide et design r\u00e9sistant : le support de sol universel en acier galvanis\u00e9 pour abreuvoirs est ce qu\u2019il vous faut ! Profitez-en d\u00e8s maintenant !\" \/>\n<meta property=\"og:url\" content=\"https:\/\/fdasrl.it\/fr\/prodotto\/support-de-sol-far-23-universel-pour-abreuvoirs\/\" \/>\n<meta property=\"og:site_name\" content=\"FDA srl\" \/>\n<meta property=\"article:publisher\" content=\"https:\/\/www.facebook.com\/share\/1MWhFWg1Tp\/?mibextid=LQQJ4d\" \/>\n<meta property=\"og:image\" content=\"https:\/\/fdasrl.it\/wp-content\/uploads\/2025\/07\/staffa-terra-abbeveratoi-far23-1.webp\" \/>\n\t<meta property=\"og:image:width\" content=\"1000\" \/>\n\t<meta property=\"og:image:height\" content=\"2000\" \/>\n\t<meta property=\"og:image:type\" content=\"image\/webp\" \/>\n<meta name=\"twitter:card\" content=\"summary_large_image\" \/>\n<meta name=\"twitter:label1\" content=\"Prix\" \/>\n\t<meta name=\"twitter:data1\" content=\"\" \/>\n\t<meta name=\"twitter:label2\" content=\"Disponibilit\u00e9\" \/>\n\t<meta name=\"twitter:data2\" content=\"En stock\" \/>\n<meta property=\"product:price:currency\" content=\"EUR\" \/>\n<meta property=\"og:availability\" content=\"instock\" \/>\n<meta property=\"product:availability\" content=\"instock\" \/>\n<meta property=\"product:retailer_item_id\" content=\"FAR23\" \/>\n<meta property=\"product:condition\" content=\"new\" \/>\n<!-- \/ Yoast SEO Premium plugin. -->","yoast_head_json":{"title":"Support de sol galvanis\u00e9 pour abreuvoirs : robuste et durable","description":"Installation rapide et design r\u00e9sistant : le support de sol universel en acier galvanis\u00e9 pour abreuvoirs est ce qu\u2019il vous faut ! Profitez-en d\u00e8s maintenant !","robots":{"index":"index","follow":"follow","max-snippet":"max-snippet:-1","max-image-preview":"max-image-preview:large","max-video-preview":"max-video-preview:-1"},"canonical":"https:\/\/fdasrl.it\/fr\/prodotto\/support-de-sol-far-23-universel-pour-abreuvoirs\/","og_locale":"fr_FR","og_type":"article","og_title":"Support de sol FAR 23 universel pour abreuvoirs","og_description":"Installation rapide et design r\u00e9sistant : le support de sol universel en acier galvanis\u00e9 pour abreuvoirs est ce qu\u2019il vous faut ! Profitez-en d\u00e8s maintenant !","og_url":"https:\/\/fdasrl.it\/fr\/prodotto\/support-de-sol-far-23-universel-pour-abreuvoirs\/","og_site_name":"FDA srl","article_publisher":"https:\/\/www.facebook.com\/share\/1MWhFWg1Tp\/?mibextid=LQQJ4d","og_image":[{"width":1000,"height":2000,"url":"https:\/\/fdasrl.it\/wp-content\/uploads\/2025\/07\/staffa-terra-abbeveratoi-far23-1.webp","type":"image\/webp"}],"twitter_card":"summary_large_image","twitter_misc":{"Prix":"","Disponibilit\u00e9":"En stock"},"schema":{"@context":"https:\/\/schema.org","@graph":[{"@type":"WebPage","@id":"https:\/\/fdasrl.it\/fr\/prodotto\/support-de-sol-far-23-universel-pour-abreuvoirs\/","url":"https:\/\/fdasrl.it\/fr\/prodotto\/support-de-sol-far-23-universel-pour-abreuvoirs\/","name":"Support de sol galvanis\u00e9 pour abreuvoirs : robuste et durable","isPartOf":{"@id":"https:\/\/fdasrl.it\/fr\/#website"},"primaryImageOfPage":{"@id":"https:\/\/fdasrl.it\/fr\/prodotto\/support-de-sol-far-23-universel-pour-abreuvoirs\/#primaryimage"},"image":{"@id":"https:\/\/fdasrl.it\/fr\/prodotto\/support-de-sol-far-23-universel-pour-abreuvoirs\/#primaryimage"},"thumbnailUrl":"https:\/\/fdasrl.it\/wp-content\/uploads\/2025\/07\/staffa-terra-abbeveratoi-far23-1.webp","datePublished":"2025-07-25T14:56:01+00:00","description":"Installation rapide et design r\u00e9sistant : le support de sol universel en acier galvanis\u00e9 pour abreuvoirs est ce qu\u2019il vous faut ! Profitez-en d\u00e8s maintenant !","breadcrumb":{"@id":"https:\/\/fdasrl.it\/fr\/prodotto\/support-de-sol-far-23-universel-pour-abreuvoirs\/#breadcrumb"},"inLanguage":"fr-FR","potentialAction":[{"@type":"ReadAction","target":["https:\/\/fdasrl.it\/fr\/prodotto\/support-de-sol-far-23-universel-pour-abreuvoirs\/"]}]},{"@type":"ImageObject","inLanguage":"fr-FR","@id":"https:\/\/fdasrl.it\/fr\/prodotto\/support-de-sol-far-23-universel-pour-abreuvoirs\/#primaryimage","url":"https:\/\/fdasrl.it\/wp-content\/uploads\/2025\/07\/staffa-terra-abbeveratoi-far23-1.webp","contentUrl":"https:\/\/fdasrl.it\/wp-content\/uploads\/2025\/07\/staffa-terra-abbeveratoi-far23-1.webp","width":1000,"height":2000,"caption":"Staffa da terra in acciaio zincato FAR 23 per abbeveratoi"},{"@type":"BreadcrumbList","@id":"https:\/\/fdasrl.it\/fr\/prodotto\/support-de-sol-far-23-universel-pour-abreuvoirs\/#breadcrumb","itemListElement":[{"@type":"ListItem","position":1,"name":"Home","item":"https:\/\/fdasrl.it\/fr\/accueil\/"},{"@type":"ListItem","position":2,"name":"Boutique","item":"https:\/\/fdasrl.it\/fr\/boutique\/"},{"@type":"ListItem","position":3,"name":"Support de sol FAR 23 universel pour abreuvoirs"}]},{"@type":"WebSite","@id":"https:\/\/fdasrl.it\/fr\/#website","url":"https:\/\/fdasrl.it\/fr\/","name":"FDA srl","description":"Equipment for animal husbandry","publisher":{"@id":"https:\/\/fdasrl.it\/fr\/#organization"},"potentialAction":[{"@type":"SearchAction","target":{"@type":"EntryPoint","urlTemplate":"https:\/\/fdasrl.it\/fr\/?s={search_term_string}"},"query-input":{"@type":"PropertyValueSpecification","valueRequired":true,"valueName":"search_term_string"}}],"inLanguage":"fr-FR"},{"@type":"Organization","@id":"https:\/\/fdasrl.it\/fr\/#organization","name":"FDA srl","url":"https:\/\/fdasrl.it\/fr\/","logo":{"@type":"ImageObject","inLanguage":"fr-FR","@id":"https:\/\/fdasrl.it\/fr\/#\/schema\/logo\/image\/","url":"https:\/\/fdasrl.it\/wp-content\/uploads\/2024\/12\/Logo-FDA.png","contentUrl":"https:\/\/fdasrl.it\/wp-content\/uploads\/2024\/12\/Logo-FDA.png","width":316,"height":119,"caption":"FDA srl"},"image":{"@id":"https:\/\/fdasrl.it\/fr\/#\/schema\/logo\/image\/"},"sameAs":["https:\/\/www.facebook.com\/share\/1MWhFWg1Tp\/?mibextid=LQQJ4d","https:\/\/www.instagram.com\/fda_srl\/profilecard\/?igsh=YW5lbzJ6MWg0d21u","https:\/\/www.youtube.com\/@FDASRL_ANIMALCARE"],"description":"FDA SRL \u2013 Equipment for animal husbandry nasce con l\u2019obiettivo di offrire soluzioni affidabili e innovative per l\u2019allevamento moderno. Con anni di esperienza nel settore zootecnico, progettiamo e realizziamo attrezzature destinate al benessere animale e alla gestione efficiente delle stalle: vasche, abbeveratoi, mangiatoie e sistemi di riscaldamento pensati per durare nel tempo e semplificare il lavoro quotidiano degli allevatori. Dalla progettazione alla produzione, ogni nostro prodotto \u00e8 studiato nei minimi dettagli, testato con cura e costruito per rispondere alle esigenze reali del settore. La nostra forza \u00e8 unire artigianalit\u00e0, tecnologia e competenza tecnica per trasformare ogni progetto in una soluzione concreta e funzionale. Oggi FDA SRL \u00e8 un punto di riferimento per privati e rivenditori che cercano qualit\u00e0, affidabilit\u00e0 e innovazione nelle attrezzature per l\u2019allevamento.","email":"info@fdasrl.it","telephone":"+390522826820","legalName":"F.D.A. SRL","foundingDate":"2024-10-13","vatID":"03075840359","taxID":"03075840359","numberOfEmployees":{"@type":"QuantitativeValue","minValue":"1","maxValue":"10"}}]},"product_price_currency":"EUR","og_availability":"instock","product_availability":"instock","product_retailer_item_id":"FAR23","product_condition":"new"},"_links":{"self":[{"href":"https:\/\/fdasrl.it\/fr\/wp-json\/wp\/v2\/product\/2870","targetHints":{"allow":["GET"]}}],"collection":[{"href":"https:\/\/fdasrl.it\/fr\/wp-json\/wp\/v2\/product"}],"about":[{"href":"https:\/\/fdasrl.it\/fr\/wp-json\/wp\/v2\/types\/product"}],"replies":[{"embeddable":true,"href":"https:\/\/fdasrl.it\/fr\/wp-json\/wp\/v2\/comments?post=2870"}],"wp:featuredmedia":[{"embeddable":true,"href":"https:\/\/fdasrl.it\/fr\/wp-json\/wp\/v2\/media\/898"}],"wp:attachment":[{"href":"https:\/\/fdasrl.it\/fr\/wp-json\/wp\/v2\/media?parent=2870"}],"wp:term":[{"taxonomy":"product_brand","embeddable":true,"href":"https:\/\/fdasrl.it\/fr\/wp-json\/wp\/v2\/product_brand?post=2870"},{"taxonomy":"product_cat","embeddable":true,"href":"https:\/\/fdasrl.it\/fr\/wp-json\/wp\/v2\/product_cat?post=2870"},{"taxonomy":"product_tag","embeddable":true,"href":"https:\/\/fdasrl.it\/fr\/wp-json\/wp\/v2\/product_tag?post=2870"}],"curies":[{"name":"wp","href":"https:\/\/api.w.org\/{rel}","templated":true}]}}