{"id":2960,"date":"2025-01-21T13:06:43","date_gmt":"2025-01-21T12:06:43","guid":{"rendered":"https:\/\/fdasrl.it\/prodotto\/groupe-pompe-trayeuse-de-400-litres-avec-accumulateur\/"},"modified":"2025-01-21T13:06:43","modified_gmt":"2025-01-21T12:06:43","slug":"groupe-pompe-trayeuse-de-400-litres-avec-accumulateur","status":"publish","type":"product","link":"https:\/\/fdasrl.it\/fr\/prodotto\/groupe-pompe-trayeuse-de-400-litres-avec-accumulateur\/","title":{"rendered":"GROUPE POMPE TRAYEUSE DE 400 LITRES AVEC ACCUMULATEUR"},"content":{"rendered":"<div>\n<h3 data-start=\"180\" data-end=\"274\"><strong data-start=\"184\" data-end=\"274\">Groupe Pompe \u00e0 Vide 400 L\/min avec Accumulateur de 18 Litres pour Compensation du Vide pour installations de traite \u2013 Moteur 1,1 kW 220V<\/strong><\/h3>\n<p data-start=\"276\" data-end=\"562\">Fiable et efficace, cette <strong data-start=\"309\" data-end=\"351\">pompe \u00e0 vide de 400 litres par minute<\/strong> est id\u00e9ale pour les installations de traite professionnelles de petite et moyenne taille.<br data-start=\"431\" data-end=\"434\">Gr\u00e2ce \u00e0 la <strong data-start=\"446\" data-end=\"503\">pompe \u00e0 sec avec palettes en graphite autolubrifiantes<\/strong>, elle garantit une longue dur\u00e9e de vie et de faibles exigences de maintenance.<\/p>\n<h4 data-start=\"564\" data-end=\"611\">\u2705 <strong data-start=\"571\" data-end=\"611\">Caract\u00e9ristiques techniques principales :<\/strong><\/h4>\n<ul data-start=\"612\" data-end=\"888\">\n<li data-start=\"612\" data-end=\"650\">\n<p data-start=\"614\" data-end=\"650\"><strong data-start=\"614\" data-end=\"637\">D\u00e9bit de la pompe<\/strong> : 400 L\/min &#8211; 1,5 HP<\/p>\n<\/li>\n<li data-start=\"651\" data-end=\"721\">\n<p data-start=\"653\" data-end=\"721\"><strong data-start=\"653\" data-end=\"670\">Type de pompe<\/strong> : \u00c0 sec avec palettes en graphite autolubrifiantes<\/p>\n<\/li>\n<li data-start=\"722\" data-end=\"761\">\n<p data-start=\"724\" data-end=\"761\"><strong data-start=\"724\" data-end=\"749\">R\u00e9servoir d&rsquo;accumulation<\/strong> : 18 litres<\/p>\n<\/li>\n<li data-start=\"762\" data-end=\"805\">\n<p data-start=\"764\" data-end=\"805\"><strong data-start=\"764\" data-end=\"784\">Moteur \u00e9lectrique<\/strong> : 1,1 kW \u2013 monophas\u00e9<\/p>\n<\/li>\n<li data-start=\"806\" data-end=\"840\">\n<p data-start=\"808\" data-end=\"840\"><strong data-start=\"808\" data-end=\"825\">Alimentation<\/strong> : 220V \u2013 50Hz<\/p>\n<\/li>\n<li data-start=\"841\" data-end=\"888\">\n<p data-start=\"843\" data-end=\"888\"><strong data-start=\"843\" data-end=\"865\">Structure compacte<\/strong> et facile \u00e0 installer<\/p>\n<\/li>\n<\/ul>\n<h4 data-start=\"890\" data-end=\"924\">\ud83d\udc04 <strong data-start=\"898\" data-end=\"924\">Capacit\u00e9 de traite :<\/strong><\/h4>\n<ul data-start=\"925\" data-end=\"1018\">\n<li data-start=\"925\" data-end=\"975\">\n<p data-start=\"927\" data-end=\"975\"><strong data-start=\"927\" data-end=\"954\">Jusqu&rsquo;\u00e0 4 ch\u00e8vres ou brebis<\/strong> simultan\u00e9ment<\/p>\n<\/li>\n<li data-start=\"976\" data-end=\"1018\">\n<p data-start=\"978\" data-end=\"1018\"><strong data-start=\"978\" data-end=\"997\">Jusqu&rsquo;\u00e0 2 vaches<\/strong> simultan\u00e9ment<\/p>\n<\/li>\n<\/ul>\n<p data-start=\"1020\" data-end=\"1162\">Id\u00e9ale pour les \u00e9leveurs qui recherchent une <strong data-start=\"1058\" data-end=\"1123\">pompe de traite efficace, compacte et facile \u00e0 utiliser<\/strong>. Parfaite pour installations mobiles ou fixes. <\/p>\n<hr data-start=\"1164\" data-end=\"1167\">\n<h3 data-start=\"1169\" data-end=\"1243\">\ud83d\uded2 <strong data-start=\"1176\" data-end=\"1243\">Achetez maintenant la Pompe \u00e0 Vide de 400 L sur notre boutique en ligne<\/strong><\/h3>\n<p data-start=\"1245\" data-end=\"1283\">\ud83d\udc49 <a href=\"https:\/\/fda-shop.it\/shop\/gruppo-pompa-mungitore-da-400-litri-con-accumulatore\" target=\"_blank\" rel=\"noopener\">Boutique en ligne<\/a><\/p>\n<\/div>\n","protected":false},"excerpt":{"rendered":"<p>Pompe \u00e0 vide de 400 L\/min avec r\u00e9servoir de 18 litres, id\u00e9ale pour la traite de 4 ch\u00e8vres ou 2 vaches. \u00c9quip\u00e9e d&rsquo;un moteur \u00e9lectrique 1,1 kW et d&rsquo;une pompe \u00e0 sec avec palettes en graphite autolubrifiantes. <\/p>\n","protected":false},"featured_media":470,"comment_status":"open","ping_status":"closed","template":"","meta":{"_et_pb_use_builder":"","_et_pb_old_content":"","_et_gb_content_width":""},"product_brand":[],"product_cat":[488,392],"product_tag":[729],"class_list":{"0":"post-2960","1":"product","2":"type-product","3":"status-publish","4":"has-post-thumbnail","6":"product_cat-accessoires-machines-a-traire","7":"product_cat-trayeuses-mobiles","8":"product_tag-facm99001","10":"first","11":"instock","12":"shipping-taxable","13":"product-type-simple"},"yoast_head":"<!-- This site is optimized with the Yoast SEO Premium plugin v27.5 (Yoast SEO v27.5) - https:\/\/yoast.com\/product\/yoast-seo-premium-wordpress\/ -->\n<title>Groupe pompe \u00e0 vide pour trayeuse facile \u00e0 installer - FDA srl<\/title>\n<meta name=\"description\" content=\"Optimisez votre installation de traite avec le groupe pompe \u00e0 vide pour trayeuse, qui offre efficacit\u00e9 et faibles co\u00fbts de maintenance. Achetez maintenant !\" \/>\n<meta name=\"robots\" content=\"index, follow, max-snippet:-1, max-image-preview:large, max-video-preview:-1\" \/>\n<link rel=\"canonical\" href=\"https:\/\/fdasrl.it\/fr\/prodotto\/groupe-pompe-trayeuse-de-400-litres-avec-accumulateur\/\" \/>\n<meta property=\"og:locale\" content=\"fr_FR\" \/>\n<meta property=\"og:type\" content=\"article\" \/>\n<meta property=\"og:title\" content=\"GROUPE POMPE TRAYEUSE DE 400 LITRES AVEC ACCUMULATEUR\" \/>\n<meta property=\"og:description\" content=\"Optimisez votre installation de traite avec le groupe pompe \u00e0 vide pour trayeuse, qui offre efficacit\u00e9 et faibles co\u00fbts de maintenance. Achetez maintenant !\" \/>\n<meta property=\"og:url\" content=\"https:\/\/fdasrl.it\/fr\/prodotto\/groupe-pompe-trayeuse-de-400-litres-avec-accumulateur\/\" \/>\n<meta property=\"og:site_name\" content=\"FDA srl\" \/>\n<meta property=\"article:publisher\" content=\"https:\/\/www.facebook.com\/share\/1MWhFWg1Tp\/?mibextid=LQQJ4d\" \/>\n<meta property=\"og:image\" content=\"https:\/\/fdasrl.it\/wp-content\/uploads\/2025\/01\/FACM99001_1.jpg\" \/>\n\t<meta property=\"og:image:width\" content=\"225\" \/>\n\t<meta property=\"og:image:height\" content=\"300\" \/>\n\t<meta property=\"og:image:type\" content=\"image\/jpeg\" \/>\n<meta name=\"twitter:card\" content=\"summary_large_image\" \/>\n<meta name=\"twitter:label1\" content=\"Prix\" \/>\n\t<meta name=\"twitter:data1\" content=\"\" \/>\n\t<meta name=\"twitter:label2\" content=\"Disponibilit\u00e9\" \/>\n\t<meta name=\"twitter:data2\" content=\"En stock\" \/>\n<meta property=\"product:price:currency\" content=\"EUR\" \/>\n<meta property=\"og:availability\" content=\"instock\" \/>\n<meta property=\"product:availability\" content=\"instock\" \/>\n<meta property=\"product:retailer_item_id\" content=\"FACM99001\" \/>\n<meta property=\"product:condition\" content=\"new\" \/>\n<!-- \/ Yoast SEO Premium plugin. -->","yoast_head_json":{"title":"Groupe pompe \u00e0 vide pour trayeuse facile \u00e0 installer - FDA srl","description":"Optimisez votre installation de traite avec le groupe pompe \u00e0 vide pour trayeuse, qui offre efficacit\u00e9 et faibles co\u00fbts de maintenance. Achetez maintenant !","robots":{"index":"index","follow":"follow","max-snippet":"max-snippet:-1","max-image-preview":"max-image-preview:large","max-video-preview":"max-video-preview:-1"},"canonical":"https:\/\/fdasrl.it\/fr\/prodotto\/groupe-pompe-trayeuse-de-400-litres-avec-accumulateur\/","og_locale":"fr_FR","og_type":"article","og_title":"GROUPE POMPE TRAYEUSE DE 400 LITRES AVEC ACCUMULATEUR","og_description":"Optimisez votre installation de traite avec le groupe pompe \u00e0 vide pour trayeuse, qui offre efficacit\u00e9 et faibles co\u00fbts de maintenance. Achetez maintenant !","og_url":"https:\/\/fdasrl.it\/fr\/prodotto\/groupe-pompe-trayeuse-de-400-litres-avec-accumulateur\/","og_site_name":"FDA srl","article_publisher":"https:\/\/www.facebook.com\/share\/1MWhFWg1Tp\/?mibextid=LQQJ4d","og_image":[{"width":225,"height":300,"url":"https:\/\/fdasrl.it\/wp-content\/uploads\/2025\/01\/FACM99001_1.jpg","type":"image\/jpeg"}],"twitter_card":"summary_large_image","twitter_misc":{"Prix":"","Disponibilit\u00e9":"En stock"},"schema":{"@context":"https:\/\/schema.org","@graph":[{"@type":"WebPage","@id":"https:\/\/fdasrl.it\/fr\/prodotto\/groupe-pompe-trayeuse-de-400-litres-avec-accumulateur\/","url":"https:\/\/fdasrl.it\/fr\/prodotto\/groupe-pompe-trayeuse-de-400-litres-avec-accumulateur\/","name":"Groupe pompe \u00e0 vide pour trayeuse facile \u00e0 installer - FDA srl","isPartOf":{"@id":"https:\/\/fdasrl.it\/fr\/#website"},"primaryImageOfPage":{"@id":"https:\/\/fdasrl.it\/fr\/prodotto\/groupe-pompe-trayeuse-de-400-litres-avec-accumulateur\/#primaryimage"},"image":{"@id":"https:\/\/fdasrl.it\/fr\/prodotto\/groupe-pompe-trayeuse-de-400-litres-avec-accumulateur\/#primaryimage"},"thumbnailUrl":"https:\/\/fdasrl.it\/wp-content\/uploads\/2025\/01\/FACM99001_1.jpg","datePublished":"2025-01-21T12:06:43+00:00","description":"Optimisez votre installation de traite avec le groupe pompe \u00e0 vide pour trayeuse, qui offre efficacit\u00e9 et faibles co\u00fbts de maintenance. Achetez maintenant !","breadcrumb":{"@id":"https:\/\/fdasrl.it\/fr\/prodotto\/groupe-pompe-trayeuse-de-400-litres-avec-accumulateur\/#breadcrumb"},"inLanguage":"fr-FR","potentialAction":[{"@type":"ReadAction","target":["https:\/\/fdasrl.it\/fr\/prodotto\/groupe-pompe-trayeuse-de-400-litres-avec-accumulateur\/"]}]},{"@type":"ImageObject","inLanguage":"fr-FR","@id":"https:\/\/fdasrl.it\/fr\/prodotto\/groupe-pompe-trayeuse-de-400-litres-avec-accumulateur\/#primaryimage","url":"https:\/\/fdasrl.it\/wp-content\/uploads\/2025\/01\/FACM99001_1.jpg","contentUrl":"https:\/\/fdasrl.it\/wp-content\/uploads\/2025\/01\/FACM99001_1.jpg","width":225,"height":300,"caption":"Pompa del vuoto 400 litri per mungitura con serbatoio di compensazione da 18 litri"},{"@type":"BreadcrumbList","@id":"https:\/\/fdasrl.it\/fr\/prodotto\/groupe-pompe-trayeuse-de-400-litres-avec-accumulateur\/#breadcrumb","itemListElement":[{"@type":"ListItem","position":1,"name":"Home","item":"https:\/\/fdasrl.it\/fr\/accueil\/"},{"@type":"ListItem","position":2,"name":"Boutique","item":"https:\/\/fdasrl.it\/fr\/boutique\/"},{"@type":"ListItem","position":3,"name":"GROUPE POMPE TRAYEUSE DE 400 LITRES AVEC ACCUMULATEUR"}]},{"@type":"WebSite","@id":"https:\/\/fdasrl.it\/fr\/#website","url":"https:\/\/fdasrl.it\/fr\/","name":"FDA srl","description":"Equipment for animal husbandry","publisher":{"@id":"https:\/\/fdasrl.it\/fr\/#organization"},"potentialAction":[{"@type":"SearchAction","target":{"@type":"EntryPoint","urlTemplate":"https:\/\/fdasrl.it\/fr\/?s={search_term_string}"},"query-input":{"@type":"PropertyValueSpecification","valueRequired":true,"valueName":"search_term_string"}}],"inLanguage":"fr-FR"},{"@type":"Organization","@id":"https:\/\/fdasrl.it\/fr\/#organization","name":"FDA srl","url":"https:\/\/fdasrl.it\/fr\/","logo":{"@type":"ImageObject","inLanguage":"fr-FR","@id":"https:\/\/fdasrl.it\/fr\/#\/schema\/logo\/image\/","url":"https:\/\/fdasrl.it\/wp-content\/uploads\/2024\/12\/Logo-FDA.png","contentUrl":"https:\/\/fdasrl.it\/wp-content\/uploads\/2024\/12\/Logo-FDA.png","width":316,"height":119,"caption":"FDA srl"},"image":{"@id":"https:\/\/fdasrl.it\/fr\/#\/schema\/logo\/image\/"},"sameAs":["https:\/\/www.facebook.com\/share\/1MWhFWg1Tp\/?mibextid=LQQJ4d","https:\/\/www.instagram.com\/fda_srl\/profilecard\/?igsh=YW5lbzJ6MWg0d21u","https:\/\/www.youtube.com\/@FDASRL_ANIMALCARE"],"description":"FDA SRL \u2013 Equipment for animal husbandry nasce con l\u2019obiettivo di offrire soluzioni affidabili e innovative per l\u2019allevamento moderno. Con anni di esperienza nel settore zootecnico, progettiamo e realizziamo attrezzature destinate al benessere animale e alla gestione efficiente delle stalle: vasche, abbeveratoi, mangiatoie e sistemi di riscaldamento pensati per durare nel tempo e semplificare il lavoro quotidiano degli allevatori. Dalla progettazione alla produzione, ogni nostro prodotto \u00e8 studiato nei minimi dettagli, testato con cura e costruito per rispondere alle esigenze reali del settore. La nostra forza \u00e8 unire artigianalit\u00e0, tecnologia e competenza tecnica per trasformare ogni progetto in una soluzione concreta e funzionale. Oggi FDA SRL \u00e8 un punto di riferimento per privati e rivenditori che cercano qualit\u00e0, affidabilit\u00e0 e innovazione nelle attrezzature per l\u2019allevamento.","email":"info@fdasrl.it","telephone":"+390522826820","legalName":"F.D.A. SRL","foundingDate":"2024-10-13","vatID":"03075840359","taxID":"03075840359","numberOfEmployees":{"@type":"QuantitativeValue","minValue":"1","maxValue":"10"}}]},"product_price_currency":"EUR","og_availability":"instock","product_availability":"instock","product_retailer_item_id":"FACM99001","product_condition":"new"},"_links":{"self":[{"href":"https:\/\/fdasrl.it\/fr\/wp-json\/wp\/v2\/product\/2960","targetHints":{"allow":["GET"]}}],"collection":[{"href":"https:\/\/fdasrl.it\/fr\/wp-json\/wp\/v2\/product"}],"about":[{"href":"https:\/\/fdasrl.it\/fr\/wp-json\/wp\/v2\/types\/product"}],"replies":[{"embeddable":true,"href":"https:\/\/fdasrl.it\/fr\/wp-json\/wp\/v2\/comments?post=2960"}],"wp:featuredmedia":[{"embeddable":true,"href":"https:\/\/fdasrl.it\/fr\/wp-json\/wp\/v2\/media\/470"}],"wp:attachment":[{"href":"https:\/\/fdasrl.it\/fr\/wp-json\/wp\/v2\/media?parent=2960"}],"wp:term":[{"taxonomy":"product_brand","embeddable":true,"href":"https:\/\/fdasrl.it\/fr\/wp-json\/wp\/v2\/product_brand?post=2960"},{"taxonomy":"product_cat","embeddable":true,"href":"https:\/\/fdasrl.it\/fr\/wp-json\/wp\/v2\/product_cat?post=2960"},{"taxonomy":"product_tag","embeddable":true,"href":"https:\/\/fdasrl.it\/fr\/wp-json\/wp\/v2\/product_tag?post=2960"}],"curies":[{"name":"wp","href":"https:\/\/api.w.org\/{rel}","templated":true}]}}