{"id":3001,"date":"2025-01-21T13:15:41","date_gmt":"2025-01-21T12:15:41","guid":{"rendered":"https:\/\/fdasrl.it\/prodotto\/bidon-pour-traite-et-transport-du-lait-caprins-et-ovins\/"},"modified":"2025-01-21T13:15:41","modified_gmt":"2025-01-21T12:15:41","slug":"bidon-pour-traite-et-transport-du-lait-caprins-et-ovins","status":"publish","type":"product","link":"https:\/\/fdasrl.it\/fr\/prodotto\/bidon-pour-traite-et-transport-du-lait-caprins-et-ovins\/","title":{"rendered":"BIDON POUR TRAITE ET TRANSPORT DU LAIT CAPRINS ET OVINS"},"content":{"rendered":"<h2 data-start=\"113\" data-end=\"198\">Seau Bidon Trayeur en Acier Inox 30 L pour Caprins et Ovins \u2013 Double Groupe<\/h2>\n<p data-start=\"200\" data-end=\"527\">Le <strong data-start=\"203\" data-end=\"252\">seau trayeur en acier inox de 30 litres<\/strong> est un outil essentiel pour la traite professionnelle et quotidienne des <strong data-start=\"327\" data-end=\"345\">ch\u00e8vres et brebis<\/strong>.<br data-start=\"346\" data-end=\"349\">Fabriqu\u00e9 en <strong data-start=\"363\" data-end=\"388\">acier inox AISI 304<\/strong> \u00e0 usage alimentaire, il garantit des normes d&rsquo;hygi\u00e8ne \u00e9lev\u00e9es, une r\u00e9sistance \u00e0 la corrosion et une longue dur\u00e9e de vie, m\u00eame dans les environnements d&rsquo;\u00e9levage intensifs.<\/p>\n<p data-start=\"529\" data-end=\"787\">Ce mod\u00e8le est con\u00e7u pour fonctionner avec <strong data-start=\"576\" data-end=\"598\">2 groupes de traite<\/strong>, offrant une efficacit\u00e9 accrue et un gain de temps par rapport aux syst\u00e8mes \u00e0 groupe unique. Le seau est \u00e9quip\u00e9 d&rsquo;une <strong data-start=\"715\" data-end=\"735\">poign\u00e9e robuste<\/strong> qui facilite le transport, m\u00eame \u00e0 pleine charge. <\/p>\n<p data-start=\"789\" data-end=\"814\">Le kit est <strong data-start=\"798\" data-end=\"813\">complet avec<\/strong> :<\/p>\n<ul data-start=\"815\" data-end=\"1142\">\n<li data-start=\"815\" data-end=\"862\">\n<p data-start=\"817\" data-end=\"862\">Couvercle en acier inox avec raccords rapides<\/p>\n<\/li>\n<li data-start=\"863\" data-end=\"932\">\n<p data-start=\"865\" data-end=\"932\">Pulsateur pneumatique (fr\u00e9quence 50\/50 pour brebis ou 60\/40 pour ch\u00e8vres)<\/p>\n<\/li>\n<li data-start=\"933\" data-end=\"981\">\n<p data-start=\"935\" data-end=\"981\">2 collecteurs avec vanne d&rsquo;ouverture et fermeture<\/p>\n<\/li>\n<li data-start=\"982\" data-end=\"1044\">\n<p data-start=\"984\" data-end=\"1044\">Manchons en mat\u00e9riau r\u00e9sistant avec vannes semi-automatiques<\/p>\n<\/li>\n<li data-start=\"1045\" data-end=\"1069\">\n<p data-start=\"1047\" data-end=\"1069\">Trayons en silicone<\/p>\n<\/li>\n<li data-start=\"1070\" data-end=\"1142\">\n<p data-start=\"1072\" data-end=\"1142\">Tuyauteries en <strong data-start=\"1085\" data-end=\"1124\">crystal alimentaire extra \u00e9paissi<\/strong> pour lait et vide<\/p>\n<\/li>\n<\/ul>\n<blockquote data-start=\"1144\" data-end=\"1238\">\n<p data-start=\"1146\" data-end=\"1238\">\u26a0\ufe0f <strong data-start=\"1149\" data-end=\"1163\">Attention<\/strong> : le syst\u00e8me n\u00e9cessite une <strong data-start=\"1189\" data-end=\"1216\">pompe \u00e0 vide externe<\/strong>, non incluse dans le kit.<\/p>\n<\/blockquote>\n<p data-start=\"1240\" data-end=\"1463\">Id\u00e9al pour les <strong data-start=\"1251\" data-end=\"1274\">petits \u00e9levages<\/strong>, la traite mobile ou la <strong data-start=\"1295\" data-end=\"1341\">production artisanale de lait et d\u00e9riv\u00e9s<\/strong> (fromages, yaourts, etc.).<br data-start=\"1367\" data-end=\"1370\">Outil fiable, facile \u00e0 utiliser et compatible avec les installations de traite portables ou fixes.<\/p>\n<hr data-start=\"1282\" data-end=\"1285\">\n<p data-start=\"1287\" data-end=\"1336\">\ud83d\uded2 <strong data-start=\"1290\" data-end=\"1336\">Achetez-le maintenant sur notre <\/strong><a href=\"https:\/\/fda-shop.it\/shop\/mungitura\/secchio-mungitore-in-acciaio-inox-per-capra-o-pecora\" target=\"_blank\" rel=\"noopener\">boutique en ligne<\/a><\/p>\n","protected":false},"excerpt":{"rendered":"<p>Seau trayeur inox de 30 l pour ovins et caprins laitiers, complet avec accessoires.<\/p>\n","protected":false},"featured_media":476,"comment_status":"open","ping_status":"closed","template":"","meta":{"_et_pb_use_builder":"","_et_pb_old_content":"","_et_gb_content_width":""},"product_brand":[],"product_cat":[488],"product_tag":[741],"class_list":{"0":"post-3001","1":"product","2":"type-product","3":"status-publish","4":"has-post-thumbnail","6":"product_cat-accessoires-machines-a-traire","7":"product_tag-facm19300","9":"first","10":"instock","11":"shipping-taxable","12":"product-type-simple"},"yoast_head":"<!-- This site is optimized with the Yoast SEO Premium plugin v27.5 (Yoast SEO v27.5) - https:\/\/yoast.com\/product\/yoast-seo-premium-wordpress\/ -->\n<title>seau trayeur en acier inox ovins caprins de 30L - FDA srl<\/title>\n<meta name=\"description\" content=\"D\u00e9couvrez le seau trayeur en acier inox ovins caprins, con\u00e7u pour une traite professionnelle et hygi\u00e9nique. Ne manquez pas cette occasion, achetez-le maintenant !\" \/>\n<meta name=\"robots\" content=\"index, follow, max-snippet:-1, max-image-preview:large, max-video-preview:-1\" \/>\n<link rel=\"canonical\" href=\"https:\/\/fdasrl.it\/fr\/prodotto\/bidon-pour-traite-et-transport-du-lait-caprins-et-ovins\/\" \/>\n<meta property=\"og:locale\" content=\"fr_FR\" \/>\n<meta property=\"og:type\" content=\"article\" \/>\n<meta property=\"og:title\" content=\"BIDON POUR TRAITE ET TRANSPORT DU LAIT CAPRINS ET OVINS\" \/>\n<meta property=\"og:description\" content=\"D\u00e9couvrez le seau trayeur en acier inox ovins caprins, con\u00e7u pour une traite professionnelle et hygi\u00e9nique. Ne manquez pas cette occasion, achetez-le maintenant !\" \/>\n<meta property=\"og:url\" content=\"https:\/\/fdasrl.it\/fr\/prodotto\/bidon-pour-traite-et-transport-du-lait-caprins-et-ovins\/\" \/>\n<meta property=\"og:site_name\" content=\"FDA srl\" \/>\n<meta property=\"article:publisher\" content=\"https:\/\/www.facebook.com\/share\/1MWhFWg1Tp\/?mibextid=LQQJ4d\" \/>\n<meta property=\"og:image\" content=\"https:\/\/fdasrl.it\/wp-content\/uploads\/2025\/01\/FACM19300.jpg\" \/>\n\t<meta property=\"og:image:width\" content=\"600\" \/>\n\t<meta property=\"og:image:height\" content=\"800\" \/>\n\t<meta property=\"og:image:type\" content=\"image\/jpeg\" \/>\n<meta name=\"twitter:card\" content=\"summary_large_image\" \/>\n<meta name=\"twitter:label1\" content=\"Prix\" \/>\n\t<meta name=\"twitter:data1\" content=\"\" \/>\n\t<meta name=\"twitter:label2\" content=\"Disponibilit\u00e9\" \/>\n\t<meta name=\"twitter:data2\" content=\"En stock\" \/>\n<meta property=\"product:price:currency\" content=\"EUR\" \/>\n<meta property=\"og:availability\" content=\"instock\" \/>\n<meta property=\"product:availability\" content=\"instock\" \/>\n<meta property=\"product:retailer_item_id\" content=\"FACM19300\" \/>\n<meta property=\"product:condition\" content=\"new\" \/>\n<!-- \/ Yoast SEO Premium plugin. -->","yoast_head_json":{"title":"seau trayeur en acier inox ovins caprins de 30L - FDA srl","description":"D\u00e9couvrez le seau trayeur en acier inox ovins caprins, con\u00e7u pour une traite professionnelle et hygi\u00e9nique. Ne manquez pas cette occasion, achetez-le maintenant !","robots":{"index":"index","follow":"follow","max-snippet":"max-snippet:-1","max-image-preview":"max-image-preview:large","max-video-preview":"max-video-preview:-1"},"canonical":"https:\/\/fdasrl.it\/fr\/prodotto\/bidon-pour-traite-et-transport-du-lait-caprins-et-ovins\/","og_locale":"fr_FR","og_type":"article","og_title":"BIDON POUR TRAITE ET TRANSPORT DU LAIT CAPRINS ET OVINS","og_description":"D\u00e9couvrez le seau trayeur en acier inox ovins caprins, con\u00e7u pour une traite professionnelle et hygi\u00e9nique. Ne manquez pas cette occasion, achetez-le maintenant !","og_url":"https:\/\/fdasrl.it\/fr\/prodotto\/bidon-pour-traite-et-transport-du-lait-caprins-et-ovins\/","og_site_name":"FDA srl","article_publisher":"https:\/\/www.facebook.com\/share\/1MWhFWg1Tp\/?mibextid=LQQJ4d","og_image":[{"width":600,"height":800,"url":"https:\/\/fdasrl.it\/wp-content\/uploads\/2025\/01\/FACM19300.jpg","type":"image\/jpeg"}],"twitter_card":"summary_large_image","twitter_misc":{"Prix":"","Disponibilit\u00e9":"En stock"},"schema":{"@context":"https:\/\/schema.org","@graph":[{"@type":"WebPage","@id":"https:\/\/fdasrl.it\/fr\/prodotto\/bidon-pour-traite-et-transport-du-lait-caprins-et-ovins\/","url":"https:\/\/fdasrl.it\/fr\/prodotto\/bidon-pour-traite-et-transport-du-lait-caprins-et-ovins\/","name":"seau trayeur en acier inox ovins caprins de 30L - FDA srl","isPartOf":{"@id":"https:\/\/fdasrl.it\/fr\/#website"},"primaryImageOfPage":{"@id":"https:\/\/fdasrl.it\/fr\/prodotto\/bidon-pour-traite-et-transport-du-lait-caprins-et-ovins\/#primaryimage"},"image":{"@id":"https:\/\/fdasrl.it\/fr\/prodotto\/bidon-pour-traite-et-transport-du-lait-caprins-et-ovins\/#primaryimage"},"thumbnailUrl":"https:\/\/fdasrl.it\/wp-content\/uploads\/2025\/01\/FACM19300.jpg","datePublished":"2025-01-21T12:15:41+00:00","description":"D\u00e9couvrez le seau trayeur en acier inox ovins caprins, con\u00e7u pour une traite professionnelle et hygi\u00e9nique. Ne manquez pas cette occasion, achetez-le maintenant !","breadcrumb":{"@id":"https:\/\/fdasrl.it\/fr\/prodotto\/bidon-pour-traite-et-transport-du-lait-caprins-et-ovins\/#breadcrumb"},"inLanguage":"fr-FR","potentialAction":[{"@type":"ReadAction","target":["https:\/\/fdasrl.it\/fr\/prodotto\/bidon-pour-traite-et-transport-du-lait-caprins-et-ovins\/"]}]},{"@type":"ImageObject","inLanguage":"fr-FR","@id":"https:\/\/fdasrl.it\/fr\/prodotto\/bidon-pour-traite-et-transport-du-lait-caprins-et-ovins\/#primaryimage","url":"https:\/\/fdasrl.it\/wp-content\/uploads\/2025\/01\/FACM19300.jpg","contentUrl":"https:\/\/fdasrl.it\/wp-content\/uploads\/2025\/01\/FACM19300.jpg","width":600,"height":800},{"@type":"BreadcrumbList","@id":"https:\/\/fdasrl.it\/fr\/prodotto\/bidon-pour-traite-et-transport-du-lait-caprins-et-ovins\/#breadcrumb","itemListElement":[{"@type":"ListItem","position":1,"name":"Home","item":"https:\/\/fdasrl.it\/fr\/accueil\/"},{"@type":"ListItem","position":2,"name":"Boutique","item":"https:\/\/fdasrl.it\/fr\/boutique\/"},{"@type":"ListItem","position":3,"name":"BIDON POUR TRAITE ET TRANSPORT DU LAIT CAPRINS ET OVINS"}]},{"@type":"WebSite","@id":"https:\/\/fdasrl.it\/fr\/#website","url":"https:\/\/fdasrl.it\/fr\/","name":"FDA srl","description":"Equipment for animal husbandry","publisher":{"@id":"https:\/\/fdasrl.it\/fr\/#organization"},"potentialAction":[{"@type":"SearchAction","target":{"@type":"EntryPoint","urlTemplate":"https:\/\/fdasrl.it\/fr\/?s={search_term_string}"},"query-input":{"@type":"PropertyValueSpecification","valueRequired":true,"valueName":"search_term_string"}}],"inLanguage":"fr-FR"},{"@type":"Organization","@id":"https:\/\/fdasrl.it\/fr\/#organization","name":"FDA srl","url":"https:\/\/fdasrl.it\/fr\/","logo":{"@type":"ImageObject","inLanguage":"fr-FR","@id":"https:\/\/fdasrl.it\/fr\/#\/schema\/logo\/image\/","url":"https:\/\/fdasrl.it\/wp-content\/uploads\/2024\/12\/Logo-FDA.png","contentUrl":"https:\/\/fdasrl.it\/wp-content\/uploads\/2024\/12\/Logo-FDA.png","width":316,"height":119,"caption":"FDA srl"},"image":{"@id":"https:\/\/fdasrl.it\/fr\/#\/schema\/logo\/image\/"},"sameAs":["https:\/\/www.facebook.com\/share\/1MWhFWg1Tp\/?mibextid=LQQJ4d","https:\/\/www.instagram.com\/fda_srl\/profilecard\/?igsh=YW5lbzJ6MWg0d21u","https:\/\/www.youtube.com\/@FDASRL_ANIMALCARE"],"description":"FDA SRL \u2013 Equipment for animal husbandry nasce con l\u2019obiettivo di offrire soluzioni affidabili e innovative per l\u2019allevamento moderno. Con anni di esperienza nel settore zootecnico, progettiamo e realizziamo attrezzature destinate al benessere animale e alla gestione efficiente delle stalle: vasche, abbeveratoi, mangiatoie e sistemi di riscaldamento pensati per durare nel tempo e semplificare il lavoro quotidiano degli allevatori. Dalla progettazione alla produzione, ogni nostro prodotto \u00e8 studiato nei minimi dettagli, testato con cura e costruito per rispondere alle esigenze reali del settore. La nostra forza \u00e8 unire artigianalit\u00e0, tecnologia e competenza tecnica per trasformare ogni progetto in una soluzione concreta e funzionale. Oggi FDA SRL \u00e8 un punto di riferimento per privati e rivenditori che cercano qualit\u00e0, affidabilit\u00e0 e innovazione nelle attrezzature per l\u2019allevamento.","email":"info@fdasrl.it","telephone":"+390522826820","legalName":"F.D.A. SRL","foundingDate":"2024-10-13","vatID":"03075840359","taxID":"03075840359","numberOfEmployees":{"@type":"QuantitativeValue","minValue":"1","maxValue":"10"}}]},"product_price_currency":"EUR","og_availability":"instock","product_availability":"instock","product_retailer_item_id":"FACM19300","product_condition":"new"},"_links":{"self":[{"href":"https:\/\/fdasrl.it\/fr\/wp-json\/wp\/v2\/product\/3001","targetHints":{"allow":["GET"]}}],"collection":[{"href":"https:\/\/fdasrl.it\/fr\/wp-json\/wp\/v2\/product"}],"about":[{"href":"https:\/\/fdasrl.it\/fr\/wp-json\/wp\/v2\/types\/product"}],"replies":[{"embeddable":true,"href":"https:\/\/fdasrl.it\/fr\/wp-json\/wp\/v2\/comments?post=3001"}],"wp:featuredmedia":[{"embeddable":true,"href":"https:\/\/fdasrl.it\/fr\/wp-json\/wp\/v2\/media\/476"}],"wp:attachment":[{"href":"https:\/\/fdasrl.it\/fr\/wp-json\/wp\/v2\/media?parent=3001"}],"wp:term":[{"taxonomy":"product_brand","embeddable":true,"href":"https:\/\/fdasrl.it\/fr\/wp-json\/wp\/v2\/product_brand?post=3001"},{"taxonomy":"product_cat","embeddable":true,"href":"https:\/\/fdasrl.it\/fr\/wp-json\/wp\/v2\/product_cat?post=3001"},{"taxonomy":"product_tag","embeddable":true,"href":"https:\/\/fdasrl.it\/fr\/wp-json\/wp\/v2\/product_tag?post=3001"}],"curies":[{"name":"wp","href":"https:\/\/api.w.org\/{rel}","templated":true}]}}