{"id":3031,"date":"2025-04-22T11:33:21","date_gmt":"2025-04-22T09:33:21","guid":{"rendered":"https:\/\/fdasrl.it\/prodotto\/mangeoire-dangle-en-acier-galvanise-pour-ecuries-et-etables\/"},"modified":"2025-04-22T11:33:21","modified_gmt":"2025-04-22T09:33:21","slug":"mangeoire-dangle-en-acier-galvanise-pour-ecuries-et-etables","status":"publish","type":"product","link":"https:\/\/fdasrl.it\/fr\/prodotto\/mangeoire-dangle-en-acier-galvanise-pour-ecuries-et-etables\/","title":{"rendered":"Mangeoire d\u2019angle en acier galvanis\u00e9 pour \u00e9curies et \u00e9tables"},"content":{"rendered":"<h3 data-start=\"162\" data-end=\"267\"><strong data-start=\"162\" data-end=\"267\">Mangeoire d\u2019angle en acier galvanis\u00e9 pour \u00e9quins et bovins \u2013 35 litres \u2013 r\u00e9sistante et s\u00fbre<\/strong><\/h3>\n<p class=\"\" data-start=\"269\" data-end=\"729\">La <strong data-start=\"272\" data-end=\"322\">mangeoire d\u2019angle en acier galvanis\u00e9 \u00e0 chaud<\/strong> est un accessoire indispensable pour quiconque g\u00e8re une <strong data-start=\"375\" data-end=\"416\">\u00e9table, une \u00e9curie ou un \u00e9levage<\/strong>.<\/p>\n<p class=\"\" data-start=\"269\" data-end=\"729\">Gr\u00e2ce \u00e0 sa <strong data-start=\"434\" data-end=\"455\">forme triangulaire<\/strong>, elle s\u2019installe facilement dans un angle, optimisant l\u2019espace et garantissant un acc\u00e8s confortable aux animaux. Id\u00e9ale pour les <strong data-start=\"609\" data-end=\"673\">bovins, chevaux, poulains, veaux et autres animaux d\u2019\u00e9levage<\/strong>, elle permet une alimentation s\u00fbre, ordonn\u00e9e et hygi\u00e9nique. <\/p>\n<p class=\"\" data-start=\"731\" data-end=\"1225\">Enti\u00e8rement fabriqu\u00e9e en <strong data-start=\"756\" data-end=\"790\">tube et t\u00f4le galvanis\u00e9s \u00e0 chaud<\/strong>, cette mangeoire est con\u00e7ue pour durer, m\u00eame dans des environnements humides ou expos\u00e9s \u00e0 des conditions difficiles.<\/p>\n<p class=\"\" data-start=\"731\" data-end=\"1225\">La <strong data-start=\"906\" data-end=\"938\">galvanisation int\u00e9rieure et ext\u00e9rieure<\/strong> prot\u00e8ge efficacement contre la <strong data-start=\"968\" data-end=\"998\">rouille et la corrosion<\/strong>, prolongeant la dur\u00e9e de vie du produit m\u00eame en cas d\u2019utilisation intensive. De plus, sa structure sans bords tranchants r\u00e9duit consid\u00e9rablement le risque de <strong data-start=\"1146\" data-end=\"1168\">blessures accidentelles<\/strong>, offrant une s\u00e9curit\u00e9 accrue aux animaux. <\/p>\n<p class=\"\" data-start=\"1227\" data-end=\"1696\">Avec une <strong data-start=\"1235\" data-end=\"1259\">capacit\u00e9 de 35 litres<\/strong>, l\u2019auge convient aux aliments secs et humides, tels que le fourrage, le foin hach\u00e9, l\u2019eau ou les compl\u00e9ments liquides.<\/p>\n<p class=\"\" data-start=\"1227\" data-end=\"1696\">Ses dimensions g\u00e9n\u00e9reuses \u2013 <strong data-start=\"1399\" data-end=\"1461\">44 cm de largeur, 44 cm de profondeur et 24 cm de hauteur<\/strong> \u2013 garantissent une contenance optimale sans gaspillage. Le <strong data-start=\"1520\" data-end=\"1549\">bouchon de vidange de 15 mm<\/strong> int\u00e9gr\u00e9 \u00e0 la base permet un <strong data-start=\"1583\" data-end=\"1625\">nettoyage rapide et une vidange facile<\/strong>, facilitant l\u2019entretien et l\u2019assainissement quotidiens. <\/p>\n<p class=\"\" data-start=\"1698\" data-end=\"1871\">L\u2019installation est simple et rapide : la mangeoire peut \u00eatre <strong data-start=\"1760\" data-end=\"1795\">fix\u00e9e au mur \u00e0 l\u2019aide de 4 vis<\/strong> (non incluses), ce qui la rend stable, solide et pr\u00eate \u00e0 l\u2019emploi en quelques minutes.<\/p>\n<h3 class=\"\" data-start=\"1873\" data-end=\"1897\">Principaux avantages :<\/h3>\n<ul data-start=\"1898\" data-end=\"2307\">\n<li class=\"\" data-start=\"1898\" data-end=\"1973\">\n<p class=\"\" data-start=\"1900\" data-end=\"1973\"><strong data-start=\"1900\" data-end=\"1919\">Design d\u2019angle<\/strong> pour une installation gain de place dans les \u00e9curies et \u00e9tables<\/p>\n<\/li>\n<li class=\"\" data-start=\"1974\" data-end=\"2055\">\n<p class=\"\" data-start=\"1976\" data-end=\"2055\"><strong data-start=\"1976\" data-end=\"2016\">Structure en acier galvanis\u00e9 \u00e0 chaud<\/strong>, durable et r\u00e9sistante \u00e0 la corrosion<\/p>\n<\/li>\n<li class=\"\" data-start=\"2056\" data-end=\"2113\">\n<p class=\"\" data-start=\"2058\" data-end=\"2113\"><strong data-start=\"2058\" data-end=\"2079\">Protection totale<\/strong> contre les chocs, l\u2019usure et les d\u00e9formations<\/p>\n<\/li>\n<li class=\"\" data-start=\"2114\" data-end=\"2181\">\n<p class=\"\" data-start=\"2116\" data-end=\"2181\"><strong data-start=\"2116\" data-end=\"2134\">Grande capacit\u00e9<\/strong> de 35 litres, adapt\u00e9e \u00e0 diff\u00e9rents types d\u2019aliments<\/p>\n<\/li>\n<li class=\"\" data-start=\"2182\" data-end=\"2257\">\n<p class=\"\" data-start=\"2184\" data-end=\"2257\"><strong data-start=\"2184\" data-end=\"2214\">Bouchon de vidange int\u00e9gr\u00e9<\/strong>, pour un nettoyage facile et une hygi\u00e8ne garantie<\/p>\n<\/li>\n<li class=\"\" data-start=\"2258\" data-end=\"2307\">\n<p class=\"\" data-start=\"2260\" data-end=\"2307\"><strong data-start=\"2260\" data-end=\"2282\">Montage simple<\/strong> avec 4 points de fixation<\/p>\n<\/li>\n<\/ul>\n<h3 class=\"\" data-start=\"2309\" data-end=\"2333\">Sp\u00e9cifications techniques :<\/h3>\n<ul data-start=\"2334\" data-end=\"2590\">\n<li class=\"\" data-start=\"2334\" data-end=\"2391\">\n<p class=\"\" data-start=\"2336\" data-end=\"2391\">Mat\u00e9riau : acier galvanis\u00e9 \u00e0 chaud (int\u00e9rieur et ext\u00e9rieur)<\/p>\n<\/li>\n<li class=\"\" data-start=\"2392\" data-end=\"2412\">\n<p class=\"\" data-start=\"2394\" data-end=\"2412\">Capacit\u00e9 : 35 litres<\/p>\n<\/li>\n<li class=\"\" data-start=\"2413\" data-end=\"2454\">\n<p class=\"\" data-start=\"2415\" data-end=\"2454\">Dimensions : 44 x 44 x 24 cm (L x P x H)<\/p>\n<\/li>\n<li class=\"\" data-start=\"2455\" data-end=\"2480\">\n<p class=\"\" data-start=\"2457\" data-end=\"2480\">Vidange : bouchon de 15 mm<\/p>\n<\/li>\n<li class=\"\" data-start=\"2481\" data-end=\"2538\">\n<p class=\"\" data-start=\"2483\" data-end=\"2538\">Installation : montage mural (d\u2019angle) avec 4 vis<\/p>\n<\/li>\n<li class=\"\" data-start=\"2539\" data-end=\"2590\">\n<p class=\"\" data-start=\"2541\" data-end=\"2590\">Utilisation : bovins, chevaux, animaux d\u2019\u00e9levage<\/p>\n<\/li>\n<\/ul>\n","protected":false},"excerpt":{"rendered":"<p>Mangeoire d\u2019angle en acier galvanis\u00e9 \u00e0 chaud, id\u00e9ale pour chevaux et bovins. Capacit\u00e9 de 35 litres, r\u00e9sistante \u00e0 la corrosion, s\u00fbre et facile \u00e0 nettoyer gr\u00e2ce au bouchon de vidange int\u00e9gr\u00e9. Montage mural avec 4 vis.  <\/p>\n","protected":false},"featured_media":742,"comment_status":"open","ping_status":"closed","template":"","meta":{"_et_pb_use_builder":"","_et_pb_old_content":"","_et_gb_content_width":""},"product_brand":[],"product_cat":[396,611,751],"product_tag":[752,753],"class_list":{"0":"post-3031","1":"product","2":"type-product","3":"status-publish","4":"has-post-thumbnail","6":"product_cat-bovins","7":"product_cat-chevaux","8":"product_cat-mangeoires","9":"product_tag-fa-ma6","10":"product_tag-fama6","12":"first","13":"instock","14":"shipping-taxable","15":"product-type-simple"},"yoast_head":"<!-- This site is optimized with the Yoast SEO Premium plugin v27.5 (Yoast SEO v27.5) - https:\/\/yoast.com\/product\/yoast-seo-premium-wordpress\/ -->\n<title>Mangeoire d\u2019angle en acier galvanis\u00e9 pour \u00e9quins et bovins - FDA srl<\/title>\n<meta name=\"description\" content=\"D\u00e9couvrez la mangeoire d\u2019angle en acier galvanis\u00e9 pour \u00e9quins et bovins, id\u00e9ale pour optimiser l\u2019espace dans votre \u00e9table. Achetez d\u00e8s maintenant !\" \/>\n<meta name=\"robots\" content=\"index, follow, max-snippet:-1, max-image-preview:large, max-video-preview:-1\" \/>\n<link rel=\"canonical\" href=\"https:\/\/fdasrl.it\/fr\/prodotto\/mangeoire-dangle-en-acier-galvanise-pour-ecuries-et-etables\/\" \/>\n<meta property=\"og:locale\" content=\"fr_FR\" \/>\n<meta property=\"og:type\" content=\"article\" \/>\n<meta property=\"og:title\" content=\"Mangeoire d\u2019angle en acier galvanis\u00e9 pour \u00e9curies et \u00e9tables\" \/>\n<meta property=\"og:description\" content=\"D\u00e9couvrez la mangeoire d\u2019angle en acier galvanis\u00e9 pour \u00e9quins et bovins, id\u00e9ale pour optimiser l\u2019espace dans votre \u00e9table. Achetez d\u00e8s maintenant !\" \/>\n<meta property=\"og:url\" content=\"https:\/\/fdasrl.it\/fr\/prodotto\/mangeoire-dangle-en-acier-galvanise-pour-ecuries-et-etables\/\" \/>\n<meta property=\"og:site_name\" content=\"FDA srl\" \/>\n<meta property=\"article:publisher\" content=\"https:\/\/www.facebook.com\/share\/1MWhFWg1Tp\/?mibextid=LQQJ4d\" \/>\n<meta property=\"og:image\" content=\"https:\/\/fdasrl.it\/wp-content\/uploads\/2025\/04\/mangiatoia-angolare-in-acciaio-zincato-35-litri-mucca-cavallo.webp\" \/>\n\t<meta property=\"og:image:width\" content=\"1280\" \/>\n\t<meta property=\"og:image:height\" content=\"1280\" \/>\n\t<meta property=\"og:image:type\" content=\"image\/webp\" \/>\n<meta name=\"twitter:card\" content=\"summary_large_image\" \/>\n<meta name=\"twitter:label1\" content=\"Prix\" \/>\n\t<meta name=\"twitter:data1\" content=\"\" \/>\n\t<meta name=\"twitter:label2\" content=\"Disponibilit\u00e9\" \/>\n\t<meta name=\"twitter:data2\" content=\"En stock\" \/>\n<meta property=\"product:price:currency\" content=\"EUR\" \/>\n<meta property=\"og:availability\" content=\"instock\" \/>\n<meta property=\"product:availability\" content=\"instock\" \/>\n<meta property=\"product:retailer_item_id\" content=\"FAMA6\" \/>\n<meta property=\"product:condition\" content=\"new\" \/>\n<!-- \/ Yoast SEO Premium plugin. -->","yoast_head_json":{"title":"Mangeoire d\u2019angle en acier galvanis\u00e9 pour \u00e9quins et bovins - FDA srl","description":"D\u00e9couvrez la mangeoire d\u2019angle en acier galvanis\u00e9 pour \u00e9quins et bovins, id\u00e9ale pour optimiser l\u2019espace dans votre \u00e9table. Achetez d\u00e8s maintenant !","robots":{"index":"index","follow":"follow","max-snippet":"max-snippet:-1","max-image-preview":"max-image-preview:large","max-video-preview":"max-video-preview:-1"},"canonical":"https:\/\/fdasrl.it\/fr\/prodotto\/mangeoire-dangle-en-acier-galvanise-pour-ecuries-et-etables\/","og_locale":"fr_FR","og_type":"article","og_title":"Mangeoire d\u2019angle en acier galvanis\u00e9 pour \u00e9curies et \u00e9tables","og_description":"D\u00e9couvrez la mangeoire d\u2019angle en acier galvanis\u00e9 pour \u00e9quins et bovins, id\u00e9ale pour optimiser l\u2019espace dans votre \u00e9table. Achetez d\u00e8s maintenant !","og_url":"https:\/\/fdasrl.it\/fr\/prodotto\/mangeoire-dangle-en-acier-galvanise-pour-ecuries-et-etables\/","og_site_name":"FDA srl","article_publisher":"https:\/\/www.facebook.com\/share\/1MWhFWg1Tp\/?mibextid=LQQJ4d","og_image":[{"width":1280,"height":1280,"url":"https:\/\/fdasrl.it\/wp-content\/uploads\/2025\/04\/mangiatoia-angolare-in-acciaio-zincato-35-litri-mucca-cavallo.webp","type":"image\/webp"}],"twitter_card":"summary_large_image","twitter_misc":{"Prix":"","Disponibilit\u00e9":"En stock"},"schema":{"@context":"https:\/\/schema.org","@graph":[{"@type":"WebPage","@id":"https:\/\/fdasrl.it\/fr\/prodotto\/mangeoire-dangle-en-acier-galvanise-pour-ecuries-et-etables\/","url":"https:\/\/fdasrl.it\/fr\/prodotto\/mangeoire-dangle-en-acier-galvanise-pour-ecuries-et-etables\/","name":"Mangeoire d\u2019angle en acier galvanis\u00e9 pour \u00e9quins et bovins - FDA srl","isPartOf":{"@id":"https:\/\/fdasrl.it\/fr\/#website"},"primaryImageOfPage":{"@id":"https:\/\/fdasrl.it\/fr\/prodotto\/mangeoire-dangle-en-acier-galvanise-pour-ecuries-et-etables\/#primaryimage"},"image":{"@id":"https:\/\/fdasrl.it\/fr\/prodotto\/mangeoire-dangle-en-acier-galvanise-pour-ecuries-et-etables\/#primaryimage"},"thumbnailUrl":"https:\/\/fdasrl.it\/wp-content\/uploads\/2025\/04\/mangiatoia-angolare-in-acciaio-zincato-35-litri-mucca-cavallo.webp","datePublished":"2025-04-22T09:33:21+00:00","description":"D\u00e9couvrez la mangeoire d\u2019angle en acier galvanis\u00e9 pour \u00e9quins et bovins, id\u00e9ale pour optimiser l\u2019espace dans votre \u00e9table. Achetez d\u00e8s maintenant !","breadcrumb":{"@id":"https:\/\/fdasrl.it\/fr\/prodotto\/mangeoire-dangle-en-acier-galvanise-pour-ecuries-et-etables\/#breadcrumb"},"inLanguage":"fr-FR","potentialAction":[{"@type":"ReadAction","target":["https:\/\/fdasrl.it\/fr\/prodotto\/mangeoire-dangle-en-acier-galvanise-pour-ecuries-et-etables\/"]}]},{"@type":"ImageObject","inLanguage":"fr-FR","@id":"https:\/\/fdasrl.it\/fr\/prodotto\/mangeoire-dangle-en-acier-galvanise-pour-ecuries-et-etables\/#primaryimage","url":"https:\/\/fdasrl.it\/wp-content\/uploads\/2025\/04\/mangiatoia-angolare-in-acciaio-zincato-35-litri-mucca-cavallo.webp","contentUrl":"https:\/\/fdasrl.it\/wp-content\/uploads\/2025\/04\/mangiatoia-angolare-in-acciaio-zincato-35-litri-mucca-cavallo.webp","width":1280,"height":1280,"caption":"mangeoire-angle-acier-galvanise-35-litres-vache-cheval"},{"@type":"BreadcrumbList","@id":"https:\/\/fdasrl.it\/fr\/prodotto\/mangeoire-dangle-en-acier-galvanise-pour-ecuries-et-etables\/#breadcrumb","itemListElement":[{"@type":"ListItem","position":1,"name":"Home","item":"https:\/\/fdasrl.it\/fr\/accueil\/"},{"@type":"ListItem","position":2,"name":"Boutique","item":"https:\/\/fdasrl.it\/fr\/boutique\/"},{"@type":"ListItem","position":3,"name":"Mangeoire d\u2019angle en acier galvanis\u00e9 pour \u00e9curies et \u00e9tables"}]},{"@type":"WebSite","@id":"https:\/\/fdasrl.it\/fr\/#website","url":"https:\/\/fdasrl.it\/fr\/","name":"FDA srl","description":"Equipment for animal husbandry","publisher":{"@id":"https:\/\/fdasrl.it\/fr\/#organization"},"potentialAction":[{"@type":"SearchAction","target":{"@type":"EntryPoint","urlTemplate":"https:\/\/fdasrl.it\/fr\/?s={search_term_string}"},"query-input":{"@type":"PropertyValueSpecification","valueRequired":true,"valueName":"search_term_string"}}],"inLanguage":"fr-FR"},{"@type":"Organization","@id":"https:\/\/fdasrl.it\/fr\/#organization","name":"FDA srl","url":"https:\/\/fdasrl.it\/fr\/","logo":{"@type":"ImageObject","inLanguage":"fr-FR","@id":"https:\/\/fdasrl.it\/fr\/#\/schema\/logo\/image\/","url":"https:\/\/fdasrl.it\/wp-content\/uploads\/2024\/12\/Logo-FDA.png","contentUrl":"https:\/\/fdasrl.it\/wp-content\/uploads\/2024\/12\/Logo-FDA.png","width":316,"height":119,"caption":"FDA srl"},"image":{"@id":"https:\/\/fdasrl.it\/fr\/#\/schema\/logo\/image\/"},"sameAs":["https:\/\/www.facebook.com\/share\/1MWhFWg1Tp\/?mibextid=LQQJ4d","https:\/\/www.instagram.com\/fda_srl\/profilecard\/?igsh=YW5lbzJ6MWg0d21u","https:\/\/www.youtube.com\/@FDASRL_ANIMALCARE"],"description":"FDA SRL \u2013 Equipment for animal husbandry nasce con l\u2019obiettivo di offrire soluzioni affidabili e innovative per l\u2019allevamento moderno. Con anni di esperienza nel settore zootecnico, progettiamo e realizziamo attrezzature destinate al benessere animale e alla gestione efficiente delle stalle: vasche, abbeveratoi, mangiatoie e sistemi di riscaldamento pensati per durare nel tempo e semplificare il lavoro quotidiano degli allevatori. Dalla progettazione alla produzione, ogni nostro prodotto \u00e8 studiato nei minimi dettagli, testato con cura e costruito per rispondere alle esigenze reali del settore. La nostra forza \u00e8 unire artigianalit\u00e0, tecnologia e competenza tecnica per trasformare ogni progetto in una soluzione concreta e funzionale. Oggi FDA SRL \u00e8 un punto di riferimento per privati e rivenditori che cercano qualit\u00e0, affidabilit\u00e0 e innovazione nelle attrezzature per l\u2019allevamento.","email":"info@fdasrl.it","telephone":"+390522826820","legalName":"F.D.A. SRL","foundingDate":"2024-10-13","vatID":"03075840359","taxID":"03075840359","numberOfEmployees":{"@type":"QuantitativeValue","minValue":"1","maxValue":"10"}}]},"product_price_currency":"EUR","og_availability":"instock","product_availability":"instock","product_retailer_item_id":"FAMA6","product_condition":"new"},"_links":{"self":[{"href":"https:\/\/fdasrl.it\/fr\/wp-json\/wp\/v2\/product\/3031","targetHints":{"allow":["GET"]}}],"collection":[{"href":"https:\/\/fdasrl.it\/fr\/wp-json\/wp\/v2\/product"}],"about":[{"href":"https:\/\/fdasrl.it\/fr\/wp-json\/wp\/v2\/types\/product"}],"replies":[{"embeddable":true,"href":"https:\/\/fdasrl.it\/fr\/wp-json\/wp\/v2\/comments?post=3031"}],"wp:featuredmedia":[{"embeddable":true,"href":"https:\/\/fdasrl.it\/fr\/wp-json\/wp\/v2\/media\/742"}],"wp:attachment":[{"href":"https:\/\/fdasrl.it\/fr\/wp-json\/wp\/v2\/media?parent=3031"}],"wp:term":[{"taxonomy":"product_brand","embeddable":true,"href":"https:\/\/fdasrl.it\/fr\/wp-json\/wp\/v2\/product_brand?post=3031"},{"taxonomy":"product_cat","embeddable":true,"href":"https:\/\/fdasrl.it\/fr\/wp-json\/wp\/v2\/product_cat?post=3031"},{"taxonomy":"product_tag","embeddable":true,"href":"https:\/\/fdasrl.it\/fr\/wp-json\/wp\/v2\/product_tag?post=3031"}],"curies":[{"name":"wp","href":"https:\/\/api.w.org\/{rel}","templated":true}]}}