{"id":3040,"date":"2025-10-16T12:26:33","date_gmt":"2025-10-16T10:26:33","guid":{"rendered":"https:\/\/fdasrl.it\/prodotto\/abreuvoir-a-bol-antigaspillage-fda-t100-ideal-pour-porcelets\/"},"modified":"2025-10-16T12:26:33","modified_gmt":"2025-10-16T10:26:33","slug":"abreuvoir-a-bol-antigaspillage-fda-t100-ideal-pour-porcelets","status":"publish","type":"product","link":"https:\/\/fdasrl.it\/fr\/prodotto\/abreuvoir-a-bol-antigaspillage-fda-t100-ideal-pour-porcelets\/","title":{"rendered":"Abreuvoir \u00e0 bol antigaspillage FDA-T100 id\u00e9al pour porcelets"},"content":{"rendered":"<div>\n<h3 data-start=\"132\" data-end=\"207\">Petit bol antigaspillage FDA-T100 avec abreuvoir pour porcelets de 3 \u00e0 15 kg<\/h3>\n<p data-start=\"209\" data-end=\"388\">Le <strong data-start=\"212\" data-end=\"244\">petit bol antigaspillage<\/strong> est enti\u00e8rement r\u00e9alis\u00e9 en <strong data-start=\"273\" data-end=\"298\">acier inox AISI 304<\/strong> d\u2019une \u00e9paisseur de <strong data-start=\"312\" data-end=\"324\">10\/10 mm<\/strong>, gage d\u2019<strong data-start=\"338\" data-end=\"385\">hygi\u00e8ne, de r\u00e9sistance et de long\u00e9vit\u00e9<\/strong>.<\/p>\n<p data-start=\"390\" data-end=\"592\">Dot\u00e9 d\u2019un <strong data-start=\"400\" data-end=\"426\">abreuvoir int\u00e9gr\u00e9<\/strong>, il est con\u00e7u pour <strong data-start=\"445\" data-end=\"486\">minimiser le gaspillage d\u2019eau<\/strong> et garantir un acc\u00e8s facile aux animaux, am\u00e9liorant ainsi le <strong data-start=\"546\" data-end=\"591\">bien-\u00eatre et l\u2019efficacit\u00e9 de l\u2019\u00e9levage<\/strong>.<\/p>\n<p data-start=\"594\" data-end=\"629\">\u2705 <strong data-start=\"596\" data-end=\"627\">Caract\u00e9ristiques principales :<\/strong><\/p>\n<ul data-start=\"630\" data-end=\"1445\">\n<li data-start=\"630\" data-end=\"673\">\n<p data-start=\"632\" data-end=\"673\">Adapt\u00e9 aux <strong data-start=\"643\" data-end=\"671\">porcelets de 3 kg \u00e0 15 kg<\/strong><\/p>\n<\/li>\n<li data-start=\"674\" data-end=\"730\">\n<p data-start=\"676\" data-end=\"730\">Fabriqu\u00e9 en <strong data-start=\"690\" data-end=\"728\">acier inox AISI 304 \u00e9p. 10\/10 mm<\/strong><\/p>\n<\/li>\n<li data-start=\"731\" data-end=\"807\">\n<p data-start=\"733\" data-end=\"807\"><strong data-start=\"733\" data-end=\"759\">Abreuvoir int\u00e9gr\u00e9<\/strong> r\u00e9f. <a class=\"decorated-link\" href=\"https:\/\/fdasrl.it\/prodotto\/art-fda-000006-abbeveratoio-1-2-per-vaschetta-inox\/\" rel=\"noopener\" data-start=\"765\" data-end=\"784\"><strong data-start=\"766\" data-end=\"780\">FDA-000006<\/strong><\/a> <em data-start=\"785\" data-end=\"805\">(voir l\u2019article)<\/em><\/p>\n<\/li>\n<li data-start=\"808\" data-end=\"852\">\n<p data-start=\"810\" data-end=\"852\"><strong data-start=\"810\" data-end=\"825\">Dimensions :<\/strong> L 13,5 \u00d7 H 13,5 \u00d7 P 8 cm<\/p>\n<\/li>\n<li data-start=\"853\" data-end=\"996\">\n<p data-start=\"855\" data-end=\"996\"><strong data-start=\"855\" data-end=\"877\">Design ergonomique :<\/strong> la forme ronde est \u00e9tudi\u00e9e pour s\u2019adapter \u00e0 l\u2019anatomie des porcins, r\u00e9duisant le gaspillage d\u2019eau pendant l\u2019abreuvement<\/p>\n<\/li>\n<li data-start=\"997\" data-end=\"1133\">\n<p data-start=\"999\" data-end=\"1133\"><strong data-start=\"999\" data-end=\"1020\">Bords anticoupure :<\/strong> repli\u00e9s vers l\u2019ext\u00e9rieur pour \u00e9viter la formation d\u2019incrustations, maintenant le bol propre et s\u00fbr<\/p>\n<\/li>\n<li data-start=\"1134\" data-end=\"1267\">\n<p data-start=\"1136\" data-end=\"1267\"><strong data-start=\"1136\" data-end=\"1169\">Acier inox de haute qualit\u00e9 :<\/strong> construit en AISI 304 \u00e9p. 10\/10, extr\u00eamement r\u00e9sistant et durable m\u00eame dans des environnements difficiles<\/p>\n<\/li>\n<li data-start=\"1268\" data-end=\"1417\">\n<p data-start=\"1270\" data-end=\"1417\"><strong data-start=\"1270\" data-end=\"1299\">Large plage de pression :<\/strong> compatible avec des pressions de <strong data-start=\"1329\" data-end=\"1372\">0,2 bar (0,02 MPa) \u00e0 2,0 bars (0,20 MPa)<\/strong>, adapt\u00e9 \u00e0 divers besoins d\u2019abreuvement<\/p>\n<\/li>\n<li data-start=\"1418\" data-end=\"1445\">\n<p data-start=\"1420\" data-end=\"1445\"><strong data-start=\"1420\" data-end=\"1438\">Raccordement d\u2019eau :<\/strong> 1\/2&Prime;<\/p>\n<\/li>\n<\/ul>\n<p data-start=\"1447\" data-end=\"1497\">R\u00e9sistant, hygi\u00e9nique et <strong data-start=\"1470\" data-end=\"1494\">facile \u00e0 installer<\/strong>.<\/p>\n<p data-start=\"1499\" data-end=\"1612\">\ud83d\udc49 <strong data-start=\"1502\" data-end=\"1518\">Revendeurs :<\/strong> pour les conditions de revente, faites votre demande par e-mail : <a href=\"mailto:info@fdasrl.it\"><strong data-start=\"1573\" data-end=\"1587\">cliquez ici<\/strong>.<\/a><\/p>\n<\/div>\n","protected":false},"excerpt":{"rendered":"<p>Petit bol antigaspillage en <strong data-start=\"1678\" data-end=\"1716\">acier inox AISI 304 \u00e9p. 10\/10 mm<\/strong> avec <strong data-start=\"1721\" data-end=\"1747\">abreuvoir int\u00e9gr\u00e9<\/strong>, bords anticoupure et design ergonomique. Adapt\u00e9 aux <strong data-start=\"1798\" data-end=\"1823\">porcelets de 3 \u00e0 15 kg<\/strong>. Pression de service : <strong data-start=\"1848\" data-end=\"1865\">0,2 \u2013 2,0 bars<\/strong>, raccordement d\u2019eau <strong data-start=\"1881\" data-end=\"1889\">1\/2&Prime;<\/strong>.  <\/p>\n","protected":false},"featured_media":976,"comment_status":"open","ping_status":"closed","template":"","meta":{"_et_pb_use_builder":"on","_et_pb_old_content":"<div>\n<h3 data-start=\"132\" data-end=\"207\">Petit bol antigaspillage FDA-T100 avec abreuvoir pour porcelets de 3 \u00e0 15 kg<\/h3>\n<p data-start=\"209\" data-end=\"388\">Le <strong data-start=\"212\" data-end=\"244\">petit bol antigaspillage<\/strong> est enti\u00e8rement r\u00e9alis\u00e9 en <strong data-start=\"273\" data-end=\"298\">acier inox AISI 304<\/strong> d\u2019une \u00e9paisseur de <strong data-start=\"312\" data-end=\"324\">10\/10 mm<\/strong>, gage d\u2019<strong data-start=\"338\" data-end=\"385\">hygi\u00e8ne, de r\u00e9sistance et de long\u00e9vit\u00e9<\/strong>.<\/p>\n<p data-start=\"390\" data-end=\"592\">Dot\u00e9 d\u2019un <strong data-start=\"400\" data-end=\"426\">abreuvoir int\u00e9gr\u00e9<\/strong>, il est con\u00e7u pour <strong data-start=\"445\" data-end=\"486\">minimiser le gaspillage d\u2019eau<\/strong> et garantir un acc\u00e8s facile aux animaux, am\u00e9liorant ainsi le <strong data-start=\"546\" data-end=\"591\">bien-\u00eatre et l\u2019efficacit\u00e9 de l\u2019\u00e9levage<\/strong>.<\/p>\n<p data-start=\"594\" data-end=\"629\">\u2705 <strong data-start=\"596\" data-end=\"627\">Caract\u00e9ristiques principales :<\/strong><\/p>\n\n<ul data-start=\"630\" data-end=\"1445\">\n \t<li data-start=\"630\" data-end=\"673\">\n<p data-start=\"632\" data-end=\"673\">Adapt\u00e9 aux <strong data-start=\"643\" data-end=\"671\">porcelets de 3 kg \u00e0 15 kg<\/strong><\/p>\n<\/li>\n \t<li data-start=\"674\" data-end=\"730\">\n<p data-start=\"676\" data-end=\"730\">Fabriqu\u00e9 en <strong data-start=\"690\" data-end=\"728\">acier inox AISI 304 \u00e9p. 10\/10 mm<\/strong><\/p>\n<\/li>\n \t<li data-start=\"731\" data-end=\"807\">\n<p data-start=\"733\" data-end=\"807\"><strong data-start=\"733\" data-end=\"759\">Abreuvoir int\u00e9gr\u00e9<\/strong> r\u00e9f. <a class=\"decorated-link\" href=\"https:\/\/fdasrl.it\/prodotto\/art-fda-000006-abbeveratoio-1-2-per-vaschetta-inox\/\" rel=\"noopener\" data-start=\"765\" data-end=\"784\"><strong data-start=\"766\" data-end=\"780\">FDA-000006<\/strong><\/a> <em data-start=\"785\" data-end=\"805\">(voir l\u2019article)<\/em><\/p>\n<\/li>\n \t<li data-start=\"808\" data-end=\"852\">\n<p data-start=\"810\" data-end=\"852\"><strong data-start=\"810\" data-end=\"825\">Dimensions :<\/strong> L 13,5 \u00d7 H 13,5 \u00d7 P 8 cm<\/p>\n<\/li>\n \t<li data-start=\"853\" data-end=\"996\">\n<p data-start=\"855\" data-end=\"996\"><strong data-start=\"855\" data-end=\"877\">Design ergonomique :<\/strong> la forme ronde est \u00e9tudi\u00e9e pour s\u2019adapter \u00e0 l\u2019anatomie des porcins, r\u00e9duisant le gaspillage d\u2019eau pendant l\u2019abreuvement<\/p>\n<\/li>\n \t<li data-start=\"997\" data-end=\"1133\">\n<p data-start=\"999\" data-end=\"1133\"><strong data-start=\"999\" data-end=\"1020\">Bords anticoupure :<\/strong> repli\u00e9s vers l\u2019ext\u00e9rieur pour \u00e9viter la formation d\u2019incrustations, maintenant le bol propre et s\u00fbr<\/p>\n<\/li>\n \t<li data-start=\"1134\" data-end=\"1267\">\n<p data-start=\"1136\" data-end=\"1267\"><strong data-start=\"1136\" data-end=\"1169\">Acier inox de haute qualit\u00e9 :<\/strong> construit en AISI 304 \u00e9p. 10\/10, extr\u00eamement r\u00e9sistant et durable m\u00eame dans des environnements difficiles<\/p>\n<\/li>\n \t<li data-start=\"1268\" data-end=\"1417\">\n<p data-start=\"1270\" data-end=\"1417\"><strong data-start=\"1270\" data-end=\"1299\">Large plage de pression :<\/strong> compatible avec des pressions de <strong data-start=\"1329\" data-end=\"1372\">0,2 bar (0,02 MPa) \u00e0 2,0 bars (0,20 MPa)<\/strong>, adapt\u00e9 \u00e0 divers besoins d\u2019abreuvement<\/p>\n<\/li>\n \t<li data-start=\"1418\" data-end=\"1445\">\n<p data-start=\"1420\" data-end=\"1445\"><strong data-start=\"1420\" data-end=\"1438\">Raccordement d\u2019eau :<\/strong> 1\/2\"<\/p>\n<\/li>\n<\/ul>\n<p data-start=\"1447\" data-end=\"1497\">R\u00e9sistant, hygi\u00e9nique et <strong data-start=\"1470\" data-end=\"1494\">facile \u00e0 installer<\/strong>.<\/p>\n<p data-start=\"1499\" data-end=\"1612\">\ud83d\udc49 <strong data-start=\"1502\" data-end=\"1518\">Revendeurs :<\/strong> pour les conditions de revente, faites votre demande par e-mail : <a href=\"mailto:info@fdasrl.it\"><strong data-start=\"1573\" data-end=\"1587\">cliquez ici<\/strong>.<\/a><\/p>\n\n<\/div>","_et_gb_content_width":""},"product_brand":[],"product_cat":[755,754,662],"product_tag":[756],"class_list":{"0":"post-3040","1":"product","2":"type-product","3":"status-publish","4":"has-post-thumbnail","6":"product_cat-abreuvoir-a-bol","7":"product_cat-abreuvoirs-3","8":"product_cat-porcs","9":"product_tag-fda-t100","11":"first","12":"instock","13":"shipping-taxable","14":"product-type-simple"},"yoast_head":"<!-- This site is optimized with the Yoast SEO Premium plugin v27.5 (Yoast SEO v27.5) - https:\/\/yoast.com\/product\/yoast-seo-premium-wordpress\/ -->\n<title>Petit bol antigaspillage : acc\u00e8s facile pour porcelets<\/title>\n<meta name=\"description\" content=\"Le petit bol antigaspillage est parfait pour les porcelets de 3 kg \u00e0 15 kg ! Fabriqu\u00e9 en acier inox AISI 304 pour des performances sup\u00e9rieures. En savoir plus !\" \/>\n<meta name=\"robots\" content=\"index, follow, max-snippet:-1, max-image-preview:large, max-video-preview:-1\" \/>\n<link rel=\"canonical\" href=\"https:\/\/fdasrl.it\/fr\/prodotto\/abreuvoir-a-bol-antigaspillage-fda-t100-ideal-pour-porcelets\/\" \/>\n<meta property=\"og:locale\" content=\"fr_FR\" \/>\n<meta property=\"og:type\" content=\"article\" \/>\n<meta property=\"og:title\" content=\"Abreuvoir \u00e0 bol antigaspillage FDA-T100 id\u00e9al pour porcelets\" \/>\n<meta property=\"og:description\" content=\"Le petit bol antigaspillage est parfait pour les porcelets de 3 kg \u00e0 15 kg ! Fabriqu\u00e9 en acier inox AISI 304 pour des performances sup\u00e9rieures. En savoir plus !\" \/>\n<meta property=\"og:url\" content=\"https:\/\/fdasrl.it\/fr\/prodotto\/abreuvoir-a-bol-antigaspillage-fda-t100-ideal-pour-porcelets\/\" \/>\n<meta property=\"og:site_name\" content=\"FDA srl\" \/>\n<meta property=\"article:publisher\" content=\"https:\/\/www.facebook.com\/share\/1MWhFWg1Tp\/?mibextid=LQQJ4d\" \/>\n<meta property=\"og:image\" content=\"https:\/\/fdasrl.it\/wp-content\/uploads\/2025\/10\/FDA-T100-abbeveratoio_vaschetta_rotonda_antispreco_per_suini.jpg\" \/>\n\t<meta property=\"og:image:width\" content=\"1187\" \/>\n\t<meta property=\"og:image:height\" content=\"1200\" \/>\n\t<meta property=\"og:image:type\" content=\"image\/jpeg\" \/>\n<meta name=\"twitter:card\" content=\"summary_large_image\" \/>\n<meta name=\"twitter:label1\" content=\"Prix\" \/>\n\t<meta name=\"twitter:data1\" content=\"\" \/>\n\t<meta name=\"twitter:label2\" content=\"Disponibilit\u00e9\" \/>\n\t<meta name=\"twitter:data2\" content=\"En stock\" \/>\n<meta property=\"product:price:currency\" content=\"EUR\" \/>\n<meta property=\"og:availability\" content=\"instock\" \/>\n<meta property=\"product:availability\" content=\"instock\" \/>\n<meta property=\"product:retailer_item_id\" content=\"FDA-T100\" \/>\n<meta property=\"product:condition\" content=\"new\" \/>\n<!-- \/ Yoast SEO Premium plugin. -->","yoast_head_json":{"title":"Petit bol antigaspillage : acc\u00e8s facile pour porcelets","description":"Le petit bol antigaspillage est parfait pour les porcelets de 3 kg \u00e0 15 kg ! Fabriqu\u00e9 en acier inox AISI 304 pour des performances sup\u00e9rieures. En savoir plus !","robots":{"index":"index","follow":"follow","max-snippet":"max-snippet:-1","max-image-preview":"max-image-preview:large","max-video-preview":"max-video-preview:-1"},"canonical":"https:\/\/fdasrl.it\/fr\/prodotto\/abreuvoir-a-bol-antigaspillage-fda-t100-ideal-pour-porcelets\/","og_locale":"fr_FR","og_type":"article","og_title":"Abreuvoir \u00e0 bol antigaspillage FDA-T100 id\u00e9al pour porcelets","og_description":"Le petit bol antigaspillage est parfait pour les porcelets de 3 kg \u00e0 15 kg ! Fabriqu\u00e9 en acier inox AISI 304 pour des performances sup\u00e9rieures. En savoir plus !","og_url":"https:\/\/fdasrl.it\/fr\/prodotto\/abreuvoir-a-bol-antigaspillage-fda-t100-ideal-pour-porcelets\/","og_site_name":"FDA srl","article_publisher":"https:\/\/www.facebook.com\/share\/1MWhFWg1Tp\/?mibextid=LQQJ4d","og_image":[{"width":1187,"height":1200,"url":"https:\/\/fdasrl.it\/wp-content\/uploads\/2025\/10\/FDA-T100-abbeveratoio_vaschetta_rotonda_antispreco_per_suini.jpg","type":"image\/jpeg"}],"twitter_card":"summary_large_image","twitter_misc":{"Prix":"","Disponibilit\u00e9":"En stock"},"schema":{"@context":"https:\/\/schema.org","@graph":[{"@type":"WebPage","@id":"https:\/\/fdasrl.it\/fr\/prodotto\/abreuvoir-a-bol-antigaspillage-fda-t100-ideal-pour-porcelets\/","url":"https:\/\/fdasrl.it\/fr\/prodotto\/abreuvoir-a-bol-antigaspillage-fda-t100-ideal-pour-porcelets\/","name":"Petit bol antigaspillage : acc\u00e8s facile pour porcelets","isPartOf":{"@id":"https:\/\/fdasrl.it\/fr\/#website"},"primaryImageOfPage":{"@id":"https:\/\/fdasrl.it\/fr\/prodotto\/abreuvoir-a-bol-antigaspillage-fda-t100-ideal-pour-porcelets\/#primaryimage"},"image":{"@id":"https:\/\/fdasrl.it\/fr\/prodotto\/abreuvoir-a-bol-antigaspillage-fda-t100-ideal-pour-porcelets\/#primaryimage"},"thumbnailUrl":"https:\/\/fdasrl.it\/wp-content\/uploads\/2025\/10\/FDA-T100-abbeveratoio_vaschetta_rotonda_antispreco_per_suini.jpg","datePublished":"2025-10-16T10:26:33+00:00","description":"Le petit bol antigaspillage est parfait pour les porcelets de 3 kg \u00e0 15 kg ! Fabriqu\u00e9 en acier inox AISI 304 pour des performances sup\u00e9rieures. En savoir plus !","breadcrumb":{"@id":"https:\/\/fdasrl.it\/fr\/prodotto\/abreuvoir-a-bol-antigaspillage-fda-t100-ideal-pour-porcelets\/#breadcrumb"},"inLanguage":"fr-FR","potentialAction":[{"@type":"ReadAction","target":["https:\/\/fdasrl.it\/fr\/prodotto\/abreuvoir-a-bol-antigaspillage-fda-t100-ideal-pour-porcelets\/"]}]},{"@type":"ImageObject","inLanguage":"fr-FR","@id":"https:\/\/fdasrl.it\/fr\/prodotto\/abreuvoir-a-bol-antigaspillage-fda-t100-ideal-pour-porcelets\/#primaryimage","url":"https:\/\/fdasrl.it\/wp-content\/uploads\/2025\/10\/FDA-T100-abbeveratoio_vaschetta_rotonda_antispreco_per_suini.jpg","contentUrl":"https:\/\/fdasrl.it\/wp-content\/uploads\/2025\/10\/FDA-T100-abbeveratoio_vaschetta_rotonda_antispreco_per_suini.jpg","width":1187,"height":1200,"caption":"Vaschetta antispreco in acciaio inox per suinetti"},{"@type":"BreadcrumbList","@id":"https:\/\/fdasrl.it\/fr\/prodotto\/abreuvoir-a-bol-antigaspillage-fda-t100-ideal-pour-porcelets\/#breadcrumb","itemListElement":[{"@type":"ListItem","position":1,"name":"Home","item":"https:\/\/fdasrl.it\/fr\/accueil\/"},{"@type":"ListItem","position":2,"name":"Boutique","item":"https:\/\/fdasrl.it\/fr\/boutique\/"},{"@type":"ListItem","position":3,"name":"Abreuvoir \u00e0 bol antigaspillage FDA-T100 id\u00e9al pour porcelets"}]},{"@type":"WebSite","@id":"https:\/\/fdasrl.it\/fr\/#website","url":"https:\/\/fdasrl.it\/fr\/","name":"FDA srl","description":"Equipment for animal husbandry","publisher":{"@id":"https:\/\/fdasrl.it\/fr\/#organization"},"potentialAction":[{"@type":"SearchAction","target":{"@type":"EntryPoint","urlTemplate":"https:\/\/fdasrl.it\/fr\/?s={search_term_string}"},"query-input":{"@type":"PropertyValueSpecification","valueRequired":true,"valueName":"search_term_string"}}],"inLanguage":"fr-FR"},{"@type":"Organization","@id":"https:\/\/fdasrl.it\/fr\/#organization","name":"FDA srl","url":"https:\/\/fdasrl.it\/fr\/","logo":{"@type":"ImageObject","inLanguage":"fr-FR","@id":"https:\/\/fdasrl.it\/fr\/#\/schema\/logo\/image\/","url":"https:\/\/fdasrl.it\/wp-content\/uploads\/2024\/12\/Logo-FDA.png","contentUrl":"https:\/\/fdasrl.it\/wp-content\/uploads\/2024\/12\/Logo-FDA.png","width":316,"height":119,"caption":"FDA srl"},"image":{"@id":"https:\/\/fdasrl.it\/fr\/#\/schema\/logo\/image\/"},"sameAs":["https:\/\/www.facebook.com\/share\/1MWhFWg1Tp\/?mibextid=LQQJ4d","https:\/\/www.instagram.com\/fda_srl\/profilecard\/?igsh=YW5lbzJ6MWg0d21u","https:\/\/www.youtube.com\/@FDASRL_ANIMALCARE"],"description":"FDA SRL \u2013 Equipment for animal husbandry nasce con l\u2019obiettivo di offrire soluzioni affidabili e innovative per l\u2019allevamento moderno. Con anni di esperienza nel settore zootecnico, progettiamo e realizziamo attrezzature destinate al benessere animale e alla gestione efficiente delle stalle: vasche, abbeveratoi, mangiatoie e sistemi di riscaldamento pensati per durare nel tempo e semplificare il lavoro quotidiano degli allevatori. Dalla progettazione alla produzione, ogni nostro prodotto \u00e8 studiato nei minimi dettagli, testato con cura e costruito per rispondere alle esigenze reali del settore. La nostra forza \u00e8 unire artigianalit\u00e0, tecnologia e competenza tecnica per trasformare ogni progetto in una soluzione concreta e funzionale. Oggi FDA SRL \u00e8 un punto di riferimento per privati e rivenditori che cercano qualit\u00e0, affidabilit\u00e0 e innovazione nelle attrezzature per l\u2019allevamento.","email":"info@fdasrl.it","telephone":"+390522826820","legalName":"F.D.A. SRL","foundingDate":"2024-10-13","vatID":"03075840359","taxID":"03075840359","numberOfEmployees":{"@type":"QuantitativeValue","minValue":"1","maxValue":"10"}}]},"product_price_currency":"EUR","og_availability":"instock","product_availability":"instock","product_retailer_item_id":"FDA-T100","product_condition":"new"},"_links":{"self":[{"href":"https:\/\/fdasrl.it\/fr\/wp-json\/wp\/v2\/product\/3040","targetHints":{"allow":["GET"]}}],"collection":[{"href":"https:\/\/fdasrl.it\/fr\/wp-json\/wp\/v2\/product"}],"about":[{"href":"https:\/\/fdasrl.it\/fr\/wp-json\/wp\/v2\/types\/product"}],"replies":[{"embeddable":true,"href":"https:\/\/fdasrl.it\/fr\/wp-json\/wp\/v2\/comments?post=3040"}],"wp:featuredmedia":[{"embeddable":true,"href":"https:\/\/fdasrl.it\/fr\/wp-json\/wp\/v2\/media\/976"}],"wp:attachment":[{"href":"https:\/\/fdasrl.it\/fr\/wp-json\/wp\/v2\/media?parent=3040"}],"wp:term":[{"taxonomy":"product_brand","embeddable":true,"href":"https:\/\/fdasrl.it\/fr\/wp-json\/wp\/v2\/product_brand?post=3040"},{"taxonomy":"product_cat","embeddable":true,"href":"https:\/\/fdasrl.it\/fr\/wp-json\/wp\/v2\/product_cat?post=3040"},{"taxonomy":"product_tag","embeddable":true,"href":"https:\/\/fdasrl.it\/fr\/wp-json\/wp\/v2\/product_tag?post=3040"}],"curies":[{"name":"wp","href":"https:\/\/api.w.org\/{rel}","templated":true}]}}