{"id":3133,"date":"2025-05-23T09:33:28","date_gmt":"2025-05-23T07:33:28","guid":{"rendered":"https:\/\/fdasrl.it\/prodotto\/support-dangle-universel-pour-abreuvoirs-far22\/"},"modified":"2025-05-23T09:33:28","modified_gmt":"2025-05-23T07:33:28","slug":"support-dangle-universel-pour-abreuvoirs-far22","status":"publish","type":"product","link":"https:\/\/fdasrl.it\/fr\/prodotto\/support-dangle-universel-pour-abreuvoirs-far22\/","title":{"rendered":"Support d\u2019angle universel pour abreuvoirs FAR22"},"content":{"rendered":"<h3 data-start=\"155\" data-end=\"274\">\u2705 <strong data-start=\"161\" data-end=\"274\">Support d\u2019angle pour abreuvoir universel FAR22 \u2013 Robuste, compatible et d\u00e9coup\u00e9 au laser sans oxydation<\/strong><\/h3>\n<p data-start=\"276\" data-end=\"301\"><strong data-start=\"276\" data-end=\"301\">Description du produit :<\/strong><\/p>\n<p data-start=\"303\" data-end=\"613\">Le <strong data-start=\"306\" data-end=\"342\">support d\u2019angle universel FAR22<\/strong> est la solution id\u00e9ale pour installer de mani\u00e8re s\u00fbre et stable tout type d\u2019abreuvoir sur les angles de parois ou de murets. Fabriqu\u00e9 en <strong data-start=\"481\" data-end=\"512\">acier galvanis\u00e9 de 30\/10 mm<\/strong>, il offre une haute r\u00e9sistance m\u00e9canique et \u00e0 la corrosion, parfaite pour une utilisation en milieu zootechnique. <\/p>\n<p data-start=\"615\" data-end=\"821\">La fabrication est r\u00e9alis\u00e9e par <strong data-start=\"646\" data-end=\"672\">d\u00e9coupe laser \u00e0 l\u2019azote<\/strong>, une technologie qui garantit une pr\u00e9cision maximale et <strong data-start=\"725\" data-end=\"761\">pr\u00e9vient l\u2019oxydation des bords<\/strong>, pr\u00e9servant ainsi la qualit\u00e9 et la durabilit\u00e9 du produit dans le temps.<\/p>\n<p data-start=\"823\" data-end=\"1093\">La <strong data-start=\"826\" data-end=\"850\">forme d\u2019angle \u00e0 90\u00b0<\/strong> et la <strong data-start=\"856\" data-end=\"880\">semi-boutonni\u00e8re arri\u00e8re<\/strong> permettent une installation rapide et ordonn\u00e9e, facilitant le passage du tuyau et r\u00e9duisant les pliures. Id\u00e9al pour les \u00e9tables, les boxes et les situations n\u00e9cessitant un montage en angle, m\u00eame dans des espaces restreints. <\/p>\n<p data-start=\"1095\" data-end=\"1124\"><strong data-start=\"1095\" data-end=\"1124\">Caract\u00e9ristiques techniques :<\/strong><\/p>\n<ul data-start=\"1125\" data-end=\"1406\">\n<li data-start=\"1125\" data-end=\"1153\">\n<p data-start=\"1127\" data-end=\"1153\">Mat\u00e9riau : acier galvanis\u00e9<\/p>\n<\/li>\n<li data-start=\"1154\" data-end=\"1174\">\n<p data-start=\"1156\" data-end=\"1174\">\u00c9paisseur : 30\/10 mm<\/p>\n<\/li>\n<li data-start=\"1175\" data-end=\"1219\">\n<p data-start=\"1177\" data-end=\"1219\">D\u00e9coupe : laser \u00e0 l\u2019azote (anti-oxydation)<\/p>\n<\/li>\n<li data-start=\"1220\" data-end=\"1243\">\n<p data-start=\"1222\" data-end=\"1243\">Forme : angle \u00e0 90\u00b0<\/p>\n<\/li>\n<li data-start=\"1244\" data-end=\"1305\">\n<p data-start=\"1246\" data-end=\"1305\">\u00c9vacuation arri\u00e8re dans l\u2019axe de l\u2019entr\u00e9e de l\u2019abreuvoir<\/p>\n<\/li>\n<li data-start=\"1306\" data-end=\"1353\">\n<p data-start=\"1308\" data-end=\"1353\">Pr\u00e9vu pour fixation par vis et chevilles<\/p>\n<\/li>\n<li data-start=\"1354\" data-end=\"1406\">\n<p data-start=\"1356\" data-end=\"1406\">Compatibilit\u00e9 universelle avec tous les abreuvoirs<\/p>\n<\/li>\n<\/ul>\n<p data-start=\"1408\" data-end=\"1421\"><strong data-start=\"1408\" data-end=\"1421\">Avantages :<\/strong><\/p>\n<ul data-start=\"1422\" data-end=\"1576\">\n<li data-start=\"1422\" data-end=\"1452\">\n<p data-start=\"1424\" data-end=\"1452\">Fixation stable et durable<\/p>\n<\/li>\n<li data-start=\"1453\" data-end=\"1492\">\n<p data-start=\"1455\" data-end=\"1492\">Fabrication pr\u00e9cise sans oxydation<\/p>\n<\/li>\n<li data-start=\"1493\" data-end=\"1540\">\n<p data-start=\"1495\" data-end=\"1540\">Installation simple m\u00eame dans les espaces r\u00e9duits<\/p>\n<\/li>\n<li data-start=\"1541\" data-end=\"1576\">\n<p data-start=\"1543\" data-end=\"1576\">Gestion ordonn\u00e9e de la tuyauterie<\/p>\n<\/li>\n<\/ul>\n<p>&nbsp;<\/p>\n<p>Contactez-nous pour un devis r\u00e9serv\u00e9 aux revendeurs : info@fdasrl.it<\/p>\n<p>Achetez-le sur notre <a href=\"https:\/\/fda-shop.it\/shop\/articoli-per-allevamento\/abbeveratoi\/staffa-angolare-universale-per-abbeveratoi#\/25-accessori_e_confezioni-singola_unita\">boutique en ligne<\/a><\/p>\n","protected":false},"excerpt":{"rendered":"<p>Support d\u2019angle universel en acier galvanis\u00e9 pour abreuvoirs. Compatible avec tous les mod\u00e8les, avec \u00e9vacuation arri\u00e8re et d\u00e9coupe laser anti-oxydation. Facile \u00e0 installer m\u00eame dans les espaces restreints.  <\/p>\n<p>T\u00e9l\u00e9charger : <a href=\"https:\/\/fdasrl.it\/wp-content\/uploads\/2025\/05\/Scheda-tecnica-FAR22_compressed-1.pdf\">Fiche technique FAR22_compressed (1)<\/a><\/p>\n","protected":false},"featured_media":832,"comment_status":"open","ping_status":"closed","template":"","meta":{"_et_pb_use_builder":"","_et_pb_old_content":"","_et_gb_content_width":""},"product_brand":[],"product_cat":[523,547,396,611,393],"product_tag":[787,786],"class_list":{"0":"post-3133","1":"product","2":"type-product","3":"status-publish","4":"has-post-thumbnail","6":"product_cat-abreuvoirs","7":"product_cat-abreuvoirs-2","8":"product_cat-bovins","9":"product_cat-chevaux","10":"product_cat-ovins-et-caprins","11":"product_tag-far-22","12":"product_tag-far22","14":"first","15":"instock","16":"shipping-taxable","17":"product-type-simple"},"yoast_head":"<!-- This site is optimized with the Yoast SEO Premium plugin v27.5 (Yoast SEO v27.5) - https:\/\/yoast.com\/product\/yoast-seo-premium-wordpress\/ -->\n<title>Support d\u2019angle pour abreuvoir universel en acier galvanis\u00e9 - FDA srl<\/title>\n<meta name=\"description\" content=\"Le support d\u2019angle pour abreuvoir universel en acier galvanis\u00e9 est parfait pour les angles restreints et les installations stables.\" \/>\n<meta name=\"robots\" content=\"index, follow, max-snippet:-1, max-image-preview:large, max-video-preview:-1\" \/>\n<link rel=\"canonical\" href=\"https:\/\/fdasrl.it\/fr\/prodotto\/support-dangle-universel-pour-abreuvoirs-far22\/\" \/>\n<meta property=\"og:locale\" content=\"fr_FR\" \/>\n<meta property=\"og:type\" content=\"article\" \/>\n<meta property=\"og:title\" content=\"Support d\u2019angle universel pour abreuvoirs FAR22\" \/>\n<meta property=\"og:description\" content=\"Le support d\u2019angle pour abreuvoir universel en acier galvanis\u00e9 est parfait pour les angles restreints et les installations stables.\" \/>\n<meta property=\"og:url\" content=\"https:\/\/fdasrl.it\/fr\/prodotto\/support-dangle-universel-pour-abreuvoirs-far22\/\" \/>\n<meta property=\"og:site_name\" content=\"FDA srl\" \/>\n<meta property=\"article:publisher\" content=\"https:\/\/www.facebook.com\/share\/1MWhFWg1Tp\/?mibextid=LQQJ4d\" \/>\n<meta property=\"og:image\" content=\"https:\/\/fdasrl.it\/wp-content\/uploads\/2025\/05\/Staffa-angolare-abbeveratoi-FAR22-1.png\" \/>\n\t<meta property=\"og:image:width\" content=\"1376\" \/>\n\t<meta property=\"og:image:height\" content=\"1008\" \/>\n\t<meta property=\"og:image:type\" content=\"image\/png\" \/>\n<meta name=\"twitter:card\" content=\"summary_large_image\" \/>\n<meta name=\"twitter:label1\" content=\"Prix\" \/>\n\t<meta name=\"twitter:data1\" content=\"\" \/>\n\t<meta name=\"twitter:label2\" content=\"Disponibilit\u00e9\" \/>\n\t<meta name=\"twitter:data2\" content=\"En stock\" \/>\n<meta property=\"product:price:currency\" content=\"EUR\" \/>\n<meta property=\"og:availability\" content=\"instock\" \/>\n<meta property=\"product:availability\" content=\"instock\" \/>\n<meta property=\"product:retailer_item_id\" content=\"FAR22\" \/>\n<meta property=\"product:condition\" content=\"new\" \/>\n<!-- \/ Yoast SEO Premium plugin. -->","yoast_head_json":{"title":"Support d\u2019angle pour abreuvoir universel en acier galvanis\u00e9 - FDA srl","description":"Le support d\u2019angle pour abreuvoir universel en acier galvanis\u00e9 est parfait pour les angles restreints et les installations stables.","robots":{"index":"index","follow":"follow","max-snippet":"max-snippet:-1","max-image-preview":"max-image-preview:large","max-video-preview":"max-video-preview:-1"},"canonical":"https:\/\/fdasrl.it\/fr\/prodotto\/support-dangle-universel-pour-abreuvoirs-far22\/","og_locale":"fr_FR","og_type":"article","og_title":"Support d\u2019angle universel pour abreuvoirs FAR22","og_description":"Le support d\u2019angle pour abreuvoir universel en acier galvanis\u00e9 est parfait pour les angles restreints et les installations stables.","og_url":"https:\/\/fdasrl.it\/fr\/prodotto\/support-dangle-universel-pour-abreuvoirs-far22\/","og_site_name":"FDA srl","article_publisher":"https:\/\/www.facebook.com\/share\/1MWhFWg1Tp\/?mibextid=LQQJ4d","og_image":[{"width":1376,"height":1008,"url":"https:\/\/fdasrl.it\/wp-content\/uploads\/2025\/05\/Staffa-angolare-abbeveratoi-FAR22-1.png","type":"image\/png"}],"twitter_card":"summary_large_image","twitter_misc":{"Prix":"","Disponibilit\u00e9":"En stock"},"schema":{"@context":"https:\/\/schema.org","@graph":[{"@type":"WebPage","@id":"https:\/\/fdasrl.it\/fr\/prodotto\/support-dangle-universel-pour-abreuvoirs-far22\/","url":"https:\/\/fdasrl.it\/fr\/prodotto\/support-dangle-universel-pour-abreuvoirs-far22\/","name":"Support d\u2019angle pour abreuvoir universel en acier galvanis\u00e9 - FDA srl","isPartOf":{"@id":"https:\/\/fdasrl.it\/fr\/#website"},"primaryImageOfPage":{"@id":"https:\/\/fdasrl.it\/fr\/prodotto\/support-dangle-universel-pour-abreuvoirs-far22\/#primaryimage"},"image":{"@id":"https:\/\/fdasrl.it\/fr\/prodotto\/support-dangle-universel-pour-abreuvoirs-far22\/#primaryimage"},"thumbnailUrl":"https:\/\/fdasrl.it\/wp-content\/uploads\/2025\/05\/Staffa-angolare-abbeveratoi-FAR22-1.png","datePublished":"2025-05-23T07:33:28+00:00","description":"Le support d\u2019angle pour abreuvoir universel en acier galvanis\u00e9 est parfait pour les angles restreints et les installations stables.","breadcrumb":{"@id":"https:\/\/fdasrl.it\/fr\/prodotto\/support-dangle-universel-pour-abreuvoirs-far22\/#breadcrumb"},"inLanguage":"fr-FR","potentialAction":[{"@type":"ReadAction","target":["https:\/\/fdasrl.it\/fr\/prodotto\/support-dangle-universel-pour-abreuvoirs-far22\/"]}]},{"@type":"ImageObject","inLanguage":"fr-FR","@id":"https:\/\/fdasrl.it\/fr\/prodotto\/support-dangle-universel-pour-abreuvoirs-far22\/#primaryimage","url":"https:\/\/fdasrl.it\/wp-content\/uploads\/2025\/05\/Staffa-angolare-abbeveratoi-FAR22-1.png","contentUrl":"https:\/\/fdasrl.it\/wp-content\/uploads\/2025\/05\/Staffa-angolare-abbeveratoi-FAR22-1.png","width":1376,"height":1008,"caption":"Staffa angolare per abbeveratoio FAR22"},{"@type":"BreadcrumbList","@id":"https:\/\/fdasrl.it\/fr\/prodotto\/support-dangle-universel-pour-abreuvoirs-far22\/#breadcrumb","itemListElement":[{"@type":"ListItem","position":1,"name":"Home","item":"https:\/\/fdasrl.it\/fr\/accueil\/"},{"@type":"ListItem","position":2,"name":"Boutique","item":"https:\/\/fdasrl.it\/fr\/boutique\/"},{"@type":"ListItem","position":3,"name":"Support d\u2019angle universel pour abreuvoirs FAR22"}]},{"@type":"WebSite","@id":"https:\/\/fdasrl.it\/fr\/#website","url":"https:\/\/fdasrl.it\/fr\/","name":"FDA srl","description":"Equipment for animal husbandry","publisher":{"@id":"https:\/\/fdasrl.it\/fr\/#organization"},"potentialAction":[{"@type":"SearchAction","target":{"@type":"EntryPoint","urlTemplate":"https:\/\/fdasrl.it\/fr\/?s={search_term_string}"},"query-input":{"@type":"PropertyValueSpecification","valueRequired":true,"valueName":"search_term_string"}}],"inLanguage":"fr-FR"},{"@type":"Organization","@id":"https:\/\/fdasrl.it\/fr\/#organization","name":"FDA srl","url":"https:\/\/fdasrl.it\/fr\/","logo":{"@type":"ImageObject","inLanguage":"fr-FR","@id":"https:\/\/fdasrl.it\/fr\/#\/schema\/logo\/image\/","url":"https:\/\/fdasrl.it\/wp-content\/uploads\/2024\/12\/Logo-FDA.png","contentUrl":"https:\/\/fdasrl.it\/wp-content\/uploads\/2024\/12\/Logo-FDA.png","width":316,"height":119,"caption":"FDA srl"},"image":{"@id":"https:\/\/fdasrl.it\/fr\/#\/schema\/logo\/image\/"},"sameAs":["https:\/\/www.facebook.com\/share\/1MWhFWg1Tp\/?mibextid=LQQJ4d","https:\/\/www.instagram.com\/fda_srl\/profilecard\/?igsh=YW5lbzJ6MWg0d21u","https:\/\/www.youtube.com\/@FDASRL_ANIMALCARE"],"description":"FDA SRL \u2013 Equipment for animal husbandry nasce con l\u2019obiettivo di offrire soluzioni affidabili e innovative per l\u2019allevamento moderno. Con anni di esperienza nel settore zootecnico, progettiamo e realizziamo attrezzature destinate al benessere animale e alla gestione efficiente delle stalle: vasche, abbeveratoi, mangiatoie e sistemi di riscaldamento pensati per durare nel tempo e semplificare il lavoro quotidiano degli allevatori. Dalla progettazione alla produzione, ogni nostro prodotto \u00e8 studiato nei minimi dettagli, testato con cura e costruito per rispondere alle esigenze reali del settore. La nostra forza \u00e8 unire artigianalit\u00e0, tecnologia e competenza tecnica per trasformare ogni progetto in una soluzione concreta e funzionale. Oggi FDA SRL \u00e8 un punto di riferimento per privati e rivenditori che cercano qualit\u00e0, affidabilit\u00e0 e innovazione nelle attrezzature per l\u2019allevamento.","email":"info@fdasrl.it","telephone":"+390522826820","legalName":"F.D.A. SRL","foundingDate":"2024-10-13","vatID":"03075840359","taxID":"03075840359","numberOfEmployees":{"@type":"QuantitativeValue","minValue":"1","maxValue":"10"}}]},"product_price_currency":"EUR","og_availability":"instock","product_availability":"instock","product_retailer_item_id":"FAR22","product_condition":"new"},"_links":{"self":[{"href":"https:\/\/fdasrl.it\/fr\/wp-json\/wp\/v2\/product\/3133","targetHints":{"allow":["GET"]}}],"collection":[{"href":"https:\/\/fdasrl.it\/fr\/wp-json\/wp\/v2\/product"}],"about":[{"href":"https:\/\/fdasrl.it\/fr\/wp-json\/wp\/v2\/types\/product"}],"replies":[{"embeddable":true,"href":"https:\/\/fdasrl.it\/fr\/wp-json\/wp\/v2\/comments?post=3133"}],"wp:featuredmedia":[{"embeddable":true,"href":"https:\/\/fdasrl.it\/fr\/wp-json\/wp\/v2\/media\/832"}],"wp:attachment":[{"href":"https:\/\/fdasrl.it\/fr\/wp-json\/wp\/v2\/media?parent=3133"}],"wp:term":[{"taxonomy":"product_brand","embeddable":true,"href":"https:\/\/fdasrl.it\/fr\/wp-json\/wp\/v2\/product_brand?post=3133"},{"taxonomy":"product_cat","embeddable":true,"href":"https:\/\/fdasrl.it\/fr\/wp-json\/wp\/v2\/product_cat?post=3133"},{"taxonomy":"product_tag","embeddable":true,"href":"https:\/\/fdasrl.it\/fr\/wp-json\/wp\/v2\/product_tag?post=3133"}],"curies":[{"name":"wp","href":"https:\/\/api.w.org\/{rel}","templated":true}]}}