{"id":3198,"date":"2025-05-09T12:37:48","date_gmt":"2025-05-09T10:37:48","guid":{"rendered":"https:\/\/fdasrl.it\/prodotto\/dalles-en-caoutchouc-antiderapantes-puzzle-pour-etables\/"},"modified":"2025-05-09T12:37:48","modified_gmt":"2025-05-09T10:37:48","slug":"dalles-en-caoutchouc-antiderapantes-puzzle-pour-etables","status":"publish","type":"product","link":"https:\/\/fdasrl.it\/fr\/prodotto\/dalles-en-caoutchouc-antiderapantes-puzzle-pour-etables\/","title":{"rendered":"Dalles en caoutchouc antid\u00e9rapantes puzzle pour \u00e9tables"},"content":{"rendered":"<h2 class=\"\" data-start=\"207\" data-end=\"327\"><strong data-start=\"210\" data-end=\"327\">Dalles en caoutchouc puzzle SOFA PZ \u2013 Rev\u00eatement de sol modulaire antid\u00e9rapant pour \u00e9tables, logettes, box et salles de traite<\/strong><\/h2>\n<p class=\"\" data-start=\"329\" data-end=\"737\">Les <strong data-start=\"332\" data-end=\"368\">dalles en caoutchouc puzzle SOFA PZ<\/strong> repr\u00e9sentent une solution professionnelle et efficace pour am\u00e9liorer la s\u00e9curit\u00e9, l\u2019hygi\u00e8ne et le confort des animaux au sein des \u00e9tables. Con\u00e7us pour un usage intensif en milieu zootechnique, ces <strong data-start=\"574\" data-end=\"613\">rev\u00eatements de sol modulaires antid\u00e9rapants<\/strong> s\u2019adaptent parfaitement \u00e0 toutes les surfaces de l\u2019\u00e9table, garantissant <strong data-start=\"686\" data-end=\"736\">durabilit\u00e9, r\u00e9sistance et facilit\u00e9 d\u2019installation<\/strong>. <\/p>\n<h3 class=\"\" data-start=\"739\" data-end=\"769\">\u2705 <strong data-start=\"745\" data-end=\"768\">Applications id\u00e9ales<\/strong> :<\/h3>\n<ul data-start=\"770\" data-end=\"1000\">\n<li class=\"\" data-start=\"770\" data-end=\"804\">\n<p class=\"\" data-start=\"772\" data-end=\"804\">Logettes et couloirs de circulation<\/p>\n<\/li>\n<li class=\"\" data-start=\"805\" data-end=\"839\">\n<p class=\"\" data-start=\"807\" data-end=\"839\">Salles de traite et salles d\u2019attente<\/p>\n<\/li>\n<li class=\"\" data-start=\"840\" data-end=\"887\">\n<p class=\"\" data-start=\"842\" data-end=\"887\">Sols caillebotis et zones de passage<\/p>\n<\/li>\n<li class=\"\" data-start=\"888\" data-end=\"934\">\n<p class=\"\" data-start=\"890\" data-end=\"934\">Stabulations fixes et zones d\u2019alimentation<\/p>\n<\/li>\n<li class=\"\" data-start=\"935\" data-end=\"961\">\n<p class=\"\" data-start=\"937\" data-end=\"961\">Box d\u2019infirmerie et de mise bas<\/p>\n<\/li>\n<li class=\"\" data-start=\"962\" data-end=\"1000\">\n<p class=\"\" data-start=\"964\" data-end=\"1000\">Box pour veaux et jeunes bovins<\/p>\n<\/li>\n<\/ul>\n<h3 class=\"\" data-start=\"1002\" data-end=\"1053\">\u2b50 <strong data-start=\"1008\" data-end=\"1052\">Principaux avantages des dalles SOFA PZ<\/strong> :<\/h3>\n<ul data-start=\"1054\" data-end=\"2006\">\n<li class=\"\" data-start=\"1054\" data-end=\"1191\">\n<p class=\"\" data-start=\"1056\" data-end=\"1191\"><strong data-start=\"1056\" data-end=\"1098\">Confort et s\u00e9curit\u00e9 pour vos animaux<\/strong> : la surface \u00e9lastique r\u00e9duit la fatigue et am\u00e9liore la qualit\u00e9 de vie du b\u00e9tail.<\/p>\n<\/li>\n<li class=\"\" data-start=\"1192\" data-end=\"1316\">\n<p class=\"\" data-start=\"1194\" data-end=\"1316\"><strong data-start=\"1194\" data-end=\"1220\">Surface antid\u00e9rapante<\/strong> : con\u00e7ue pour r\u00e9duire le risque de chutes, m\u00eame en pr\u00e9sence d\u2019humidit\u00e9 ou de r\u00e9sidus organiques.<\/p>\n<\/li>\n<li class=\"\" data-start=\"1317\" data-end=\"1425\">\n<p class=\"\" data-start=\"1319\" data-end=\"1425\"><strong data-start=\"1319\" data-end=\"1349\">Meilleur bien-\u00eatre animal<\/strong> : le confort sous les sabots aide \u00e0 pr\u00e9venir les boiteries, les l\u00e9sions et le stress.<\/p>\n<\/li>\n<li class=\"\" data-start=\"1426\" data-end=\"1531\">\n<p class=\"\" data-start=\"1428\" data-end=\"1531\"><strong data-start=\"1428\" data-end=\"1450\">Isolation thermique<\/strong> : prot\u00e8ge du froid du sol, id\u00e9al pour les p\u00e9riodes hivernales ou les environnements humides.<\/p>\n<\/li>\n<li class=\"\" data-start=\"1532\" data-end=\"1651\">\n<p class=\"\" data-start=\"1534\" data-end=\"1651\"><strong data-start=\"1534\" data-end=\"1562\">Amortissement efficace<\/strong> : r\u00e9duit l\u2019impact sur les articulations et les ligaments, am\u00e9liorant la mobilit\u00e9 des animaux.<\/p>\n<\/li>\n<li class=\"\" data-start=\"1652\" data-end=\"1766\">\n<p class=\"\" data-start=\"1654\" data-end=\"1766\"><strong data-start=\"1654\" data-end=\"1677\">Facilit\u00e9 de nettoyage<\/strong> : surface compacte et imperm\u00e9able facilitant les op\u00e9rations quotidiennes de lavage.<\/p>\n<\/li>\n<li class=\"\" data-start=\"1767\" data-end=\"1879\">\n<p class=\"\" data-start=\"1769\" data-end=\"1879\"><strong data-start=\"1769\" data-end=\"1801\">Haute r\u00e9sistance \u00e0 l\u2019usure<\/strong> : mat\u00e9riau durable m\u00eame en conditions de fort trafic et de sollicitation.<\/p>\n<\/li>\n<li class=\"\" data-start=\"1880\" data-end=\"2006\">\n<p class=\"\" data-start=\"1882\" data-end=\"2006\"><strong data-start=\"1882\" data-end=\"1917\">Installation simple et rapide<\/strong> : syst\u00e8me d\u2019embo\u00eetement de type puzzle, adaptable \u00e0 toute surface, m\u00eame irr\u00e9guli\u00e8re.<\/p>\n<\/li>\n<\/ul>\n<h3 class=\"\" data-start=\"2008\" data-end=\"2044\">\ud83d\udcd0 <strong data-start=\"2015\" data-end=\"2043\">Caract\u00e9ristiques techniques<\/strong> :<\/h3>\n<ul data-start=\"2045\" data-end=\"2208\">\n<li class=\"\" data-start=\"2045\" data-end=\"2089\">\n<p class=\"\" data-start=\"2047\" data-end=\"2089\">Mat\u00e9riau : caoutchouc technique haute densit\u00e9<\/p>\n<\/li>\n<li class=\"\" data-start=\"2090\" data-end=\"2122\">\n<p class=\"\" data-start=\"2092\" data-end=\"2122\">Format modulaire \u00e0 embo\u00eetement<\/p>\n<\/li>\n<li class=\"\" data-start=\"2123\" data-end=\"2178\">\n<p class=\"\" data-start=\"2125\" data-end=\"2178\">\u00c9paisseur et dimensions personnalisables sur demande<\/p>\n<\/li>\n<li class=\"\" data-start=\"2179\" data-end=\"2208\">\n<p class=\"\" data-start=\"2181\" data-end=\"2208\">Couleur : noir ou sur demande<\/p>\n<\/li>\n<\/ul>\n<hr class=\"\" data-start=\"2210\" data-end=\"2213\">\n<h3 class=\"\" data-start=\"2215\" data-end=\"2279\">\ud83d\udc04 <strong data-start=\"2222\" data-end=\"2279\">Pourquoi choisir les dalles SOFA PZ pour votre \u00e9table ?<\/strong><\/h3>\n<p class=\"\" data-start=\"2280\" data-end=\"2615\">Les dalles SOFA PZ am\u00e9liorent significativement les conditions environnementales dans les \u00e9tables, contribuant au <strong data-start=\"2383\" data-end=\"2404\">bien-\u00eatre animal<\/strong>, \u00e0 la <strong data-start=\"2411\" data-end=\"2440\">productivit\u00e9 du b\u00e9tail<\/strong> et \u00e0 la <strong data-start=\"2448\" data-end=\"2477\">s\u00e9curit\u00e9 des op\u00e9rateurs<\/strong>.<br data-start=\"2478\" data-end=\"2481\">Solution id\u00e9ale pour les \u00e9levages bovins, ovins et porcins, avec une efficacit\u00e9 particuli\u00e8re dans les zones sujettes \u00e0 une forte humidit\u00e9 ou aux d\u00e9placements.<\/p>\n<p>&nbsp;<\/p>\n","protected":false},"excerpt":{"rendered":"<p><strong data-start=\"147\" data-end=\"194\">Dalles en caoutchouc puzzle SOFA PZ pour \u00e9tables<\/strong> : rev\u00eatement de sol modulaire antid\u00e9rapant pour logettes, salles de traite, box de mise bas et passages. Confort, s\u00e9curit\u00e9 et bien-\u00eatre pour vos animaux. <\/p>\n<p>T\u00e9l\u00e9charger les fiches techniques :<\/p>\n<p><strong data-start=\"147\" data-end=\"194\"><a href=\"https:\/\/fdasrl.it\/wp-content\/uploads\/2025\/05\/Scheda-tecnica-GOMMA-SOFA-IT_compressed.pdf\">Fiche technique GOMMA SOFA IT PUZZLE<\/a><\/strong><\/p>\n<p><strong><a href=\"https:\/\/fdasrl.it\/wp-content\/uploads\/2025\/05\/Tecnical-Data-Sheet-GOMMA-SOFA-EN.pdf\">Technical Data Sheet GOMMA SOFA EN PUZZLE<\/a><\/strong><\/p>\n","protected":false},"featured_media":781,"comment_status":"open","ping_status":"closed","template":"","meta":{"_et_pb_use_builder":"","_et_pb_old_content":"","_et_gb_content_width":""},"product_brand":[],"product_cat":[681,396,611,680,682,683,684],"product_tag":[796,797],"class_list":{"0":"post-3198","1":"product","2":"type-product","3":"status-publish","4":"has-post-thumbnail","6":"product_cat-bien-etre-animal","7":"product_cat-bovins","8":"product_cat-chevaux","9":"product_cat-nettoyage-du-sabot-et-tapis-antiderapants-pour-vache","10":"product_cat-tapis-antiderapants-pour-equins","11":"product_cat-tapis-en-caoutchouc-antiderapants","12":"product_cat-tapis-en-caoutchouc-antiderapants-pour-porcins","13":"product_tag-sofa-pz","14":"product_tag-sofapz","16":"first","17":"instock","18":"shipping-taxable","19":"product-type-simple"},"yoast_head":"<!-- This site is optimized with the Yoast SEO Premium plugin v27.5 (Yoast SEO v27.5) - https:\/\/yoast.com\/product\/yoast-seo-premium-wordpress\/ -->\n<title>Dalles Antid\u00e9rapantes Puzzle Pour \u00c9tables : S\u00e9curit\u00e9 et Confort - FDA srl<\/title>\n<meta name=\"description\" content=\"Am\u00e9liorez le confort et la s\u00e9curit\u00e9 des animaux avec les dalles antid\u00e9rapantes puzzle pour \u00e9tables. Con\u00e7ues pour durer et s\u2019adapter \u00e0 toutes les surfaces !\" \/>\n<meta name=\"robots\" content=\"index, follow, max-snippet:-1, max-image-preview:large, max-video-preview:-1\" \/>\n<link rel=\"canonical\" href=\"https:\/\/fdasrl.it\/fr\/prodotto\/dalles-en-caoutchouc-antiderapantes-puzzle-pour-etables\/\" \/>\n<meta property=\"og:locale\" content=\"fr_FR\" \/>\n<meta property=\"og:type\" content=\"article\" \/>\n<meta property=\"og:title\" content=\"Dalles en caoutchouc antid\u00e9rapantes puzzle pour \u00e9tables\" \/>\n<meta property=\"og:description\" content=\"Am\u00e9liorez le confort et la s\u00e9curit\u00e9 des animaux avec les dalles antid\u00e9rapantes puzzle pour \u00e9tables. Con\u00e7ues pour durer et s\u2019adapter \u00e0 toutes les surfaces !\" \/>\n<meta property=\"og:url\" content=\"https:\/\/fdasrl.it\/fr\/prodotto\/dalles-en-caoutchouc-antiderapantes-puzzle-pour-etables\/\" \/>\n<meta property=\"og:site_name\" content=\"FDA srl\" \/>\n<meta property=\"article:publisher\" content=\"https:\/\/www.facebook.com\/share\/1MWhFWg1Tp\/?mibextid=LQQJ4d\" \/>\n<meta property=\"og:image\" content=\"https:\/\/fdasrl.it\/wp-content\/uploads\/2025\/05\/tappetino-gomma-antiscivolo-stalla-incastro.webp\" \/>\n\t<meta property=\"og:image:width\" content=\"640\" \/>\n\t<meta property=\"og:image:height\" content=\"800\" \/>\n\t<meta property=\"og:image:type\" content=\"image\/webp\" \/>\n<meta name=\"twitter:card\" content=\"summary_large_image\" \/>\n<meta name=\"twitter:label1\" content=\"Prix\" \/>\n\t<meta name=\"twitter:data1\" content=\"\" \/>\n\t<meta name=\"twitter:label2\" content=\"Disponibilit\u00e9\" \/>\n\t<meta name=\"twitter:data2\" content=\"En stock\" \/>\n<meta property=\"product:price:currency\" content=\"EUR\" \/>\n<meta property=\"og:availability\" content=\"instock\" \/>\n<meta property=\"product:availability\" content=\"instock\" \/>\n<meta property=\"product:retailer_item_id\" content=\"SOFAPZ\" \/>\n<meta property=\"product:condition\" content=\"new\" \/>\n<!-- \/ Yoast SEO Premium plugin. -->","yoast_head_json":{"title":"Dalles Antid\u00e9rapantes Puzzle Pour \u00c9tables : S\u00e9curit\u00e9 et Confort - FDA srl","description":"Am\u00e9liorez le confort et la s\u00e9curit\u00e9 des animaux avec les dalles antid\u00e9rapantes puzzle pour \u00e9tables. Con\u00e7ues pour durer et s\u2019adapter \u00e0 toutes les surfaces !","robots":{"index":"index","follow":"follow","max-snippet":"max-snippet:-1","max-image-preview":"max-image-preview:large","max-video-preview":"max-video-preview:-1"},"canonical":"https:\/\/fdasrl.it\/fr\/prodotto\/dalles-en-caoutchouc-antiderapantes-puzzle-pour-etables\/","og_locale":"fr_FR","og_type":"article","og_title":"Dalles en caoutchouc antid\u00e9rapantes puzzle pour \u00e9tables","og_description":"Am\u00e9liorez le confort et la s\u00e9curit\u00e9 des animaux avec les dalles antid\u00e9rapantes puzzle pour \u00e9tables. Con\u00e7ues pour durer et s\u2019adapter \u00e0 toutes les surfaces !","og_url":"https:\/\/fdasrl.it\/fr\/prodotto\/dalles-en-caoutchouc-antiderapantes-puzzle-pour-etables\/","og_site_name":"FDA srl","article_publisher":"https:\/\/www.facebook.com\/share\/1MWhFWg1Tp\/?mibextid=LQQJ4d","og_image":[{"width":640,"height":800,"url":"https:\/\/fdasrl.it\/wp-content\/uploads\/2025\/05\/tappetino-gomma-antiscivolo-stalla-incastro.webp","type":"image\/webp"}],"twitter_card":"summary_large_image","twitter_misc":{"Prix":"","Disponibilit\u00e9":"En stock"},"schema":{"@context":"https:\/\/schema.org","@graph":[{"@type":"WebPage","@id":"https:\/\/fdasrl.it\/fr\/prodotto\/dalles-en-caoutchouc-antiderapantes-puzzle-pour-etables\/","url":"https:\/\/fdasrl.it\/fr\/prodotto\/dalles-en-caoutchouc-antiderapantes-puzzle-pour-etables\/","name":"Dalles Antid\u00e9rapantes Puzzle Pour \u00c9tables : S\u00e9curit\u00e9 et Confort - FDA srl","isPartOf":{"@id":"https:\/\/fdasrl.it\/fr\/#website"},"primaryImageOfPage":{"@id":"https:\/\/fdasrl.it\/fr\/prodotto\/dalles-en-caoutchouc-antiderapantes-puzzle-pour-etables\/#primaryimage"},"image":{"@id":"https:\/\/fdasrl.it\/fr\/prodotto\/dalles-en-caoutchouc-antiderapantes-puzzle-pour-etables\/#primaryimage"},"thumbnailUrl":"https:\/\/fdasrl.it\/wp-content\/uploads\/2025\/05\/tappetino-gomma-antiscivolo-stalla-incastro.webp","datePublished":"2025-05-09T10:37:48+00:00","description":"Am\u00e9liorez le confort et la s\u00e9curit\u00e9 des animaux avec les dalles antid\u00e9rapantes puzzle pour \u00e9tables. Con\u00e7ues pour durer et s\u2019adapter \u00e0 toutes les surfaces !","breadcrumb":{"@id":"https:\/\/fdasrl.it\/fr\/prodotto\/dalles-en-caoutchouc-antiderapantes-puzzle-pour-etables\/#breadcrumb"},"inLanguage":"fr-FR","potentialAction":[{"@type":"ReadAction","target":["https:\/\/fdasrl.it\/fr\/prodotto\/dalles-en-caoutchouc-antiderapantes-puzzle-pour-etables\/"]}]},{"@type":"ImageObject","inLanguage":"fr-FR","@id":"https:\/\/fdasrl.it\/fr\/prodotto\/dalles-en-caoutchouc-antiderapantes-puzzle-pour-etables\/#primaryimage","url":"https:\/\/fdasrl.it\/wp-content\/uploads\/2025\/05\/tappetino-gomma-antiscivolo-stalla-incastro.webp","contentUrl":"https:\/\/fdasrl.it\/wp-content\/uploads\/2025\/05\/tappetino-gomma-antiscivolo-stalla-incastro.webp","width":640,"height":800,"caption":"Tappetino in gomma antiscivolo a incastro per stalle, ideale per bovini, cavalli e ambienti zootecnici"},{"@type":"BreadcrumbList","@id":"https:\/\/fdasrl.it\/fr\/prodotto\/dalles-en-caoutchouc-antiderapantes-puzzle-pour-etables\/#breadcrumb","itemListElement":[{"@type":"ListItem","position":1,"name":"Home","item":"https:\/\/fdasrl.it\/fr\/accueil\/"},{"@type":"ListItem","position":2,"name":"Boutique","item":"https:\/\/fdasrl.it\/fr\/boutique\/"},{"@type":"ListItem","position":3,"name":"Dalles en caoutchouc antid\u00e9rapantes puzzle pour \u00e9tables"}]},{"@type":"WebSite","@id":"https:\/\/fdasrl.it\/fr\/#website","url":"https:\/\/fdasrl.it\/fr\/","name":"FDA srl","description":"Equipment for animal husbandry","publisher":{"@id":"https:\/\/fdasrl.it\/fr\/#organization"},"potentialAction":[{"@type":"SearchAction","target":{"@type":"EntryPoint","urlTemplate":"https:\/\/fdasrl.it\/fr\/?s={search_term_string}"},"query-input":{"@type":"PropertyValueSpecification","valueRequired":true,"valueName":"search_term_string"}}],"inLanguage":"fr-FR"},{"@type":"Organization","@id":"https:\/\/fdasrl.it\/fr\/#organization","name":"FDA srl","url":"https:\/\/fdasrl.it\/fr\/","logo":{"@type":"ImageObject","inLanguage":"fr-FR","@id":"https:\/\/fdasrl.it\/fr\/#\/schema\/logo\/image\/","url":"https:\/\/fdasrl.it\/wp-content\/uploads\/2024\/12\/Logo-FDA.png","contentUrl":"https:\/\/fdasrl.it\/wp-content\/uploads\/2024\/12\/Logo-FDA.png","width":316,"height":119,"caption":"FDA srl"},"image":{"@id":"https:\/\/fdasrl.it\/fr\/#\/schema\/logo\/image\/"},"sameAs":["https:\/\/www.facebook.com\/share\/1MWhFWg1Tp\/?mibextid=LQQJ4d","https:\/\/www.instagram.com\/fda_srl\/profilecard\/?igsh=YW5lbzJ6MWg0d21u","https:\/\/www.youtube.com\/@FDASRL_ANIMALCARE"],"description":"FDA SRL \u2013 Equipment for animal husbandry nasce con l\u2019obiettivo di offrire soluzioni affidabili e innovative per l\u2019allevamento moderno. Con anni di esperienza nel settore zootecnico, progettiamo e realizziamo attrezzature destinate al benessere animale e alla gestione efficiente delle stalle: vasche, abbeveratoi, mangiatoie e sistemi di riscaldamento pensati per durare nel tempo e semplificare il lavoro quotidiano degli allevatori. Dalla progettazione alla produzione, ogni nostro prodotto \u00e8 studiato nei minimi dettagli, testato con cura e costruito per rispondere alle esigenze reali del settore. La nostra forza \u00e8 unire artigianalit\u00e0, tecnologia e competenza tecnica per trasformare ogni progetto in una soluzione concreta e funzionale. Oggi FDA SRL \u00e8 un punto di riferimento per privati e rivenditori che cercano qualit\u00e0, affidabilit\u00e0 e innovazione nelle attrezzature per l\u2019allevamento.","email":"info@fdasrl.it","telephone":"+390522826820","legalName":"F.D.A. SRL","foundingDate":"2024-10-13","vatID":"03075840359","taxID":"03075840359","numberOfEmployees":{"@type":"QuantitativeValue","minValue":"1","maxValue":"10"}}]},"product_price_currency":"EUR","og_availability":"instock","product_availability":"instock","product_retailer_item_id":"SOFAPZ","product_condition":"new"},"_links":{"self":[{"href":"https:\/\/fdasrl.it\/fr\/wp-json\/wp\/v2\/product\/3198","targetHints":{"allow":["GET"]}}],"collection":[{"href":"https:\/\/fdasrl.it\/fr\/wp-json\/wp\/v2\/product"}],"about":[{"href":"https:\/\/fdasrl.it\/fr\/wp-json\/wp\/v2\/types\/product"}],"replies":[{"embeddable":true,"href":"https:\/\/fdasrl.it\/fr\/wp-json\/wp\/v2\/comments?post=3198"}],"wp:featuredmedia":[{"embeddable":true,"href":"https:\/\/fdasrl.it\/fr\/wp-json\/wp\/v2\/media\/781"}],"wp:attachment":[{"href":"https:\/\/fdasrl.it\/fr\/wp-json\/wp\/v2\/media?parent=3198"}],"wp:term":[{"taxonomy":"product_brand","embeddable":true,"href":"https:\/\/fdasrl.it\/fr\/wp-json\/wp\/v2\/product_brand?post=3198"},{"taxonomy":"product_cat","embeddable":true,"href":"https:\/\/fdasrl.it\/fr\/wp-json\/wp\/v2\/product_cat?post=3198"},{"taxonomy":"product_tag","embeddable":true,"href":"https:\/\/fdasrl.it\/fr\/wp-json\/wp\/v2\/product_tag?post=3198"}],"curies":[{"name":"wp","href":"https:\/\/api.w.org\/{rel}","templated":true}]}}