{"id":3277,"date":"2025-01-21T13:19:30","date_gmt":"2025-01-21T12:19:30","guid":{"rendered":"https:\/\/fdasrl.it\/prodotto\/bidon-de-traite-vaches-inox\/"},"modified":"2025-01-21T13:19:30","modified_gmt":"2025-01-21T12:19:30","slug":"bidon-de-traite-vaches-inox","status":"publish","type":"product","link":"https:\/\/fdasrl.it\/fr\/prodotto\/bidon-de-traite-vaches-inox\/","title":{"rendered":"BIDON DE TRAITE VACHES INOX"},"content":{"rendered":"<h2 data-start=\"141\" data-end=\"214\">Seau Bidon Trayeur en Acier Inox 30 l pour Bovin Laitier \u2013 Complet<\/h2>\n<p data-start=\"216\" data-end=\"465\"><strong data-start=\"216\" data-end=\"279\">Seau trayeur professionnel en acier inox de 30 litres<\/strong>, id\u00e9al pour bovins laitiers avec <strong data-start=\"312\" data-end=\"334\">1 faisceau de traite<\/strong>.<br data-start=\"335\" data-end=\"338\">R\u00e9sistant, hygi\u00e9nique et complet avec tous les accessoires n\u00e9cessaires pour commencer la traite, \u00e0 l\u2019exception de la pompe \u00e0 vide.<\/p>\n<h3 data-start=\"467\" data-end=\"500\">Caract\u00e9ristiques du produit :<\/h3>\n<ul data-start=\"501\" data-end=\"798\">\n<li data-start=\"501\" data-end=\"527\">\n<p data-start=\"503\" data-end=\"527\">\u2705 Capacit\u00e9 : <strong data-start=\"515\" data-end=\"527\">30 litres<\/strong><\/p>\n<\/li>\n<li data-start=\"528\" data-end=\"587\">\n<p data-start=\"530\" data-end=\"587\">\u2705 Mat\u00e9riau : <strong data-start=\"543\" data-end=\"568\">acier inox AISI 304<\/strong> pour usage alimentaire<\/p>\n<\/li>\n<li data-start=\"588\" data-end=\"640\">\n<p data-start=\"590\" data-end=\"640\">\u2705 Avec <strong data-start=\"596\" data-end=\"608\">poign\u00e9e<\/strong> robuste pour un transport facile<\/p>\n<\/li>\n<li data-start=\"641\" data-end=\"798\">\n<p data-start=\"643\" data-end=\"661\">\u2705 <strong data-start=\"645\" data-end=\"660\">Comprend<\/strong> :<\/p>\n<ul data-start=\"664\" data-end=\"798\">\n<li data-start=\"664\" data-end=\"691\">\n<p data-start=\"666\" data-end=\"691\">Couvercle en acier inox<\/p>\n<\/li>\n<li data-start=\"694\" data-end=\"716\">\n<p data-start=\"696\" data-end=\"716\">Pulsateur pneumatique<\/p>\n<\/li>\n<li data-start=\"719\" data-end=\"742\">\n<p data-start=\"721\" data-end=\"742\">Collecteur pour bovin<\/p>\n<\/li>\n<li data-start=\"745\" data-end=\"771\">\n<p data-start=\"747\" data-end=\"771\">Gobelets en acier inox<\/p>\n<\/li>\n<li data-start=\"774\" data-end=\"798\">\n<p data-start=\"776\" data-end=\"798\">Tuyaux \u00e0 vide et \u00e0 lait<\/p>\n<\/li>\n<\/ul>\n<\/li>\n<\/ul>\n<p data-start=\"800\" data-end=\"849\">\ud83d\udcf8 <strong data-start=\"803\" data-end=\"833\">Voir l\u2019image du produit<\/strong> pour les d\u00e9tails.<\/p>\n<h3 data-start=\"851\" data-end=\"868\">\u26a0\ufe0f Important<\/h3>\n<blockquote data-start=\"869\" data-end=\"980\">\n<p data-start=\"871\" data-end=\"980\"><strong data-start=\"871\" data-end=\"959\">Le seau trayeur n\u00e9cessite une pompe \u00e0 vide ou un groupe de pompage pour fonctionner.<\/strong>  Non inclus dans le kit.<\/p>\n<\/blockquote>\n<hr data-start=\"982\" data-end=\"985\">\n<h3 data-start=\"987\" data-end=\"1002\">Id\u00e9al pour :<\/h3>\n<ul data-start=\"1003\" data-end=\"1094\">\n<li data-start=\"1003\" data-end=\"1027\">\n<p data-start=\"1005\" data-end=\"1027\">Petites et moyennes \u00e9tables<\/p>\n<\/li>\n<li data-start=\"1028\" data-end=\"1060\">\n<p data-start=\"1030\" data-end=\"1060\">Traite mobile ou d\u2019urgence<\/p>\n<\/li>\n<li data-start=\"1061\" data-end=\"1094\">\n<p data-start=\"1063\" data-end=\"1094\">Producteurs de lait artisanaux<\/p>\n<\/li>\n<\/ul>\n<p data-start=\"1096\" data-end=\"1145\">\ud83d\uded2 <strong data-start=\"1099\" data-end=\"1145\">Achetez-le maintenant sur notre <\/strong><a href=\"https:\/\/fda-shop.it\/shop\/mungitura\/secchio-mungitore-in-acciaio-inox-per-vacca\" target=\"_blank\" rel=\"noopener\">boutique en ligne.<\/a><\/p>\n","protected":false},"excerpt":{"rendered":"<p>Seau trayeur inox de 30 l pour bovins laitiers, complet avec accessoires.<\/p>\n","protected":false},"featured_media":478,"comment_status":"open","ping_status":"closed","template":"","meta":{"_et_pb_use_builder":"","_et_pb_old_content":"","_et_gb_content_width":""},"product_brand":[],"product_cat":[488],"product_tag":[817],"class_list":{"0":"post-3277","1":"product","2":"type-product","3":"status-publish","4":"has-post-thumbnail","6":"product_cat-accessoires-machines-a-traire","7":"product_tag-facm19200","9":"first","10":"instock","11":"shipping-taxable","12":"product-type-simple"},"yoast_head":"<!-- This site is optimized with the Yoast SEO Premium plugin v27.5 (Yoast SEO v27.5) - https:\/\/yoast.com\/product\/yoast-seo-premium-wordpress\/ -->\n<title>Seau trayeur inox 30 litres pour bovins avec accessoires<\/title>\n<meta name=\"description\" content=\"D\u00e9couvrez le seau bidon trayeur en acier inox pour bovins, complet avec accessoires et d\u2019une capacit\u00e9 de 30 litres. Commandez le v\u00f4tre d\u00e8s maintenant ! \ud83d\udecd\ufe0f\" \/>\n<meta name=\"robots\" content=\"index, follow, max-snippet:-1, max-image-preview:large, max-video-preview:-1\" \/>\n<link rel=\"canonical\" href=\"https:\/\/fdasrl.it\/fr\/prodotto\/bidon-de-traite-vaches-inox\/\" \/>\n<meta property=\"og:locale\" content=\"fr_FR\" \/>\n<meta property=\"og:type\" content=\"article\" \/>\n<meta property=\"og:title\" content=\"BIDON DE TRAITE VACHES INOX\" \/>\n<meta property=\"og:description\" content=\"D\u00e9couvrez le seau bidon trayeur en acier inox pour bovins, complet avec accessoires et d\u2019une capacit\u00e9 de 30 litres. Commandez le v\u00f4tre d\u00e8s maintenant ! \ud83d\udecd\ufe0f\" \/>\n<meta property=\"og:url\" content=\"https:\/\/fdasrl.it\/fr\/prodotto\/bidon-de-traite-vaches-inox\/\" \/>\n<meta property=\"og:site_name\" content=\"FDA srl\" \/>\n<meta property=\"article:publisher\" content=\"https:\/\/www.facebook.com\/share\/1MWhFWg1Tp\/?mibextid=LQQJ4d\" \/>\n<meta property=\"og:image\" content=\"https:\/\/fdasrl.it\/wp-content\/uploads\/2025\/01\/FACM19200.jpg\" \/>\n\t<meta property=\"og:image:width\" content=\"600\" \/>\n\t<meta property=\"og:image:height\" content=\"800\" \/>\n\t<meta property=\"og:image:type\" content=\"image\/jpeg\" \/>\n<meta name=\"twitter:card\" content=\"summary_large_image\" \/>\n<meta name=\"twitter:label1\" content=\"Prix\" \/>\n\t<meta name=\"twitter:data1\" content=\"\" \/>\n\t<meta name=\"twitter:label2\" content=\"Disponibilit\u00e9\" \/>\n\t<meta name=\"twitter:data2\" content=\"En stock\" \/>\n<meta property=\"product:price:currency\" content=\"EUR\" \/>\n<meta property=\"og:availability\" content=\"instock\" \/>\n<meta property=\"product:availability\" content=\"instock\" \/>\n<meta property=\"product:retailer_item_id\" content=\"FACM19200\" \/>\n<meta property=\"product:condition\" content=\"new\" \/>\n<!-- \/ Yoast SEO Premium plugin. -->","yoast_head_json":{"title":"Seau trayeur inox 30 litres pour bovins avec accessoires","description":"D\u00e9couvrez le seau bidon trayeur en acier inox pour bovins, complet avec accessoires et d\u2019une capacit\u00e9 de 30 litres. Commandez le v\u00f4tre d\u00e8s maintenant ! \ud83d\udecd\ufe0f","robots":{"index":"index","follow":"follow","max-snippet":"max-snippet:-1","max-image-preview":"max-image-preview:large","max-video-preview":"max-video-preview:-1"},"canonical":"https:\/\/fdasrl.it\/fr\/prodotto\/bidon-de-traite-vaches-inox\/","og_locale":"fr_FR","og_type":"article","og_title":"BIDON DE TRAITE VACHES INOX","og_description":"D\u00e9couvrez le seau bidon trayeur en acier inox pour bovins, complet avec accessoires et d\u2019une capacit\u00e9 de 30 litres. Commandez le v\u00f4tre d\u00e8s maintenant ! \ud83d\udecd\ufe0f","og_url":"https:\/\/fdasrl.it\/fr\/prodotto\/bidon-de-traite-vaches-inox\/","og_site_name":"FDA srl","article_publisher":"https:\/\/www.facebook.com\/share\/1MWhFWg1Tp\/?mibextid=LQQJ4d","og_image":[{"width":600,"height":800,"url":"https:\/\/fdasrl.it\/wp-content\/uploads\/2025\/01\/FACM19200.jpg","type":"image\/jpeg"}],"twitter_card":"summary_large_image","twitter_misc":{"Prix":"","Disponibilit\u00e9":"En stock"},"schema":{"@context":"https:\/\/schema.org","@graph":[{"@type":"WebPage","@id":"https:\/\/fdasrl.it\/fr\/prodotto\/bidon-de-traite-vaches-inox\/","url":"https:\/\/fdasrl.it\/fr\/prodotto\/bidon-de-traite-vaches-inox\/","name":"Seau trayeur inox 30 litres pour bovins avec accessoires","isPartOf":{"@id":"https:\/\/fdasrl.it\/fr\/#website"},"primaryImageOfPage":{"@id":"https:\/\/fdasrl.it\/fr\/prodotto\/bidon-de-traite-vaches-inox\/#primaryimage"},"image":{"@id":"https:\/\/fdasrl.it\/fr\/prodotto\/bidon-de-traite-vaches-inox\/#primaryimage"},"thumbnailUrl":"https:\/\/fdasrl.it\/wp-content\/uploads\/2025\/01\/FACM19200.jpg","datePublished":"2025-01-21T12:19:30+00:00","description":"D\u00e9couvrez le seau bidon trayeur en acier inox pour bovins, complet avec accessoires et d\u2019une capacit\u00e9 de 30 litres. Commandez le v\u00f4tre d\u00e8s maintenant ! \ud83d\udecd\ufe0f","breadcrumb":{"@id":"https:\/\/fdasrl.it\/fr\/prodotto\/bidon-de-traite-vaches-inox\/#breadcrumb"},"inLanguage":"fr-FR","potentialAction":[{"@type":"ReadAction","target":["https:\/\/fdasrl.it\/fr\/prodotto\/bidon-de-traite-vaches-inox\/"]}]},{"@type":"ImageObject","inLanguage":"fr-FR","@id":"https:\/\/fdasrl.it\/fr\/prodotto\/bidon-de-traite-vaches-inox\/#primaryimage","url":"https:\/\/fdasrl.it\/wp-content\/uploads\/2025\/01\/FACM19200.jpg","contentUrl":"https:\/\/fdasrl.it\/wp-content\/uploads\/2025\/01\/FACM19200.jpg","width":600,"height":800},{"@type":"BreadcrumbList","@id":"https:\/\/fdasrl.it\/fr\/prodotto\/bidon-de-traite-vaches-inox\/#breadcrumb","itemListElement":[{"@type":"ListItem","position":1,"name":"Home","item":"https:\/\/fdasrl.it\/fr\/accueil\/"},{"@type":"ListItem","position":2,"name":"Boutique","item":"https:\/\/fdasrl.it\/fr\/boutique\/"},{"@type":"ListItem","position":3,"name":"BIDON DE TRAITE VACHES INOX"}]},{"@type":"WebSite","@id":"https:\/\/fdasrl.it\/fr\/#website","url":"https:\/\/fdasrl.it\/fr\/","name":"FDA srl","description":"Equipment for animal husbandry","publisher":{"@id":"https:\/\/fdasrl.it\/fr\/#organization"},"potentialAction":[{"@type":"SearchAction","target":{"@type":"EntryPoint","urlTemplate":"https:\/\/fdasrl.it\/fr\/?s={search_term_string}"},"query-input":{"@type":"PropertyValueSpecification","valueRequired":true,"valueName":"search_term_string"}}],"inLanguage":"fr-FR"},{"@type":"Organization","@id":"https:\/\/fdasrl.it\/fr\/#organization","name":"FDA srl","url":"https:\/\/fdasrl.it\/fr\/","logo":{"@type":"ImageObject","inLanguage":"fr-FR","@id":"https:\/\/fdasrl.it\/fr\/#\/schema\/logo\/image\/","url":"https:\/\/fdasrl.it\/wp-content\/uploads\/2024\/12\/Logo-FDA.png","contentUrl":"https:\/\/fdasrl.it\/wp-content\/uploads\/2024\/12\/Logo-FDA.png","width":316,"height":119,"caption":"FDA srl"},"image":{"@id":"https:\/\/fdasrl.it\/fr\/#\/schema\/logo\/image\/"},"sameAs":["https:\/\/www.facebook.com\/share\/1MWhFWg1Tp\/?mibextid=LQQJ4d","https:\/\/www.instagram.com\/fda_srl\/profilecard\/?igsh=YW5lbzJ6MWg0d21u","https:\/\/www.youtube.com\/@FDASRL_ANIMALCARE"],"description":"FDA SRL \u2013 Equipment for animal husbandry nasce con l\u2019obiettivo di offrire soluzioni affidabili e innovative per l\u2019allevamento moderno. Con anni di esperienza nel settore zootecnico, progettiamo e realizziamo attrezzature destinate al benessere animale e alla gestione efficiente delle stalle: vasche, abbeveratoi, mangiatoie e sistemi di riscaldamento pensati per durare nel tempo e semplificare il lavoro quotidiano degli allevatori. Dalla progettazione alla produzione, ogni nostro prodotto \u00e8 studiato nei minimi dettagli, testato con cura e costruito per rispondere alle esigenze reali del settore. La nostra forza \u00e8 unire artigianalit\u00e0, tecnologia e competenza tecnica per trasformare ogni progetto in una soluzione concreta e funzionale. Oggi FDA SRL \u00e8 un punto di riferimento per privati e rivenditori che cercano qualit\u00e0, affidabilit\u00e0 e innovazione nelle attrezzature per l\u2019allevamento.","email":"info@fdasrl.it","telephone":"+390522826820","legalName":"F.D.A. SRL","foundingDate":"2024-10-13","vatID":"03075840359","taxID":"03075840359","numberOfEmployees":{"@type":"QuantitativeValue","minValue":"1","maxValue":"10"}}]},"product_price_currency":"EUR","og_availability":"instock","product_availability":"instock","product_retailer_item_id":"FACM19200","product_condition":"new"},"_links":{"self":[{"href":"https:\/\/fdasrl.it\/fr\/wp-json\/wp\/v2\/product\/3277","targetHints":{"allow":["GET"]}}],"collection":[{"href":"https:\/\/fdasrl.it\/fr\/wp-json\/wp\/v2\/product"}],"about":[{"href":"https:\/\/fdasrl.it\/fr\/wp-json\/wp\/v2\/types\/product"}],"replies":[{"embeddable":true,"href":"https:\/\/fdasrl.it\/fr\/wp-json\/wp\/v2\/comments?post=3277"}],"wp:featuredmedia":[{"embeddable":true,"href":"https:\/\/fdasrl.it\/fr\/wp-json\/wp\/v2\/media\/478"}],"wp:attachment":[{"href":"https:\/\/fdasrl.it\/fr\/wp-json\/wp\/v2\/media?parent=3277"}],"wp:term":[{"taxonomy":"product_brand","embeddable":true,"href":"https:\/\/fdasrl.it\/fr\/wp-json\/wp\/v2\/product_brand?post=3277"},{"taxonomy":"product_cat","embeddable":true,"href":"https:\/\/fdasrl.it\/fr\/wp-json\/wp\/v2\/product_cat?post=3277"},{"taxonomy":"product_tag","embeddable":true,"href":"https:\/\/fdasrl.it\/fr\/wp-json\/wp\/v2\/product_tag?post=3277"}],"curies":[{"name":"wp","href":"https:\/\/api.w.org\/{rel}","templated":true}]}}