{"id":3285,"date":"2025-01-21T13:24:26","date_gmt":"2025-01-21T12:24:26","guid":{"rendered":"https:\/\/fdasrl.it\/prodotto\/pulsateurs-pneumatiques-pour-machines-a-traire\/"},"modified":"2025-01-21T13:24:26","modified_gmt":"2025-01-21T12:24:26","slug":"pulsateurs-pneumatiques-pour-machines-a-traire","status":"publish","type":"product","link":"https:\/\/fdasrl.it\/fr\/prodotto\/pulsateurs-pneumatiques-pour-machines-a-traire\/","title":{"rendered":"PULSATEURS PNEUMATIQUES POUR MACHINES \u00c0 TRAIRE"},"content":{"rendered":"<h2 data-start=\"120\" data-end=\"187\">Pulsateurs pneumatiques pour machines \u00e0 traire \u2013 Pour vaches, ch\u00e8vres et brebis<\/h2>\n<p data-start=\"189\" data-end=\"406\"><strong data-start=\"189\" data-end=\"215\">Les pulsateurs pneumatiques<\/strong> sont des composants essentiels des installations de traite. Ils r\u00e8glent le flux du vide vers les manchons, simulant le rythme de succion de l\u2019animal et garantissant une traite efficace et d\u00e9licata. <\/p>\n<h3 data-start=\"408\" data-end=\"453\">\u00c0 quoi sert un pulsateur pour machine \u00e0 traire ?<\/h3>\n<p data-start=\"455\" data-end=\"695\">Le <strong data-start=\"458\" data-end=\"486\">pulsateur pour machine \u00e0 traire<\/strong> contr\u00f4le le vide de mani\u00e8re altern\u00e9e, permettant l\u2019ouverture et la fermeture des manchons de traite. Ce processus cyclique est fondamental pour la sant\u00e9 de l\u2019animal et pour une production de lait optimale. <\/p>\n<h3 data-start=\"697\" data-end=\"728\">Caract\u00e9ristiques principales :<\/h3>\n<ul data-start=\"730\" data-end=\"938\">\n<li data-start=\"730\" data-end=\"847\">\n<p data-start=\"732\" data-end=\"847\">\u2705 <strong data-start=\"734\" data-end=\"759\">Rapport de fr\u00e9quence<\/strong> : indique le nombre de pulsations par minute. R\u00e9glable via une vis de pr\u00e9cision. <\/p>\n<\/li>\n<li data-start=\"848\" data-end=\"938\">\n<p data-start=\"850\" data-end=\"938\">\u2705 <strong data-start=\"852\" data-end=\"878\">Rapport de pulsation<\/strong> : d\u00e9finit la dur\u00e9e du vide dans chaque cycle de pulsation.<\/p>\n<\/li>\n<\/ul>\n<hr data-start=\"940\" data-end=\"943\">\n<h3 data-start=\"945\" data-end=\"968\">Mod\u00e8les disponibles<\/h3>\n<h4 data-start=\"970\" data-end=\"1009\">\ud83d\udd39 Pulsateur pneumatique pour vaches<\/h4>\n<ul data-start=\"1010\" data-end=\"1137\">\n<li data-start=\"1010\" data-end=\"1033\">\n<p data-start=\"1012\" data-end=\"1033\"><strong data-start=\"1012\" data-end=\"1024\">Rapport<\/strong> : 60\/40<\/p>\n<\/li>\n<li data-start=\"1034\" data-end=\"1073\">\n<p data-start=\"1036\" data-end=\"1073\"><strong data-start=\"1036\" data-end=\"1049\">Fr\u00e9quence<\/strong> : 60 pulsations\/minute<\/p>\n<\/li>\n<li data-start=\"1074\" data-end=\"1137\">\n<p data-start=\"1076\" data-end=\"1137\">Id\u00e9al pour la traite bovine, il garantit efficacit\u00e9 et confort.<\/p>\n<\/li>\n<\/ul>\n<h4 data-start=\"1139\" data-end=\"1177\">\ud83d\udd39 Pulsateur pneumatique pour ch\u00e8vres<\/h4>\n<ul data-start=\"1178\" data-end=\"1301\">\n<li data-start=\"1178\" data-end=\"1201\">\n<p data-start=\"1180\" data-end=\"1201\"><strong data-start=\"1180\" data-end=\"1192\">Rapport<\/strong> : 60\/40<\/p>\n<\/li>\n<li data-start=\"1202\" data-end=\"1241\">\n<p data-start=\"1204\" data-end=\"1241\"><strong data-start=\"1204\" data-end=\"1217\">Fr\u00e9quence<\/strong> : 90 pulsations\/minute<\/p>\n<\/li>\n<li data-start=\"1242\" data-end=\"1301\">\n<p data-start=\"1244\" data-end=\"1301\">Optimis\u00e9 pour le syst\u00e8me d\u00e9licat des ch\u00e8vres laiti\u00e8res.<\/p>\n<\/li>\n<\/ul>\n<h4 data-start=\"1303\" data-end=\"1342\">\ud83d\udd39 Pulsateur pneumatique pour brebis<\/h4>\n<ul data-start=\"1343\" data-end=\"1459\">\n<li data-start=\"1343\" data-end=\"1366\">\n<p data-start=\"1345\" data-end=\"1366\"><strong data-start=\"1345\" data-end=\"1357\">Rapport<\/strong> : 50\/50<\/p>\n<\/li>\n<li data-start=\"1367\" data-end=\"1407\">\n<p data-start=\"1369\" data-end=\"1407\"><strong data-start=\"1369\" data-end=\"1382\">Fr\u00e9quence<\/strong> : 120 pulsations\/minute<\/p>\n<\/li>\n<li data-start=\"1408\" data-end=\"1459\">\n<p data-start=\"1410\" data-end=\"1459\">Con\u00e7u pour la traite ovine \u00e0 haute fr\u00e9quence.<\/p>\n<\/li>\n<\/ul>\n<hr data-start=\"1461\" data-end=\"1464\">\n<h3 data-start=\"1466\" data-end=\"1506\">Pourquoi choisir nos pulsateurs ?<\/h3>\n<ul data-start=\"1508\" data-end=\"1663\">\n<li data-start=\"1508\" data-end=\"1558\">\n<p data-start=\"1510\" data-end=\"1558\">\u2705 Compatibles avec les installations de traite standard<\/p>\n<\/li>\n<li data-start=\"1559\" data-end=\"1591\">\n<p data-start=\"1561\" data-end=\"1591\">\u2705 R\u00e9glage facile et pr\u00e9cis<\/p>\n<\/li>\n<li data-start=\"1592\" data-end=\"1632\">\n<p data-start=\"1594\" data-end=\"1632\">\u2705 Haute fiabilit\u00e9 et durabilit\u00e9<\/p>\n<\/li>\n<li data-start=\"1633\" data-end=\"1663\">\n<p data-start=\"1635\" data-end=\"1663\">\u2705 Support technique garanti<\/p>\n<\/li>\n<\/ul>\n<p>Achetez-le sur notre <a href=\"https:\/\/fda-shop.it\/shop\/mungitura\/pulsatore-pneumatico#\/148-tipo-mucca\" target=\"_blank\" rel=\"noopener\">boutique en ligne<\/a><\/p>\n","protected":false},"excerpt":{"rendered":"<p>Pulsateurs pneumatiques pour machines \u00e0 traire les vaches, ch\u00e8vres et brebis. Haute qualit\u00e9, r\u00e9glables et fiables. <\/p>\n","protected":false},"featured_media":482,"comment_status":"open","ping_status":"closed","template":"","meta":{"_et_pb_use_builder":"","_et_pb_old_content":"","_et_gb_content_width":""},"product_brand":[],"product_cat":[488],"product_tag":[820],"class_list":{"0":"post-3285","1":"product","2":"type-product","3":"status-publish","4":"has-post-thumbnail","6":"product_cat-accessoires-machines-a-traire","7":"product_tag-facm10200","9":"first","10":"instock","11":"shipping-taxable","12":"product-type-simple"},"yoast_head":"<!-- This site is optimized with the Yoast SEO Premium plugin v27.5 (Yoast SEO v27.5) - https:\/\/yoast.com\/product\/yoast-seo-premium-wordpress\/ -->\n<title>Pulsateur pour machine \u00e0 traire avec r\u00e9glage de fr\u00e9quence - FDA srl<\/title>\n<meta name=\"description\" content=\"Le pulsateur pour machine \u00e0 traire r\u00e8gle le flux du vide pour une traite d\u00e9licate et optimale. Achetez maintenant et augmentez votre production ! \u2705\" \/>\n<meta name=\"robots\" content=\"index, follow, max-snippet:-1, max-image-preview:large, max-video-preview:-1\" \/>\n<link rel=\"canonical\" href=\"https:\/\/fdasrl.it\/fr\/prodotto\/pulsateurs-pneumatiques-pour-machines-a-traire\/\" \/>\n<meta property=\"og:locale\" content=\"fr_FR\" \/>\n<meta property=\"og:type\" content=\"article\" \/>\n<meta property=\"og:title\" content=\"PULSATEURS PNEUMATIQUES POUR MACHINES \u00c0 TRAIRE\" \/>\n<meta property=\"og:description\" content=\"Le pulsateur pour machine \u00e0 traire r\u00e8gle le flux du vide pour une traite d\u00e9licate et optimale. Achetez maintenant et augmentez votre production ! \u2705\" \/>\n<meta property=\"og:url\" content=\"https:\/\/fdasrl.it\/fr\/prodotto\/pulsateurs-pneumatiques-pour-machines-a-traire\/\" \/>\n<meta property=\"og:site_name\" content=\"FDA srl\" \/>\n<meta property=\"article:publisher\" content=\"https:\/\/www.facebook.com\/share\/1MWhFWg1Tp\/?mibextid=LQQJ4d\" \/>\n<meta property=\"og:image\" content=\"https:\/\/fdasrl.it\/wp-content\/uploads\/2025\/01\/FACM10000_2.jpg\" \/>\n\t<meta property=\"og:image:width\" content=\"300\" \/>\n\t<meta property=\"og:image:height\" content=\"276\" \/>\n\t<meta property=\"og:image:type\" content=\"image\/jpeg\" \/>\n<meta name=\"twitter:card\" content=\"summary_large_image\" \/>\n<meta name=\"twitter:label1\" content=\"Prix\" \/>\n\t<meta name=\"twitter:data1\" content=\"\" \/>\n\t<meta name=\"twitter:label2\" content=\"Disponibilit\u00e9\" \/>\n\t<meta name=\"twitter:data2\" content=\"En stock\" \/>\n<meta property=\"product:price:currency\" content=\"EUR\" \/>\n<meta property=\"og:availability\" content=\"instock\" \/>\n<meta property=\"product:availability\" content=\"instock\" \/>\n<meta property=\"product:retailer_item_id\" content=\"FACM10000\" \/>\n<meta property=\"product:condition\" content=\"new\" \/>\n<!-- \/ Yoast SEO Premium plugin. -->","yoast_head_json":{"title":"Pulsateur pour machine \u00e0 traire avec r\u00e9glage de fr\u00e9quence - FDA srl","description":"Le pulsateur pour machine \u00e0 traire r\u00e8gle le flux du vide pour une traite d\u00e9licate et optimale. Achetez maintenant et augmentez votre production ! \u2705","robots":{"index":"index","follow":"follow","max-snippet":"max-snippet:-1","max-image-preview":"max-image-preview:large","max-video-preview":"max-video-preview:-1"},"canonical":"https:\/\/fdasrl.it\/fr\/prodotto\/pulsateurs-pneumatiques-pour-machines-a-traire\/","og_locale":"fr_FR","og_type":"article","og_title":"PULSATEURS PNEUMATIQUES POUR MACHINES \u00c0 TRAIRE","og_description":"Le pulsateur pour machine \u00e0 traire r\u00e8gle le flux du vide pour une traite d\u00e9licate et optimale. Achetez maintenant et augmentez votre production ! \u2705","og_url":"https:\/\/fdasrl.it\/fr\/prodotto\/pulsateurs-pneumatiques-pour-machines-a-traire\/","og_site_name":"FDA srl","article_publisher":"https:\/\/www.facebook.com\/share\/1MWhFWg1Tp\/?mibextid=LQQJ4d","og_image":[{"width":300,"height":276,"url":"https:\/\/fdasrl.it\/wp-content\/uploads\/2025\/01\/FACM10000_2.jpg","type":"image\/jpeg"}],"twitter_card":"summary_large_image","twitter_misc":{"Prix":"","Disponibilit\u00e9":"En stock"},"schema":{"@context":"https:\/\/schema.org","@graph":[{"@type":"WebPage","@id":"https:\/\/fdasrl.it\/fr\/prodotto\/pulsateurs-pneumatiques-pour-machines-a-traire\/","url":"https:\/\/fdasrl.it\/fr\/prodotto\/pulsateurs-pneumatiques-pour-machines-a-traire\/","name":"Pulsateur pour machine \u00e0 traire avec r\u00e9glage de fr\u00e9quence - FDA srl","isPartOf":{"@id":"https:\/\/fdasrl.it\/fr\/#website"},"primaryImageOfPage":{"@id":"https:\/\/fdasrl.it\/fr\/prodotto\/pulsateurs-pneumatiques-pour-machines-a-traire\/#primaryimage"},"image":{"@id":"https:\/\/fdasrl.it\/fr\/prodotto\/pulsateurs-pneumatiques-pour-machines-a-traire\/#primaryimage"},"thumbnailUrl":"https:\/\/fdasrl.it\/wp-content\/uploads\/2025\/01\/FACM10000_2.jpg","datePublished":"2025-01-21T12:24:26+00:00","description":"Le pulsateur pour machine \u00e0 traire r\u00e8gle le flux du vide pour une traite d\u00e9licate et optimale. Achetez maintenant et augmentez votre production ! \u2705","breadcrumb":{"@id":"https:\/\/fdasrl.it\/fr\/prodotto\/pulsateurs-pneumatiques-pour-machines-a-traire\/#breadcrumb"},"inLanguage":"fr-FR","potentialAction":[{"@type":"ReadAction","target":["https:\/\/fdasrl.it\/fr\/prodotto\/pulsateurs-pneumatiques-pour-machines-a-traire\/"]}]},{"@type":"ImageObject","inLanguage":"fr-FR","@id":"https:\/\/fdasrl.it\/fr\/prodotto\/pulsateurs-pneumatiques-pour-machines-a-traire\/#primaryimage","url":"https:\/\/fdasrl.it\/wp-content\/uploads\/2025\/01\/FACM10000_2.jpg","contentUrl":"https:\/\/fdasrl.it\/wp-content\/uploads\/2025\/01\/FACM10000_2.jpg","width":300,"height":276},{"@type":"BreadcrumbList","@id":"https:\/\/fdasrl.it\/fr\/prodotto\/pulsateurs-pneumatiques-pour-machines-a-traire\/#breadcrumb","itemListElement":[{"@type":"ListItem","position":1,"name":"Home","item":"https:\/\/fdasrl.it\/fr\/accueil\/"},{"@type":"ListItem","position":2,"name":"Boutique","item":"https:\/\/fdasrl.it\/fr\/boutique\/"},{"@type":"ListItem","position":3,"name":"PULSATEURS PNEUMATIQUES POUR MACHINES \u00c0 TRAIRE"}]},{"@type":"WebSite","@id":"https:\/\/fdasrl.it\/fr\/#website","url":"https:\/\/fdasrl.it\/fr\/","name":"FDA srl","description":"Equipment for animal husbandry","publisher":{"@id":"https:\/\/fdasrl.it\/fr\/#organization"},"potentialAction":[{"@type":"SearchAction","target":{"@type":"EntryPoint","urlTemplate":"https:\/\/fdasrl.it\/fr\/?s={search_term_string}"},"query-input":{"@type":"PropertyValueSpecification","valueRequired":true,"valueName":"search_term_string"}}],"inLanguage":"fr-FR"},{"@type":"Organization","@id":"https:\/\/fdasrl.it\/fr\/#organization","name":"FDA srl","url":"https:\/\/fdasrl.it\/fr\/","logo":{"@type":"ImageObject","inLanguage":"fr-FR","@id":"https:\/\/fdasrl.it\/fr\/#\/schema\/logo\/image\/","url":"https:\/\/fdasrl.it\/wp-content\/uploads\/2024\/12\/Logo-FDA.png","contentUrl":"https:\/\/fdasrl.it\/wp-content\/uploads\/2024\/12\/Logo-FDA.png","width":316,"height":119,"caption":"FDA srl"},"image":{"@id":"https:\/\/fdasrl.it\/fr\/#\/schema\/logo\/image\/"},"sameAs":["https:\/\/www.facebook.com\/share\/1MWhFWg1Tp\/?mibextid=LQQJ4d","https:\/\/www.instagram.com\/fda_srl\/profilecard\/?igsh=YW5lbzJ6MWg0d21u","https:\/\/www.youtube.com\/@FDASRL_ANIMALCARE"],"description":"FDA SRL \u2013 Equipment for animal husbandry nasce con l\u2019obiettivo di offrire soluzioni affidabili e innovative per l\u2019allevamento moderno. Con anni di esperienza nel settore zootecnico, progettiamo e realizziamo attrezzature destinate al benessere animale e alla gestione efficiente delle stalle: vasche, abbeveratoi, mangiatoie e sistemi di riscaldamento pensati per durare nel tempo e semplificare il lavoro quotidiano degli allevatori. Dalla progettazione alla produzione, ogni nostro prodotto \u00e8 studiato nei minimi dettagli, testato con cura e costruito per rispondere alle esigenze reali del settore. La nostra forza \u00e8 unire artigianalit\u00e0, tecnologia e competenza tecnica per trasformare ogni progetto in una soluzione concreta e funzionale. Oggi FDA SRL \u00e8 un punto di riferimento per privati e rivenditori che cercano qualit\u00e0, affidabilit\u00e0 e innovazione nelle attrezzature per l\u2019allevamento.","email":"info@fdasrl.it","telephone":"+390522826820","legalName":"F.D.A. SRL","foundingDate":"2024-10-13","vatID":"03075840359","taxID":"03075840359","numberOfEmployees":{"@type":"QuantitativeValue","minValue":"1","maxValue":"10"}}]},"product_price_currency":"EUR","og_availability":"instock","product_availability":"instock","product_retailer_item_id":"FACM10000","product_condition":"new"},"_links":{"self":[{"href":"https:\/\/fdasrl.it\/fr\/wp-json\/wp\/v2\/product\/3285","targetHints":{"allow":["GET"]}}],"collection":[{"href":"https:\/\/fdasrl.it\/fr\/wp-json\/wp\/v2\/product"}],"about":[{"href":"https:\/\/fdasrl.it\/fr\/wp-json\/wp\/v2\/types\/product"}],"replies":[{"embeddable":true,"href":"https:\/\/fdasrl.it\/fr\/wp-json\/wp\/v2\/comments?post=3285"}],"wp:featuredmedia":[{"embeddable":true,"href":"https:\/\/fdasrl.it\/fr\/wp-json\/wp\/v2\/media\/482"}],"wp:attachment":[{"href":"https:\/\/fdasrl.it\/fr\/wp-json\/wp\/v2\/media?parent=3285"}],"wp:term":[{"taxonomy":"product_brand","embeddable":true,"href":"https:\/\/fdasrl.it\/fr\/wp-json\/wp\/v2\/product_brand?post=3285"},{"taxonomy":"product_cat","embeddable":true,"href":"https:\/\/fdasrl.it\/fr\/wp-json\/wp\/v2\/product_cat?post=3285"},{"taxonomy":"product_tag","embeddable":true,"href":"https:\/\/fdasrl.it\/fr\/wp-json\/wp\/v2\/product_tag?post=3285"}],"curies":[{"name":"wp","href":"https:\/\/api.w.org\/{rel}","templated":true}]}}