{"id":3323,"date":"2025-01-21T13:28:10","date_gmt":"2025-01-21T12:28:10","guid":{"rendered":"https:\/\/fdasrl.it\/prodotto\/collecteur-chevres-brebis\/"},"modified":"2025-01-21T13:28:10","modified_gmt":"2025-01-21T12:28:10","slug":"collecteur-chevres-brebis","status":"publish","type":"product","link":"https:\/\/fdasrl.it\/fr\/prodotto\/collecteur-chevres-brebis\/","title":{"rendered":"Collecteur ch\u00e8vres brebis"},"content":{"rendered":"<h3>Collecteur ch\u00e8vres brebis 13300 pour machine \u00e0 traire.<\/h3>\n<p class=\"\" data-start=\"393\" data-end=\"612\">Fabriqu\u00e9 en <strong data-start=\"407\" data-end=\"447\">mat\u00e9riau alimentaire de haute qualit\u00e9<\/strong>, <strong data-start=\"449\" data-end=\"461\">atoxique<\/strong> et <strong data-start=\"464\" data-end=\"488\">r\u00e9sistant \u00e0 l\u2019usure<\/strong>, cet accessoire pour machine \u00e0 traire est con\u00e7u pour garantir une <strong data-start=\"550\" data-end=\"580\">s\u00e9curit\u00e9 hygi\u00e9nique maximale<\/strong> et une <strong data-start=\"583\" data-end=\"609\">longue dur\u00e9e de vie<\/strong>.<\/p>\n<p class=\"\" data-start=\"393\" data-end=\"612\">Compatible avec <strong data-start=\"630\" data-end=\"681\">tous les groupes de traite pour ovins et caprins<\/strong>, il est id\u00e9al pour une utilisation dans les <strong data-start=\"705\" data-end=\"737\">chariots de traite mobiles<\/strong> et les <strong data-start=\"743\" data-end=\"761\">installations fixes<\/strong>, assurant une <strong data-start=\"775\" data-end=\"800\">polyvalence op\u00e9rationnelle<\/strong> dans tout type d\u2019\u00e9levage.<\/p>\n<p class=\"\" data-start=\"831\" data-end=\"993\">Sp\u00e9cifiquement con\u00e7u pour la <strong data-start=\"863\" data-end=\"903\">r\u00e9colte du lait de brebis et de ch\u00e8vres<\/strong>, il repr\u00e9sente une <strong data-start=\"920\" data-end=\"943\">pi\u00e8ce de rechange essentielle<\/strong> au bon fonctionnement de la machine \u00e0 traire.<\/p>\n<p class=\"\" data-start=\"995\" data-end=\"1156\">Son <strong data-start=\"1002\" data-end=\"1022\">design intuitif<\/strong> et fonctionnel permet une <strong data-start=\"1048\" data-end=\"1068\">utilisation pratique<\/strong>, facilitant les op\u00e9rations quotidiennes de traite et r\u00e9duisant les temps de maintenance.<\/p>\n<hr class=\"\" data-start=\"1158\" data-end=\"1161\">\n<h4 class=\"\" data-start=\"1163\" data-end=\"1195\">Caract\u00e9ristiques principales :<\/h4>\n<ul data-start=\"1196\" data-end=\"1412\">\n<li class=\"\" data-start=\"1196\" data-end=\"1238\">\n<p class=\"\" data-start=\"1198\" data-end=\"1238\">Mat\u00e9riau certifi\u00e9 pour usage alimentaire<\/p>\n<\/li>\n<li class=\"\" data-start=\"1239\" data-end=\"1297\">\n<p class=\"\" data-start=\"1241\" data-end=\"1297\">Compatibilit\u00e9 universelle avec les groupes de traite ovins et caprins<\/p>\n<\/li>\n<li class=\"\" data-start=\"1298\" data-end=\"1343\">\n<p class=\"\" data-start=\"1300\" data-end=\"1343\">Adapt\u00e9 aux installations fixes et aux chariots mobiles<\/p>\n<\/li>\n<li class=\"\" data-start=\"1344\" data-end=\"1376\">\n<p class=\"\" data-start=\"1346\" data-end=\"1376\">Haute r\u00e9sistance et longue dur\u00e9e de vie<\/p>\n<\/li>\n<li class=\"\" data-start=\"1377\" data-end=\"1412\">\n<p class=\"\" data-start=\"1379\" data-end=\"1412\">Facile \u00e0 installer et \u00e0 utiliser<\/p>\n<\/li>\n<\/ul>\n<p>Achetez-le sur notre <a href=\"https:\/\/fda-shop.it\/shop\/mungitura\/collettore-per-capre-o-pecore\" target=\"_blank\" rel=\"noopener\">boutique en ligne<\/a><\/p>\n","protected":false},"excerpt":{"rendered":"<p>Le collecteur pour ch\u00e8vre\/brebis est compatible avec tous les groupes de traite pour brebis et ch\u00e8vres, il est id\u00e9al pour une utilisation aussi bien dans les syst\u00e8mes mobiles (chariots de traite) que dans les installations fixes.<br data-start=\"458\" data-end=\"461\">Sp\u00e9cifiquement con\u00e7u pour la r\u00e9colte du lait, il repr\u00e9sente un accessoire essentiel pour les machines \u00e0 traire destin\u00e9es aux ovins et caprins.<\/p>\n","protected":false},"featured_media":630,"comment_status":"open","ping_status":"closed","template":"","meta":{"_et_pb_use_builder":"","_et_pb_old_content":"","_et_gb_content_width":""},"product_brand":[],"product_cat":[488],"product_tag":[826],"class_list":{"0":"post-3323","1":"product","2":"type-product","3":"status-publish","4":"has-post-thumbnail","6":"product_cat-accessoires-machines-a-traire","7":"product_tag-826","9":"first","10":"instock","11":"shipping-taxable","12":"product-type-simple"},"yoast_head":"<!-- This site is optimized with the Yoast SEO Premium plugin v27.5 (Yoast SEO v27.5) - https:\/\/yoast.com\/product\/yoast-seo-premium-wordpress\/ -->\n<title>Collecteur Ch\u00e8vres Brebis Groupe de Traite - Haute Qualit\u00e9 - FDA srl<\/title>\n<meta name=\"description\" content=\"R\u00e9coltez le lait de mani\u00e8re simple et pratique avec le Collecteur ch\u00e8vres brebis groupe de traite. Fabriqu\u00e9 en mat\u00e9riau de haute qualit\u00e9 et durable !\" \/>\n<meta name=\"robots\" content=\"index, follow, max-snippet:-1, max-image-preview:large, max-video-preview:-1\" \/>\n<link rel=\"canonical\" href=\"https:\/\/fdasrl.it\/fr\/prodotto\/collecteur-chevres-brebis\/\" \/>\n<meta property=\"og:locale\" content=\"fr_FR\" \/>\n<meta property=\"og:type\" content=\"article\" \/>\n<meta property=\"og:title\" content=\"Collecteur ch\u00e8vres brebis\" \/>\n<meta property=\"og:description\" content=\"R\u00e9coltez le lait de mani\u00e8re simple et pratique avec le Collecteur ch\u00e8vres brebis groupe de traite. Fabriqu\u00e9 en mat\u00e9riau de haute qualit\u00e9 et durable !\" \/>\n<meta property=\"og:url\" content=\"https:\/\/fdasrl.it\/fr\/prodotto\/collecteur-chevres-brebis\/\" \/>\n<meta property=\"og:site_name\" content=\"FDA srl\" \/>\n<meta property=\"article:publisher\" content=\"https:\/\/www.facebook.com\/share\/1MWhFWg1Tp\/?mibextid=LQQJ4d\" \/>\n<meta property=\"og:image\" content=\"https:\/\/fdasrl.it\/wp-content\/uploads\/2025\/01\/Collettore-capre-pecore-mungitura-FDA.png\" \/>\n\t<meta property=\"og:image:width\" content=\"1001\" \/>\n\t<meta property=\"og:image:height\" content=\"900\" \/>\n\t<meta property=\"og:image:type\" content=\"image\/png\" \/>\n<meta name=\"twitter:card\" content=\"summary_large_image\" \/>\n<meta name=\"twitter:label1\" content=\"Prix\" \/>\n\t<meta name=\"twitter:data1\" content=\"\" \/>\n\t<meta name=\"twitter:label2\" content=\"Disponibilit\u00e9\" \/>\n\t<meta name=\"twitter:data2\" content=\"En stock\" \/>\n<meta property=\"product:price:currency\" content=\"EUR\" \/>\n<meta property=\"og:availability\" content=\"instock\" \/>\n<meta property=\"product:availability\" content=\"instock\" \/>\n<meta property=\"product:retailer_item_id\" content=\"13300\" \/>\n<meta property=\"product:condition\" content=\"new\" \/>\n<!-- \/ Yoast SEO Premium plugin. -->","yoast_head_json":{"title":"Collecteur Ch\u00e8vres Brebis Groupe de Traite - Haute Qualit\u00e9 - FDA srl","description":"R\u00e9coltez le lait de mani\u00e8re simple et pratique avec le Collecteur ch\u00e8vres brebis groupe de traite. Fabriqu\u00e9 en mat\u00e9riau de haute qualit\u00e9 et durable !","robots":{"index":"index","follow":"follow","max-snippet":"max-snippet:-1","max-image-preview":"max-image-preview:large","max-video-preview":"max-video-preview:-1"},"canonical":"https:\/\/fdasrl.it\/fr\/prodotto\/collecteur-chevres-brebis\/","og_locale":"fr_FR","og_type":"article","og_title":"Collecteur ch\u00e8vres brebis","og_description":"R\u00e9coltez le lait de mani\u00e8re simple et pratique avec le Collecteur ch\u00e8vres brebis groupe de traite. Fabriqu\u00e9 en mat\u00e9riau de haute qualit\u00e9 et durable !","og_url":"https:\/\/fdasrl.it\/fr\/prodotto\/collecteur-chevres-brebis\/","og_site_name":"FDA srl","article_publisher":"https:\/\/www.facebook.com\/share\/1MWhFWg1Tp\/?mibextid=LQQJ4d","og_image":[{"width":1001,"height":900,"url":"https:\/\/fdasrl.it\/wp-content\/uploads\/2025\/01\/Collettore-capre-pecore-mungitura-FDA.png","type":"image\/png"}],"twitter_card":"summary_large_image","twitter_misc":{"Prix":"","Disponibilit\u00e9":"En stock"},"schema":{"@context":"https:\/\/schema.org","@graph":[{"@type":"WebPage","@id":"https:\/\/fdasrl.it\/fr\/prodotto\/collecteur-chevres-brebis\/","url":"https:\/\/fdasrl.it\/fr\/prodotto\/collecteur-chevres-brebis\/","name":"Collecteur Ch\u00e8vres Brebis Groupe de Traite - Haute Qualit\u00e9 - FDA srl","isPartOf":{"@id":"https:\/\/fdasrl.it\/fr\/#website"},"primaryImageOfPage":{"@id":"https:\/\/fdasrl.it\/fr\/prodotto\/collecteur-chevres-brebis\/#primaryimage"},"image":{"@id":"https:\/\/fdasrl.it\/fr\/prodotto\/collecteur-chevres-brebis\/#primaryimage"},"thumbnailUrl":"https:\/\/fdasrl.it\/wp-content\/uploads\/2025\/01\/Collettore-capre-pecore-mungitura-FDA.png","datePublished":"2025-01-21T12:28:10+00:00","description":"R\u00e9coltez le lait de mani\u00e8re simple et pratique avec le Collecteur ch\u00e8vres brebis groupe de traite. Fabriqu\u00e9 en mat\u00e9riau de haute qualit\u00e9 et durable !","breadcrumb":{"@id":"https:\/\/fdasrl.it\/fr\/prodotto\/collecteur-chevres-brebis\/#breadcrumb"},"inLanguage":"fr-FR","potentialAction":[{"@type":"ReadAction","target":["https:\/\/fdasrl.it\/fr\/prodotto\/collecteur-chevres-brebis\/"]}]},{"@type":"ImageObject","inLanguage":"fr-FR","@id":"https:\/\/fdasrl.it\/fr\/prodotto\/collecteur-chevres-brebis\/#primaryimage","url":"https:\/\/fdasrl.it\/wp-content\/uploads\/2025\/01\/Collettore-capre-pecore-mungitura-FDA.png","contentUrl":"https:\/\/fdasrl.it\/wp-content\/uploads\/2025\/01\/Collettore-capre-pecore-mungitura-FDA.png","width":1001,"height":900,"caption":"Collecteur-chevres-brebis-traite-13300-FDA"},{"@type":"BreadcrumbList","@id":"https:\/\/fdasrl.it\/fr\/prodotto\/collecteur-chevres-brebis\/#breadcrumb","itemListElement":[{"@type":"ListItem","position":1,"name":"Home","item":"https:\/\/fdasrl.it\/fr\/accueil\/"},{"@type":"ListItem","position":2,"name":"Boutique","item":"https:\/\/fdasrl.it\/fr\/boutique\/"},{"@type":"ListItem","position":3,"name":"Collecteur ch\u00e8vres brebis"}]},{"@type":"WebSite","@id":"https:\/\/fdasrl.it\/fr\/#website","url":"https:\/\/fdasrl.it\/fr\/","name":"FDA srl","description":"Equipment for animal husbandry","publisher":{"@id":"https:\/\/fdasrl.it\/fr\/#organization"},"potentialAction":[{"@type":"SearchAction","target":{"@type":"EntryPoint","urlTemplate":"https:\/\/fdasrl.it\/fr\/?s={search_term_string}"},"query-input":{"@type":"PropertyValueSpecification","valueRequired":true,"valueName":"search_term_string"}}],"inLanguage":"fr-FR"},{"@type":"Organization","@id":"https:\/\/fdasrl.it\/fr\/#organization","name":"FDA srl","url":"https:\/\/fdasrl.it\/fr\/","logo":{"@type":"ImageObject","inLanguage":"fr-FR","@id":"https:\/\/fdasrl.it\/fr\/#\/schema\/logo\/image\/","url":"https:\/\/fdasrl.it\/wp-content\/uploads\/2024\/12\/Logo-FDA.png","contentUrl":"https:\/\/fdasrl.it\/wp-content\/uploads\/2024\/12\/Logo-FDA.png","width":316,"height":119,"caption":"FDA srl"},"image":{"@id":"https:\/\/fdasrl.it\/fr\/#\/schema\/logo\/image\/"},"sameAs":["https:\/\/www.facebook.com\/share\/1MWhFWg1Tp\/?mibextid=LQQJ4d","https:\/\/www.instagram.com\/fda_srl\/profilecard\/?igsh=YW5lbzJ6MWg0d21u","https:\/\/www.youtube.com\/@FDASRL_ANIMALCARE"],"description":"FDA SRL \u2013 Equipment for animal husbandry nasce con l\u2019obiettivo di offrire soluzioni affidabili e innovative per l\u2019allevamento moderno. Con anni di esperienza nel settore zootecnico, progettiamo e realizziamo attrezzature destinate al benessere animale e alla gestione efficiente delle stalle: vasche, abbeveratoi, mangiatoie e sistemi di riscaldamento pensati per durare nel tempo e semplificare il lavoro quotidiano degli allevatori. Dalla progettazione alla produzione, ogni nostro prodotto \u00e8 studiato nei minimi dettagli, testato con cura e costruito per rispondere alle esigenze reali del settore. La nostra forza \u00e8 unire artigianalit\u00e0, tecnologia e competenza tecnica per trasformare ogni progetto in una soluzione concreta e funzionale. Oggi FDA SRL \u00e8 un punto di riferimento per privati e rivenditori che cercano qualit\u00e0, affidabilit\u00e0 e innovazione nelle attrezzature per l\u2019allevamento.","email":"info@fdasrl.it","telephone":"+390522826820","legalName":"F.D.A. SRL","foundingDate":"2024-10-13","vatID":"03075840359","taxID":"03075840359","numberOfEmployees":{"@type":"QuantitativeValue","minValue":"1","maxValue":"10"}}]},"product_price_currency":"EUR","og_availability":"instock","product_availability":"instock","product_retailer_item_id":"13300","product_condition":"new"},"_links":{"self":[{"href":"https:\/\/fdasrl.it\/fr\/wp-json\/wp\/v2\/product\/3323","targetHints":{"allow":["GET"]}}],"collection":[{"href":"https:\/\/fdasrl.it\/fr\/wp-json\/wp\/v2\/product"}],"about":[{"href":"https:\/\/fdasrl.it\/fr\/wp-json\/wp\/v2\/types\/product"}],"replies":[{"embeddable":true,"href":"https:\/\/fdasrl.it\/fr\/wp-json\/wp\/v2\/comments?post=3323"}],"wp:featuredmedia":[{"embeddable":true,"href":"https:\/\/fdasrl.it\/fr\/wp-json\/wp\/v2\/media\/630"}],"wp:attachment":[{"href":"https:\/\/fdasrl.it\/fr\/wp-json\/wp\/v2\/media?parent=3323"}],"wp:term":[{"taxonomy":"product_brand","embeddable":true,"href":"https:\/\/fdasrl.it\/fr\/wp-json\/wp\/v2\/product_brand?post=3323"},{"taxonomy":"product_cat","embeddable":true,"href":"https:\/\/fdasrl.it\/fr\/wp-json\/wp\/v2\/product_cat?post=3323"},{"taxonomy":"product_tag","embeddable":true,"href":"https:\/\/fdasrl.it\/fr\/wp-json\/wp\/v2\/product_tag?post=3323"}],"curies":[{"name":"wp","href":"https:\/\/api.w.org\/{rel}","templated":true}]}}