{"id":3445,"date":"2025-01-21T12:02:15","date_gmt":"2025-01-21T11:02:15","guid":{"rendered":"https:\/\/fdasrl.it\/prodotto\/mangeoire-dangle-avec-rebord-anti-gaspillage-pour-ecurie\/"},"modified":"2025-01-21T12:02:15","modified_gmt":"2025-01-21T11:02:15","slug":"mangeoire-dangle-avec-rebord-anti-gaspillage-pour-ecurie","status":"publish","type":"product","link":"https:\/\/fdasrl.it\/fr\/prodotto\/mangeoire-dangle-avec-rebord-anti-gaspillage-pour-ecurie\/","title":{"rendered":"Mangeoire d&rsquo;angle avec rebord anti-gaspillage pour \u00e9curie"},"content":{"rendered":"<p>Mangeoire d&rsquo;angle avec rebord anti-gaspillage en m\u00e9tal galvanis\u00e9, id\u00e9ale pour \u00e9curie. Dispose d&rsquo;un bouchon au fond pour le nettoyage. Couleur verte.  <\/p>\n<p>La mangeoire d&rsquo;angle pour \u00e9curie FA-MA4 est tr\u00e8s pratique et r\u00e9sistante.<\/p>\n<p>Caract\u00e9ristiques :<\/p>\n<p>-fabriqu\u00e9e en poly\u00e9thyl\u00e8ne anti-rayures<\/p>\n<p>-capacit\u00e9 <strong>24<\/strong> L<\/p>\n<p>-rebord anti-gaspillage en m\u00e9tal lourd galvanis\u00e9<\/p>\n<p>-bouchon au fond pour le nettoyage.<\/p>\n<p>-Produit de qualit\u00e9 sup\u00e9rieure<\/p>\n<p><strong>DIMENSIONS<\/strong> : largeur 44 cm, longueur 59 cm et hauteur 30 cm<\/p>\n","protected":false},"excerpt":{"rendered":"<p>Mangeoire d&rsquo;angle avec rebord anti-gaspillage en m\u00e9tal galvanis\u00e9, id\u00e9ale pour \u00e9curie. Dispose d&rsquo;un bouchon au fond pour le nettoyage. Couleur verte. La mangeoire d&rsquo;angle pour \u00e9curie FA-MA4 est tr\u00e8s pratique et r\u00e9sistante. Caract\u00e9ristiques : -fabriqu\u00e9e en poly\u00e9thyl\u00e8ne anti-rayures -capacit\u00e9 24 L -rebord anti-gaspillage en m\u00e9tal lourd galvanis\u00e9 -bouchon au fond pour le nettoyage. -Produit de [&hellip;]<\/p>\n","protected":false},"featured_media":640,"comment_status":"open","ping_status":"closed","template":"","meta":{"_et_pb_use_builder":"","_et_pb_old_content":"","_et_gb_content_width":""},"product_brand":[],"product_cat":[611,751],"product_tag":[859],"class_list":{"0":"post-3445","1":"product","2":"type-product","3":"status-publish","4":"has-post-thumbnail","6":"product_cat-chevaux","7":"product_cat-mangeoires","8":"product_tag-fa-ma4","10":"first","11":"instock","12":"shipping-taxable","13":"product-type-simple"},"yoast_head":"<!-- This site is optimized with the Yoast SEO Premium plugin v27.5 (Yoast SEO v27.5) - https:\/\/yoast.com\/product\/yoast-seo-premium-wordpress\/ -->\n<title>Mangeoire d&#039;angle avec rebord anti-gaspillage pour \u00e9curie - FDA srl<\/title>\n<meta name=\"description\" content=\"Mangeoire d&#039;angle avec rebord anti-gaspillage en m\u00e9tal galvanis\u00e9, id\u00e9ale pour \u00e9curie. Dispose d&#039;un bouchon au fond pour le nettoyage. Couleur verte. La\" \/>\n<meta name=\"robots\" content=\"index, follow, max-snippet:-1, max-image-preview:large, max-video-preview:-1\" \/>\n<link rel=\"canonical\" href=\"https:\/\/fdasrl.it\/fr\/prodotto\/mangeoire-dangle-avec-rebord-anti-gaspillage-pour-ecurie\/\" \/>\n<meta property=\"og:locale\" content=\"fr_FR\" \/>\n<meta property=\"og:type\" content=\"article\" \/>\n<meta property=\"og:title\" content=\"Mangeoire d&#039;angle avec rebord anti-gaspillage pour \u00e9curie\" \/>\n<meta property=\"og:description\" content=\"Mangeoire d&#039;angle avec rebord anti-gaspillage en m\u00e9tal galvanis\u00e9, id\u00e9ale pour \u00e9curie. Dispose d&#039;un bouchon au fond pour le nettoyage. Couleur verte. La\" \/>\n<meta property=\"og:url\" content=\"https:\/\/fdasrl.it\/fr\/prodotto\/mangeoire-dangle-avec-rebord-anti-gaspillage-pour-ecurie\/\" \/>\n<meta property=\"og:site_name\" content=\"FDA srl\" \/>\n<meta property=\"article:publisher\" content=\"https:\/\/www.facebook.com\/share\/1MWhFWg1Tp\/?mibextid=LQQJ4d\" \/>\n<meta property=\"og:image\" content=\"https:\/\/fdasrl.it\/wp-content\/uploads\/2025\/01\/mangiatoia-angolare-bordo-metallo-pesante-zincato-fa-ma4.png\" \/>\n\t<meta property=\"og:image:width\" content=\"1400\" \/>\n\t<meta property=\"og:image:height\" content=\"1400\" \/>\n\t<meta property=\"og:image:type\" content=\"image\/png\" \/>\n<meta name=\"twitter:card\" content=\"summary_large_image\" \/>\n<meta name=\"twitter:label1\" content=\"Prix\" \/>\n\t<meta name=\"twitter:data1\" content=\"\" \/>\n\t<meta name=\"twitter:label2\" content=\"Disponibilit\u00e9\" \/>\n\t<meta name=\"twitter:data2\" content=\"En stock\" \/>\n<meta property=\"product:price:currency\" content=\"EUR\" \/>\n<meta property=\"og:availability\" content=\"instock\" \/>\n<meta property=\"product:availability\" content=\"instock\" \/>\n<meta property=\"product:retailer_item_id\" content=\"FA-MA4\" \/>\n<meta property=\"product:condition\" content=\"new\" \/>\n<!-- \/ Yoast SEO Premium plugin. -->","yoast_head_json":{"title":"Mangeoire d'angle avec rebord anti-gaspillage pour \u00e9curie - FDA srl","description":"Mangeoire d'angle avec rebord anti-gaspillage en m\u00e9tal galvanis\u00e9, id\u00e9ale pour \u00e9curie. Dispose d'un bouchon au fond pour le nettoyage. Couleur verte. La","robots":{"index":"index","follow":"follow","max-snippet":"max-snippet:-1","max-image-preview":"max-image-preview:large","max-video-preview":"max-video-preview:-1"},"canonical":"https:\/\/fdasrl.it\/fr\/prodotto\/mangeoire-dangle-avec-rebord-anti-gaspillage-pour-ecurie\/","og_locale":"fr_FR","og_type":"article","og_title":"Mangeoire d'angle avec rebord anti-gaspillage pour \u00e9curie","og_description":"Mangeoire d'angle avec rebord anti-gaspillage en m\u00e9tal galvanis\u00e9, id\u00e9ale pour \u00e9curie. Dispose d'un bouchon au fond pour le nettoyage. Couleur verte. La","og_url":"https:\/\/fdasrl.it\/fr\/prodotto\/mangeoire-dangle-avec-rebord-anti-gaspillage-pour-ecurie\/","og_site_name":"FDA srl","article_publisher":"https:\/\/www.facebook.com\/share\/1MWhFWg1Tp\/?mibextid=LQQJ4d","og_image":[{"width":1400,"height":1400,"url":"https:\/\/fdasrl.it\/wp-content\/uploads\/2025\/01\/mangiatoia-angolare-bordo-metallo-pesante-zincato-fa-ma4.png","type":"image\/png"}],"twitter_card":"summary_large_image","twitter_misc":{"Prix":"","Disponibilit\u00e9":"En stock"},"schema":{"@context":"https:\/\/schema.org","@graph":[{"@type":"WebPage","@id":"https:\/\/fdasrl.it\/fr\/prodotto\/mangeoire-dangle-avec-rebord-anti-gaspillage-pour-ecurie\/","url":"https:\/\/fdasrl.it\/fr\/prodotto\/mangeoire-dangle-avec-rebord-anti-gaspillage-pour-ecurie\/","name":"Mangeoire d'angle avec rebord anti-gaspillage pour \u00e9curie - FDA srl","isPartOf":{"@id":"https:\/\/fdasrl.it\/fr\/#website"},"primaryImageOfPage":{"@id":"https:\/\/fdasrl.it\/fr\/prodotto\/mangeoire-dangle-avec-rebord-anti-gaspillage-pour-ecurie\/#primaryimage"},"image":{"@id":"https:\/\/fdasrl.it\/fr\/prodotto\/mangeoire-dangle-avec-rebord-anti-gaspillage-pour-ecurie\/#primaryimage"},"thumbnailUrl":"https:\/\/fdasrl.it\/wp-content\/uploads\/2025\/01\/mangiatoia-angolare-bordo-metallo-pesante-zincato-fa-ma4.png","datePublished":"2025-01-21T11:02:15+00:00","description":"Mangeoire d'angle avec rebord anti-gaspillage en m\u00e9tal galvanis\u00e9, id\u00e9ale pour \u00e9curie. Dispose d'un bouchon au fond pour le nettoyage. Couleur verte. La","breadcrumb":{"@id":"https:\/\/fdasrl.it\/fr\/prodotto\/mangeoire-dangle-avec-rebord-anti-gaspillage-pour-ecurie\/#breadcrumb"},"inLanguage":"fr-FR","potentialAction":[{"@type":"ReadAction","target":["https:\/\/fdasrl.it\/fr\/prodotto\/mangeoire-dangle-avec-rebord-anti-gaspillage-pour-ecurie\/"]}]},{"@type":"ImageObject","inLanguage":"fr-FR","@id":"https:\/\/fdasrl.it\/fr\/prodotto\/mangeoire-dangle-avec-rebord-anti-gaspillage-pour-ecurie\/#primaryimage","url":"https:\/\/fdasrl.it\/wp-content\/uploads\/2025\/01\/mangiatoia-angolare-bordo-metallo-pesante-zincato-fa-ma4.png","contentUrl":"https:\/\/fdasrl.it\/wp-content\/uploads\/2025\/01\/mangiatoia-angolare-bordo-metallo-pesante-zincato-fa-ma4.png","width":1400,"height":1400,"caption":"mangeoire-angle-rebord-metal-lourd-galvanise-fa-ma4"},{"@type":"BreadcrumbList","@id":"https:\/\/fdasrl.it\/fr\/prodotto\/mangeoire-dangle-avec-rebord-anti-gaspillage-pour-ecurie\/#breadcrumb","itemListElement":[{"@type":"ListItem","position":1,"name":"Home","item":"https:\/\/fdasrl.it\/fr\/accueil\/"},{"@type":"ListItem","position":2,"name":"Boutique","item":"https:\/\/fdasrl.it\/fr\/boutique\/"},{"@type":"ListItem","position":3,"name":"Mangeoire d&#8217;angle avec rebord anti-gaspillage pour \u00e9curie"}]},{"@type":"WebSite","@id":"https:\/\/fdasrl.it\/fr\/#website","url":"https:\/\/fdasrl.it\/fr\/","name":"FDA srl","description":"Equipment for animal husbandry","publisher":{"@id":"https:\/\/fdasrl.it\/fr\/#organization"},"potentialAction":[{"@type":"SearchAction","target":{"@type":"EntryPoint","urlTemplate":"https:\/\/fdasrl.it\/fr\/?s={search_term_string}"},"query-input":{"@type":"PropertyValueSpecification","valueRequired":true,"valueName":"search_term_string"}}],"inLanguage":"fr-FR"},{"@type":"Organization","@id":"https:\/\/fdasrl.it\/fr\/#organization","name":"FDA srl","url":"https:\/\/fdasrl.it\/fr\/","logo":{"@type":"ImageObject","inLanguage":"fr-FR","@id":"https:\/\/fdasrl.it\/fr\/#\/schema\/logo\/image\/","url":"https:\/\/fdasrl.it\/wp-content\/uploads\/2024\/12\/Logo-FDA.png","contentUrl":"https:\/\/fdasrl.it\/wp-content\/uploads\/2024\/12\/Logo-FDA.png","width":316,"height":119,"caption":"FDA srl"},"image":{"@id":"https:\/\/fdasrl.it\/fr\/#\/schema\/logo\/image\/"},"sameAs":["https:\/\/www.facebook.com\/share\/1MWhFWg1Tp\/?mibextid=LQQJ4d","https:\/\/www.instagram.com\/fda_srl\/profilecard\/?igsh=YW5lbzJ6MWg0d21u","https:\/\/www.youtube.com\/@FDASRL_ANIMALCARE"],"description":"FDA SRL \u2013 Equipment for animal husbandry nasce con l\u2019obiettivo di offrire soluzioni affidabili e innovative per l\u2019allevamento moderno. Con anni di esperienza nel settore zootecnico, progettiamo e realizziamo attrezzature destinate al benessere animale e alla gestione efficiente delle stalle: vasche, abbeveratoi, mangiatoie e sistemi di riscaldamento pensati per durare nel tempo e semplificare il lavoro quotidiano degli allevatori. Dalla progettazione alla produzione, ogni nostro prodotto \u00e8 studiato nei minimi dettagli, testato con cura e costruito per rispondere alle esigenze reali del settore. La nostra forza \u00e8 unire artigianalit\u00e0, tecnologia e competenza tecnica per trasformare ogni progetto in una soluzione concreta e funzionale. Oggi FDA SRL \u00e8 un punto di riferimento per privati e rivenditori che cercano qualit\u00e0, affidabilit\u00e0 e innovazione nelle attrezzature per l\u2019allevamento.","email":"info@fdasrl.it","telephone":"+390522826820","legalName":"F.D.A. SRL","foundingDate":"2024-10-13","vatID":"03075840359","taxID":"03075840359","numberOfEmployees":{"@type":"QuantitativeValue","minValue":"1","maxValue":"10"}}]},"product_price_currency":"EUR","og_availability":"instock","product_availability":"instock","product_retailer_item_id":"FA-MA4","product_condition":"new"},"_links":{"self":[{"href":"https:\/\/fdasrl.it\/fr\/wp-json\/wp\/v2\/product\/3445","targetHints":{"allow":["GET"]}}],"collection":[{"href":"https:\/\/fdasrl.it\/fr\/wp-json\/wp\/v2\/product"}],"about":[{"href":"https:\/\/fdasrl.it\/fr\/wp-json\/wp\/v2\/types\/product"}],"replies":[{"embeddable":true,"href":"https:\/\/fdasrl.it\/fr\/wp-json\/wp\/v2\/comments?post=3445"}],"wp:featuredmedia":[{"embeddable":true,"href":"https:\/\/fdasrl.it\/fr\/wp-json\/wp\/v2\/media\/640"}],"wp:attachment":[{"href":"https:\/\/fdasrl.it\/fr\/wp-json\/wp\/v2\/media?parent=3445"}],"wp:term":[{"taxonomy":"product_brand","embeddable":true,"href":"https:\/\/fdasrl.it\/fr\/wp-json\/wp\/v2\/product_brand?post=3445"},{"taxonomy":"product_cat","embeddable":true,"href":"https:\/\/fdasrl.it\/fr\/wp-json\/wp\/v2\/product_cat?post=3445"},{"taxonomy":"product_tag","embeddable":true,"href":"https:\/\/fdasrl.it\/fr\/wp-json\/wp\/v2\/product_tag?post=3445"}],"curies":[{"name":"wp","href":"https:\/\/api.w.org\/{rel}","templated":true}]}}