{"id":3484,"date":"2025-01-21T11:52:45","date_gmt":"2025-01-21T10:52:45","guid":{"rendered":"https:\/\/fdasrl.it\/prodotto\/mangeoire-portative-pour-etable-et-ecurie\/"},"modified":"2025-01-21T11:52:45","modified_gmt":"2025-01-21T10:52:45","slug":"mangeoire-portative-pour-etable-et-ecurie","status":"publish","type":"product","link":"https:\/\/fdasrl.it\/fr\/prodotto\/mangeoire-portative-pour-etable-et-ecurie\/","title":{"rendered":"MANGEOIRE PORTATIVE POUR \u00c9TABLE ET \u00c9CURIE"},"content":{"rendered":"<p>Mangeoire portative pour \u00e9table et \u00e9curie FA-MA1 :<\/p>\n<div align=\"justify\">&#8211; Fabriqu\u00e9e en poly\u00e9thyl\u00e8ne anti-rayures<\/div>\n<div align=\"justify\">&#8211; Capacit\u00e9 12 ou 16 litres<\/div>\n<div align=\"justify\">&#8211; Avec crochets m\u00e9talliques plastifi\u00e9s<\/div>\n<div align=\"justify\">&#8211; Supports arri\u00e8re pour fixation<\/div>\n<div align=\"justify\">&#8211; Diff\u00e9rents coloris<\/div>\n<div align=\"justify\"><\/div>\n","protected":false},"excerpt":{"rendered":"<p>Mangeoire portative pour \u00e9table et \u00e9curie FA-MA1 : &#8211; Fabriqu\u00e9e en poly\u00e9thyl\u00e8ne anti-rayures &#8211; Capacit\u00e9 12 ou 16 litres &#8211; Avec crochets m\u00e9talliques plastifi\u00e9s &#8211; Supports arri\u00e8re pour fixation &#8211; Diff\u00e9rents coloris<\/p>\n","protected":false},"featured_media":648,"comment_status":"open","ping_status":"closed","template":"","meta":{"_et_pb_use_builder":"","_et_pb_old_content":"","_et_gb_content_width":""},"product_brand":[],"product_cat":[611,751],"product_tag":[868],"class_list":{"0":"post-3484","1":"product","2":"type-product","3":"status-publish","4":"has-post-thumbnail","6":"product_cat-chevaux","7":"product_cat-mangeoires","8":"product_tag-fa-ma1","10":"first","11":"instock","12":"shipping-taxable","13":"product-type-simple"},"yoast_head":"<!-- This site is optimized with the Yoast SEO Premium plugin v27.5 (Yoast SEO v27.5) - https:\/\/yoast.com\/product\/yoast-seo-premium-wordpress\/ -->\n<title>MANGEOIRE PORTATIVE POUR \u00c9TABLE ET \u00c9CURIE - FDA srl<\/title>\n<meta name=\"description\" content=\"Mangeoire portative pour \u00e9table et \u00e9curie FA-MA1 : - Fabriqu\u00e9e en poly\u00e9thyl\u00e8ne anti-rayures - Capacit\u00e9 12 ou 16 litres - Avec crochets m\u00e9talliques\" \/>\n<meta name=\"robots\" content=\"index, follow, max-snippet:-1, max-image-preview:large, max-video-preview:-1\" \/>\n<link rel=\"canonical\" href=\"https:\/\/fdasrl.it\/fr\/prodotto\/mangeoire-portative-pour-etable-et-ecurie\/\" \/>\n<meta property=\"og:locale\" content=\"fr_FR\" \/>\n<meta property=\"og:type\" content=\"article\" \/>\n<meta property=\"og:title\" content=\"MANGEOIRE PORTATIVE POUR \u00c9TABLE ET \u00c9CURIE\" \/>\n<meta property=\"og:description\" content=\"Mangeoire portative pour \u00e9table et \u00e9curie FA-MA1 : - Fabriqu\u00e9e en poly\u00e9thyl\u00e8ne anti-rayures - Capacit\u00e9 12 ou 16 litres - Avec crochets m\u00e9talliques\" \/>\n<meta property=\"og:url\" content=\"https:\/\/fdasrl.it\/fr\/prodotto\/mangeoire-portative-pour-etable-et-ecurie\/\" \/>\n<meta property=\"og:site_name\" content=\"FDA srl\" \/>\n<meta property=\"article:publisher\" content=\"https:\/\/www.facebook.com\/share\/1MWhFWg1Tp\/?mibextid=LQQJ4d\" \/>\n<meta property=\"og:image\" content=\"https:\/\/fdasrl.it\/wp-content\/uploads\/2025\/01\/mangiatoia-portatile-per-stalla-scuderia-FA-MA1.jpg\" \/>\n\t<meta property=\"og:image:width\" content=\"1222\" \/>\n\t<meta property=\"og:image:height\" content=\"1000\" \/>\n\t<meta property=\"og:image:type\" content=\"image\/jpeg\" \/>\n<meta name=\"twitter:card\" content=\"summary_large_image\" \/>\n<meta name=\"twitter:label1\" content=\"Prix\" \/>\n\t<meta name=\"twitter:data1\" content=\"\" \/>\n\t<meta name=\"twitter:label2\" content=\"Disponibilit\u00e9\" \/>\n\t<meta name=\"twitter:data2\" content=\"En stock\" \/>\n<meta property=\"product:price:currency\" content=\"EUR\" \/>\n<meta property=\"og:availability\" content=\"instock\" \/>\n<meta property=\"product:availability\" content=\"instock\" \/>\n<meta property=\"product:condition\" content=\"new\" \/>\n<!-- \/ Yoast SEO Premium plugin. -->","yoast_head_json":{"title":"MANGEOIRE PORTATIVE POUR \u00c9TABLE ET \u00c9CURIE - FDA srl","description":"Mangeoire portative pour \u00e9table et \u00e9curie FA-MA1 : - Fabriqu\u00e9e en poly\u00e9thyl\u00e8ne anti-rayures - Capacit\u00e9 12 ou 16 litres - Avec crochets m\u00e9talliques","robots":{"index":"index","follow":"follow","max-snippet":"max-snippet:-1","max-image-preview":"max-image-preview:large","max-video-preview":"max-video-preview:-1"},"canonical":"https:\/\/fdasrl.it\/fr\/prodotto\/mangeoire-portative-pour-etable-et-ecurie\/","og_locale":"fr_FR","og_type":"article","og_title":"MANGEOIRE PORTATIVE POUR \u00c9TABLE ET \u00c9CURIE","og_description":"Mangeoire portative pour \u00e9table et \u00e9curie FA-MA1 : - Fabriqu\u00e9e en poly\u00e9thyl\u00e8ne anti-rayures - Capacit\u00e9 12 ou 16 litres - Avec crochets m\u00e9talliques","og_url":"https:\/\/fdasrl.it\/fr\/prodotto\/mangeoire-portative-pour-etable-et-ecurie\/","og_site_name":"FDA srl","article_publisher":"https:\/\/www.facebook.com\/share\/1MWhFWg1Tp\/?mibextid=LQQJ4d","og_image":[{"width":1222,"height":1000,"url":"https:\/\/fdasrl.it\/wp-content\/uploads\/2025\/01\/mangiatoia-portatile-per-stalla-scuderia-FA-MA1.jpg","type":"image\/jpeg"}],"twitter_card":"summary_large_image","twitter_misc":{"Prix":"","Disponibilit\u00e9":"En stock"},"schema":{"@context":"https:\/\/schema.org","@graph":[{"@type":"WebPage","@id":"https:\/\/fdasrl.it\/fr\/prodotto\/mangeoire-portative-pour-etable-et-ecurie\/","url":"https:\/\/fdasrl.it\/fr\/prodotto\/mangeoire-portative-pour-etable-et-ecurie\/","name":"MANGEOIRE PORTATIVE POUR \u00c9TABLE ET \u00c9CURIE - FDA srl","isPartOf":{"@id":"https:\/\/fdasrl.it\/fr\/#website"},"primaryImageOfPage":{"@id":"https:\/\/fdasrl.it\/fr\/prodotto\/mangeoire-portative-pour-etable-et-ecurie\/#primaryimage"},"image":{"@id":"https:\/\/fdasrl.it\/fr\/prodotto\/mangeoire-portative-pour-etable-et-ecurie\/#primaryimage"},"thumbnailUrl":"https:\/\/fdasrl.it\/wp-content\/uploads\/2025\/01\/mangiatoia-portatile-per-stalla-scuderia-FA-MA1.jpg","datePublished":"2025-01-21T10:52:45+00:00","description":"Mangeoire portative pour \u00e9table et \u00e9curie FA-MA1 : - Fabriqu\u00e9e en poly\u00e9thyl\u00e8ne anti-rayures - Capacit\u00e9 12 ou 16 litres - Avec crochets m\u00e9talliques","breadcrumb":{"@id":"https:\/\/fdasrl.it\/fr\/prodotto\/mangeoire-portative-pour-etable-et-ecurie\/#breadcrumb"},"inLanguage":"fr-FR","potentialAction":[{"@type":"ReadAction","target":["https:\/\/fdasrl.it\/fr\/prodotto\/mangeoire-portative-pour-etable-et-ecurie\/"]}]},{"@type":"ImageObject","inLanguage":"fr-FR","@id":"https:\/\/fdasrl.it\/fr\/prodotto\/mangeoire-portative-pour-etable-et-ecurie\/#primaryimage","url":"https:\/\/fdasrl.it\/wp-content\/uploads\/2025\/01\/mangiatoia-portatile-per-stalla-scuderia-FA-MA1.jpg","contentUrl":"https:\/\/fdasrl.it\/wp-content\/uploads\/2025\/01\/mangiatoia-portatile-per-stalla-scuderia-FA-MA1.jpg","width":1222,"height":1000},{"@type":"BreadcrumbList","@id":"https:\/\/fdasrl.it\/fr\/prodotto\/mangeoire-portative-pour-etable-et-ecurie\/#breadcrumb","itemListElement":[{"@type":"ListItem","position":1,"name":"Home","item":"https:\/\/fdasrl.it\/fr\/accueil\/"},{"@type":"ListItem","position":2,"name":"Boutique","item":"https:\/\/fdasrl.it\/fr\/boutique\/"},{"@type":"ListItem","position":3,"name":"MANGEOIRE PORTATIVE POUR \u00c9TABLE ET \u00c9CURIE"}]},{"@type":"WebSite","@id":"https:\/\/fdasrl.it\/fr\/#website","url":"https:\/\/fdasrl.it\/fr\/","name":"FDA srl","description":"Equipment for animal husbandry","publisher":{"@id":"https:\/\/fdasrl.it\/fr\/#organization"},"potentialAction":[{"@type":"SearchAction","target":{"@type":"EntryPoint","urlTemplate":"https:\/\/fdasrl.it\/fr\/?s={search_term_string}"},"query-input":{"@type":"PropertyValueSpecification","valueRequired":true,"valueName":"search_term_string"}}],"inLanguage":"fr-FR"},{"@type":"Organization","@id":"https:\/\/fdasrl.it\/fr\/#organization","name":"FDA srl","url":"https:\/\/fdasrl.it\/fr\/","logo":{"@type":"ImageObject","inLanguage":"fr-FR","@id":"https:\/\/fdasrl.it\/fr\/#\/schema\/logo\/image\/","url":"https:\/\/fdasrl.it\/wp-content\/uploads\/2024\/12\/Logo-FDA.png","contentUrl":"https:\/\/fdasrl.it\/wp-content\/uploads\/2024\/12\/Logo-FDA.png","width":316,"height":119,"caption":"FDA srl"},"image":{"@id":"https:\/\/fdasrl.it\/fr\/#\/schema\/logo\/image\/"},"sameAs":["https:\/\/www.facebook.com\/share\/1MWhFWg1Tp\/?mibextid=LQQJ4d","https:\/\/www.instagram.com\/fda_srl\/profilecard\/?igsh=YW5lbzJ6MWg0d21u","https:\/\/www.youtube.com\/@FDASRL_ANIMALCARE"],"description":"FDA SRL \u2013 Equipment for animal husbandry nasce con l\u2019obiettivo di offrire soluzioni affidabili e innovative per l\u2019allevamento moderno. Con anni di esperienza nel settore zootecnico, progettiamo e realizziamo attrezzature destinate al benessere animale e alla gestione efficiente delle stalle: vasche, abbeveratoi, mangiatoie e sistemi di riscaldamento pensati per durare nel tempo e semplificare il lavoro quotidiano degli allevatori. Dalla progettazione alla produzione, ogni nostro prodotto \u00e8 studiato nei minimi dettagli, testato con cura e costruito per rispondere alle esigenze reali del settore. La nostra forza \u00e8 unire artigianalit\u00e0, tecnologia e competenza tecnica per trasformare ogni progetto in una soluzione concreta e funzionale. Oggi FDA SRL \u00e8 un punto di riferimento per privati e rivenditori che cercano qualit\u00e0, affidabilit\u00e0 e innovazione nelle attrezzature per l\u2019allevamento.","email":"info@fdasrl.it","telephone":"+390522826820","legalName":"F.D.A. SRL","foundingDate":"2024-10-13","vatID":"03075840359","taxID":"03075840359","numberOfEmployees":{"@type":"QuantitativeValue","minValue":"1","maxValue":"10"}}]},"product_price_currency":"EUR","og_availability":"instock","product_availability":"instock","product_condition":"new"},"_links":{"self":[{"href":"https:\/\/fdasrl.it\/fr\/wp-json\/wp\/v2\/product\/3484","targetHints":{"allow":["GET"]}}],"collection":[{"href":"https:\/\/fdasrl.it\/fr\/wp-json\/wp\/v2\/product"}],"about":[{"href":"https:\/\/fdasrl.it\/fr\/wp-json\/wp\/v2\/types\/product"}],"replies":[{"embeddable":true,"href":"https:\/\/fdasrl.it\/fr\/wp-json\/wp\/v2\/comments?post=3484"}],"wp:featuredmedia":[{"embeddable":true,"href":"https:\/\/fdasrl.it\/fr\/wp-json\/wp\/v2\/media\/648"}],"wp:attachment":[{"href":"https:\/\/fdasrl.it\/fr\/wp-json\/wp\/v2\/media?parent=3484"}],"wp:term":[{"taxonomy":"product_brand","embeddable":true,"href":"https:\/\/fdasrl.it\/fr\/wp-json\/wp\/v2\/product_brand?post=3484"},{"taxonomy":"product_cat","embeddable":true,"href":"https:\/\/fdasrl.it\/fr\/wp-json\/wp\/v2\/product_cat?post=3484"},{"taxonomy":"product_tag","embeddable":true,"href":"https:\/\/fdasrl.it\/fr\/wp-json\/wp\/v2\/product_tag?post=3484"}],"curies":[{"name":"wp","href":"https:\/\/api.w.org\/{rel}","templated":true}]}}