{"id":3568,"date":"2025-01-21T10:47:40","date_gmt":"2025-01-21T09:47:40","guid":{"rendered":"https:\/\/fdasrl.it\/prodotto\/abreuvoir-automatique-a-bac-inox-pour-ecuries-et-etables\/"},"modified":"2025-01-21T10:47:40","modified_gmt":"2025-01-21T09:47:40","slug":"abreuvoir-automatique-a-bac-inox-pour-ecuries-et-etables","status":"publish","type":"product","link":"https:\/\/fdasrl.it\/fr\/prodotto\/abreuvoir-automatique-a-bac-inox-pour-ecuries-et-etables\/","title":{"rendered":"ABREUVOIR AUTOMATIQUE \u00c0 BAC INOX POUR \u00c9CURIES ET \u00c9TABLES"},"content":{"rendered":"<p>L\u2019abreuvoir automatique \u00e0 niveau constant avec bac en acier inoxydable AISI 304 \u00e9p. 12\/10 mm est con\u00e7u pour fournir de l\u2019eau propre et fra\u00eeche en continu \u00e0 vos animaux, garantissant le respect des normes sur le bien-\u00eatre animal dans les exploitations agricoles.<\/p>\n<h4><em>DISPONIBLE EN 3 LONGUEURS DIFF\u00c9RENTES : 60 &#8211; 80 &#8211; 120 cm (envoyez-nous une demande par e-mail ou appelez-nous &#8211; <a href=\"https:\/\/fdasrl.it\/fr\/contact\/#et_pb_contact_form_0\">voir page de CONTACT &#8211; CLIQUEZ ICI<\/a>)<\/em><\/h4>\n<p>Ses caract\u00e9ristiques techniques incluent :<\/p>\n<ul>\n<li>Logement pour flotteur sur le c\u00f4t\u00e9 gauche.<\/li>\n<li>Capacit\u00e9 du bac au niveau maximum : 45 litres.<\/li>\n<li>Flotteur 3\/4&Prime; filetage m\u00e2le corps en ABS. Pression de maintien de l\u2019eau du flotteur inclus dans le bac de d\u00e9bit maximum de 0,5 \u00e0 10 bar. <\/li>\n<li>Vidange de 3\/4 de pouce avec robinet pour une vidange rapide.<\/li>\n<li>Dimensions : Longueur 80 cm x profondeur 30 cm x hauteur 20 cm. Encombrement arri\u00e8re 100 cm au total. Espace d\u2019abreuvement 60 cm.  <\/li>\n<li>Possibilit\u00e9 de support mural \u00e0 l\u2019aide de chevilles Fischer diam\u00e8tre 12 mm pour ancrage lat\u00e9ral.<\/li>\n<li>Poids 10,8 kg<\/li>\n<\/ul>\n<h3><strong>\u00c9vacuation de l\u2019eau par le robinet de 3\/4 de pouce pour une vidange rapide du bac.<\/strong><\/h3>\n<h4>En conclusion, l\u2019abreuvoir automatique \u00e0 niveau constant en acier inoxydable AISI 304 est une solution fiable et pratique pour garantir un approvisionnement en eau ad\u00e9quat \u00e0 vos animaux, assurant leur bien-\u00eatre et respectant les r\u00e9glementations en vigueur dans le secteur agricole.<\/h4>\n<h4><em>DISPONIBLE EN 3 LONGUEURS DIFF\u00c9RENTES : 60 &#8211; 80 &#8211; 120 cm <\/em><em>(envoyez-nous une demande par e-mail ou appelez-nous &#8211; <a href=\"https:\/\/fdasrl.it\/fr\/contact\/#et_pb_contact_form_0\">voir page de CONTACT &#8211; CLIQUEZ ICI<\/a>)<\/em><\/h4>\n<p>Achetez-le sur notre  <a href=\"https:\/\/fda-shop.it\/shop\/articoli-per-allevamento\/abbeveratoio-vasca-automatico-a-livello-costante\" target=\"_blank\" rel=\"noopener\">boutique en ligne<\/a><\/p>\n","protected":false},"excerpt":{"rendered":"<p>L\u2019abreuvoir automatique \u00e0 niveau constant en acier inoxydable AISI 304 \u00e9p. 12\/10 mm est con\u00e7u pour fournir de l\u2019eau propre et fra\u00eeche en continu \u00e0 vos animaux, garantissant le respect des normes sur le bien-\u00eatre animal dans les exploitations agricoles.<\/p>\n","protected":false},"featured_media":667,"comment_status":"open","ping_status":"closed","template":"","meta":{"_et_pb_use_builder":"","_et_pb_old_content":"","_et_gb_content_width":""},"product_brand":[],"product_cat":[523,547,546,396,611,393],"product_tag":[879],"class_list":{"0":"post-3568","1":"product","2":"type-product","3":"status-publish","4":"has-post-thumbnail","6":"product_cat-abreuvoirs","7":"product_cat-abreuvoirs-2","8":"product_cat-bacs-inox-pour-etables","9":"product_cat-bovins","10":"product_cat-chevaux","11":"product_cat-ovins-et-caprins","12":"product_tag-fa-vs2","14":"first","15":"instock","16":"shipping-taxable","17":"product-type-simple"},"yoast_head":"<!-- This site is optimized with the Yoast SEO Premium plugin v27.5 (Yoast SEO v27.5) - https:\/\/yoast.com\/product\/yoast-seo-premium-wordpress\/ -->\n<title>Abreuvoir automatique \u00e0 bac inox pour \u00e9tables avec flotteur<\/title>\n<meta name=\"description\" content=\"Assurez de l\u2019eau fra\u00eeche et propre \u00e0 vos animaux avec l\u2019abreuvoir automatique \u00e0 bac inox pour \u00e9tables. D\u00e9couvrez toutes ses caract\u00e9ristiques techniques !\" \/>\n<meta name=\"robots\" content=\"index, follow, max-snippet:-1, max-image-preview:large, max-video-preview:-1\" \/>\n<link rel=\"canonical\" href=\"https:\/\/fdasrl.it\/fr\/prodotto\/abreuvoir-automatique-a-bac-inox-pour-ecuries-et-etables\/\" \/>\n<meta property=\"og:locale\" content=\"fr_FR\" \/>\n<meta property=\"og:type\" content=\"article\" \/>\n<meta property=\"og:title\" content=\"ABREUVOIR AUTOMATIQUE \u00c0 BAC INOX POUR \u00c9CURIES ET \u00c9TABLES\" \/>\n<meta property=\"og:description\" content=\"Assurez de l\u2019eau fra\u00eeche et propre \u00e0 vos animaux avec l\u2019abreuvoir automatique \u00e0 bac inox pour \u00e9tables. D\u00e9couvrez toutes ses caract\u00e9ristiques techniques !\" \/>\n<meta property=\"og:url\" content=\"https:\/\/fdasrl.it\/fr\/prodotto\/abreuvoir-automatique-a-bac-inox-pour-ecuries-et-etables\/\" \/>\n<meta property=\"og:site_name\" content=\"FDA srl\" \/>\n<meta property=\"article:publisher\" content=\"https:\/\/www.facebook.com\/share\/1MWhFWg1Tp\/?mibextid=LQQJ4d\" \/>\n<meta property=\"og:image\" content=\"https:\/\/fdasrl.it\/wp-content\/uploads\/2025\/01\/Abbeveratoio-automatico-vasca-inox-stalla-equini-bovini-caprini-fa-v2.jpeg\" \/>\n\t<meta property=\"og:image:width\" content=\"1000\" \/>\n\t<meta property=\"og:image:height\" content=\"535\" \/>\n\t<meta property=\"og:image:type\" content=\"image\/jpeg\" \/>\n<meta name=\"twitter:card\" content=\"summary_large_image\" \/>\n<meta name=\"twitter:label1\" content=\"Prix\" \/>\n\t<meta name=\"twitter:data1\" content=\"\" \/>\n\t<meta name=\"twitter:label2\" content=\"Disponibilit\u00e9\" \/>\n\t<meta name=\"twitter:data2\" content=\"En stock\" \/>\n<meta property=\"product:price:currency\" content=\"EUR\" \/>\n<meta property=\"og:availability\" content=\"instock\" \/>\n<meta property=\"product:availability\" content=\"instock\" \/>\n<meta property=\"product:retailer_item_id\" content=\"FAVS2\" \/>\n<meta property=\"product:condition\" content=\"new\" \/>\n<!-- \/ Yoast SEO Premium plugin. -->","yoast_head_json":{"title":"Abreuvoir automatique \u00e0 bac inox pour \u00e9tables avec flotteur","description":"Assurez de l\u2019eau fra\u00eeche et propre \u00e0 vos animaux avec l\u2019abreuvoir automatique \u00e0 bac inox pour \u00e9tables. D\u00e9couvrez toutes ses caract\u00e9ristiques techniques !","robots":{"index":"index","follow":"follow","max-snippet":"max-snippet:-1","max-image-preview":"max-image-preview:large","max-video-preview":"max-video-preview:-1"},"canonical":"https:\/\/fdasrl.it\/fr\/prodotto\/abreuvoir-automatique-a-bac-inox-pour-ecuries-et-etables\/","og_locale":"fr_FR","og_type":"article","og_title":"ABREUVOIR AUTOMATIQUE \u00c0 BAC INOX POUR \u00c9CURIES ET \u00c9TABLES","og_description":"Assurez de l\u2019eau fra\u00eeche et propre \u00e0 vos animaux avec l\u2019abreuvoir automatique \u00e0 bac inox pour \u00e9tables. D\u00e9couvrez toutes ses caract\u00e9ristiques techniques !","og_url":"https:\/\/fdasrl.it\/fr\/prodotto\/abreuvoir-automatique-a-bac-inox-pour-ecuries-et-etables\/","og_site_name":"FDA srl","article_publisher":"https:\/\/www.facebook.com\/share\/1MWhFWg1Tp\/?mibextid=LQQJ4d","og_image":[{"width":1000,"height":535,"url":"https:\/\/fdasrl.it\/wp-content\/uploads\/2025\/01\/Abbeveratoio-automatico-vasca-inox-stalla-equini-bovini-caprini-fa-v2.jpeg","type":"image\/jpeg"}],"twitter_card":"summary_large_image","twitter_misc":{"Prix":"","Disponibilit\u00e9":"En stock"},"schema":{"@context":"https:\/\/schema.org","@graph":[{"@type":"WebPage","@id":"https:\/\/fdasrl.it\/fr\/prodotto\/abreuvoir-automatique-a-bac-inox-pour-ecuries-et-etables\/","url":"https:\/\/fdasrl.it\/fr\/prodotto\/abreuvoir-automatique-a-bac-inox-pour-ecuries-et-etables\/","name":"Abreuvoir automatique \u00e0 bac inox pour \u00e9tables avec flotteur","isPartOf":{"@id":"https:\/\/fdasrl.it\/fr\/#website"},"primaryImageOfPage":{"@id":"https:\/\/fdasrl.it\/fr\/prodotto\/abreuvoir-automatique-a-bac-inox-pour-ecuries-et-etables\/#primaryimage"},"image":{"@id":"https:\/\/fdasrl.it\/fr\/prodotto\/abreuvoir-automatique-a-bac-inox-pour-ecuries-et-etables\/#primaryimage"},"thumbnailUrl":"https:\/\/fdasrl.it\/wp-content\/uploads\/2025\/01\/Abbeveratoio-automatico-vasca-inox-stalla-equini-bovini-caprini-fa-v2.jpeg","datePublished":"2025-01-21T09:47:40+00:00","description":"Assurez de l\u2019eau fra\u00eeche et propre \u00e0 vos animaux avec l\u2019abreuvoir automatique \u00e0 bac inox pour \u00e9tables. D\u00e9couvrez toutes ses caract\u00e9ristiques techniques !","breadcrumb":{"@id":"https:\/\/fdasrl.it\/fr\/prodotto\/abreuvoir-automatique-a-bac-inox-pour-ecuries-et-etables\/#breadcrumb"},"inLanguage":"fr-FR","potentialAction":[{"@type":"ReadAction","target":["https:\/\/fdasrl.it\/fr\/prodotto\/abreuvoir-automatique-a-bac-inox-pour-ecuries-et-etables\/"]}]},{"@type":"ImageObject","inLanguage":"fr-FR","@id":"https:\/\/fdasrl.it\/fr\/prodotto\/abreuvoir-automatique-a-bac-inox-pour-ecuries-et-etables\/#primaryimage","url":"https:\/\/fdasrl.it\/wp-content\/uploads\/2025\/01\/Abbeveratoio-automatico-vasca-inox-stalla-equini-bovini-caprini-fa-v2.jpeg","contentUrl":"https:\/\/fdasrl.it\/wp-content\/uploads\/2025\/01\/Abbeveratoio-automatico-vasca-inox-stalla-equini-bovini-caprini-fa-v2.jpeg","width":1000,"height":535,"caption":"Abbeveratoio automatico vasca inox con galleggiante automatico per stalla equini bovini caprini fav2"},{"@type":"BreadcrumbList","@id":"https:\/\/fdasrl.it\/fr\/prodotto\/abreuvoir-automatique-a-bac-inox-pour-ecuries-et-etables\/#breadcrumb","itemListElement":[{"@type":"ListItem","position":1,"name":"Home","item":"https:\/\/fdasrl.it\/fr\/accueil\/"},{"@type":"ListItem","position":2,"name":"Boutique","item":"https:\/\/fdasrl.it\/fr\/boutique\/"},{"@type":"ListItem","position":3,"name":"ABREUVOIR AUTOMATIQUE \u00c0 BAC INOX POUR \u00c9CURIES ET \u00c9TABLES"}]},{"@type":"WebSite","@id":"https:\/\/fdasrl.it\/fr\/#website","url":"https:\/\/fdasrl.it\/fr\/","name":"FDA srl","description":"Equipment for animal husbandry","publisher":{"@id":"https:\/\/fdasrl.it\/fr\/#organization"},"potentialAction":[{"@type":"SearchAction","target":{"@type":"EntryPoint","urlTemplate":"https:\/\/fdasrl.it\/fr\/?s={search_term_string}"},"query-input":{"@type":"PropertyValueSpecification","valueRequired":true,"valueName":"search_term_string"}}],"inLanguage":"fr-FR"},{"@type":"Organization","@id":"https:\/\/fdasrl.it\/fr\/#organization","name":"FDA srl","url":"https:\/\/fdasrl.it\/fr\/","logo":{"@type":"ImageObject","inLanguage":"fr-FR","@id":"https:\/\/fdasrl.it\/fr\/#\/schema\/logo\/image\/","url":"https:\/\/fdasrl.it\/wp-content\/uploads\/2024\/12\/Logo-FDA.png","contentUrl":"https:\/\/fdasrl.it\/wp-content\/uploads\/2024\/12\/Logo-FDA.png","width":316,"height":119,"caption":"FDA srl"},"image":{"@id":"https:\/\/fdasrl.it\/fr\/#\/schema\/logo\/image\/"},"sameAs":["https:\/\/www.facebook.com\/share\/1MWhFWg1Tp\/?mibextid=LQQJ4d","https:\/\/www.instagram.com\/fda_srl\/profilecard\/?igsh=YW5lbzJ6MWg0d21u","https:\/\/www.youtube.com\/@FDASRL_ANIMALCARE"],"description":"FDA SRL \u2013 Equipment for animal husbandry nasce con l\u2019obiettivo di offrire soluzioni affidabili e innovative per l\u2019allevamento moderno. Con anni di esperienza nel settore zootecnico, progettiamo e realizziamo attrezzature destinate al benessere animale e alla gestione efficiente delle stalle: vasche, abbeveratoi, mangiatoie e sistemi di riscaldamento pensati per durare nel tempo e semplificare il lavoro quotidiano degli allevatori. Dalla progettazione alla produzione, ogni nostro prodotto \u00e8 studiato nei minimi dettagli, testato con cura e costruito per rispondere alle esigenze reali del settore. La nostra forza \u00e8 unire artigianalit\u00e0, tecnologia e competenza tecnica per trasformare ogni progetto in una soluzione concreta e funzionale. Oggi FDA SRL \u00e8 un punto di riferimento per privati e rivenditori che cercano qualit\u00e0, affidabilit\u00e0 e innovazione nelle attrezzature per l\u2019allevamento.","email":"info@fdasrl.it","telephone":"+390522826820","legalName":"F.D.A. SRL","foundingDate":"2024-10-13","vatID":"03075840359","taxID":"03075840359","numberOfEmployees":{"@type":"QuantitativeValue","minValue":"1","maxValue":"10"}}]},"product_price_currency":"EUR","og_availability":"instock","product_availability":"instock","product_retailer_item_id":"FAVS2","product_condition":"new"},"_links":{"self":[{"href":"https:\/\/fdasrl.it\/fr\/wp-json\/wp\/v2\/product\/3568","targetHints":{"allow":["GET"]}}],"collection":[{"href":"https:\/\/fdasrl.it\/fr\/wp-json\/wp\/v2\/product"}],"about":[{"href":"https:\/\/fdasrl.it\/fr\/wp-json\/wp\/v2\/types\/product"}],"replies":[{"embeddable":true,"href":"https:\/\/fdasrl.it\/fr\/wp-json\/wp\/v2\/comments?post=3568"}],"wp:featuredmedia":[{"embeddable":true,"href":"https:\/\/fdasrl.it\/fr\/wp-json\/wp\/v2\/media\/667"}],"wp:attachment":[{"href":"https:\/\/fdasrl.it\/fr\/wp-json\/wp\/v2\/media?parent=3568"}],"wp:term":[{"taxonomy":"product_brand","embeddable":true,"href":"https:\/\/fdasrl.it\/fr\/wp-json\/wp\/v2\/product_brand?post=3568"},{"taxonomy":"product_cat","embeddable":true,"href":"https:\/\/fdasrl.it\/fr\/wp-json\/wp\/v2\/product_cat?post=3568"},{"taxonomy":"product_tag","embeddable":true,"href":"https:\/\/fdasrl.it\/fr\/wp-json\/wp\/v2\/product_tag?post=3568"}],"curies":[{"name":"wp","href":"https:\/\/api.w.org\/{rel}","templated":true}]}}