{"id":3665,"date":"2025-01-21T11:45:09","date_gmt":"2025-01-21T10:45:09","guid":{"rendered":"https:\/\/fdasrl.it\/prodotto\/bac-de-pediluve-pour-bovins-soin-des-onglons\/"},"modified":"2025-01-21T11:45:09","modified_gmt":"2025-01-21T10:45:09","slug":"bac-de-pediluve-pour-bovins-soin-des-onglons","status":"publish","type":"product","link":"https:\/\/fdasrl.it\/fr\/prodotto\/bac-de-pediluve-pour-bovins-soin-des-onglons\/","title":{"rendered":"BAC DE P\u00c9DILUVE POUR BOVINS SOIN DES ONGLONS"},"content":{"rendered":"<h3 data-start=\"203\" data-end=\"285\"><strong data-start=\"207\" data-end=\"285\">Bac de p\u00e9diluve pour bovins \u2013 200 litres \u2013 Soin professionnel des onglons<\/strong><\/h3>\n<p data-start=\"287\" data-end=\"642\">Le <strong data-start=\"290\" data-end=\"320\">bac de p\u00e9diluve pour bovins<\/strong> est un outil indispensable pour le <strong data-start=\"359\" data-end=\"426\">soin et la pr\u00e9vention des infections des sabots des vaches<\/strong>. Con\u00e7u pour garantir un traitement efficace, s\u00fbr et durable, ce bac permet d&rsquo;effectuer le lavage et la d\u00e9sinfection des onglons de mani\u00e8re pratique et hygi\u00e9nique directement dans le passage des animaux. <\/p>\n<p data-start=\"644\" data-end=\"770\">Gr\u00e2ce \u00e0 la possibilit\u00e9 de raccorder <strong data-start=\"681\" data-end=\"707\">deux bacs en s\u00e9quence<\/strong>, il est possible de r\u00e9aliser un syst\u00e8me complet \u00e0 double action :<\/p>\n<ul data-start=\"771\" data-end=\"999\">\n<li data-start=\"771\" data-end=\"868\">\n<p data-start=\"773\" data-end=\"868\">Le <strong data-start=\"776\" data-end=\"791\">premier bac<\/strong> est utilis\u00e9 pour le lavage, \u00e9liminant le fumier et les salet\u00e9s des onglons.<\/p>\n<\/li>\n<li data-start=\"869\" data-end=\"999\">\n<p data-start=\"871\" data-end=\"999\">Le <strong data-start=\"874\" data-end=\"891\">second bac<\/strong> contient une <strong data-start=\"905\" data-end=\"932\">solution d\u00e9sinfectante<\/strong> qui agit en profondeur, am\u00e9liorant l&rsquo;efficacit\u00e9 du traitement.<\/p>\n<\/li>\n<\/ul>\n<p data-start=\"1001\" data-end=\"1371\">Le fond du bac est dot\u00e9 d&rsquo;une <strong data-start=\"1038\" data-end=\"1083\">surface antid\u00e9rapante \u00e0 haute r\u00e9sistance<\/strong>, qui assure une s\u00e9curit\u00e9 et une stabilit\u00e9 accrues lors du passage des bovins. La forme du bac et le profil \u00e9tudi\u00e9 permettent un <strong data-start=\"1219\" data-end=\"1271\">l\u00e9ger \u00e9largissement de la fissure du sabot<\/strong>, favorisant ainsi la <strong data-start=\"1291\" data-end=\"1331\">p\u00e9n\u00e9tration compl\u00e8te du d\u00e9sinfectant<\/strong> dans chaque partie interm\u00e9diaire de l&rsquo;onglon. <\/p>\n<p data-start=\"1373\" data-end=\"1664\">Les dimensions de chaque bac sont de <strong data-start=\"1406\" data-end=\"1428\">203 x 80 x 18,5 cm<\/strong> avec une capacit\u00e9 de <strong data-start=\"1449\" data-end=\"1462\">200 litres<\/strong>, et en raccordant deux bacs, on obtient un parcours de <strong data-start=\"1510\" data-end=\"1525\">4 m\u00e8tres<\/strong>, suffisant pour garantir que les animaux marchent lentement, permettant au d\u00e9sinfectant d&rsquo;agir plus longtemps et de mani\u00e8re plus efficace.<\/p>\n<h3 data-start=\"1666\" data-end=\"1701\"><strong data-start=\"1670\" data-end=\"1701\">Caract\u00e9ristiques principales :<\/strong><\/h3>\n<ul data-start=\"1702\" data-end=\"2141\">\n<li data-start=\"1702\" data-end=\"1727\">\n<p data-start=\"1704\" data-end=\"1727\">Capacit\u00e9 : <strong data-start=\"1714\" data-end=\"1727\">200 litres<\/strong><\/p>\n<\/li>\n<li data-start=\"1728\" data-end=\"1764\">\n<p data-start=\"1730\" data-end=\"1764\">Dimensions : <strong data-start=\"1742\" data-end=\"1764\">203 x 80 x 18,5 cm<\/strong><\/p>\n<\/li>\n<li data-start=\"1765\" data-end=\"1855\">\n<p data-start=\"1767\" data-end=\"1855\">Fabriqu\u00e9 en <strong data-start=\"1781\" data-end=\"1808\">poly\u00e9thyl\u00e8ne High Impact<\/strong> ultra r\u00e9sistant \u00e0 l&rsquo;abrasion et aux agents chimiques<\/p>\n<\/li>\n<li data-start=\"1856\" data-end=\"1895\">\n<p data-start=\"1858\" data-end=\"1895\"><strong data-start=\"1858\" data-end=\"1876\">\u00c9chelle gradu\u00e9e<\/strong> imprim\u00e9e sur le bord<\/p>\n<\/li>\n<li data-start=\"1896\" data-end=\"1941\">\n<p data-start=\"1898\" data-end=\"1941\"><strong data-start=\"1898\" data-end=\"1918\">Bouchon de vidange<\/strong> pour vidage rapide<\/p>\n<\/li>\n<li data-start=\"1942\" data-end=\"1996\">\n<p data-start=\"1944\" data-end=\"1996\"><strong data-start=\"1944\" data-end=\"1970\">Surface antid\u00e9rapante<\/strong> pour s\u00e9curit\u00e9 et stabilit\u00e9<\/p>\n<\/li>\n<li data-start=\"1997\" data-end=\"2065\">\n<p data-start=\"1999\" data-end=\"2065\"><strong data-start=\"1999\" data-end=\"2022\">Points d&rsquo;ancrage<\/strong> pr\u00e9vus pour le raccordement entre bacs<\/p>\n<\/li>\n<li data-start=\"2066\" data-end=\"2141\">\n<p data-start=\"2068\" data-end=\"2141\">Compatible avec tous les types de <strong data-start=\"2100\" data-end=\"2141\">d\u00e9tergents et d\u00e9sinfectants v\u00e9t\u00e9rinaires<\/strong><\/p>\n<\/li>\n<\/ul>\n<p data-start=\"2143\" data-end=\"2351\">Ce <strong data-start=\"2150\" data-end=\"2205\">bac de lavage des sabots des vaches<\/strong> est id\u00e9al pour les \u00e9leveurs et les exploitations agricoles qui souhaitent garantir le <strong data-start=\"2274\" data-end=\"2324\">bien-\u00eatre et la pr\u00e9vention des infections podales<\/strong> de mani\u00e8re simple et s\u00fbre.<\/p>\n<p>Achetez-le sur notre  <a href=\"https:\/\/fda-shop.it\/shop\/articoli-per-allevamento\/attrezzatura-di-stalla\/vasca-pediluvio-lavaggio-zoccolo-e-unghioni\" target=\"_blank\" rel=\"noopener\">boutique en ligne<\/a><\/p>\n<p>&nbsp;<\/p>\n","protected":false},"excerpt":{"rendered":"<p>Bac de p\u00e9diluve pour bovins de 200 litres, id\u00e9al pour le soin et la d\u00e9sinfection des onglons. Fond antid\u00e9rapant, raccordable, r\u00e9sistant aux produits chimiques. <\/p>\n","protected":false},"featured_media":414,"comment_status":"open","ping_status":"closed","template":"","meta":{"_et_pb_use_builder":"","_et_pb_old_content":"","_et_gb_content_width":""},"product_brand":[],"product_cat":[681,396,680],"product_tag":[890],"class_list":{"0":"post-3665","1":"product","2":"type-product","3":"status-publish","4":"has-post-thumbnail","6":"product_cat-bien-etre-animal","7":"product_cat-bovins","8":"product_cat-nettoyage-du-sabot-et-tapis-antiderapants-pour-vache","9":"product_tag-fa-cp","11":"first","12":"instock","13":"shipping-taxable","14":"product-type-simple"},"yoast_head":"<!-- This site is optimized with the Yoast SEO Premium plugin v27.5 (Yoast SEO v27.5) - https:\/\/yoast.com\/product\/yoast-seo-premium-wordpress\/ -->\n<title>BAC DE P\u00c9DILUVE POUR BOVINS SOIN DES ONGLONS - FDA srl<\/title>\n<meta name=\"description\" content=\"Bac de p\u00e9diluve pour bovins de 200 litres, id\u00e9al pour le soin et la d\u00e9sinfection des onglons. Fond antid\u00e9rapant, raccordable, r\u00e9sistant aux produits chimiques.\" \/>\n<meta name=\"robots\" content=\"index, follow, max-snippet:-1, max-image-preview:large, max-video-preview:-1\" \/>\n<link rel=\"canonical\" href=\"https:\/\/fdasrl.it\/fr\/prodotto\/bac-de-pediluve-pour-bovins-soin-des-onglons\/\" \/>\n<meta property=\"og:locale\" content=\"fr_FR\" \/>\n<meta property=\"og:type\" content=\"article\" \/>\n<meta property=\"og:title\" content=\"BAC DE P\u00c9DILUVE POUR BOVINS SOIN DES ONGLONS\" \/>\n<meta property=\"og:description\" content=\"Bac de p\u00e9diluve pour bovins de 200 litres, id\u00e9al pour le soin et la d\u00e9sinfection des onglons. Fond antid\u00e9rapant, raccordable, r\u00e9sistant aux produits chimiques.\" \/>\n<meta property=\"og:url\" content=\"https:\/\/fdasrl.it\/fr\/prodotto\/bac-de-pediluve-pour-bovins-soin-des-onglons\/\" \/>\n<meta property=\"og:site_name\" content=\"FDA srl\" \/>\n<meta property=\"article:publisher\" content=\"https:\/\/www.facebook.com\/share\/1MWhFWg1Tp\/?mibextid=LQQJ4d\" \/>\n<meta property=\"og:image\" content=\"https:\/\/fdasrl.it\/wp-content\/uploads\/2025\/01\/FA-CP_1.jpg\" \/>\n\t<meta property=\"og:image:width\" content=\"480\" \/>\n\t<meta property=\"og:image:height\" content=\"480\" \/>\n\t<meta property=\"og:image:type\" content=\"image\/jpeg\" \/>\n<meta name=\"twitter:card\" content=\"summary_large_image\" \/>\n<meta name=\"twitter:label1\" content=\"Prix\" \/>\n\t<meta name=\"twitter:data1\" content=\"\" \/>\n\t<meta name=\"twitter:label2\" content=\"Disponibilit\u00e9\" \/>\n\t<meta name=\"twitter:data2\" content=\"En stock\" \/>\n<meta property=\"product:price:currency\" content=\"EUR\" \/>\n<meta property=\"og:availability\" content=\"instock\" \/>\n<meta property=\"product:availability\" content=\"instock\" \/>\n<meta property=\"product:retailer_item_id\" content=\"FA-CP\" \/>\n<meta property=\"product:condition\" content=\"new\" \/>\n<!-- \/ Yoast SEO Premium plugin. -->","yoast_head_json":{"title":"BAC DE P\u00c9DILUVE POUR BOVINS SOIN DES ONGLONS - FDA srl","description":"Bac de p\u00e9diluve pour bovins de 200 litres, id\u00e9al pour le soin et la d\u00e9sinfection des onglons. Fond antid\u00e9rapant, raccordable, r\u00e9sistant aux produits chimiques.","robots":{"index":"index","follow":"follow","max-snippet":"max-snippet:-1","max-image-preview":"max-image-preview:large","max-video-preview":"max-video-preview:-1"},"canonical":"https:\/\/fdasrl.it\/fr\/prodotto\/bac-de-pediluve-pour-bovins-soin-des-onglons\/","og_locale":"fr_FR","og_type":"article","og_title":"BAC DE P\u00c9DILUVE POUR BOVINS SOIN DES ONGLONS","og_description":"Bac de p\u00e9diluve pour bovins de 200 litres, id\u00e9al pour le soin et la d\u00e9sinfection des onglons. Fond antid\u00e9rapant, raccordable, r\u00e9sistant aux produits chimiques.","og_url":"https:\/\/fdasrl.it\/fr\/prodotto\/bac-de-pediluve-pour-bovins-soin-des-onglons\/","og_site_name":"FDA srl","article_publisher":"https:\/\/www.facebook.com\/share\/1MWhFWg1Tp\/?mibextid=LQQJ4d","og_image":[{"width":480,"height":480,"url":"https:\/\/fdasrl.it\/wp-content\/uploads\/2025\/01\/FA-CP_1.jpg","type":"image\/jpeg"}],"twitter_card":"summary_large_image","twitter_misc":{"Prix":"","Disponibilit\u00e9":"En stock"},"schema":{"@context":"https:\/\/schema.org","@graph":[{"@type":"WebPage","@id":"https:\/\/fdasrl.it\/fr\/prodotto\/bac-de-pediluve-pour-bovins-soin-des-onglons\/","url":"https:\/\/fdasrl.it\/fr\/prodotto\/bac-de-pediluve-pour-bovins-soin-des-onglons\/","name":"BAC DE P\u00c9DILUVE POUR BOVINS SOIN DES ONGLONS - FDA srl","isPartOf":{"@id":"https:\/\/fdasrl.it\/fr\/#website"},"primaryImageOfPage":{"@id":"https:\/\/fdasrl.it\/fr\/prodotto\/bac-de-pediluve-pour-bovins-soin-des-onglons\/#primaryimage"},"image":{"@id":"https:\/\/fdasrl.it\/fr\/prodotto\/bac-de-pediluve-pour-bovins-soin-des-onglons\/#primaryimage"},"thumbnailUrl":"https:\/\/fdasrl.it\/wp-content\/uploads\/2025\/01\/FA-CP_1.jpg","datePublished":"2025-01-21T10:45:09+00:00","description":"Bac de p\u00e9diluve pour bovins de 200 litres, id\u00e9al pour le soin et la d\u00e9sinfection des onglons. Fond antid\u00e9rapant, raccordable, r\u00e9sistant aux produits chimiques.","breadcrumb":{"@id":"https:\/\/fdasrl.it\/fr\/prodotto\/bac-de-pediluve-pour-bovins-soin-des-onglons\/#breadcrumb"},"inLanguage":"fr-FR","potentialAction":[{"@type":"ReadAction","target":["https:\/\/fdasrl.it\/fr\/prodotto\/bac-de-pediluve-pour-bovins-soin-des-onglons\/"]}]},{"@type":"ImageObject","inLanguage":"fr-FR","@id":"https:\/\/fdasrl.it\/fr\/prodotto\/bac-de-pediluve-pour-bovins-soin-des-onglons\/#primaryimage","url":"https:\/\/fdasrl.it\/wp-content\/uploads\/2025\/01\/FA-CP_1.jpg","contentUrl":"https:\/\/fdasrl.it\/wp-content\/uploads\/2025\/01\/FA-CP_1.jpg","width":480,"height":480,"caption":"bac-de-pediluve-pour-bovins-soin-des-onglons-fa-cp"},{"@type":"BreadcrumbList","@id":"https:\/\/fdasrl.it\/fr\/prodotto\/bac-de-pediluve-pour-bovins-soin-des-onglons\/#breadcrumb","itemListElement":[{"@type":"ListItem","position":1,"name":"Home","item":"https:\/\/fdasrl.it\/fr\/accueil\/"},{"@type":"ListItem","position":2,"name":"Boutique","item":"https:\/\/fdasrl.it\/fr\/boutique\/"},{"@type":"ListItem","position":3,"name":"BAC DE P\u00c9DILUVE POUR BOVINS SOIN DES ONGLONS"}]},{"@type":"WebSite","@id":"https:\/\/fdasrl.it\/fr\/#website","url":"https:\/\/fdasrl.it\/fr\/","name":"FDA srl","description":"Equipment for animal husbandry","publisher":{"@id":"https:\/\/fdasrl.it\/fr\/#organization"},"potentialAction":[{"@type":"SearchAction","target":{"@type":"EntryPoint","urlTemplate":"https:\/\/fdasrl.it\/fr\/?s={search_term_string}"},"query-input":{"@type":"PropertyValueSpecification","valueRequired":true,"valueName":"search_term_string"}}],"inLanguage":"fr-FR"},{"@type":"Organization","@id":"https:\/\/fdasrl.it\/fr\/#organization","name":"FDA srl","url":"https:\/\/fdasrl.it\/fr\/","logo":{"@type":"ImageObject","inLanguage":"fr-FR","@id":"https:\/\/fdasrl.it\/fr\/#\/schema\/logo\/image\/","url":"https:\/\/fdasrl.it\/wp-content\/uploads\/2024\/12\/Logo-FDA.png","contentUrl":"https:\/\/fdasrl.it\/wp-content\/uploads\/2024\/12\/Logo-FDA.png","width":316,"height":119,"caption":"FDA srl"},"image":{"@id":"https:\/\/fdasrl.it\/fr\/#\/schema\/logo\/image\/"},"sameAs":["https:\/\/www.facebook.com\/share\/1MWhFWg1Tp\/?mibextid=LQQJ4d","https:\/\/www.instagram.com\/fda_srl\/profilecard\/?igsh=YW5lbzJ6MWg0d21u","https:\/\/www.youtube.com\/@FDASRL_ANIMALCARE"],"description":"FDA SRL \u2013 Equipment for animal husbandry nasce con l\u2019obiettivo di offrire soluzioni affidabili e innovative per l\u2019allevamento moderno. Con anni di esperienza nel settore zootecnico, progettiamo e realizziamo attrezzature destinate al benessere animale e alla gestione efficiente delle stalle: vasche, abbeveratoi, mangiatoie e sistemi di riscaldamento pensati per durare nel tempo e semplificare il lavoro quotidiano degli allevatori. Dalla progettazione alla produzione, ogni nostro prodotto \u00e8 studiato nei minimi dettagli, testato con cura e costruito per rispondere alle esigenze reali del settore. La nostra forza \u00e8 unire artigianalit\u00e0, tecnologia e competenza tecnica per trasformare ogni progetto in una soluzione concreta e funzionale. Oggi FDA SRL \u00e8 un punto di riferimento per privati e rivenditori che cercano qualit\u00e0, affidabilit\u00e0 e innovazione nelle attrezzature per l\u2019allevamento.","email":"info@fdasrl.it","telephone":"+390522826820","legalName":"F.D.A. SRL","foundingDate":"2024-10-13","vatID":"03075840359","taxID":"03075840359","numberOfEmployees":{"@type":"QuantitativeValue","minValue":"1","maxValue":"10"}}]},"product_price_currency":"EUR","og_availability":"instock","product_availability":"instock","product_retailer_item_id":"FA-CP","product_condition":"new"},"_links":{"self":[{"href":"https:\/\/fdasrl.it\/fr\/wp-json\/wp\/v2\/product\/3665","targetHints":{"allow":["GET"]}}],"collection":[{"href":"https:\/\/fdasrl.it\/fr\/wp-json\/wp\/v2\/product"}],"about":[{"href":"https:\/\/fdasrl.it\/fr\/wp-json\/wp\/v2\/types\/product"}],"replies":[{"embeddable":true,"href":"https:\/\/fdasrl.it\/fr\/wp-json\/wp\/v2\/comments?post=3665"}],"wp:featuredmedia":[{"embeddable":true,"href":"https:\/\/fdasrl.it\/fr\/wp-json\/wp\/v2\/media\/414"}],"wp:attachment":[{"href":"https:\/\/fdasrl.it\/fr\/wp-json\/wp\/v2\/media?parent=3665"}],"wp:term":[{"taxonomy":"product_brand","embeddable":true,"href":"https:\/\/fdasrl.it\/fr\/wp-json\/wp\/v2\/product_brand?post=3665"},{"taxonomy":"product_cat","embeddable":true,"href":"https:\/\/fdasrl.it\/fr\/wp-json\/wp\/v2\/product_cat?post=3665"},{"taxonomy":"product_tag","embeddable":true,"href":"https:\/\/fdasrl.it\/fr\/wp-json\/wp\/v2\/product_tag?post=3665"}],"curies":[{"name":"wp","href":"https:\/\/api.w.org\/{rel}","templated":true}]}}