{"id":3696,"date":"2025-01-21T11:01:42","date_gmt":"2025-01-21T10:01:42","guid":{"rendered":"https:\/\/fdasrl.it\/prodotto\/abreuvoir-automatique-a-niveau-constant-avec-bac-basculant-en-acier-inox-aisi-304\/"},"modified":"2025-01-21T11:01:42","modified_gmt":"2025-01-21T10:01:42","slug":"abreuvoir-automatique-a-niveau-constant-avec-bac-basculant-en-acier-inox-aisi-304","status":"publish","type":"product","link":"https:\/\/fdasrl.it\/fr\/prodotto\/abreuvoir-automatique-a-niveau-constant-avec-bac-basculant-en-acier-inox-aisi-304\/","title":{"rendered":"Abreuvoir Automatique \u00e0 Niveau Constant avec Bac Basculant en acier inox aisi 304"},"content":{"rendered":"<p>Abreuvoir automatique \u00e0 niveau constant avec bac basculant en acier inox aisi 304 FA-VSRP. <strong>Con\u00e7u pour garantir une fourniture continue d&rsquo;eau propre et fra\u00eeche aux bovins et \u00e9quins.<\/strong><\/p>\n<h3><strong>Disponible en diff\u00e9rentes dimensions pour satisfaire tous les besoins :<\/strong><\/h3>\n<h4>&#8211; FA VSRP 1 LONGUEUR 1 m\u00e8tre mural<\/h4>\n<p><strong>Caract\u00e9ristiques techniques :<\/strong><\/p>\n<ul>\n<li>Structure de protection en tubulaire galvanis\u00e9 \u00e0 chaud avec plaques pour fixation murale (dimensions : longueur 130 cm, largeur 58 cm) ;<\/li>\n<li>Bac large de 32 cm, haut de 23 cm, long de 100 cm ; Espace d&rsquo;abreuvement 88 cm ;<\/li>\n<li>Flotteur \u00d8 3\/4 filetage m\u00e2le, corps de vanne en ABS complet avec pr\u00e9filtre, corps de bille en PE, bille r\u00e9glable en hauteur, pression de service de 0,5 \u00e0 12 Bar, d\u00e9bit 50 litres d&rsquo;eau par minute avec pression de service \u00e0 6 Bar ;<\/li>\n<li>Poids 45 kg.<\/li>\n<\/ul>\n<p>Achetez-le sur notre <a href=\"https:\/\/fda-shop.it\/shop\/articoli-per-allevamento\/abbeveratoi\/abbeveratoio-automatico-a-parete-un-metro-ribaltabile\" target=\"_blank\" rel=\"noopener\">boutique en ligne<\/a><\/p>\n<h4 class=\"content-title\">&#8211; FA VSRP 1,5 LONGUEUR 1,5 m\u00e8tre mural<\/h4>\n<p>Abreuvoir automatique \u00e0 niveau constant avec bac basculant en acier inox aisi 304. <strong>Caract\u00e9ristiques techniques :<\/strong><\/p>\n<ul>\n<li>Structure de protection en tubulaire galvanis\u00e9 \u00e0 chaud avec plaques pour fixation murale (dimensions : longueur 180 cm, largeur 58 cm) ;<\/li>\n<li>Bac large de 32 cm, haut de 23 cm, long de 150 cm ;<\/li>\n<li>Espace d&rsquo;abreuvement 138 cm ;<\/li>\n<li>Flotteur \u00d8 3\/4 filetage m\u00e2le, corps de vanne en ABS complet avec pr\u00e9filtre, corps de bille en PE, bille r\u00e9glable en hauteur, pression de service de 0,5 \u00e0 12 Bar, d\u00e9bit 50 litres d&rsquo;eau par minute avec pression de service \u00e0 6 Bar ;<\/li>\n<li>Poids 45 kg.<\/li>\n<\/ul>\n<p>Achetez-le sur notre <a href=\"https:\/\/fda-shop.it\/shop\/articoli-per-allevamento\/abbeveratoi\/abbeveratoio-automatico-a-parete-un-metro-mezzo-ribaltabile\" target=\"_blank\" rel=\"noopener\">boutique en ligne<\/a><\/p>\n<h4 class=\"content-title\">&#8211; FA VSRP 2 LONGUEUR 2 m\u00e8tres mural<\/h4>\n<p>Abreuvoir automatique \u00e0 niveau constant avec bac basculant en acier inox aisi 304. <strong>Caract\u00e9ristiques techniques :<\/strong><\/p>\n<ul>\n<li>Structure de protection en tubulaire galvanis\u00e9 \u00e0 chaud avec plaques pour fixation murale (dimensions : longueur 230 cm, largeur 58 cm) ;<\/li>\n<li>Bac large de 32 cm, haut de 23 cm, long de 200 cm ;<\/li>\n<li>Espace d&rsquo;abreuvement 188 cm ;<\/li>\n<li>Flotteur \u00d8 3\/4 filetage m\u00e2le, corps de vanne en ABS complet avec pr\u00e9filtre, corps de bille en PE, bille r\u00e9glable en hauteur, pression de service de 0,5 \u00e0 12 Bar, d\u00e9bit 50 litres d&rsquo;eau par minute avec pression de service \u00e0 6 Bar ;<\/li>\n<li>Poids 54 kg.<\/li>\n<\/ul>\n<p>Achetez-le sur notre <a href=\"https:\/\/fda-shop.it\/shop\/articoli-per-allevamento\/abbeveratoi\/abbeveratoio-automatico-a-parete-due-metri-ribaltabile\" target=\"_blank\" rel=\"noopener\">boutique en ligne<\/a><\/p>\n<p>T\u00c9L\u00c9CHARGER FICHES TECHNIQUES :<\/p>\n<ul>\n<li><a href=\"http:\/\/content\/uploads\/2025\/05\/SCHEDA_TECNICA__E_RICAMBI_VASCA_RIBALTABILE_A_PARETE_MT_10.pdf\">BAC BASCULANT 1 M &#8211; T\u00c9L\u00c9CHARGER<\/a><\/li>\n<li><a href=\"http:\/\/content\/uploads\/2025\/05\/SCHEDA_TECNICA__E_RICAMBI_VASCA_RIBALTABILE_A_PARETE_MT_15.pdf\">BAC BASCULANT 1,5 M &#8211; T\u00c9L\u00c9CHARGER<\/a><\/li>\n<li><a href=\"http:\/\/content\/uploads\/2025\/05\/SCHEDA_TECNICA__E_RICAMBI_VASCA_RIBALTABILE_A_PARETE_MT_20.pdf\">BAC BASCULANT 2 M &#8211; T\u00c9L\u00c9CHARGER<\/a><\/li>\n<\/ul>\n","protected":false},"excerpt":{"rendered":"<p>Abreuvoir automatique \u00e0 niveau constant FA-VSRP en acier inox AISI 304, avec bac basculant et flotteur r\u00e9glable. Disponible en longueurs de 1, 1,5 et 2 m\u00e8tres pour bovins et \u00e9quins. Garantit une eau propre et fra\u00eeche avec d\u00e9bit jusqu&rsquo;\u00e0 50 l\/min \u00e0 6 Bar. Structure galvanis\u00e9e \u00e0 chaud pour une r\u00e9sistance maximale.   <\/p>\n","protected":false},"featured_media":384,"comment_status":"open","ping_status":"closed","template":"","meta":{"_et_pb_use_builder":"off","_et_pb_old_content":"Abreuvoir automatique \u00e0 niveau constant avec bac basculant en acier inox aisi 304 FA-VSRP. <strong>Con\u00e7u pour garantir une fourniture continue d'eau propre et fra\u00eeche aux bovins et \u00e9quins.<\/strong>\n<h3><strong>Disponible en diff\u00e9rentes dimensions pour satisfaire tous les besoins :<\/strong><\/h3>\n<h4>- FA VSRP 1 LONGUEUR 1 m\u00e8tre mural<\/h4>\n<strong>Caract\u00e9ristiques techniques :<\/strong>\n<ul>\n \t<li>Structure de protection en tubulaire galvanis\u00e9 \u00e0 chaud avec plaques pour fixation murale (dimensions : longueur 130 cm, largeur 58 cm) ;<\/li>\n \t<li>Bac large de 32 cm, haut de 23 cm, long de 100 cm ;\nEspace d'abreuvement 88 cm ;<\/li>\n \t<li>Flotteur \u00d8 3\/4 filetage m\u00e2le, corps de vanne en ABS complet avec pr\u00e9filtre, corps de bille en PE, bille r\u00e9glable en hauteur, pression de service de 0,5 \u00e0 12 Bar, d\u00e9bit 50 litres d'eau par minute avec pression de service \u00e0 6 Bar ;<\/li>\n \t<li>Poids 45 kg.<\/li>\n<\/ul>\nAchetez-le sur notre <a href=\"https:\/\/fda-shop.it\/shop\/articoli-per-allevamento\/abbeveratoi\/abbeveratoio-automatico-a-parete-un-metro-ribaltabile\" target=\"_blank\" rel=\"noopener\">boutique en ligne<\/a>\n<h4 class=\"content-title\">- FA VSRP 1,5 LONGUEUR 1,5 m\u00e8tre mural<\/h4>\nAbreuvoir automatique \u00e0 niveau constant avec bac basculant en acier inox aisi 304.\n\n<strong>Caract\u00e9ristiques techniques :<\/strong>\n<ul>\n \t<li>Structure de protection en tubulaire galvanis\u00e9 \u00e0 chaud avec plaques pour fixation murale (dimensions : longueur 180 cm, largeur 58 cm) ;<\/li>\n \t<li>Bac large de 32 cm, haut de 23 cm, long de 150 cm ;<\/li>\n \t<li>Espace d'abreuvement 138 cm ;<\/li>\n \t<li>Flotteur \u00d8 3\/4 filetage m\u00e2le, corps de vanne en ABS complet avec pr\u00e9filtre, corps de bille en PE, bille r\u00e9glable en hauteur, pression de service de 0,5 \u00e0 12 Bar, d\u00e9bit 50 litres d'eau par minute avec pression de service \u00e0 6 Bar ;<\/li>\n \t<li>Poids 45 kg.<\/li>\n<\/ul>\nAchetez-le sur notre <a href=\"https:\/\/fda-shop.it\/shop\/articoli-per-allevamento\/abbeveratoi\/abbeveratoio-automatico-a-parete-un-metro-mezzo-ribaltabile\" target=\"_blank\" rel=\"noopener\">boutique en ligne<\/a>\n<h4 class=\"content-title\">- FA VSRP 2 LONGUEUR 2 m\u00e8tres mural<\/h4>\nAbreuvoir automatique \u00e0 niveau constant avec bac basculant en acier inox aisi 304.\n\n<strong>Caract\u00e9ristiques techniques :<\/strong>\n<ul>\n \t<li>Structure de protection en tubulaire galvanis\u00e9 \u00e0 chaud avec plaques pour fixation murale (dimensions : longueur 230 cm, largeur 58 cm) ;<\/li>\n \t<li>Bac large de 32 cm, haut de 23 cm, long de 200 cm ;<\/li>\n \t<li>Espace d'abreuvement 188 cm ;<\/li>\n \t<li>Flotteur \u00d8 3\/4 filetage m\u00e2le, corps de vanne en ABS complet avec pr\u00e9filtre, corps de bille en PE, bille r\u00e9glable en hauteur, pression de service de 0,5 \u00e0 12 Bar, d\u00e9bit 50 litres d'eau par minute avec pression de service \u00e0 6 Bar ;<\/li>\n \t<li>Poids 54 kg.<\/li>\n<\/ul>\nAchetez-le sur notre <a href=\"https:\/\/fda-shop.it\/shop\/articoli-per-allevamento\/abbeveratoi\/abbeveratoio-automatico-a-parete-due-metri-ribaltabile\" target=\"_blank\" rel=\"noopener\">boutique en ligne<\/a>","_et_gb_content_width":""},"product_brand":[],"product_cat":[523,547,546,396,611],"product_tag":[895],"class_list":{"0":"post-3696","1":"product","2":"type-product","3":"status-publish","4":"has-post-thumbnail","6":"product_cat-abreuvoirs","7":"product_cat-abreuvoirs-2","8":"product_cat-bacs-inox-pour-etables","9":"product_cat-bovins","10":"product_cat-chevaux","11":"product_tag-fa-vsrp","13":"first","14":"instock","15":"shipping-taxable","16":"product-type-simple"},"yoast_head":"<!-- This site is optimized with the Yoast SEO Premium plugin v27.5 (Yoast SEO v27.5) - https:\/\/yoast.com\/product\/yoast-seo-premium-wordpress\/ -->\n<title>Abreuvoir automatique avec bac basculant : eau fra\u00eeche - FDA srl<\/title>\n<meta name=\"description\" content=\"Abreuvoir automatique \u00e0 niveau constant FA-VSRP en acier inox AISI 304, avec bac basculant et flotteur r\u00e9glable. Disponible en longueurs de 1, 1,5 et 2 m\u00e8tres pour bovins et \u00e9quins. Garantit une eau propre et fra\u00eeche avec d\u00e9bit jusqu&#039;\u00e0 50 l\/min \u00e0 6 Bar. Structure galvanis\u00e9e \u00e0 chaud pour une r\u00e9sistance maximale.\" \/>\n<meta name=\"robots\" content=\"index, follow, max-snippet:-1, max-image-preview:large, max-video-preview:-1\" \/>\n<link rel=\"canonical\" href=\"https:\/\/fdasrl.it\/fr\/prodotto\/abreuvoir-automatique-a-niveau-constant-avec-bac-basculant-en-acier-inox-aisi-304\/\" \/>\n<meta property=\"og:locale\" content=\"fr_FR\" \/>\n<meta property=\"og:type\" content=\"article\" \/>\n<meta property=\"og:title\" content=\"Abreuvoir Automatique \u00e0 Niveau Constant avec Bac Basculant en acier inox aisi 304\" \/>\n<meta property=\"og:description\" content=\"Abreuvoir automatique \u00e0 niveau constant FA-VSRP en acier inox AISI 304, avec bac basculant et flotteur r\u00e9glable. Disponible en longueurs de 1, 1,5 et 2 m\u00e8tres pour bovins et \u00e9quins. Garantit une eau propre et fra\u00eeche avec d\u00e9bit jusqu&#039;\u00e0 50 l\/min \u00e0 6 Bar. Structure galvanis\u00e9e \u00e0 chaud pour une r\u00e9sistance maximale.\" \/>\n<meta property=\"og:url\" content=\"https:\/\/fdasrl.it\/fr\/prodotto\/abreuvoir-automatique-a-niveau-constant-avec-bac-basculant-en-acier-inox-aisi-304\/\" \/>\n<meta property=\"og:site_name\" content=\"FDA srl\" \/>\n<meta property=\"article:publisher\" content=\"https:\/\/www.facebook.com\/share\/1MWhFWg1Tp\/?mibextid=LQQJ4d\" \/>\n<meta property=\"og:image\" content=\"https:\/\/fdasrl.it\/wp-content\/uploads\/2025\/01\/FA-VSRP1_1.jpg\" \/>\n\t<meta property=\"og:image:width\" content=\"730\" \/>\n\t<meta property=\"og:image:height\" content=\"433\" \/>\n\t<meta property=\"og:image:type\" content=\"image\/jpeg\" \/>\n<meta name=\"twitter:card\" content=\"summary_large_image\" \/>\n<meta name=\"twitter:label1\" content=\"Prix\" \/>\n\t<meta name=\"twitter:data1\" content=\"\" \/>\n\t<meta name=\"twitter:label2\" content=\"Disponibilit\u00e9\" \/>\n\t<meta name=\"twitter:data2\" content=\"En stock\" \/>\n<meta property=\"product:price:currency\" content=\"EUR\" \/>\n<meta property=\"og:availability\" content=\"instock\" \/>\n<meta property=\"product:availability\" content=\"instock\" \/>\n<meta property=\"product:retailer_item_id\" content=\"FAVSRP\" \/>\n<meta property=\"product:condition\" content=\"new\" \/>\n<!-- \/ Yoast SEO Premium plugin. -->","yoast_head_json":{"title":"Abreuvoir automatique avec bac basculant : eau fra\u00eeche - FDA srl","description":"Abreuvoir automatique \u00e0 niveau constant FA-VSRP en acier inox AISI 304, avec bac basculant et flotteur r\u00e9glable. Disponible en longueurs de 1, 1,5 et 2 m\u00e8tres pour bovins et \u00e9quins. Garantit une eau propre et fra\u00eeche avec d\u00e9bit jusqu'\u00e0 50 l\/min \u00e0 6 Bar. Structure galvanis\u00e9e \u00e0 chaud pour une r\u00e9sistance maximale.","robots":{"index":"index","follow":"follow","max-snippet":"max-snippet:-1","max-image-preview":"max-image-preview:large","max-video-preview":"max-video-preview:-1"},"canonical":"https:\/\/fdasrl.it\/fr\/prodotto\/abreuvoir-automatique-a-niveau-constant-avec-bac-basculant-en-acier-inox-aisi-304\/","og_locale":"fr_FR","og_type":"article","og_title":"Abreuvoir Automatique \u00e0 Niveau Constant avec Bac Basculant en acier inox aisi 304","og_description":"Abreuvoir automatique \u00e0 niveau constant FA-VSRP en acier inox AISI 304, avec bac basculant et flotteur r\u00e9glable. Disponible en longueurs de 1, 1,5 et 2 m\u00e8tres pour bovins et \u00e9quins. Garantit une eau propre et fra\u00eeche avec d\u00e9bit jusqu'\u00e0 50 l\/min \u00e0 6 Bar. Structure galvanis\u00e9e \u00e0 chaud pour une r\u00e9sistance maximale.","og_url":"https:\/\/fdasrl.it\/fr\/prodotto\/abreuvoir-automatique-a-niveau-constant-avec-bac-basculant-en-acier-inox-aisi-304\/","og_site_name":"FDA srl","article_publisher":"https:\/\/www.facebook.com\/share\/1MWhFWg1Tp\/?mibextid=LQQJ4d","og_image":[{"width":730,"height":433,"url":"https:\/\/fdasrl.it\/wp-content\/uploads\/2025\/01\/FA-VSRP1_1.jpg","type":"image\/jpeg"}],"twitter_card":"summary_large_image","twitter_misc":{"Prix":"","Disponibilit\u00e9":"En stock"},"schema":{"@context":"https:\/\/schema.org","@graph":[{"@type":"WebPage","@id":"https:\/\/fdasrl.it\/fr\/prodotto\/abreuvoir-automatique-a-niveau-constant-avec-bac-basculant-en-acier-inox-aisi-304\/","url":"https:\/\/fdasrl.it\/fr\/prodotto\/abreuvoir-automatique-a-niveau-constant-avec-bac-basculant-en-acier-inox-aisi-304\/","name":"Abreuvoir automatique avec bac basculant : eau fra\u00eeche - FDA srl","isPartOf":{"@id":"https:\/\/fdasrl.it\/fr\/#website"},"primaryImageOfPage":{"@id":"https:\/\/fdasrl.it\/fr\/prodotto\/abreuvoir-automatique-a-niveau-constant-avec-bac-basculant-en-acier-inox-aisi-304\/#primaryimage"},"image":{"@id":"https:\/\/fdasrl.it\/fr\/prodotto\/abreuvoir-automatique-a-niveau-constant-avec-bac-basculant-en-acier-inox-aisi-304\/#primaryimage"},"thumbnailUrl":"https:\/\/fdasrl.it\/wp-content\/uploads\/2025\/01\/FA-VSRP1_1.jpg","datePublished":"2025-01-21T10:01:42+00:00","description":"Abreuvoir automatique \u00e0 niveau constant FA-VSRP en acier inox AISI 304, avec bac basculant et flotteur r\u00e9glable. Disponible en longueurs de 1, 1,5 et 2 m\u00e8tres pour bovins et \u00e9quins. Garantit une eau propre et fra\u00eeche avec d\u00e9bit jusqu'\u00e0 50 l\/min \u00e0 6 Bar. Structure galvanis\u00e9e \u00e0 chaud pour une r\u00e9sistance maximale.","breadcrumb":{"@id":"https:\/\/fdasrl.it\/fr\/prodotto\/abreuvoir-automatique-a-niveau-constant-avec-bac-basculant-en-acier-inox-aisi-304\/#breadcrumb"},"inLanguage":"fr-FR","potentialAction":[{"@type":"ReadAction","target":["https:\/\/fdasrl.it\/fr\/prodotto\/abreuvoir-automatique-a-niveau-constant-avec-bac-basculant-en-acier-inox-aisi-304\/"]}]},{"@type":"ImageObject","inLanguage":"fr-FR","@id":"https:\/\/fdasrl.it\/fr\/prodotto\/abreuvoir-automatique-a-niveau-constant-avec-bac-basculant-en-acier-inox-aisi-304\/#primaryimage","url":"https:\/\/fdasrl.it\/wp-content\/uploads\/2025\/01\/FA-VSRP1_1.jpg","contentUrl":"https:\/\/fdasrl.it\/wp-content\/uploads\/2025\/01\/FA-VSRP1_1.jpg","width":730,"height":433},{"@type":"BreadcrumbList","@id":"https:\/\/fdasrl.it\/fr\/prodotto\/abreuvoir-automatique-a-niveau-constant-avec-bac-basculant-en-acier-inox-aisi-304\/#breadcrumb","itemListElement":[{"@type":"ListItem","position":1,"name":"Home","item":"https:\/\/fdasrl.it\/fr\/accueil\/"},{"@type":"ListItem","position":2,"name":"Boutique","item":"https:\/\/fdasrl.it\/fr\/boutique\/"},{"@type":"ListItem","position":3,"name":"Abreuvoir Automatique \u00e0 Niveau Constant avec Bac Basculant en acier inox aisi 304"}]},{"@type":"WebSite","@id":"https:\/\/fdasrl.it\/fr\/#website","url":"https:\/\/fdasrl.it\/fr\/","name":"FDA srl","description":"Equipment for animal husbandry","publisher":{"@id":"https:\/\/fdasrl.it\/fr\/#organization"},"potentialAction":[{"@type":"SearchAction","target":{"@type":"EntryPoint","urlTemplate":"https:\/\/fdasrl.it\/fr\/?s={search_term_string}"},"query-input":{"@type":"PropertyValueSpecification","valueRequired":true,"valueName":"search_term_string"}}],"inLanguage":"fr-FR"},{"@type":"Organization","@id":"https:\/\/fdasrl.it\/fr\/#organization","name":"FDA srl","url":"https:\/\/fdasrl.it\/fr\/","logo":{"@type":"ImageObject","inLanguage":"fr-FR","@id":"https:\/\/fdasrl.it\/fr\/#\/schema\/logo\/image\/","url":"https:\/\/fdasrl.it\/wp-content\/uploads\/2024\/12\/Logo-FDA.png","contentUrl":"https:\/\/fdasrl.it\/wp-content\/uploads\/2024\/12\/Logo-FDA.png","width":316,"height":119,"caption":"FDA srl"},"image":{"@id":"https:\/\/fdasrl.it\/fr\/#\/schema\/logo\/image\/"},"sameAs":["https:\/\/www.facebook.com\/share\/1MWhFWg1Tp\/?mibextid=LQQJ4d","https:\/\/www.instagram.com\/fda_srl\/profilecard\/?igsh=YW5lbzJ6MWg0d21u","https:\/\/www.youtube.com\/@FDASRL_ANIMALCARE"],"description":"FDA SRL \u2013 Equipment for animal husbandry nasce con l\u2019obiettivo di offrire soluzioni affidabili e innovative per l\u2019allevamento moderno. Con anni di esperienza nel settore zootecnico, progettiamo e realizziamo attrezzature destinate al benessere animale e alla gestione efficiente delle stalle: vasche, abbeveratoi, mangiatoie e sistemi di riscaldamento pensati per durare nel tempo e semplificare il lavoro quotidiano degli allevatori. Dalla progettazione alla produzione, ogni nostro prodotto \u00e8 studiato nei minimi dettagli, testato con cura e costruito per rispondere alle esigenze reali del settore. La nostra forza \u00e8 unire artigianalit\u00e0, tecnologia e competenza tecnica per trasformare ogni progetto in una soluzione concreta e funzionale. Oggi FDA SRL \u00e8 un punto di riferimento per privati e rivenditori che cercano qualit\u00e0, affidabilit\u00e0 e innovazione nelle attrezzature per l\u2019allevamento.","email":"info@fdasrl.it","telephone":"+390522826820","legalName":"F.D.A. SRL","foundingDate":"2024-10-13","vatID":"03075840359","taxID":"03075840359","numberOfEmployees":{"@type":"QuantitativeValue","minValue":"1","maxValue":"10"}}]},"product_price_currency":"EUR","og_availability":"instock","product_availability":"instock","product_retailer_item_id":"FAVSRP","product_condition":"new"},"_links":{"self":[{"href":"https:\/\/fdasrl.it\/fr\/wp-json\/wp\/v2\/product\/3696","targetHints":{"allow":["GET"]}}],"collection":[{"href":"https:\/\/fdasrl.it\/fr\/wp-json\/wp\/v2\/product"}],"about":[{"href":"https:\/\/fdasrl.it\/fr\/wp-json\/wp\/v2\/types\/product"}],"replies":[{"embeddable":true,"href":"https:\/\/fdasrl.it\/fr\/wp-json\/wp\/v2\/comments?post=3696"}],"wp:featuredmedia":[{"embeddable":true,"href":"https:\/\/fdasrl.it\/fr\/wp-json\/wp\/v2\/media\/384"}],"wp:attachment":[{"href":"https:\/\/fdasrl.it\/fr\/wp-json\/wp\/v2\/media?parent=3696"}],"wp:term":[{"taxonomy":"product_brand","embeddable":true,"href":"https:\/\/fdasrl.it\/fr\/wp-json\/wp\/v2\/product_brand?post=3696"},{"taxonomy":"product_cat","embeddable":true,"href":"https:\/\/fdasrl.it\/fr\/wp-json\/wp\/v2\/product_cat?post=3696"},{"taxonomy":"product_tag","embeddable":true,"href":"https:\/\/fdasrl.it\/fr\/wp-json\/wp\/v2\/product_tag?post=3696"}],"curies":[{"name":"wp","href":"https:\/\/api.w.org\/{rel}","templated":true}]}}