{"id":3725,"date":"2025-01-21T10:09:47","date_gmt":"2025-01-21T09:09:47","guid":{"rendered":"https:\/\/fdasrl.it\/prodotto\/abreuvoir-en-acier-inoxydable-fa-kb-avec-etrier-en-fonte\/"},"modified":"2025-01-21T10:09:47","modified_gmt":"2025-01-21T09:09:47","slug":"abreuvoir-en-acier-inoxydable-fa-kb-avec-etrier-en-fonte","status":"publish","type":"product","link":"https:\/\/fdasrl.it\/fr\/prodotto\/abreuvoir-en-acier-inoxydable-fa-kb-avec-etrier-en-fonte\/","title":{"rendered":"Abreuvoir en acier inoxydable FA-KB avec \u00e9trier en fonte"},"content":{"rendered":"<h2 data-start=\"242\" data-end=\"331\">\ud83d\udca7 <strong data-start=\"248\" data-end=\"331\">Abreuvoir en acier inoxydable FA-KB avec \u00e9trier en fonte et soupape \u00e0 haut d\u00e9bit<\/strong><\/h2>\n<p data-start=\"333\" data-end=\"669\">L\u2019<strong data-start=\"335\" data-end=\"357\">abreuvoir FA-KB<\/strong> est une solution robuste et hygi\u00e9nique pour l\u2019abreuvement des <strong data-start=\"415\" data-end=\"456\">bovins et \u00e9quins en stabulation entrav\u00e9e<\/strong>. Dot\u00e9 d\u2019une <strong data-start=\"468\" data-end=\"512\">cuvette en acier inoxydable d\u2019une \u00e9paisseur de 12\/10<\/strong>, il garantit une r\u00e9sistance, une hygi\u00e8ne et une durabilit\u00e9 maximales. La <strong data-start=\"578\" data-end=\"617\">soupape en laiton \u00e0 haut d\u00e9bit<\/strong> assure une distribution d\u2019eau abondante et rapide.  <\/p>\n<hr data-start=\"671\" data-end=\"674\">\n<h3 data-start=\"676\" data-end=\"711\">\u2699\ufe0f <strong data-start=\"683\" data-end=\"711\">Caract\u00e9ristiques techniques<\/strong><\/h3>\n<ul data-start=\"713\" data-end=\"1307\">\n<li data-start=\"713\" data-end=\"735\">\n<p data-start=\"715\" data-end=\"735\"><strong data-start=\"715\" data-end=\"726\">Mod\u00e8le<\/strong> : FA-KB<\/p>\n<\/li>\n<li data-start=\"736\" data-end=\"787\">\n<p data-start=\"738\" data-end=\"787\"><strong data-start=\"738\" data-end=\"761\">Mat\u00e9riau de la cuvette<\/strong> : Acier inoxydable \u00e9p. 12\/10<\/p>\n<\/li>\n<li data-start=\"788\" data-end=\"834\">\n<p data-start=\"790\" data-end=\"834\"><strong data-start=\"790\" data-end=\"802\">Support<\/strong> : \u00c9trier de fixation en fonte<\/p>\n<\/li>\n<li data-start=\"835\" data-end=\"876\">\n<p data-start=\"837\" data-end=\"876\"><strong data-start=\"837\" data-end=\"848\">Soupape<\/strong> : En laiton \u00e0 haut d\u00e9bit<\/p>\n<\/li>\n<li data-start=\"877\" data-end=\"942\">\n<p data-start=\"879\" data-end=\"942\"><strong data-start=\"879\" data-end=\"896\">D\u00e9bit d\u2019eau<\/strong> : de 5 \u00e0 21 L\/min (max 20 L\/min conseill\u00e9s)<\/p>\n<\/li>\n<li data-start=\"943\" data-end=\"987\">\n<p data-start=\"945\" data-end=\"987\"><strong data-start=\"945\" data-end=\"971\">Pression de service<\/strong> : de 0 \u00e0 5 atm<\/p>\n<\/li>\n<li data-start=\"988\" data-end=\"1015\">\n<p data-start=\"990\" data-end=\"1015\"><strong data-start=\"990\" data-end=\"1002\">Capacit\u00e9<\/strong> : 5,5 litres<\/p>\n<\/li>\n<li data-start=\"1016\" data-end=\"1134\">\n<p data-start=\"1018\" data-end=\"1045\"><strong data-start=\"1018\" data-end=\"1042\">Dimensions de la cuvette<\/strong> :<\/p>\n<ul data-start=\"1048\" data-end=\"1134\">\n<li data-start=\"1048\" data-end=\"1075\">\n<p data-start=\"1050\" data-end=\"1075\">Diam\u00e8tre interne : 26 cm<\/p>\n<\/li>\n<li data-start=\"1078\" data-end=\"1099\">\n<p data-start=\"1080\" data-end=\"1099\">Profondeur : 12 cm<\/p>\n<\/li>\n<li data-start=\"1102\" data-end=\"1134\">\n<p data-start=\"1104\" data-end=\"1134\">Largeur du bac : \u00d8 27 cm<\/p>\n<\/li>\n<\/ul>\n<\/li>\n<li data-start=\"1135\" data-end=\"1169\">\n<p data-start=\"1137\" data-end=\"1169\"><strong data-start=\"1137\" data-end=\"1160\">Hauteur totale<\/strong> : 23 cm<\/p>\n<\/li>\n<li data-start=\"1170\" data-end=\"1253\">\n<p data-start=\"1172\" data-end=\"1253\"><strong data-start=\"1172\" data-end=\"1195\">Raccordement hydraulique<\/strong> : \u00d8 1\/2&Prime;, arriv\u00e9e d\u2019eau <strong data-start=\"1224\" data-end=\"1251\">par le haut et par le bas<\/strong><\/p>\n<\/li>\n<li data-start=\"1254\" data-end=\"1288\">\n<p data-start=\"1256\" data-end=\"1288\"><strong data-start=\"1256\" data-end=\"1278\">Fixation murale<\/strong> : 4 trous<\/p>\n<\/li>\n<li data-start=\"1289\" data-end=\"1307\">\n<p data-start=\"1291\" data-end=\"1307\"><strong data-start=\"1291\" data-end=\"1299\">Poids<\/strong> : 5 kg<\/p>\n<\/li>\n<\/ul>\n<hr data-start=\"1309\" data-end=\"1312\">\n<h3 data-start=\"1314\" data-end=\"1343\">\u2705 <strong data-start=\"1320\" data-end=\"1343\">Principaux avantages<\/strong><\/h3>\n<ul data-start=\"1345\" data-end=\"1648\">\n<li data-start=\"1345\" data-end=\"1402\">\n<p data-start=\"1347\" data-end=\"1402\">Id\u00e9al pour les <strong data-start=\"1358\" data-end=\"1400\">bovins et \u00e9quins en stabulation entrav\u00e9e<\/strong><\/p>\n<\/li>\n<li data-start=\"1403\" data-end=\"1475\">\n<p data-start=\"1405\" data-end=\"1475\">Cuvette large et profonde : <strong data-start=\"1433\" data-end=\"1473\">hygi\u00e8ne maximale et facilit\u00e9 de nettoyage<\/strong><\/p>\n<\/li>\n<li data-start=\"1476\" data-end=\"1529\">\n<p data-start=\"1478\" data-end=\"1529\">D\u00e9bit d\u2019eau \u00e9lev\u00e9 : id\u00e9al pour les animaux adultes<\/p>\n<\/li>\n<li data-start=\"1530\" data-end=\"1588\">\n<p data-start=\"1532\" data-end=\"1588\">Installation flexible (arriv\u00e9e d\u2019eau par le haut ou le bas)<\/p>\n<\/li>\n<li data-start=\"1589\" data-end=\"1624\">\n<p data-start=\"1591\" data-end=\"1624\">Structure r\u00e9sistante et durable<\/p>\n<\/li>\n<li data-start=\"1625\" data-end=\"1648\">\n<p data-start=\"1627\" data-end=\"1648\">Entretien facile<\/p>\n<\/li>\n<\/ul>\n<p>&nbsp;<\/p>\n<p>\ud83d\udc49 Demandez un prix pour la revente : <a href=\"mailto:info@fdasrl.it\">CLIQUEZ ICI<\/a><\/p>\n<div>\n<p>\ud83d\udc49 Achetez-le sur notre <a href=\"https:\/\/fda-shop.it\/shop\/articoli-per-allevamento\/abbeveratoi\/abbeveratoio-automatico-bovini-a-pendolo\" target=\"_blank\" rel=\"noopener\">boutique en ligne<\/a><\/p>\n<\/div>\n","protected":false},"excerpt":{"rendered":"<p>Abreuvoir en acier inoxydable FA-KB avec \u00e9trier en fonte et soupape \u00e0 haut d\u00e9bit. Pour bovins et chevaux en stabulation entrav\u00e9e. Hygi\u00e9nique, robuste et facile \u00e0 installer.  <\/p>\n","protected":false},"featured_media":354,"comment_status":"open","ping_status":"closed","template":"","meta":{"_et_pb_use_builder":"","_et_pb_old_content":"","_et_gb_content_width":""},"product_brand":[],"product_cat":[523,547,396,611],"product_tag":[900],"class_list":{"0":"post-3725","1":"product","2":"type-product","3":"status-publish","4":"has-post-thumbnail","6":"product_cat-abreuvoirs","7":"product_cat-abreuvoirs-2","8":"product_cat-bovins","9":"product_cat-chevaux","10":"product_tag-fa-kb","12":"first","13":"instock","14":"shipping-taxable","15":"product-type-simple"},"yoast_head":"<!-- This site is optimized with the Yoast SEO Premium plugin v27.5 (Yoast SEO v27.5) - https:\/\/yoast.com\/product\/yoast-seo-premium-wordpress\/ -->\n<title>Abreuvoir en inox bovins \u00e9quins FA-KB pour longue dur\u00e9e - FDA srl<\/title>\n<meta name=\"description\" content=\"D\u00e9couvrez l\u2019abreuvoir en inox bovins \u00e9quins FA-KB, r\u00e9sistant et hygi\u00e9nique. La solution parfaite pour votre \u00e9levage ! \ud83d\udca7\" \/>\n<meta name=\"robots\" content=\"index, follow, max-snippet:-1, max-image-preview:large, max-video-preview:-1\" \/>\n<link rel=\"canonical\" href=\"https:\/\/fdasrl.it\/fr\/prodotto\/abreuvoir-en-acier-inoxydable-fa-kb-avec-etrier-en-fonte\/\" \/>\n<meta property=\"og:locale\" content=\"fr_FR\" \/>\n<meta property=\"og:type\" content=\"article\" \/>\n<meta property=\"og:title\" content=\"Abreuvoir en acier inoxydable FA-KB avec \u00e9trier en fonte\" \/>\n<meta property=\"og:description\" content=\"D\u00e9couvrez l\u2019abreuvoir en inox bovins \u00e9quins FA-KB, r\u00e9sistant et hygi\u00e9nique. La solution parfaite pour votre \u00e9levage ! \ud83d\udca7\" \/>\n<meta property=\"og:url\" content=\"https:\/\/fdasrl.it\/fr\/prodotto\/abreuvoir-en-acier-inoxydable-fa-kb-avec-etrier-en-fonte\/\" \/>\n<meta property=\"og:site_name\" content=\"FDA srl\" \/>\n<meta property=\"article:publisher\" content=\"https:\/\/www.facebook.com\/share\/1MWhFWg1Tp\/?mibextid=LQQJ4d\" \/>\n<meta property=\"og:image\" content=\"https:\/\/fdasrl.it\/wp-content\/uploads\/2025\/01\/FA-KB.jpg\" \/>\n\t<meta property=\"og:image:width\" content=\"800\" \/>\n\t<meta property=\"og:image:height\" content=\"737\" \/>\n\t<meta property=\"og:image:type\" content=\"image\/jpeg\" \/>\n<meta name=\"twitter:card\" content=\"summary_large_image\" \/>\n<meta name=\"twitter:label1\" content=\"Prix\" \/>\n\t<meta name=\"twitter:data1\" content=\"\" \/>\n\t<meta name=\"twitter:label2\" content=\"Disponibilit\u00e9\" \/>\n\t<meta name=\"twitter:data2\" content=\"En stock\" \/>\n<meta property=\"product:price:currency\" content=\"EUR\" \/>\n<meta property=\"og:availability\" content=\"instock\" \/>\n<meta property=\"product:availability\" content=\"instock\" \/>\n<meta property=\"product:retailer_item_id\" content=\"FA-KB\" \/>\n<meta property=\"product:condition\" content=\"new\" \/>\n<!-- \/ Yoast SEO Premium plugin. -->","yoast_head_json":{"title":"Abreuvoir en inox bovins \u00e9quins FA-KB pour longue dur\u00e9e - FDA srl","description":"D\u00e9couvrez l\u2019abreuvoir en inox bovins \u00e9quins FA-KB, r\u00e9sistant et hygi\u00e9nique. La solution parfaite pour votre \u00e9levage ! \ud83d\udca7","robots":{"index":"index","follow":"follow","max-snippet":"max-snippet:-1","max-image-preview":"max-image-preview:large","max-video-preview":"max-video-preview:-1"},"canonical":"https:\/\/fdasrl.it\/fr\/prodotto\/abreuvoir-en-acier-inoxydable-fa-kb-avec-etrier-en-fonte\/","og_locale":"fr_FR","og_type":"article","og_title":"Abreuvoir en acier inoxydable FA-KB avec \u00e9trier en fonte","og_description":"D\u00e9couvrez l\u2019abreuvoir en inox bovins \u00e9quins FA-KB, r\u00e9sistant et hygi\u00e9nique. La solution parfaite pour votre \u00e9levage ! \ud83d\udca7","og_url":"https:\/\/fdasrl.it\/fr\/prodotto\/abreuvoir-en-acier-inoxydable-fa-kb-avec-etrier-en-fonte\/","og_site_name":"FDA srl","article_publisher":"https:\/\/www.facebook.com\/share\/1MWhFWg1Tp\/?mibextid=LQQJ4d","og_image":[{"width":800,"height":737,"url":"https:\/\/fdasrl.it\/wp-content\/uploads\/2025\/01\/FA-KB.jpg","type":"image\/jpeg"}],"twitter_card":"summary_large_image","twitter_misc":{"Prix":"","Disponibilit\u00e9":"En stock"},"schema":{"@context":"https:\/\/schema.org","@graph":[{"@type":"WebPage","@id":"https:\/\/fdasrl.it\/fr\/prodotto\/abreuvoir-en-acier-inoxydable-fa-kb-avec-etrier-en-fonte\/","url":"https:\/\/fdasrl.it\/fr\/prodotto\/abreuvoir-en-acier-inoxydable-fa-kb-avec-etrier-en-fonte\/","name":"Abreuvoir en inox bovins \u00e9quins FA-KB pour longue dur\u00e9e - FDA srl","isPartOf":{"@id":"https:\/\/fdasrl.it\/fr\/#website"},"primaryImageOfPage":{"@id":"https:\/\/fdasrl.it\/fr\/prodotto\/abreuvoir-en-acier-inoxydable-fa-kb-avec-etrier-en-fonte\/#primaryimage"},"image":{"@id":"https:\/\/fdasrl.it\/fr\/prodotto\/abreuvoir-en-acier-inoxydable-fa-kb-avec-etrier-en-fonte\/#primaryimage"},"thumbnailUrl":"https:\/\/fdasrl.it\/wp-content\/uploads\/2025\/01\/FA-KB.jpg","datePublished":"2025-01-21T09:09:47+00:00","description":"D\u00e9couvrez l\u2019abreuvoir en inox bovins \u00e9quins FA-KB, r\u00e9sistant et hygi\u00e9nique. La solution parfaite pour votre \u00e9levage ! \ud83d\udca7","breadcrumb":{"@id":"https:\/\/fdasrl.it\/fr\/prodotto\/abreuvoir-en-acier-inoxydable-fa-kb-avec-etrier-en-fonte\/#breadcrumb"},"inLanguage":"fr-FR","potentialAction":[{"@type":"ReadAction","target":["https:\/\/fdasrl.it\/fr\/prodotto\/abreuvoir-en-acier-inoxydable-fa-kb-avec-etrier-en-fonte\/"]}]},{"@type":"ImageObject","inLanguage":"fr-FR","@id":"https:\/\/fdasrl.it\/fr\/prodotto\/abreuvoir-en-acier-inoxydable-fa-kb-avec-etrier-en-fonte\/#primaryimage","url":"https:\/\/fdasrl.it\/wp-content\/uploads\/2025\/01\/FA-KB.jpg","contentUrl":"https:\/\/fdasrl.it\/wp-content\/uploads\/2025\/01\/FA-KB.jpg","width":800,"height":737,"caption":"Abbeveratoio in acciaio inox FA-KB per bovini e cavalli con valvola ad alto flusso"},{"@type":"BreadcrumbList","@id":"https:\/\/fdasrl.it\/fr\/prodotto\/abreuvoir-en-acier-inoxydable-fa-kb-avec-etrier-en-fonte\/#breadcrumb","itemListElement":[{"@type":"ListItem","position":1,"name":"Home","item":"https:\/\/fdasrl.it\/fr\/accueil\/"},{"@type":"ListItem","position":2,"name":"Boutique","item":"https:\/\/fdasrl.it\/fr\/boutique\/"},{"@type":"ListItem","position":3,"name":"Abreuvoir en acier inoxydable FA-KB avec \u00e9trier en fonte"}]},{"@type":"WebSite","@id":"https:\/\/fdasrl.it\/fr\/#website","url":"https:\/\/fdasrl.it\/fr\/","name":"FDA srl","description":"Equipment for animal husbandry","publisher":{"@id":"https:\/\/fdasrl.it\/fr\/#organization"},"potentialAction":[{"@type":"SearchAction","target":{"@type":"EntryPoint","urlTemplate":"https:\/\/fdasrl.it\/fr\/?s={search_term_string}"},"query-input":{"@type":"PropertyValueSpecification","valueRequired":true,"valueName":"search_term_string"}}],"inLanguage":"fr-FR"},{"@type":"Organization","@id":"https:\/\/fdasrl.it\/fr\/#organization","name":"FDA srl","url":"https:\/\/fdasrl.it\/fr\/","logo":{"@type":"ImageObject","inLanguage":"fr-FR","@id":"https:\/\/fdasrl.it\/fr\/#\/schema\/logo\/image\/","url":"https:\/\/fdasrl.it\/wp-content\/uploads\/2024\/12\/Logo-FDA.png","contentUrl":"https:\/\/fdasrl.it\/wp-content\/uploads\/2024\/12\/Logo-FDA.png","width":316,"height":119,"caption":"FDA srl"},"image":{"@id":"https:\/\/fdasrl.it\/fr\/#\/schema\/logo\/image\/"},"sameAs":["https:\/\/www.facebook.com\/share\/1MWhFWg1Tp\/?mibextid=LQQJ4d","https:\/\/www.instagram.com\/fda_srl\/profilecard\/?igsh=YW5lbzJ6MWg0d21u","https:\/\/www.youtube.com\/@FDASRL_ANIMALCARE"],"description":"FDA SRL \u2013 Equipment for animal husbandry nasce con l\u2019obiettivo di offrire soluzioni affidabili e innovative per l\u2019allevamento moderno. Con anni di esperienza nel settore zootecnico, progettiamo e realizziamo attrezzature destinate al benessere animale e alla gestione efficiente delle stalle: vasche, abbeveratoi, mangiatoie e sistemi di riscaldamento pensati per durare nel tempo e semplificare il lavoro quotidiano degli allevatori. Dalla progettazione alla produzione, ogni nostro prodotto \u00e8 studiato nei minimi dettagli, testato con cura e costruito per rispondere alle esigenze reali del settore. La nostra forza \u00e8 unire artigianalit\u00e0, tecnologia e competenza tecnica per trasformare ogni progetto in una soluzione concreta e funzionale. Oggi FDA SRL \u00e8 un punto di riferimento per privati e rivenditori che cercano qualit\u00e0, affidabilit\u00e0 e innovazione nelle attrezzature per l\u2019allevamento.","email":"info@fdasrl.it","telephone":"+390522826820","legalName":"F.D.A. SRL","foundingDate":"2024-10-13","vatID":"03075840359","taxID":"03075840359","numberOfEmployees":{"@type":"QuantitativeValue","minValue":"1","maxValue":"10"}}]},"product_price_currency":"EUR","og_availability":"instock","product_availability":"instock","product_retailer_item_id":"FA-KB","product_condition":"new"},"_links":{"self":[{"href":"https:\/\/fdasrl.it\/fr\/wp-json\/wp\/v2\/product\/3725","targetHints":{"allow":["GET"]}}],"collection":[{"href":"https:\/\/fdasrl.it\/fr\/wp-json\/wp\/v2\/product"}],"about":[{"href":"https:\/\/fdasrl.it\/fr\/wp-json\/wp\/v2\/types\/product"}],"replies":[{"embeddable":true,"href":"https:\/\/fdasrl.it\/fr\/wp-json\/wp\/v2\/comments?post=3725"}],"wp:featuredmedia":[{"embeddable":true,"href":"https:\/\/fdasrl.it\/fr\/wp-json\/wp\/v2\/media\/354"}],"wp:attachment":[{"href":"https:\/\/fdasrl.it\/fr\/wp-json\/wp\/v2\/media?parent=3725"}],"wp:term":[{"taxonomy":"product_brand","embeddable":true,"href":"https:\/\/fdasrl.it\/fr\/wp-json\/wp\/v2\/product_brand?post=3725"},{"taxonomy":"product_cat","embeddable":true,"href":"https:\/\/fdasrl.it\/fr\/wp-json\/wp\/v2\/product_cat?post=3725"},{"taxonomy":"product_tag","embeddable":true,"href":"https:\/\/fdasrl.it\/fr\/wp-json\/wp\/v2\/product_tag?post=3725"}],"curies":[{"name":"wp","href":"https:\/\/api.w.org\/{rel}","templated":true}]}}