{"id":3742,"date":"2025-01-21T10:01:26","date_gmt":"2025-01-21T09:01:26","guid":{"rendered":"https:\/\/fdasrl.it\/prodotto\/abreuvoir-en-fonte-avec-pendule-renforce-pour-bovins-et-equins\/"},"modified":"2025-01-21T10:01:26","modified_gmt":"2025-01-21T09:01:26","slug":"abreuvoir-en-fonte-avec-pendule-renforce-pour-bovins-et-equins","status":"publish","type":"product","link":"https:\/\/fdasrl.it\/fr\/prodotto\/abreuvoir-en-fonte-avec-pendule-renforce-pour-bovins-et-equins\/","title":{"rendered":"Abreuvoir en fonte avec pendule renforc\u00e9 pour bovins et \u00e9quins"},"content":{"rendered":"<h2 data-start=\"274\" data-end=\"389\">\ud83d\udc04 <strong data-start=\"280\" data-end=\"389\">Abreuvoir en Fonte avec Traitement par Cataphor\u00e8se FA-BE avec Pendule Renforc\u00e9 FDA pour Bovins et \u00c9quins<\/strong><\/h2>\n<p data-start=\"391\" data-end=\"813\">L&rsquo;<strong data-start=\"393\" data-end=\"442\">abreuvoir FA-BE avec pendule renforc\u00e9 FDA<\/strong> est r\u00e9alis\u00e9 en <strong data-start=\"459\" data-end=\"492\">fonte trait\u00e9e par cataphor\u00e8se<\/strong>, une protection avanc\u00e9e contre la corrosion qui garantit <strong data-start=\"554\" data-end=\"601\">r\u00e9sistance dans le temps, hygi\u00e8ne et fiabilit\u00e9<\/strong>. Con\u00e7u pour <strong data-start=\"615\" data-end=\"656\">bovins et \u00e9quins en stabulation fixe<\/strong>, il est \u00e9quip\u00e9 d&rsquo;une <strong data-start=\"674\" data-end=\"721\">valve en laiton \u00e0 haut d\u00e9bit (FAR17)<\/strong> et d&rsquo;un <strong data-start=\"727\" data-end=\"749\">pendule renforc\u00e9<\/strong>, \u00e9tudi\u00e9 pour r\u00e9sister \u00e0 l&rsquo;usage intensif par les animaux. <\/p>\n<hr data-start=\"815\" data-end=\"818\">\n<h3 data-start=\"820\" data-end=\"855\">\u2699\ufe0f <strong data-start=\"827\" data-end=\"855\">Caract\u00e9ristiques techniques<\/strong><\/h3>\n<ul data-start=\"857\" data-end=\"1296\">\n<li data-start=\"857\" data-end=\"879\">\n<p data-start=\"859\" data-end=\"879\"><strong data-start=\"859\" data-end=\"870\">Mod\u00e8le<\/strong> : FA-BE<\/p>\n<\/li>\n<li data-start=\"880\" data-end=\"949\">\n<p data-start=\"882\" data-end=\"949\"><strong data-start=\"882\" data-end=\"895\">Mat\u00e9riau<\/strong> : Fonte avec traitement anticorrosion par cataphor\u00e8se<\/p>\n<\/li>\n<li data-start=\"950\" data-end=\"998\">\n<p data-start=\"952\" data-end=\"998\"><strong data-start=\"952\" data-end=\"963\">Valve<\/strong> : FAR17 en laiton \u00e0 haut d\u00e9bit<\/p>\n<\/li>\n<li data-start=\"999\" data-end=\"1047\">\n<p data-start=\"1001\" data-end=\"1047\"><strong data-start=\"1001\" data-end=\"1021\">Type d&rsquo;activation<\/strong> : Pendule renforc\u00e9 FDA<\/p>\n<\/li>\n<li data-start=\"1048\" data-end=\"1089\">\n<p data-start=\"1050\" data-end=\"1089\"><strong data-start=\"1050\" data-end=\"1076\">Pression de service<\/strong> : 0 \u2013 5 atm<\/p>\n<\/li>\n<li data-start=\"1090\" data-end=\"1127\">\n<p data-start=\"1092\" data-end=\"1127\"><strong data-start=\"1092\" data-end=\"1114\">Capacit\u00e9 du bac<\/strong> : 2,5 litres<\/p>\n<\/li>\n<li data-start=\"1128\" data-end=\"1169\">\n<p data-start=\"1130\" data-end=\"1169\"><strong data-start=\"1130\" data-end=\"1160\">Diam\u00e8tre interne du bac<\/strong> : 21 cm<\/p>\n<\/li>\n<li data-start=\"1170\" data-end=\"1247\">\n<p data-start=\"1172\" data-end=\"1247\"><strong data-start=\"1172\" data-end=\"1195\">Raccordement hydraulique<\/strong> : Raccord 1\/2&Prime;, entr\u00e9e <strong data-start=\"1220\" data-end=\"1245\">par le haut ou par le bas<\/strong><\/p>\n<\/li>\n<li data-start=\"1248\" data-end=\"1275\">\n<p data-start=\"1250\" data-end=\"1275\"><strong data-start=\"1250\" data-end=\"1263\">Fixation<\/strong> : murale<\/p>\n<\/li>\n<li data-start=\"1276\" data-end=\"1296\">\n<p data-start=\"1278\" data-end=\"1296\"><strong data-start=\"1278\" data-end=\"1286\">Poids<\/strong> : 6,5 kg<\/p>\n<\/li>\n<\/ul>\n<hr data-start=\"1298\" data-end=\"1301\">\n<h3 data-start=\"1303\" data-end=\"1332\">\u2705 <strong data-start=\"1309\" data-end=\"1332\">Avantages principaux<\/strong><\/h3>\n<ul data-start=\"1334\" data-end=\"1690\">\n<li data-start=\"1334\" data-end=\"1401\">\n<p data-start=\"1336\" data-end=\"1401\"><strong data-start=\"1336\" data-end=\"1365\">Traitement par cataphor\u00e8se<\/strong> : protection maximale contre la rouille<\/p>\n<\/li>\n<li data-start=\"1402\" data-end=\"1472\">\n<p data-start=\"1404\" data-end=\"1472\"><strong data-start=\"1404\" data-end=\"1430\">Pendule renforc\u00e9 FDA<\/strong> : dur\u00e9e de vie sup\u00e9rieure et r\u00e9sistance aux chocs<\/p>\n<\/li>\n<li data-start=\"1473\" data-end=\"1524\">\n<p data-start=\"1475\" data-end=\"1524\"><strong data-start=\"1475\" data-end=\"1496\">Valve en laiton<\/strong> \u00e0 haut d\u00e9bit d&rsquo;eau<\/p>\n<\/li>\n<li data-start=\"1525\" data-end=\"1577\">\n<p data-start=\"1527\" data-end=\"1577\"><strong data-start=\"1527\" data-end=\"1547\">Structure solide<\/strong> pour usage intensif en \u00e9table<\/p>\n<\/li>\n<li data-start=\"1578\" data-end=\"1636\">\n<p data-start=\"1580\" data-end=\"1636\"><strong data-start=\"1580\" data-end=\"1604\">Installation facile<\/strong> avec entr\u00e9e d&rsquo;eau flexible<\/p>\n<\/li>\n<li data-start=\"1637\" data-end=\"1690\">\n<p data-start=\"1639\" data-end=\"1690\"><strong data-start=\"1639\" data-end=\"1690\">Adapt\u00e9 aux bovins et \u00e9quins en stabulation fixe<\/strong><\/p>\n<\/li>\n<\/ul>\n<p>&nbsp;<\/p>\n<p>\ud83d\udc49 Demandez un prix pour la revente : <a href=\"mailto:info@fdasrl.it\">CLIQUEZ ICI<\/a><\/p>\n<p>\ud83d\udc49 Achetez-le sur notre <a href=\"https:\/\/fda-shop.it\/shop\/articoli-per-allevamento\/abbeveratoi\/abbeveratoio-in-ghisa-per-bovini\" target=\"_blank\" rel=\"noopener\">boutique en ligne<\/a><\/p>\n","protected":false},"excerpt":{"rendered":"<p>Abreuvoir FA-BE en fonte avec cataphor\u00e8se et pendule renforc\u00e9 FDA. Valve FAR17 \u00e0 haut d\u00e9bit, 2,5 litres, raccord 1\/2&Prime;. Pour bovins et chevaux en stabulation fixe.  <\/p>\n","protected":false},"featured_media":878,"comment_status":"open","ping_status":"closed","template":"","meta":{"_et_pb_use_builder":"","_et_pb_old_content":"","_et_gb_content_width":""},"product_brand":[],"product_cat":[523,547,396,611],"product_tag":[904],"class_list":{"0":"post-3742","1":"product","2":"type-product","3":"status-publish","4":"has-post-thumbnail","6":"product_cat-abreuvoirs","7":"product_cat-abreuvoirs-2","8":"product_cat-bovins","9":"product_cat-chevaux","10":"product_tag-fa-be","12":"first","13":"instock","14":"shipping-taxable","15":"product-type-simple"},"yoast_head":"<!-- This site is optimized with the Yoast SEO Premium plugin v27.5 (Yoast SEO v27.5) - https:\/\/yoast.com\/product\/yoast-seo-premium-wordpress\/ -->\n<title>Abreuvoir en fonte avec pendule renforc\u00e9 : durabilit\u00e9 garantie - FDA srl<\/title>\n<meta name=\"description\" content=\"Notre abreuvoir en fonte avec pendule renforc\u00e9 est la solution id\u00e9ale pour bovins et \u00e9quins. Choisissez r\u00e9sistance et fiabilit\u00e9 pour vos animaux ! \ud83d\udca7\" \/>\n<meta name=\"robots\" content=\"index, follow, max-snippet:-1, max-image-preview:large, max-video-preview:-1\" \/>\n<link rel=\"canonical\" href=\"https:\/\/fdasrl.it\/fr\/prodotto\/abreuvoir-en-fonte-avec-pendule-renforce-pour-bovins-et-equins\/\" \/>\n<meta property=\"og:locale\" content=\"fr_FR\" \/>\n<meta property=\"og:type\" content=\"article\" \/>\n<meta property=\"og:title\" content=\"Abreuvoir en fonte avec pendule renforc\u00e9 pour bovins et \u00e9quins\" \/>\n<meta property=\"og:description\" content=\"Notre abreuvoir en fonte avec pendule renforc\u00e9 est la solution id\u00e9ale pour bovins et \u00e9quins. Choisissez r\u00e9sistance et fiabilit\u00e9 pour vos animaux ! \ud83d\udca7\" \/>\n<meta property=\"og:url\" content=\"https:\/\/fdasrl.it\/fr\/prodotto\/abreuvoir-en-fonte-avec-pendule-renforce-pour-bovins-et-equins\/\" \/>\n<meta property=\"og:site_name\" content=\"FDA srl\" \/>\n<meta property=\"article:publisher\" content=\"https:\/\/www.facebook.com\/share\/1MWhFWg1Tp\/?mibextid=LQQJ4d\" \/>\n<meta property=\"og:image\" content=\"https:\/\/fdasrl.it\/wp-content\/uploads\/2025\/01\/abbeveratoio-fa-be-ghisa-cataforesi-pendolo-fda.webp\" \/>\n\t<meta property=\"og:image:width\" content=\"2047\" \/>\n\t<meta property=\"og:image:height\" content=\"1710\" \/>\n\t<meta property=\"og:image:type\" content=\"image\/webp\" \/>\n<meta name=\"twitter:card\" content=\"summary_large_image\" \/>\n<meta name=\"twitter:label1\" content=\"Prix\" \/>\n\t<meta name=\"twitter:data1\" content=\"\" \/>\n\t<meta name=\"twitter:label2\" content=\"Disponibilit\u00e9\" \/>\n\t<meta name=\"twitter:data2\" content=\"En stock\" \/>\n<meta property=\"product:price:currency\" content=\"EUR\" \/>\n<meta property=\"og:availability\" content=\"instock\" \/>\n<meta property=\"product:availability\" content=\"instock\" \/>\n<meta property=\"product:retailer_item_id\" content=\"FA-BE\" \/>\n<meta property=\"product:condition\" content=\"new\" \/>\n<!-- \/ Yoast SEO Premium plugin. -->","yoast_head_json":{"title":"Abreuvoir en fonte avec pendule renforc\u00e9 : durabilit\u00e9 garantie - FDA srl","description":"Notre abreuvoir en fonte avec pendule renforc\u00e9 est la solution id\u00e9ale pour bovins et \u00e9quins. Choisissez r\u00e9sistance et fiabilit\u00e9 pour vos animaux ! \ud83d\udca7","robots":{"index":"index","follow":"follow","max-snippet":"max-snippet:-1","max-image-preview":"max-image-preview:large","max-video-preview":"max-video-preview:-1"},"canonical":"https:\/\/fdasrl.it\/fr\/prodotto\/abreuvoir-en-fonte-avec-pendule-renforce-pour-bovins-et-equins\/","og_locale":"fr_FR","og_type":"article","og_title":"Abreuvoir en fonte avec pendule renforc\u00e9 pour bovins et \u00e9quins","og_description":"Notre abreuvoir en fonte avec pendule renforc\u00e9 est la solution id\u00e9ale pour bovins et \u00e9quins. Choisissez r\u00e9sistance et fiabilit\u00e9 pour vos animaux ! \ud83d\udca7","og_url":"https:\/\/fdasrl.it\/fr\/prodotto\/abreuvoir-en-fonte-avec-pendule-renforce-pour-bovins-et-equins\/","og_site_name":"FDA srl","article_publisher":"https:\/\/www.facebook.com\/share\/1MWhFWg1Tp\/?mibextid=LQQJ4d","og_image":[{"width":2047,"height":1710,"url":"https:\/\/fdasrl.it\/wp-content\/uploads\/2025\/01\/abbeveratoio-fa-be-ghisa-cataforesi-pendolo-fda.webp","type":"image\/webp"}],"twitter_card":"summary_large_image","twitter_misc":{"Prix":"","Disponibilit\u00e9":"En stock"},"schema":{"@context":"https:\/\/schema.org","@graph":[{"@type":"WebPage","@id":"https:\/\/fdasrl.it\/fr\/prodotto\/abreuvoir-en-fonte-avec-pendule-renforce-pour-bovins-et-equins\/","url":"https:\/\/fdasrl.it\/fr\/prodotto\/abreuvoir-en-fonte-avec-pendule-renforce-pour-bovins-et-equins\/","name":"Abreuvoir en fonte avec pendule renforc\u00e9 : durabilit\u00e9 garantie - FDA srl","isPartOf":{"@id":"https:\/\/fdasrl.it\/fr\/#website"},"primaryImageOfPage":{"@id":"https:\/\/fdasrl.it\/fr\/prodotto\/abreuvoir-en-fonte-avec-pendule-renforce-pour-bovins-et-equins\/#primaryimage"},"image":{"@id":"https:\/\/fdasrl.it\/fr\/prodotto\/abreuvoir-en-fonte-avec-pendule-renforce-pour-bovins-et-equins\/#primaryimage"},"thumbnailUrl":"https:\/\/fdasrl.it\/wp-content\/uploads\/2025\/01\/abbeveratoio-fa-be-ghisa-cataforesi-pendolo-fda.webp","datePublished":"2025-01-21T09:01:26+00:00","description":"Notre abreuvoir en fonte avec pendule renforc\u00e9 est la solution id\u00e9ale pour bovins et \u00e9quins. Choisissez r\u00e9sistance et fiabilit\u00e9 pour vos animaux ! \ud83d\udca7","breadcrumb":{"@id":"https:\/\/fdasrl.it\/fr\/prodotto\/abreuvoir-en-fonte-avec-pendule-renforce-pour-bovins-et-equins\/#breadcrumb"},"inLanguage":"fr-FR","potentialAction":[{"@type":"ReadAction","target":["https:\/\/fdasrl.it\/fr\/prodotto\/abreuvoir-en-fonte-avec-pendule-renforce-pour-bovins-et-equins\/"]}]},{"@type":"ImageObject","inLanguage":"fr-FR","@id":"https:\/\/fdasrl.it\/fr\/prodotto\/abreuvoir-en-fonte-avec-pendule-renforce-pour-bovins-et-equins\/#primaryimage","url":"https:\/\/fdasrl.it\/wp-content\/uploads\/2025\/01\/abbeveratoio-fa-be-ghisa-cataforesi-pendolo-fda.webp","contentUrl":"https:\/\/fdasrl.it\/wp-content\/uploads\/2025\/01\/abbeveratoio-fa-be-ghisa-cataforesi-pendolo-fda.webp","width":2047,"height":1710,"caption":"Abbeveratoio in ghisa smaltata FA-BE con valvola in ottone e pendolo rinforzato per bovini ed equini"},{"@type":"BreadcrumbList","@id":"https:\/\/fdasrl.it\/fr\/prodotto\/abreuvoir-en-fonte-avec-pendule-renforce-pour-bovins-et-equins\/#breadcrumb","itemListElement":[{"@type":"ListItem","position":1,"name":"Home","item":"https:\/\/fdasrl.it\/fr\/accueil\/"},{"@type":"ListItem","position":2,"name":"Boutique","item":"https:\/\/fdasrl.it\/fr\/boutique\/"},{"@type":"ListItem","position":3,"name":"Abreuvoir en fonte avec pendule renforc\u00e9 pour bovins et \u00e9quins"}]},{"@type":"WebSite","@id":"https:\/\/fdasrl.it\/fr\/#website","url":"https:\/\/fdasrl.it\/fr\/","name":"FDA srl","description":"Equipment for animal husbandry","publisher":{"@id":"https:\/\/fdasrl.it\/fr\/#organization"},"potentialAction":[{"@type":"SearchAction","target":{"@type":"EntryPoint","urlTemplate":"https:\/\/fdasrl.it\/fr\/?s={search_term_string}"},"query-input":{"@type":"PropertyValueSpecification","valueRequired":true,"valueName":"search_term_string"}}],"inLanguage":"fr-FR"},{"@type":"Organization","@id":"https:\/\/fdasrl.it\/fr\/#organization","name":"FDA srl","url":"https:\/\/fdasrl.it\/fr\/","logo":{"@type":"ImageObject","inLanguage":"fr-FR","@id":"https:\/\/fdasrl.it\/fr\/#\/schema\/logo\/image\/","url":"https:\/\/fdasrl.it\/wp-content\/uploads\/2024\/12\/Logo-FDA.png","contentUrl":"https:\/\/fdasrl.it\/wp-content\/uploads\/2024\/12\/Logo-FDA.png","width":316,"height":119,"caption":"FDA srl"},"image":{"@id":"https:\/\/fdasrl.it\/fr\/#\/schema\/logo\/image\/"},"sameAs":["https:\/\/www.facebook.com\/share\/1MWhFWg1Tp\/?mibextid=LQQJ4d","https:\/\/www.instagram.com\/fda_srl\/profilecard\/?igsh=YW5lbzJ6MWg0d21u","https:\/\/www.youtube.com\/@FDASRL_ANIMALCARE"],"description":"FDA SRL \u2013 Equipment for animal husbandry nasce con l\u2019obiettivo di offrire soluzioni affidabili e innovative per l\u2019allevamento moderno. Con anni di esperienza nel settore zootecnico, progettiamo e realizziamo attrezzature destinate al benessere animale e alla gestione efficiente delle stalle: vasche, abbeveratoi, mangiatoie e sistemi di riscaldamento pensati per durare nel tempo e semplificare il lavoro quotidiano degli allevatori. Dalla progettazione alla produzione, ogni nostro prodotto \u00e8 studiato nei minimi dettagli, testato con cura e costruito per rispondere alle esigenze reali del settore. La nostra forza \u00e8 unire artigianalit\u00e0, tecnologia e competenza tecnica per trasformare ogni progetto in una soluzione concreta e funzionale. Oggi FDA SRL \u00e8 un punto di riferimento per privati e rivenditori che cercano qualit\u00e0, affidabilit\u00e0 e innovazione nelle attrezzature per l\u2019allevamento.","email":"info@fdasrl.it","telephone":"+390522826820","legalName":"F.D.A. SRL","foundingDate":"2024-10-13","vatID":"03075840359","taxID":"03075840359","numberOfEmployees":{"@type":"QuantitativeValue","minValue":"1","maxValue":"10"}}]},"product_price_currency":"EUR","og_availability":"instock","product_availability":"instock","product_retailer_item_id":"FA-BE","product_condition":"new"},"_links":{"self":[{"href":"https:\/\/fdasrl.it\/fr\/wp-json\/wp\/v2\/product\/3742","targetHints":{"allow":["GET"]}}],"collection":[{"href":"https:\/\/fdasrl.it\/fr\/wp-json\/wp\/v2\/product"}],"about":[{"href":"https:\/\/fdasrl.it\/fr\/wp-json\/wp\/v2\/types\/product"}],"replies":[{"embeddable":true,"href":"https:\/\/fdasrl.it\/fr\/wp-json\/wp\/v2\/comments?post=3742"}],"wp:featuredmedia":[{"embeddable":true,"href":"https:\/\/fdasrl.it\/fr\/wp-json\/wp\/v2\/media\/878"}],"wp:attachment":[{"href":"https:\/\/fdasrl.it\/fr\/wp-json\/wp\/v2\/media?parent=3742"}],"wp:term":[{"taxonomy":"product_brand","embeddable":true,"href":"https:\/\/fdasrl.it\/fr\/wp-json\/wp\/v2\/product_brand?post=3742"},{"taxonomy":"product_cat","embeddable":true,"href":"https:\/\/fdasrl.it\/fr\/wp-json\/wp\/v2\/product_cat?post=3742"},{"taxonomy":"product_tag","embeddable":true,"href":"https:\/\/fdasrl.it\/fr\/wp-json\/wp\/v2\/product_tag?post=3742"}],"curies":[{"name":"wp","href":"https:\/\/api.w.org\/{rel}","templated":true}]}}