{"id":3835,"date":"2025-01-21T10:30:25","date_gmt":"2025-01-21T09:30:25","guid":{"rendered":"https:\/\/fdasrl.it\/prodotto\/abreuvoir-thermique-antigel-a-deux-boules-fa-at-2\/"},"modified":"2025-01-21T10:30:25","modified_gmt":"2025-01-21T09:30:25","slug":"abreuvoir-thermique-antigel-a-deux-boules-fa-at-2","status":"publish","type":"product","link":"https:\/\/fdasrl.it\/fr\/prodotto\/abreuvoir-thermique-antigel-a-deux-boules-fa-at-2\/","title":{"rendered":"Abreuvoir thermique antigel \u00e0 deux boules FA-AT 2"},"content":{"rendered":"<h2 data-start=\"227\" data-end=\"307\">\u2744\ufe0f <strong data-start=\"233\" data-end=\"307\">Abreuvoir Thermique Antigel \u00e0 Deux Boules FA-AT 2 pour Bovins et \u00c9quins<\/strong><\/h2>\n<p data-start=\"309\" data-end=\"516\">L&rsquo;<strong data-start=\"311\" data-end=\"352\">abreuvoir thermique antigel FA-AT 2<\/strong> est con\u00e7u pour garantir une <strong data-start=\"380\" data-end=\"414\">eau disponible toute l&rsquo;ann\u00e9e<\/strong>, m\u00eame dans des conditions climatiques extr\u00eames jusqu&rsquo;\u00e0 <strong data-start=\"462\" data-end=\"472\">\u201330 \u00b0C<\/strong>, sans utilisation de r\u00e9sistances \u00e9lectriques.<\/p>\n<p data-start=\"518\" data-end=\"769\">Construit avec <strong data-start=\"532\" data-end=\"549\">double paroi<\/strong> et <strong data-start=\"552\" data-end=\"608\">isolation en mousse de polyur\u00e9thane haute densit\u00e9<\/strong>, il maintient la temp\u00e9rature de l&rsquo;eau entre <strong data-start=\"649\" data-end=\"672\">3\u00b0 et 5 \u00b0C en hiver<\/strong> et entre <strong data-start=\"679\" data-end=\"703\">10\u00b0 et 12 \u00b0C en \u00e9t\u00e9<\/strong>, assurant <strong data-start=\"717\" data-end=\"768\">hygi\u00e8ne, protection contre le gel et bien-\u00eatre animal<\/strong>.<\/p>\n<hr data-start=\"771\" data-end=\"774\">\n<h3 data-start=\"776\" data-end=\"822\">\ud83d\udc04 <strong data-start=\"783\" data-end=\"822\">Caract\u00e9ristiques techniques principales<\/strong><\/h3>\n<ul data-start=\"824\" data-end=\"1407\">\n<li data-start=\"824\" data-end=\"846\">\n<p data-start=\"826\" data-end=\"846\"><strong data-start=\"826\" data-end=\"837\">Mod\u00e8le<\/strong> : FA-AT 2<\/p>\n<\/li>\n<li data-start=\"847\" data-end=\"872\">\n<p data-start=\"849\" data-end=\"872\"><strong data-start=\"849\" data-end=\"861\">Capacit\u00e9<\/strong> : 100 litres<\/p>\n<\/li>\n<li data-start=\"873\" data-end=\"904\">\n<p data-start=\"875\" data-end=\"904\"><strong data-start=\"875\" data-end=\"894\">D\u00e9bit de la vanne<\/strong> : 35 l\/min<\/p>\n<\/li>\n<li data-start=\"905\" data-end=\"959\">\n<p data-start=\"907\" data-end=\"959\"><strong data-start=\"907\" data-end=\"930\">Alimentation en eau<\/strong> : raccordement par le bas 1\/2&Prime;<\/p>\n<\/li>\n<li data-start=\"960\" data-end=\"1007\">\n<p data-start=\"962\" data-end=\"1007\"><strong data-start=\"962\" data-end=\"984\">Isolation thermique<\/strong> en polyur\u00e9thane expans\u00e9<\/p>\n<\/li>\n<li data-start=\"1008\" data-end=\"1054\">\n<p data-start=\"1010\" data-end=\"1054\"><strong data-start=\"1010\" data-end=\"1035\">Double boule antigel<\/strong> \u00e0 niveau constant<\/p>\n<\/li>\n<li data-start=\"1055\" data-end=\"1109\">\n<p data-start=\"1057\" data-end=\"1109\"><strong data-start=\"1057\" data-end=\"1071\">Adapt\u00e9 pour<\/strong> : jusqu&rsquo;\u00e0 30 animaux (bovins et \u00e9quins)<\/p>\n<\/li>\n<li data-start=\"1110\" data-end=\"1148\">\n<p data-start=\"1112\" data-end=\"1148\"><strong data-start=\"1112\" data-end=\"1126\">Dimensions<\/strong> : 108,5 x 70 x 52,5 cm<\/p>\n<\/li>\n<li data-start=\"1149\" data-end=\"1200\">\n<p data-start=\"1151\" data-end=\"1200\"><strong data-start=\"1151\" data-end=\"1176\">R\u00e9siste jusqu&rsquo;\u00e0 \u201330 \u00b0C<\/strong> sans \u00e9nergie \u00e9lectrique<\/p>\n<\/li>\n<li data-start=\"1201\" data-end=\"1240\">\n<p data-start=\"1203\" data-end=\"1240\"><strong data-start=\"1203\" data-end=\"1221\">Vidange rapide<\/strong> avec bouchon \u00d8 100 mm<\/p>\n<\/li>\n<li data-start=\"1241\" data-end=\"1407\">\n<p data-start=\"1243\" data-end=\"1265\"><strong data-start=\"1243\" data-end=\"1264\">Accessoires inclus<\/strong> :<\/p>\n<ul data-start=\"1268\" data-end=\"1407\">\n<li data-start=\"1268\" data-end=\"1298\">\n<p data-start=\"1270\" data-end=\"1298\">Tirants de fixation au sol<\/p>\n<\/li>\n<li data-start=\"1301\" data-end=\"1356\">\n<p data-start=\"1303\" data-end=\"1356\">Joints de rechange pour la vanne \u00e0 flotteur<\/p>\n<\/li>\n<li data-start=\"1359\" data-end=\"1407\">\n<p data-start=\"1361\" data-end=\"1407\">Vanne de vidange avec tuyau flexible isol\u00e9<\/p>\n<\/li>\n<\/ul>\n<\/li>\n<\/ul>\n<hr data-start=\"1409\" data-end=\"1412\">\n<h3 data-start=\"1414\" data-end=\"1459\">\ud83d\udca7 <strong data-start=\"1421\" data-end=\"1459\">Avantages de l&rsquo;abreuvoir FA-AT 2<\/strong><\/h3>\n<ul data-start=\"1461\" data-end=\"1737\">\n<li data-start=\"1461\" data-end=\"1505\">\n<p data-start=\"1463\" data-end=\"1505\">Aucune alimentation \u00e9lectrique n\u00e9cessaire<\/p>\n<\/li>\n<li data-start=\"1506\" data-end=\"1543\">\n<p data-start=\"1508\" data-end=\"1543\">Protection antigel passive maximale<\/p>\n<\/li>\n<li data-start=\"1544\" data-end=\"1606\">\n<p data-start=\"1546\" data-end=\"1606\">Eau toujours disponible, propre et \u00e0 temp\u00e9rature contr\u00f4l\u00e9e<\/p>\n<\/li>\n<li data-start=\"1607\" data-end=\"1641\">\n<p data-start=\"1609\" data-end=\"1641\">Installation simple et robuste<\/p>\n<\/li>\n<li data-start=\"1642\" data-end=\"1691\">\n<p data-start=\"1644\" data-end=\"1691\">R\u00e9duit les salissures et am\u00e9liore l&rsquo;hygi\u00e8ne de l&rsquo;eau<\/p>\n<\/li>\n<li data-start=\"1692\" data-end=\"1737\">\n<p data-start=\"1694\" data-end=\"1737\">Id\u00e9al pour \u00e9tables, paddocks, enclos ext\u00e9rieurs<\/p>\n<\/li>\n<\/ul>\n<p>Achetez-le sur notre <a href=\"https:\/\/fda-shop.it\/shop\/articoli-per-allevamento\/abbeveratoi\/abbeveratoio-termico-antigelo-fa-at-2\" target=\"_blank\" rel=\"noopener\">boutique en ligne<\/a><\/p>\n","protected":false},"excerpt":{"rendered":"<p>Abreuvoir thermique antigel \u00e0 deux boules de 100 litres pour bovins et chevaux. Sans \u00e9lectricit\u00e9, r\u00e9siste jusqu&rsquo;\u00e0 -30 \u00b0C. Id\u00e9al pour \u00e9tables et enclos ext\u00e9rieurs.  <\/p>\n","protected":false},"featured_media":358,"comment_status":"open","ping_status":"closed","template":"","meta":{"_et_pb_use_builder":"","_et_pb_old_content":"","_et_gb_content_width":""},"product_brand":[],"product_cat":[547,909,396,611],"product_tag":[924],"class_list":{"0":"post-3835","1":"product","2":"type-product","3":"status-publish","4":"has-post-thumbnail","6":"product_cat-abreuvoirs-2","7":"product_cat-abreuvoirs-antigel","8":"product_cat-bovins","9":"product_cat-chevaux","10":"product_tag-fa-at2","12":"first","13":"instock","14":"shipping-taxable","15":"product-type-simple"},"yoast_head":"<!-- This site is optimized with the Yoast SEO Premium plugin v27.5 (Yoast SEO v27.5) - https:\/\/yoast.com\/product\/yoast-seo-premium-wordpress\/ -->\n<title>Abreuvoir thermique antigel pour bovins et \u00e9quins - Hiver - FDA srl<\/title>\n<meta name=\"description\" content=\"Maintenez vos animaux hydrat\u00e9s avec l&#039;abreuvoir thermique antigel pour bovins et \u00e9quins. Un excellent investissement pour leur bien-\u00eatre ! \u2744\ufe0f\" \/>\n<meta name=\"robots\" content=\"index, follow, max-snippet:-1, max-image-preview:large, max-video-preview:-1\" \/>\n<link rel=\"canonical\" href=\"https:\/\/fdasrl.it\/fr\/prodotto\/abreuvoir-thermique-antigel-a-deux-boules-fa-at-2\/\" \/>\n<meta property=\"og:locale\" content=\"fr_FR\" \/>\n<meta property=\"og:type\" content=\"article\" \/>\n<meta property=\"og:title\" content=\"Abreuvoir thermique antigel \u00e0 deux boules FA-AT 2\" \/>\n<meta property=\"og:description\" content=\"Maintenez vos animaux hydrat\u00e9s avec l&#039;abreuvoir thermique antigel pour bovins et \u00e9quins. Un excellent investissement pour leur bien-\u00eatre ! \u2744\ufe0f\" \/>\n<meta property=\"og:url\" content=\"https:\/\/fdasrl.it\/fr\/prodotto\/abreuvoir-thermique-antigel-a-deux-boules-fa-at-2\/\" \/>\n<meta property=\"og:site_name\" content=\"FDA srl\" \/>\n<meta property=\"article:publisher\" content=\"https:\/\/www.facebook.com\/share\/1MWhFWg1Tp\/?mibextid=LQQJ4d\" \/>\n<meta property=\"og:image\" content=\"https:\/\/fdasrl.it\/wp-content\/uploads\/2025\/01\/FA-AT-2.jpg\" \/>\n\t<meta property=\"og:image:width\" content=\"730\" \/>\n\t<meta property=\"og:image:height\" content=\"531\" \/>\n\t<meta property=\"og:image:type\" content=\"image\/jpeg\" \/>\n<meta name=\"twitter:card\" content=\"summary_large_image\" \/>\n<meta name=\"twitter:label1\" content=\"Prix\" \/>\n\t<meta name=\"twitter:data1\" content=\"\" \/>\n\t<meta name=\"twitter:label2\" content=\"Disponibilit\u00e9\" \/>\n\t<meta name=\"twitter:data2\" content=\"En stock\" \/>\n<meta property=\"product:price:currency\" content=\"EUR\" \/>\n<meta property=\"og:availability\" content=\"instock\" \/>\n<meta property=\"product:availability\" content=\"instock\" \/>\n<meta property=\"product:retailer_item_id\" content=\"FAAT2\" \/>\n<meta property=\"product:condition\" content=\"new\" \/>\n<!-- \/ Yoast SEO Premium plugin. -->","yoast_head_json":{"title":"Abreuvoir thermique antigel pour bovins et \u00e9quins - Hiver - FDA srl","description":"Maintenez vos animaux hydrat\u00e9s avec l'abreuvoir thermique antigel pour bovins et \u00e9quins. Un excellent investissement pour leur bien-\u00eatre ! \u2744\ufe0f","robots":{"index":"index","follow":"follow","max-snippet":"max-snippet:-1","max-image-preview":"max-image-preview:large","max-video-preview":"max-video-preview:-1"},"canonical":"https:\/\/fdasrl.it\/fr\/prodotto\/abreuvoir-thermique-antigel-a-deux-boules-fa-at-2\/","og_locale":"fr_FR","og_type":"article","og_title":"Abreuvoir thermique antigel \u00e0 deux boules FA-AT 2","og_description":"Maintenez vos animaux hydrat\u00e9s avec l'abreuvoir thermique antigel pour bovins et \u00e9quins. Un excellent investissement pour leur bien-\u00eatre ! \u2744\ufe0f","og_url":"https:\/\/fdasrl.it\/fr\/prodotto\/abreuvoir-thermique-antigel-a-deux-boules-fa-at-2\/","og_site_name":"FDA srl","article_publisher":"https:\/\/www.facebook.com\/share\/1MWhFWg1Tp\/?mibextid=LQQJ4d","og_image":[{"width":730,"height":531,"url":"https:\/\/fdasrl.it\/wp-content\/uploads\/2025\/01\/FA-AT-2.jpg","type":"image\/jpeg"}],"twitter_card":"summary_large_image","twitter_misc":{"Prix":"","Disponibilit\u00e9":"En stock"},"schema":{"@context":"https:\/\/schema.org","@graph":[{"@type":"WebPage","@id":"https:\/\/fdasrl.it\/fr\/prodotto\/abreuvoir-thermique-antigel-a-deux-boules-fa-at-2\/","url":"https:\/\/fdasrl.it\/fr\/prodotto\/abreuvoir-thermique-antigel-a-deux-boules-fa-at-2\/","name":"Abreuvoir thermique antigel pour bovins et \u00e9quins - Hiver - FDA srl","isPartOf":{"@id":"https:\/\/fdasrl.it\/fr\/#website"},"primaryImageOfPage":{"@id":"https:\/\/fdasrl.it\/fr\/prodotto\/abreuvoir-thermique-antigel-a-deux-boules-fa-at-2\/#primaryimage"},"image":{"@id":"https:\/\/fdasrl.it\/fr\/prodotto\/abreuvoir-thermique-antigel-a-deux-boules-fa-at-2\/#primaryimage"},"thumbnailUrl":"https:\/\/fdasrl.it\/wp-content\/uploads\/2025\/01\/FA-AT-2.jpg","datePublished":"2025-01-21T09:30:25+00:00","description":"Maintenez vos animaux hydrat\u00e9s avec l'abreuvoir thermique antigel pour bovins et \u00e9quins. Un excellent investissement pour leur bien-\u00eatre ! \u2744\ufe0f","breadcrumb":{"@id":"https:\/\/fdasrl.it\/fr\/prodotto\/abreuvoir-thermique-antigel-a-deux-boules-fa-at-2\/#breadcrumb"},"inLanguage":"fr-FR","potentialAction":[{"@type":"ReadAction","target":["https:\/\/fdasrl.it\/fr\/prodotto\/abreuvoir-thermique-antigel-a-deux-boules-fa-at-2\/"]}]},{"@type":"ImageObject","inLanguage":"fr-FR","@id":"https:\/\/fdasrl.it\/fr\/prodotto\/abreuvoir-thermique-antigel-a-deux-boules-fa-at-2\/#primaryimage","url":"https:\/\/fdasrl.it\/wp-content\/uploads\/2025\/01\/FA-AT-2.jpg","contentUrl":"https:\/\/fdasrl.it\/wp-content\/uploads\/2025\/01\/FA-AT-2.jpg","width":730,"height":531,"caption":"Abreuvoir thermique antigel \u00e0 deux boules FA-AT 2 pour bovins et \u00e9quins"},{"@type":"BreadcrumbList","@id":"https:\/\/fdasrl.it\/fr\/prodotto\/abreuvoir-thermique-antigel-a-deux-boules-fa-at-2\/#breadcrumb","itemListElement":[{"@type":"ListItem","position":1,"name":"Home","item":"https:\/\/fdasrl.it\/fr\/accueil\/"},{"@type":"ListItem","position":2,"name":"Boutique","item":"https:\/\/fdasrl.it\/fr\/boutique\/"},{"@type":"ListItem","position":3,"name":"Abreuvoir thermique antigel \u00e0 deux boules FA-AT 2"}]},{"@type":"WebSite","@id":"https:\/\/fdasrl.it\/fr\/#website","url":"https:\/\/fdasrl.it\/fr\/","name":"FDA srl","description":"Equipment for animal husbandry","publisher":{"@id":"https:\/\/fdasrl.it\/fr\/#organization"},"potentialAction":[{"@type":"SearchAction","target":{"@type":"EntryPoint","urlTemplate":"https:\/\/fdasrl.it\/fr\/?s={search_term_string}"},"query-input":{"@type":"PropertyValueSpecification","valueRequired":true,"valueName":"search_term_string"}}],"inLanguage":"fr-FR"},{"@type":"Organization","@id":"https:\/\/fdasrl.it\/fr\/#organization","name":"FDA srl","url":"https:\/\/fdasrl.it\/fr\/","logo":{"@type":"ImageObject","inLanguage":"fr-FR","@id":"https:\/\/fdasrl.it\/fr\/#\/schema\/logo\/image\/","url":"https:\/\/fdasrl.it\/wp-content\/uploads\/2024\/12\/Logo-FDA.png","contentUrl":"https:\/\/fdasrl.it\/wp-content\/uploads\/2024\/12\/Logo-FDA.png","width":316,"height":119,"caption":"FDA srl"},"image":{"@id":"https:\/\/fdasrl.it\/fr\/#\/schema\/logo\/image\/"},"sameAs":["https:\/\/www.facebook.com\/share\/1MWhFWg1Tp\/?mibextid=LQQJ4d","https:\/\/www.instagram.com\/fda_srl\/profilecard\/?igsh=YW5lbzJ6MWg0d21u","https:\/\/www.youtube.com\/@FDASRL_ANIMALCARE"],"description":"FDA SRL \u2013 Equipment for animal husbandry nasce con l\u2019obiettivo di offrire soluzioni affidabili e innovative per l\u2019allevamento moderno. Con anni di esperienza nel settore zootecnico, progettiamo e realizziamo attrezzature destinate al benessere animale e alla gestione efficiente delle stalle: vasche, abbeveratoi, mangiatoie e sistemi di riscaldamento pensati per durare nel tempo e semplificare il lavoro quotidiano degli allevatori. Dalla progettazione alla produzione, ogni nostro prodotto \u00e8 studiato nei minimi dettagli, testato con cura e costruito per rispondere alle esigenze reali del settore. La nostra forza \u00e8 unire artigianalit\u00e0, tecnologia e competenza tecnica per trasformare ogni progetto in una soluzione concreta e funzionale. Oggi FDA SRL \u00e8 un punto di riferimento per privati e rivenditori che cercano qualit\u00e0, affidabilit\u00e0 e innovazione nelle attrezzature per l\u2019allevamento.","email":"info@fdasrl.it","telephone":"+390522826820","legalName":"F.D.A. SRL","foundingDate":"2024-10-13","vatID":"03075840359","taxID":"03075840359","numberOfEmployees":{"@type":"QuantitativeValue","minValue":"1","maxValue":"10"}}]},"product_price_currency":"EUR","og_availability":"instock","product_availability":"instock","product_retailer_item_id":"FAAT2","product_condition":"new"},"_links":{"self":[{"href":"https:\/\/fdasrl.it\/fr\/wp-json\/wp\/v2\/product\/3835","targetHints":{"allow":["GET"]}}],"collection":[{"href":"https:\/\/fdasrl.it\/fr\/wp-json\/wp\/v2\/product"}],"about":[{"href":"https:\/\/fdasrl.it\/fr\/wp-json\/wp\/v2\/types\/product"}],"replies":[{"embeddable":true,"href":"https:\/\/fdasrl.it\/fr\/wp-json\/wp\/v2\/comments?post=3835"}],"wp:featuredmedia":[{"embeddable":true,"href":"https:\/\/fdasrl.it\/fr\/wp-json\/wp\/v2\/media\/358"}],"wp:attachment":[{"href":"https:\/\/fdasrl.it\/fr\/wp-json\/wp\/v2\/media?parent=3835"}],"wp:term":[{"taxonomy":"product_brand","embeddable":true,"href":"https:\/\/fdasrl.it\/fr\/wp-json\/wp\/v2\/product_brand?post=3835"},{"taxonomy":"product_cat","embeddable":true,"href":"https:\/\/fdasrl.it\/fr\/wp-json\/wp\/v2\/product_cat?post=3835"},{"taxonomy":"product_tag","embeddable":true,"href":"https:\/\/fdasrl.it\/fr\/wp-json\/wp\/v2\/product_tag?post=3835"}],"curies":[{"name":"wp","href":"https:\/\/api.w.org\/{rel}","templated":true}]}}