{"id":3891,"date":"2025-01-21T10:56:42","date_gmt":"2025-01-21T09:56:42","guid":{"rendered":"https:\/\/fdasrl.it\/prodotto\/abreuvoir-incline-a-bac-en-acier-inoxydable-fa-v5\/"},"modified":"2025-01-21T10:56:42","modified_gmt":"2025-01-21T09:56:42","slug":"abreuvoir-incline-a-bac-en-acier-inoxydable-fa-v5","status":"publish","type":"product","link":"https:\/\/fdasrl.it\/fr\/prodotto\/abreuvoir-incline-a-bac-en-acier-inoxydable-fa-v5\/","title":{"rendered":"ABREUVOIR INCLIN\u00c9 \u00c0 BAC EN ACIER INOXYDABLE FA-V5"},"content":{"rendered":"<h3 data-start=\"119\" data-end=\"189\">Abreuvoir automatique \u00e0 niveau constant mod\u00e8le inclin\u00e9 FA-V5<\/h3>\n<p data-start=\"191\" data-end=\"400\">L\u2019abreuvoir automatique <strong data-start=\"217\" data-end=\"226\">FA-V5<\/strong>, id\u00e9al pour les <strong data-start=\"239\" data-end=\"259\">bovins et les chevaux<\/strong>, est enti\u00e8rement r\u00e9alis\u00e9 en <strong data-start=\"289\" data-end=\"314\">acier inoxydable AISI 304<\/strong> d\u2019une \u00e9paisseur de <strong data-start=\"328\" data-end=\"340\">15\/10 mm<\/strong>, gage de robustesse, d\u2019hygi\u00e8ne et de long\u00e9vit\u00e9.<\/p>\n<p data-start=\"402\" data-end=\"637\">Le <strong data-start=\"405\" data-end=\"424\">bac inclin\u00e9<\/strong> assure un <strong data-start=\"437\" data-end=\"464\">flux d\u2019eau continu<\/strong>, tandis que les <strong data-start=\"475\" data-end=\"507\">bords arrondis anticoupure<\/strong> garantissent une s\u00e9curit\u00e9 maximale pour les animaux. La <strong data-start=\"562\" data-end=\"582\">fixation murale<\/strong> est simple et rapide gr\u00e2ce aux <strong data-start=\"615\" data-end=\"636\">plaques int\u00e9gr\u00e9es<\/strong>. <\/p>\n<p data-start=\"639\" data-end=\"674\">\u2705 <strong data-start=\"641\" data-end=\"672\">Caract\u00e9ristiques principales :<\/strong><\/p>\n<ul data-start=\"675\" data-end=\"1084\">\n<li data-start=\"675\" data-end=\"722\">\n<p data-start=\"677\" data-end=\"722\">Logement central pour <strong data-start=\"704\" data-end=\"720\">flotteur<\/strong><\/p>\n<\/li>\n<li data-start=\"723\" data-end=\"755\">\n<p data-start=\"725\" data-end=\"755\"><strong data-start=\"725\" data-end=\"744\">Capacit\u00e9 du bac :<\/strong> 80 litres<\/p>\n<\/li>\n<li data-start=\"756\" data-end=\"795\">\n<p data-start=\"758\" data-end=\"795\"><strong data-start=\"758\" data-end=\"785\">Prise d\u2019eau \u00e0 deux voies<\/strong> de 3\/4&Prime;<\/p>\n<\/li>\n<li data-start=\"796\" data-end=\"893\">\n<p data-start=\"798\" data-end=\"893\"><strong data-start=\"798\" data-end=\"822\">Pression de maintien :<\/strong> jusqu\u2019\u00e0 10 bar avec deux flotteurs inclus pour un remplissage rapide<\/p>\n<\/li>\n<li data-start=\"894\" data-end=\"938\">\n<p data-start=\"896\" data-end=\"938\"><strong data-start=\"896\" data-end=\"907\">Vidange<\/strong> de 2&Prime; pour un nettoyage facile<\/p>\n<\/li>\n<li data-start=\"939\" data-end=\"981\">\n<p data-start=\"941\" data-end=\"981\"><strong data-start=\"941\" data-end=\"956\">Dimensions :<\/strong> L 100 \u00d7 P 40 \u00d7 H 60 cm<\/p>\n<\/li>\n<li data-start=\"982\" data-end=\"1048\">\n<p data-start=\"984\" data-end=\"1048\">Possibilit\u00e9 de <strong data-start=\"999\" data-end=\"1021\">fixation murale<\/strong> par chevilles \u00d8 12 mm<\/p>\n<\/li>\n<li data-start=\"1049\" data-end=\"1084\">\n<p data-start=\"1051\" data-end=\"1084\"><strong data-start=\"1051\" data-end=\"1075\">Encombrement arri\u00e8re :<\/strong> 120 cm<\/p>\n<\/li>\n<li data-start=\"1049\" data-end=\"1084\">\u00c9quip\u00e9 d\u2019un robinet \u00e0 flotteur 3\/4&Prime;<\/li>\n<\/ul>\n<p data-start=\"1086\" data-end=\"1218\">Produit <strong data-start=\"1095\" data-end=\"1117\">100 % Made in Italy<\/strong>, con\u00e7u pour r\u00e9sister aux conditions les plus exigeantes et garantir efficacit\u00e9 et durabilit\u00e9.<\/p>\n<p data-start=\"1220\" data-end=\"1272\">\ud83d\udc49 Demandez un prix pour la revente : <a href=\"mailto:info@fdasrl.it\">CLIQUEZ ICI<\/a><\/p>\n<p>\ud83d\udc49 Achetez-le sur notre  <a href=\"https:\/\/fda-shop.it\/shop\/articoli-per-allevamento\/abbeveratoi\/abbeveratoio-vasca-automatico-bovini\" target=\"_blank\" rel=\"noopener\">boutique en ligne<\/a><\/p>\n","protected":false},"excerpt":{"rendered":"<p>Abreuvoir automatique \u00e0 niveau constant en <strong data-start=\"142\" data-end=\"180\">acier inoxydable AISI 304 \u00e9p. 15\/10 mm<\/strong>, id\u00e9al pour les <strong data-start=\"193\" data-end=\"213\">bovins et les chevaux<\/strong>. \u00c9quip\u00e9 d\u2019un <strong data-start=\"225\" data-end=\"254\">robinet \u00e0 flotteur 3\/4&Prime;<\/strong>, d\u2019un bac inclin\u00e9 de <strong data-start=\"275\" data-end=\"287\">80 litres<\/strong>, d\u2019une vidange de 2&Prime; et d\u2019une fixation murale. <strong data-start=\"325\" data-end=\"342\">Made in Italy<\/strong>, r\u00e9sistant et s\u00fbr. <\/p>\n","protected":false},"featured_media":660,"comment_status":"open","ping_status":"closed","template":"","meta":{"_et_pb_use_builder":"","_et_pb_old_content":"","_et_gb_content_width":""},"product_brand":[],"product_cat":[523,547,546,396,611],"product_tag":[935],"class_list":{"0":"post-3891","1":"product","2":"type-product","3":"status-publish","4":"has-post-thumbnail","6":"product_cat-abreuvoirs","7":"product_cat-abreuvoirs-2","8":"product_cat-bacs-inox-pour-etables","9":"product_cat-bovins","10":"product_cat-chevaux","11":"product_tag-fa-v5","13":"first","14":"instock","15":"shipping-taxable","16":"product-type-simple"},"yoast_head":"<!-- This site is optimized with the Yoast SEO Premium plugin v27.5 (Yoast SEO v27.5) - https:\/\/yoast.com\/product\/yoast-seo-premium-wordpress\/ -->\n<title>Abreuvoir automatique mod\u00e8le inclin\u00e9 FA-V5 pour \u00e9levages - FDA srl<\/title>\n<meta name=\"description\" content=\"D\u00e9couvrez l\u2019abreuvoir automatique mod\u00e8le inclin\u00e9 FA-V5, parfait pour les bovins et les chevaux ! Robuste et facile \u00e0 installer, il garantit la s\u00e9curit\u00e9 \ud83d\udca7\" \/>\n<meta name=\"robots\" content=\"index, follow, max-snippet:-1, max-image-preview:large, max-video-preview:-1\" \/>\n<link rel=\"canonical\" href=\"https:\/\/fdasrl.it\/fr\/prodotto\/abreuvoir-incline-a-bac-en-acier-inoxydable-fa-v5\/\" \/>\n<meta property=\"og:locale\" content=\"fr_FR\" \/>\n<meta property=\"og:type\" content=\"article\" \/>\n<meta property=\"og:title\" content=\"ABREUVOIR INCLIN\u00c9 \u00c0 BAC EN ACIER INOXYDABLE FA-V5\" \/>\n<meta property=\"og:description\" content=\"D\u00e9couvrez l\u2019abreuvoir automatique mod\u00e8le inclin\u00e9 FA-V5, parfait pour les bovins et les chevaux ! Robuste et facile \u00e0 installer, il garantit la s\u00e9curit\u00e9 \ud83d\udca7\" \/>\n<meta property=\"og:url\" content=\"https:\/\/fdasrl.it\/fr\/prodotto\/abreuvoir-incline-a-bac-en-acier-inoxydable-fa-v5\/\" \/>\n<meta property=\"og:site_name\" content=\"FDA srl\" \/>\n<meta property=\"article:publisher\" content=\"https:\/\/www.facebook.com\/share\/1MWhFWg1Tp\/?mibextid=LQQJ4d\" \/>\n<meta property=\"og:image\" content=\"https:\/\/fdasrl.it\/wp-content\/uploads\/2025\/01\/Abbeveratoio-inclinato-inox-vasca-cavalli-mucche-favs5.jpeg\" \/>\n\t<meta property=\"og:image:width\" content=\"1000\" \/>\n\t<meta property=\"og:image:height\" content=\"571\" \/>\n\t<meta property=\"og:image:type\" content=\"image\/jpeg\" \/>\n<meta name=\"twitter:card\" content=\"summary_large_image\" \/>\n<meta name=\"twitter:label1\" content=\"Prix\" \/>\n\t<meta name=\"twitter:data1\" content=\"\" \/>\n\t<meta name=\"twitter:label2\" content=\"Disponibilit\u00e9\" \/>\n\t<meta name=\"twitter:data2\" content=\"En stock\" \/>\n<meta property=\"product:price:currency\" content=\"EUR\" \/>\n<meta property=\"og:availability\" content=\"instock\" \/>\n<meta property=\"product:availability\" content=\"instock\" \/>\n<meta property=\"product:retailer_item_id\" content=\"FA-V5\" \/>\n<meta property=\"product:condition\" content=\"new\" \/>\n<!-- \/ Yoast SEO Premium plugin. -->","yoast_head_json":{"title":"Abreuvoir automatique mod\u00e8le inclin\u00e9 FA-V5 pour \u00e9levages - FDA srl","description":"D\u00e9couvrez l\u2019abreuvoir automatique mod\u00e8le inclin\u00e9 FA-V5, parfait pour les bovins et les chevaux ! Robuste et facile \u00e0 installer, il garantit la s\u00e9curit\u00e9 \ud83d\udca7","robots":{"index":"index","follow":"follow","max-snippet":"max-snippet:-1","max-image-preview":"max-image-preview:large","max-video-preview":"max-video-preview:-1"},"canonical":"https:\/\/fdasrl.it\/fr\/prodotto\/abreuvoir-incline-a-bac-en-acier-inoxydable-fa-v5\/","og_locale":"fr_FR","og_type":"article","og_title":"ABREUVOIR INCLIN\u00c9 \u00c0 BAC EN ACIER INOXYDABLE FA-V5","og_description":"D\u00e9couvrez l\u2019abreuvoir automatique mod\u00e8le inclin\u00e9 FA-V5, parfait pour les bovins et les chevaux ! Robuste et facile \u00e0 installer, il garantit la s\u00e9curit\u00e9 \ud83d\udca7","og_url":"https:\/\/fdasrl.it\/fr\/prodotto\/abreuvoir-incline-a-bac-en-acier-inoxydable-fa-v5\/","og_site_name":"FDA srl","article_publisher":"https:\/\/www.facebook.com\/share\/1MWhFWg1Tp\/?mibextid=LQQJ4d","og_image":[{"width":1000,"height":571,"url":"https:\/\/fdasrl.it\/wp-content\/uploads\/2025\/01\/Abbeveratoio-inclinato-inox-vasca-cavalli-mucche-favs5.jpeg","type":"image\/jpeg"}],"twitter_card":"summary_large_image","twitter_misc":{"Prix":"","Disponibilit\u00e9":"En stock"},"schema":{"@context":"https:\/\/schema.org","@graph":[{"@type":"WebPage","@id":"https:\/\/fdasrl.it\/fr\/prodotto\/abreuvoir-incline-a-bac-en-acier-inoxydable-fa-v5\/","url":"https:\/\/fdasrl.it\/fr\/prodotto\/abreuvoir-incline-a-bac-en-acier-inoxydable-fa-v5\/","name":"Abreuvoir automatique mod\u00e8le inclin\u00e9 FA-V5 pour \u00e9levages - FDA srl","isPartOf":{"@id":"https:\/\/fdasrl.it\/fr\/#website"},"primaryImageOfPage":{"@id":"https:\/\/fdasrl.it\/fr\/prodotto\/abreuvoir-incline-a-bac-en-acier-inoxydable-fa-v5\/#primaryimage"},"image":{"@id":"https:\/\/fdasrl.it\/fr\/prodotto\/abreuvoir-incline-a-bac-en-acier-inoxydable-fa-v5\/#primaryimage"},"thumbnailUrl":"https:\/\/fdasrl.it\/wp-content\/uploads\/2025\/01\/Abbeveratoio-inclinato-inox-vasca-cavalli-mucche-favs5.jpeg","datePublished":"2025-01-21T09:56:42+00:00","description":"D\u00e9couvrez l\u2019abreuvoir automatique mod\u00e8le inclin\u00e9 FA-V5, parfait pour les bovins et les chevaux ! Robuste et facile \u00e0 installer, il garantit la s\u00e9curit\u00e9 \ud83d\udca7","breadcrumb":{"@id":"https:\/\/fdasrl.it\/fr\/prodotto\/abreuvoir-incline-a-bac-en-acier-inoxydable-fa-v5\/#breadcrumb"},"inLanguage":"fr-FR","potentialAction":[{"@type":"ReadAction","target":["https:\/\/fdasrl.it\/fr\/prodotto\/abreuvoir-incline-a-bac-en-acier-inoxydable-fa-v5\/"]}]},{"@type":"ImageObject","inLanguage":"fr-FR","@id":"https:\/\/fdasrl.it\/fr\/prodotto\/abreuvoir-incline-a-bac-en-acier-inoxydable-fa-v5\/#primaryimage","url":"https:\/\/fdasrl.it\/wp-content\/uploads\/2025\/01\/Abbeveratoio-inclinato-inox-vasca-cavalli-mucche-favs5.jpeg","contentUrl":"https:\/\/fdasrl.it\/wp-content\/uploads\/2025\/01\/Abbeveratoio-inclinato-inox-vasca-cavalli-mucche-favs5.jpeg","width":1000,"height":571,"caption":"Abreuvoir-incline-inox-bac-chevaux-vaches-favs5"},{"@type":"BreadcrumbList","@id":"https:\/\/fdasrl.it\/fr\/prodotto\/abreuvoir-incline-a-bac-en-acier-inoxydable-fa-v5\/#breadcrumb","itemListElement":[{"@type":"ListItem","position":1,"name":"Home","item":"https:\/\/fdasrl.it\/fr\/accueil\/"},{"@type":"ListItem","position":2,"name":"Boutique","item":"https:\/\/fdasrl.it\/fr\/boutique\/"},{"@type":"ListItem","position":3,"name":"ABREUVOIR INCLIN\u00c9 \u00c0 BAC EN ACIER INOXYDABLE FA-V5"}]},{"@type":"WebSite","@id":"https:\/\/fdasrl.it\/fr\/#website","url":"https:\/\/fdasrl.it\/fr\/","name":"FDA srl","description":"Equipment for animal husbandry","publisher":{"@id":"https:\/\/fdasrl.it\/fr\/#organization"},"potentialAction":[{"@type":"SearchAction","target":{"@type":"EntryPoint","urlTemplate":"https:\/\/fdasrl.it\/fr\/?s={search_term_string}"},"query-input":{"@type":"PropertyValueSpecification","valueRequired":true,"valueName":"search_term_string"}}],"inLanguage":"fr-FR"},{"@type":"Organization","@id":"https:\/\/fdasrl.it\/fr\/#organization","name":"FDA srl","url":"https:\/\/fdasrl.it\/fr\/","logo":{"@type":"ImageObject","inLanguage":"fr-FR","@id":"https:\/\/fdasrl.it\/fr\/#\/schema\/logo\/image\/","url":"https:\/\/fdasrl.it\/wp-content\/uploads\/2024\/12\/Logo-FDA.png","contentUrl":"https:\/\/fdasrl.it\/wp-content\/uploads\/2024\/12\/Logo-FDA.png","width":316,"height":119,"caption":"FDA srl"},"image":{"@id":"https:\/\/fdasrl.it\/fr\/#\/schema\/logo\/image\/"},"sameAs":["https:\/\/www.facebook.com\/share\/1MWhFWg1Tp\/?mibextid=LQQJ4d","https:\/\/www.instagram.com\/fda_srl\/profilecard\/?igsh=YW5lbzJ6MWg0d21u","https:\/\/www.youtube.com\/@FDASRL_ANIMALCARE"],"description":"FDA SRL \u2013 Equipment for animal husbandry nasce con l\u2019obiettivo di offrire soluzioni affidabili e innovative per l\u2019allevamento moderno. Con anni di esperienza nel settore zootecnico, progettiamo e realizziamo attrezzature destinate al benessere animale e alla gestione efficiente delle stalle: vasche, abbeveratoi, mangiatoie e sistemi di riscaldamento pensati per durare nel tempo e semplificare il lavoro quotidiano degli allevatori. Dalla progettazione alla produzione, ogni nostro prodotto \u00e8 studiato nei minimi dettagli, testato con cura e costruito per rispondere alle esigenze reali del settore. La nostra forza \u00e8 unire artigianalit\u00e0, tecnologia e competenza tecnica per trasformare ogni progetto in una soluzione concreta e funzionale. Oggi FDA SRL \u00e8 un punto di riferimento per privati e rivenditori che cercano qualit\u00e0, affidabilit\u00e0 e innovazione nelle attrezzature per l\u2019allevamento.","email":"info@fdasrl.it","telephone":"+390522826820","legalName":"F.D.A. SRL","foundingDate":"2024-10-13","vatID":"03075840359","taxID":"03075840359","numberOfEmployees":{"@type":"QuantitativeValue","minValue":"1","maxValue":"10"}}]},"product_price_currency":"EUR","og_availability":"instock","product_availability":"instock","product_retailer_item_id":"FA-V5","product_condition":"new"},"_links":{"self":[{"href":"https:\/\/fdasrl.it\/fr\/wp-json\/wp\/v2\/product\/3891","targetHints":{"allow":["GET"]}}],"collection":[{"href":"https:\/\/fdasrl.it\/fr\/wp-json\/wp\/v2\/product"}],"about":[{"href":"https:\/\/fdasrl.it\/fr\/wp-json\/wp\/v2\/types\/product"}],"replies":[{"embeddable":true,"href":"https:\/\/fdasrl.it\/fr\/wp-json\/wp\/v2\/comments?post=3891"}],"wp:featuredmedia":[{"embeddable":true,"href":"https:\/\/fdasrl.it\/fr\/wp-json\/wp\/v2\/media\/660"}],"wp:attachment":[{"href":"https:\/\/fdasrl.it\/fr\/wp-json\/wp\/v2\/media?parent=3891"}],"wp:term":[{"taxonomy":"product_brand","embeddable":true,"href":"https:\/\/fdasrl.it\/fr\/wp-json\/wp\/v2\/product_brand?post=3891"},{"taxonomy":"product_cat","embeddable":true,"href":"https:\/\/fdasrl.it\/fr\/wp-json\/wp\/v2\/product_cat?post=3891"},{"taxonomy":"product_tag","embeddable":true,"href":"https:\/\/fdasrl.it\/fr\/wp-json\/wp\/v2\/product_tag?post=3891"}],"curies":[{"name":"wp","href":"https:\/\/api.w.org\/{rel}","templated":true}]}}