{"id":3923,"date":"2025-01-21T10:38:03","date_gmt":"2025-01-21T09:38:03","guid":{"rendered":"https:\/\/fdasrl.it\/prodotto\/pompe-de-circulation-antigel\/"},"modified":"2025-01-21T10:38:03","modified_gmt":"2025-01-21T09:38:03","slug":"pompe-de-circulation-antigel","status":"publish","type":"product","link":"https:\/\/fdasrl.it\/fr\/prodotto\/pompe-de-circulation-antigel\/","title":{"rendered":"Pompe de circulation antigel"},"content":{"rendered":"<h2 data-start=\"262\" data-end=\"361\">\ud83d\udca7 <strong data-start=\"268\" data-end=\"361\">AquaLine \u2013 Pompe de circulation antigel avec chauffage int\u00e9gr\u00e9 pour syst\u00e8mes d\u2019abreuvement<\/strong><\/h2>\n<p data-start=\"363\" data-end=\"737\"><strong data-start=\"363\" data-end=\"375\">AquaLine<\/strong> est la <strong data-start=\"381\" data-end=\"498\">solution professionnelle pour la circulation et le chauffage de l\u2019eau dans les syst\u00e8mes d\u2019abreuvement pour animaux<\/strong>, id\u00e9ale pour les circuits en boucle jusqu\u2019\u00e0 <strong data-start=\"538\" data-end=\"551\">250 m\u00e8tres<\/strong> (avec tuyau de 3\/4&Prime;). Le mouvement continu de l\u2019eau et le chauffage par r\u00e9sistance \u00e0 guillotine offrent une <strong data-start=\"666\" data-end=\"702\">protection s\u00fbre contre le gel<\/strong>, m\u00eame dans les conditions les plus rigoureuses. <\/p>\n<hr data-start=\"865\" data-end=\"868\">\n<h3 data-start=\"870\" data-end=\"905\">\u2699\ufe0f <strong data-start=\"877\" data-end=\"905\">Caract\u00e9ristiques techniques<\/strong><\/h3>\n<ul data-start=\"907\" data-end=\"1502\">\n<li data-start=\"907\" data-end=\"964\">\n<p data-start=\"909\" data-end=\"964\"><strong data-start=\"909\" data-end=\"937\">Fonctionnement 4 saisons<\/strong> : avec ou sans chauffage<\/p>\n<\/li>\n<li data-start=\"965\" data-end=\"1011\">\n<p data-start=\"967\" data-end=\"1011\"><strong data-start=\"967\" data-end=\"1011\">R\u00e9gulation automatique de la temp\u00e9rature<\/strong><\/p>\n<\/li>\n<li data-start=\"1012\" data-end=\"1091\">\n<p data-start=\"1014\" data-end=\"1091\"><strong data-start=\"1014\" data-end=\"1042\">Dispositif de s\u00e9curit\u00e9<\/strong> contre la surchauffe avec arr\u00eat automatique<\/p>\n<\/li>\n<li data-start=\"1092\" data-end=\"1141\">\n<p data-start=\"1094\" data-end=\"1141\"><strong data-start=\"1094\" data-end=\"1115\">Voyants LED s\u00e9par\u00e9s<\/strong> pour la pompe et le chauffage<\/p>\n<\/li>\n<li data-start=\"1142\" data-end=\"1175\">\n<p data-start=\"1144\" data-end=\"1175\"><strong data-start=\"1144\" data-end=\"1175\">Purgeur d\u2019air int\u00e9gr\u00e9<\/strong><\/p>\n<\/li>\n<li data-start=\"1176\" data-end=\"1249\">\n<p data-start=\"1178\" data-end=\"1249\"><strong data-start=\"1178\" data-end=\"1202\">\u00c9lectronique prot\u00e9g\u00e9e<\/strong> dans un bo\u00eetier isol\u00e9 en polyamide anti-condensation<\/p>\n<\/li>\n<li data-start=\"1250\" data-end=\"1314\">\n<p data-start=\"1252\" data-end=\"1314\"><strong data-start=\"1252\" data-end=\"1278\">Installation simple<\/strong> au mur (kit de fixation inclus)<\/p>\n<\/li>\n<li data-start=\"1315\" data-end=\"1364\">\n<p data-start=\"1317\" data-end=\"1364\"><strong data-start=\"1317\" data-end=\"1336\">Design compact<\/strong>, id\u00e9al pour les espaces restreints<\/p>\n<\/li>\n<li data-start=\"1365\" data-end=\"1416\">\n<p data-start=\"1367\" data-end=\"1416\"><strong data-start=\"1367\" data-end=\"1389\">Faible entretien<\/strong>, mat\u00e9riaux de haute qualit\u00e9<\/p>\n<\/li>\n<li data-start=\"1417\" data-end=\"1443\">\n<p data-start=\"1419\" data-end=\"1443\"><strong data-start=\"1419\" data-end=\"1436\">Alimentation<\/strong> : 230 V<\/p>\n<\/li>\n<li data-start=\"1444\" data-end=\"1479\">\n<p data-start=\"1446\" data-end=\"1479\"><strong data-start=\"1446\" data-end=\"1463\">Raccord d\u2019eau<\/strong> : 3\/4\u201d par le bas<\/p>\n<\/li>\n<li data-start=\"1480\" data-end=\"1502\">\n<p data-start=\"1482\" data-end=\"1502\"><strong data-start=\"1482\" data-end=\"1494\">Garantie<\/strong> : 2 ans<\/p>\n<\/li>\n<\/ul>\n<hr data-start=\"1959\" data-end=\"1962\">\n<h3 data-start=\"1964\" data-end=\"2031\">\ud83d\udc04 <strong data-start=\"1971\" data-end=\"2031\">Parfaite pour les syst\u00e8mes d\u2019abreuvement dans les \u00e9levages de :<\/strong><\/h3>\n<ul data-start=\"2032\" data-end=\"2098\">\n<li data-start=\"2032\" data-end=\"2040\">\n<p data-start=\"2034\" data-end=\"2040\">Bovins<\/p>\n<\/li>\n<li data-start=\"2041\" data-end=\"2048\">\n<p data-start=\"2043\" data-end=\"2048\">Porcins<\/p>\n<\/li>\n<li data-start=\"2049\" data-end=\"2058\">\n<p data-start=\"2051\" data-end=\"2058\">Chevaux<\/p>\n<\/li>\n<li data-start=\"2059\" data-end=\"2071\">\n<p data-start=\"2061\" data-end=\"2071\">Ovins et caprins<\/p>\n<\/li>\n<li data-start=\"2072\" data-end=\"2098\">\n<p data-start=\"2074\" data-end=\"2098\">Autres animaux d\u2019\u00e9levage<\/p>\n<\/li>\n<\/ul>\n<p>Achetez-la sur notre <a href=\"https:\/\/fda-shop.it\/shop\/articoli-per-allevamento\/pompa-di-ricircolo-acqua-antigelo-marca-aqualine\" target=\"_blank\" rel=\"noopener\">boutique en ligne<\/a><\/p>\n","protected":false},"excerpt":{"rendered":"<p>Pompe de circulation avec chauffage int\u00e9gr\u00e9 pour syst\u00e8mes d\u2019abreuvement jusqu\u2019\u00e0 250 m. Protection antigel et installation simple. <\/p>\n","protected":false},"featured_media":366,"comment_status":"open","ping_status":"closed","template":"","meta":{"_et_pb_use_builder":"","_et_pb_old_content":"","_et_gb_content_width":""},"product_brand":[],"product_cat":[909,396],"product_tag":[941],"class_list":{"0":"post-3923","1":"product","2":"type-product","3":"status-publish","4":"has-post-thumbnail","6":"product_cat-abreuvoirs-antigel","7":"product_cat-bovins","8":"product_tag-neg-fabb0019","10":"first","11":"instock","12":"shipping-taxable","13":"product-type-simple"},"yoast_head":"<!-- This site is optimized with the Yoast SEO Premium plugin v27.5 (Yoast SEO v27.5) - https:\/\/yoast.com\/product\/yoast-seo-premium-wordpress\/ -->\n<title>Pompe de circulation antigel avec installation simple - FDA srl<\/title>\n<meta name=\"description\" content=\"D\u00e9couvrez la pompe de circulation antigel AquaLine, id\u00e9ale pour le chauffage de l\u2019eau dans les abreuvoirs. Commandez d\u00e8s aujourd\u2019hui votre solution professionnelle !\" \/>\n<meta name=\"robots\" content=\"index, follow, max-snippet:-1, max-image-preview:large, max-video-preview:-1\" \/>\n<link rel=\"canonical\" href=\"https:\/\/fdasrl.it\/fr\/prodotto\/pompe-de-circulation-antigel\/\" \/>\n<meta property=\"og:locale\" content=\"fr_FR\" \/>\n<meta property=\"og:type\" content=\"article\" \/>\n<meta property=\"og:title\" content=\"Pompe de circulation antigel\" \/>\n<meta property=\"og:description\" content=\"D\u00e9couvrez la pompe de circulation antigel AquaLine, id\u00e9ale pour le chauffage de l\u2019eau dans les abreuvoirs. Commandez d\u00e8s aujourd\u2019hui votre solution professionnelle !\" \/>\n<meta property=\"og:url\" content=\"https:\/\/fdasrl.it\/fr\/prodotto\/pompe-de-circulation-antigel\/\" \/>\n<meta property=\"og:site_name\" content=\"FDA srl\" \/>\n<meta property=\"article:publisher\" content=\"https:\/\/www.facebook.com\/share\/1MWhFWg1Tp\/?mibextid=LQQJ4d\" \/>\n<meta property=\"og:image\" content=\"https:\/\/fdasrl.it\/wp-content\/uploads\/2025\/01\/22331_3.jpg\" \/>\n\t<meta property=\"og:image:width\" content=\"500\" \/>\n\t<meta property=\"og:image:height\" content=\"500\" \/>\n\t<meta property=\"og:image:type\" content=\"image\/jpeg\" \/>\n<meta name=\"twitter:card\" content=\"summary_large_image\" \/>\n<meta name=\"twitter:label1\" content=\"Prix\" \/>\n\t<meta name=\"twitter:data1\" content=\"\" \/>\n\t<meta name=\"twitter:label2\" content=\"Disponibilit\u00e9\" \/>\n\t<meta name=\"twitter:data2\" content=\"En stock\" \/>\n<meta property=\"product:price:currency\" content=\"EUR\" \/>\n<meta property=\"og:availability\" content=\"instock\" \/>\n<meta property=\"product:availability\" content=\"instock\" \/>\n<meta property=\"product:retailer_item_id\" content=\"NEG-FABB0019\" \/>\n<meta property=\"product:condition\" content=\"new\" \/>\n<!-- \/ Yoast SEO Premium plugin. -->","yoast_head_json":{"title":"Pompe de circulation antigel avec installation simple - FDA srl","description":"D\u00e9couvrez la pompe de circulation antigel AquaLine, id\u00e9ale pour le chauffage de l\u2019eau dans les abreuvoirs. Commandez d\u00e8s aujourd\u2019hui votre solution professionnelle !","robots":{"index":"index","follow":"follow","max-snippet":"max-snippet:-1","max-image-preview":"max-image-preview:large","max-video-preview":"max-video-preview:-1"},"canonical":"https:\/\/fdasrl.it\/fr\/prodotto\/pompe-de-circulation-antigel\/","og_locale":"fr_FR","og_type":"article","og_title":"Pompe de circulation antigel","og_description":"D\u00e9couvrez la pompe de circulation antigel AquaLine, id\u00e9ale pour le chauffage de l\u2019eau dans les abreuvoirs. Commandez d\u00e8s aujourd\u2019hui votre solution professionnelle !","og_url":"https:\/\/fdasrl.it\/fr\/prodotto\/pompe-de-circulation-antigel\/","og_site_name":"FDA srl","article_publisher":"https:\/\/www.facebook.com\/share\/1MWhFWg1Tp\/?mibextid=LQQJ4d","og_image":[{"width":500,"height":500,"url":"https:\/\/fdasrl.it\/wp-content\/uploads\/2025\/01\/22331_3.jpg","type":"image\/jpeg"}],"twitter_card":"summary_large_image","twitter_misc":{"Prix":"","Disponibilit\u00e9":"En stock"},"schema":{"@context":"https:\/\/schema.org","@graph":[{"@type":"WebPage","@id":"https:\/\/fdasrl.it\/fr\/prodotto\/pompe-de-circulation-antigel\/","url":"https:\/\/fdasrl.it\/fr\/prodotto\/pompe-de-circulation-antigel\/","name":"Pompe de circulation antigel avec installation simple - FDA srl","isPartOf":{"@id":"https:\/\/fdasrl.it\/fr\/#website"},"primaryImageOfPage":{"@id":"https:\/\/fdasrl.it\/fr\/prodotto\/pompe-de-circulation-antigel\/#primaryimage"},"image":{"@id":"https:\/\/fdasrl.it\/fr\/prodotto\/pompe-de-circulation-antigel\/#primaryimage"},"thumbnailUrl":"https:\/\/fdasrl.it\/wp-content\/uploads\/2025\/01\/22331_3.jpg","datePublished":"2025-01-21T09:38:03+00:00","description":"D\u00e9couvrez la pompe de circulation antigel AquaLine, id\u00e9ale pour le chauffage de l\u2019eau dans les abreuvoirs. Commandez d\u00e8s aujourd\u2019hui votre solution professionnelle !","breadcrumb":{"@id":"https:\/\/fdasrl.it\/fr\/prodotto\/pompe-de-circulation-antigel\/#breadcrumb"},"inLanguage":"fr-FR","potentialAction":[{"@type":"ReadAction","target":["https:\/\/fdasrl.it\/fr\/prodotto\/pompe-de-circulation-antigel\/"]}]},{"@type":"ImageObject","inLanguage":"fr-FR","@id":"https:\/\/fdasrl.it\/fr\/prodotto\/pompe-de-circulation-antigel\/#primaryimage","url":"https:\/\/fdasrl.it\/wp-content\/uploads\/2025\/01\/22331_3.jpg","contentUrl":"https:\/\/fdasrl.it\/wp-content\/uploads\/2025\/01\/22331_3.jpg","width":500,"height":500},{"@type":"BreadcrumbList","@id":"https:\/\/fdasrl.it\/fr\/prodotto\/pompe-de-circulation-antigel\/#breadcrumb","itemListElement":[{"@type":"ListItem","position":1,"name":"Home","item":"https:\/\/fdasrl.it\/fr\/accueil\/"},{"@type":"ListItem","position":2,"name":"Boutique","item":"https:\/\/fdasrl.it\/fr\/boutique\/"},{"@type":"ListItem","position":3,"name":"Pompe de circulation antigel"}]},{"@type":"WebSite","@id":"https:\/\/fdasrl.it\/fr\/#website","url":"https:\/\/fdasrl.it\/fr\/","name":"FDA srl","description":"Equipment for animal husbandry","publisher":{"@id":"https:\/\/fdasrl.it\/fr\/#organization"},"potentialAction":[{"@type":"SearchAction","target":{"@type":"EntryPoint","urlTemplate":"https:\/\/fdasrl.it\/fr\/?s={search_term_string}"},"query-input":{"@type":"PropertyValueSpecification","valueRequired":true,"valueName":"search_term_string"}}],"inLanguage":"fr-FR"},{"@type":"Organization","@id":"https:\/\/fdasrl.it\/fr\/#organization","name":"FDA srl","url":"https:\/\/fdasrl.it\/fr\/","logo":{"@type":"ImageObject","inLanguage":"fr-FR","@id":"https:\/\/fdasrl.it\/fr\/#\/schema\/logo\/image\/","url":"https:\/\/fdasrl.it\/wp-content\/uploads\/2024\/12\/Logo-FDA.png","contentUrl":"https:\/\/fdasrl.it\/wp-content\/uploads\/2024\/12\/Logo-FDA.png","width":316,"height":119,"caption":"FDA srl"},"image":{"@id":"https:\/\/fdasrl.it\/fr\/#\/schema\/logo\/image\/"},"sameAs":["https:\/\/www.facebook.com\/share\/1MWhFWg1Tp\/?mibextid=LQQJ4d","https:\/\/www.instagram.com\/fda_srl\/profilecard\/?igsh=YW5lbzJ6MWg0d21u","https:\/\/www.youtube.com\/@FDASRL_ANIMALCARE"],"description":"FDA SRL \u2013 Equipment for animal husbandry nasce con l\u2019obiettivo di offrire soluzioni affidabili e innovative per l\u2019allevamento moderno. Con anni di esperienza nel settore zootecnico, progettiamo e realizziamo attrezzature destinate al benessere animale e alla gestione efficiente delle stalle: vasche, abbeveratoi, mangiatoie e sistemi di riscaldamento pensati per durare nel tempo e semplificare il lavoro quotidiano degli allevatori. Dalla progettazione alla produzione, ogni nostro prodotto \u00e8 studiato nei minimi dettagli, testato con cura e costruito per rispondere alle esigenze reali del settore. La nostra forza \u00e8 unire artigianalit\u00e0, tecnologia e competenza tecnica per trasformare ogni progetto in una soluzione concreta e funzionale. Oggi FDA SRL \u00e8 un punto di riferimento per privati e rivenditori che cercano qualit\u00e0, affidabilit\u00e0 e innovazione nelle attrezzature per l\u2019allevamento.","email":"info@fdasrl.it","telephone":"+390522826820","legalName":"F.D.A. SRL","foundingDate":"2024-10-13","vatID":"03075840359","taxID":"03075840359","numberOfEmployees":{"@type":"QuantitativeValue","minValue":"1","maxValue":"10"}}]},"product_price_currency":"EUR","og_availability":"instock","product_availability":"instock","product_retailer_item_id":"NEG-FABB0019","product_condition":"new"},"_links":{"self":[{"href":"https:\/\/fdasrl.it\/fr\/wp-json\/wp\/v2\/product\/3923","targetHints":{"allow":["GET"]}}],"collection":[{"href":"https:\/\/fdasrl.it\/fr\/wp-json\/wp\/v2\/product"}],"about":[{"href":"https:\/\/fdasrl.it\/fr\/wp-json\/wp\/v2\/types\/product"}],"replies":[{"embeddable":true,"href":"https:\/\/fdasrl.it\/fr\/wp-json\/wp\/v2\/comments?post=3923"}],"wp:featuredmedia":[{"embeddable":true,"href":"https:\/\/fdasrl.it\/fr\/wp-json\/wp\/v2\/media\/366"}],"wp:attachment":[{"href":"https:\/\/fdasrl.it\/fr\/wp-json\/wp\/v2\/media?parent=3923"}],"wp:term":[{"taxonomy":"product_brand","embeddable":true,"href":"https:\/\/fdasrl.it\/fr\/wp-json\/wp\/v2\/product_brand?post=3923"},{"taxonomy":"product_cat","embeddable":true,"href":"https:\/\/fdasrl.it\/fr\/wp-json\/wp\/v2\/product_cat?post=3923"},{"taxonomy":"product_tag","embeddable":true,"href":"https:\/\/fdasrl.it\/fr\/wp-json\/wp\/v2\/product_tag?post=3923"}],"curies":[{"name":"wp","href":"https:\/\/api.w.org\/{rel}","templated":true}]}}