{"id":4018,"date":"2025-01-21T09:57:19","date_gmt":"2025-01-21T08:57:19","guid":{"rendered":"https:\/\/fdasrl.it\/prodotto\/abreuvoir-en-fonte-a-niveau-automatique-pour-bovins-et-equins\/"},"modified":"2025-01-21T09:57:19","modified_gmt":"2025-01-21T08:57:19","slug":"abreuvoir-en-fonte-a-niveau-automatique-pour-bovins-et-equins","status":"publish","type":"product","link":"https:\/\/fdasrl.it\/fr\/prodotto\/abreuvoir-en-fonte-a-niveau-automatique-pour-bovins-et-equins\/","title":{"rendered":"Abreuvoir en fonte \u00e0 niveau automatique pour bovins et \u00e9quins"},"content":{"rendered":"<h3 data-start=\"396\" data-end=\"488\">Abreuvoir en fonte \u00e0 niveau constant automatique de 4,5 litres pour bovins et \u00e9quins \u2013 mod\u00e8le FDA<\/h3>\n<h4 data-start=\"490\" data-end=\"780\">L\u2019abreuvoir automatique FDA est la solution id\u00e9ale pour garantir un approvisionnement constant et s\u00fbr en eau aux bovins et aux \u00e9quins.<\/h4>\n<p data-start=\"490\" data-end=\"780\">R\u00e9alis\u00e9 en <strong data-start=\"639\" data-end=\"700\">fonte \u00e9maill\u00e9e et peinte avec traitement par cataphor\u00e8se<\/strong>, il est con\u00e7u pour r\u00e9sister dans le temps, m\u00eame dans les environnements d\u2019\u00e9levage exigeants.<\/p>\n<p data-start=\"782\" data-end=\"1116\">\u00c9quip\u00e9 d\u2019une <strong data-start=\"792\" data-end=\"843\">soupape \u00e0 flotteur FAR 16P \u00e0 boule r\u00e9glable<\/strong>, il maintient automatiquement un niveau d\u2019eau constant, r\u00e9duisant ainsi le gaspillage et les interventions manuelles. La <strong data-start=\"945\" data-end=\"979\">protection en acier inoxydable 304<\/strong> assure une r\u00e9sistance et une hygi\u00e8ne accrues, tandis que le <strong data-start=\"1030\" data-end=\"1060\">bouchon de vidange int\u00e9gr\u00e9<\/strong> permet un nettoyage rapide et simple du bol. <\/p>\n<p data-start=\"1118\" data-end=\"1253\">Gr\u00e2ce \u00e0 son <strong data-start=\"1128\" data-end=\"1157\">design compact et robuste<\/strong>, l\u2019abreuvoir peut \u00eatre install\u00e9 au <strong data-start=\"1198\" data-end=\"1222\">mur ou sur poteau<\/strong>, avec une arriv\u00e9e d\u2019eau par le bas.<\/p>\n<hr data-start=\"1255\" data-end=\"1258\">\n<h3 data-start=\"1260\" data-end=\"1292\">\u2699\ufe0f Caract\u00e9ristiques techniques :<\/h3>\n<ul data-start=\"1294\" data-end=\"1681\">\n<li data-start=\"1294\" data-end=\"1321\">\n<p data-start=\"1296\" data-end=\"1321\"><strong data-start=\"1296\" data-end=\"1308\">Capacit\u00e9<\/strong> : 4,5 litres<\/p>\n<\/li>\n<li data-start=\"1322\" data-end=\"1378\">\n<p data-start=\"1324\" data-end=\"1378\"><strong data-start=\"1324\" data-end=\"1337\">Mat\u00e9riau<\/strong> : fonte \u00e9maill\u00e9e, acier inoxydable AISI 304<\/p>\n<\/li>\n<li data-start=\"1379\" data-end=\"1433\">\n<p data-start=\"1381\" data-end=\"1433\"><strong data-start=\"1381\" data-end=\"1392\">Soupape<\/strong> : FAR 16P \u00e0 niveau constant r\u00e9glable<\/p>\n<\/li>\n<li data-start=\"1434\" data-end=\"1452\">\n<p data-start=\"1436\" data-end=\"1452\"><strong data-start=\"1436\" data-end=\"1444\">Poids<\/strong> : 7 kg<\/p>\n<\/li>\n<li data-start=\"1453\" data-end=\"1494\">\n<p data-start=\"1455\" data-end=\"1494\"><strong data-start=\"1455\" data-end=\"1485\">Diam\u00e8tre interne du bol<\/strong> : 21 cm<\/p>\n<\/li>\n<li data-start=\"1495\" data-end=\"1546\">\n<p data-start=\"1497\" data-end=\"1546\"><strong data-start=\"1497\" data-end=\"1514\">Installation<\/strong> : murale ou sur tube vertical<\/p>\n<\/li>\n<li data-start=\"1547\" data-end=\"1622\">\n<p data-start=\"1549\" data-end=\"1622\"><strong data-start=\"1549\" data-end=\"1564\">Traitement<\/strong> : peinture par cataphor\u00e8se, r\u00e9sistante \u00e0 la corrosion<\/p>\n<\/li>\n<li data-start=\"1623\" data-end=\"1681\">\n<p data-start=\"1625\" data-end=\"1681\"><strong data-start=\"1625\" data-end=\"1641\">Entretien<\/strong> : vidange inf\u00e9rieure pour un nettoyage rapide<\/p>\n<\/li>\n<\/ul>\n<p>&nbsp;<\/p>\n<p>\ud83d\udc49 Demandez un prix pour la revente : <a href=\"mailto:info@fdasrl.it\">CLIQUEZ ICI<\/a><\/p>\n<p>\ud83d\udc49 Achetez-le sur notre <a href=\"https:\/\/fda-shop.it\/shop\/articoli-per-allevamento\/abbeveratoi\/abbeveratoio-automatico-a-livello-costante-in-ghisa-45-l#\/299-tipo_di_fissaggio_-a_muro\" target=\"_blank\" rel=\"noopener\">boutique en ligne<\/a><\/p>\n","protected":false},"excerpt":{"rendered":"<p>Abreuvoir en fonte \u00e9maill\u00e9e de 4,5 l \u00e0 niveau constant, soupape FAR 16P et protection inox. Id\u00e9al pour bovins et \u00e9quins. <\/p>\n","protected":false},"featured_media":884,"comment_status":"open","ping_status":"closed","template":"","meta":{"_et_pb_use_builder":"","_et_pb_old_content":"","_et_gb_content_width":""},"product_brand":[],"product_cat":[523,547,396,611],"product_tag":[958,959],"class_list":{"0":"post-4018","1":"product","2":"type-product","3":"status-publish","4":"has-post-thumbnail","6":"product_cat-abreuvoirs","7":"product_cat-abreuvoirs-2","8":"product_cat-bovins","9":"product_cat-chevaux","10":"product_tag-fa-ag-fonte","11":"product_tag-faag-fonte","13":"first","14":"instock","15":"shipping-taxable","16":"product-type-simple"},"yoast_head":"<!-- This site is optimized with the Yoast SEO Premium plugin v27.5 (Yoast SEO v27.5) - https:\/\/yoast.com\/product\/yoast-seo-premium-wordpress\/ -->\n<title>Abreuvoir en fonte \u00e0 niveau automatique pour bovins et \u00e9quins - FDA srl<\/title>\n<meta name=\"description\" content=\"Choisissez l\u2019abreuvoir en fonte \u00e0 niveau automatique pour bovins et \u00e9quins pour une gestion de l\u2019eau sans gaspillage. D\u00e9couvrez-en plus d\u00e8s maintenant !\" \/>\n<meta name=\"robots\" content=\"index, follow, max-snippet:-1, max-image-preview:large, max-video-preview:-1\" \/>\n<link rel=\"canonical\" href=\"https:\/\/fdasrl.it\/fr\/prodotto\/abreuvoir-en-fonte-a-niveau-automatique-pour-bovins-et-equins\/\" \/>\n<meta property=\"og:locale\" content=\"fr_FR\" \/>\n<meta property=\"og:type\" content=\"article\" \/>\n<meta property=\"og:title\" content=\"Abreuvoir en fonte \u00e0 niveau automatique pour bovins et \u00e9quins\" \/>\n<meta property=\"og:description\" content=\"Choisissez l\u2019abreuvoir en fonte \u00e0 niveau automatique pour bovins et \u00e9quins pour une gestion de l\u2019eau sans gaspillage. D\u00e9couvrez-en plus d\u00e8s maintenant !\" \/>\n<meta property=\"og:url\" content=\"https:\/\/fdasrl.it\/fr\/prodotto\/abreuvoir-en-fonte-a-niveau-automatique-pour-bovins-et-equins\/\" \/>\n<meta property=\"og:site_name\" content=\"FDA srl\" \/>\n<meta property=\"article:publisher\" content=\"https:\/\/www.facebook.com\/share\/1MWhFWg1Tp\/?mibextid=LQQJ4d\" \/>\n<meta property=\"og:image\" content=\"https:\/\/fdasrl.it\/wp-content\/uploads\/2025\/01\/vaschetta-abbeveratoio-ghisa-fda-1.webp\" \/>\n\t<meta property=\"og:image:width\" content=\"1684\" \/>\n\t<meta property=\"og:image:height\" content=\"1190\" \/>\n\t<meta property=\"og:image:type\" content=\"image\/webp\" \/>\n<meta name=\"twitter:card\" content=\"summary_large_image\" \/>\n<meta name=\"twitter:label1\" content=\"Prix\" \/>\n\t<meta name=\"twitter:data1\" content=\"\" \/>\n\t<meta name=\"twitter:label2\" content=\"Disponibilit\u00e9\" \/>\n\t<meta name=\"twitter:data2\" content=\"En stock\" \/>\n<meta property=\"product:price:currency\" content=\"EUR\" \/>\n<meta property=\"og:availability\" content=\"instock\" \/>\n<meta property=\"product:availability\" content=\"instock\" \/>\n<meta property=\"product:retailer_item_id\" content=\"FAAG-GHISA\" \/>\n<meta property=\"product:condition\" content=\"new\" \/>\n<!-- \/ Yoast SEO Premium plugin. -->","yoast_head_json":{"title":"Abreuvoir en fonte \u00e0 niveau automatique pour bovins et \u00e9quins - FDA srl","description":"Choisissez l\u2019abreuvoir en fonte \u00e0 niveau automatique pour bovins et \u00e9quins pour une gestion de l\u2019eau sans gaspillage. D\u00e9couvrez-en plus d\u00e8s maintenant !","robots":{"index":"index","follow":"follow","max-snippet":"max-snippet:-1","max-image-preview":"max-image-preview:large","max-video-preview":"max-video-preview:-1"},"canonical":"https:\/\/fdasrl.it\/fr\/prodotto\/abreuvoir-en-fonte-a-niveau-automatique-pour-bovins-et-equins\/","og_locale":"fr_FR","og_type":"article","og_title":"Abreuvoir en fonte \u00e0 niveau automatique pour bovins et \u00e9quins","og_description":"Choisissez l\u2019abreuvoir en fonte \u00e0 niveau automatique pour bovins et \u00e9quins pour une gestion de l\u2019eau sans gaspillage. D\u00e9couvrez-en plus d\u00e8s maintenant !","og_url":"https:\/\/fdasrl.it\/fr\/prodotto\/abreuvoir-en-fonte-a-niveau-automatique-pour-bovins-et-equins\/","og_site_name":"FDA srl","article_publisher":"https:\/\/www.facebook.com\/share\/1MWhFWg1Tp\/?mibextid=LQQJ4d","og_image":[{"width":1684,"height":1190,"url":"https:\/\/fdasrl.it\/wp-content\/uploads\/2025\/01\/vaschetta-abbeveratoio-ghisa-fda-1.webp","type":"image\/webp"}],"twitter_card":"summary_large_image","twitter_misc":{"Prix":"","Disponibilit\u00e9":"En stock"},"schema":{"@context":"https:\/\/schema.org","@graph":[{"@type":"WebPage","@id":"https:\/\/fdasrl.it\/fr\/prodotto\/abreuvoir-en-fonte-a-niveau-automatique-pour-bovins-et-equins\/","url":"https:\/\/fdasrl.it\/fr\/prodotto\/abreuvoir-en-fonte-a-niveau-automatique-pour-bovins-et-equins\/","name":"Abreuvoir en fonte \u00e0 niveau automatique pour bovins et \u00e9quins - FDA srl","isPartOf":{"@id":"https:\/\/fdasrl.it\/fr\/#website"},"primaryImageOfPage":{"@id":"https:\/\/fdasrl.it\/fr\/prodotto\/abreuvoir-en-fonte-a-niveau-automatique-pour-bovins-et-equins\/#primaryimage"},"image":{"@id":"https:\/\/fdasrl.it\/fr\/prodotto\/abreuvoir-en-fonte-a-niveau-automatique-pour-bovins-et-equins\/#primaryimage"},"thumbnailUrl":"https:\/\/fdasrl.it\/wp-content\/uploads\/2025\/01\/vaschetta-abbeveratoio-ghisa-fda-1.webp","datePublished":"2025-01-21T08:57:19+00:00","description":"Choisissez l\u2019abreuvoir en fonte \u00e0 niveau automatique pour bovins et \u00e9quins pour une gestion de l\u2019eau sans gaspillage. D\u00e9couvrez-en plus d\u00e8s maintenant !","breadcrumb":{"@id":"https:\/\/fdasrl.it\/fr\/prodotto\/abreuvoir-en-fonte-a-niveau-automatique-pour-bovins-et-equins\/#breadcrumb"},"inLanguage":"fr-FR","potentialAction":[{"@type":"ReadAction","target":["https:\/\/fdasrl.it\/fr\/prodotto\/abreuvoir-en-fonte-a-niveau-automatique-pour-bovins-et-equins\/"]}]},{"@type":"ImageObject","inLanguage":"fr-FR","@id":"https:\/\/fdasrl.it\/fr\/prodotto\/abreuvoir-en-fonte-a-niveau-automatique-pour-bovins-et-equins\/#primaryimage","url":"https:\/\/fdasrl.it\/wp-content\/uploads\/2025\/01\/vaschetta-abbeveratoio-ghisa-fda-1.webp","contentUrl":"https:\/\/fdasrl.it\/wp-content\/uploads\/2025\/01\/vaschetta-abbeveratoio-ghisa-fda-1.webp","width":1684,"height":1190,"caption":"Vaschetta abbeveratoio in ghisa smaltata verde a livello costante - vista 1"},{"@type":"BreadcrumbList","@id":"https:\/\/fdasrl.it\/fr\/prodotto\/abreuvoir-en-fonte-a-niveau-automatique-pour-bovins-et-equins\/#breadcrumb","itemListElement":[{"@type":"ListItem","position":1,"name":"Home","item":"https:\/\/fdasrl.it\/fr\/accueil\/"},{"@type":"ListItem","position":2,"name":"Boutique","item":"https:\/\/fdasrl.it\/fr\/boutique\/"},{"@type":"ListItem","position":3,"name":"Abreuvoir en fonte \u00e0 niveau automatique pour bovins et \u00e9quins"}]},{"@type":"WebSite","@id":"https:\/\/fdasrl.it\/fr\/#website","url":"https:\/\/fdasrl.it\/fr\/","name":"FDA srl","description":"Equipment for animal husbandry","publisher":{"@id":"https:\/\/fdasrl.it\/fr\/#organization"},"potentialAction":[{"@type":"SearchAction","target":{"@type":"EntryPoint","urlTemplate":"https:\/\/fdasrl.it\/fr\/?s={search_term_string}"},"query-input":{"@type":"PropertyValueSpecification","valueRequired":true,"valueName":"search_term_string"}}],"inLanguage":"fr-FR"},{"@type":"Organization","@id":"https:\/\/fdasrl.it\/fr\/#organization","name":"FDA srl","url":"https:\/\/fdasrl.it\/fr\/","logo":{"@type":"ImageObject","inLanguage":"fr-FR","@id":"https:\/\/fdasrl.it\/fr\/#\/schema\/logo\/image\/","url":"https:\/\/fdasrl.it\/wp-content\/uploads\/2024\/12\/Logo-FDA.png","contentUrl":"https:\/\/fdasrl.it\/wp-content\/uploads\/2024\/12\/Logo-FDA.png","width":316,"height":119,"caption":"FDA srl"},"image":{"@id":"https:\/\/fdasrl.it\/fr\/#\/schema\/logo\/image\/"},"sameAs":["https:\/\/www.facebook.com\/share\/1MWhFWg1Tp\/?mibextid=LQQJ4d","https:\/\/www.instagram.com\/fda_srl\/profilecard\/?igsh=YW5lbzJ6MWg0d21u","https:\/\/www.youtube.com\/@FDASRL_ANIMALCARE"],"description":"FDA SRL \u2013 Equipment for animal husbandry nasce con l\u2019obiettivo di offrire soluzioni affidabili e innovative per l\u2019allevamento moderno. Con anni di esperienza nel settore zootecnico, progettiamo e realizziamo attrezzature destinate al benessere animale e alla gestione efficiente delle stalle: vasche, abbeveratoi, mangiatoie e sistemi di riscaldamento pensati per durare nel tempo e semplificare il lavoro quotidiano degli allevatori. Dalla progettazione alla produzione, ogni nostro prodotto \u00e8 studiato nei minimi dettagli, testato con cura e costruito per rispondere alle esigenze reali del settore. La nostra forza \u00e8 unire artigianalit\u00e0, tecnologia e competenza tecnica per trasformare ogni progetto in una soluzione concreta e funzionale. Oggi FDA SRL \u00e8 un punto di riferimento per privati e rivenditori che cercano qualit\u00e0, affidabilit\u00e0 e innovazione nelle attrezzature per l\u2019allevamento.","email":"info@fdasrl.it","telephone":"+390522826820","legalName":"F.D.A. SRL","foundingDate":"2024-10-13","vatID":"03075840359","taxID":"03075840359","numberOfEmployees":{"@type":"QuantitativeValue","minValue":"1","maxValue":"10"}}]},"product_price_currency":"EUR","og_availability":"instock","product_availability":"instock","product_retailer_item_id":"FAAG-GHISA","product_condition":"new"},"_links":{"self":[{"href":"https:\/\/fdasrl.it\/fr\/wp-json\/wp\/v2\/product\/4018","targetHints":{"allow":["GET"]}}],"collection":[{"href":"https:\/\/fdasrl.it\/fr\/wp-json\/wp\/v2\/product"}],"about":[{"href":"https:\/\/fdasrl.it\/fr\/wp-json\/wp\/v2\/types\/product"}],"replies":[{"embeddable":true,"href":"https:\/\/fdasrl.it\/fr\/wp-json\/wp\/v2\/comments?post=4018"}],"wp:featuredmedia":[{"embeddable":true,"href":"https:\/\/fdasrl.it\/fr\/wp-json\/wp\/v2\/media\/884"}],"wp:attachment":[{"href":"https:\/\/fdasrl.it\/fr\/wp-json\/wp\/v2\/media?parent=4018"}],"wp:term":[{"taxonomy":"product_brand","embeddable":true,"href":"https:\/\/fdasrl.it\/fr\/wp-json\/wp\/v2\/product_brand?post=4018"},{"taxonomy":"product_cat","embeddable":true,"href":"https:\/\/fdasrl.it\/fr\/wp-json\/wp\/v2\/product_cat?post=4018"},{"taxonomy":"product_tag","embeddable":true,"href":"https:\/\/fdasrl.it\/fr\/wp-json\/wp\/v2\/product_tag?post=4018"}],"curies":[{"name":"wp","href":"https:\/\/api.w.org\/{rel}","templated":true}]}}