{"id":4029,"date":"2025-01-21T11:23:26","date_gmt":"2025-01-21T10:23:26","guid":{"rendered":"https:\/\/fdasrl.it\/prodotto\/abreuvoir-automatique-a-bac-basculant-avec-fixation-murale\/"},"modified":"2025-01-21T11:23:26","modified_gmt":"2025-01-21T10:23:26","slug":"abreuvoir-automatique-a-bac-basculant-avec-fixation-murale","status":"publish","type":"product","link":"https:\/\/fdasrl.it\/fr\/prodotto\/abreuvoir-automatique-a-bac-basculant-avec-fixation-murale\/","title":{"rendered":"ABREUVOIR AUTOMATIQUE \u00c0 BAC BASCULANT AVEC FIXATION MURALE"},"content":{"rendered":"<h2 data-start=\"245\" data-end=\"352\">\ud83d\udeb0 <strong data-start=\"251\" data-end=\"352\">Abreuvoir automatique \u00e0 bac basculant FA VSRT en acier inoxydable \u2013 Id\u00e9al pour bovins et \u00e9quins<\/strong><\/h2>\n<p data-start=\"354\" data-end=\"686\">Abreuvoir automatique \u00e0 niveau constant, con\u00e7u pour l\u2019\u00e9levage professionnel de <strong data-start=\"444\" data-end=\"464\">bovins et chevaux<\/strong>, avec <strong data-start=\"470\" data-end=\"516\">bac basculant en acier inoxydable AISI 304<\/strong>.<br data-start=\"517\" data-end=\"520\">Le syst\u00e8me \u00e0 flotteur permet un <strong data-start=\"558\" data-end=\"593\">remplissage automatique constant<\/strong>, tandis que la <strong data-start=\"605\" data-end=\"637\">structure en acier galvanis\u00e9<\/strong> garantit r\u00e9sistance, stabilit\u00e9 et long\u00e9vit\u00e9.<\/p>\n<p data-start=\"688\" data-end=\"884\">Disponible en <strong data-start=\"703\" data-end=\"737\">trois versions (1 m, 1,5 m, 2 m)<\/strong> pour s\u2019adapter \u00e0 tout type d\u2019\u00e9levage.<br data-start=\"779\" data-end=\"782\">Le bac basculant permet un <strong data-start=\"816\" data-end=\"843\">nettoyage rapide et s\u00fbr<\/strong>, r\u00e9duisant le risque de contamination.<\/p>\n<hr data-start=\"886\" data-end=\"889\">\n<h3 data-start=\"891\" data-end=\"953\">\ud83d\udee0\ufe0f <strong data-start=\"899\" data-end=\"953\">Caract\u00e9ristiques techniques communes \u00e0 tous les mod\u00e8les :<\/strong><\/h3>\n<ul data-start=\"954\" data-end=\"1410\">\n<li data-start=\"954\" data-end=\"992\">\n<p data-start=\"956\" data-end=\"992\"><strong data-start=\"956\" data-end=\"990\">Bac en acier inoxydable AISI 304<\/strong><\/p>\n<\/li>\n<li data-start=\"993\" data-end=\"1088\">\n<p data-start=\"995\" data-end=\"1088\"><strong data-start=\"995\" data-end=\"1022\">Structure de protection<\/strong> en tube galvanis\u00e9 \u00e0 chaud avec pieds pour fixation au sol<\/p>\n<\/li>\n<li data-start=\"1089\" data-end=\"1187\">\n<p data-start=\"1091\" data-end=\"1187\"><strong data-start=\"1091\" data-end=\"1114\">Flotteur \u00d8 3\/4\u201d<\/strong> avec vanne en ABS, pr\u00e9filtre, corps de sph\u00e8re en PE et r\u00e9glage de la hauteur<\/p>\n<\/li>\n<li data-start=\"1188\" data-end=\"1227\">\n<p data-start=\"1190\" data-end=\"1227\"><strong data-start=\"1190\" data-end=\"1207\">D\u00e9bit d\u2019eau<\/strong> : 50 L\/min \u00e0 6 bar<\/p>\n<\/li>\n<li data-start=\"1228\" data-end=\"1275\">\n<p data-start=\"1230\" data-end=\"1275\"><strong data-start=\"1230\" data-end=\"1256\">Pression de service<\/strong> : de 0,5 \u00e0 12 bar<\/p>\n<\/li>\n<li data-start=\"1276\" data-end=\"1359\">\n<p data-start=\"1278\" data-end=\"1359\"><strong data-start=\"1278\" data-end=\"1309\">Syst\u00e8me \u00e0 niveau constant<\/strong> avec bac basculant pour faciliter le nettoyage<\/p>\n<\/li>\n<\/ul>\n<hr data-start=\"1412\" data-end=\"1415\">\n<h3 data-start=\"1417\" data-end=\"1448\">\ud83d\udccf <strong data-start=\"1424\" data-end=\"1448\">Mod\u00e8les disponibles :<\/strong><\/h3>\n<h4 data-start=\"1450\" data-end=\"1491\">\ud83d\udd39 <strong data-start=\"1458\" data-end=\"1491\">FA VSRT 1 \u2013 Longueur 1 m\u00e8tre<\/strong><\/h4>\n<ul data-start=\"1492\" data-end=\"1659\">\n<li data-start=\"1492\" data-end=\"1519\">\n<p data-start=\"1494\" data-end=\"1519\">Bac : 100 x 32 x 23 cm<\/p>\n<\/li>\n<li data-start=\"1520\" data-end=\"1553\">\n<p data-start=\"1522\" data-end=\"1553\">Espace d\u2019abreuvement : 88 cm<\/p>\n<\/li>\n<li data-start=\"1554\" data-end=\"1596\">\n<p data-start=\"1556\" data-end=\"1596\">Dimensions structure : 140 x 60 x 81 cm<\/p>\n<\/li>\n<li data-start=\"1597\" data-end=\"1659\">\n<p data-start=\"1599\" data-end=\"1659\"><strong data-start=\"1599\" data-end=\"1607\">Poids<\/strong> : 70 kg<br data-start=\"1614\" data-end=\"1617\">\ud83d\udc49 [<a href=\"https:\/\/fda-shop.it\/shop\/articoli-per-allevamento\/abbeveratoi\/abbeveratoio-automatico-un-metro-ribaltabile\"><strong data-start=\"1621\" data-end=\"1658\">Achetez-le sur notre boutique en ligne<\/strong><\/a>]<\/p>\n<\/li>\n<\/ul>\n<h4 data-start=\"1661\" data-end=\"1706\">\ud83d\udd39 <strong data-start=\"1669\" data-end=\"1706\">FA VSRT 1.5 \u2013 Longueur 1,5 m\u00e8tre<\/strong><\/h4>\n<ul data-start=\"1707\" data-end=\"1875\">\n<li data-start=\"1707\" data-end=\"1734\">\n<p data-start=\"1709\" data-end=\"1734\">Bac : 150 x 32 x 23 cm<\/p>\n<\/li>\n<li data-start=\"1735\" data-end=\"1769\">\n<p data-start=\"1737\" data-end=\"1769\">Espace d\u2019abreuvement : 138 cm<\/p>\n<\/li>\n<li data-start=\"1770\" data-end=\"1812\">\n<p data-start=\"1772\" data-end=\"1812\">Dimensions structure : 190 x 60 x 81 cm<\/p>\n<\/li>\n<li data-start=\"1813\" data-end=\"1875\">\n<p data-start=\"1815\" data-end=\"1875\"><strong data-start=\"1815\" data-end=\"1823\">Poids<\/strong> : 80 kg<br data-start=\"1830\" data-end=\"1833\">\ud83d\udc49 [<a href=\"https:\/\/fda-shop.it\/shop\/articoli-per-allevamento\/abbeveratoio-automatico-ribaltabile-un-metro-mezzo\"><strong data-start=\"1837\" data-end=\"1874\">Achetez-le sur notre boutique en ligne<\/strong><\/a>]<\/p>\n<\/li>\n<\/ul>\n<h4 data-start=\"1877\" data-end=\"1918\">\ud83d\udd39 <strong data-start=\"1885\" data-end=\"1918\">FA VSRT 2 \u2013 Longueur 2 m\u00e8tres<\/strong><\/h4>\n<ul data-start=\"1919\" data-end=\"2087\">\n<li data-start=\"1919\" data-end=\"1946\">\n<p data-start=\"1921\" data-end=\"1946\">Bac : 200 x 32 x 23 cm<\/p>\n<\/li>\n<li data-start=\"1947\" data-end=\"1981\">\n<p data-start=\"1949\" data-end=\"1981\">Espace d\u2019abreuvement : 188 cm<\/p>\n<\/li>\n<li data-start=\"1982\" data-end=\"2024\">\n<p data-start=\"1984\" data-end=\"2024\">Dimensions structure : 240 x 60 x 81 cm<\/p>\n<\/li>\n<li data-start=\"2025\" data-end=\"2087\">\n<p data-start=\"2027\" data-end=\"2087\"><strong data-start=\"2027\" data-end=\"2035\">Poids<\/strong> : 92 kg<br data-start=\"2042\" data-end=\"2045\">\ud83d\udc49 [<a href=\"https:\/\/fda-shop.it\/shop\/articoli-per-allevamento\/abbeveratoi\/abbeveratoio-automatico-due-metri-ribaltabile\"><strong data-start=\"2049\" data-end=\"2086\">Achetez-le sur notre boutique en ligne<\/strong><\/a>]<\/p>\n<\/li>\n<\/ul>\n","protected":false},"excerpt":{"rendered":"<p>Abreuvoir automatique \u00e0 niveau constant avec bac basculant en acier inoxydable AISI 304, id\u00e9al pour bovins et \u00e9quins.<\/p>\n","protected":false},"featured_media":399,"comment_status":"open","ping_status":"closed","template":"","meta":{"_et_pb_use_builder":"","_et_pb_old_content":"","_et_gb_content_width":""},"product_brand":[],"product_cat":[547,523,546,396,611],"product_tag":[960,961,963,962],"class_list":{"0":"post-4029","1":"product","2":"type-product","3":"status-publish","4":"has-post-thumbnail","6":"product_cat-abreuvoirs-2","7":"product_cat-abreuvoirs","8":"product_cat-bacs-inox-pour-etables","9":"product_cat-bovins","10":"product_cat-chevaux","11":"product_tag-fa-vsrt1","12":"product_tag-favsrt1","13":"product_tag-favsrt1-5","14":"product_tag-favsrt2","16":"first","17":"instock","18":"shipping-taxable","19":"product-type-simple"},"yoast_head":"<!-- This site is optimized with the Yoast SEO Premium plugin v27.5 (Yoast SEO v27.6) - https:\/\/yoast.com\/product\/yoast-seo-premium-wordpress\/ -->\n<title>Abreuvoir automatique \u00e0 niveau constant avec bac basculant - FDA srl<\/title>\n<meta name=\"description\" content=\"Optimisez votre \u00e9levage avec notre abreuvoir automatique \u00e0 niveau constant. Le bac en acier inoxydable est con\u00e7u pour durer ! \ud83d\udca7\" \/>\n<meta name=\"robots\" content=\"index, follow, max-snippet:-1, max-image-preview:large, max-video-preview:-1\" \/>\n<link rel=\"canonical\" href=\"https:\/\/fdasrl.it\/fr\/prodotto\/abreuvoir-automatique-a-bac-basculant-avec-fixation-murale\/\" \/>\n<meta property=\"og:locale\" content=\"fr_FR\" \/>\n<meta property=\"og:type\" content=\"article\" \/>\n<meta property=\"og:title\" content=\"ABREUVOIR AUTOMATIQUE \u00c0 BAC BASCULANT AVEC FIXATION MURALE\" \/>\n<meta property=\"og:description\" content=\"Optimisez votre \u00e9levage avec notre abreuvoir automatique \u00e0 niveau constant. Le bac en acier inoxydable est con\u00e7u pour durer ! \ud83d\udca7\" \/>\n<meta property=\"og:url\" content=\"https:\/\/fdasrl.it\/fr\/prodotto\/abreuvoir-automatique-a-bac-basculant-avec-fixation-murale\/\" \/>\n<meta property=\"og:site_name\" content=\"FDA srl\" \/>\n<meta property=\"article:publisher\" content=\"https:\/\/www.facebook.com\/share\/1MWhFWg1Tp\/?mibextid=LQQJ4d\" \/>\n<meta property=\"og:image\" content=\"https:\/\/fdasrl.it\/wp-content\/uploads\/2025\/01\/FA-VSRT1_1.jpg\" \/>\n\t<meta property=\"og:image:width\" content=\"621\" \/>\n\t<meta property=\"og:image:height\" content=\"640\" \/>\n\t<meta property=\"og:image:type\" content=\"image\/jpeg\" \/>\n<meta name=\"twitter:card\" content=\"summary_large_image\" \/>\n<meta name=\"twitter:label1\" content=\"Prix\" \/>\n\t<meta name=\"twitter:data1\" content=\"\" \/>\n\t<meta name=\"twitter:label2\" content=\"Disponibilit\u00e9\" \/>\n\t<meta name=\"twitter:data2\" content=\"En stock\" \/>\n<meta property=\"product:price:currency\" content=\"EUR\" \/>\n<meta property=\"og:availability\" content=\"instock\" \/>\n<meta property=\"product:availability\" content=\"instock\" \/>\n<meta property=\"product:retailer_item_id\" content=\"FAVSRT\" \/>\n<meta property=\"product:condition\" content=\"new\" \/>\n<!-- \/ Yoast SEO Premium plugin. -->","yoast_head_json":{"title":"Abreuvoir automatique \u00e0 niveau constant avec bac basculant - FDA srl","description":"Optimisez votre \u00e9levage avec notre abreuvoir automatique \u00e0 niveau constant. Le bac en acier inoxydable est con\u00e7u pour durer ! \ud83d\udca7","robots":{"index":"index","follow":"follow","max-snippet":"max-snippet:-1","max-image-preview":"max-image-preview:large","max-video-preview":"max-video-preview:-1"},"canonical":"https:\/\/fdasrl.it\/fr\/prodotto\/abreuvoir-automatique-a-bac-basculant-avec-fixation-murale\/","og_locale":"fr_FR","og_type":"article","og_title":"ABREUVOIR AUTOMATIQUE \u00c0 BAC BASCULANT AVEC FIXATION MURALE","og_description":"Optimisez votre \u00e9levage avec notre abreuvoir automatique \u00e0 niveau constant. Le bac en acier inoxydable est con\u00e7u pour durer ! \ud83d\udca7","og_url":"https:\/\/fdasrl.it\/fr\/prodotto\/abreuvoir-automatique-a-bac-basculant-avec-fixation-murale\/","og_site_name":"FDA srl","article_publisher":"https:\/\/www.facebook.com\/share\/1MWhFWg1Tp\/?mibextid=LQQJ4d","og_image":[{"width":621,"height":640,"url":"https:\/\/fdasrl.it\/wp-content\/uploads\/2025\/01\/FA-VSRT1_1.jpg","type":"image\/jpeg"}],"twitter_card":"summary_large_image","twitter_misc":{"Prix":"","Disponibilit\u00e9":"En stock"},"schema":{"@context":"https:\/\/schema.org","@graph":[{"@type":"WebPage","@id":"https:\/\/fdasrl.it\/fr\/prodotto\/abreuvoir-automatique-a-bac-basculant-avec-fixation-murale\/","url":"https:\/\/fdasrl.it\/fr\/prodotto\/abreuvoir-automatique-a-bac-basculant-avec-fixation-murale\/","name":"Abreuvoir automatique \u00e0 niveau constant avec bac basculant - FDA srl","isPartOf":{"@id":"https:\/\/fdasrl.it\/fr\/#website"},"primaryImageOfPage":{"@id":"https:\/\/fdasrl.it\/fr\/prodotto\/abreuvoir-automatique-a-bac-basculant-avec-fixation-murale\/#primaryimage"},"image":{"@id":"https:\/\/fdasrl.it\/fr\/prodotto\/abreuvoir-automatique-a-bac-basculant-avec-fixation-murale\/#primaryimage"},"thumbnailUrl":"https:\/\/fdasrl.it\/wp-content\/uploads\/2025\/01\/FA-VSRT1_1.jpg","datePublished":"2025-01-21T10:23:26+00:00","description":"Optimisez votre \u00e9levage avec notre abreuvoir automatique \u00e0 niveau constant. Le bac en acier inoxydable est con\u00e7u pour durer ! \ud83d\udca7","breadcrumb":{"@id":"https:\/\/fdasrl.it\/fr\/prodotto\/abreuvoir-automatique-a-bac-basculant-avec-fixation-murale\/#breadcrumb"},"inLanguage":"fr-FR","potentialAction":[{"@type":"ReadAction","target":["https:\/\/fdasrl.it\/fr\/prodotto\/abreuvoir-automatique-a-bac-basculant-avec-fixation-murale\/"]}]},{"@type":"ImageObject","inLanguage":"fr-FR","@id":"https:\/\/fdasrl.it\/fr\/prodotto\/abreuvoir-automatique-a-bac-basculant-avec-fixation-murale\/#primaryimage","url":"https:\/\/fdasrl.it\/wp-content\/uploads\/2025\/01\/FA-VSRT1_1.jpg","contentUrl":"https:\/\/fdasrl.it\/wp-content\/uploads\/2025\/01\/FA-VSRT1_1.jpg","width":621,"height":640,"caption":"Abbeveratoio automatico con vasca ribaltabile in acciaio inox per bovini e cavalli FA VSRT"},{"@type":"BreadcrumbList","@id":"https:\/\/fdasrl.it\/fr\/prodotto\/abreuvoir-automatique-a-bac-basculant-avec-fixation-murale\/#breadcrumb","itemListElement":[{"@type":"ListItem","position":1,"name":"Home","item":"https:\/\/fdasrl.it\/fr\/accueil\/"},{"@type":"ListItem","position":2,"name":"Boutique","item":"https:\/\/fdasrl.it\/fr\/boutique\/"},{"@type":"ListItem","position":3,"name":"ABREUVOIR AUTOMATIQUE \u00c0 BAC BASCULANT AVEC FIXATION MURALE"}]},{"@type":"WebSite","@id":"https:\/\/fdasrl.it\/fr\/#website","url":"https:\/\/fdasrl.it\/fr\/","name":"FDA srl","description":"Equipment for animal husbandry","publisher":{"@id":"https:\/\/fdasrl.it\/fr\/#organization"},"potentialAction":[{"@type":"SearchAction","target":{"@type":"EntryPoint","urlTemplate":"https:\/\/fdasrl.it\/fr\/?s={search_term_string}"},"query-input":{"@type":"PropertyValueSpecification","valueRequired":true,"valueName":"search_term_string"}}],"inLanguage":"fr-FR"},{"@type":"Organization","@id":"https:\/\/fdasrl.it\/fr\/#organization","name":"FDA srl","url":"https:\/\/fdasrl.it\/fr\/","logo":{"@type":"ImageObject","inLanguage":"fr-FR","@id":"https:\/\/fdasrl.it\/fr\/#\/schema\/logo\/image\/","url":"https:\/\/fdasrl.it\/wp-content\/uploads\/2024\/12\/Logo-FDA.png","contentUrl":"https:\/\/fdasrl.it\/wp-content\/uploads\/2024\/12\/Logo-FDA.png","width":316,"height":119,"caption":"FDA srl"},"image":{"@id":"https:\/\/fdasrl.it\/fr\/#\/schema\/logo\/image\/"},"sameAs":["https:\/\/www.facebook.com\/share\/1MWhFWg1Tp\/?mibextid=LQQJ4d","https:\/\/www.instagram.com\/fda_srl\/profilecard\/?igsh=YW5lbzJ6MWg0d21u","https:\/\/www.youtube.com\/@FDASRL_ANIMALCARE"],"description":"FDA SRL \u2013 Equipment for animal husbandry nasce con l\u2019obiettivo di offrire soluzioni affidabili e innovative per l\u2019allevamento moderno. Con anni di esperienza nel settore zootecnico, progettiamo e realizziamo attrezzature destinate al benessere animale e alla gestione efficiente delle stalle: vasche, abbeveratoi, mangiatoie e sistemi di riscaldamento pensati per durare nel tempo e semplificare il lavoro quotidiano degli allevatori. Dalla progettazione alla produzione, ogni nostro prodotto \u00e8 studiato nei minimi dettagli, testato con cura e costruito per rispondere alle esigenze reali del settore. La nostra forza \u00e8 unire artigianalit\u00e0, tecnologia e competenza tecnica per trasformare ogni progetto in una soluzione concreta e funzionale. Oggi FDA SRL \u00e8 un punto di riferimento per privati e rivenditori che cercano qualit\u00e0, affidabilit\u00e0 e innovazione nelle attrezzature per l\u2019allevamento.","email":"info@fdasrl.it","telephone":"+390522826820","legalName":"F.D.A. SRL","foundingDate":"2024-10-13","vatID":"03075840359","taxID":"03075840359","numberOfEmployees":{"@type":"QuantitativeValue","minValue":"1","maxValue":"10"}}]},"product_price_currency":"EUR","og_availability":"instock","product_availability":"instock","product_retailer_item_id":"FAVSRT","product_condition":"new"},"_links":{"self":[{"href":"https:\/\/fdasrl.it\/fr\/wp-json\/wp\/v2\/product\/4029","targetHints":{"allow":["GET"]}}],"collection":[{"href":"https:\/\/fdasrl.it\/fr\/wp-json\/wp\/v2\/product"}],"about":[{"href":"https:\/\/fdasrl.it\/fr\/wp-json\/wp\/v2\/types\/product"}],"replies":[{"embeddable":true,"href":"https:\/\/fdasrl.it\/fr\/wp-json\/wp\/v2\/comments?post=4029"}],"wp:featuredmedia":[{"embeddable":true,"href":"https:\/\/fdasrl.it\/fr\/wp-json\/wp\/v2\/media\/399"}],"wp:attachment":[{"href":"https:\/\/fdasrl.it\/fr\/wp-json\/wp\/v2\/media?parent=4029"}],"wp:term":[{"taxonomy":"product_brand","embeddable":true,"href":"https:\/\/fdasrl.it\/fr\/wp-json\/wp\/v2\/product_brand?post=4029"},{"taxonomy":"product_cat","embeddable":true,"href":"https:\/\/fdasrl.it\/fr\/wp-json\/wp\/v2\/product_cat?post=4029"},{"taxonomy":"product_tag","embeddable":true,"href":"https:\/\/fdasrl.it\/fr\/wp-json\/wp\/v2\/product_tag?post=4029"}],"curies":[{"name":"wp","href":"https:\/\/api.w.org\/{rel}","templated":true}]}}