{"id":4099,"date":"2025-01-21T10:43:30","date_gmt":"2025-01-21T09:43:30","guid":{"rendered":"https:\/\/fdasrl.it\/prodotto\/abreuvoir-a-niveau-constant-en-acier-inoxydable\/"},"modified":"2025-01-21T10:43:30","modified_gmt":"2025-01-21T09:43:30","slug":"abreuvoir-a-niveau-constant-en-acier-inoxydable","status":"publish","type":"product","link":"https:\/\/fdasrl.it\/fr\/prodotto\/abreuvoir-a-niveau-constant-en-acier-inoxydable\/","title":{"rendered":"Abreuvoir \u00e0 niveau constant en acier inoxydable"},"content":{"rendered":"<div class=\"product-intro\">\n<div class=\"product-intro-padding\">\n<div class=\"xt-container-content-wrapper\">\n<div class=\"xt-introduction-wrapper\">\n<p data-start=\"287\" data-end=\"544\">L\u2019<strong data-start=\"290\" data-end=\"334\">abreuvoir en acier inoxydable \u00e0 niveau constant<\/strong> est une solution robuste et hygi\u00e9nique pour l\u2019abreuvement des animaux. Fabriqu\u00e9 en <strong data-start=\"418\" data-end=\"443\">acier inoxydable AISI 304<\/strong>, il est id\u00e9al pour les applications zootechniques exigeant r\u00e9sistance, durabilit\u00e9 et facilit\u00e9 de nettoyage. <\/p>\n<h3 data-start=\"546\" data-end=\"582\">\u2705 <strong data-start=\"552\" data-end=\"582\">Caract\u00e9ristiques principales<\/strong><\/h3>\n<ul data-start=\"584\" data-end=\"1024\">\n<li data-start=\"584\" data-end=\"634\">\n<p data-start=\"586\" data-end=\"634\"><strong data-start=\"586\" data-end=\"599\">Mat\u00e9riau<\/strong> : Acier inoxydable 304 (\u00e9paisseur 10\/10)<\/p>\n<\/li>\n<li data-start=\"635\" data-end=\"704\">\n<p data-start=\"637\" data-end=\"704\"><strong data-start=\"637\" data-end=\"667\">Syst\u00e8me \u00e0 niveau constant<\/strong> avec <strong data-start=\"672\" data-end=\"696\">flotteur de 1\/2\u201d<\/strong> inclus<\/p>\n<\/li>\n<li data-start=\"705\" data-end=\"776\">\n<p data-start=\"707\" data-end=\"776\"><strong data-start=\"707\" data-end=\"737\">Logement du flotteur<\/strong> disponible \u00e0 gauche ou \u00e0 droite<\/p>\n<\/li>\n<li data-start=\"777\" data-end=\"835\">\n<p data-start=\"779\" data-end=\"835\"><strong data-start=\"779\" data-end=\"797\">Sans supports<\/strong> : adapt\u00e9 \u00e0 la pose<\/p>\n<\/li>\n<li data-start=\"836\" data-end=\"868\">\n<p data-start=\"838\" data-end=\"868\"><strong data-start=\"838\" data-end=\"858\">Capacit\u00e9 maximale<\/strong> : 45 litres<\/p>\n<\/li>\n<li data-start=\"869\" data-end=\"937\">\n<p data-start=\"871\" data-end=\"937\"><strong data-start=\"871\" data-end=\"897\">Vidange pour le nettoyage<\/strong> : raccord de 3\/4\u201d pour une vidange facile<\/p>\n<\/li>\n<li data-start=\"938\" data-end=\"975\">\n<p data-start=\"940\" data-end=\"975\"><strong data-start=\"940\" data-end=\"958\">Entr\u00e9e d\u2019eau<\/strong> : raccord de 3\/4\u201d<\/p>\n<\/li>\n<li data-start=\"976\" data-end=\"1024\">\n<p data-start=\"978\" data-end=\"1024\"><strong data-start=\"978\" data-end=\"1016\">Pression maximale du flotteur<\/strong> : 10 bar<\/p>\n<\/li>\n<\/ul>\n<h3 data-start=\"1026\" data-end=\"1059\">\ud83d\udcd0 <strong data-start=\"1033\" data-end=\"1059\">Dimensions disponibles<\/strong><\/h3>\n<ul data-start=\"1061\" data-end=\"1127\">\n<li data-start=\"1061\" data-end=\"1082\">\n<p data-start=\"1063\" data-end=\"1082\">60 x 30 x h 20 cm<\/p>\n<\/li>\n<li data-start=\"1083\" data-end=\"1104\">\n<p data-start=\"1085\" data-end=\"1104\">80 x 30 x h 20 cm<\/p>\n<\/li>\n<li data-start=\"1105\" data-end=\"1127\">\n<p data-start=\"1107\" data-end=\"1127\">120 x 30 x h 20 cm<\/p>\n<\/li>\n<\/ul>\n<blockquote data-start=\"1129\" data-end=\"1242\">\n<p data-start=\"1131\" data-end=\"1242\">Id\u00e9al pour les \u00e9levages de bovins, porcins, ovins, caprins et chevaux. Facile \u00e0 int\u00e9grer dans des \u00e9tables neuves ou existantes. <\/p>\n<\/blockquote>\n<h3 data-start=\"1244\" data-end=\"1267\">\ud83d\udd27 <strong data-start=\"1251\" data-end=\"1267\">Applications<\/strong><\/h3>\n<ul data-start=\"1269\" data-end=\"1367\">\n<li data-start=\"1269\" data-end=\"1294\">\n<p data-start=\"1271\" data-end=\"1294\">Abreuvoirs pour animaux<\/p>\n<\/li>\n<li data-start=\"1295\" data-end=\"1324\">\n<p data-start=\"1297\" data-end=\"1324\">Bacs pour \u00e9tables et enclos<\/p>\n<\/li>\n<li data-start=\"1325\" data-end=\"1367\">\n<p data-start=\"1327\" data-end=\"1367\">Syst\u00e8mes d\u2019abreuvement automatiques en \u00e9levage<\/p>\n<\/li>\n<\/ul>\n<h3 data-start=\"1369\" data-end=\"1415\">\ud83c\udf10 Pourquoi choisir nos abreuvoirs inox ?<\/h3>\n<ul data-start=\"1417\" data-end=\"1573\">\n<li data-start=\"1417\" data-end=\"1445\">\n<p data-start=\"1419\" data-end=\"1445\">Haute qualit\u00e9 des mat\u00e9riaux<\/p>\n<\/li>\n<li data-start=\"1446\" data-end=\"1485\">\n<p data-start=\"1448\" data-end=\"1485\">Hygi\u00e8ne maximale et facilit\u00e9 de lavage<\/p>\n<\/li>\n<li data-start=\"1486\" data-end=\"1528\">\n<p data-start=\"1488\" data-end=\"1528\">Longue dur\u00e9e de vie m\u00eame en conditions difficiles<\/p>\n<\/li>\n<li data-start=\"1529\" data-end=\"1573\">\n<p data-start=\"1531\" data-end=\"1573\">Produit con\u00e7u et fabriqu\u00e9 en Italie<\/p>\n<\/li>\n<\/ul>\n<hr data-start=\"1575\" data-end=\"1578\">\n<h4 data-start=\"1580\" data-end=\"1648\">\ud83d\udcde Contactez-nous pour des personnalisations ou des commandes en grande quantit\u00e9 &#8211; <a href=\"https:\/\/fdasrl.it\/fr\/contact\/#et_pb_contact_form_0\">CLIQUEZ ICI<\/a><\/h4>\n<\/div>\n<\/div>\n<\/div>\n<\/div>\n","protected":false},"excerpt":{"rendered":"<p>Abreuvoir en acier inoxydable AISI 304 \u00e0 niveau constant avec flotteur de 1\/2&Prime;, id\u00e9al pour \u00e9tables et \u00e9levages. Capacit\u00e9 45 litres, facile \u00e0 nettoyer. Trois tailles disponibles.  <\/p>\n","protected":false},"featured_media":369,"comment_status":"open","ping_status":"closed","template":"","meta":{"_et_pb_use_builder":"","_et_pb_old_content":"","_et_gb_content_width":""},"product_brand":[],"product_cat":[546,396,393],"product_tag":[975],"class_list":{"0":"post-4099","1":"product","2":"type-product","3":"status-publish","4":"has-post-thumbnail","6":"product_cat-bacs-inox-pour-etables","7":"product_cat-bovins","8":"product_cat-ovins-et-caprins","9":"product_tag-fa-vs1","11":"first","12":"instock","13":"shipping-taxable","14":"product-type-simple"},"yoast_head":"<!-- This site is optimized with the Yoast SEO Premium plugin v27.5 (Yoast SEO v27.5) - https:\/\/yoast.com\/product\/yoast-seo-premium-wordpress\/ -->\n<title>Abreuvoir en acier inoxydable pour \u00e9tables et enclos - FDA srl<\/title>\n<meta name=\"description\" content=\"Choisissez l\u2019abreuvoir en acier inoxydable pour une solution hygi\u00e9nique et robuste pour votre b\u00e9tail. En savoir plus !\" \/>\n<meta name=\"robots\" content=\"index, follow, max-snippet:-1, max-image-preview:large, max-video-preview:-1\" \/>\n<link rel=\"canonical\" href=\"https:\/\/fdasrl.it\/fr\/prodotto\/abreuvoir-a-niveau-constant-en-acier-inoxydable\/\" \/>\n<meta property=\"og:locale\" content=\"fr_FR\" \/>\n<meta property=\"og:type\" content=\"article\" \/>\n<meta property=\"og:title\" content=\"Abreuvoir \u00e0 niveau constant en acier inoxydable\" \/>\n<meta property=\"og:description\" content=\"Choisissez l\u2019abreuvoir en acier inoxydable pour une solution hygi\u00e9nique et robuste pour votre b\u00e9tail. En savoir plus !\" \/>\n<meta property=\"og:url\" content=\"https:\/\/fdasrl.it\/fr\/prodotto\/abreuvoir-a-niveau-constant-en-acier-inoxydable\/\" \/>\n<meta property=\"og:site_name\" content=\"FDA srl\" \/>\n<meta property=\"article:publisher\" content=\"https:\/\/www.facebook.com\/share\/1MWhFWg1Tp\/?mibextid=LQQJ4d\" \/>\n<meta property=\"og:image\" content=\"https:\/\/fdasrl.it\/wp-content\/uploads\/2025\/01\/FA-VS1.jpg\" \/>\n\t<meta property=\"og:image:width\" content=\"730\" \/>\n\t<meta property=\"og:image:height\" content=\"548\" \/>\n\t<meta property=\"og:image:type\" content=\"image\/jpeg\" \/>\n<meta name=\"twitter:card\" content=\"summary_large_image\" \/>\n<meta name=\"twitter:label1\" content=\"Prix\" \/>\n\t<meta name=\"twitter:data1\" content=\"\" \/>\n\t<meta name=\"twitter:label2\" content=\"Disponibilit\u00e9\" \/>\n\t<meta name=\"twitter:data2\" content=\"En stock\" \/>\n<meta property=\"product:price:currency\" content=\"EUR\" \/>\n<meta property=\"og:availability\" content=\"instock\" \/>\n<meta property=\"product:availability\" content=\"instock\" \/>\n<meta property=\"product:retailer_item_id\" content=\"FA-VS1\" \/>\n<meta property=\"product:condition\" content=\"new\" \/>\n<!-- \/ Yoast SEO Premium plugin. -->","yoast_head_json":{"title":"Abreuvoir en acier inoxydable pour \u00e9tables et enclos - FDA srl","description":"Choisissez l\u2019abreuvoir en acier inoxydable pour une solution hygi\u00e9nique et robuste pour votre b\u00e9tail. En savoir plus !","robots":{"index":"index","follow":"follow","max-snippet":"max-snippet:-1","max-image-preview":"max-image-preview:large","max-video-preview":"max-video-preview:-1"},"canonical":"https:\/\/fdasrl.it\/fr\/prodotto\/abreuvoir-a-niveau-constant-en-acier-inoxydable\/","og_locale":"fr_FR","og_type":"article","og_title":"Abreuvoir \u00e0 niveau constant en acier inoxydable","og_description":"Choisissez l\u2019abreuvoir en acier inoxydable pour une solution hygi\u00e9nique et robuste pour votre b\u00e9tail. En savoir plus !","og_url":"https:\/\/fdasrl.it\/fr\/prodotto\/abreuvoir-a-niveau-constant-en-acier-inoxydable\/","og_site_name":"FDA srl","article_publisher":"https:\/\/www.facebook.com\/share\/1MWhFWg1Tp\/?mibextid=LQQJ4d","og_image":[{"width":730,"height":548,"url":"https:\/\/fdasrl.it\/wp-content\/uploads\/2025\/01\/FA-VS1.jpg","type":"image\/jpeg"}],"twitter_card":"summary_large_image","twitter_misc":{"Prix":"","Disponibilit\u00e9":"En stock"},"schema":{"@context":"https:\/\/schema.org","@graph":[{"@type":"WebPage","@id":"https:\/\/fdasrl.it\/fr\/prodotto\/abreuvoir-a-niveau-constant-en-acier-inoxydable\/","url":"https:\/\/fdasrl.it\/fr\/prodotto\/abreuvoir-a-niveau-constant-en-acier-inoxydable\/","name":"Abreuvoir en acier inoxydable pour \u00e9tables et enclos - FDA srl","isPartOf":{"@id":"https:\/\/fdasrl.it\/fr\/#website"},"primaryImageOfPage":{"@id":"https:\/\/fdasrl.it\/fr\/prodotto\/abreuvoir-a-niveau-constant-en-acier-inoxydable\/#primaryimage"},"image":{"@id":"https:\/\/fdasrl.it\/fr\/prodotto\/abreuvoir-a-niveau-constant-en-acier-inoxydable\/#primaryimage"},"thumbnailUrl":"https:\/\/fdasrl.it\/wp-content\/uploads\/2025\/01\/FA-VS1.jpg","datePublished":"2025-01-21T09:43:30+00:00","description":"Choisissez l\u2019abreuvoir en acier inoxydable pour une solution hygi\u00e9nique et robuste pour votre b\u00e9tail. En savoir plus !","breadcrumb":{"@id":"https:\/\/fdasrl.it\/fr\/prodotto\/abreuvoir-a-niveau-constant-en-acier-inoxydable\/#breadcrumb"},"inLanguage":"fr-FR","potentialAction":[{"@type":"ReadAction","target":["https:\/\/fdasrl.it\/fr\/prodotto\/abreuvoir-a-niveau-constant-en-acier-inoxydable\/"]}]},{"@type":"ImageObject","inLanguage":"fr-FR","@id":"https:\/\/fdasrl.it\/fr\/prodotto\/abreuvoir-a-niveau-constant-en-acier-inoxydable\/#primaryimage","url":"https:\/\/fdasrl.it\/wp-content\/uploads\/2025\/01\/FA-VS1.jpg","contentUrl":"https:\/\/fdasrl.it\/wp-content\/uploads\/2025\/01\/FA-VS1.jpg","width":730,"height":548},{"@type":"BreadcrumbList","@id":"https:\/\/fdasrl.it\/fr\/prodotto\/abreuvoir-a-niveau-constant-en-acier-inoxydable\/#breadcrumb","itemListElement":[{"@type":"ListItem","position":1,"name":"Home","item":"https:\/\/fdasrl.it\/fr\/accueil\/"},{"@type":"ListItem","position":2,"name":"Boutique","item":"https:\/\/fdasrl.it\/fr\/boutique\/"},{"@type":"ListItem","position":3,"name":"Abreuvoir \u00e0 niveau constant en acier inoxydable"}]},{"@type":"WebSite","@id":"https:\/\/fdasrl.it\/fr\/#website","url":"https:\/\/fdasrl.it\/fr\/","name":"FDA srl","description":"Equipment for animal husbandry","publisher":{"@id":"https:\/\/fdasrl.it\/fr\/#organization"},"potentialAction":[{"@type":"SearchAction","target":{"@type":"EntryPoint","urlTemplate":"https:\/\/fdasrl.it\/fr\/?s={search_term_string}"},"query-input":{"@type":"PropertyValueSpecification","valueRequired":true,"valueName":"search_term_string"}}],"inLanguage":"fr-FR"},{"@type":"Organization","@id":"https:\/\/fdasrl.it\/fr\/#organization","name":"FDA srl","url":"https:\/\/fdasrl.it\/fr\/","logo":{"@type":"ImageObject","inLanguage":"fr-FR","@id":"https:\/\/fdasrl.it\/fr\/#\/schema\/logo\/image\/","url":"https:\/\/fdasrl.it\/wp-content\/uploads\/2024\/12\/Logo-FDA.png","contentUrl":"https:\/\/fdasrl.it\/wp-content\/uploads\/2024\/12\/Logo-FDA.png","width":316,"height":119,"caption":"FDA srl"},"image":{"@id":"https:\/\/fdasrl.it\/fr\/#\/schema\/logo\/image\/"},"sameAs":["https:\/\/www.facebook.com\/share\/1MWhFWg1Tp\/?mibextid=LQQJ4d","https:\/\/www.instagram.com\/fda_srl\/profilecard\/?igsh=YW5lbzJ6MWg0d21u","https:\/\/www.youtube.com\/@FDASRL_ANIMALCARE"],"description":"FDA SRL \u2013 Equipment for animal husbandry nasce con l\u2019obiettivo di offrire soluzioni affidabili e innovative per l\u2019allevamento moderno. Con anni di esperienza nel settore zootecnico, progettiamo e realizziamo attrezzature destinate al benessere animale e alla gestione efficiente delle stalle: vasche, abbeveratoi, mangiatoie e sistemi di riscaldamento pensati per durare nel tempo e semplificare il lavoro quotidiano degli allevatori. Dalla progettazione alla produzione, ogni nostro prodotto \u00e8 studiato nei minimi dettagli, testato con cura e costruito per rispondere alle esigenze reali del settore. La nostra forza \u00e8 unire artigianalit\u00e0, tecnologia e competenza tecnica per trasformare ogni progetto in una soluzione concreta e funzionale. Oggi FDA SRL \u00e8 un punto di riferimento per privati e rivenditori che cercano qualit\u00e0, affidabilit\u00e0 e innovazione nelle attrezzature per l\u2019allevamento.","email":"info@fdasrl.it","telephone":"+390522826820","legalName":"F.D.A. SRL","foundingDate":"2024-10-13","vatID":"03075840359","taxID":"03075840359","numberOfEmployees":{"@type":"QuantitativeValue","minValue":"1","maxValue":"10"}}]},"product_price_currency":"EUR","og_availability":"instock","product_availability":"instock","product_retailer_item_id":"FA-VS1","product_condition":"new"},"_links":{"self":[{"href":"https:\/\/fdasrl.it\/fr\/wp-json\/wp\/v2\/product\/4099","targetHints":{"allow":["GET"]}}],"collection":[{"href":"https:\/\/fdasrl.it\/fr\/wp-json\/wp\/v2\/product"}],"about":[{"href":"https:\/\/fdasrl.it\/fr\/wp-json\/wp\/v2\/types\/product"}],"replies":[{"embeddable":true,"href":"https:\/\/fdasrl.it\/fr\/wp-json\/wp\/v2\/comments?post=4099"}],"wp:featuredmedia":[{"embeddable":true,"href":"https:\/\/fdasrl.it\/fr\/wp-json\/wp\/v2\/media\/369"}],"wp:attachment":[{"href":"https:\/\/fdasrl.it\/fr\/wp-json\/wp\/v2\/media?parent=4099"}],"wp:term":[{"taxonomy":"product_brand","embeddable":true,"href":"https:\/\/fdasrl.it\/fr\/wp-json\/wp\/v2\/product_brand?post=4099"},{"taxonomy":"product_cat","embeddable":true,"href":"https:\/\/fdasrl.it\/fr\/wp-json\/wp\/v2\/product_cat?post=4099"},{"taxonomy":"product_tag","embeddable":true,"href":"https:\/\/fdasrl.it\/fr\/wp-json\/wp\/v2\/product_tag?post=4099"}],"curies":[{"name":"wp","href":"https:\/\/api.w.org\/{rel}","templated":true}]}}