{"id":4146,"date":"2025-01-21T10:51:18","date_gmt":"2025-01-21T09:51:18","guid":{"rendered":"https:\/\/fdasrl.it\/prodotto\/abreuvoir-incline-a-bac-inox-automatique\/"},"modified":"2025-01-21T10:51:18","modified_gmt":"2025-01-21T09:51:18","slug":"abreuvoir-incline-a-bac-inox-automatique","status":"publish","type":"product","link":"https:\/\/fdasrl.it\/fr\/prodotto\/abreuvoir-incline-a-bac-inox-automatique\/","title":{"rendered":"ABREUVOIR INCLIN\u00c9 \u00c0 BAC INOX AUTOMATIQUE"},"content":{"rendered":"<h3 data-start=\"109\" data-end=\"179\">Abreuvoir automatique \u00e0 niveau constant mod\u00e8le inclin\u00e9 FA-V4<\/h3>\n<p data-start=\"181\" data-end=\"405\">L\u2019abreuvoir automatique <strong data-start=\"207\" data-end=\"216\">FA-V4<\/strong>, id\u00e9al pour <strong data-start=\"229\" data-end=\"264\">vaches, chevaux, ch\u00e8vres et moutons<\/strong>, est enti\u00e8rement r\u00e9alis\u00e9 en <strong data-start=\"294\" data-end=\"319\">acier inox AISI 304<\/strong> d\u2019une \u00e9paisseur de <strong data-start=\"333\" data-end=\"345\">15\/10 mm<\/strong>, gage de robustesse, d\u2019hygi\u00e8ne et de durabilit\u00e9.<\/p>\n<p data-start=\"407\" data-end=\"642\">Le <strong data-start=\"410\" data-end=\"429\">bac inclin\u00e9<\/strong> assure un <strong data-start=\"442\" data-end=\"469\">flux d\u2019eau continu<\/strong>, tandis que les <strong data-start=\"480\" data-end=\"512\">bords arrondis anticoupure<\/strong> garantissent une s\u00e9curit\u00e9 maximale pour les animaux. La <strong data-start=\"567\" data-end=\"587\">fixation murale<\/strong> est simple et rapide gr\u00e2ce aux <strong data-start=\"620\" data-end=\"641\">plaques int\u00e9gr\u00e9es<\/strong>. <\/p>\n<p data-start=\"644\" data-end=\"679\">\u2705 <strong data-start=\"646\" data-end=\"677\">Caract\u00e9ristiques principales :<\/strong><\/p>\n<ul data-start=\"680\" data-end=\"1130\">\n<li data-start=\"680\" data-end=\"712\">\n<p data-start=\"682\" data-end=\"712\"><strong data-start=\"682\" data-end=\"701\">Capacit\u00e9 du bac :<\/strong> 45 litres<\/p>\n<\/li>\n<li data-start=\"713\" data-end=\"778\">\n<p data-start=\"715\" data-end=\"778\">Logement pour <strong data-start=\"733\" data-end=\"749\">flotteur<\/strong> sur le c\u00f4t\u00e9 gauche ou droit<\/p>\n<\/li>\n<li data-start=\"779\" data-end=\"872\">\n<p data-start=\"781\" data-end=\"872\"><strong data-start=\"781\" data-end=\"810\">Robinet \u00e0 flotteur 3\/4&Prime;<\/strong> inclus pour maintenir automatiquement le niveau d\u2019eau<\/p>\n<\/li>\n<li data-start=\"873\" data-end=\"900\">\n<p data-start=\"875\" data-end=\"900\"><strong data-start=\"875\" data-end=\"893\">Arriv\u00e9e d\u2019eau :<\/strong> 3\/4&Prime;<\/p>\n<\/li>\n<li data-start=\"901\" data-end=\"943\">\n<p data-start=\"903\" data-end=\"943\"><strong data-start=\"903\" data-end=\"927\">Pression de service :<\/strong> jusqu\u2019\u00e0 10 bar<\/p>\n<\/li>\n<li data-start=\"944\" data-end=\"985\">\n<p data-start=\"946\" data-end=\"985\"><strong data-start=\"946\" data-end=\"958\">Vidange :<\/strong> de 2&Prime; pour un nettoyage facile<\/p>\n<\/li>\n<li data-start=\"986\" data-end=\"1027\">\n<p data-start=\"988\" data-end=\"1027\"><strong data-start=\"988\" data-end=\"1003\">Dimensions :<\/strong> L 80 \u00d7 P 30 \u00d7 H 40 cm<\/p>\n<\/li>\n<li data-start=\"1028\" data-end=\"1094\">\n<p data-start=\"1030\" data-end=\"1094\">Possibilit\u00e9 de <strong data-start=\"1045\" data-end=\"1067\">fixation murale<\/strong> par chevilles \u00d8 12 mm<\/p>\n<\/li>\n<li data-start=\"1095\" data-end=\"1130\">\n<p data-start=\"1097\" data-end=\"1130\"><strong data-start=\"1097\" data-end=\"1121\">Encombrement arri\u00e8re :<\/strong> 100 cm<\/p>\n<\/li>\n<\/ul>\n<p data-start=\"1132\" data-end=\"1264\">Produit <strong data-start=\"1141\" data-end=\"1163\">100 % Made in Italy<\/strong>, con\u00e7u pour r\u00e9sister aux conditions les plus exigeantes et garantir efficacit\u00e9 et durabilit\u00e9.<\/p>\n<p data-start=\"1266\" data-end=\"1427\"><br data-start=\"1318\" data-end=\"1321\"><strong data-start=\"1321\" data-end=\"1337\">\ud83d\udc49 Revendeurs :<\/strong> pour les conditions de revente, faites votre demande par e-mail : <a href=\"mailto:info@fdasrl.it\">cliquez ici.<\/a><\/p>\n<p data-start=\"1266\" data-end=\"1427\">\ud83d\udc49 Achetez-le sur notre <a href=\"https:\/\/fda-shop.it\/shop\/articoli-per-allevamento\/abbeveratoi\/abbeveratoio-automatico-bovini\" target=\"_blank\" rel=\"noopener\">boutique en ligne<\/a><\/p>\n","protected":false},"excerpt":{"rendered":"<p>Abreuvoir automatique \u00e0 niveau constant en <strong data-start=\"1504\" data-end=\"1542\">acier inox AISI 304 \u00e9p. 15\/10 mm<\/strong>, avec bac inclin\u00e9 de <strong data-start=\"1567\" data-end=\"1579\">45 litres<\/strong>, <strong data-start=\"1581\" data-end=\"1610\">robinet \u00e0 flotteur 3\/4&Prime;<\/strong> inclus et vidange de 2&Prime;. Id\u00e9al pour <strong data-start=\"1647\" data-end=\"1682\">bovins, chevaux, ch\u00e8vres et moutons<\/strong>. <\/p>\n","protected":false},"featured_media":378,"comment_status":"open","ping_status":"closed","template":"","meta":{"_et_pb_use_builder":"","_et_pb_old_content":"","_et_gb_content_width":""},"product_brand":[],"product_cat":[547,546,396,611,393],"product_tag":[983],"class_list":{"0":"post-4146","1":"product","2":"type-product","3":"status-publish","4":"has-post-thumbnail","6":"product_cat-abreuvoirs-2","7":"product_cat-bacs-inox-pour-etables","8":"product_cat-bovins","9":"product_cat-chevaux","10":"product_cat-ovins-et-caprins","11":"product_tag-fa-v4","13":"first","14":"instock","15":"shipping-taxable","16":"product-type-simple"},"yoast_head":"<!-- This site is optimized with the Yoast SEO Premium plugin v27.5 (Yoast SEO v27.6) - https:\/\/yoast.com\/product\/yoast-seo-premium-wordpress\/ -->\n<title>Abreuvoir inclin\u00e9 \u00e0 bac inox FA-V4 pour vaches et chevaux - FDA srl<\/title>\n<meta name=\"description\" content=\"S\u00e9curit\u00e9 et efficacit\u00e9 avec l\u2019abreuvoir inclin\u00e9 \u00e0 bac inox FA-V4 ! Id\u00e9al pour ch\u00e8vres, vaches et moutons, facilitez votre \u00e9levage. \ud83d\udc04\" \/>\n<meta name=\"robots\" content=\"index, follow, max-snippet:-1, max-image-preview:large, max-video-preview:-1\" \/>\n<link rel=\"canonical\" href=\"https:\/\/fdasrl.it\/fr\/prodotto\/abreuvoir-incline-a-bac-inox-automatique\/\" \/>\n<meta property=\"og:locale\" content=\"fr_FR\" \/>\n<meta property=\"og:type\" content=\"article\" \/>\n<meta property=\"og:title\" content=\"ABREUVOIR INCLIN\u00c9 \u00c0 BAC INOX AUTOMATIQUE\" \/>\n<meta property=\"og:description\" content=\"S\u00e9curit\u00e9 et efficacit\u00e9 avec l\u2019abreuvoir inclin\u00e9 \u00e0 bac inox FA-V4 ! Id\u00e9al pour ch\u00e8vres, vaches et moutons, facilitez votre \u00e9levage. \ud83d\udc04\" \/>\n<meta property=\"og:url\" content=\"https:\/\/fdasrl.it\/fr\/prodotto\/abreuvoir-incline-a-bac-inox-automatique\/\" \/>\n<meta property=\"og:site_name\" content=\"FDA srl\" \/>\n<meta property=\"article:publisher\" content=\"https:\/\/www.facebook.com\/share\/1MWhFWg1Tp\/?mibextid=LQQJ4d\" \/>\n<meta property=\"og:image\" content=\"https:\/\/fdasrl.it\/wp-content\/uploads\/2025\/01\/FA-VS4_2.jpg\" \/>\n\t<meta property=\"og:image:width\" content=\"800\" \/>\n\t<meta property=\"og:image:height\" content=\"600\" \/>\n\t<meta property=\"og:image:type\" content=\"image\/jpeg\" \/>\n<meta name=\"twitter:card\" content=\"summary_large_image\" \/>\n<meta name=\"twitter:label1\" content=\"Prix\" \/>\n\t<meta name=\"twitter:data1\" content=\"\" \/>\n\t<meta name=\"twitter:label2\" content=\"Disponibilit\u00e9\" \/>\n\t<meta name=\"twitter:data2\" content=\"En stock\" \/>\n<meta property=\"product:price:currency\" content=\"EUR\" \/>\n<meta property=\"og:availability\" content=\"instock\" \/>\n<meta property=\"product:availability\" content=\"instock\" \/>\n<meta property=\"product:retailer_item_id\" content=\"FA-V4\" \/>\n<meta property=\"product:condition\" content=\"new\" \/>\n<!-- \/ Yoast SEO Premium plugin. -->","yoast_head_json":{"title":"Abreuvoir inclin\u00e9 \u00e0 bac inox FA-V4 pour vaches et chevaux - FDA srl","description":"S\u00e9curit\u00e9 et efficacit\u00e9 avec l\u2019abreuvoir inclin\u00e9 \u00e0 bac inox FA-V4 ! Id\u00e9al pour ch\u00e8vres, vaches et moutons, facilitez votre \u00e9levage. \ud83d\udc04","robots":{"index":"index","follow":"follow","max-snippet":"max-snippet:-1","max-image-preview":"max-image-preview:large","max-video-preview":"max-video-preview:-1"},"canonical":"https:\/\/fdasrl.it\/fr\/prodotto\/abreuvoir-incline-a-bac-inox-automatique\/","og_locale":"fr_FR","og_type":"article","og_title":"ABREUVOIR INCLIN\u00c9 \u00c0 BAC INOX AUTOMATIQUE","og_description":"S\u00e9curit\u00e9 et efficacit\u00e9 avec l\u2019abreuvoir inclin\u00e9 \u00e0 bac inox FA-V4 ! Id\u00e9al pour ch\u00e8vres, vaches et moutons, facilitez votre \u00e9levage. \ud83d\udc04","og_url":"https:\/\/fdasrl.it\/fr\/prodotto\/abreuvoir-incline-a-bac-inox-automatique\/","og_site_name":"FDA srl","article_publisher":"https:\/\/www.facebook.com\/share\/1MWhFWg1Tp\/?mibextid=LQQJ4d","og_image":[{"width":800,"height":600,"url":"https:\/\/fdasrl.it\/wp-content\/uploads\/2025\/01\/FA-VS4_2.jpg","type":"image\/jpeg"}],"twitter_card":"summary_large_image","twitter_misc":{"Prix":"","Disponibilit\u00e9":"En stock"},"schema":{"@context":"https:\/\/schema.org","@graph":[{"@type":"WebPage","@id":"https:\/\/fdasrl.it\/fr\/prodotto\/abreuvoir-incline-a-bac-inox-automatique\/","url":"https:\/\/fdasrl.it\/fr\/prodotto\/abreuvoir-incline-a-bac-inox-automatique\/","name":"Abreuvoir inclin\u00e9 \u00e0 bac inox FA-V4 pour vaches et chevaux - FDA srl","isPartOf":{"@id":"https:\/\/fdasrl.it\/fr\/#website"},"primaryImageOfPage":{"@id":"https:\/\/fdasrl.it\/fr\/prodotto\/abreuvoir-incline-a-bac-inox-automatique\/#primaryimage"},"image":{"@id":"https:\/\/fdasrl.it\/fr\/prodotto\/abreuvoir-incline-a-bac-inox-automatique\/#primaryimage"},"thumbnailUrl":"https:\/\/fdasrl.it\/wp-content\/uploads\/2025\/01\/FA-VS4_2.jpg","datePublished":"2025-01-21T09:51:18+00:00","description":"S\u00e9curit\u00e9 et efficacit\u00e9 avec l\u2019abreuvoir inclin\u00e9 \u00e0 bac inox FA-V4 ! Id\u00e9al pour ch\u00e8vres, vaches et moutons, facilitez votre \u00e9levage. \ud83d\udc04","breadcrumb":{"@id":"https:\/\/fdasrl.it\/fr\/prodotto\/abreuvoir-incline-a-bac-inox-automatique\/#breadcrumb"},"inLanguage":"fr-FR","potentialAction":[{"@type":"ReadAction","target":["https:\/\/fdasrl.it\/fr\/prodotto\/abreuvoir-incline-a-bac-inox-automatique\/"]}]},{"@type":"ImageObject","inLanguage":"fr-FR","@id":"https:\/\/fdasrl.it\/fr\/prodotto\/abreuvoir-incline-a-bac-inox-automatique\/#primaryimage","url":"https:\/\/fdasrl.it\/wp-content\/uploads\/2025\/01\/FA-VS4_2.jpg","contentUrl":"https:\/\/fdasrl.it\/wp-content\/uploads\/2025\/01\/FA-VS4_2.jpg","width":800,"height":600},{"@type":"BreadcrumbList","@id":"https:\/\/fdasrl.it\/fr\/prodotto\/abreuvoir-incline-a-bac-inox-automatique\/#breadcrumb","itemListElement":[{"@type":"ListItem","position":1,"name":"Home","item":"https:\/\/fdasrl.it\/fr\/accueil\/"},{"@type":"ListItem","position":2,"name":"Boutique","item":"https:\/\/fdasrl.it\/fr\/boutique\/"},{"@type":"ListItem","position":3,"name":"ABREUVOIR INCLIN\u00c9 \u00c0 BAC INOX AUTOMATIQUE"}]},{"@type":"WebSite","@id":"https:\/\/fdasrl.it\/fr\/#website","url":"https:\/\/fdasrl.it\/fr\/","name":"FDA srl","description":"Equipment for animal husbandry","publisher":{"@id":"https:\/\/fdasrl.it\/fr\/#organization"},"potentialAction":[{"@type":"SearchAction","target":{"@type":"EntryPoint","urlTemplate":"https:\/\/fdasrl.it\/fr\/?s={search_term_string}"},"query-input":{"@type":"PropertyValueSpecification","valueRequired":true,"valueName":"search_term_string"}}],"inLanguage":"fr-FR"},{"@type":"Organization","@id":"https:\/\/fdasrl.it\/fr\/#organization","name":"FDA srl","url":"https:\/\/fdasrl.it\/fr\/","logo":{"@type":"ImageObject","inLanguage":"fr-FR","@id":"https:\/\/fdasrl.it\/fr\/#\/schema\/logo\/image\/","url":"https:\/\/fdasrl.it\/wp-content\/uploads\/2024\/12\/Logo-FDA.png","contentUrl":"https:\/\/fdasrl.it\/wp-content\/uploads\/2024\/12\/Logo-FDA.png","width":316,"height":119,"caption":"FDA srl"},"image":{"@id":"https:\/\/fdasrl.it\/fr\/#\/schema\/logo\/image\/"},"sameAs":["https:\/\/www.facebook.com\/share\/1MWhFWg1Tp\/?mibextid=LQQJ4d","https:\/\/www.instagram.com\/fda_srl\/profilecard\/?igsh=YW5lbzJ6MWg0d21u","https:\/\/www.youtube.com\/@FDASRL_ANIMALCARE"],"description":"FDA SRL \u2013 Equipment for animal husbandry nasce con l\u2019obiettivo di offrire soluzioni affidabili e innovative per l\u2019allevamento moderno. Con anni di esperienza nel settore zootecnico, progettiamo e realizziamo attrezzature destinate al benessere animale e alla gestione efficiente delle stalle: vasche, abbeveratoi, mangiatoie e sistemi di riscaldamento pensati per durare nel tempo e semplificare il lavoro quotidiano degli allevatori. Dalla progettazione alla produzione, ogni nostro prodotto \u00e8 studiato nei minimi dettagli, testato con cura e costruito per rispondere alle esigenze reali del settore. La nostra forza \u00e8 unire artigianalit\u00e0, tecnologia e competenza tecnica per trasformare ogni progetto in una soluzione concreta e funzionale. Oggi FDA SRL \u00e8 un punto di riferimento per privati e rivenditori che cercano qualit\u00e0, affidabilit\u00e0 e innovazione nelle attrezzature per l\u2019allevamento.","email":"info@fdasrl.it","telephone":"+390522826820","legalName":"F.D.A. SRL","foundingDate":"2024-10-13","vatID":"03075840359","taxID":"03075840359","numberOfEmployees":{"@type":"QuantitativeValue","minValue":"1","maxValue":"10"}}]},"product_price_currency":"EUR","og_availability":"instock","product_availability":"instock","product_retailer_item_id":"FA-V4","product_condition":"new"},"_links":{"self":[{"href":"https:\/\/fdasrl.it\/fr\/wp-json\/wp\/v2\/product\/4146","targetHints":{"allow":["GET"]}}],"collection":[{"href":"https:\/\/fdasrl.it\/fr\/wp-json\/wp\/v2\/product"}],"about":[{"href":"https:\/\/fdasrl.it\/fr\/wp-json\/wp\/v2\/types\/product"}],"replies":[{"embeddable":true,"href":"https:\/\/fdasrl.it\/fr\/wp-json\/wp\/v2\/comments?post=4146"}],"wp:featuredmedia":[{"embeddable":true,"href":"https:\/\/fdasrl.it\/fr\/wp-json\/wp\/v2\/media\/378"}],"wp:attachment":[{"href":"https:\/\/fdasrl.it\/fr\/wp-json\/wp\/v2\/media?parent=4146"}],"wp:term":[{"taxonomy":"product_brand","embeddable":true,"href":"https:\/\/fdasrl.it\/fr\/wp-json\/wp\/v2\/product_brand?post=4146"},{"taxonomy":"product_cat","embeddable":true,"href":"https:\/\/fdasrl.it\/fr\/wp-json\/wp\/v2\/product_cat?post=4146"},{"taxonomy":"product_tag","embeddable":true,"href":"https:\/\/fdasrl.it\/fr\/wp-json\/wp\/v2\/product_tag?post=4146"}],"curies":[{"name":"wp","href":"https:\/\/api.w.org\/{rel}","templated":true}]}}