{"id":4319,"date":"2025-01-21T09:53:08","date_gmt":"2025-01-21T08:53:08","guid":{"rendered":"https:\/\/fdasrl.it\/prodotto\/abreuvoir-en-polypropylene-haute-resistance\/"},"modified":"2025-01-21T09:53:08","modified_gmt":"2025-01-21T08:53:08","slug":"abreuvoir-en-polypropylene-haute-resistance","status":"publish","type":"product","link":"https:\/\/fdasrl.it\/fr\/prodotto\/abreuvoir-en-polypropylene-haute-resistance\/","title":{"rendered":"ABREUVOIR EN POLYPROPYL\u00c8NE HAUTE R\u00c9SISTANCE"},"content":{"rendered":"<h3><strong>Abreuvoir en polypropyl\u00e8ne haute r\u00e9sistance pour bovins, \u00e9quins, caprins, ovins et chiens<\/strong><\/h3>\n<h4 data-start=\"416\" data-end=\"791\">L&rsquo;abreuvoir FAAG POLIPROP de FDA SRL est con\u00e7u pour garantir <strong data-start=\"483\" data-end=\"514\">r\u00e9sistance, durabilit\u00e9 et hygi\u00e8ne<\/strong> dans tout environnement d&rsquo;\u00e9levage.<\/h4>\n<p data-start=\"416\" data-end=\"791\">Gr\u00e2ce \u00e0 l&rsquo;\u00e9paisseur \u00e9lev\u00e9e du bac (1,6 kg pour le corps moul\u00e9 seul) et \u00e0 la <strong data-start=\"628\" data-end=\"682\">valve \u00e0 flotteur \u00e0 niveau constant r\u00e9glable<\/strong>, il assure un approvisionnement en eau continu et fiable pour bovins, \u00e9quins, ovins, caprins et m\u00eame pour chiens.<\/p>\n<p data-start=\"793\" data-end=\"1052\">La structure comprend une <strong data-start=\"816\" data-end=\"846\">protection en acier inoxydable<\/strong>, une <strong data-start=\"848\" data-end=\"888\">vidange inf\u00e9rieure avec bouchon en caoutchouc<\/strong> pour un nettoyage rapide et une arriv\u00e9e d&rsquo;eau lat\u00e9rale (sur le fond droit) avec <strong data-start=\"964\" data-end=\"993\">filetage en laiton de 1\/2&Prime;<\/strong>. L&rsquo;abreuvoir peut \u00eatre mont\u00e9 au mur ou sur montant. <\/p>\n<p data-start=\"1054\" data-end=\"1151\">Il est disponible en trois mod\u00e8les, diff\u00e9renci\u00e9s par la composition du mat\u00e9riau plastique utilis\u00e9 :<\/p>\n<ul data-start=\"1153\" data-end=\"1431\">\n<li data-start=\"1153\" data-end=\"1186\">\n<p data-start=\"1155\" data-end=\"1186\"><strong data-start=\"1155\" data-end=\"1165\">Brillant<\/strong> \u2013 Polypropyl\u00e8ne PP<\/p>\n<\/li>\n<li data-start=\"1187\" data-end=\"1282\">\n<p data-start=\"1189\" data-end=\"1282\"><strong data-start=\"1189\" data-end=\"1199\">Strong<\/strong> \u2013 Polypropyl\u00e8ne avec talc, rigidit\u00e9 et r\u00e9sistance thermique sup\u00e9rieures, aspect mat<\/p>\n<\/li>\n<li data-start=\"1283\" data-end=\"1431\">\n<p data-start=\"1285\" data-end=\"1431\"><strong data-start=\"1285\" data-end=\"1301\">Super Strong<\/strong> \u2013 Polypropyl\u00e8ne avec 30 % de fibre de verre, tr\u00e8s haute r\u00e9sistance m\u00e9canique et thermique, finition mate avec l\u00e9g\u00e8res nuances blanches<\/p>\n<\/li>\n<\/ul>\n<p data-start=\"1433\" data-end=\"1564\"><strong>\ud83d\udc49 Tous les mat\u00e9riaux sont certifi\u00e9s pour usage alimentaire, adapt\u00e9s au contact avec l&rsquo;eau potable pour la s\u00e9curit\u00e9 des animaux.<\/strong><\/p>\n<hr data-start=\"1566\" data-end=\"1569\">\n<h3 data-start=\"1571\" data-end=\"1607\">\u2699\ufe0f <strong data-start=\"1578\" data-end=\"1607\">Caract\u00e9ristiques techniques :<\/strong><\/h3>\n<ul data-start=\"1609\" data-end=\"2073\">\n<li data-start=\"1609\" data-end=\"1636\">\n<p data-start=\"1611\" data-end=\"1636\"><strong data-start=\"1611\" data-end=\"1623\">Capacit\u00e9<\/strong> : 6,5 litres<\/p>\n<\/li>\n<li data-start=\"1637\" data-end=\"1690\">\n<p data-start=\"1639\" data-end=\"1690\"><strong data-start=\"1639\" data-end=\"1647\">Poids<\/strong> : 2,00 kg (mod\u00e8les Strong et Super Strong)<\/p>\n<\/li>\n<li data-start=\"1691\" data-end=\"1732\">\n<p data-start=\"1693\" data-end=\"1732\"><strong data-start=\"1693\" data-end=\"1723\">Diam\u00e8tre interne du bac<\/strong> : 22 cm<\/p>\n<\/li>\n<li data-start=\"1733\" data-end=\"1784\">\n<p data-start=\"1735\" data-end=\"1784\"><strong data-start=\"1735\" data-end=\"1748\">Mat\u00e9riau<\/strong> : polypropyl\u00e8ne haute r\u00e9sistance<\/p>\n<\/li>\n<li data-start=\"1785\" data-end=\"1832\">\n<p data-start=\"1787\" data-end=\"1832\"><strong data-start=\"1787\" data-end=\"1798\">Valve<\/strong> : \u00e0 niveau constant, r\u00e9glable<\/p>\n<\/li>\n<li data-start=\"1833\" data-end=\"1890\">\n<p data-start=\"1835\" data-end=\"1890\"><strong data-start=\"1835\" data-end=\"1852\">Raccord d&rsquo;eau<\/strong> : laiton 1\/2&Prime;, lat\u00e9ral bas droit<\/p>\n<\/li>\n<li data-start=\"1891\" data-end=\"1932\">\n<p data-start=\"1893\" data-end=\"1932\"><strong data-start=\"1893\" data-end=\"1904\">Vidange<\/strong> : bouchon en caoutchouc au fond<\/p>\n<\/li>\n<li data-start=\"1933\" data-end=\"1969\">\n<p data-start=\"1935\" data-end=\"1969\"><strong data-start=\"1935\" data-end=\"1949\">Protection<\/strong> : acier inoxydable 304<\/p>\n<\/li>\n<li data-start=\"1970\" data-end=\"2011\">\n<p data-start=\"1972\" data-end=\"2011\"><strong data-start=\"1972\" data-end=\"1989\">Installation<\/strong> : murale ou sur tube<\/p>\n<\/li>\n<li data-start=\"2012\" data-end=\"2073\">\n<p data-start=\"2014\" data-end=\"2073\"><strong data-start=\"2014\" data-end=\"2032\">Certification<\/strong> : mat\u00e9riau conforme pour usage alimentaire<\/p>\n<\/li>\n<\/ul>\n<hr data-start=\"2075\" data-end=\"2078\">\n<h3 data-start=\"2080\" data-end=\"2112\">\ud83d\udd0e <strong data-start=\"2087\" data-end=\"2112\">Variantes disponibles :<\/strong><\/h3>\n<ul data-start=\"2114\" data-end=\"2226\">\n<li data-start=\"2114\" data-end=\"2147\">\n<p data-start=\"2116\" data-end=\"2147\"><strong data-start=\"2116\" data-end=\"2126\">Brillant<\/strong> \u2013 Polypropyl\u00e8ne PP<\/p>\n<\/li>\n<li data-start=\"2148\" data-end=\"2177\">\n<p data-start=\"2150\" data-end=\"2177\"><strong data-start=\"2150\" data-end=\"2160\">Strong<\/strong> \u2013 PP avec talc<\/p>\n<\/li>\n<li data-start=\"2178\" data-end=\"2226\">\n<p data-start=\"2180\" data-end=\"2226\"><strong data-start=\"2180\" data-end=\"2196\">Super Strong<\/strong> \u2013 PP avec 30 % de fibre de verre<\/p>\n<\/li>\n<\/ul>\n<div><\/div>\n<div>\ud83d\udc49 Demandez un prix pour la revente : <a href=\"mailto:info@fdasrl.it\">CLIQUEZ ICI<\/a><\/div>\n<div><\/div>\n<div>\ud83d\udc49 Achetez-le sur notre boutique en ligne :<\/div>\n<div>&#8211; Mod\u00e8le Brillant\/Strong &#8211; <a href=\"https:\/\/fda-shop.it\/shop\/articoli-per-allevamento\/abbeveratoi\/abbeveratoio-automatico-per-bovini-ed-equini#\/25-accessori_e_confezioni-singola_unita\/78-colore-blu_navy\">Cliquez ici<\/a><\/div>\n<div>&#8211; Mod\u00e8le Super Strong &#8211; <a href=\"https:\/\/fda-shop.it\/shop\/articoli-per-allevamento\/abbeveratoi\/abbeveratoio-automatico-per-bovini-ed-equini-ad-alta-resistenza#\/25-accessori_e_confezioni-singola_unita\/78-colore-blu_navy\">Cliquez ici<\/a><\/div>\n","protected":false},"excerpt":{"rendered":"<p>Abreuvoir FAAG POLIPROP de FDA SRL en polypropyl\u00e8ne haute r\u00e9sistance, id\u00e9al pour bovins, \u00e9quins, caprins, ovins et chiens. \u00c9quip\u00e9 d&rsquo;un flotteur \u00e0 niveau constant avec protection en acier inoxydable et bouchon de vidange en caoutchouc pour un nettoyage facile. Capacit\u00e9 6,5 litres, montage mural ou sur montant, raccord d&rsquo;eau 1\/2&Prime; en laiton.  <\/p>\n","protected":false},"featured_media":713,"comment_status":"open","ping_status":"closed","template":"","meta":{"_et_pb_use_builder":"off","_et_pb_old_content":"<h4>Abreuvoir en polypropyl\u00e8ne haute r\u00e9sistance pour bovins, \u00e9quins, caprins, ovins et chiens<\/h4>\n<div>Abreuvoir en polypropyl\u00e8ne haute r\u00e9sistance, \u00e9paisseur \u00e9lev\u00e9e (1,6 kg pour le bac seul moul\u00e9 par injection) et qualit\u00e9,<\/div>\n<div>avec flotteur \u00e0 boule r\u00e9glable \u00e0 niveau constant et protection en acier inoxydable.<\/div>\n<div>Adapt\u00e9 pour bovins, \u00e9quins mais aussi caprins ovins et chiens.<\/div>\n<div><\/div>\n<ul>\n \t<li>Bouchon de vidange en caoutchouc au fond pour un nettoyage rapide.<\/li>\n \t<li>Montage mural et sur montant avec arriv\u00e9e d'eau sur le fond lat\u00e9ral droit avec filetage 1\/2\" en laiton.<\/li>\n \t<li>Capacit\u00e9 d'eau 6,5 litres<\/li>\n \t<li>Poids total 2,00 kg<\/li>\n \t<li>Diam\u00e8tre interne du bac 22 cm<\/li>\n<\/ul>\n<div>Demandez un devis pour quantit\u00e9 ou,<\/div>\n<div>achetez-le sur notre <a href=\"https:\/\/fda-shop.it\/shop\/bovini-vitelli\/bovini-vitelli-abbeveratoi\/beverino-per-bovini-a-livello-costante#\/25-accessori_e_confezioni-singola_unita\" target=\"_blank\" rel=\"noopener\">boutique en ligne<\/a><\/div>","_et_gb_content_width":""},"product_brand":[],"product_cat":[523,547,396,611,393],"product_tag":[1019,1020],"class_list":{"0":"post-4319","1":"product","2":"type-product","3":"status-publish","4":"has-post-thumbnail","6":"product_cat-abreuvoirs","7":"product_cat-abreuvoirs-2","8":"product_cat-bovins","9":"product_cat-chevaux","10":"product_cat-ovins-et-caprins","11":"product_tag-fa-ag-poliprop","12":"product_tag-faag-poliprop","14":"first","15":"instock","16":"shipping-taxable","17":"product-type-simple"},"yoast_head":"<!-- This site is optimized with the Yoast SEO Premium plugin v27.5 (Yoast SEO v27.5) - https:\/\/yoast.com\/product\/yoast-seo-premium-wordpress\/ -->\n<title>Abreuvoir en polypropyl\u00e8ne haute r\u00e9sistance - Nettoyage Facile - FDA srl<\/title>\n<meta name=\"description\" content=\"D\u00e9couvrez l&#039;abreuvoir en polypropyl\u00e8ne haute r\u00e9sistance, id\u00e9al pour bovins, \u00e9quins et chiens. Assure un nettoyage rapide et un montage simple !\" \/>\n<meta name=\"robots\" content=\"index, follow, max-snippet:-1, max-image-preview:large, max-video-preview:-1\" \/>\n<link rel=\"canonical\" href=\"https:\/\/fdasrl.it\/fr\/prodotto\/abreuvoir-en-polypropylene-haute-resistance\/\" \/>\n<meta property=\"og:locale\" content=\"fr_FR\" \/>\n<meta property=\"og:type\" content=\"article\" \/>\n<meta property=\"og:title\" content=\"ABREUVOIR EN POLYPROPYL\u00c8NE HAUTE R\u00c9SISTANCE\" \/>\n<meta property=\"og:description\" content=\"D\u00e9couvrez l&#039;abreuvoir en polypropyl\u00e8ne haute r\u00e9sistance, id\u00e9al pour bovins, \u00e9quins et chiens. Assure un nettoyage rapide et un montage simple !\" \/>\n<meta property=\"og:url\" content=\"https:\/\/fdasrl.it\/fr\/prodotto\/abreuvoir-en-polypropylene-haute-resistance\/\" \/>\n<meta property=\"og:site_name\" content=\"FDA srl\" \/>\n<meta property=\"article:publisher\" content=\"https:\/\/www.facebook.com\/share\/1MWhFWg1Tp\/?mibextid=LQQJ4d\" \/>\n<meta property=\"og:image\" content=\"https:\/\/fdasrl.it\/wp-content\/uploads\/2025\/01\/Abbeveratoio-alta-resistenza-fda.1.jpeg\" \/>\n\t<meta property=\"og:image:width\" content=\"1000\" \/>\n\t<meta property=\"og:image:height\" content=\"817\" \/>\n\t<meta property=\"og:image:type\" content=\"image\/jpeg\" \/>\n<meta name=\"twitter:card\" content=\"summary_large_image\" \/>\n<meta name=\"twitter:label1\" content=\"Prix\" \/>\n\t<meta name=\"twitter:data1\" content=\"\" \/>\n\t<meta name=\"twitter:label2\" content=\"Disponibilit\u00e9\" \/>\n\t<meta name=\"twitter:data2\" content=\"En stock\" \/>\n<meta property=\"product:price:currency\" content=\"EUR\" \/>\n<meta property=\"og:availability\" content=\"instock\" \/>\n<meta property=\"product:availability\" content=\"instock\" \/>\n<meta property=\"product:retailer_item_id\" content=\"FAAG-POLIPROP\" \/>\n<meta property=\"product:condition\" content=\"new\" \/>\n<!-- \/ Yoast SEO Premium plugin. -->","yoast_head_json":{"title":"Abreuvoir en polypropyl\u00e8ne haute r\u00e9sistance - Nettoyage Facile - FDA srl","description":"D\u00e9couvrez l'abreuvoir en polypropyl\u00e8ne haute r\u00e9sistance, id\u00e9al pour bovins, \u00e9quins et chiens. Assure un nettoyage rapide et un montage simple !","robots":{"index":"index","follow":"follow","max-snippet":"max-snippet:-1","max-image-preview":"max-image-preview:large","max-video-preview":"max-video-preview:-1"},"canonical":"https:\/\/fdasrl.it\/fr\/prodotto\/abreuvoir-en-polypropylene-haute-resistance\/","og_locale":"fr_FR","og_type":"article","og_title":"ABREUVOIR EN POLYPROPYL\u00c8NE HAUTE R\u00c9SISTANCE","og_description":"D\u00e9couvrez l'abreuvoir en polypropyl\u00e8ne haute r\u00e9sistance, id\u00e9al pour bovins, \u00e9quins et chiens. Assure un nettoyage rapide et un montage simple !","og_url":"https:\/\/fdasrl.it\/fr\/prodotto\/abreuvoir-en-polypropylene-haute-resistance\/","og_site_name":"FDA srl","article_publisher":"https:\/\/www.facebook.com\/share\/1MWhFWg1Tp\/?mibextid=LQQJ4d","og_image":[{"width":1000,"height":817,"url":"https:\/\/fdasrl.it\/wp-content\/uploads\/2025\/01\/Abbeveratoio-alta-resistenza-fda.1.jpeg","type":"image\/jpeg"}],"twitter_card":"summary_large_image","twitter_misc":{"Prix":"","Disponibilit\u00e9":"En stock"},"schema":{"@context":"https:\/\/schema.org","@graph":[{"@type":"WebPage","@id":"https:\/\/fdasrl.it\/fr\/prodotto\/abreuvoir-en-polypropylene-haute-resistance\/","url":"https:\/\/fdasrl.it\/fr\/prodotto\/abreuvoir-en-polypropylene-haute-resistance\/","name":"Abreuvoir en polypropyl\u00e8ne haute r\u00e9sistance - Nettoyage Facile - FDA srl","isPartOf":{"@id":"https:\/\/fdasrl.it\/fr\/#website"},"primaryImageOfPage":{"@id":"https:\/\/fdasrl.it\/fr\/prodotto\/abreuvoir-en-polypropylene-haute-resistance\/#primaryimage"},"image":{"@id":"https:\/\/fdasrl.it\/fr\/prodotto\/abreuvoir-en-polypropylene-haute-resistance\/#primaryimage"},"thumbnailUrl":"https:\/\/fdasrl.it\/wp-content\/uploads\/2025\/01\/Abbeveratoio-alta-resistenza-fda.1.jpeg","datePublished":"2025-01-21T08:53:08+00:00","description":"D\u00e9couvrez l'abreuvoir en polypropyl\u00e8ne haute r\u00e9sistance, id\u00e9al pour bovins, \u00e9quins et chiens. Assure un nettoyage rapide et un montage simple !","breadcrumb":{"@id":"https:\/\/fdasrl.it\/fr\/prodotto\/abreuvoir-en-polypropylene-haute-resistance\/#breadcrumb"},"inLanguage":"fr-FR","potentialAction":[{"@type":"ReadAction","target":["https:\/\/fdasrl.it\/fr\/prodotto\/abreuvoir-en-polypropylene-haute-resistance\/"]}]},{"@type":"ImageObject","inLanguage":"fr-FR","@id":"https:\/\/fdasrl.it\/fr\/prodotto\/abreuvoir-en-polypropylene-haute-resistance\/#primaryimage","url":"https:\/\/fdasrl.it\/wp-content\/uploads\/2025\/01\/Abbeveratoio-alta-resistenza-fda.1.jpeg","contentUrl":"https:\/\/fdasrl.it\/wp-content\/uploads\/2025\/01\/Abbeveratoio-alta-resistenza-fda.1.jpeg","width":1000,"height":817,"caption":"Abreuvoir en polypropyl\u00e8ne haute r\u00e9sistance pour bovins et \u00e9quins"},{"@type":"BreadcrumbList","@id":"https:\/\/fdasrl.it\/fr\/prodotto\/abreuvoir-en-polypropylene-haute-resistance\/#breadcrumb","itemListElement":[{"@type":"ListItem","position":1,"name":"Home","item":"https:\/\/fdasrl.it\/fr\/accueil\/"},{"@type":"ListItem","position":2,"name":"Boutique","item":"https:\/\/fdasrl.it\/fr\/boutique\/"},{"@type":"ListItem","position":3,"name":"ABREUVOIR EN POLYPROPYL\u00c8NE HAUTE R\u00c9SISTANCE"}]},{"@type":"WebSite","@id":"https:\/\/fdasrl.it\/fr\/#website","url":"https:\/\/fdasrl.it\/fr\/","name":"FDA srl","description":"Equipment for animal husbandry","publisher":{"@id":"https:\/\/fdasrl.it\/fr\/#organization"},"potentialAction":[{"@type":"SearchAction","target":{"@type":"EntryPoint","urlTemplate":"https:\/\/fdasrl.it\/fr\/?s={search_term_string}"},"query-input":{"@type":"PropertyValueSpecification","valueRequired":true,"valueName":"search_term_string"}}],"inLanguage":"fr-FR"},{"@type":"Organization","@id":"https:\/\/fdasrl.it\/fr\/#organization","name":"FDA srl","url":"https:\/\/fdasrl.it\/fr\/","logo":{"@type":"ImageObject","inLanguage":"fr-FR","@id":"https:\/\/fdasrl.it\/fr\/#\/schema\/logo\/image\/","url":"https:\/\/fdasrl.it\/wp-content\/uploads\/2024\/12\/Logo-FDA.png","contentUrl":"https:\/\/fdasrl.it\/wp-content\/uploads\/2024\/12\/Logo-FDA.png","width":316,"height":119,"caption":"FDA srl"},"image":{"@id":"https:\/\/fdasrl.it\/fr\/#\/schema\/logo\/image\/"},"sameAs":["https:\/\/www.facebook.com\/share\/1MWhFWg1Tp\/?mibextid=LQQJ4d","https:\/\/www.instagram.com\/fda_srl\/profilecard\/?igsh=YW5lbzJ6MWg0d21u","https:\/\/www.youtube.com\/@FDASRL_ANIMALCARE"],"description":"FDA SRL \u2013 Equipment for animal husbandry nasce con l\u2019obiettivo di offrire soluzioni affidabili e innovative per l\u2019allevamento moderno. Con anni di esperienza nel settore zootecnico, progettiamo e realizziamo attrezzature destinate al benessere animale e alla gestione efficiente delle stalle: vasche, abbeveratoi, mangiatoie e sistemi di riscaldamento pensati per durare nel tempo e semplificare il lavoro quotidiano degli allevatori. Dalla progettazione alla produzione, ogni nostro prodotto \u00e8 studiato nei minimi dettagli, testato con cura e costruito per rispondere alle esigenze reali del settore. La nostra forza \u00e8 unire artigianalit\u00e0, tecnologia e competenza tecnica per trasformare ogni progetto in una soluzione concreta e funzionale. Oggi FDA SRL \u00e8 un punto di riferimento per privati e rivenditori che cercano qualit\u00e0, affidabilit\u00e0 e innovazione nelle attrezzature per l\u2019allevamento.","email":"info@fdasrl.it","telephone":"+390522826820","legalName":"F.D.A. SRL","foundingDate":"2024-10-13","vatID":"03075840359","taxID":"03075840359","numberOfEmployees":{"@type":"QuantitativeValue","minValue":"1","maxValue":"10"}}]},"product_price_currency":"EUR","og_availability":"instock","product_availability":"instock","product_retailer_item_id":"FAAG-POLIPROP","product_condition":"new"},"_links":{"self":[{"href":"https:\/\/fdasrl.it\/fr\/wp-json\/wp\/v2\/product\/4319","targetHints":{"allow":["GET"]}}],"collection":[{"href":"https:\/\/fdasrl.it\/fr\/wp-json\/wp\/v2\/product"}],"about":[{"href":"https:\/\/fdasrl.it\/fr\/wp-json\/wp\/v2\/types\/product"}],"replies":[{"embeddable":true,"href":"https:\/\/fdasrl.it\/fr\/wp-json\/wp\/v2\/comments?post=4319"}],"wp:featuredmedia":[{"embeddable":true,"href":"https:\/\/fdasrl.it\/fr\/wp-json\/wp\/v2\/media\/713"}],"wp:attachment":[{"href":"https:\/\/fdasrl.it\/fr\/wp-json\/wp\/v2\/media?parent=4319"}],"wp:term":[{"taxonomy":"product_brand","embeddable":true,"href":"https:\/\/fdasrl.it\/fr\/wp-json\/wp\/v2\/product_brand?post=4319"},{"taxonomy":"product_cat","embeddable":true,"href":"https:\/\/fdasrl.it\/fr\/wp-json\/wp\/v2\/product_cat?post=4319"},{"taxonomy":"product_tag","embeddable":true,"href":"https:\/\/fdasrl.it\/fr\/wp-json\/wp\/v2\/product_tag?post=4319"}],"curies":[{"name":"wp","href":"https:\/\/api.w.org\/{rel}","templated":true}]}}