{"id":4337,"date":"2025-01-20T11:30:55","date_gmt":"2025-01-20T10:30:55","guid":{"rendered":"https:\/\/fdasrl.it\/prodotto\/reflecteur-pour-lampe-infrarouge-chauffante-pour-animaux-o-270-mm\/"},"modified":"2025-01-20T11:30:55","modified_gmt":"2025-01-20T10:30:55","slug":"reflecteur-pour-lampe-infrarouge-chauffante-pour-animaux-o-270-mm","status":"publish","type":"product","link":"https:\/\/fdasrl.it\/fr\/prodotto\/reflecteur-pour-lampe-infrarouge-chauffante-pour-animaux-o-270-mm\/","title":{"rendered":"R\u00e9flecteur pour lampe infrarouge chauffante pour animaux \u00d8 270 mm"},"content":{"rendered":"<div align=\"left\">\n<p data-start=\"289\" data-end=\"641\">Le <strong data-start=\"292\" data-end=\"365\">r\u00e9flecteur pour lampe infrarouge chauffante en aluminium \u00d8 270 mm<\/strong> est con\u00e7u pour garantir chaleur et bien-\u00eatre aux animaux dans leurs premi\u00e8res phases de vie. Robuste et fonctionnel, il est id\u00e9al pour les <strong data-start=\"484\" data-end=\"549\">poussins, poulets, porcelets, lapins et petits animaux domestiques<\/strong>, r\u00e9duisant les risques li\u00e9s au froid et favorisant la croissance dans un environnement confortable. <\/p>\n<h3 data-start=\"643\" data-end=\"659\">\u00c9quipement :<\/h3>\n<ul>\n<li><b>R\u00e9flecteur en aluminium \u00d8 270 mm<\/b><\/li>\n<\/ul>\n<ul data-start=\"660\" data-end=\"930\">\n<li data-start=\"660\" data-end=\"717\">\n<p data-start=\"662\" data-end=\"717\"><strong data-start=\"662\" data-end=\"679\">C\u00e2ble de 2,5 m<\/strong> pour une installation simple et s\u00e9curis\u00e9e<\/p>\n<\/li>\n<li data-start=\"718\" data-end=\"762\">\n<p data-start=\"720\" data-end=\"762\"><strong data-start=\"720\" data-end=\"760\">Prise Schuko 16 A, 250 V anti-\u00e9claboussures<\/strong><\/p>\n<\/li>\n<li data-start=\"763\" data-end=\"830\">\n<p data-start=\"765\" data-end=\"830\"><strong data-start=\"765\" data-end=\"808\">Douille en porcelaine renforc\u00e9e \u00d8 54<\/strong> avec virole viss\u00e9e<\/p>\n<\/li>\n<li data-start=\"831\" data-end=\"885\">\n<p data-start=\"833\" data-end=\"885\"><strong data-start=\"833\" data-end=\"868\">Cha\u00eenette de suspension de 2 m<\/strong> (sur demande)<\/p>\n<\/li>\n<li data-start=\"886\" data-end=\"930\">\n<p data-start=\"888\" data-end=\"930\"><strong data-start=\"888\" data-end=\"913\">Grille de protection<\/strong> (sur demande)<\/p>\n<\/li>\n<\/ul>\n<h3 data-start=\"932\" data-end=\"963\">Caract\u00e9ristiques techniques :<\/h3>\n<ul data-start=\"964\" data-end=\"1101\">\n<li data-start=\"964\" data-end=\"1000\">\n<p data-start=\"966\" data-end=\"1000\">Alimentation : <strong data-start=\"981\" data-end=\"998\">230 V \u2013 50 Hz<\/strong><\/p>\n<\/li>\n<li data-start=\"1001\" data-end=\"1031\">\n<p data-start=\"1003\" data-end=\"1031\">Puissance maximale : <strong data-start=\"1020\" data-end=\"1029\">250 W<\/strong><\/p>\n<\/li>\n<li data-start=\"1032\" data-end=\"1101\">\n<p data-start=\"1034\" data-end=\"1101\">Disponible \u00e9galement avec <strong data-start=\"1056\" data-end=\"1082\">prise mobile CEE IP 44<\/strong> et c\u00e2ble de 2,80 m<\/p>\n<\/li>\n<\/ul>\n<p data-start=\"1103\" data-end=\"1349\">Gr\u00e2ce \u00e0 sa structure en aluminium et \u00e0 sa douille en porcelaine, ce r\u00e9flecteur garantit <strong data-start=\"1200\" data-end=\"1244\">r\u00e9sistance, s\u00e9curit\u00e9 et durabilit\u00e9<\/strong>, ce qui en fait le choix id\u00e9al aussi bien pour les <strong data-start=\"1282\" data-end=\"1311\">\u00e9levages professionnels<\/strong> que pour les petits environnements domestiques.<\/p>\n<p data-start=\"1499\" data-end=\"1634\"><strong data-start=\"1499\" data-end=\"1573\">\ud83d\udc49 Demandez un devis pour quantit\u00e9 \u00e0 <a class=\"decorated-link cursor-pointer\" href=\"mailto:info@fdasrl.it\" rel=\"noopener\" data-start=\"1531\" data-end=\"1570\">info@fdasrl.it<\/a>.<\/strong><\/p>\n<\/div>\n<div align=\"left\">\ud83d\udc49 Achetez-le sur notre <a href=\"https:\/\/fda-shop.it\/shop\/articoli-per-allevamento\/riflettori-e-infrarossi\/riflettore-in-alluminio-fda-00033-dm-cm-27#\/32-accessori_e_confezioni-spina_schuko_senza_griglia\" target=\"_blank\" rel=\"noopener\">boutique en ligne<\/a><\/div>\n","protected":false},"excerpt":{"rendered":"<p>R\u00e9flecteur chauffant \u00d8 270 mm en aluminium avec douille en porcelaine. Id\u00e9al pour poussins, poulets, porcelets et petits animaux. <\/p>\n","protected":false},"featured_media":905,"comment_status":"open","ping_status":"closed","template":"","meta":{"_et_pb_use_builder":"","_et_pb_old_content":"","_et_gb_content_width":""},"product_brand":[],"product_cat":[665,662,664],"product_tag":[1022],"class_list":{"0":"post-4337","1":"product","2":"type-product","3":"status-publish","4":"has-post-thumbnail","6":"product_cat-chauffage-pour-animaux","7":"product_cat-porcs","8":"product_cat-volailles","9":"product_tag-fda-000033","11":"first","12":"instock","13":"shipping-taxable","14":"product-type-simple"},"yoast_head":"<!-- This site is optimized with the Yoast SEO Premium plugin v27.5 (Yoast SEO v27.5) - https:\/\/yoast.com\/product\/yoast-seo-premium-wordpress\/ -->\n<title>R\u00e9flecteur pour lampe infrarouge pour animaux \u00d8 270 mm : Confort<\/title>\n<meta name=\"description\" content=\"Choisissez le r\u00e9flecteur pour lampe infrarouge pour animaux \u00d8 270 mm pour un environnement s\u00fbr et confortable. Optimal pour poussins et porcelets. \ud83c\udf1f\" \/>\n<meta name=\"robots\" content=\"index, follow, max-snippet:-1, max-image-preview:large, max-video-preview:-1\" \/>\n<link rel=\"canonical\" href=\"https:\/\/fdasrl.it\/fr\/prodotto\/reflecteur-pour-lampe-infrarouge-chauffante-pour-animaux-o-270-mm\/\" \/>\n<meta property=\"og:locale\" content=\"fr_FR\" \/>\n<meta property=\"og:type\" content=\"article\" \/>\n<meta property=\"og:title\" content=\"R\u00e9flecteur pour lampe infrarouge chauffante pour animaux \u00d8 270 mm\" \/>\n<meta property=\"og:description\" content=\"Choisissez le r\u00e9flecteur pour lampe infrarouge pour animaux \u00d8 270 mm pour un environnement s\u00fbr et confortable. Optimal pour poussins et porcelets. \ud83c\udf1f\" \/>\n<meta property=\"og:url\" content=\"https:\/\/fdasrl.it\/fr\/prodotto\/reflecteur-pour-lampe-infrarouge-chauffante-pour-animaux-o-270-mm\/\" \/>\n<meta property=\"og:site_name\" content=\"FDA srl\" \/>\n<meta property=\"article:publisher\" content=\"https:\/\/www.facebook.com\/share\/1MWhFWg1Tp\/?mibextid=LQQJ4d\" \/>\n<meta property=\"og:image\" content=\"https:\/\/fdasrl.it\/wp-content\/uploads\/2025\/01\/riflettore-riscaldante-animali-270mm-fda.webp\" \/>\n\t<meta property=\"og:image:width\" content=\"1017\" \/>\n\t<meta property=\"og:image:height\" content=\"768\" \/>\n\t<meta property=\"og:image:type\" content=\"image\/webp\" \/>\n<meta name=\"twitter:card\" content=\"summary_large_image\" \/>\n<meta name=\"twitter:label1\" content=\"Prix\" \/>\n\t<meta name=\"twitter:data1\" content=\"\" \/>\n\t<meta name=\"twitter:label2\" content=\"Disponibilit\u00e9\" \/>\n\t<meta name=\"twitter:data2\" content=\"En stock\" \/>\n<meta property=\"product:price:currency\" content=\"EUR\" \/>\n<meta property=\"og:availability\" content=\"instock\" \/>\n<meta property=\"product:availability\" content=\"instock\" \/>\n<meta property=\"product:retailer_item_id\" content=\"FDA-000033\" \/>\n<meta property=\"product:condition\" content=\"new\" \/>\n<!-- \/ Yoast SEO Premium plugin. -->","yoast_head_json":{"title":"R\u00e9flecteur pour lampe infrarouge pour animaux \u00d8 270 mm : Confort","description":"Choisissez le r\u00e9flecteur pour lampe infrarouge pour animaux \u00d8 270 mm pour un environnement s\u00fbr et confortable. Optimal pour poussins et porcelets. \ud83c\udf1f","robots":{"index":"index","follow":"follow","max-snippet":"max-snippet:-1","max-image-preview":"max-image-preview:large","max-video-preview":"max-video-preview:-1"},"canonical":"https:\/\/fdasrl.it\/fr\/prodotto\/reflecteur-pour-lampe-infrarouge-chauffante-pour-animaux-o-270-mm\/","og_locale":"fr_FR","og_type":"article","og_title":"R\u00e9flecteur pour lampe infrarouge chauffante pour animaux \u00d8 270 mm","og_description":"Choisissez le r\u00e9flecteur pour lampe infrarouge pour animaux \u00d8 270 mm pour un environnement s\u00fbr et confortable. Optimal pour poussins et porcelets. \ud83c\udf1f","og_url":"https:\/\/fdasrl.it\/fr\/prodotto\/reflecteur-pour-lampe-infrarouge-chauffante-pour-animaux-o-270-mm\/","og_site_name":"FDA srl","article_publisher":"https:\/\/www.facebook.com\/share\/1MWhFWg1Tp\/?mibextid=LQQJ4d","og_image":[{"width":1017,"height":768,"url":"https:\/\/fdasrl.it\/wp-content\/uploads\/2025\/01\/riflettore-riscaldante-animali-270mm-fda.webp","type":"image\/webp"}],"twitter_card":"summary_large_image","twitter_misc":{"Prix":"","Disponibilit\u00e9":"En stock"},"schema":{"@context":"https:\/\/schema.org","@graph":[{"@type":"WebPage","@id":"https:\/\/fdasrl.it\/fr\/prodotto\/reflecteur-pour-lampe-infrarouge-chauffante-pour-animaux-o-270-mm\/","url":"https:\/\/fdasrl.it\/fr\/prodotto\/reflecteur-pour-lampe-infrarouge-chauffante-pour-animaux-o-270-mm\/","name":"R\u00e9flecteur pour lampe infrarouge pour animaux \u00d8 270 mm : Confort","isPartOf":{"@id":"https:\/\/fdasrl.it\/fr\/#website"},"primaryImageOfPage":{"@id":"https:\/\/fdasrl.it\/fr\/prodotto\/reflecteur-pour-lampe-infrarouge-chauffante-pour-animaux-o-270-mm\/#primaryimage"},"image":{"@id":"https:\/\/fdasrl.it\/fr\/prodotto\/reflecteur-pour-lampe-infrarouge-chauffante-pour-animaux-o-270-mm\/#primaryimage"},"thumbnailUrl":"https:\/\/fdasrl.it\/wp-content\/uploads\/2025\/01\/riflettore-riscaldante-animali-270mm-fda.webp","datePublished":"2025-01-20T10:30:55+00:00","description":"Choisissez le r\u00e9flecteur pour lampe infrarouge pour animaux \u00d8 270 mm pour un environnement s\u00fbr et confortable. Optimal pour poussins et porcelets. \ud83c\udf1f","breadcrumb":{"@id":"https:\/\/fdasrl.it\/fr\/prodotto\/reflecteur-pour-lampe-infrarouge-chauffante-pour-animaux-o-270-mm\/#breadcrumb"},"inLanguage":"fr-FR","potentialAction":[{"@type":"ReadAction","target":["https:\/\/fdasrl.it\/fr\/prodotto\/reflecteur-pour-lampe-infrarouge-chauffante-pour-animaux-o-270-mm\/"]}]},{"@type":"ImageObject","inLanguage":"fr-FR","@id":"https:\/\/fdasrl.it\/fr\/prodotto\/reflecteur-pour-lampe-infrarouge-chauffante-pour-animaux-o-270-mm\/#primaryimage","url":"https:\/\/fdasrl.it\/wp-content\/uploads\/2025\/01\/riflettore-riscaldante-animali-270mm-fda.webp","contentUrl":"https:\/\/fdasrl.it\/wp-content\/uploads\/2025\/01\/riflettore-riscaldante-animali-270mm-fda.webp","width":1017,"height":768,"caption":"R\u00e9flecteur chauffant en aluminium \u00d8 270 mm avec prise Schuko et c\u00e2ble 2,5 m, pour poulets, poussins, porcelets et petits animaux."},{"@type":"BreadcrumbList","@id":"https:\/\/fdasrl.it\/fr\/prodotto\/reflecteur-pour-lampe-infrarouge-chauffante-pour-animaux-o-270-mm\/#breadcrumb","itemListElement":[{"@type":"ListItem","position":1,"name":"Home","item":"https:\/\/fdasrl.it\/fr\/accueil\/"},{"@type":"ListItem","position":2,"name":"Boutique","item":"https:\/\/fdasrl.it\/fr\/boutique\/"},{"@type":"ListItem","position":3,"name":"R\u00e9flecteur pour lampe infrarouge chauffante pour animaux \u00d8 270 mm"}]},{"@type":"WebSite","@id":"https:\/\/fdasrl.it\/fr\/#website","url":"https:\/\/fdasrl.it\/fr\/","name":"FDA srl","description":"Equipment for animal husbandry","publisher":{"@id":"https:\/\/fdasrl.it\/fr\/#organization"},"potentialAction":[{"@type":"SearchAction","target":{"@type":"EntryPoint","urlTemplate":"https:\/\/fdasrl.it\/fr\/?s={search_term_string}"},"query-input":{"@type":"PropertyValueSpecification","valueRequired":true,"valueName":"search_term_string"}}],"inLanguage":"fr-FR"},{"@type":"Organization","@id":"https:\/\/fdasrl.it\/fr\/#organization","name":"FDA srl","url":"https:\/\/fdasrl.it\/fr\/","logo":{"@type":"ImageObject","inLanguage":"fr-FR","@id":"https:\/\/fdasrl.it\/fr\/#\/schema\/logo\/image\/","url":"https:\/\/fdasrl.it\/wp-content\/uploads\/2024\/12\/Logo-FDA.png","contentUrl":"https:\/\/fdasrl.it\/wp-content\/uploads\/2024\/12\/Logo-FDA.png","width":316,"height":119,"caption":"FDA srl"},"image":{"@id":"https:\/\/fdasrl.it\/fr\/#\/schema\/logo\/image\/"},"sameAs":["https:\/\/www.facebook.com\/share\/1MWhFWg1Tp\/?mibextid=LQQJ4d","https:\/\/www.instagram.com\/fda_srl\/profilecard\/?igsh=YW5lbzJ6MWg0d21u","https:\/\/www.youtube.com\/@FDASRL_ANIMALCARE"],"description":"FDA SRL \u2013 Equipment for animal husbandry nasce con l\u2019obiettivo di offrire soluzioni affidabili e innovative per l\u2019allevamento moderno. Con anni di esperienza nel settore zootecnico, progettiamo e realizziamo attrezzature destinate al benessere animale e alla gestione efficiente delle stalle: vasche, abbeveratoi, mangiatoie e sistemi di riscaldamento pensati per durare nel tempo e semplificare il lavoro quotidiano degli allevatori. Dalla progettazione alla produzione, ogni nostro prodotto \u00e8 studiato nei minimi dettagli, testato con cura e costruito per rispondere alle esigenze reali del settore. La nostra forza \u00e8 unire artigianalit\u00e0, tecnologia e competenza tecnica per trasformare ogni progetto in una soluzione concreta e funzionale. Oggi FDA SRL \u00e8 un punto di riferimento per privati e rivenditori che cercano qualit\u00e0, affidabilit\u00e0 e innovazione nelle attrezzature per l\u2019allevamento.","email":"info@fdasrl.it","telephone":"+390522826820","legalName":"F.D.A. SRL","foundingDate":"2024-10-13","vatID":"03075840359","taxID":"03075840359","numberOfEmployees":{"@type":"QuantitativeValue","minValue":"1","maxValue":"10"}}]},"product_price_currency":"EUR","og_availability":"instock","product_availability":"instock","product_retailer_item_id":"FDA-000033","product_condition":"new"},"_links":{"self":[{"href":"https:\/\/fdasrl.it\/fr\/wp-json\/wp\/v2\/product\/4337","targetHints":{"allow":["GET"]}}],"collection":[{"href":"https:\/\/fdasrl.it\/fr\/wp-json\/wp\/v2\/product"}],"about":[{"href":"https:\/\/fdasrl.it\/fr\/wp-json\/wp\/v2\/types\/product"}],"replies":[{"embeddable":true,"href":"https:\/\/fdasrl.it\/fr\/wp-json\/wp\/v2\/comments?post=4337"}],"wp:featuredmedia":[{"embeddable":true,"href":"https:\/\/fdasrl.it\/fr\/wp-json\/wp\/v2\/media\/905"}],"wp:attachment":[{"href":"https:\/\/fdasrl.it\/fr\/wp-json\/wp\/v2\/media?parent=4337"}],"wp:term":[{"taxonomy":"product_brand","embeddable":true,"href":"https:\/\/fdasrl.it\/fr\/wp-json\/wp\/v2\/product_brand?post=4337"},{"taxonomy":"product_cat","embeddable":true,"href":"https:\/\/fdasrl.it\/fr\/wp-json\/wp\/v2\/product_cat?post=4337"},{"taxonomy":"product_tag","embeddable":true,"href":"https:\/\/fdasrl.it\/fr\/wp-json\/wp\/v2\/product_tag?post=4337"}],"curies":[{"name":"wp","href":"https:\/\/api.w.org\/{rel}","templated":true}]}}