{"id":4446,"date":"2025-01-20T11:48:52","date_gmt":"2025-01-20T10:48:52","guid":{"rendered":"https:\/\/fdasrl.it\/prodotto\/reflecteur-de-chauffage-en-aluminium-fda-000030sw\/"},"modified":"2025-01-20T11:48:52","modified_gmt":"2025-01-20T10:48:52","slug":"reflecteur-de-chauffage-en-aluminium-fda-000030sw","status":"publish","type":"product","link":"https:\/\/fdasrl.it\/fr\/prodotto\/reflecteur-de-chauffage-en-aluminium-fda-000030sw\/","title":{"rendered":"R\u00e9flecteur de chauffage en aluminium FDA-000030SW"},"content":{"rendered":"<h3 align=\"left\">R\u00e9flecteur de chauffage zootechnique \u00e0 \u00e9conomie d&rsquo;\u00e9nergie FDA-000030SW<\/h3>\n<div align=\"left\">R\u00e9flecteur de chauffage en aluminium D.210 mm pour environnements zootechniques.<\/div>\n<div align=\"left\">Ce r\u00e9flecteur est \u00e0 \u00e9conomie d&rsquo;\u00e9nergie \u00e9quip\u00e9 d&rsquo;un interrupteur avec trois positions :<\/div>\n<div align=\"left\">\n<ul>\n<li>1 allum\u00e9<\/li>\n<li>0 \u00e9teint<\/li>\n<li>2 r\u00e9duit jusqu&rsquo;\u00e0 la moiti\u00e9 de la puissance (exemple une lampe de 150 W = 75 W en position 2)<\/li>\n<\/ul>\n<p>Autres caract\u00e9ristiques techniques<\/p>\n<\/div>\n<ul>\n<li>  C\u00e2ble \u00e9lectrique L = 2,5 ml<\/li>\n<li>  Prise Schuko 16 A, 250 V anti-\u00e9claboussures<\/li>\n<li>  Cha\u00eenette de suspension L = 2 m<\/li>\n<li>  Grille de protection<\/li>\n<li>  Douille en porcelaine lourde \u00d8 54 avec virole viss\u00e9e<\/li>\n<li>  Alimentation \u00e9lectrique : 230 V \u2013 50 Hz<\/li>\n<li>  Puissance maximale : 250 W<\/li>\n<\/ul>\n<p>\ud83d\udc49 Demandez un prix pour la revente : <a href=\"mailto:info@fdasrl.it\">CLIQUEZ ICI<\/a><\/p>\n<p>Achetez-le sur notre <a href=\"https:\/\/fda-shop.it\/shop\/articoli-per-allevamento\/riflettore-fda000030sw-in-allumino-a-risparmio-energetico#\/34-accessori_e_confezioni-spina_schuko_con_griglia\" target=\"_blank\" rel=\"noopener\">boutique en ligne<\/a><\/p>\n<p>Les r\u00e9flecteurs de chauffage FDA sont con\u00e7us pour garantir une chaleur optimale et uniforme, tout en r\u00e9duisant le gaspillage \u00e9nerg\u00e9tique. Fabriqu\u00e9s avec des mat\u00e9riaux de haute qualit\u00e9 et r\u00e9sistants m\u00eame aux conditions les plus difficiles.<br \/>\nId\u00e9aux pour les \u00e9tables, les \u00e9levages et tout autre type d\u2019environnement o\u00f9 l\u2019on souhaite appliquer une solution efficace et durable pour le bien-\u00eatre des animaux. Le design intelligent assure une installation facile et une utilisation s\u00fbre dans chaque environnement zootechnique.  <\/p>\n","protected":false},"excerpt":{"rendered":"<p>Les r\u00e9flecteurs de chauffage FDA sont con\u00e7us pour garantir une chaleur optimale et uniforme, r\u00e9duisant les gaspillages \u00e9nerg\u00e9tiques. Fabriqu\u00e9s avec des mat\u00e9riaux de haute qualit\u00e9 et r\u00e9sistants m\u00eame aux pires conditions.<br \/>\nId\u00e9aux pour \u00e9tables, \u00e9levages et tout autre type d&rsquo;environnement o\u00f9 l&rsquo;on souhaite appliquer une solution efficace et durable pour le bien-\u00eatre des animaux. <\/p>\n","protected":false},"featured_media":320,"comment_status":"open","ping_status":"closed","template":"","meta":{"_et_pb_use_builder":"","_et_pb_old_content":"","_et_gb_content_width":""},"product_brand":[],"product_cat":[665,662,664],"product_tag":[1049],"class_list":{"0":"post-4446","1":"product","2":"type-product","3":"status-publish","4":"has-post-thumbnail","6":"product_cat-chauffage-pour-animaux","7":"product_cat-porcs","8":"product_cat-volailles","9":"product_tag-fda-000030sw","11":"first","12":"instock","13":"shipping-taxable","14":"product-type-simple"},"yoast_head":"<!-- This site is optimized with the Yoast SEO Premium plugin v27.5 (Yoast SEO v27.5) - https:\/\/yoast.com\/product\/yoast-seo-premium-wordpress\/ -->\n<title>R\u00e9flecteur de chauffage zootechnique \u00e0 \u00e9conomie d&#039;\u00e9nergie FDA<\/title>\n<meta name=\"description\" content=\"D\u00e9couvrez notre r\u00e9flecteur de chauffage zootechnique \u00e0 \u00e9conomie d&#039;\u00e9nergie. Avec trois positions et des mat\u00e9riaux r\u00e9sistants, c&#039;est la solution id\u00e9ale !\" \/>\n<meta name=\"robots\" content=\"index, follow, max-snippet:-1, max-image-preview:large, max-video-preview:-1\" \/>\n<link rel=\"canonical\" href=\"https:\/\/fdasrl.it\/fr\/prodotto\/reflecteur-de-chauffage-en-aluminium-fda-000030sw\/\" \/>\n<meta property=\"og:locale\" content=\"fr_FR\" \/>\n<meta property=\"og:type\" content=\"article\" \/>\n<meta property=\"og:title\" content=\"R\u00e9flecteur de chauffage en aluminium FDA-000030SW\" \/>\n<meta property=\"og:description\" content=\"D\u00e9couvrez notre r\u00e9flecteur de chauffage zootechnique \u00e0 \u00e9conomie d&#039;\u00e9nergie. Avec trois positions et des mat\u00e9riaux r\u00e9sistants, c&#039;est la solution id\u00e9ale !\" \/>\n<meta property=\"og:url\" content=\"https:\/\/fdasrl.it\/fr\/prodotto\/reflecteur-de-chauffage-en-aluminium-fda-000030sw\/\" \/>\n<meta property=\"og:site_name\" content=\"FDA srl\" \/>\n<meta property=\"article:publisher\" content=\"https:\/\/www.facebook.com\/share\/1MWhFWg1Tp\/?mibextid=LQQJ4d\" \/>\n<meta property=\"og:image\" content=\"https:\/\/fdasrl.it\/wp-content\/uploads\/2025\/01\/FDA-000030SW_1.jpg\" \/>\n\t<meta property=\"og:image:width\" content=\"500\" \/>\n\t<meta property=\"og:image:height\" content=\"562\" \/>\n\t<meta property=\"og:image:type\" content=\"image\/jpeg\" \/>\n<meta name=\"twitter:card\" content=\"summary_large_image\" \/>\n<meta name=\"twitter:label1\" content=\"Prix\" \/>\n\t<meta name=\"twitter:data1\" content=\"\" \/>\n\t<meta name=\"twitter:label2\" content=\"Disponibilit\u00e9\" \/>\n\t<meta name=\"twitter:data2\" content=\"En stock\" \/>\n<meta property=\"product:price:currency\" content=\"EUR\" \/>\n<meta property=\"og:availability\" content=\"instock\" \/>\n<meta property=\"product:availability\" content=\"instock\" \/>\n<meta property=\"product:retailer_item_id\" content=\"FDA-000030SW\" \/>\n<meta property=\"product:condition\" content=\"new\" \/>\n<!-- \/ Yoast SEO Premium plugin. -->","yoast_head_json":{"title":"R\u00e9flecteur de chauffage zootechnique \u00e0 \u00e9conomie d'\u00e9nergie FDA","description":"D\u00e9couvrez notre r\u00e9flecteur de chauffage zootechnique \u00e0 \u00e9conomie d'\u00e9nergie. Avec trois positions et des mat\u00e9riaux r\u00e9sistants, c'est la solution id\u00e9ale !","robots":{"index":"index","follow":"follow","max-snippet":"max-snippet:-1","max-image-preview":"max-image-preview:large","max-video-preview":"max-video-preview:-1"},"canonical":"https:\/\/fdasrl.it\/fr\/prodotto\/reflecteur-de-chauffage-en-aluminium-fda-000030sw\/","og_locale":"fr_FR","og_type":"article","og_title":"R\u00e9flecteur de chauffage en aluminium FDA-000030SW","og_description":"D\u00e9couvrez notre r\u00e9flecteur de chauffage zootechnique \u00e0 \u00e9conomie d'\u00e9nergie. Avec trois positions et des mat\u00e9riaux r\u00e9sistants, c'est la solution id\u00e9ale !","og_url":"https:\/\/fdasrl.it\/fr\/prodotto\/reflecteur-de-chauffage-en-aluminium-fda-000030sw\/","og_site_name":"FDA srl","article_publisher":"https:\/\/www.facebook.com\/share\/1MWhFWg1Tp\/?mibextid=LQQJ4d","og_image":[{"width":500,"height":562,"url":"https:\/\/fdasrl.it\/wp-content\/uploads\/2025\/01\/FDA-000030SW_1.jpg","type":"image\/jpeg"}],"twitter_card":"summary_large_image","twitter_misc":{"Prix":"","Disponibilit\u00e9":"En stock"},"schema":{"@context":"https:\/\/schema.org","@graph":[{"@type":"WebPage","@id":"https:\/\/fdasrl.it\/fr\/prodotto\/reflecteur-de-chauffage-en-aluminium-fda-000030sw\/","url":"https:\/\/fdasrl.it\/fr\/prodotto\/reflecteur-de-chauffage-en-aluminium-fda-000030sw\/","name":"R\u00e9flecteur de chauffage zootechnique \u00e0 \u00e9conomie d'\u00e9nergie FDA","isPartOf":{"@id":"https:\/\/fdasrl.it\/fr\/#website"},"primaryImageOfPage":{"@id":"https:\/\/fdasrl.it\/fr\/prodotto\/reflecteur-de-chauffage-en-aluminium-fda-000030sw\/#primaryimage"},"image":{"@id":"https:\/\/fdasrl.it\/fr\/prodotto\/reflecteur-de-chauffage-en-aluminium-fda-000030sw\/#primaryimage"},"thumbnailUrl":"https:\/\/fdasrl.it\/wp-content\/uploads\/2025\/01\/FDA-000030SW_1.jpg","datePublished":"2025-01-20T10:48:52+00:00","description":"D\u00e9couvrez notre r\u00e9flecteur de chauffage zootechnique \u00e0 \u00e9conomie d'\u00e9nergie. Avec trois positions et des mat\u00e9riaux r\u00e9sistants, c'est la solution id\u00e9ale !","breadcrumb":{"@id":"https:\/\/fdasrl.it\/fr\/prodotto\/reflecteur-de-chauffage-en-aluminium-fda-000030sw\/#breadcrumb"},"inLanguage":"fr-FR","potentialAction":[{"@type":"ReadAction","target":["https:\/\/fdasrl.it\/fr\/prodotto\/reflecteur-de-chauffage-en-aluminium-fda-000030sw\/"]}]},{"@type":"ImageObject","inLanguage":"fr-FR","@id":"https:\/\/fdasrl.it\/fr\/prodotto\/reflecteur-de-chauffage-en-aluminium-fda-000030sw\/#primaryimage","url":"https:\/\/fdasrl.it\/wp-content\/uploads\/2025\/01\/FDA-000030SW_1.jpg","contentUrl":"https:\/\/fdasrl.it\/wp-content\/uploads\/2025\/01\/FDA-000030SW_1.jpg","width":500,"height":562},{"@type":"BreadcrumbList","@id":"https:\/\/fdasrl.it\/fr\/prodotto\/reflecteur-de-chauffage-en-aluminium-fda-000030sw\/#breadcrumb","itemListElement":[{"@type":"ListItem","position":1,"name":"Home","item":"https:\/\/fdasrl.it\/fr\/accueil\/"},{"@type":"ListItem","position":2,"name":"Boutique","item":"https:\/\/fdasrl.it\/fr\/boutique\/"},{"@type":"ListItem","position":3,"name":"R\u00e9flecteur de chauffage en aluminium FDA-000030SW"}]},{"@type":"WebSite","@id":"https:\/\/fdasrl.it\/fr\/#website","url":"https:\/\/fdasrl.it\/fr\/","name":"FDA srl","description":"Equipment for animal husbandry","publisher":{"@id":"https:\/\/fdasrl.it\/fr\/#organization"},"potentialAction":[{"@type":"SearchAction","target":{"@type":"EntryPoint","urlTemplate":"https:\/\/fdasrl.it\/fr\/?s={search_term_string}"},"query-input":{"@type":"PropertyValueSpecification","valueRequired":true,"valueName":"search_term_string"}}],"inLanguage":"fr-FR"},{"@type":"Organization","@id":"https:\/\/fdasrl.it\/fr\/#organization","name":"FDA srl","url":"https:\/\/fdasrl.it\/fr\/","logo":{"@type":"ImageObject","inLanguage":"fr-FR","@id":"https:\/\/fdasrl.it\/fr\/#\/schema\/logo\/image\/","url":"https:\/\/fdasrl.it\/wp-content\/uploads\/2024\/12\/Logo-FDA.png","contentUrl":"https:\/\/fdasrl.it\/wp-content\/uploads\/2024\/12\/Logo-FDA.png","width":316,"height":119,"caption":"FDA srl"},"image":{"@id":"https:\/\/fdasrl.it\/fr\/#\/schema\/logo\/image\/"},"sameAs":["https:\/\/www.facebook.com\/share\/1MWhFWg1Tp\/?mibextid=LQQJ4d","https:\/\/www.instagram.com\/fda_srl\/profilecard\/?igsh=YW5lbzJ6MWg0d21u","https:\/\/www.youtube.com\/@FDASRL_ANIMALCARE"],"description":"FDA SRL \u2013 Equipment for animal husbandry nasce con l\u2019obiettivo di offrire soluzioni affidabili e innovative per l\u2019allevamento moderno. Con anni di esperienza nel settore zootecnico, progettiamo e realizziamo attrezzature destinate al benessere animale e alla gestione efficiente delle stalle: vasche, abbeveratoi, mangiatoie e sistemi di riscaldamento pensati per durare nel tempo e semplificare il lavoro quotidiano degli allevatori. Dalla progettazione alla produzione, ogni nostro prodotto \u00e8 studiato nei minimi dettagli, testato con cura e costruito per rispondere alle esigenze reali del settore. La nostra forza \u00e8 unire artigianalit\u00e0, tecnologia e competenza tecnica per trasformare ogni progetto in una soluzione concreta e funzionale. Oggi FDA SRL \u00e8 un punto di riferimento per privati e rivenditori che cercano qualit\u00e0, affidabilit\u00e0 e innovazione nelle attrezzature per l\u2019allevamento.","email":"info@fdasrl.it","telephone":"+390522826820","legalName":"F.D.A. SRL","foundingDate":"2024-10-13","vatID":"03075840359","taxID":"03075840359","numberOfEmployees":{"@type":"QuantitativeValue","minValue":"1","maxValue":"10"}}]},"product_price_currency":"EUR","og_availability":"instock","product_availability":"instock","product_retailer_item_id":"FDA-000030SW","product_condition":"new"},"_links":{"self":[{"href":"https:\/\/fdasrl.it\/fr\/wp-json\/wp\/v2\/product\/4446","targetHints":{"allow":["GET"]}}],"collection":[{"href":"https:\/\/fdasrl.it\/fr\/wp-json\/wp\/v2\/product"}],"about":[{"href":"https:\/\/fdasrl.it\/fr\/wp-json\/wp\/v2\/types\/product"}],"replies":[{"embeddable":true,"href":"https:\/\/fdasrl.it\/fr\/wp-json\/wp\/v2\/comments?post=4446"}],"wp:featuredmedia":[{"embeddable":true,"href":"https:\/\/fdasrl.it\/fr\/wp-json\/wp\/v2\/media\/320"}],"wp:attachment":[{"href":"https:\/\/fdasrl.it\/fr\/wp-json\/wp\/v2\/media?parent=4446"}],"wp:term":[{"taxonomy":"product_brand","embeddable":true,"href":"https:\/\/fdasrl.it\/fr\/wp-json\/wp\/v2\/product_brand?post=4446"},{"taxonomy":"product_cat","embeddable":true,"href":"https:\/\/fdasrl.it\/fr\/wp-json\/wp\/v2\/product_cat?post=4446"},{"taxonomy":"product_tag","embeddable":true,"href":"https:\/\/fdasrl.it\/fr\/wp-json\/wp\/v2\/product_tag?post=4446"}],"curies":[{"name":"wp","href":"https:\/\/api.w.org\/{rel}","templated":true}]}}