{"id":4483,"date":"2025-01-20T11:44:10","date_gmt":"2025-01-20T10:44:10","guid":{"rendered":"https:\/\/fdasrl.it\/prodotto\/reflecteur-de-chauffage-en-aluminium-o-210\/"},"modified":"2025-01-20T11:44:10","modified_gmt":"2025-01-20T10:44:10","slug":"reflecteur-de-chauffage-en-aluminium-o-210","status":"publish","type":"product","link":"https:\/\/fdasrl.it\/fr\/prodotto\/reflecteur-de-chauffage-en-aluminium-o-210\/","title":{"rendered":"R\u00e9flecteur de chauffage en aluminium \u00d8 210"},"content":{"rendered":"<div align=\"left\">\n<h3 data-start=\"61\" data-end=\"117\"><strong data-start=\"61\" data-end=\"117\">R\u00e9flecteur pour lampe chauffante en aluminium pour animaux &#8211; \u00d8 210 mm &#8211; FDA 000030<\/strong><\/h3>\n<p data-start=\"119\" data-end=\"469\">R\u00e9flecteur professionnel de chauffage, fabriqu\u00e9 en aluminium de haute qualit\u00e9 avec un diam\u00e8tre de 210 mm. Con\u00e7u pour garantir une diffusion efficace et uniforme de la chaleur.<\/p>\n<p data-start=\"119\" data-end=\"469\">Il est id\u00e9al pour les applications dans les environnements industriels, agricoles, d&rsquo;\u00e9levage ou dans les espaces o\u00f9 il est n\u00e9cessaire de fournir une source de chaleur localis\u00e9e de mani\u00e8re s\u00fbre et efficace.<\/p>\n<h4 data-start=\"471\" data-end=\"512\"><strong data-start=\"471\" data-end=\"512\">Caract\u00e9ristiques techniques et \u00e9quipements :<\/strong><\/h4>\n<ul data-start=\"514\" data-end=\"1910\">\n<li data-start=\"514\" data-end=\"684\">\n<p data-start=\"516\" data-end=\"684\"><strong data-start=\"516\" data-end=\"541\">C\u00e2ble d&rsquo;alimentation<\/strong> : inclus dans l&#8217;emballage, un c\u00e2ble de 2,5 m\u00e8tres de longueur qui permet un raccordement pratique au r\u00e9seau \u00e9lectrique m\u00eame \u00e0 distance de la prise.<\/p>\n<\/li>\n<li data-start=\"688\" data-end=\"849\">\n<p data-start=\"690\" data-end=\"849\"><strong data-start=\"690\" data-end=\"706\">Prise Schuko<\/strong> : \u00e9quip\u00e9e d&rsquo;une prise Schuko de 16 A, 250 V avec protection anti-\u00e9claboussures, pour une utilisation s\u00fbre m\u00eame dans les environnements avec pr\u00e9sence d&rsquo;humidit\u00e9 ou de poussi\u00e8re.<\/p>\n<\/li>\n<li data-start=\"851\" data-end=\"1076\">\n<p data-start=\"853\" data-end=\"1076\"><strong data-start=\"853\" data-end=\"879\">Syst\u00e8me de suspension<\/strong> : le r\u00e9flecteur est fourni complet avec une cha\u00eenette m\u00e9tallique r\u00e9sistante de 2 m\u00e8tres de longueur pour l&rsquo;installation suspendue. Cela permet de le positionner facilement au-dessus de la zone \u00e0 chauffer. <\/p>\n<\/li>\n<li data-start=\"1078\" data-end=\"1261\">\n<p data-start=\"1080\" data-end=\"1261\"><strong data-start=\"1080\" data-end=\"1105\">Grille de protection<\/strong> : la partie frontale est prot\u00e9g\u00e9e par une grille m\u00e9tallique qui assure une s\u00e9curit\u00e9 maximale contre le contact direct avec la source de chaleur ou la lampe.<\/p>\n<\/li>\n<li data-start=\"1263\" data-end=\"1472\">\n<p data-start=\"1265\" data-end=\"1472\"><strong data-start=\"1265\" data-end=\"1295\">Douille en porcelaine<\/strong> : pr\u00e9sence d&rsquo;une douille robuste en porcelaine lourde, avec un diam\u00e8tre de 54 mm et virole viss\u00e9e. Con\u00e7ue pour r\u00e9sister aux hautes temp\u00e9ratures et garantir une longue dur\u00e9e de vie. <\/p>\n<\/li>\n<li data-start=\"1474\" data-end=\"1572\">\n<p data-start=\"1476\" data-end=\"1572\"><strong data-start=\"1476\" data-end=\"1493\">Alimentation<\/strong> : l&rsquo;appareil fonctionne avec une alimentation \u00e9lectrique standard de 230 V et 50 Hz.<\/p>\n<\/li>\n<li data-start=\"1574\" data-end=\"1679\">\n<p data-start=\"1576\" data-end=\"1679\"><strong data-start=\"1576\" data-end=\"1606\">Puissance maximale support\u00e9e<\/strong> : jusqu&rsquo;\u00e0 250 W, compatible avec diff\u00e9rents types de lampes chauffantes.<\/p>\n<\/li>\n<li data-start=\"1681\" data-end=\"1910\">\n<p data-start=\"1683\" data-end=\"1910\"><strong data-start=\"1683\" data-end=\"1719\">Option de fourniture alternative<\/strong> : sur demande, le r\u00e9flecteur peut \u00eatre fourni avec une prise mobile CEE IP 44 et un c\u00e2ble de 2,80 m de longueur. Id\u00e9al pour les environnements n\u00e9cessitant une protection accrue contre les agents ext\u00e9rieurs. <\/p>\n<\/li>\n<\/ul>\n<\/div>\n<div align=\"left\"><\/div>\n<div align=\"left\">\ud83d\udc49 Demandez un prix pour la revente : <a href=\"mailto:info@fdasrl.it\">CLIQUEZ ICI<\/a><\/div>\n<div align=\"left\">\ud83d\udc49 Achetez-le sur notre <a href=\"https:\/\/fda-shop.it\/shop\/articoli-per-allevamento\/riflettori-e-infrarossi\/riflettore-in-alluminio-fda000030-dm-cm-21-completo#\/34-accessori_e_confezioni-spina_schuko_con_griglia\" target=\"_blank\" rel=\"noopener\">boutique en ligne<\/a><\/div>\n","protected":false},"excerpt":{"rendered":"<p>R\u00e9flecteur professionnel de chauffage, fabriqu\u00e9 en aluminium de haute qualit\u00e9 avec un diam\u00e8tre de 210 mm, con\u00e7u pour garantir une diffusion efficace et uniforme de la chaleur.<\/p>\n","protected":false},"featured_media":319,"comment_status":"open","ping_status":"closed","template":"","meta":{"_et_pb_use_builder":"","_et_pb_old_content":"","_et_gb_content_width":""},"product_brand":[],"product_cat":[396,665,611,664],"product_tag":[1066,1067],"class_list":{"0":"post-4483","1":"product","2":"type-product","3":"status-publish","4":"has-post-thumbnail","6":"product_cat-bovins","7":"product_cat-chauffage-pour-animaux","8":"product_cat-chevaux","9":"product_cat-volailles","10":"product_tag-fda-000030","11":"product_tag-fda000030","13":"first","14":"instock","15":"shipping-taxable","16":"product-type-simple"},"yoast_head":"<!-- This site is optimized with the Yoast SEO Premium plugin v27.5 (Yoast SEO v27.5) - https:\/\/yoast.com\/product\/yoast-seo-premium-wordpress\/ -->\n<title>Lampe chauffante pour animaux en aluminium : Confort et s\u00e9curit\u00e9 FDA srl<\/title>\n<meta name=\"description\" content=\"D\u00e9couvrez notre lampe chauffante pour animaux, fabriqu\u00e9e en aluminium de haute qualit\u00e9 pour une diffusion uniforme de la chaleur. D\u00e9couvrez maintenant ! \ud83c\udf1f\" \/>\n<meta name=\"robots\" content=\"index, follow, max-snippet:-1, max-image-preview:large, max-video-preview:-1\" \/>\n<link rel=\"canonical\" href=\"https:\/\/fdasrl.it\/fr\/prodotto\/reflecteur-de-chauffage-en-aluminium-o-210\/\" \/>\n<meta property=\"og:locale\" content=\"fr_FR\" \/>\n<meta property=\"og:type\" content=\"article\" \/>\n<meta property=\"og:title\" content=\"R\u00e9flecteur de chauffage en aluminium \u00d8 210\" \/>\n<meta property=\"og:description\" content=\"D\u00e9couvrez notre lampe chauffante pour animaux, fabriqu\u00e9e en aluminium de haute qualit\u00e9 pour une diffusion uniforme de la chaleur. D\u00e9couvrez maintenant ! \ud83c\udf1f\" \/>\n<meta property=\"og:url\" content=\"https:\/\/fdasrl.it\/fr\/prodotto\/reflecteur-de-chauffage-en-aluminium-o-210\/\" \/>\n<meta property=\"og:site_name\" content=\"FDA srl\" \/>\n<meta property=\"article:publisher\" content=\"https:\/\/www.facebook.com\/share\/1MWhFWg1Tp\/?mibextid=LQQJ4d\" \/>\n<meta property=\"og:image\" content=\"https:\/\/fdasrl.it\/wp-content\/uploads\/2025\/01\/FDA-000030.jpg\" \/>\n\t<meta property=\"og:image:width\" content=\"800\" \/>\n\t<meta property=\"og:image:height\" content=\"607\" \/>\n\t<meta property=\"og:image:type\" content=\"image\/jpeg\" \/>\n<meta name=\"twitter:card\" content=\"summary_large_image\" \/>\n<meta name=\"twitter:label1\" content=\"Prix\" \/>\n\t<meta name=\"twitter:data1\" content=\"\" \/>\n\t<meta name=\"twitter:label2\" content=\"Disponibilit\u00e9\" \/>\n\t<meta name=\"twitter:data2\" content=\"En stock\" \/>\n<meta property=\"product:price:currency\" content=\"EUR\" \/>\n<meta property=\"og:availability\" content=\"instock\" \/>\n<meta property=\"product:availability\" content=\"instock\" \/>\n<meta property=\"product:retailer_item_id\" content=\"FDA-000030\" \/>\n<meta property=\"product:condition\" content=\"new\" \/>\n<!-- \/ Yoast SEO Premium plugin. -->","yoast_head_json":{"title":"Lampe chauffante pour animaux en aluminium : Confort et s\u00e9curit\u00e9 FDA srl","description":"D\u00e9couvrez notre lampe chauffante pour animaux, fabriqu\u00e9e en aluminium de haute qualit\u00e9 pour une diffusion uniforme de la chaleur. D\u00e9couvrez maintenant ! \ud83c\udf1f","robots":{"index":"index","follow":"follow","max-snippet":"max-snippet:-1","max-image-preview":"max-image-preview:large","max-video-preview":"max-video-preview:-1"},"canonical":"https:\/\/fdasrl.it\/fr\/prodotto\/reflecteur-de-chauffage-en-aluminium-o-210\/","og_locale":"fr_FR","og_type":"article","og_title":"R\u00e9flecteur de chauffage en aluminium \u00d8 210","og_description":"D\u00e9couvrez notre lampe chauffante pour animaux, fabriqu\u00e9e en aluminium de haute qualit\u00e9 pour une diffusion uniforme de la chaleur. D\u00e9couvrez maintenant ! \ud83c\udf1f","og_url":"https:\/\/fdasrl.it\/fr\/prodotto\/reflecteur-de-chauffage-en-aluminium-o-210\/","og_site_name":"FDA srl","article_publisher":"https:\/\/www.facebook.com\/share\/1MWhFWg1Tp\/?mibextid=LQQJ4d","og_image":[{"width":800,"height":607,"url":"https:\/\/fdasrl.it\/wp-content\/uploads\/2025\/01\/FDA-000030.jpg","type":"image\/jpeg"}],"twitter_card":"summary_large_image","twitter_misc":{"Prix":"","Disponibilit\u00e9":"En stock"},"schema":{"@context":"https:\/\/schema.org","@graph":[{"@type":"WebPage","@id":"https:\/\/fdasrl.it\/fr\/prodotto\/reflecteur-de-chauffage-en-aluminium-o-210\/","url":"https:\/\/fdasrl.it\/fr\/prodotto\/reflecteur-de-chauffage-en-aluminium-o-210\/","name":"Lampe chauffante pour animaux en aluminium : Confort et s\u00e9curit\u00e9 FDA srl","isPartOf":{"@id":"https:\/\/fdasrl.it\/fr\/#website"},"primaryImageOfPage":{"@id":"https:\/\/fdasrl.it\/fr\/prodotto\/reflecteur-de-chauffage-en-aluminium-o-210\/#primaryimage"},"image":{"@id":"https:\/\/fdasrl.it\/fr\/prodotto\/reflecteur-de-chauffage-en-aluminium-o-210\/#primaryimage"},"thumbnailUrl":"https:\/\/fdasrl.it\/wp-content\/uploads\/2025\/01\/FDA-000030.jpg","datePublished":"2025-01-20T10:44:10+00:00","description":"D\u00e9couvrez notre lampe chauffante pour animaux, fabriqu\u00e9e en aluminium de haute qualit\u00e9 pour une diffusion uniforme de la chaleur. D\u00e9couvrez maintenant ! \ud83c\udf1f","breadcrumb":{"@id":"https:\/\/fdasrl.it\/fr\/prodotto\/reflecteur-de-chauffage-en-aluminium-o-210\/#breadcrumb"},"inLanguage":"fr-FR","potentialAction":[{"@type":"ReadAction","target":["https:\/\/fdasrl.it\/fr\/prodotto\/reflecteur-de-chauffage-en-aluminium-o-210\/"]}]},{"@type":"ImageObject","inLanguage":"fr-FR","@id":"https:\/\/fdasrl.it\/fr\/prodotto\/reflecteur-de-chauffage-en-aluminium-o-210\/#primaryimage","url":"https:\/\/fdasrl.it\/wp-content\/uploads\/2025\/01\/FDA-000030.jpg","contentUrl":"https:\/\/fdasrl.it\/wp-content\/uploads\/2025\/01\/FDA-000030.jpg","width":800,"height":607,"caption":"Lampada riscaldante pr animali in alluminio"},{"@type":"BreadcrumbList","@id":"https:\/\/fdasrl.it\/fr\/prodotto\/reflecteur-de-chauffage-en-aluminium-o-210\/#breadcrumb","itemListElement":[{"@type":"ListItem","position":1,"name":"Home","item":"https:\/\/fdasrl.it\/fr\/accueil\/"},{"@type":"ListItem","position":2,"name":"Boutique","item":"https:\/\/fdasrl.it\/fr\/boutique\/"},{"@type":"ListItem","position":3,"name":"R\u00e9flecteur de chauffage en aluminium \u00d8 210"}]},{"@type":"WebSite","@id":"https:\/\/fdasrl.it\/fr\/#website","url":"https:\/\/fdasrl.it\/fr\/","name":"FDA srl","description":"Equipment for animal husbandry","publisher":{"@id":"https:\/\/fdasrl.it\/fr\/#organization"},"potentialAction":[{"@type":"SearchAction","target":{"@type":"EntryPoint","urlTemplate":"https:\/\/fdasrl.it\/fr\/?s={search_term_string}"},"query-input":{"@type":"PropertyValueSpecification","valueRequired":true,"valueName":"search_term_string"}}],"inLanguage":"fr-FR"},{"@type":"Organization","@id":"https:\/\/fdasrl.it\/fr\/#organization","name":"FDA srl","url":"https:\/\/fdasrl.it\/fr\/","logo":{"@type":"ImageObject","inLanguage":"fr-FR","@id":"https:\/\/fdasrl.it\/fr\/#\/schema\/logo\/image\/","url":"https:\/\/fdasrl.it\/wp-content\/uploads\/2024\/12\/Logo-FDA.png","contentUrl":"https:\/\/fdasrl.it\/wp-content\/uploads\/2024\/12\/Logo-FDA.png","width":316,"height":119,"caption":"FDA srl"},"image":{"@id":"https:\/\/fdasrl.it\/fr\/#\/schema\/logo\/image\/"},"sameAs":["https:\/\/www.facebook.com\/share\/1MWhFWg1Tp\/?mibextid=LQQJ4d","https:\/\/www.instagram.com\/fda_srl\/profilecard\/?igsh=YW5lbzJ6MWg0d21u","https:\/\/www.youtube.com\/@FDASRL_ANIMALCARE"],"description":"FDA SRL \u2013 Equipment for animal husbandry nasce con l\u2019obiettivo di offrire soluzioni affidabili e innovative per l\u2019allevamento moderno. Con anni di esperienza nel settore zootecnico, progettiamo e realizziamo attrezzature destinate al benessere animale e alla gestione efficiente delle stalle: vasche, abbeveratoi, mangiatoie e sistemi di riscaldamento pensati per durare nel tempo e semplificare il lavoro quotidiano degli allevatori. Dalla progettazione alla produzione, ogni nostro prodotto \u00e8 studiato nei minimi dettagli, testato con cura e costruito per rispondere alle esigenze reali del settore. La nostra forza \u00e8 unire artigianalit\u00e0, tecnologia e competenza tecnica per trasformare ogni progetto in una soluzione concreta e funzionale. Oggi FDA SRL \u00e8 un punto di riferimento per privati e rivenditori che cercano qualit\u00e0, affidabilit\u00e0 e innovazione nelle attrezzature per l\u2019allevamento.","email":"info@fdasrl.it","telephone":"+390522826820","legalName":"F.D.A. SRL","foundingDate":"2024-10-13","vatID":"03075840359","taxID":"03075840359","numberOfEmployees":{"@type":"QuantitativeValue","minValue":"1","maxValue":"10"}}]},"product_price_currency":"EUR","og_availability":"instock","product_availability":"instock","product_retailer_item_id":"FDA-000030","product_condition":"new"},"_links":{"self":[{"href":"https:\/\/fdasrl.it\/fr\/wp-json\/wp\/v2\/product\/4483","targetHints":{"allow":["GET"]}}],"collection":[{"href":"https:\/\/fdasrl.it\/fr\/wp-json\/wp\/v2\/product"}],"about":[{"href":"https:\/\/fdasrl.it\/fr\/wp-json\/wp\/v2\/types\/product"}],"replies":[{"embeddable":true,"href":"https:\/\/fdasrl.it\/fr\/wp-json\/wp\/v2\/comments?post=4483"}],"wp:featuredmedia":[{"embeddable":true,"href":"https:\/\/fdasrl.it\/fr\/wp-json\/wp\/v2\/media\/319"}],"wp:attachment":[{"href":"https:\/\/fdasrl.it\/fr\/wp-json\/wp\/v2\/media?parent=4483"}],"wp:term":[{"taxonomy":"product_brand","embeddable":true,"href":"https:\/\/fdasrl.it\/fr\/wp-json\/wp\/v2\/product_brand?post=4483"},{"taxonomy":"product_cat","embeddable":true,"href":"https:\/\/fdasrl.it\/fr\/wp-json\/wp\/v2\/product_cat?post=4483"},{"taxonomy":"product_tag","embeddable":true,"href":"https:\/\/fdasrl.it\/fr\/wp-json\/wp\/v2\/product_tag?post=4483"}],"curies":[{"name":"wp","href":"https:\/\/api.w.org\/{rel}","templated":true}]}}