{"id":4486,"date":"2025-01-20T11:35:31","date_gmt":"2025-01-20T10:35:31","guid":{"rendered":"https:\/\/fdasrl.it\/prodotto\/reflecteur-chauffant-pour-animaux-o-320-mm\/"},"modified":"2025-01-20T11:35:31","modified_gmt":"2025-01-20T10:35:31","slug":"reflecteur-chauffant-pour-animaux-o-320-mm","status":"publish","type":"product","link":"https:\/\/fdasrl.it\/fr\/prodotto\/reflecteur-chauffant-pour-animaux-o-320-mm\/","title":{"rendered":"R\u00e9flecteur chauffant pour animaux \u00d8 320 mm"},"content":{"rendered":"<div align=\"left\">\n<p data-start=\"163\" data-end=\"492\">Le <strong data-start=\"166\" data-end=\"214\">r\u00e9flecteur chauffant en aluminium \u00d8 320 mm<\/strong> est con\u00e7u pour garantir chaleur et confort aux animaux d\u2019\u00e9levage et aux petits durant les premi\u00e8res phases de croissance. Robuste et s\u00fbr, il est id\u00e9al pour les <strong data-start=\"362\" data-end=\"427\">poussins, poulets, porcelets, lapins et petits animaux domestiques<\/strong>, favorisant le bien-\u00eatre et r\u00e9duisant les risques li\u00e9s au froid. <\/p>\n<p data-start=\"494\" data-end=\"528\">Ce r\u00e9flecteur est \u00e9quip\u00e9 de :<\/p>\n<ul data-start=\"529\" data-end=\"815\">\n<li data-start=\"529\" data-end=\"579\">\n<p data-start=\"531\" data-end=\"579\"><strong data-start=\"531\" data-end=\"548\">C\u00e2ble de 2,5 m<\/strong> pour une installation pratique<\/p>\n<\/li>\n<li data-start=\"580\" data-end=\"647\">\n<p data-start=\"582\" data-end=\"647\"><strong data-start=\"582\" data-end=\"622\">Fiche Schuko 16 A, 250 V \u00e9tanche aux projections<\/strong> pour plus de s\u00e9curit\u00e9<\/p>\n<\/li>\n<li data-start=\"648\" data-end=\"715\">\n<p data-start=\"650\" data-end=\"715\"><strong data-start=\"650\" data-end=\"693\">Douille en porcelaine lourde \u00d8 54<\/strong> avec virole viss\u00e9e<\/p>\n<\/li>\n<li data-start=\"716\" data-end=\"770\">\n<p data-start=\"718\" data-end=\"770\"><strong data-start=\"718\" data-end=\"753\">Cha\u00eenette de suspension de 2 m<\/strong> (sur demande)<\/p>\n<\/li>\n<li data-start=\"771\" data-end=\"815\">\n<p data-start=\"773\" data-end=\"815\"><strong data-start=\"773\" data-end=\"798\">Grille de protection<\/strong> (sur demande)<\/p>\n<\/li>\n<\/ul>\n<p data-start=\"817\" data-end=\"844\">Caract\u00e9ristiques techniques :<\/p>\n<ul data-start=\"845\" data-end=\"989\">\n<li data-start=\"845\" data-end=\"881\">\n<p data-start=\"847\" data-end=\"881\">Alimentation : <strong data-start=\"862\" data-end=\"879\">230 V \u2013 50 Hz<\/strong><\/p>\n<\/li>\n<li data-start=\"882\" data-end=\"912\">\n<p data-start=\"884\" data-end=\"912\">Puissance maximale : <strong data-start=\"901\" data-end=\"910\">250 W<\/strong><\/p>\n<\/li>\n<li data-start=\"913\" data-end=\"989\">\n<p data-start=\"915\" data-end=\"989\">Possibilit\u00e9 de fourniture avec <strong data-start=\"944\" data-end=\"970\">fiche mobile CEE IP 44<\/strong> et c\u00e2ble de 2,80 m<\/p>\n<\/li>\n<\/ul>\n<p data-start=\"991\" data-end=\"1219\">Gr\u00e2ce \u00e0 sa structure r\u00e9sistante et \u00e0 sa facilit\u00e9 d\u2019utilisation, ce r\u00e9flecteur est une solution fiable pour le <strong data-start=\"1109\" data-end=\"1156\">chauffage s\u00fbr et cibl\u00e9 des animaux<\/strong>, tant en \u00e9levage professionnel qu\u2019en milieu domestique.<\/p>\n<\/div>\n<div align=\"left\">\ud83d\udc49 Demandez un devis par quantit\u00e9 \u00e0 <a class=\"decorated-link cursor-pointer\" href=\"mailto:info@fdasrl.it\" rel=\"noopener\" data-start=\"1206\" data-end=\"1220\">info@fdasrl.it<\/a>.<\/div>\n<div align=\"left\">\ud83d\udc49 Achetez-le sur notre <a href=\"https:\/\/fda-shop.it\/shop\/articoli-per-allevamento\/soluzioni-per-il-riscaldamento\/riflettore-riscaldante-in-alluminio-o-320-mm-fda000036#\/32-accessori_e_confezioni-spina_schuko_senza_griglia\" target=\"_blank\" rel=\"noopener\">boutique en ligne<\/a><\/div>\n","protected":false},"excerpt":{"rendered":"<p>R\u00e9flecteur en aluminium \u00d8 320 mm pour le chauffage des animaux. Complet avec c\u00e2ble, fiche Schuko et douille en porcelaine. <\/p>\n","protected":false},"featured_media":312,"comment_status":"open","ping_status":"closed","template":"","meta":{"_et_pb_use_builder":"","_et_pb_old_content":"","_et_gb_content_width":""},"product_brand":[],"product_cat":[665,662,664],"product_tag":[1068],"class_list":{"0":"post-4486","1":"product","2":"type-product","3":"status-publish","4":"has-post-thumbnail","6":"product_cat-chauffage-pour-animaux","7":"product_cat-porcs","8":"product_cat-volailles","9":"product_tag-fda-000036","11":"first","12":"instock","13":"shipping-taxable","14":"product-type-simple"},"yoast_head":"<!-- This site is optimized with the Yoast SEO Premium plugin v27.5 (Yoast SEO v27.6) - https:\/\/yoast.com\/product\/yoast-seo-premium-wordpress\/ -->\n<title>R\u00e9flecteur chauffant pour animaux \u00d8 320 mm : le confort dans la croissance - FDA srl<\/title>\n<meta name=\"description\" content=\"R\u00e9chauffez et prot\u00e9gez vos petits avec le r\u00e9flecteur chauffant pour animaux \u00d8 320 mm. C\u2019est l\u2019\u00e9quipement id\u00e9al pour votre \u00e9levage !\" \/>\n<meta name=\"robots\" content=\"index, follow, max-snippet:-1, max-image-preview:large, max-video-preview:-1\" \/>\n<link rel=\"canonical\" href=\"https:\/\/fdasrl.it\/fr\/prodotto\/reflecteur-chauffant-pour-animaux-o-320-mm\/\" \/>\n<meta property=\"og:locale\" content=\"fr_FR\" \/>\n<meta property=\"og:type\" content=\"article\" \/>\n<meta property=\"og:title\" content=\"R\u00e9flecteur chauffant pour animaux \u00d8 320 mm\" \/>\n<meta property=\"og:description\" content=\"R\u00e9chauffez et prot\u00e9gez vos petits avec le r\u00e9flecteur chauffant pour animaux \u00d8 320 mm. C\u2019est l\u2019\u00e9quipement id\u00e9al pour votre \u00e9levage !\" \/>\n<meta property=\"og:url\" content=\"https:\/\/fdasrl.it\/fr\/prodotto\/reflecteur-chauffant-pour-animaux-o-320-mm\/\" \/>\n<meta property=\"og:site_name\" content=\"FDA srl\" \/>\n<meta property=\"article:publisher\" content=\"https:\/\/www.facebook.com\/share\/1MWhFWg1Tp\/?mibextid=LQQJ4d\" \/>\n<meta property=\"og:image\" content=\"https:\/\/fdasrl.it\/wp-content\/uploads\/2025\/01\/FDA-000036-SCHUKO.jpg\" \/>\n\t<meta property=\"og:image:width\" content=\"800\" \/>\n\t<meta property=\"og:image:height\" content=\"600\" \/>\n\t<meta property=\"og:image:type\" content=\"image\/jpeg\" \/>\n<meta name=\"twitter:card\" content=\"summary_large_image\" \/>\n<meta name=\"twitter:label1\" content=\"Prix\" \/>\n\t<meta name=\"twitter:data1\" content=\"\" \/>\n\t<meta name=\"twitter:label2\" content=\"Disponibilit\u00e9\" \/>\n\t<meta name=\"twitter:data2\" content=\"En stock\" \/>\n<meta property=\"product:price:currency\" content=\"EUR\" \/>\n<meta property=\"og:availability\" content=\"instock\" \/>\n<meta property=\"product:availability\" content=\"instock\" \/>\n<meta property=\"product:retailer_item_id\" content=\"FDA-000036\" \/>\n<meta property=\"product:condition\" content=\"new\" \/>\n<!-- \/ Yoast SEO Premium plugin. -->","yoast_head_json":{"title":"R\u00e9flecteur chauffant pour animaux \u00d8 320 mm : le confort dans la croissance - FDA srl","description":"R\u00e9chauffez et prot\u00e9gez vos petits avec le r\u00e9flecteur chauffant pour animaux \u00d8 320 mm. C\u2019est l\u2019\u00e9quipement id\u00e9al pour votre \u00e9levage !","robots":{"index":"index","follow":"follow","max-snippet":"max-snippet:-1","max-image-preview":"max-image-preview:large","max-video-preview":"max-video-preview:-1"},"canonical":"https:\/\/fdasrl.it\/fr\/prodotto\/reflecteur-chauffant-pour-animaux-o-320-mm\/","og_locale":"fr_FR","og_type":"article","og_title":"R\u00e9flecteur chauffant pour animaux \u00d8 320 mm","og_description":"R\u00e9chauffez et prot\u00e9gez vos petits avec le r\u00e9flecteur chauffant pour animaux \u00d8 320 mm. C\u2019est l\u2019\u00e9quipement id\u00e9al pour votre \u00e9levage !","og_url":"https:\/\/fdasrl.it\/fr\/prodotto\/reflecteur-chauffant-pour-animaux-o-320-mm\/","og_site_name":"FDA srl","article_publisher":"https:\/\/www.facebook.com\/share\/1MWhFWg1Tp\/?mibextid=LQQJ4d","og_image":[{"width":800,"height":600,"url":"https:\/\/fdasrl.it\/wp-content\/uploads\/2025\/01\/FDA-000036-SCHUKO.jpg","type":"image\/jpeg"}],"twitter_card":"summary_large_image","twitter_misc":{"Prix":"","Disponibilit\u00e9":"En stock"},"schema":{"@context":"https:\/\/schema.org","@graph":[{"@type":"WebPage","@id":"https:\/\/fdasrl.it\/fr\/prodotto\/reflecteur-chauffant-pour-animaux-o-320-mm\/","url":"https:\/\/fdasrl.it\/fr\/prodotto\/reflecteur-chauffant-pour-animaux-o-320-mm\/","name":"R\u00e9flecteur chauffant pour animaux \u00d8 320 mm : le confort dans la croissance - FDA srl","isPartOf":{"@id":"https:\/\/fdasrl.it\/fr\/#website"},"primaryImageOfPage":{"@id":"https:\/\/fdasrl.it\/fr\/prodotto\/reflecteur-chauffant-pour-animaux-o-320-mm\/#primaryimage"},"image":{"@id":"https:\/\/fdasrl.it\/fr\/prodotto\/reflecteur-chauffant-pour-animaux-o-320-mm\/#primaryimage"},"thumbnailUrl":"https:\/\/fdasrl.it\/wp-content\/uploads\/2025\/01\/FDA-000036-SCHUKO.jpg","datePublished":"2025-01-20T10:35:31+00:00","description":"R\u00e9chauffez et prot\u00e9gez vos petits avec le r\u00e9flecteur chauffant pour animaux \u00d8 320 mm. C\u2019est l\u2019\u00e9quipement id\u00e9al pour votre \u00e9levage !","breadcrumb":{"@id":"https:\/\/fdasrl.it\/fr\/prodotto\/reflecteur-chauffant-pour-animaux-o-320-mm\/#breadcrumb"},"inLanguage":"fr-FR","potentialAction":[{"@type":"ReadAction","target":["https:\/\/fdasrl.it\/fr\/prodotto\/reflecteur-chauffant-pour-animaux-o-320-mm\/"]}]},{"@type":"ImageObject","inLanguage":"fr-FR","@id":"https:\/\/fdasrl.it\/fr\/prodotto\/reflecteur-chauffant-pour-animaux-o-320-mm\/#primaryimage","url":"https:\/\/fdasrl.it\/wp-content\/uploads\/2025\/01\/FDA-000036-SCHUKO.jpg","contentUrl":"https:\/\/fdasrl.it\/wp-content\/uploads\/2025\/01\/FDA-000036-SCHUKO.jpg","width":800,"height":600,"caption":"R\u00e9flecteur en aluminium \u00d8 320 mm pour le chauffage des animaux, complet avec c\u00e2ble et douille en porcelaine."},{"@type":"BreadcrumbList","@id":"https:\/\/fdasrl.it\/fr\/prodotto\/reflecteur-chauffant-pour-animaux-o-320-mm\/#breadcrumb","itemListElement":[{"@type":"ListItem","position":1,"name":"Home","item":"https:\/\/fdasrl.it\/fr\/accueil\/"},{"@type":"ListItem","position":2,"name":"Boutique","item":"https:\/\/fdasrl.it\/fr\/boutique\/"},{"@type":"ListItem","position":3,"name":"R\u00e9flecteur chauffant pour animaux \u00d8 320 mm"}]},{"@type":"WebSite","@id":"https:\/\/fdasrl.it\/fr\/#website","url":"https:\/\/fdasrl.it\/fr\/","name":"FDA srl","description":"Equipment for animal husbandry","publisher":{"@id":"https:\/\/fdasrl.it\/fr\/#organization"},"potentialAction":[{"@type":"SearchAction","target":{"@type":"EntryPoint","urlTemplate":"https:\/\/fdasrl.it\/fr\/?s={search_term_string}"},"query-input":{"@type":"PropertyValueSpecification","valueRequired":true,"valueName":"search_term_string"}}],"inLanguage":"fr-FR"},{"@type":"Organization","@id":"https:\/\/fdasrl.it\/fr\/#organization","name":"FDA srl","url":"https:\/\/fdasrl.it\/fr\/","logo":{"@type":"ImageObject","inLanguage":"fr-FR","@id":"https:\/\/fdasrl.it\/fr\/#\/schema\/logo\/image\/","url":"https:\/\/fdasrl.it\/wp-content\/uploads\/2024\/12\/Logo-FDA.png","contentUrl":"https:\/\/fdasrl.it\/wp-content\/uploads\/2024\/12\/Logo-FDA.png","width":316,"height":119,"caption":"FDA srl"},"image":{"@id":"https:\/\/fdasrl.it\/fr\/#\/schema\/logo\/image\/"},"sameAs":["https:\/\/www.facebook.com\/share\/1MWhFWg1Tp\/?mibextid=LQQJ4d","https:\/\/www.instagram.com\/fda_srl\/profilecard\/?igsh=YW5lbzJ6MWg0d21u","https:\/\/www.youtube.com\/@FDASRL_ANIMALCARE"],"description":"FDA SRL \u2013 Equipment for animal husbandry nasce con l\u2019obiettivo di offrire soluzioni affidabili e innovative per l\u2019allevamento moderno. Con anni di esperienza nel settore zootecnico, progettiamo e realizziamo attrezzature destinate al benessere animale e alla gestione efficiente delle stalle: vasche, abbeveratoi, mangiatoie e sistemi di riscaldamento pensati per durare nel tempo e semplificare il lavoro quotidiano degli allevatori. Dalla progettazione alla produzione, ogni nostro prodotto \u00e8 studiato nei minimi dettagli, testato con cura e costruito per rispondere alle esigenze reali del settore. La nostra forza \u00e8 unire artigianalit\u00e0, tecnologia e competenza tecnica per trasformare ogni progetto in una soluzione concreta e funzionale. Oggi FDA SRL \u00e8 un punto di riferimento per privati e rivenditori che cercano qualit\u00e0, affidabilit\u00e0 e innovazione nelle attrezzature per l\u2019allevamento.","email":"info@fdasrl.it","telephone":"+390522826820","legalName":"F.D.A. SRL","foundingDate":"2024-10-13","vatID":"03075840359","taxID":"03075840359","numberOfEmployees":{"@type":"QuantitativeValue","minValue":"1","maxValue":"10"}}]},"product_price_currency":"EUR","og_availability":"instock","product_availability":"instock","product_retailer_item_id":"FDA-000036","product_condition":"new"},"_links":{"self":[{"href":"https:\/\/fdasrl.it\/fr\/wp-json\/wp\/v2\/product\/4486","targetHints":{"allow":["GET"]}}],"collection":[{"href":"https:\/\/fdasrl.it\/fr\/wp-json\/wp\/v2\/product"}],"about":[{"href":"https:\/\/fdasrl.it\/fr\/wp-json\/wp\/v2\/types\/product"}],"replies":[{"embeddable":true,"href":"https:\/\/fdasrl.it\/fr\/wp-json\/wp\/v2\/comments?post=4486"}],"wp:featuredmedia":[{"embeddable":true,"href":"https:\/\/fdasrl.it\/fr\/wp-json\/wp\/v2\/media\/312"}],"wp:attachment":[{"href":"https:\/\/fdasrl.it\/fr\/wp-json\/wp\/v2\/media?parent=4486"}],"wp:term":[{"taxonomy":"product_brand","embeddable":true,"href":"https:\/\/fdasrl.it\/fr\/wp-json\/wp\/v2\/product_brand?post=4486"},{"taxonomy":"product_cat","embeddable":true,"href":"https:\/\/fdasrl.it\/fr\/wp-json\/wp\/v2\/product_cat?post=4486"},{"taxonomy":"product_tag","embeddable":true,"href":"https:\/\/fdasrl.it\/fr\/wp-json\/wp\/v2\/product_tag?post=4486"}],"curies":[{"name":"wp","href":"https:\/\/api.w.org\/{rel}","templated":true}]}}