{"id":4527,"date":"2025-01-20T11:18:23","date_gmt":"2025-01-20T10:18:23","guid":{"rendered":"https:\/\/fdasrl.it\/prodotto\/support-inox-renforce-pour-abreuvoirs-a-tetine\/"},"modified":"2025-01-20T11:18:23","modified_gmt":"2025-01-20T10:18:23","slug":"support-inox-renforce-pour-abreuvoirs-a-tetine","status":"publish","type":"product","link":"https:\/\/fdasrl.it\/fr\/prodotto\/support-inox-renforce-pour-abreuvoirs-a-tetine\/","title":{"rendered":"Support inox renforc\u00e9 pour abreuvoirs \u00e0 t\u00e9tine"},"content":{"rendered":"<h1 data-start=\"263\" data-end=\"620\">Support inox renforc\u00e9, type lourd pour abreuvoirs \u00e0 t\u00e9tine<\/h1>\n<p data-start=\"263\" data-end=\"620\">Le <strong data-start=\"266\" data-end=\"337\">support renforc\u00e9 fixe avec plaque murale pour abreuvoir automatique porcins<\/strong> est une solution pratique et r\u00e9sistante. Il est con\u00e7u pour garantir stabilit\u00e9 et longue dur\u00e9e dans les installations d&rsquo;abreuvement. Fabriqu\u00e9 enti\u00e8rement en <strong data-start=\"482\" data-end=\"514\">acier inox de haute qualit\u00e9<\/strong>, il offre une r\u00e9sistance \u00e9lev\u00e9e \u00e0 la corrosion et aux sollicitations typiques des \u00e9levages intensifs.  <\/p>\n<p data-start=\"622\" data-end=\"1034\">Gr\u00e2ce \u00e0 la <strong data-start=\"634\" data-end=\"663\">plaque murale renforc\u00e9e<\/strong>, le support assure une fixation solide et s\u00fbre. De plus, il r\u00e9duit le risque de mouvements ou de dommages m\u00eame avec une utilisation fr\u00e9quente par les animaux. Le <strong data-start=\"825\" data-end=\"850\">raccord d&rsquo;eau de 1\/2&Prime;<\/strong> est inclin\u00e9 \u00e0 <strong data-start=\"865\" data-end=\"872\">25\u00b0<\/strong>. Cette caract\u00e9ristique favorise un \u00e9coulement correct de l&rsquo;eau et am\u00e9liore l&rsquo;ergonomie pour les porcins, garantissant un acc\u00e8s facile et naturel \u00e0 l&rsquo;abreuvoir.   <\/p>\n<p data-start=\"1036\" data-end=\"1385\">Ce support est compatible avec les principaux mod\u00e8les d&rsquo;<strong data-start=\"1094\" data-end=\"1130\">abreuvoirs automatiques pour porcins<\/strong>. Cela en fait un choix polyvalent aussi bien pour les nouvelles installations que pour les remplacements ou modernisations des installations existantes. La structure en acier inox facilite en outre le nettoyage et l&rsquo;entretien, assurant un niveau d&rsquo;hygi\u00e8ne toujours optimal.  <\/p>\n<h3 data-start=\"1387\" data-end=\"1415\">\u2705 Avantages principaux :<\/h3>\n<ul data-start=\"1416\" data-end=\"1697\">\n<li data-start=\"1416\" data-end=\"1459\">\n<p data-start=\"1418\" data-end=\"1459\">Construction robuste en <strong data-start=\"1441\" data-end=\"1457\">acier inox<\/strong><\/p>\n<\/li>\n<li data-start=\"1460\" data-end=\"1516\">\n<p data-start=\"1462\" data-end=\"1516\"><strong data-start=\"1462\" data-end=\"1480\">Plaque murale<\/strong> pour une fixation stable et s\u00fbre<\/p>\n<\/li>\n<li data-start=\"1517\" data-end=\"1591\">\n<p data-start=\"1519\" data-end=\"1591\"><strong data-start=\"1519\" data-end=\"1557\">Raccord d&rsquo;eau 1\/2&Prime; inclin\u00e9 \u00e0 25\u00b0<\/strong> pour une installation ergonomique<\/p>\n<\/li>\n<li data-start=\"1592\" data-end=\"1655\">\n<p data-start=\"1594\" data-end=\"1655\">Compatibilit\u00e9 avec diff\u00e9rents mod\u00e8les d&rsquo;abreuvoirs automatiques<\/p>\n<\/li>\n<li data-start=\"1656\" data-end=\"1697\">\n<p data-start=\"1658\" data-end=\"1697\">Facile \u00e0 monter, nettoyer et entretenir<\/p>\n<\/li>\n<\/ul>\n<p data-start=\"1699\" data-end=\"1872\">Le support fixe avec plaque murale repr\u00e9sente un choix fiable pour ceux qui recherchent un accessoire durable et fonctionnel pour leur <strong data-start=\"1835\" data-end=\"1869\">installation d&rsquo;abreuvement porcins<\/strong>.<\/p>\n","protected":false},"excerpt":{"rendered":"<p>Support fixe avec <strong data-start=\"919\" data-end=\"953\">plaque murale en acier inox renforc\u00e9, mod\u00e8le \u00ab\u00a0lourd\u00a0\u00bb est<\/strong> con\u00e7u pour l&rsquo;installation d&rsquo;<strong data-start=\"989\" data-end=\"1025\">abreuvoirs automatiques pour porcins<\/strong>. \u00c9quip\u00e9 d&rsquo;un <strong data-start=\"1037\" data-end=\"1062\">raccord d&rsquo;eau de 1\/2&Prime;<\/strong> avec <strong data-start=\"1067\" data-end=\"1084\">angle de 25\u00b0<\/strong>, il garantit solidit\u00e9, r\u00e9sistance \u00e0 la corrosion et praticit\u00e9 de montage. Id\u00e9al pour les \u00e9levages porcins qui n\u00e9cessitent des solutions fiables et durables.  <\/p>\n","protected":false},"featured_media":299,"comment_status":"open","ping_status":"closed","template":"","meta":{"_et_pb_use_builder":"","_et_pb_old_content":"","_et_gb_content_width":""},"product_brand":[],"product_cat":[754,662,1079],"product_tag":[1080],"class_list":{"0":"post-4527","1":"product","2":"type-product","3":"status-publish","4":"has-post-thumbnail","6":"product_cat-abreuvoirs-3","7":"product_cat-porcs","8":"product_cat-supports-pour-abreuvoirs","9":"product_tag-fda-000008","11":"first","12":"instock","13":"shipping-taxable","14":"product-type-simple"},"yoast_head":"<!-- This site is optimized with the Yoast SEO Premium plugin v27.5 (Yoast SEO v27.5) - https:\/\/yoast.com\/product\/yoast-seo-premium-wordpress\/ -->\n<title>Support renforc\u00e9 pour abreuvoir automatique porcins \u2013 Haute Qualit\u00e9<\/title>\n<meta name=\"description\" content=\"D\u00e9couvrez notre support renforc\u00e9 pour abreuvoir automatique porcins, fabriqu\u00e9 en acier inox de haute qualit\u00e9. Garantit stabilit\u00e9 et durabilit\u00e9 !\" \/>\n<meta name=\"robots\" content=\"index, follow, max-snippet:-1, max-image-preview:large, max-video-preview:-1\" \/>\n<link rel=\"canonical\" href=\"https:\/\/fdasrl.it\/fr\/prodotto\/support-inox-renforce-pour-abreuvoirs-a-tetine\/\" \/>\n<meta property=\"og:locale\" content=\"fr_FR\" \/>\n<meta property=\"og:type\" content=\"article\" \/>\n<meta property=\"og:title\" content=\"Support inox renforc\u00e9 pour abreuvoirs \u00e0 t\u00e9tine\" \/>\n<meta property=\"og:description\" content=\"D\u00e9couvrez notre support renforc\u00e9 pour abreuvoir automatique porcins, fabriqu\u00e9 en acier inox de haute qualit\u00e9. Garantit stabilit\u00e9 et durabilit\u00e9 !\" \/>\n<meta property=\"og:url\" content=\"https:\/\/fdasrl.it\/fr\/prodotto\/support-inox-renforce-pour-abreuvoirs-a-tetine\/\" \/>\n<meta property=\"og:site_name\" content=\"FDA srl\" \/>\n<meta property=\"article:publisher\" content=\"https:\/\/www.facebook.com\/share\/1MWhFWg1Tp\/?mibextid=LQQJ4d\" \/>\n<meta property=\"og:image\" content=\"https:\/\/fdasrl.it\/wp-content\/uploads\/2025\/01\/FDA-00008-25_1.jpg\" \/>\n\t<meta property=\"og:image:width\" content=\"800\" \/>\n\t<meta property=\"og:image:height\" content=\"640\" \/>\n\t<meta property=\"og:image:type\" content=\"image\/jpeg\" \/>\n<meta name=\"twitter:card\" content=\"summary_large_image\" \/>\n<meta name=\"twitter:label1\" content=\"Prix\" \/>\n\t<meta name=\"twitter:data1\" content=\"\" \/>\n\t<meta name=\"twitter:label2\" content=\"Disponibilit\u00e9\" \/>\n\t<meta name=\"twitter:data2\" content=\"En stock\" \/>\n<meta property=\"product:price:currency\" content=\"EUR\" \/>\n<meta property=\"og:availability\" content=\"instock\" \/>\n<meta property=\"product:availability\" content=\"instock\" \/>\n<meta property=\"product:retailer_item_id\" content=\"FDA-000008\" \/>\n<meta property=\"product:condition\" content=\"new\" \/>\n<!-- \/ Yoast SEO Premium plugin. -->","yoast_head_json":{"title":"Support renforc\u00e9 pour abreuvoir automatique porcins \u2013 Haute Qualit\u00e9","description":"D\u00e9couvrez notre support renforc\u00e9 pour abreuvoir automatique porcins, fabriqu\u00e9 en acier inox de haute qualit\u00e9. Garantit stabilit\u00e9 et durabilit\u00e9 !","robots":{"index":"index","follow":"follow","max-snippet":"max-snippet:-1","max-image-preview":"max-image-preview:large","max-video-preview":"max-video-preview:-1"},"canonical":"https:\/\/fdasrl.it\/fr\/prodotto\/support-inox-renforce-pour-abreuvoirs-a-tetine\/","og_locale":"fr_FR","og_type":"article","og_title":"Support inox renforc\u00e9 pour abreuvoirs \u00e0 t\u00e9tine","og_description":"D\u00e9couvrez notre support renforc\u00e9 pour abreuvoir automatique porcins, fabriqu\u00e9 en acier inox de haute qualit\u00e9. Garantit stabilit\u00e9 et durabilit\u00e9 !","og_url":"https:\/\/fdasrl.it\/fr\/prodotto\/support-inox-renforce-pour-abreuvoirs-a-tetine\/","og_site_name":"FDA srl","article_publisher":"https:\/\/www.facebook.com\/share\/1MWhFWg1Tp\/?mibextid=LQQJ4d","og_image":[{"width":800,"height":640,"url":"https:\/\/fdasrl.it\/wp-content\/uploads\/2025\/01\/FDA-00008-25_1.jpg","type":"image\/jpeg"}],"twitter_card":"summary_large_image","twitter_misc":{"Prix":"","Disponibilit\u00e9":"En stock"},"schema":{"@context":"https:\/\/schema.org","@graph":[{"@type":"WebPage","@id":"https:\/\/fdasrl.it\/fr\/prodotto\/support-inox-renforce-pour-abreuvoirs-a-tetine\/","url":"https:\/\/fdasrl.it\/fr\/prodotto\/support-inox-renforce-pour-abreuvoirs-a-tetine\/","name":"Support renforc\u00e9 pour abreuvoir automatique porcins \u2013 Haute Qualit\u00e9","isPartOf":{"@id":"https:\/\/fdasrl.it\/fr\/#website"},"primaryImageOfPage":{"@id":"https:\/\/fdasrl.it\/fr\/prodotto\/support-inox-renforce-pour-abreuvoirs-a-tetine\/#primaryimage"},"image":{"@id":"https:\/\/fdasrl.it\/fr\/prodotto\/support-inox-renforce-pour-abreuvoirs-a-tetine\/#primaryimage"},"thumbnailUrl":"https:\/\/fdasrl.it\/wp-content\/uploads\/2025\/01\/FDA-00008-25_1.jpg","datePublished":"2025-01-20T10:18:23+00:00","description":"D\u00e9couvrez notre support renforc\u00e9 pour abreuvoir automatique porcins, fabriqu\u00e9 en acier inox de haute qualit\u00e9. Garantit stabilit\u00e9 et durabilit\u00e9 !","breadcrumb":{"@id":"https:\/\/fdasrl.it\/fr\/prodotto\/support-inox-renforce-pour-abreuvoirs-a-tetine\/#breadcrumb"},"inLanguage":"fr-FR","potentialAction":[{"@type":"ReadAction","target":["https:\/\/fdasrl.it\/fr\/prodotto\/support-inox-renforce-pour-abreuvoirs-a-tetine\/"]}]},{"@type":"ImageObject","inLanguage":"fr-FR","@id":"https:\/\/fdasrl.it\/fr\/prodotto\/support-inox-renforce-pour-abreuvoirs-a-tetine\/#primaryimage","url":"https:\/\/fdasrl.it\/wp-content\/uploads\/2025\/01\/FDA-00008-25_1.jpg","contentUrl":"https:\/\/fdasrl.it\/wp-content\/uploads\/2025\/01\/FDA-00008-25_1.jpg","width":800,"height":640,"caption":"Support inox pour abreuvoir porcins"},{"@type":"BreadcrumbList","@id":"https:\/\/fdasrl.it\/fr\/prodotto\/support-inox-renforce-pour-abreuvoirs-a-tetine\/#breadcrumb","itemListElement":[{"@type":"ListItem","position":1,"name":"Home","item":"https:\/\/fdasrl.it\/fr\/accueil\/"},{"@type":"ListItem","position":2,"name":"Boutique","item":"https:\/\/fdasrl.it\/fr\/boutique\/"},{"@type":"ListItem","position":3,"name":"Support inox renforc\u00e9 pour abreuvoirs \u00e0 t\u00e9tine"}]},{"@type":"WebSite","@id":"https:\/\/fdasrl.it\/fr\/#website","url":"https:\/\/fdasrl.it\/fr\/","name":"FDA srl","description":"Equipment for animal husbandry","publisher":{"@id":"https:\/\/fdasrl.it\/fr\/#organization"},"potentialAction":[{"@type":"SearchAction","target":{"@type":"EntryPoint","urlTemplate":"https:\/\/fdasrl.it\/fr\/?s={search_term_string}"},"query-input":{"@type":"PropertyValueSpecification","valueRequired":true,"valueName":"search_term_string"}}],"inLanguage":"fr-FR"},{"@type":"Organization","@id":"https:\/\/fdasrl.it\/fr\/#organization","name":"FDA srl","url":"https:\/\/fdasrl.it\/fr\/","logo":{"@type":"ImageObject","inLanguage":"fr-FR","@id":"https:\/\/fdasrl.it\/fr\/#\/schema\/logo\/image\/","url":"https:\/\/fdasrl.it\/wp-content\/uploads\/2024\/12\/Logo-FDA.png","contentUrl":"https:\/\/fdasrl.it\/wp-content\/uploads\/2024\/12\/Logo-FDA.png","width":316,"height":119,"caption":"FDA srl"},"image":{"@id":"https:\/\/fdasrl.it\/fr\/#\/schema\/logo\/image\/"},"sameAs":["https:\/\/www.facebook.com\/share\/1MWhFWg1Tp\/?mibextid=LQQJ4d","https:\/\/www.instagram.com\/fda_srl\/profilecard\/?igsh=YW5lbzJ6MWg0d21u","https:\/\/www.youtube.com\/@FDASRL_ANIMALCARE"],"description":"FDA SRL \u2013 Equipment for animal husbandry nasce con l\u2019obiettivo di offrire soluzioni affidabili e innovative per l\u2019allevamento moderno. Con anni di esperienza nel settore zootecnico, progettiamo e realizziamo attrezzature destinate al benessere animale e alla gestione efficiente delle stalle: vasche, abbeveratoi, mangiatoie e sistemi di riscaldamento pensati per durare nel tempo e semplificare il lavoro quotidiano degli allevatori. Dalla progettazione alla produzione, ogni nostro prodotto \u00e8 studiato nei minimi dettagli, testato con cura e costruito per rispondere alle esigenze reali del settore. La nostra forza \u00e8 unire artigianalit\u00e0, tecnologia e competenza tecnica per trasformare ogni progetto in una soluzione concreta e funzionale. Oggi FDA SRL \u00e8 un punto di riferimento per privati e rivenditori che cercano qualit\u00e0, affidabilit\u00e0 e innovazione nelle attrezzature per l\u2019allevamento.","email":"info@fdasrl.it","telephone":"+390522826820","legalName":"F.D.A. SRL","foundingDate":"2024-10-13","vatID":"03075840359","taxID":"03075840359","numberOfEmployees":{"@type":"QuantitativeValue","minValue":"1","maxValue":"10"}}]},"product_price_currency":"EUR","og_availability":"instock","product_availability":"instock","product_retailer_item_id":"FDA-000008","product_condition":"new"},"_links":{"self":[{"href":"https:\/\/fdasrl.it\/fr\/wp-json\/wp\/v2\/product\/4527","targetHints":{"allow":["GET"]}}],"collection":[{"href":"https:\/\/fdasrl.it\/fr\/wp-json\/wp\/v2\/product"}],"about":[{"href":"https:\/\/fdasrl.it\/fr\/wp-json\/wp\/v2\/types\/product"}],"replies":[{"embeddable":true,"href":"https:\/\/fdasrl.it\/fr\/wp-json\/wp\/v2\/comments?post=4527"}],"wp:featuredmedia":[{"embeddable":true,"href":"https:\/\/fdasrl.it\/fr\/wp-json\/wp\/v2\/media\/299"}],"wp:attachment":[{"href":"https:\/\/fdasrl.it\/fr\/wp-json\/wp\/v2\/media?parent=4527"}],"wp:term":[{"taxonomy":"product_brand","embeddable":true,"href":"https:\/\/fdasrl.it\/fr\/wp-json\/wp\/v2\/product_brand?post=4527"},{"taxonomy":"product_cat","embeddable":true,"href":"https:\/\/fdasrl.it\/fr\/wp-json\/wp\/v2\/product_cat?post=4527"},{"taxonomy":"product_tag","embeddable":true,"href":"https:\/\/fdasrl.it\/fr\/wp-json\/wp\/v2\/product_tag?post=4527"}],"curies":[{"name":"wp","href":"https:\/\/api.w.org\/{rel}","templated":true}]}}