{"id":4598,"date":"2025-01-20T16:21:20","date_gmt":"2025-01-20T15:21:20","guid":{"rendered":"https:\/\/fdasrl.it\/prodotto\/abreuvoir-automatique-en-acier-inox-avec-sphere-reglable\/"},"modified":"2025-01-20T16:21:20","modified_gmt":"2025-01-20T15:21:20","slug":"abreuvoir-automatique-en-acier-inox-avec-sphere-reglable","status":"publish","type":"product","link":"https:\/\/fdasrl.it\/fr\/prodotto\/abreuvoir-automatique-en-acier-inox-avec-sphere-reglable\/","title":{"rendered":"Abreuvoir automatique en acier inox avec sph\u00e8re r\u00e9glable"},"content":{"rendered":"<h3>Abreuvoir automatique en acier inox avec sph\u00e8re r\u00e9glable<\/h3>\n<h4 data-start=\"564\" data-end=\"918\">L&rsquo;abreuvoir automatique en <strong data-start=\"593\" data-end=\"618\">acier inox AISI 304<\/strong> est con\u00e7u pour garantir <strong data-start=\"646\" data-end=\"679\">hygi\u00e8ne, durabilit\u00e9 et fonctionnalit\u00e9<\/strong> dans les environnements d&rsquo;\u00e9levage et domestiques.<\/h4>\n<p data-start=\"564\" data-end=\"918\">Id\u00e9al pour <strong data-start=\"727\" data-end=\"769\">chiens, veaux, chevaux, ch\u00e8vres et moutons<\/strong>, il est \u00e9quip\u00e9 d&rsquo;un syst\u00e8me \u00e0 <strong data-start=\"796\" data-end=\"816\">niveau constant<\/strong> avec <strong data-start=\"821\" data-end=\"863\">vanne \u00e0 flotteur r\u00e9glable FAR15 en ABS<\/strong>, qui assure un d\u00e9bit d&rsquo;eau fiable et continu.<\/p>\n<p data-start=\"920\" data-end=\"1105\">Le <strong data-start=\"923\" data-end=\"948\">couvercle basculant<\/strong> permet un acc\u00e8s pratique pour l&rsquo;entretien interne, tandis que le <strong data-start=\"1015\" data-end=\"1051\">bouchon de vidange filet\u00e9 M12x1<\/strong> au fond permet un <strong data-start=\"1075\" data-end=\"1104\">nettoyage rapide et complet<\/strong>.<\/p>\n<p data-start=\"1107\" data-end=\"1371\">L&rsquo;arriv\u00e9e d&rsquo;eau avec <strong data-start=\"1128\" data-end=\"1147\">raccord de 1\/2&Prime;<\/strong> est montable des deux c\u00f4t\u00e9s pour une flexibilit\u00e9 maximale d&rsquo;installation. La <strong data-start=\"1228\" data-end=\"1259\">sph\u00e8re r\u00e9glable en hauteur<\/strong> et le <strong data-start=\"1265\" data-end=\"1288\">pr\u00e9filtre int\u00e9gr\u00e9<\/strong> garantissent un fonctionnement efficace m\u00eame en pr\u00e9sence d&rsquo;impuret\u00e9s dans l&rsquo;eau. <\/p>\n<hr data-start=\"1373\" data-end=\"1376\">\n<h3 data-start=\"1378\" data-end=\"1414\">\u2699\ufe0f <strong data-start=\"1385\" data-end=\"1414\">Caract\u00e9ristiques techniques :<\/strong><\/h3>\n<ul data-start=\"1416\" data-end=\"1853\">\n<li data-start=\"1416\" data-end=\"1474\">\n<p data-start=\"1418\" data-end=\"1474\"><strong data-start=\"1418\" data-end=\"1431\">Mat\u00e9riau<\/strong> : acier inox AISI 304 (\u00e9paisseur 1,2 mm)<\/p>\n<\/li>\n<li data-start=\"1475\" data-end=\"1537\">\n<p data-start=\"1477\" data-end=\"1537\"><strong data-start=\"1477\" data-end=\"1501\">Vanne \u00e0 flotteur<\/strong> : r\u00e9glable, en ABS avec pr\u00e9filtre FAR15 <a href=\"https:\/\/fdasrl.it\/fr\/prodotto\/flotteur-pour-abreuvoir-avec-prefiltre-1-2-far15\/\">(pour pi\u00e8ce de rechange cliquez ici)<\/a><\/p>\n<\/li>\n<li data-start=\"1538\" data-end=\"1596\">\n<p data-start=\"1540\" data-end=\"1596\"><strong data-start=\"1540\" data-end=\"1555\">Corps de sph\u00e8re<\/strong> : en plastique PE, r\u00e9glable en hauteur<\/p>\n<\/li>\n<li data-start=\"1597\" data-end=\"1639\">\n<p data-start=\"1599\" data-end=\"1639\"><strong data-start=\"1599\" data-end=\"1616\">D\u00e9bit d&rsquo;eau<\/strong> : 6,5 L\/min \u00e0 2\u20133 bar<\/p>\n<\/li>\n<li data-start=\"1640\" data-end=\"1677\">\n<p data-start=\"1642\" data-end=\"1677\"><strong data-start=\"1642\" data-end=\"1664\">Capacit\u00e9 du bac<\/strong> : 2,5 litres<\/p>\n<\/li>\n<li data-start=\"1678\" data-end=\"1738\">\n<p data-start=\"1680\" data-end=\"1738\"><strong data-start=\"1680\" data-end=\"1697\">Raccord d&rsquo;eau<\/strong> : \u00d8 1\/2&Prime; (montable des deux c\u00f4t\u00e9s)<\/p>\n<\/li>\n<li data-start=\"1739\" data-end=\"1777\">\n<p data-start=\"1741\" data-end=\"1777\"><strong data-start=\"1741\" data-end=\"1752\">Vidange<\/strong> : bouchon filet\u00e9 M12x1<\/p>\n<\/li>\n<li data-start=\"1778\" data-end=\"1805\">\n<p data-start=\"1780\" data-end=\"1805\"><strong data-start=\"1780\" data-end=\"1793\">Fixation<\/strong> : murale<\/p>\n<\/li>\n<li data-start=\"1806\" data-end=\"1853\">\n<p data-start=\"1808\" data-end=\"1853\"><strong data-start=\"1808\" data-end=\"1822\">Dimensions<\/strong> : 27 \u00d7 25,5 \u00d7 12 cm (L \u00d7 P \u00d7 H)<\/p>\n<\/li>\n<li data-start=\"1806\" data-end=\"1853\">SUPPORTS COMPATIBLES <a href=\"https:\/\/fdasrl.it\/fr\/prodotto\/support-dangle-universel-pour-abreuvoirs-far22\/\">FAR22 (VOIR ICI)<\/a> ET <a href=\"https:\/\/fdasrl.it\/fr\/prodotto\/support-de-sol-far-23-universel-pour-abreuvoirs\/\">FAR 23 (VOIR ICI)<\/a><\/li>\n<\/ul>\n<hr data-start=\"1855\" data-end=\"1858\">\n<p data-start=\"1860\" data-end=\"2015\">\u2705 Adapt\u00e9 pour usage en \u00e9levage, exploitations agricoles, chenils, paddocks et enclos.<br data-start=\"1928\" data-end=\"1931\">\ud83d\udee0\ufe0f Fabriqu\u00e9 avec des mat\u00e9riaux r\u00e9sistants et hygi\u00e9niques, pour un usage intensif et durable.<\/p>\n<p data-start=\"1860\" data-end=\"2015\">\ud83d\udc49 Demandez un prix pour la revente : <a href=\"mailto:info@fdasrl.it\">CLIQUEZ ICI<\/a><\/p>\n<p>Demandez des informations sur notre page de contact (<a href=\"https:\/\/fdasrl.it\/fr\/contact\/\">CLIQUEZ ICI<\/a>) ou achetez-le sur notre <a href=\"https:\/\/fda-shop.it\/shop\/articoli-per-allevamento\/abbeveratoi\/abbeveratoio-automatico-inox-vitelli-cavalli-capre-pecore\" target=\"_blank\" rel=\"noopener\">boutique en ligne<\/a><\/p>\n","protected":false},"excerpt":{"rendered":"<p>Abreuvoir en acier inox de 2,5 L avec vanne \u00e0 flotteur r\u00e9glable, sph\u00e8re PE et vidange rapide. Pour chiens, veaux, chevaux, ch\u00e8vres et moutons. <\/p>\n","protected":false},"featured_media":339,"comment_status":"open","ping_status":"closed","template":"","meta":{"_et_pb_use_builder":"","_et_pb_old_content":"","_et_gb_content_width":""},"product_brand":[],"product_cat":[523,547,396,611,393],"product_tag":[1096,1097],"class_list":{"0":"post-4598","1":"product","2":"type-product","3":"status-publish","4":"has-post-thumbnail","6":"product_cat-abreuvoirs","7":"product_cat-abreuvoirs-2","8":"product_cat-bovins","9":"product_cat-chevaux","10":"product_cat-ovins-et-caprins","11":"product_tag-fa-ag-inox","12":"product_tag-faag-inox","14":"first","15":"instock","16":"shipping-taxable","17":"product-type-simple"},"yoast_head":"<!-- This site is optimized with the Yoast SEO Premium plugin v27.5 (Yoast SEO v27.6) - https:\/\/yoast.com\/product\/yoast-seo-premium-wordpress\/ -->\n<title>Abreuvoir automatique en acier inox avec sph\u00e8re r\u00e9glable - FDA srl<\/title>\n<meta name=\"description\" content=\"Abreuvoir en acier inox de 2,5 L avec vanne \u00e0 flotteur r\u00e9glable, sph\u00e8re PE et vidange rapide. Pour chiens, veaux, chevaux, ch\u00e8vres et moutons.\" \/>\n<meta name=\"robots\" content=\"index, follow, max-snippet:-1, max-image-preview:large, max-video-preview:-1\" \/>\n<link rel=\"canonical\" href=\"https:\/\/fdasrl.it\/fr\/prodotto\/abreuvoir-automatique-en-acier-inox-avec-sphere-reglable\/\" \/>\n<meta property=\"og:locale\" content=\"fr_FR\" \/>\n<meta property=\"og:type\" content=\"article\" \/>\n<meta property=\"og:title\" content=\"Abreuvoir automatique en acier inox avec sph\u00e8re r\u00e9glable\" \/>\n<meta property=\"og:description\" content=\"Abreuvoir en acier inox de 2,5 L avec vanne \u00e0 flotteur r\u00e9glable, sph\u00e8re PE et vidange rapide. Pour chiens, veaux, chevaux, ch\u00e8vres et moutons.\" \/>\n<meta property=\"og:url\" content=\"https:\/\/fdasrl.it\/fr\/prodotto\/abreuvoir-automatique-en-acier-inox-avec-sphere-reglable\/\" \/>\n<meta property=\"og:site_name\" content=\"FDA srl\" \/>\n<meta property=\"article:publisher\" content=\"https:\/\/www.facebook.com\/share\/1MWhFWg1Tp\/?mibextid=LQQJ4d\" \/>\n<meta property=\"og:image\" content=\"https:\/\/fdasrl.it\/wp-content\/uploads\/2025\/01\/FA-AG-INOX_1.jpg\" \/>\n\t<meta property=\"og:image:width\" content=\"668\" \/>\n\t<meta property=\"og:image:height\" content=\"501\" \/>\n\t<meta property=\"og:image:type\" content=\"image\/jpeg\" \/>\n<meta name=\"twitter:card\" content=\"summary_large_image\" \/>\n<meta name=\"twitter:label1\" content=\"Prix\" \/>\n\t<meta name=\"twitter:data1\" content=\"\" \/>\n\t<meta name=\"twitter:label2\" content=\"Disponibilit\u00e9\" \/>\n\t<meta name=\"twitter:data2\" content=\"En stock\" \/>\n<meta property=\"product:price:currency\" content=\"EUR\" \/>\n<meta property=\"og:availability\" content=\"instock\" \/>\n<meta property=\"product:availability\" content=\"instock\" \/>\n<meta property=\"product:retailer_item_id\" content=\"FAAG-INOX\" \/>\n<meta property=\"product:condition\" content=\"new\" \/>\n<!-- \/ Yoast SEO Premium plugin. -->","yoast_head_json":{"title":"Abreuvoir automatique en acier inox avec sph\u00e8re r\u00e9glable - FDA srl","description":"Abreuvoir en acier inox de 2,5 L avec vanne \u00e0 flotteur r\u00e9glable, sph\u00e8re PE et vidange rapide. Pour chiens, veaux, chevaux, ch\u00e8vres et moutons.","robots":{"index":"index","follow":"follow","max-snippet":"max-snippet:-1","max-image-preview":"max-image-preview:large","max-video-preview":"max-video-preview:-1"},"canonical":"https:\/\/fdasrl.it\/fr\/prodotto\/abreuvoir-automatique-en-acier-inox-avec-sphere-reglable\/","og_locale":"fr_FR","og_type":"article","og_title":"Abreuvoir automatique en acier inox avec sph\u00e8re r\u00e9glable","og_description":"Abreuvoir en acier inox de 2,5 L avec vanne \u00e0 flotteur r\u00e9glable, sph\u00e8re PE et vidange rapide. Pour chiens, veaux, chevaux, ch\u00e8vres et moutons.","og_url":"https:\/\/fdasrl.it\/fr\/prodotto\/abreuvoir-automatique-en-acier-inox-avec-sphere-reglable\/","og_site_name":"FDA srl","article_publisher":"https:\/\/www.facebook.com\/share\/1MWhFWg1Tp\/?mibextid=LQQJ4d","og_image":[{"width":668,"height":501,"url":"https:\/\/fdasrl.it\/wp-content\/uploads\/2025\/01\/FA-AG-INOX_1.jpg","type":"image\/jpeg"}],"twitter_card":"summary_large_image","twitter_misc":{"Prix":"","Disponibilit\u00e9":"En stock"},"schema":{"@context":"https:\/\/schema.org","@graph":[{"@type":"WebPage","@id":"https:\/\/fdasrl.it\/fr\/prodotto\/abreuvoir-automatique-en-acier-inox-avec-sphere-reglable\/","url":"https:\/\/fdasrl.it\/fr\/prodotto\/abreuvoir-automatique-en-acier-inox-avec-sphere-reglable\/","name":"Abreuvoir automatique en acier inox avec sph\u00e8re r\u00e9glable - FDA srl","isPartOf":{"@id":"https:\/\/fdasrl.it\/fr\/#website"},"primaryImageOfPage":{"@id":"https:\/\/fdasrl.it\/fr\/prodotto\/abreuvoir-automatique-en-acier-inox-avec-sphere-reglable\/#primaryimage"},"image":{"@id":"https:\/\/fdasrl.it\/fr\/prodotto\/abreuvoir-automatique-en-acier-inox-avec-sphere-reglable\/#primaryimage"},"thumbnailUrl":"https:\/\/fdasrl.it\/wp-content\/uploads\/2025\/01\/FA-AG-INOX_1.jpg","datePublished":"2025-01-20T15:21:20+00:00","description":"Abreuvoir en acier inox de 2,5 L avec vanne \u00e0 flotteur r\u00e9glable, sph\u00e8re PE et vidange rapide. Pour chiens, veaux, chevaux, ch\u00e8vres et moutons.","breadcrumb":{"@id":"https:\/\/fdasrl.it\/fr\/prodotto\/abreuvoir-automatique-en-acier-inox-avec-sphere-reglable\/#breadcrumb"},"inLanguage":"fr-FR","potentialAction":[{"@type":"ReadAction","target":["https:\/\/fdasrl.it\/fr\/prodotto\/abreuvoir-automatique-en-acier-inox-avec-sphere-reglable\/"]}]},{"@type":"ImageObject","inLanguage":"fr-FR","@id":"https:\/\/fdasrl.it\/fr\/prodotto\/abreuvoir-automatique-en-acier-inox-avec-sphere-reglable\/#primaryimage","url":"https:\/\/fdasrl.it\/wp-content\/uploads\/2025\/01\/FA-AG-INOX_1.jpg","contentUrl":"https:\/\/fdasrl.it\/wp-content\/uploads\/2025\/01\/FA-AG-INOX_1.jpg","width":668,"height":501,"caption":"Abreuvoir automatique en acier inox avec sph\u00e8re r\u00e9glable FA-AG INOX"},{"@type":"BreadcrumbList","@id":"https:\/\/fdasrl.it\/fr\/prodotto\/abreuvoir-automatique-en-acier-inox-avec-sphere-reglable\/#breadcrumb","itemListElement":[{"@type":"ListItem","position":1,"name":"Home","item":"https:\/\/fdasrl.it\/fr\/accueil\/"},{"@type":"ListItem","position":2,"name":"Boutique","item":"https:\/\/fdasrl.it\/fr\/boutique\/"},{"@type":"ListItem","position":3,"name":"Abreuvoir automatique en acier inox avec sph\u00e8re r\u00e9glable"}]},{"@type":"WebSite","@id":"https:\/\/fdasrl.it\/fr\/#website","url":"https:\/\/fdasrl.it\/fr\/","name":"FDA srl","description":"Equipment for animal husbandry","publisher":{"@id":"https:\/\/fdasrl.it\/fr\/#organization"},"potentialAction":[{"@type":"SearchAction","target":{"@type":"EntryPoint","urlTemplate":"https:\/\/fdasrl.it\/fr\/?s={search_term_string}"},"query-input":{"@type":"PropertyValueSpecification","valueRequired":true,"valueName":"search_term_string"}}],"inLanguage":"fr-FR"},{"@type":"Organization","@id":"https:\/\/fdasrl.it\/fr\/#organization","name":"FDA srl","url":"https:\/\/fdasrl.it\/fr\/","logo":{"@type":"ImageObject","inLanguage":"fr-FR","@id":"https:\/\/fdasrl.it\/fr\/#\/schema\/logo\/image\/","url":"https:\/\/fdasrl.it\/wp-content\/uploads\/2024\/12\/Logo-FDA.png","contentUrl":"https:\/\/fdasrl.it\/wp-content\/uploads\/2024\/12\/Logo-FDA.png","width":316,"height":119,"caption":"FDA srl"},"image":{"@id":"https:\/\/fdasrl.it\/fr\/#\/schema\/logo\/image\/"},"sameAs":["https:\/\/www.facebook.com\/share\/1MWhFWg1Tp\/?mibextid=LQQJ4d","https:\/\/www.instagram.com\/fda_srl\/profilecard\/?igsh=YW5lbzJ6MWg0d21u","https:\/\/www.youtube.com\/@FDASRL_ANIMALCARE"],"description":"FDA SRL \u2013 Equipment for animal husbandry nasce con l\u2019obiettivo di offrire soluzioni affidabili e innovative per l\u2019allevamento moderno. Con anni di esperienza nel settore zootecnico, progettiamo e realizziamo attrezzature destinate al benessere animale e alla gestione efficiente delle stalle: vasche, abbeveratoi, mangiatoie e sistemi di riscaldamento pensati per durare nel tempo e semplificare il lavoro quotidiano degli allevatori. Dalla progettazione alla produzione, ogni nostro prodotto \u00e8 studiato nei minimi dettagli, testato con cura e costruito per rispondere alle esigenze reali del settore. La nostra forza \u00e8 unire artigianalit\u00e0, tecnologia e competenza tecnica per trasformare ogni progetto in una soluzione concreta e funzionale. Oggi FDA SRL \u00e8 un punto di riferimento per privati e rivenditori che cercano qualit\u00e0, affidabilit\u00e0 e innovazione nelle attrezzature per l\u2019allevamento.","email":"info@fdasrl.it","telephone":"+390522826820","legalName":"F.D.A. SRL","foundingDate":"2024-10-13","vatID":"03075840359","taxID":"03075840359","numberOfEmployees":{"@type":"QuantitativeValue","minValue":"1","maxValue":"10"}}]},"product_price_currency":"EUR","og_availability":"instock","product_availability":"instock","product_retailer_item_id":"FAAG-INOX","product_condition":"new"},"_links":{"self":[{"href":"https:\/\/fdasrl.it\/fr\/wp-json\/wp\/v2\/product\/4598","targetHints":{"allow":["GET"]}}],"collection":[{"href":"https:\/\/fdasrl.it\/fr\/wp-json\/wp\/v2\/product"}],"about":[{"href":"https:\/\/fdasrl.it\/fr\/wp-json\/wp\/v2\/types\/product"}],"replies":[{"embeddable":true,"href":"https:\/\/fdasrl.it\/fr\/wp-json\/wp\/v2\/comments?post=4598"}],"wp:featuredmedia":[{"embeddable":true,"href":"https:\/\/fdasrl.it\/fr\/wp-json\/wp\/v2\/media\/339"}],"wp:attachment":[{"href":"https:\/\/fdasrl.it\/fr\/wp-json\/wp\/v2\/media?parent=4598"}],"wp:term":[{"taxonomy":"product_brand","embeddable":true,"href":"https:\/\/fdasrl.it\/fr\/wp-json\/wp\/v2\/product_brand?post=4598"},{"taxonomy":"product_cat","embeddable":true,"href":"https:\/\/fdasrl.it\/fr\/wp-json\/wp\/v2\/product_cat?post=4598"},{"taxonomy":"product_tag","embeddable":true,"href":"https:\/\/fdasrl.it\/fr\/wp-json\/wp\/v2\/product_tag?post=4598"}],"curies":[{"name":"wp","href":"https:\/\/api.w.org\/{rel}","templated":true}]}}