{"id":4647,"date":"2025-01-20T13:04:05","date_gmt":"2025-01-20T12:04:05","guid":{"rendered":"https:\/\/fdasrl.it\/prodotto\/abreuvoir-en-fonte-a-palette-fa-2-pour-bovins-et-equins\/"},"modified":"2025-01-20T13:04:05","modified_gmt":"2025-01-20T12:04:05","slug":"abreuvoir-en-fonte-a-palette-fa-2-pour-bovins-et-equins","status":"publish","type":"product","link":"https:\/\/fdasrl.it\/fr\/prodotto\/abreuvoir-en-fonte-a-palette-fa-2-pour-bovins-et-equins\/","title":{"rendered":"Abreuvoir en fonte \u00e0 palette FA-2 pour bovins et \u00e9quins"},"content":{"rendered":"<p>Abreuvoir FA-2 en fonte \u00e9maill\u00e9e de tr\u00e8s haute qualit\u00e9, \u00e0 palette pour bovins et \u00e9quins en stabulation fixe, d&rsquo;entretien facile.<br \/>\nFonctionnement par pression de la palette.<br \/>\nPression de service de 0 \u00e0 5 atm.<br \/>\nApplication de montage mural avec arriv\u00e9e d&rsquo;eau par le bas 1\/2&Prime; ou par tuyauterie horizontale.<\/p>\n<p><strong>Caract\u00e9ristiques techniques :<\/strong><\/p>\n<p>&#8211; Cuvette capacit\u00e9 eau 2 l.<br \/>\n&#8211; Poids 4,9 kg.<br \/>\n&#8211; Diam\u00e8tre interne cuvette 19 cm.<\/p>\n<p><strong>Gr\u00e2ce aux colliers appropri\u00e9s en option, il est possible avec :<\/strong><\/p>\n<ul>\n<li>FAR1 Montage sur tuyauterie, application sur montant.<\/li>\n<li>FAR3+FAR7 Prise d&rsquo;eau horizontale, piquage horizontal<\/li>\n<\/ul>\n<p><b>Accessoires et pi\u00e8ces de rechange :<\/b><\/p>\n<ul>\n<li>Kit valve abreuvoir bovins en fonte (FA2), corps de valve, ressort et r\u00e9gulateur ;<\/li>\n<li>Collier zingu\u00e9 pour fixation sur montant \u00d8 1&Prime;1\/4 et 1&Prime;1\/2 ;<\/li>\n<li>Corps de valve en plastique et douille en laiton avec joint ;<\/li>\n<li>Ressort en acier pour valve en plastique ;<\/li>\n<li>R\u00e9gulateur avec \u00e9crou en laiton.<\/li>\n<li>Support pour fixation angulaire FAR22<\/li>\n<\/ul>\n<p>\ud83d\udc49 Demandez un prix pour la revente : <a href=\"mailto:info@fdasrl.it\">CLIQUEZ ICI<\/a><\/p>\n<p>Achetez-le sur notre <a href=\"https:\/\/fda-shop.it\/shop\/articoli-per-allevamento\/abbeveratoi\/abbeveratoio-in-ghisa-smaltata-a-paletta-per-bovini-e-cavalli\" target=\"_blank\" rel=\"noopener\">boutique en ligne<\/a><\/p>\n","protected":false},"excerpt":{"rendered":"<p>Abreuvoir en fonte \u00e9maill\u00e9e de tr\u00e8s haute qualit\u00e9, \u00e0 palette pour bovins et \u00e9quins en stabulation fixe, d&rsquo;entretien facile.<br \/>\nFonctionnement par pression de la palette.<\/p>\n","protected":false},"featured_media":740,"comment_status":"open","ping_status":"closed","template":"","meta":{"_et_pb_use_builder":"off","_et_pb_old_content":"Abreuvoir en fonte \u00e9maill\u00e9e de tr\u00e8s haute qualit\u00e9, \u00e0 palette pour bovins et \u00e9quins en stabulation fixe, d'entretien facile.\nFonctionnement par pression de la palette.\nPression de service de 0 \u00e0 5 atm.\nApplication de montage mural avec arriv\u00e9e d'eau par le bas 1\/2\" ou par tuyauterie horizontale.\n\nCaract\u00e9ristiques techniques :\n\n- Cuvette capacit\u00e9 eau 2 l.\n- Poids 4,9 kg.\n- Diam\u00e8tre interne cuvette 19 cm.\n\nGr\u00e2ce aux colliers appropri\u00e9s en option, il est possible avec :\n<ul>\n \t<li>FAR1 Montage sur tuyauterie, application sur montant.<\/li>\n \t<li>FAR3+FAR7 Prise d'eau horizontale, piquage horizontal<\/li>\n<\/ul>\n<b>Accessoires et pi\u00e8ces de rechange :<\/b>\n<ul>\n \t<li>Kit valve abreuvoir bovins en fonte (FA2), corps de valve, ressort et r\u00e9gulateur ;<\/li>\n \t<li>Collier zingu\u00e9 pour fixation sur montant \u00d8 1\"1\/4 et 1\"1\/2 ;<\/li>\n \t<li>Corps de valve en plastique et douille en laiton avec joint ;<\/li>\n \t<li>Ressort en acier pour valve en plastique ;<\/li>\n \t<li>R\u00e9gulateur avec \u00e9crou en laiton.<\/li>\n<\/ul>\nAchetez-le sur notre <a href=\"https:\/\/fda-shop.it\/shop\/articoli-per-allevamento\/abbeveratoi\/abbeveratoio-in-ghisa-smaltata-a-paletta-per-bovini-e-cavalli\" target=\"_blank\" rel=\"noopener\">boutique en ligne<\/a>","_et_gb_content_width":""},"product_brand":[],"product_cat":[523,547,396,611],"product_tag":[1108,1107,1109],"class_list":{"0":"post-4647","1":"product","2":"type-product","3":"status-publish","4":"has-post-thumbnail","6":"product_cat-abreuvoirs","7":"product_cat-abreuvoirs-2","8":"product_cat-bovins","9":"product_cat-chevaux","10":"product_tag-fa-2n","11":"product_tag-fa2","12":"product_tag-fa2n","14":"first","15":"instock","16":"shipping-taxable","17":"product-type-simple"},"yoast_head":"<!-- This site is optimized with the Yoast SEO Premium plugin v27.5 (Yoast SEO v27.5) - https:\/\/yoast.com\/product\/yoast-seo-premium-wordpress\/ -->\n<title>Abreuvoir FA-2 en fonte pour bovins et \u00e9quins \u00e0 pression FDA srl<\/title>\n<meta name=\"description\" content=\"Rendez l&#039;hydratation des animaux simple et pratique ! Choisissez l&#039;abreuvoir FA-2 en fonte pour bovins et \u00e9quins, parfait pour stabulation fixe. \ud83d\udca7\" \/>\n<meta name=\"robots\" content=\"index, follow, max-snippet:-1, max-image-preview:large, max-video-preview:-1\" \/>\n<link rel=\"canonical\" href=\"https:\/\/fdasrl.it\/fr\/prodotto\/abreuvoir-en-fonte-a-palette-fa-2-pour-bovins-et-equins\/\" \/>\n<meta property=\"og:locale\" content=\"fr_FR\" \/>\n<meta property=\"og:type\" content=\"article\" \/>\n<meta property=\"og:title\" content=\"Abreuvoir en fonte \u00e0 palette FA-2 pour bovins et \u00e9quins\" \/>\n<meta property=\"og:description\" content=\"Rendez l&#039;hydratation des animaux simple et pratique ! Choisissez l&#039;abreuvoir FA-2 en fonte pour bovins et \u00e9quins, parfait pour stabulation fixe. \ud83d\udca7\" \/>\n<meta property=\"og:url\" content=\"https:\/\/fdasrl.it\/fr\/prodotto\/abreuvoir-en-fonte-a-palette-fa-2-pour-bovins-et-equins\/\" \/>\n<meta property=\"og:site_name\" content=\"FDA srl\" \/>\n<meta property=\"article:publisher\" content=\"https:\/\/www.facebook.com\/share\/1MWhFWg1Tp\/?mibextid=LQQJ4d\" \/>\n<meta property=\"og:image\" content=\"https:\/\/fdasrl.it\/wp-content\/uploads\/2025\/04\/Abbeveratoio-FDA-FA2-ghisa-smaltata.png\" \/>\n\t<meta property=\"og:image:width\" content=\"1684\" \/>\n\t<meta property=\"og:image:height\" content=\"1190\" \/>\n\t<meta property=\"og:image:type\" content=\"image\/png\" \/>\n<meta name=\"twitter:card\" content=\"summary_large_image\" \/>\n<meta name=\"twitter:label1\" content=\"Prix\" \/>\n\t<meta name=\"twitter:data1\" content=\"\" \/>\n\t<meta name=\"twitter:label2\" content=\"Disponibilit\u00e9\" \/>\n\t<meta name=\"twitter:data2\" content=\"En stock\" \/>\n<meta property=\"product:price:currency\" content=\"EUR\" \/>\n<meta property=\"og:availability\" content=\"instock\" \/>\n<meta property=\"product:availability\" content=\"instock\" \/>\n<meta property=\"product:retailer_item_id\" content=\"FA2N\" \/>\n<meta property=\"product:condition\" content=\"new\" \/>\n<!-- \/ Yoast SEO Premium plugin. -->","yoast_head_json":{"title":"Abreuvoir FA-2 en fonte pour bovins et \u00e9quins \u00e0 pression FDA srl","description":"Rendez l'hydratation des animaux simple et pratique ! Choisissez l'abreuvoir FA-2 en fonte pour bovins et \u00e9quins, parfait pour stabulation fixe. \ud83d\udca7","robots":{"index":"index","follow":"follow","max-snippet":"max-snippet:-1","max-image-preview":"max-image-preview:large","max-video-preview":"max-video-preview:-1"},"canonical":"https:\/\/fdasrl.it\/fr\/prodotto\/abreuvoir-en-fonte-a-palette-fa-2-pour-bovins-et-equins\/","og_locale":"fr_FR","og_type":"article","og_title":"Abreuvoir en fonte \u00e0 palette FA-2 pour bovins et \u00e9quins","og_description":"Rendez l'hydratation des animaux simple et pratique ! Choisissez l'abreuvoir FA-2 en fonte pour bovins et \u00e9quins, parfait pour stabulation fixe. \ud83d\udca7","og_url":"https:\/\/fdasrl.it\/fr\/prodotto\/abreuvoir-en-fonte-a-palette-fa-2-pour-bovins-et-equins\/","og_site_name":"FDA srl","article_publisher":"https:\/\/www.facebook.com\/share\/1MWhFWg1Tp\/?mibextid=LQQJ4d","og_image":[{"width":1684,"height":1190,"url":"https:\/\/fdasrl.it\/wp-content\/uploads\/2025\/04\/Abbeveratoio-FDA-FA2-ghisa-smaltata.png","type":"image\/png"}],"twitter_card":"summary_large_image","twitter_misc":{"Prix":"","Disponibilit\u00e9":"En stock"},"schema":{"@context":"https:\/\/schema.org","@graph":[{"@type":"WebPage","@id":"https:\/\/fdasrl.it\/fr\/prodotto\/abreuvoir-en-fonte-a-palette-fa-2-pour-bovins-et-equins\/","url":"https:\/\/fdasrl.it\/fr\/prodotto\/abreuvoir-en-fonte-a-palette-fa-2-pour-bovins-et-equins\/","name":"Abreuvoir FA-2 en fonte pour bovins et \u00e9quins \u00e0 pression FDA srl","isPartOf":{"@id":"https:\/\/fdasrl.it\/fr\/#website"},"primaryImageOfPage":{"@id":"https:\/\/fdasrl.it\/fr\/prodotto\/abreuvoir-en-fonte-a-palette-fa-2-pour-bovins-et-equins\/#primaryimage"},"image":{"@id":"https:\/\/fdasrl.it\/fr\/prodotto\/abreuvoir-en-fonte-a-palette-fa-2-pour-bovins-et-equins\/#primaryimage"},"thumbnailUrl":"https:\/\/fdasrl.it\/wp-content\/uploads\/2025\/04\/Abbeveratoio-FDA-FA2-ghisa-smaltata.png","datePublished":"2025-01-20T12:04:05+00:00","description":"Rendez l'hydratation des animaux simple et pratique ! Choisissez l'abreuvoir FA-2 en fonte pour bovins et \u00e9quins, parfait pour stabulation fixe. \ud83d\udca7","breadcrumb":{"@id":"https:\/\/fdasrl.it\/fr\/prodotto\/abreuvoir-en-fonte-a-palette-fa-2-pour-bovins-et-equins\/#breadcrumb"},"inLanguage":"fr-FR","potentialAction":[{"@type":"ReadAction","target":["https:\/\/fdasrl.it\/fr\/prodotto\/abreuvoir-en-fonte-a-palette-fa-2-pour-bovins-et-equins\/"]}]},{"@type":"ImageObject","inLanguage":"fr-FR","@id":"https:\/\/fdasrl.it\/fr\/prodotto\/abreuvoir-en-fonte-a-palette-fa-2-pour-bovins-et-equins\/#primaryimage","url":"https:\/\/fdasrl.it\/wp-content\/uploads\/2025\/04\/Abbeveratoio-FDA-FA2-ghisa-smaltata.png","contentUrl":"https:\/\/fdasrl.it\/wp-content\/uploads\/2025\/04\/Abbeveratoio-FDA-FA2-ghisa-smaltata.png","width":1684,"height":1190,"caption":"Abreuvoir FA2 fonte \u00e9maill\u00e9e \u00e0 palette"},{"@type":"BreadcrumbList","@id":"https:\/\/fdasrl.it\/fr\/prodotto\/abreuvoir-en-fonte-a-palette-fa-2-pour-bovins-et-equins\/#breadcrumb","itemListElement":[{"@type":"ListItem","position":1,"name":"Home","item":"https:\/\/fdasrl.it\/fr\/accueil\/"},{"@type":"ListItem","position":2,"name":"Boutique","item":"https:\/\/fdasrl.it\/fr\/boutique\/"},{"@type":"ListItem","position":3,"name":"Abreuvoir en fonte \u00e0 palette FA-2 pour bovins et \u00e9quins"}]},{"@type":"WebSite","@id":"https:\/\/fdasrl.it\/fr\/#website","url":"https:\/\/fdasrl.it\/fr\/","name":"FDA srl","description":"Equipment for animal husbandry","publisher":{"@id":"https:\/\/fdasrl.it\/fr\/#organization"},"potentialAction":[{"@type":"SearchAction","target":{"@type":"EntryPoint","urlTemplate":"https:\/\/fdasrl.it\/fr\/?s={search_term_string}"},"query-input":{"@type":"PropertyValueSpecification","valueRequired":true,"valueName":"search_term_string"}}],"inLanguage":"fr-FR"},{"@type":"Organization","@id":"https:\/\/fdasrl.it\/fr\/#organization","name":"FDA srl","url":"https:\/\/fdasrl.it\/fr\/","logo":{"@type":"ImageObject","inLanguage":"fr-FR","@id":"https:\/\/fdasrl.it\/fr\/#\/schema\/logo\/image\/","url":"https:\/\/fdasrl.it\/wp-content\/uploads\/2024\/12\/Logo-FDA.png","contentUrl":"https:\/\/fdasrl.it\/wp-content\/uploads\/2024\/12\/Logo-FDA.png","width":316,"height":119,"caption":"FDA srl"},"image":{"@id":"https:\/\/fdasrl.it\/fr\/#\/schema\/logo\/image\/"},"sameAs":["https:\/\/www.facebook.com\/share\/1MWhFWg1Tp\/?mibextid=LQQJ4d","https:\/\/www.instagram.com\/fda_srl\/profilecard\/?igsh=YW5lbzJ6MWg0d21u","https:\/\/www.youtube.com\/@FDASRL_ANIMALCARE"],"description":"FDA SRL \u2013 Equipment for animal husbandry nasce con l\u2019obiettivo di offrire soluzioni affidabili e innovative per l\u2019allevamento moderno. Con anni di esperienza nel settore zootecnico, progettiamo e realizziamo attrezzature destinate al benessere animale e alla gestione efficiente delle stalle: vasche, abbeveratoi, mangiatoie e sistemi di riscaldamento pensati per durare nel tempo e semplificare il lavoro quotidiano degli allevatori. Dalla progettazione alla produzione, ogni nostro prodotto \u00e8 studiato nei minimi dettagli, testato con cura e costruito per rispondere alle esigenze reali del settore. La nostra forza \u00e8 unire artigianalit\u00e0, tecnologia e competenza tecnica per trasformare ogni progetto in una soluzione concreta e funzionale. Oggi FDA SRL \u00e8 un punto di riferimento per privati e rivenditori che cercano qualit\u00e0, affidabilit\u00e0 e innovazione nelle attrezzature per l\u2019allevamento.","email":"info@fdasrl.it","telephone":"+390522826820","legalName":"F.D.A. SRL","foundingDate":"2024-10-13","vatID":"03075840359","taxID":"03075840359","numberOfEmployees":{"@type":"QuantitativeValue","minValue":"1","maxValue":"10"}}]},"product_price_currency":"EUR","og_availability":"instock","product_availability":"instock","product_retailer_item_id":"FA2N","product_condition":"new"},"_links":{"self":[{"href":"https:\/\/fdasrl.it\/fr\/wp-json\/wp\/v2\/product\/4647","targetHints":{"allow":["GET"]}}],"collection":[{"href":"https:\/\/fdasrl.it\/fr\/wp-json\/wp\/v2\/product"}],"about":[{"href":"https:\/\/fdasrl.it\/fr\/wp-json\/wp\/v2\/types\/product"}],"replies":[{"embeddable":true,"href":"https:\/\/fdasrl.it\/fr\/wp-json\/wp\/v2\/comments?post=4647"}],"wp:featuredmedia":[{"embeddable":true,"href":"https:\/\/fdasrl.it\/fr\/wp-json\/wp\/v2\/media\/740"}],"wp:attachment":[{"href":"https:\/\/fdasrl.it\/fr\/wp-json\/wp\/v2\/media?parent=4647"}],"wp:term":[{"taxonomy":"product_brand","embeddable":true,"href":"https:\/\/fdasrl.it\/fr\/wp-json\/wp\/v2\/product_brand?post=4647"},{"taxonomy":"product_cat","embeddable":true,"href":"https:\/\/fdasrl.it\/fr\/wp-json\/wp\/v2\/product_cat?post=4647"},{"taxonomy":"product_tag","embeddable":true,"href":"https:\/\/fdasrl.it\/fr\/wp-json\/wp\/v2\/product_tag?post=4647"}],"curies":[{"name":"wp","href":"https:\/\/api.w.org\/{rel}","templated":true}]}}