{"id":4816,"date":"2025-01-20T12:08:11","date_gmt":"2025-01-20T11:08:11","guid":{"rendered":"https:\/\/fdasrl.it\/prodotto\/lampe-a-infrarouges-philips-modele-leger-150-w-250-w\/"},"modified":"2025-01-20T12:08:11","modified_gmt":"2025-01-20T11:08:11","slug":"lampe-a-infrarouges-philips-modele-leger-150-w-250-w","status":"publish","type":"product","link":"https:\/\/fdasrl.it\/fr\/prodotto\/lampe-a-infrarouges-philips-modele-leger-150-w-250-w\/","title":{"rendered":"Lampe \u00e0 infrarouges Philips mod\u00e8le L\u00e9ger 150 W 250 W"},"content":{"rendered":"<h1 data-start=\"381\" data-end=\"445\">Lampe Philips \u00e0 infrarouges rouge pour le chauffage animal<\/h1>\n<p data-start=\"446\" data-end=\"503\"><strong data-start=\"446\" data-end=\"503\">Mod\u00e8le : PHILIPS BR125 IR 150\/250 W E27 230-250 V ROUGE<\/strong><\/p>\n<p data-start=\"505\" data-end=\"771\">La <strong data-start=\"508\" data-end=\"546\">lampe Philips \u00e0 infrarouges rouge<\/strong> est la solution id\u00e9ale pour le <strong data-start=\"576\" data-end=\"619\">chauffage d\u2019animaux d\u2019\u00e9levage<\/strong> et pour les usages v\u00e9t\u00e9rinaires.<br data-start=\"641\" data-end=\"644\">Fabriqu\u00e9e en <strong data-start=\"658\" data-end=\"684\">verre press\u00e9 l\u00e9ger<\/strong>, elle garantit une <strong data-start=\"697\" data-end=\"733\">\u00e9conomie d\u2019\u00e9nergie allant jusqu\u2019\u00e0 30 %<\/strong> et une dur\u00e9e de vie moyenne de <strong data-start=\"756\" data-end=\"768\">5 000 heures<\/strong>.<\/p>\n<p data-start=\"773\" data-end=\"802\">Disponible dans les versions :<\/p>\n<ul data-start=\"803\" data-end=\"978\">\n<li data-start=\"803\" data-end=\"890\">\n<p data-start=\"805\" data-end=\"890\"><strong data-start=\"805\" data-end=\"833\">150 Watts (code 000062)<\/strong> \u2013 L\u00e9g\u00e8re<\/p>\n<\/li>\n<li data-start=\"891\" data-end=\"978\">\n<p data-start=\"893\" data-end=\"978\"><strong data-start=\"893\" data-end=\"921\">250 Watts (code 000063)<\/strong> \u2013 L\u00e9g\u00e8re<\/p>\n<\/li>\n<\/ul>\n<h3 data-start=\"980\" data-end=\"1008\">Caract\u00e9ristiques techniques<\/h3>\n<ul data-start=\"1009\" data-end=\"1333\">\n<li data-start=\"1009\" data-end=\"1066\">\n<p data-start=\"1011\" data-end=\"1066\">Puissance : 150 W ou 250 W (autres puissances disponibles)<\/p>\n<\/li>\n<li data-start=\"1067\" data-end=\"1087\">\n<p data-start=\"1069\" data-end=\"1087\">Culot : <strong data-start=\"1078\" data-end=\"1085\">E27<\/strong><\/p>\n<\/li>\n<li data-start=\"1088\" data-end=\"1110\">\n<p data-start=\"1090\" data-end=\"1110\">Tension : 230\u2013250 V<\/p>\n<\/li>\n<li data-start=\"1111\" data-end=\"1128\">\n<p data-start=\"1113\" data-end=\"1128\">Couleur : Rouge<\/p>\n<\/li>\n<li data-start=\"1129\" data-end=\"1165\">\n<p data-start=\"1131\" data-end=\"1165\">\u00c9conomie d\u2019\u00e9nergie allant jusqu\u2019\u00e0 30 %<\/p>\n<\/li>\n<li data-start=\"1166\" data-end=\"1205\">\n<p data-start=\"1168\" data-end=\"1205\"><strong data-start=\"1168\" data-end=\"1203\">R\u00e9sistante aux \u00e9claboussures d\u2019eau<\/strong><\/p>\n<\/li>\n<li data-start=\"1206\" data-end=\"1267\">\n<p data-start=\"1208\" data-end=\"1267\">Chauffage imm\u00e9diat et cibl\u00e9 sur la peau de l\u2019animal<\/p>\n<\/li>\n<li data-start=\"1268\" data-end=\"1333\">\n<p data-start=\"1270\" data-end=\"1333\">Favorise la circulation sanguine dans les tissus et les muscles<\/p>\n<\/li>\n<\/ul>\n<h3 data-start=\"1335\" data-end=\"1358\">Principaux avantages<\/h3>\n<ul data-start=\"1359\" data-end=\"1579\">\n<li data-start=\"1359\" data-end=\"1436\">\n<p data-start=\"1361\" data-end=\"1436\"><strong data-start=\"1361\" data-end=\"1376\">\u00c9conomie<\/strong> : longue dur\u00e9e de vie (5 000 heures) et excellente transmission de la chaleur<\/p>\n<\/li>\n<li data-start=\"1437\" data-end=\"1496\">\n<p data-start=\"1439\" data-end=\"1496\"><strong data-start=\"1439\" data-end=\"1453\">Efficacit\u00e9<\/strong> : chaleur directe et uniforme sur les animaux<\/p>\n<\/li>\n<li data-start=\"1497\" data-end=\"1579\">\n<p data-start=\"1499\" data-end=\"1579\"><strong data-start=\"1499\" data-end=\"1514\">Polyvalence<\/strong> : compatible avec toutes les douilles pr\u00e9sentes sur notre site<\/p>\n<\/li>\n<\/ul>\n<h3 data-start=\"1581\" data-end=\"1605\">Utilisations recommand\u00e9es<\/h3>\n<ul data-start=\"1606\" data-end=\"1730\">\n<li data-start=\"1606\" data-end=\"1641\">\n<p data-start=\"1608\" data-end=\"1641\"><strong data-start=\"1608\" data-end=\"1639\">\u00c9levage de poulets et de poussins<\/strong><\/p>\n<\/li>\n<li data-start=\"1642\" data-end=\"1667\">\n<p data-start=\"1644\" data-end=\"1667\"><strong data-start=\"1644\" data-end=\"1665\">\u00c9levage de porcs<\/strong><\/p>\n<\/li>\n<li data-start=\"1668\" data-end=\"1695\">\n<p data-start=\"1670\" data-end=\"1695\"><strong data-start=\"1670\" data-end=\"1693\">Th\u00e9rapies v\u00e9t\u00e9rinaires<\/strong><\/p>\n<\/li>\n<li data-start=\"1696\" data-end=\"1730\">\n<p data-start=\"1698\" data-end=\"1730\"><strong data-start=\"1698\" data-end=\"1728\">S\u00e9chage du fourrage et des aliments<\/strong><\/p>\n<\/li>\n<\/ul>\n<p data-start=\"1732\" data-end=\"1837\">\ud83d\udce9 <strong data-start=\"1735\" data-end=\"1835\">Pour des offres cibl\u00e9es et des devis personnalis\u00e9s, \u00e9crivez \u00e0 : <a class=\"decorated-link cursor-pointer\" href=\"mailto:info@fdasrl.it\" rel=\"noopener\" data-start=\"1794\" data-end=\"1833\">info@fdasrl.it<\/a><\/strong><\/p>\n<p><strong>000062<\/strong> &#8211; Lampe \u00e0 infrarouges 150 Watts &#8211; l\u00e9g\u00e8re<\/p>\n<p>Achetez-la sur notre <a href=\"https:\/\/fda-shop.it\/shop\/articoli-per-allevamento\/soluzioni-per-il-riscaldamento\/lampada-philips-150-w-a-raggi-infrarossi-scalda-animali#\/25-accessori_e_confezioni-singola_unita\" target=\"_blank\" rel=\"noopener\">boutique en ligne<\/a><\/p>\n<p><strong>000063<\/strong> &#8211; Lampe \u00e0 infrarouges 250 Watts &#8211; l\u00e9g\u00e8re<\/p>\n<p>Achetez-la sur notre <a href=\"https:\/\/fda-shop.it\/shop\/articoli-per-allevamento\/soluzioni-per-il-riscaldamento\/lampada-philips-250-w-a-raggi-infrarossi#\/25-accessori_e_confezioni-singola_unita\" target=\"_blank\" rel=\"noopener\">boutique en ligne<\/a><\/p>\n","protected":false},"excerpt":{"rendered":"<p>Lampe Philips \u00e0 infrarouges rouge pour le chauffage des animaux, disponible en 150 W et 250 W. Fabriqu\u00e9e en verre l\u00e9ger, r\u00e9sistante aux \u00e9claboussures, elle garantit une \u00e9conomie d\u2019\u00e9nergie allant jusqu\u2019\u00e0 30 % et une longue dur\u00e9e de vie (5 000 heures). Id\u00e9ale pour l\u2019\u00e9levage de poulets, de porcs et les th\u00e9rapies v\u00e9t\u00e9rinaires.  <\/p>\n","protected":false},"featured_media":333,"comment_status":"open","ping_status":"closed","template":"","meta":{"_et_pb_use_builder":"","_et_pb_old_content":"","_et_gb_content_width":""},"product_brand":[],"product_cat":[665,663,664],"product_tag":[1139,1140],"class_list":{"0":"post-4816","1":"product","2":"type-product","3":"status-publish","4":"has-post-thumbnail","6":"product_cat-chauffage-pour-animaux","7":"product_cat-lampes-infrarouges","8":"product_cat-volailles","9":"product_tag-1139","10":"product_tag-1140","12":"first","13":"instock","14":"shipping-taxable","15":"product-type-simple"},"yoast_head":"<!-- This site is optimized with the Yoast SEO Premium plugin v27.5 (Yoast SEO v27.5) - https:\/\/yoast.com\/product\/yoast-seo-premium-wordpress\/ -->\n<title>Lampe chauffante Philips pour animaux : 150 W-250 W - FDA srl<\/title>\n<meta name=\"description\" content=\"La lampe chauffante Philips pour animaux est le choix id\u00e9al pour la m\u00e9decine v\u00e9t\u00e9rinaire et l\u2019\u00e9levage. \u00c9conomisez de l\u2019\u00e9nergie et garantissez le confort de vos animaux ! \ud83c\udf21\ufe0f\" \/>\n<meta name=\"robots\" content=\"index, follow, max-snippet:-1, max-image-preview:large, max-video-preview:-1\" \/>\n<link rel=\"canonical\" href=\"https:\/\/fdasrl.it\/fr\/prodotto\/lampe-a-infrarouges-philips-modele-leger-150-w-250-w\/\" \/>\n<meta property=\"og:locale\" content=\"fr_FR\" \/>\n<meta property=\"og:type\" content=\"article\" \/>\n<meta property=\"og:title\" content=\"Lampe \u00e0 infrarouges Philips mod\u00e8le L\u00e9ger 150 W 250 W\" \/>\n<meta property=\"og:description\" content=\"La lampe chauffante Philips pour animaux est le choix id\u00e9al pour la m\u00e9decine v\u00e9t\u00e9rinaire et l\u2019\u00e9levage. \u00c9conomisez de l\u2019\u00e9nergie et garantissez le confort de vos animaux ! \ud83c\udf21\ufe0f\" \/>\n<meta property=\"og:url\" content=\"https:\/\/fdasrl.it\/fr\/prodotto\/lampe-a-infrarouges-philips-modele-leger-150-w-250-w\/\" \/>\n<meta property=\"og:site_name\" content=\"FDA srl\" \/>\n<meta property=\"article:publisher\" content=\"https:\/\/www.facebook.com\/share\/1MWhFWg1Tp\/?mibextid=LQQJ4d\" \/>\n<meta property=\"og:image\" content=\"https:\/\/fdasrl.it\/wp-content\/uploads\/2025\/01\/PHILIPS150_1.jpg\" \/>\n\t<meta property=\"og:image:width\" content=\"480\" \/>\n\t<meta property=\"og:image:height\" content=\"312\" \/>\n\t<meta property=\"og:image:type\" content=\"image\/jpeg\" \/>\n<meta name=\"twitter:card\" content=\"summary_large_image\" \/>\n<meta name=\"twitter:label1\" content=\"Prix\" \/>\n\t<meta name=\"twitter:data1\" content=\"\" \/>\n\t<meta name=\"twitter:label2\" content=\"Disponibilit\u00e9\" \/>\n\t<meta name=\"twitter:data2\" content=\"En stock\" \/>\n<meta property=\"product:price:currency\" content=\"EUR\" \/>\n<meta property=\"og:availability\" content=\"instock\" \/>\n<meta property=\"product:availability\" content=\"instock\" \/>\n<meta property=\"product:retailer_item_id\" content=\"FDA-000062\" \/>\n<meta property=\"product:condition\" content=\"new\" \/>\n<!-- \/ Yoast SEO Premium plugin. -->","yoast_head_json":{"title":"Lampe chauffante Philips pour animaux : 150 W-250 W - FDA srl","description":"La lampe chauffante Philips pour animaux est le choix id\u00e9al pour la m\u00e9decine v\u00e9t\u00e9rinaire et l\u2019\u00e9levage. \u00c9conomisez de l\u2019\u00e9nergie et garantissez le confort de vos animaux ! \ud83c\udf21\ufe0f","robots":{"index":"index","follow":"follow","max-snippet":"max-snippet:-1","max-image-preview":"max-image-preview:large","max-video-preview":"max-video-preview:-1"},"canonical":"https:\/\/fdasrl.it\/fr\/prodotto\/lampe-a-infrarouges-philips-modele-leger-150-w-250-w\/","og_locale":"fr_FR","og_type":"article","og_title":"Lampe \u00e0 infrarouges Philips mod\u00e8le L\u00e9ger 150 W 250 W","og_description":"La lampe chauffante Philips pour animaux est le choix id\u00e9al pour la m\u00e9decine v\u00e9t\u00e9rinaire et l\u2019\u00e9levage. \u00c9conomisez de l\u2019\u00e9nergie et garantissez le confort de vos animaux ! \ud83c\udf21\ufe0f","og_url":"https:\/\/fdasrl.it\/fr\/prodotto\/lampe-a-infrarouges-philips-modele-leger-150-w-250-w\/","og_site_name":"FDA srl","article_publisher":"https:\/\/www.facebook.com\/share\/1MWhFWg1Tp\/?mibextid=LQQJ4d","og_image":[{"width":480,"height":312,"url":"https:\/\/fdasrl.it\/wp-content\/uploads\/2025\/01\/PHILIPS150_1.jpg","type":"image\/jpeg"}],"twitter_card":"summary_large_image","twitter_misc":{"Prix":"","Disponibilit\u00e9":"En stock"},"schema":{"@context":"https:\/\/schema.org","@graph":[{"@type":"WebPage","@id":"https:\/\/fdasrl.it\/fr\/prodotto\/lampe-a-infrarouges-philips-modele-leger-150-w-250-w\/","url":"https:\/\/fdasrl.it\/fr\/prodotto\/lampe-a-infrarouges-philips-modele-leger-150-w-250-w\/","name":"Lampe chauffante Philips pour animaux : 150 W-250 W - FDA srl","isPartOf":{"@id":"https:\/\/fdasrl.it\/fr\/#website"},"primaryImageOfPage":{"@id":"https:\/\/fdasrl.it\/fr\/prodotto\/lampe-a-infrarouges-philips-modele-leger-150-w-250-w\/#primaryimage"},"image":{"@id":"https:\/\/fdasrl.it\/fr\/prodotto\/lampe-a-infrarouges-philips-modele-leger-150-w-250-w\/#primaryimage"},"thumbnailUrl":"https:\/\/fdasrl.it\/wp-content\/uploads\/2025\/01\/PHILIPS150_1.jpg","datePublished":"2025-01-20T11:08:11+00:00","description":"La lampe chauffante Philips pour animaux est le choix id\u00e9al pour la m\u00e9decine v\u00e9t\u00e9rinaire et l\u2019\u00e9levage. \u00c9conomisez de l\u2019\u00e9nergie et garantissez le confort de vos animaux ! \ud83c\udf21\ufe0f","breadcrumb":{"@id":"https:\/\/fdasrl.it\/fr\/prodotto\/lampe-a-infrarouges-philips-modele-leger-150-w-250-w\/#breadcrumb"},"inLanguage":"fr-FR","potentialAction":[{"@type":"ReadAction","target":["https:\/\/fdasrl.it\/fr\/prodotto\/lampe-a-infrarouges-philips-modele-leger-150-w-250-w\/"]}]},{"@type":"ImageObject","inLanguage":"fr-FR","@id":"https:\/\/fdasrl.it\/fr\/prodotto\/lampe-a-infrarouges-philips-modele-leger-150-w-250-w\/#primaryimage","url":"https:\/\/fdasrl.it\/wp-content\/uploads\/2025\/01\/PHILIPS150_1.jpg","contentUrl":"https:\/\/fdasrl.it\/wp-content\/uploads\/2025\/01\/PHILIPS150_1.jpg","width":480,"height":312,"caption":"Lampe \u00e0 infrarouges Philips, id\u00e9ale pour le chauffage d\u2019animaux d\u2019\u00e9levage et l\u2019usage v\u00e9t\u00e9rinaire."},{"@type":"BreadcrumbList","@id":"https:\/\/fdasrl.it\/fr\/prodotto\/lampe-a-infrarouges-philips-modele-leger-150-w-250-w\/#breadcrumb","itemListElement":[{"@type":"ListItem","position":1,"name":"Home","item":"https:\/\/fdasrl.it\/fr\/accueil\/"},{"@type":"ListItem","position":2,"name":"Boutique","item":"https:\/\/fdasrl.it\/fr\/boutique\/"},{"@type":"ListItem","position":3,"name":"Lampe \u00e0 infrarouges Philips mod\u00e8le L\u00e9ger 150 W 250 W"}]},{"@type":"WebSite","@id":"https:\/\/fdasrl.it\/fr\/#website","url":"https:\/\/fdasrl.it\/fr\/","name":"FDA srl","description":"Equipment for animal husbandry","publisher":{"@id":"https:\/\/fdasrl.it\/fr\/#organization"},"potentialAction":[{"@type":"SearchAction","target":{"@type":"EntryPoint","urlTemplate":"https:\/\/fdasrl.it\/fr\/?s={search_term_string}"},"query-input":{"@type":"PropertyValueSpecification","valueRequired":true,"valueName":"search_term_string"}}],"inLanguage":"fr-FR"},{"@type":"Organization","@id":"https:\/\/fdasrl.it\/fr\/#organization","name":"FDA srl","url":"https:\/\/fdasrl.it\/fr\/","logo":{"@type":"ImageObject","inLanguage":"fr-FR","@id":"https:\/\/fdasrl.it\/fr\/#\/schema\/logo\/image\/","url":"https:\/\/fdasrl.it\/wp-content\/uploads\/2024\/12\/Logo-FDA.png","contentUrl":"https:\/\/fdasrl.it\/wp-content\/uploads\/2024\/12\/Logo-FDA.png","width":316,"height":119,"caption":"FDA srl"},"image":{"@id":"https:\/\/fdasrl.it\/fr\/#\/schema\/logo\/image\/"},"sameAs":["https:\/\/www.facebook.com\/share\/1MWhFWg1Tp\/?mibextid=LQQJ4d","https:\/\/www.instagram.com\/fda_srl\/profilecard\/?igsh=YW5lbzJ6MWg0d21u","https:\/\/www.youtube.com\/@FDASRL_ANIMALCARE"],"description":"FDA SRL \u2013 Equipment for animal husbandry nasce con l\u2019obiettivo di offrire soluzioni affidabili e innovative per l\u2019allevamento moderno. Con anni di esperienza nel settore zootecnico, progettiamo e realizziamo attrezzature destinate al benessere animale e alla gestione efficiente delle stalle: vasche, abbeveratoi, mangiatoie e sistemi di riscaldamento pensati per durare nel tempo e semplificare il lavoro quotidiano degli allevatori. Dalla progettazione alla produzione, ogni nostro prodotto \u00e8 studiato nei minimi dettagli, testato con cura e costruito per rispondere alle esigenze reali del settore. La nostra forza \u00e8 unire artigianalit\u00e0, tecnologia e competenza tecnica per trasformare ogni progetto in una soluzione concreta e funzionale. Oggi FDA SRL \u00e8 un punto di riferimento per privati e rivenditori che cercano qualit\u00e0, affidabilit\u00e0 e innovazione nelle attrezzature per l\u2019allevamento.","email":"info@fdasrl.it","telephone":"+390522826820","legalName":"F.D.A. SRL","foundingDate":"2024-10-13","vatID":"03075840359","taxID":"03075840359","numberOfEmployees":{"@type":"QuantitativeValue","minValue":"1","maxValue":"10"}}]},"product_price_currency":"EUR","og_availability":"instock","product_availability":"instock","product_retailer_item_id":"FDA-000062","product_condition":"new"},"_links":{"self":[{"href":"https:\/\/fdasrl.it\/fr\/wp-json\/wp\/v2\/product\/4816","targetHints":{"allow":["GET"]}}],"collection":[{"href":"https:\/\/fdasrl.it\/fr\/wp-json\/wp\/v2\/product"}],"about":[{"href":"https:\/\/fdasrl.it\/fr\/wp-json\/wp\/v2\/types\/product"}],"replies":[{"embeddable":true,"href":"https:\/\/fdasrl.it\/fr\/wp-json\/wp\/v2\/comments?post=4816"}],"wp:featuredmedia":[{"embeddable":true,"href":"https:\/\/fdasrl.it\/fr\/wp-json\/wp\/v2\/media\/333"}],"wp:attachment":[{"href":"https:\/\/fdasrl.it\/fr\/wp-json\/wp\/v2\/media?parent=4816"}],"wp:term":[{"taxonomy":"product_brand","embeddable":true,"href":"https:\/\/fdasrl.it\/fr\/wp-json\/wp\/v2\/product_brand?post=4816"},{"taxonomy":"product_cat","embeddable":true,"href":"https:\/\/fdasrl.it\/fr\/wp-json\/wp\/v2\/product_cat?post=4816"},{"taxonomy":"product_tag","embeddable":true,"href":"https:\/\/fdasrl.it\/fr\/wp-json\/wp\/v2\/product_tag?post=4816"}],"curies":[{"name":"wp","href":"https:\/\/api.w.org\/{rel}","templated":true}]}}