{"id":4880,"date":"2025-01-18T19:32:09","date_gmt":"2025-01-18T18:32:09","guid":{"rendered":"https:\/\/fdasrl.it\/prodotto\/ref-fda-t00120-abreuvoir-a-bol-type-moyen\/"},"modified":"2025-01-18T19:32:09","modified_gmt":"2025-01-18T18:32:09","slug":"ref-fda-t00120-abreuvoir-a-bol-type-moyen","status":"publish","type":"product","link":"https:\/\/fdasrl.it\/fr\/prodotto\/ref-fda-t00120-abreuvoir-a-bol-type-moyen\/","title":{"rendered":"R\u00e9f. FDA-T00120 &#8211; Abreuvoir \u00e0 bol type Moyen"},"content":{"rendered":"<div><span style=\"color: #333333; font-size: 22px;\">Bol antigaspillage Moyen avec abreuvoir pour porcins de 25 \u00e0 100 kg<\/span><\/div>\n<div>\n<div>\n<p data-start=\"163\" data-end=\"336\">Le bol antigaspillage pour porcins est enti\u00e8rement r\u00e9alis\u00e9 en <strong data-start=\"225\" data-end=\"250\">acier inoxydable AISI 304<\/strong> d\u2019une \u00e9paisseur de <strong data-start=\"264\" data-end=\"276\">10\/10 mm<\/strong>, garantissant hygi\u00e8ne, r\u00e9sistance et long\u00e9vit\u00e9.<\/p>\n<p data-start=\"338\" data-end=\"535\">\u00c9quip\u00e9 d\u2019un <strong data-start=\"348\" data-end=\"374\">abreuvoir int\u00e9gr\u00e9<\/strong>, il est con\u00e7u pour minimiser le gaspillage d\u2019eau et assurer un acc\u00e8s facile aux animaux, am\u00e9liorant ainsi le bien-\u00eatre et l\u2019efficacit\u00e9 de l\u2019\u00e9levage.<\/p>\n<p data-start=\"537\" data-end=\"572\">\u2705 <strong data-start=\"539\" data-end=\"570\">Caract\u00e9ristiques principales :<\/strong><\/p>\n<ul data-start=\"573\" data-end=\"746\">\n<li data-start=\"573\" data-end=\"616\">\n<p data-start=\"575\" data-end=\"616\">Adapt\u00e9 aux <strong data-start=\"586\" data-end=\"614\">porcins de 25 kg \u00e0 100 kg<\/strong><\/p>\n<\/li>\n<li data-start=\"617\" data-end=\"673\">\n<p data-start=\"619\" data-end=\"673\">Fabriqu\u00e9 en <strong data-start=\"633\" data-end=\"671\">acier inox AISI 304 \u00e9p. 10\/10 mm<\/strong><\/p>\n<\/li>\n<li data-start=\"674\" data-end=\"704\">\n<p data-start=\"676\" data-end=\"704\"><strong data-start=\"676\" data-end=\"702\">Abreuvoir int\u00e9gr\u00e9 r\u00e9f. <a href=\"https:\/\/fdasrl.it\/prodotto\/art-fda-000006-abbeveratoio-1-2-per-vaschetta-inox\/\">FDA-000006 (Voir l\u2019article)<\/a><\/strong><\/p>\n<\/li>\n<li data-start=\"705\" data-end=\"746\">\n<p data-start=\"707\" data-end=\"746\"><strong data-start=\"707\" data-end=\"722\">Dimensions :<\/strong> L 19 \u00d7 H 27 \u00d7 P 11 cm<\/p>\n<\/li>\n<li><strong data-start=\"1420\" data-end=\"1438\">Raccordement d\u2019eau :<\/strong> 1\/2&Prime;<\/li>\n<\/ul>\n<p data-start=\"748\" data-end=\"825\">R\u00e9sistant, hygi\u00e9nique et facile \u00e0 installer.<\/p>\n<p data-start=\"827\" data-end=\"988\"><br data-start=\"879\" data-end=\"882\"><strong data-start=\"882\" data-end=\"898\">\ud83d\udc49 Revendeurs :<\/strong> pour les conditions de revente, faites votre demande par e-mail : <a href=\"mailto:info@fdasrl.it\">cliquez ici.<\/a><\/p>\n<\/div>\n<div>\ud83d\udc49 Achetez-le sur notre <a href=\"https:\/\/fda-shop.it\/shop\/articoli-per-allevamento\/abbeveratoi\/abbeveratoio-suini-medio-anti-spreco#\/25-accessori_e_confezioni-singola_unita\" target=\"_blank\" rel=\"noopener\">boutique en ligne<\/a><\/div>\n<\/div>\n","protected":false},"excerpt":{"rendered":"<p>Bol antigaspillage en <strong data-start=\"1043\" data-end=\"1081\">acier inoxydable AISI 304 \u00e9p. 10\/10 mm<\/strong> avec <strong data-start=\"1086\" data-end=\"1112\">abreuvoir int\u00e9gr\u00e9<\/strong>, adapt\u00e9 aux <strong data-start=\"1125\" data-end=\"1150\">porcins de 25 \u00e0 100 kg<\/strong>. Dimensions : <strong data-start=\"1164\" data-end=\"1183\">19 \u00d7 27 \u00d7 11 cm<\/strong>. <\/p>\n","protected":false},"featured_media":286,"comment_status":"open","ping_status":"closed","template":"","meta":{"_et_pb_use_builder":"","_et_pb_old_content":"","_et_gb_content_width":""},"product_brand":[],"product_cat":[755,754,662],"product_tag":[1155],"class_list":{"0":"post-4880","1":"product","2":"type-product","3":"status-publish","4":"has-post-thumbnail","6":"product_cat-abreuvoir-a-bol","7":"product_cat-abreuvoirs-3","8":"product_cat-porcs","9":"product_tag-fda-t00120","11":"first","12":"instock","13":"shipping-taxable","14":"product-type-simple"},"yoast_head":"<!-- This site is optimized with the Yoast SEO Premium plugin v27.5 (Yoast SEO v27.5) - https:\/\/yoast.com\/product\/yoast-seo-premium-wordpress\/ -->\n<title>Bol antigaspillage Moyen avec abreuvoir pour porcins - FDA srl<\/title>\n<meta name=\"description\" content=\"Investissez dans le bol antigaspillage Moyen avec abreuvoir pour porcins, con\u00e7u pour r\u00e9duire le gaspillage d\u2019eau. Optimisez votre \u00e9levage !\" \/>\n<meta name=\"robots\" content=\"index, follow, max-snippet:-1, max-image-preview:large, max-video-preview:-1\" \/>\n<link rel=\"canonical\" href=\"https:\/\/fdasrl.it\/fr\/prodotto\/ref-fda-t00120-abreuvoir-a-bol-type-moyen\/\" \/>\n<meta property=\"og:locale\" content=\"fr_FR\" \/>\n<meta property=\"og:type\" content=\"article\" \/>\n<meta property=\"og:title\" content=\"R\u00e9f. FDA-T00120 - Abreuvoir \u00e0 bol type Moyen\" \/>\n<meta property=\"og:description\" content=\"Investissez dans le bol antigaspillage Moyen avec abreuvoir pour porcins, con\u00e7u pour r\u00e9duire le gaspillage d\u2019eau. Optimisez votre \u00e9levage !\" \/>\n<meta property=\"og:url\" content=\"https:\/\/fdasrl.it\/fr\/prodotto\/ref-fda-t00120-abreuvoir-a-bol-type-moyen\/\" \/>\n<meta property=\"og:site_name\" content=\"FDA srl\" \/>\n<meta property=\"article:publisher\" content=\"https:\/\/www.facebook.com\/share\/1MWhFWg1Tp\/?mibextid=LQQJ4d\" \/>\n<meta property=\"og:image\" content=\"https:\/\/fdasrl.it\/wp-content\/uploads\/2025\/01\/FDA-T00120.jpg\" \/>\n\t<meta property=\"og:image:width\" content=\"622\" \/>\n\t<meta property=\"og:image:height\" content=\"800\" \/>\n\t<meta property=\"og:image:type\" content=\"image\/jpeg\" \/>\n<meta name=\"twitter:card\" content=\"summary_large_image\" \/>\n<meta name=\"twitter:label1\" content=\"Prix\" \/>\n\t<meta name=\"twitter:data1\" content=\"\" \/>\n\t<meta name=\"twitter:label2\" content=\"Disponibilit\u00e9\" \/>\n\t<meta name=\"twitter:data2\" content=\"En stock\" \/>\n<meta property=\"product:price:currency\" content=\"EUR\" \/>\n<meta property=\"og:availability\" content=\"instock\" \/>\n<meta property=\"product:availability\" content=\"instock\" \/>\n<meta property=\"product:retailer_item_id\" content=\"FDA-T00120\" \/>\n<meta property=\"product:condition\" content=\"new\" \/>\n<!-- \/ Yoast SEO Premium plugin. -->","yoast_head_json":{"title":"Bol antigaspillage Moyen avec abreuvoir pour porcins - FDA srl","description":"Investissez dans le bol antigaspillage Moyen avec abreuvoir pour porcins, con\u00e7u pour r\u00e9duire le gaspillage d\u2019eau. Optimisez votre \u00e9levage !","robots":{"index":"index","follow":"follow","max-snippet":"max-snippet:-1","max-image-preview":"max-image-preview:large","max-video-preview":"max-video-preview:-1"},"canonical":"https:\/\/fdasrl.it\/fr\/prodotto\/ref-fda-t00120-abreuvoir-a-bol-type-moyen\/","og_locale":"fr_FR","og_type":"article","og_title":"R\u00e9f. FDA-T00120 - Abreuvoir \u00e0 bol type Moyen","og_description":"Investissez dans le bol antigaspillage Moyen avec abreuvoir pour porcins, con\u00e7u pour r\u00e9duire le gaspillage d\u2019eau. Optimisez votre \u00e9levage !","og_url":"https:\/\/fdasrl.it\/fr\/prodotto\/ref-fda-t00120-abreuvoir-a-bol-type-moyen\/","og_site_name":"FDA srl","article_publisher":"https:\/\/www.facebook.com\/share\/1MWhFWg1Tp\/?mibextid=LQQJ4d","og_image":[{"width":622,"height":800,"url":"https:\/\/fdasrl.it\/wp-content\/uploads\/2025\/01\/FDA-T00120.jpg","type":"image\/jpeg"}],"twitter_card":"summary_large_image","twitter_misc":{"Prix":"","Disponibilit\u00e9":"En stock"},"schema":{"@context":"https:\/\/schema.org","@graph":[{"@type":"WebPage","@id":"https:\/\/fdasrl.it\/fr\/prodotto\/ref-fda-t00120-abreuvoir-a-bol-type-moyen\/","url":"https:\/\/fdasrl.it\/fr\/prodotto\/ref-fda-t00120-abreuvoir-a-bol-type-moyen\/","name":"Bol antigaspillage Moyen avec abreuvoir pour porcins - FDA srl","isPartOf":{"@id":"https:\/\/fdasrl.it\/fr\/#website"},"primaryImageOfPage":{"@id":"https:\/\/fdasrl.it\/fr\/prodotto\/ref-fda-t00120-abreuvoir-a-bol-type-moyen\/#primaryimage"},"image":{"@id":"https:\/\/fdasrl.it\/fr\/prodotto\/ref-fda-t00120-abreuvoir-a-bol-type-moyen\/#primaryimage"},"thumbnailUrl":"https:\/\/fdasrl.it\/wp-content\/uploads\/2025\/01\/FDA-T00120.jpg","datePublished":"2025-01-18T18:32:09+00:00","description":"Investissez dans le bol antigaspillage Moyen avec abreuvoir pour porcins, con\u00e7u pour r\u00e9duire le gaspillage d\u2019eau. Optimisez votre \u00e9levage !","breadcrumb":{"@id":"https:\/\/fdasrl.it\/fr\/prodotto\/ref-fda-t00120-abreuvoir-a-bol-type-moyen\/#breadcrumb"},"inLanguage":"fr-FR","potentialAction":[{"@type":"ReadAction","target":["https:\/\/fdasrl.it\/fr\/prodotto\/ref-fda-t00120-abreuvoir-a-bol-type-moyen\/"]}]},{"@type":"ImageObject","inLanguage":"fr-FR","@id":"https:\/\/fdasrl.it\/fr\/prodotto\/ref-fda-t00120-abreuvoir-a-bol-type-moyen\/#primaryimage","url":"https:\/\/fdasrl.it\/wp-content\/uploads\/2025\/01\/FDA-T00120.jpg","contentUrl":"https:\/\/fdasrl.it\/wp-content\/uploads\/2025\/01\/FDA-T00120.jpg","width":622,"height":800},{"@type":"BreadcrumbList","@id":"https:\/\/fdasrl.it\/fr\/prodotto\/ref-fda-t00120-abreuvoir-a-bol-type-moyen\/#breadcrumb","itemListElement":[{"@type":"ListItem","position":1,"name":"Home","item":"https:\/\/fdasrl.it\/fr\/accueil\/"},{"@type":"ListItem","position":2,"name":"Boutique","item":"https:\/\/fdasrl.it\/fr\/boutique\/"},{"@type":"ListItem","position":3,"name":"R\u00e9f. FDA-T00120 &#8211; Abreuvoir \u00e0 bol type Moyen"}]},{"@type":"WebSite","@id":"https:\/\/fdasrl.it\/fr\/#website","url":"https:\/\/fdasrl.it\/fr\/","name":"FDA srl","description":"Equipment for animal husbandry","publisher":{"@id":"https:\/\/fdasrl.it\/fr\/#organization"},"potentialAction":[{"@type":"SearchAction","target":{"@type":"EntryPoint","urlTemplate":"https:\/\/fdasrl.it\/fr\/?s={search_term_string}"},"query-input":{"@type":"PropertyValueSpecification","valueRequired":true,"valueName":"search_term_string"}}],"inLanguage":"fr-FR"},{"@type":"Organization","@id":"https:\/\/fdasrl.it\/fr\/#organization","name":"FDA srl","url":"https:\/\/fdasrl.it\/fr\/","logo":{"@type":"ImageObject","inLanguage":"fr-FR","@id":"https:\/\/fdasrl.it\/fr\/#\/schema\/logo\/image\/","url":"https:\/\/fdasrl.it\/wp-content\/uploads\/2024\/12\/Logo-FDA.png","contentUrl":"https:\/\/fdasrl.it\/wp-content\/uploads\/2024\/12\/Logo-FDA.png","width":316,"height":119,"caption":"FDA srl"},"image":{"@id":"https:\/\/fdasrl.it\/fr\/#\/schema\/logo\/image\/"},"sameAs":["https:\/\/www.facebook.com\/share\/1MWhFWg1Tp\/?mibextid=LQQJ4d","https:\/\/www.instagram.com\/fda_srl\/profilecard\/?igsh=YW5lbzJ6MWg0d21u","https:\/\/www.youtube.com\/@FDASRL_ANIMALCARE"],"description":"FDA SRL \u2013 Equipment for animal husbandry nasce con l\u2019obiettivo di offrire soluzioni affidabili e innovative per l\u2019allevamento moderno. Con anni di esperienza nel settore zootecnico, progettiamo e realizziamo attrezzature destinate al benessere animale e alla gestione efficiente delle stalle: vasche, abbeveratoi, mangiatoie e sistemi di riscaldamento pensati per durare nel tempo e semplificare il lavoro quotidiano degli allevatori. Dalla progettazione alla produzione, ogni nostro prodotto \u00e8 studiato nei minimi dettagli, testato con cura e costruito per rispondere alle esigenze reali del settore. La nostra forza \u00e8 unire artigianalit\u00e0, tecnologia e competenza tecnica per trasformare ogni progetto in una soluzione concreta e funzionale. Oggi FDA SRL \u00e8 un punto di riferimento per privati e rivenditori che cercano qualit\u00e0, affidabilit\u00e0 e innovazione nelle attrezzature per l\u2019allevamento.","email":"info@fdasrl.it","telephone":"+390522826820","legalName":"F.D.A. SRL","foundingDate":"2024-10-13","vatID":"03075840359","taxID":"03075840359","numberOfEmployees":{"@type":"QuantitativeValue","minValue":"1","maxValue":"10"}}]},"product_price_currency":"EUR","og_availability":"instock","product_availability":"instock","product_retailer_item_id":"FDA-T00120","product_condition":"new"},"_links":{"self":[{"href":"https:\/\/fdasrl.it\/fr\/wp-json\/wp\/v2\/product\/4880","targetHints":{"allow":["GET"]}}],"collection":[{"href":"https:\/\/fdasrl.it\/fr\/wp-json\/wp\/v2\/product"}],"about":[{"href":"https:\/\/fdasrl.it\/fr\/wp-json\/wp\/v2\/types\/product"}],"replies":[{"embeddable":true,"href":"https:\/\/fdasrl.it\/fr\/wp-json\/wp\/v2\/comments?post=4880"}],"wp:featuredmedia":[{"embeddable":true,"href":"https:\/\/fdasrl.it\/fr\/wp-json\/wp\/v2\/media\/286"}],"wp:attachment":[{"href":"https:\/\/fdasrl.it\/fr\/wp-json\/wp\/v2\/media?parent=4880"}],"wp:term":[{"taxonomy":"product_brand","embeddable":true,"href":"https:\/\/fdasrl.it\/fr\/wp-json\/wp\/v2\/product_brand?post=4880"},{"taxonomy":"product_cat","embeddable":true,"href":"https:\/\/fdasrl.it\/fr\/wp-json\/wp\/v2\/product_cat?post=4880"},{"taxonomy":"product_tag","embeddable":true,"href":"https:\/\/fdasrl.it\/fr\/wp-json\/wp\/v2\/product_tag?post=4880"}],"curies":[{"name":"wp","href":"https:\/\/api.w.org\/{rel}","templated":true}]}}