{"id":4976,"date":"2025-01-20T11:13:54","date_gmt":"2025-01-20T10:13:54","guid":{"rendered":"https:\/\/fdasrl.it\/prodotto\/support-inox-pour-abreuvoirs-a-tetine\/"},"modified":"2025-01-20T11:13:54","modified_gmt":"2025-01-20T10:13:54","slug":"support-inox-pour-abreuvoirs-a-tetine","status":"publish","type":"product","link":"https:\/\/fdasrl.it\/fr\/prodotto\/support-inox-pour-abreuvoirs-a-tetine\/","title":{"rendered":"Support inox pour abreuvoirs \u00e0 t\u00e9tine"},"content":{"rendered":"<div>\n<p data-start=\"799\" data-end=\"1112\">Le <strong data-start=\"802\" data-end=\"855\">support fixe en acier inox FDA avec plaque murale<\/strong> est con\u00e7u pour l\u2019installation d\u2019<strong data-start=\"892\" data-end=\"928\">abreuvoirs automatiques pour porcs<\/strong>.<br data-start=\"929\" data-end=\"932\">Enti\u00e8rement r\u00e9alis\u00e9 en <strong data-start=\"958\" data-end=\"990\">acier inox de haute qualit\u00e9<\/strong>, il garantit une r\u00e9sistance maximale \u00e0 la corrosion, l\u2019hygi\u00e8ne et la durabilit\u00e9, m\u00eame en conditions d\u2019\u00e9levage intensif.<\/p>\n<p data-start=\"1114\" data-end=\"1414\">Le raccord d\u2019eau est de <strong data-start=\"1135\" data-end=\"1143\">1\/2&Prime;<\/strong> et le support est disponible en <strong data-start=\"1175\" data-end=\"1215\">diff\u00e9rentes inclinaisons (45\u00b0, 60\u00b0, 90\u00b0)<\/strong> pour s\u2019adapter aux besoins de l\u2019installation.<br data-start=\"1258\" data-end=\"1261\">La plaque murale assure une <strong data-start=\"1292\" data-end=\"1326\">installation stable et s\u00fbre<\/strong>, rendant cet accessoire indispensable pour un syst\u00e8me d\u2019abreuvement efficace.<\/p>\n<p data-start=\"1416\" data-end=\"1449\"><strong data-start=\"1416\" data-end=\"1447\">Caract\u00e9ristiques principales :<\/strong><\/p>\n<ul data-start=\"1450\" data-end=\"1690\">\n<li data-start=\"1450\" data-end=\"1508\">\n<p data-start=\"1452\" data-end=\"1508\">Mat\u00e9riau : <strong data-start=\"1463\" data-end=\"1484\">acier inox AISI<\/strong> r\u00e9sistant et hygi\u00e9nique<\/p>\n<\/li>\n<li data-start=\"1509\" data-end=\"1536\">\n<p data-start=\"1511\" data-end=\"1536\">Raccord d\u2019eau : <strong data-start=\"1526\" data-end=\"1534\">1\/2&Prime;<\/strong><\/p>\n<\/li>\n<li data-start=\"1537\" data-end=\"1570\">\n<p data-start=\"1539\" data-end=\"1570\">Montage : <strong data-start=\"1550\" data-end=\"1568\">plaque murale<\/strong><\/p>\n<\/li>\n<li data-start=\"1571\" data-end=\"1620\">\n<p data-start=\"1573\" data-end=\"1620\">Inclinaisons disponibles : <strong data-start=\"1599\" data-end=\"1618\">45\u00b0 \u2013 60\u00b0 \u2013 90\u00b0<\/strong><\/p>\n<\/li>\n<li data-start=\"1621\" data-end=\"1652\">\n<p data-start=\"1623\" data-end=\"1652\">Article : <strong data-start=\"1633\" data-end=\"1650\">FDA 000008\/SS<\/strong><\/p>\n<\/li>\n<li data-start=\"1653\" data-end=\"1690\">\n<p data-start=\"1655\" data-end=\"1690\">Id\u00e9al pour : <strong data-start=\"1667\" data-end=\"1688\">\u00e9levages de porcs et de veaux<\/strong><\/p>\n<\/li>\n<\/ul>\n<\/div>\n<p>Pour plus d\u2019infos et demandes de devis, contactez-nous : <a href=\"https:\/\/fdasrl.it\/fr\/contact\/\">cliquez ici<\/a><\/p>\n","protected":false},"excerpt":{"rendered":"<p>Support fixe en acier inox avec plaque murale pour abreuvoir automatique porcs et veaux. Raccord d\u2019eau 1\/2&Prime;, disponible avec inclinaison 45\u00b0 \u2013 60\u00b0 \u2013 90\u00b0. <\/p>\n","protected":false},"featured_media":294,"comment_status":"open","ping_status":"closed","template":"","meta":{"_et_pb_use_builder":"off","_et_pb_old_content":"<div>Support fixe avec plaque murale pour abreuvoir automatique porcs, raccord d\u2019eau 1\/2\" acier inox<\/div>\n<div><\/div>\n<div>Art FDA 000008\/SS 45\u00b0\/60\u00b0\/90\u00b0<\/div>","_et_gb_content_width":""},"product_brand":[],"product_cat":[754,1079],"product_tag":[1167,1080],"class_list":{"0":"post-4976","1":"product","2":"type-product","3":"status-publish","4":"has-post-thumbnail","6":"product_cat-abreuvoirs-3","7":"product_cat-supports-pour-abreuvoirs","8":"product_tag-fda-000008-ss","9":"product_tag-fda-000008","11":"first","12":"instock","13":"shipping-taxable","14":"product-type-simple"},"yoast_head":"<!-- This site is optimized with the Yoast SEO Premium plugin v27.5 (Yoast SEO v27.5) - https:\/\/yoast.com\/product\/yoast-seo-premium-wordpress\/ -->\n<title>Support inox pour abreuvoirs \u00e0 t\u00e9tine : Haute Qualit\u00e9 - FDA srl<\/title>\n<meta name=\"description\" content=\"R\u00e9sistance et hygi\u00e8ne maximales avec le support inox pour abreuvoirs \u00e0 t\u00e9tine. Plusieurs inclinaisons disponibles, id\u00e9al pour toute installation ! \ud83d\udc16\" \/>\n<meta name=\"robots\" content=\"index, follow, max-snippet:-1, max-image-preview:large, max-video-preview:-1\" \/>\n<link rel=\"canonical\" href=\"https:\/\/fdasrl.it\/fr\/prodotto\/support-inox-pour-abreuvoirs-a-tetine\/\" \/>\n<meta property=\"og:locale\" content=\"fr_FR\" \/>\n<meta property=\"og:type\" content=\"article\" \/>\n<meta property=\"og:title\" content=\"Support inox pour abreuvoirs \u00e0 t\u00e9tine\" \/>\n<meta property=\"og:description\" content=\"R\u00e9sistance et hygi\u00e8ne maximales avec le support inox pour abreuvoirs \u00e0 t\u00e9tine. Plusieurs inclinaisons disponibles, id\u00e9al pour toute installation ! \ud83d\udc16\" \/>\n<meta property=\"og:url\" content=\"https:\/\/fdasrl.it\/fr\/prodotto\/support-inox-pour-abreuvoirs-a-tetine\/\" \/>\n<meta property=\"og:site_name\" content=\"FDA srl\" \/>\n<meta property=\"article:publisher\" content=\"https:\/\/www.facebook.com\/share\/1MWhFWg1Tp\/?mibextid=LQQJ4d\" \/>\n<meta property=\"og:image\" content=\"https:\/\/fdasrl.it\/wp-content\/uploads\/2025\/01\/FDA-00008-SS45.jpg\" \/>\n\t<meta property=\"og:image:width\" content=\"800\" \/>\n\t<meta property=\"og:image:height\" content=\"640\" \/>\n\t<meta property=\"og:image:type\" content=\"image\/jpeg\" \/>\n<meta name=\"twitter:card\" content=\"summary_large_image\" \/>\n<meta name=\"twitter:label1\" content=\"Prix\" \/>\n\t<meta name=\"twitter:data1\" content=\"\" \/>\n\t<meta name=\"twitter:label2\" content=\"Disponibilit\u00e9\" \/>\n\t<meta name=\"twitter:data2\" content=\"En stock\" \/>\n<meta property=\"product:price:currency\" content=\"EUR\" \/>\n<meta property=\"og:availability\" content=\"instock\" \/>\n<meta property=\"product:availability\" content=\"instock\" \/>\n<meta property=\"product:retailer_item_id\" content=\"FDA-000008\/SS\" \/>\n<meta property=\"product:condition\" content=\"new\" \/>\n<!-- \/ Yoast SEO Premium plugin. -->","yoast_head_json":{"title":"Support inox pour abreuvoirs \u00e0 t\u00e9tine : Haute Qualit\u00e9 - FDA srl","description":"R\u00e9sistance et hygi\u00e8ne maximales avec le support inox pour abreuvoirs \u00e0 t\u00e9tine. Plusieurs inclinaisons disponibles, id\u00e9al pour toute installation ! \ud83d\udc16","robots":{"index":"index","follow":"follow","max-snippet":"max-snippet:-1","max-image-preview":"max-image-preview:large","max-video-preview":"max-video-preview:-1"},"canonical":"https:\/\/fdasrl.it\/fr\/prodotto\/support-inox-pour-abreuvoirs-a-tetine\/","og_locale":"fr_FR","og_type":"article","og_title":"Support inox pour abreuvoirs \u00e0 t\u00e9tine","og_description":"R\u00e9sistance et hygi\u00e8ne maximales avec le support inox pour abreuvoirs \u00e0 t\u00e9tine. Plusieurs inclinaisons disponibles, id\u00e9al pour toute installation ! \ud83d\udc16","og_url":"https:\/\/fdasrl.it\/fr\/prodotto\/support-inox-pour-abreuvoirs-a-tetine\/","og_site_name":"FDA srl","article_publisher":"https:\/\/www.facebook.com\/share\/1MWhFWg1Tp\/?mibextid=LQQJ4d","og_image":[{"width":800,"height":640,"url":"https:\/\/fdasrl.it\/wp-content\/uploads\/2025\/01\/FDA-00008-SS45.jpg","type":"image\/jpeg"}],"twitter_card":"summary_large_image","twitter_misc":{"Prix":"","Disponibilit\u00e9":"En stock"},"schema":{"@context":"https:\/\/schema.org","@graph":[{"@type":"WebPage","@id":"https:\/\/fdasrl.it\/fr\/prodotto\/support-inox-pour-abreuvoirs-a-tetine\/","url":"https:\/\/fdasrl.it\/fr\/prodotto\/support-inox-pour-abreuvoirs-a-tetine\/","name":"Support inox pour abreuvoirs \u00e0 t\u00e9tine : Haute Qualit\u00e9 - FDA srl","isPartOf":{"@id":"https:\/\/fdasrl.it\/fr\/#website"},"primaryImageOfPage":{"@id":"https:\/\/fdasrl.it\/fr\/prodotto\/support-inox-pour-abreuvoirs-a-tetine\/#primaryimage"},"image":{"@id":"https:\/\/fdasrl.it\/fr\/prodotto\/support-inox-pour-abreuvoirs-a-tetine\/#primaryimage"},"thumbnailUrl":"https:\/\/fdasrl.it\/wp-content\/uploads\/2025\/01\/FDA-00008-SS45.jpg","datePublished":"2025-01-20T10:13:54+00:00","description":"R\u00e9sistance et hygi\u00e8ne maximales avec le support inox pour abreuvoirs \u00e0 t\u00e9tine. Plusieurs inclinaisons disponibles, id\u00e9al pour toute installation ! \ud83d\udc16","breadcrumb":{"@id":"https:\/\/fdasrl.it\/fr\/prodotto\/support-inox-pour-abreuvoirs-a-tetine\/#breadcrumb"},"inLanguage":"fr-FR","potentialAction":[{"@type":"ReadAction","target":["https:\/\/fdasrl.it\/fr\/prodotto\/support-inox-pour-abreuvoirs-a-tetine\/"]}]},{"@type":"ImageObject","inLanguage":"fr-FR","@id":"https:\/\/fdasrl.it\/fr\/prodotto\/support-inox-pour-abreuvoirs-a-tetine\/#primaryimage","url":"https:\/\/fdasrl.it\/wp-content\/uploads\/2025\/01\/FDA-00008-SS45.jpg","contentUrl":"https:\/\/fdasrl.it\/wp-content\/uploads\/2025\/01\/FDA-00008-SS45.jpg","width":800,"height":640,"caption":"Supporto fisso in acciaio inox con piastra a muro per abbeveratoio automatico suini, attacco acqua 1\/2 pollice"},{"@type":"BreadcrumbList","@id":"https:\/\/fdasrl.it\/fr\/prodotto\/support-inox-pour-abreuvoirs-a-tetine\/#breadcrumb","itemListElement":[{"@type":"ListItem","position":1,"name":"Home","item":"https:\/\/fdasrl.it\/fr\/accueil\/"},{"@type":"ListItem","position":2,"name":"Boutique","item":"https:\/\/fdasrl.it\/fr\/boutique\/"},{"@type":"ListItem","position":3,"name":"Support inox pour abreuvoirs \u00e0 t\u00e9tine"}]},{"@type":"WebSite","@id":"https:\/\/fdasrl.it\/fr\/#website","url":"https:\/\/fdasrl.it\/fr\/","name":"FDA srl","description":"Equipment for animal husbandry","publisher":{"@id":"https:\/\/fdasrl.it\/fr\/#organization"},"potentialAction":[{"@type":"SearchAction","target":{"@type":"EntryPoint","urlTemplate":"https:\/\/fdasrl.it\/fr\/?s={search_term_string}"},"query-input":{"@type":"PropertyValueSpecification","valueRequired":true,"valueName":"search_term_string"}}],"inLanguage":"fr-FR"},{"@type":"Organization","@id":"https:\/\/fdasrl.it\/fr\/#organization","name":"FDA srl","url":"https:\/\/fdasrl.it\/fr\/","logo":{"@type":"ImageObject","inLanguage":"fr-FR","@id":"https:\/\/fdasrl.it\/fr\/#\/schema\/logo\/image\/","url":"https:\/\/fdasrl.it\/wp-content\/uploads\/2024\/12\/Logo-FDA.png","contentUrl":"https:\/\/fdasrl.it\/wp-content\/uploads\/2024\/12\/Logo-FDA.png","width":316,"height":119,"caption":"FDA srl"},"image":{"@id":"https:\/\/fdasrl.it\/fr\/#\/schema\/logo\/image\/"},"sameAs":["https:\/\/www.facebook.com\/share\/1MWhFWg1Tp\/?mibextid=LQQJ4d","https:\/\/www.instagram.com\/fda_srl\/profilecard\/?igsh=YW5lbzJ6MWg0d21u","https:\/\/www.youtube.com\/@FDASRL_ANIMALCARE"],"description":"FDA SRL \u2013 Equipment for animal husbandry nasce con l\u2019obiettivo di offrire soluzioni affidabili e innovative per l\u2019allevamento moderno. Con anni di esperienza nel settore zootecnico, progettiamo e realizziamo attrezzature destinate al benessere animale e alla gestione efficiente delle stalle: vasche, abbeveratoi, mangiatoie e sistemi di riscaldamento pensati per durare nel tempo e semplificare il lavoro quotidiano degli allevatori. Dalla progettazione alla produzione, ogni nostro prodotto \u00e8 studiato nei minimi dettagli, testato con cura e costruito per rispondere alle esigenze reali del settore. La nostra forza \u00e8 unire artigianalit\u00e0, tecnologia e competenza tecnica per trasformare ogni progetto in una soluzione concreta e funzionale. Oggi FDA SRL \u00e8 un punto di riferimento per privati e rivenditori che cercano qualit\u00e0, affidabilit\u00e0 e innovazione nelle attrezzature per l\u2019allevamento.","email":"info@fdasrl.it","telephone":"+390522826820","legalName":"F.D.A. SRL","foundingDate":"2024-10-13","vatID":"03075840359","taxID":"03075840359","numberOfEmployees":{"@type":"QuantitativeValue","minValue":"1","maxValue":"10"}}]},"product_price_currency":"EUR","og_availability":"instock","product_availability":"instock","product_retailer_item_id":"FDA-000008\/SS","product_condition":"new"},"_links":{"self":[{"href":"https:\/\/fdasrl.it\/fr\/wp-json\/wp\/v2\/product\/4976","targetHints":{"allow":["GET"]}}],"collection":[{"href":"https:\/\/fdasrl.it\/fr\/wp-json\/wp\/v2\/product"}],"about":[{"href":"https:\/\/fdasrl.it\/fr\/wp-json\/wp\/v2\/types\/product"}],"replies":[{"embeddable":true,"href":"https:\/\/fdasrl.it\/fr\/wp-json\/wp\/v2\/comments?post=4976"}],"wp:featuredmedia":[{"embeddable":true,"href":"https:\/\/fdasrl.it\/fr\/wp-json\/wp\/v2\/media\/294"}],"wp:attachment":[{"href":"https:\/\/fdasrl.it\/fr\/wp-json\/wp\/v2\/media?parent=4976"}],"wp:term":[{"taxonomy":"product_brand","embeddable":true,"href":"https:\/\/fdasrl.it\/fr\/wp-json\/wp\/v2\/product_brand?post=4976"},{"taxonomy":"product_cat","embeddable":true,"href":"https:\/\/fdasrl.it\/fr\/wp-json\/wp\/v2\/product_cat?post=4976"},{"taxonomy":"product_tag","embeddable":true,"href":"https:\/\/fdasrl.it\/fr\/wp-json\/wp\/v2\/product_tag?post=4976"}],"curies":[{"name":"wp","href":"https:\/\/api.w.org\/{rel}","templated":true}]}}