{"id":4992,"date":"2025-01-20T11:07:29","date_gmt":"2025-01-20T10:07:29","guid":{"rendered":"https:\/\/fdasrl.it\/prodotto\/fda-tc0250-auge-inox-o-25-cm-pour-porcs-2-l-pour-lactoserum-et-derives\/"},"modified":"2025-01-20T11:07:29","modified_gmt":"2025-01-20T10:07:29","slug":"fda-tc0250-auge-inox-o-25-cm-pour-porcs-2-l-pour-lactoserum-et-derives","status":"publish","type":"product","link":"https:\/\/fdasrl.it\/fr\/prodotto\/fda-tc0250-auge-inox-o-25-cm-pour-porcs-2-l-pour-lactoserum-et-derives\/","title":{"rendered":"FDA-TC0250 \u2013 Auge inox \u00d8 25 cm pour porcs \u2013 2 l \u2013 Pour lactos\u00e9rum et d\u00e9riv\u00e9s"},"content":{"rendered":"<p data-start=\"151\" data-end=\"231\"><strong data-start=\"151\" data-end=\"231\">FDA-TC0250 \u2013 Auge inox \u00d8 25 cm pour porcs \u2013 2 l \u2013 Pour lactos\u00e9rum et d\u00e9riv\u00e9s<\/strong><\/p>\n<p data-start=\"233\" data-end=\"785\">L\u2019auge <strong data-start=\"247\" data-end=\"261\">FDA-TC0250<\/strong> est une solution professionnelle con\u00e7ue pour l\u2019alimentation des <strong data-start=\"327\" data-end=\"337\">porcs<\/strong> dans les \u00e9levages modernes. Fabriqu\u00e9e en <strong data-start=\"379\" data-end=\"404\">acier inoxydable AISI 304<\/strong>, elle garantit <strong data-start=\"417\" data-end=\"485\">r\u00e9sistance \u00e0 la corrosion, facilit\u00e9 de nettoyage et hygi\u00e8ne maximale<\/strong>, des caract\u00e9ristiques fondamentales pour le bien-\u00eatre animal et le maintien d\u2019un environnement d\u2019\u00e9levage sain. <\/p>\n<p data-start=\"233\" data-end=\"785\">Avec un <strong data-start=\"606\" data-end=\"627\">diam\u00e8tre de 25 cm<\/strong> et une <strong data-start=\"634\" data-end=\"657\">capacit\u00e9 de 2 litres<\/strong>, elle est id\u00e9ale pour la distribution de <strong data-start=\"695\" data-end=\"715\">lactos\u00e9rum et d\u00e9riv\u00e9s<\/strong>, offrant aux animaux un acc\u00e8s pratique et s\u00fbr \u00e0 l\u2019aliment liquide.<\/p>\n<p data-start=\"787\" data-end=\"1242\">L\u2019auge est \u00e9quip\u00e9e d\u2019une <strong data-start=\"813\" data-end=\"847\">fixation \u00e0 ressort pour caillebotis<\/strong>, permettant une installation simple et rapide sans outils. Ce syst\u00e8me de fixation assure \u00e9galement une stabilit\u00e9 optimale et permet de d\u00e9placer facilement l\u2019auge pour les op\u00e9rations de nettoyage ou d\u2019entretien. La robustesse de l\u2019acier inoxydable garantit son utilisation m\u00eame dans des environnements intensifs, o\u00f9 une haute r\u00e9sistance \u00e0 l\u2019usure et aux agents ext\u00e9rieurs est requise.  <\/p>\n<p data-start=\"1244\" data-end=\"1572\">Gr\u00e2ce \u00e0 sa qualit\u00e9 de fabrication, l\u2019auge inox \u00d8 25 cm repr\u00e9sente une <strong data-start=\"1324\" data-end=\"1359\">solution fiable et durable<\/strong> pour les \u00e9leveurs et les exploitations agricoles \u00e0 la recherche d\u2019<strong data-start=\"1406\" data-end=\"1455\">\u00e9quipements zootechniques efficaces pour les porcins<\/strong>. C\u2019est le choix id\u00e9al pour am\u00e9liorer l\u2019alimentation des porcs et optimiser la gestion quotidienne de l\u2019\u00e9levage. <\/p>\n<hr data-start=\"1574\" data-end=\"1577\">\n<p data-start=\"1579\" data-end=\"1614\">\u2705 <strong data-start=\"1581\" data-end=\"1612\">Caract\u00e9ristiques principales :<\/strong><\/p>\n<ul data-start=\"1615\" data-end=\"1740\">\n<li data-start=\"1615\" data-end=\"1655\">\n<p data-start=\"1617\" data-end=\"1655\">Mat\u00e9riau : <strong data-start=\"1628\" data-end=\"1653\">Acier inoxydable AISI 304<\/strong><\/p>\n<\/li>\n<li data-start=\"1656\" data-end=\"1679\">\n<p data-start=\"1658\" data-end=\"1679\">Diam\u00e8tre : <strong data-start=\"1668\" data-end=\"1677\">25 cm<\/strong><\/p>\n<\/li>\n<li data-start=\"1680\" data-end=\"1705\">\n<p data-start=\"1682\" data-end=\"1705\">Capacit\u00e9 : <strong data-start=\"1692\" data-end=\"1703\">2 litres<\/strong><\/p>\n<\/li>\n<li data-start=\"1706\" data-end=\"1740\">\n<p data-start=\"1708\" data-end=\"1740\">Fixation \u00e0 ressort pour caillebotis<\/p>\n<\/li>\n<\/ul>\n","protected":false},"excerpt":{"rendered":"<p>Auge en <strong data-start=\"1828\" data-end=\"1863\">acier inoxydable \u00d8 25 cm pour porcs<\/strong>, id\u00e9ale pour le <strong data-start=\"1876\" data-end=\"1896\">lactos\u00e9rum et d\u00e9riv\u00e9s<\/strong>. <strong data-start=\"1898\" data-end=\"1918\">Capacit\u00e9 2 litres<\/strong> et <strong data-start=\"1921\" data-end=\"1955\">fixation \u00e0 ressort pour caillebotis<\/strong> pour une installation rapide et s\u00fbre.<\/p>\n","protected":false},"featured_media":290,"comment_status":"open","ping_status":"closed","template":"","meta":{"_et_pb_use_builder":"","_et_pb_old_content":"","_et_gb_content_width":""},"product_brand":[],"product_cat":[755,754],"product_tag":[1170],"class_list":{"0":"post-4992","1":"product","2":"type-product","3":"status-publish","4":"has-post-thumbnail","6":"product_cat-abreuvoir-a-bol","7":"product_cat-abreuvoirs-3","8":"product_tag-fda-tc0250","10":"first","11":"instock","12":"shipping-taxable","13":"product-type-simple"},"yoast_head":"<!-- This site is optimized with the Yoast SEO Premium plugin v27.5 (Yoast SEO v27.5) - https:\/\/yoast.com\/product\/yoast-seo-premium-wordpress\/ -->\n<title>Auge inox \u00d8 25 cm pour porcs : hygi\u00e8ne garantie - FDA srl<\/title>\n<meta name=\"description\" content=\"Assurez le bien-\u00eatre de vos porcs avec notre auge inox \u00d8 25 cm. Grande capacit\u00e9 et qualit\u00e9 durable, parfaite pour chaque \u00e9leveur ! \ud83c\udf1f\" \/>\n<meta name=\"robots\" content=\"index, follow, max-snippet:-1, max-image-preview:large, max-video-preview:-1\" \/>\n<link rel=\"canonical\" href=\"https:\/\/fdasrl.it\/fr\/prodotto\/fda-tc0250-auge-inox-o-25-cm-pour-porcs-2-l-pour-lactoserum-et-derives\/\" \/>\n<meta property=\"og:locale\" content=\"fr_FR\" \/>\n<meta property=\"og:type\" content=\"article\" \/>\n<meta property=\"og:title\" content=\"FDA-TC0250 \u2013 Auge inox \u00d8 25 cm pour porcs \u2013 2 l \u2013 Pour lactos\u00e9rum et d\u00e9riv\u00e9s\" \/>\n<meta property=\"og:description\" content=\"Assurez le bien-\u00eatre de vos porcs avec notre auge inox \u00d8 25 cm. Grande capacit\u00e9 et qualit\u00e9 durable, parfaite pour chaque \u00e9leveur ! \ud83c\udf1f\" \/>\n<meta property=\"og:url\" content=\"https:\/\/fdasrl.it\/fr\/prodotto\/fda-tc0250-auge-inox-o-25-cm-pour-porcs-2-l-pour-lactoserum-et-derives\/\" \/>\n<meta property=\"og:site_name\" content=\"FDA srl\" \/>\n<meta property=\"article:publisher\" content=\"https:\/\/www.facebook.com\/share\/1MWhFWg1Tp\/?mibextid=LQQJ4d\" \/>\n<meta property=\"og:image\" content=\"https:\/\/fdasrl.it\/wp-content\/uploads\/2025\/01\/FDA-TC0250.jpg\" \/>\n\t<meta property=\"og:image:width\" content=\"1067\" \/>\n\t<meta property=\"og:image:height\" content=\"800\" \/>\n\t<meta property=\"og:image:type\" content=\"image\/jpeg\" \/>\n<meta name=\"twitter:card\" content=\"summary_large_image\" \/>\n<meta name=\"twitter:label1\" content=\"Prix\" \/>\n\t<meta name=\"twitter:data1\" content=\"\" \/>\n\t<meta name=\"twitter:label2\" content=\"Disponibilit\u00e9\" \/>\n\t<meta name=\"twitter:data2\" content=\"En stock\" \/>\n<meta property=\"product:price:currency\" content=\"EUR\" \/>\n<meta property=\"og:availability\" content=\"instock\" \/>\n<meta property=\"product:availability\" content=\"instock\" \/>\n<meta property=\"product:retailer_item_id\" content=\"FDA-TC0250\" \/>\n<meta property=\"product:condition\" content=\"new\" \/>\n<!-- \/ Yoast SEO Premium plugin. -->","yoast_head_json":{"title":"Auge inox \u00d8 25 cm pour porcs : hygi\u00e8ne garantie - FDA srl","description":"Assurez le bien-\u00eatre de vos porcs avec notre auge inox \u00d8 25 cm. Grande capacit\u00e9 et qualit\u00e9 durable, parfaite pour chaque \u00e9leveur ! \ud83c\udf1f","robots":{"index":"index","follow":"follow","max-snippet":"max-snippet:-1","max-image-preview":"max-image-preview:large","max-video-preview":"max-video-preview:-1"},"canonical":"https:\/\/fdasrl.it\/fr\/prodotto\/fda-tc0250-auge-inox-o-25-cm-pour-porcs-2-l-pour-lactoserum-et-derives\/","og_locale":"fr_FR","og_type":"article","og_title":"FDA-TC0250 \u2013 Auge inox \u00d8 25 cm pour porcs \u2013 2 l \u2013 Pour lactos\u00e9rum et d\u00e9riv\u00e9s","og_description":"Assurez le bien-\u00eatre de vos porcs avec notre auge inox \u00d8 25 cm. Grande capacit\u00e9 et qualit\u00e9 durable, parfaite pour chaque \u00e9leveur ! \ud83c\udf1f","og_url":"https:\/\/fdasrl.it\/fr\/prodotto\/fda-tc0250-auge-inox-o-25-cm-pour-porcs-2-l-pour-lactoserum-et-derives\/","og_site_name":"FDA srl","article_publisher":"https:\/\/www.facebook.com\/share\/1MWhFWg1Tp\/?mibextid=LQQJ4d","og_image":[{"width":1067,"height":800,"url":"https:\/\/fdasrl.it\/wp-content\/uploads\/2025\/01\/FDA-TC0250.jpg","type":"image\/jpeg"}],"twitter_card":"summary_large_image","twitter_misc":{"Prix":"","Disponibilit\u00e9":"En stock"},"schema":{"@context":"https:\/\/schema.org","@graph":[{"@type":"WebPage","@id":"https:\/\/fdasrl.it\/fr\/prodotto\/fda-tc0250-auge-inox-o-25-cm-pour-porcs-2-l-pour-lactoserum-et-derives\/","url":"https:\/\/fdasrl.it\/fr\/prodotto\/fda-tc0250-auge-inox-o-25-cm-pour-porcs-2-l-pour-lactoserum-et-derives\/","name":"Auge inox \u00d8 25 cm pour porcs : hygi\u00e8ne garantie - FDA srl","isPartOf":{"@id":"https:\/\/fdasrl.it\/fr\/#website"},"primaryImageOfPage":{"@id":"https:\/\/fdasrl.it\/fr\/prodotto\/fda-tc0250-auge-inox-o-25-cm-pour-porcs-2-l-pour-lactoserum-et-derives\/#primaryimage"},"image":{"@id":"https:\/\/fdasrl.it\/fr\/prodotto\/fda-tc0250-auge-inox-o-25-cm-pour-porcs-2-l-pour-lactoserum-et-derives\/#primaryimage"},"thumbnailUrl":"https:\/\/fdasrl.it\/wp-content\/uploads\/2025\/01\/FDA-TC0250.jpg","datePublished":"2025-01-20T10:07:29+00:00","description":"Assurez le bien-\u00eatre de vos porcs avec notre auge inox \u00d8 25 cm. Grande capacit\u00e9 et qualit\u00e9 durable, parfaite pour chaque \u00e9leveur ! \ud83c\udf1f","breadcrumb":{"@id":"https:\/\/fdasrl.it\/fr\/prodotto\/fda-tc0250-auge-inox-o-25-cm-pour-porcs-2-l-pour-lactoserum-et-derives\/#breadcrumb"},"inLanguage":"fr-FR","potentialAction":[{"@type":"ReadAction","target":["https:\/\/fdasrl.it\/fr\/prodotto\/fda-tc0250-auge-inox-o-25-cm-pour-porcs-2-l-pour-lactoserum-et-derives\/"]}]},{"@type":"ImageObject","inLanguage":"fr-FR","@id":"https:\/\/fdasrl.it\/fr\/prodotto\/fda-tc0250-auge-inox-o-25-cm-pour-porcs-2-l-pour-lactoserum-et-derives\/#primaryimage","url":"https:\/\/fdasrl.it\/wp-content\/uploads\/2025\/01\/FDA-TC0250.jpg","contentUrl":"https:\/\/fdasrl.it\/wp-content\/uploads\/2025\/01\/FDA-TC0250.jpg","width":1067,"height":800,"caption":"Mangiatoia inox \u00d8 25 cm per maiali FDA-TC0250 con aggancio a molla per grigliato"},{"@type":"BreadcrumbList","@id":"https:\/\/fdasrl.it\/fr\/prodotto\/fda-tc0250-auge-inox-o-25-cm-pour-porcs-2-l-pour-lactoserum-et-derives\/#breadcrumb","itemListElement":[{"@type":"ListItem","position":1,"name":"Home","item":"https:\/\/fdasrl.it\/fr\/accueil\/"},{"@type":"ListItem","position":2,"name":"Boutique","item":"https:\/\/fdasrl.it\/fr\/boutique\/"},{"@type":"ListItem","position":3,"name":"FDA-TC0250 \u2013 Auge inox \u00d8 25 cm pour porcs \u2013 2 l \u2013 Pour lactos\u00e9rum et d\u00e9riv\u00e9s"}]},{"@type":"WebSite","@id":"https:\/\/fdasrl.it\/fr\/#website","url":"https:\/\/fdasrl.it\/fr\/","name":"FDA srl","description":"Equipment for animal husbandry","publisher":{"@id":"https:\/\/fdasrl.it\/fr\/#organization"},"potentialAction":[{"@type":"SearchAction","target":{"@type":"EntryPoint","urlTemplate":"https:\/\/fdasrl.it\/fr\/?s={search_term_string}"},"query-input":{"@type":"PropertyValueSpecification","valueRequired":true,"valueName":"search_term_string"}}],"inLanguage":"fr-FR"},{"@type":"Organization","@id":"https:\/\/fdasrl.it\/fr\/#organization","name":"FDA srl","url":"https:\/\/fdasrl.it\/fr\/","logo":{"@type":"ImageObject","inLanguage":"fr-FR","@id":"https:\/\/fdasrl.it\/fr\/#\/schema\/logo\/image\/","url":"https:\/\/fdasrl.it\/wp-content\/uploads\/2024\/12\/Logo-FDA.png","contentUrl":"https:\/\/fdasrl.it\/wp-content\/uploads\/2024\/12\/Logo-FDA.png","width":316,"height":119,"caption":"FDA srl"},"image":{"@id":"https:\/\/fdasrl.it\/fr\/#\/schema\/logo\/image\/"},"sameAs":["https:\/\/www.facebook.com\/share\/1MWhFWg1Tp\/?mibextid=LQQJ4d","https:\/\/www.instagram.com\/fda_srl\/profilecard\/?igsh=YW5lbzJ6MWg0d21u","https:\/\/www.youtube.com\/@FDASRL_ANIMALCARE"],"description":"FDA SRL \u2013 Equipment for animal husbandry nasce con l\u2019obiettivo di offrire soluzioni affidabili e innovative per l\u2019allevamento moderno. Con anni di esperienza nel settore zootecnico, progettiamo e realizziamo attrezzature destinate al benessere animale e alla gestione efficiente delle stalle: vasche, abbeveratoi, mangiatoie e sistemi di riscaldamento pensati per durare nel tempo e semplificare il lavoro quotidiano degli allevatori. Dalla progettazione alla produzione, ogni nostro prodotto \u00e8 studiato nei minimi dettagli, testato con cura e costruito per rispondere alle esigenze reali del settore. La nostra forza \u00e8 unire artigianalit\u00e0, tecnologia e competenza tecnica per trasformare ogni progetto in una soluzione concreta e funzionale. Oggi FDA SRL \u00e8 un punto di riferimento per privati e rivenditori che cercano qualit\u00e0, affidabilit\u00e0 e innovazione nelle attrezzature per l\u2019allevamento.","email":"info@fdasrl.it","telephone":"+390522826820","legalName":"F.D.A. SRL","foundingDate":"2024-10-13","vatID":"03075840359","taxID":"03075840359","numberOfEmployees":{"@type":"QuantitativeValue","minValue":"1","maxValue":"10"}}]},"product_price_currency":"EUR","og_availability":"instock","product_availability":"instock","product_retailer_item_id":"FDA-TC0250","product_condition":"new"},"_links":{"self":[{"href":"https:\/\/fdasrl.it\/fr\/wp-json\/wp\/v2\/product\/4992","targetHints":{"allow":["GET"]}}],"collection":[{"href":"https:\/\/fdasrl.it\/fr\/wp-json\/wp\/v2\/product"}],"about":[{"href":"https:\/\/fdasrl.it\/fr\/wp-json\/wp\/v2\/types\/product"}],"replies":[{"embeddable":true,"href":"https:\/\/fdasrl.it\/fr\/wp-json\/wp\/v2\/comments?post=4992"}],"wp:featuredmedia":[{"embeddable":true,"href":"https:\/\/fdasrl.it\/fr\/wp-json\/wp\/v2\/media\/290"}],"wp:attachment":[{"href":"https:\/\/fdasrl.it\/fr\/wp-json\/wp\/v2\/media?parent=4992"}],"wp:term":[{"taxonomy":"product_brand","embeddable":true,"href":"https:\/\/fdasrl.it\/fr\/wp-json\/wp\/v2\/product_brand?post=4992"},{"taxonomy":"product_cat","embeddable":true,"href":"https:\/\/fdasrl.it\/fr\/wp-json\/wp\/v2\/product_cat?post=4992"},{"taxonomy":"product_tag","embeddable":true,"href":"https:\/\/fdasrl.it\/fr\/wp-json\/wp\/v2\/product_tag?post=4992"}],"curies":[{"name":"wp","href":"https:\/\/api.w.org\/{rel}","templated":true}]}}