{"id":5085,"date":"2025-12-09T12:00:16","date_gmt":"2025-12-09T11:00:16","guid":{"rendered":"https:\/\/fdasrl.it\/prodotto\/art-fda-000002tp-abreuvoir-a-tetine-1-2-moyen-reglable-pour-porcs-charcutiers\/"},"modified":"2026-05-12T11:29:05","modified_gmt":"2026-05-12T09:29:05","slug":"art-fda-000002tp-abreuvoir-a-tetine-1-2-moyen-reglable-pour-porcs-charcutiers","status":"publish","type":"product","link":"https:\/\/fdasrl.it\/fr\/prodotto\/art-fda-000002tp-abreuvoir-a-tetine-1-2-moyen-reglable-pour-porcs-charcutiers\/","title":{"rendered":"Art. FDA-000002TP &#8211; Abreuvoir \u00e0 t\u00e9tine 1\/2&Prime; moyen r\u00e9glable pour porcs charcutiers"},"content":{"rendered":"<h2>Abreuvoir automatique \u00e0 t\u00e9tine 1\/2&Prime; r\u00e9glable pour porc charcutier \u2013 Mod\u00e8le FDA-000002TP<\/h2>\n<h3>Description du produit<\/h3>\n<p>L&rsquo;abreuvoir automatique pour porc charcutier <strong>FDA-000002TP<\/strong> est con\u00e7u pour garantir fiabilit\u00e9, durabilit\u00e9 et une distribution d&rsquo;eau constante pendant toute la phase de croissance.<br \/>\nFabriqu\u00e9 avec des mat\u00e9riaux robustes et con\u00e7u pour une installation rapide, il repr\u00e9sente une solution id\u00e9ale pour les \u00e9levages porcins qui exigent <strong>efficacit\u00e9, hygi\u00e8ne et r\u00e9sistance<\/strong> dans les structures d\u00e9di\u00e9es aux porcs charcutiers.<\/p>\n<hr>\n<h3>Caract\u00e9ristiques techniques<\/h3>\n<ul>\n<li>Filetage en laiton<\/li>\n<li>Tube et tige en acier inoxydable<\/li>\n<li>Raccord eau 1\/2&Prime;<\/li>\n<li>Longueur totale : 73,0 mm<\/li>\n<li>Tube abreuvoir \u00d8 21 mm<\/li>\n<li>Tige \u00d8 8 mm<\/li>\n<li>Poids : 72 g<\/li>\n<li>Hexagone 21 mm<\/li>\n<li>Filtre r\u00e9glable en plastique<\/li>\n<\/ul>\n<hr>\n<h3>Hauteurs et angle d&rsquo;installation<\/h3>\n<p><a href=\"https:\/\/fdasrl.it\/wp-content\/uploads\/2025\/12\/Installation-Fda-Nipple-drinkers-1-2_compressed.pdf\">\ud83d\udc49 <\/a><em>(<a href=\"https:\/\/fdasrl.it\/wp-content\/uploads\/2025\/12\/Installation-Fda-Nipple-drinkers-1-2_compressed.pdf\">CLIQUEZ ICI) pour le tableau complet d&rsquo;installation<\/a><\/em><\/p>\n<p>Les hauteurs indiqu\u00e9es sont des lignes directrices g\u00e9n\u00e9rales.<br \/>\nPour l&rsquo;\u00e9levage des porcs charcutiers, il est recommand\u00e9 d&rsquo;utiliser <strong>deux hauteurs d&rsquo;installation<\/strong> ou des <strong>r\u00e9gulateurs de hauteur<\/strong>, afin d&rsquo;adapter la position de l&rsquo;abreuvoir \u00e0 la croissance des animaux.<\/p>\n<p>L&rsquo;abreuvoir FDA-000002 peut \u00eatre install\u00e9 avec une inclinaison comprise entre <strong>15\u00b0 et 45\u00b0<\/strong> :<\/p>\n<ul>\n<li><strong>15\u00b0 \u2192<\/strong> utiliser la hauteur la plus basse<\/li>\n<li><strong>45\u00b0 \u2192<\/strong> utiliser la hauteur la plus haute<\/li>\n<\/ul>\n<p>Ce r\u00e9glage garantit une posture correcte des animaux et r\u00e9duit le gaspillage d&rsquo;eau.<\/p>\n<hr>\n<h3>Pression d&rsquo;eau recommand\u00e9e<\/h3>\n<p>La pression maximale de l&rsquo;eau ne doit pas d\u00e9passer <strong>4 bar (55 psi)<\/strong> pour assurer le bon fonctionnement de l&rsquo;installation.<\/p>\n<p>Pour les porcelets et porcelets sevr\u00e9s, la pression ne devrait pas d\u00e9passer <strong>2 bar (28 psi)<\/strong>.<\/p>\n<p>Des pressions plus basses favorisent :<\/p>\n<ul>\n<li>\u00e9conomie d&rsquo;eau<\/li>\n<li>dur\u00e9e de vie accrue des joints et du ressort<\/li>\n<li>r\u00e9gularit\u00e9 du d\u00e9bit<\/li>\n<li>facilit\u00e9 d&rsquo;utilisation<\/li>\n<li>r\u00e9duction du gaspillage<\/li>\n<\/ul>\n<p>\ud83d\udc49 <em>L&rsquo;utilisation d&rsquo;un r\u00e9ducteur de pression est recommand\u00e9e si la ligne d&rsquo;eau pr\u00e9sente des valeurs \u00e9lev\u00e9es ou instables.<\/em><\/p>\n<hr>\n<h3>D\u00e9bit d&rsquo;eau<\/h3>\n<p><a href=\"https:\/\/fdasrl.it\/wp-content\/uploads\/2025\/12\/fda-valvola-grafico-portata-costante-livelli-pressione-0-3-6-9-bar.webp\">\ud83d\udc49 <em>(CLIQUEZ ICI) pour le tableau des d\u00e9bits<\/em><\/a><\/p>\n<p>Le d\u00e9bit effectif varie en fonction de la pression disponible le long du b\u00e2timent.<br \/>\nPour les <strong>porcs charcutiers<\/strong>, un d\u00e9bit compris entre <strong>0,8 et 1,4 L\/min<\/strong> est recommand\u00e9, afin de garantir un apport d&rsquo;eau ad\u00e9quat pendant toute la phase de croissance.<\/p>\n<p data-start=\"239\" data-end=\"478\">Cette image montre le graphique du <strong data-start=\"279\" data-end=\"329\">d\u00e9bit constant d&rsquo;une valve r\u00e9glable FDA<\/strong>, qui d\u00e9livre <strong data-start=\"341\" data-end=\"364\">1,4 litre par minute<\/strong> ind\u00e9pendamment de la pression.<br data-start=\"399\" data-end=\"402\"\/>Le graphique met en \u00e9vidence les <strong data-start=\"433\" data-end=\"477\">trois niveaux de r\u00e9glage de la valve<\/strong> :<\/p>\n<ul data-start=\"480\" data-end=\"747\">\n<li data-start=\"480\" data-end=\"576\">\n<p data-start=\"482\" data-end=\"576\"><strong data-start=\"482\" data-end=\"506\">Niveau 1 (7\u20139 bar) :<\/strong> zone verte, utilis\u00e9e lorsque la pression de l&rsquo;installation est \u00e9lev\u00e9e.<\/p>\n<\/li>\n<li data-start=\"577\" data-end=\"653\">\n<p data-start=\"579\" data-end=\"653\"><strong data-start=\"579\" data-end=\"603\">Niveau 2 (3\u20136 bar) :<\/strong> zone bleue, adapt\u00e9 aux syst\u00e8mes \u00e0 pression moyenne.<\/p>\n<\/li>\n<li data-start=\"654\" data-end=\"747\">\n<p data-start=\"656\" data-end=\"747\"><strong data-start=\"656\" data-end=\"680\">Niveau 3 (0\u20133 bar) :<\/strong> zone grise, id\u00e9al pour les lignes d&rsquo;abreuvement \u00e0 basse pression.<\/p>\n<\/li>\n<\/ul>\n<p data-start=\"749\" data-end=\"1025\">Le graphique permet de comprendre rapidement <strong data-start=\"787\" data-end=\"844\">quel niveau r\u00e9gler sur le capuchon de la valve<\/strong> pour obtenir un d\u00e9bit stable et correct en fonction de la pression disponible dans l&rsquo;installation. Le d\u00e9bit reste stable \u00e0 <strong data-start=\"967\" data-end=\"980\">1,4 L\/min<\/strong>, garantissant un flux constant et fiable. <\/p>\n<p>L&rsquo;utilisation de  <strong>r\u00e9ducteurs de pression<\/strong>  permet une gestion centralis\u00e9e du syst\u00e8me, particuli\u00e8rement utile pendant les mois d&rsquo;\u00e9t\u00e9 lorsqu&rsquo;il peut \u00eatre n\u00e9cessaire d&rsquo;augmenter le d\u00e9bit.<\/p>\n","protected":false},"excerpt":{"rendered":"<p>Abreuvoir automatique \u00e0 t\u00e9tine FDA-000002TP en laiton et inox, avec raccord 1\/2&Prime; et valve r\u00e9glable. Fiable, r\u00e9sistant et id\u00e9al pour garantir une distribution d&rsquo;eau contr\u00f4l\u00e9e pour les porcs charcutiers.<\/p>\n<p><a href=\"https:\/\/fdasrl.it\/wp-content\/uploads\/2025\/12\/Installation-Fda-Nipple-drinkers-1-2_compressed.pdf\">\ud83d\udc49 <b>(CLIQUEZ ICI)<\/b> pour le tableau complet d&rsquo;installation<\/a><\/p>\n<p><a href=\"https:\/\/fdasrl.it\/wp-content\/uploads\/2025\/12\/fda-valvola-grafico-portata-costante-livelli-pressione-0-3-6-9-bar.webp\">\ud83d\udc49 <b>(CLIQUEZ ICI)<\/b> pour le tableau des d\u00e9bits<\/a><\/p>\n<p>\ud83d\udc49 <a href=\"https:\/\/fdasrl.it\/wp-content\/uploads\/2025\/12\/FDA00002TP_compressed.pdf\"><b>(CLIQUEZ ICI)<\/b> pour le dessin technique<\/a><\/p>\n","protected":false},"featured_media":1006,"comment_status":"open","ping_status":"closed","template":"","meta":{"_et_pb_use_builder":"","_et_pb_old_content":"","_et_gb_content_width":""},"product_brand":[],"product_cat":[754,1192,1191,662],"product_tag":[1193],"class_list":{"0":"post-5085","1":"product","2":"type-product","3":"status-publish","4":"has-post-thumbnail","6":"product_cat-abreuvoirs-3","7":"product_cat-abreuvoirs-a-tetine","8":"product_cat-laiton-acier-inoxydable","9":"product_cat-porcs","10":"product_tag-fda-000002tp","12":"first","13":"instock","14":"shipping-taxable","15":"product-type-simple"},"yoast_head":"<!-- This site is optimized with the Yoast SEO Premium plugin v27.5 (Yoast SEO v27.5) - https:\/\/yoast.com\/product\/yoast-seo-premium-wordpress\/ -->\n<title>Abreuvoir automatique pour porcs charcutiers FDA-000002TP robuste<\/title>\n<meta name=\"description\" content=\"D\u00e9couvrez l&#039;abreuvoir automatique pour porcs charcutiers FDA-000002TP, r\u00e9glable, id\u00e9al pour garantir une eau toujours fra\u00eeche et hygi\u00e9nique.\" \/>\n<meta name=\"robots\" content=\"index, follow, max-snippet:-1, max-image-preview:large, max-video-preview:-1\" \/>\n<link rel=\"canonical\" href=\"https:\/\/fdasrl.it\/fr\/prodotto\/art-fda-000002tp-abreuvoir-a-tetine-1-2-moyen-reglable-pour-porcs-charcutiers\/\" \/>\n<meta property=\"og:locale\" content=\"fr_FR\" \/>\n<meta property=\"og:type\" content=\"article\" \/>\n<meta property=\"og:title\" content=\"Art. FDA-000002TP - Abreuvoir \u00e0 t\u00e9tine 1\/2&quot; moyen r\u00e9glable pour porcs charcutiers\" \/>\n<meta property=\"og:description\" content=\"D\u00e9couvrez l&#039;abreuvoir automatique pour porcs charcutiers FDA-000002TP, r\u00e9glable, id\u00e9al pour garantir une eau toujours fra\u00eeche et hygi\u00e9nique.\" \/>\n<meta property=\"og:url\" content=\"https:\/\/fdasrl.it\/fr\/prodotto\/art-fda-000002tp-abreuvoir-a-tetine-1-2-moyen-reglable-pour-porcs-charcutiers\/\" \/>\n<meta property=\"og:site_name\" content=\"FDA srl\" \/>\n<meta property=\"article:publisher\" content=\"https:\/\/www.facebook.com\/share\/1MWhFWg1Tp\/?mibextid=LQQJ4d\" \/>\n<meta property=\"article:modified_time\" content=\"2026-05-12T09:29:05+00:00\" \/>\n<meta property=\"og:image\" content=\"https:\/\/fdasrl.it\/wp-content\/uploads\/2025\/01\/abbeveratoio-fda-000002tp.webp\" \/>\n\t<meta property=\"og:image:width\" content=\"2007\" \/>\n\t<meta property=\"og:image:height\" content=\"1577\" \/>\n\t<meta property=\"og:image:type\" content=\"image\/webp\" \/>\n<meta name=\"twitter:card\" content=\"summary_large_image\" \/>\n<meta name=\"twitter:label1\" content=\"Prix\" \/>\n\t<meta name=\"twitter:data1\" content=\"\" \/>\n\t<meta name=\"twitter:label2\" content=\"Disponibilit\u00e9\" \/>\n\t<meta name=\"twitter:data2\" content=\"En stock\" \/>\n<meta property=\"product:price:currency\" content=\"EUR\" \/>\n<meta property=\"og:availability\" content=\"instock\" \/>\n<meta property=\"product:availability\" content=\"instock\" \/>\n<meta property=\"product:retailer_item_id\" content=\"FDA-000002TP\" \/>\n<meta property=\"product:condition\" content=\"new\" \/>\n<!-- \/ Yoast SEO Premium plugin. -->","yoast_head_json":{"title":"Abreuvoir automatique pour porcs charcutiers FDA-000002TP robuste","description":"D\u00e9couvrez l'abreuvoir automatique pour porcs charcutiers FDA-000002TP, r\u00e9glable, id\u00e9al pour garantir une eau toujours fra\u00eeche et hygi\u00e9nique.","robots":{"index":"index","follow":"follow","max-snippet":"max-snippet:-1","max-image-preview":"max-image-preview:large","max-video-preview":"max-video-preview:-1"},"canonical":"https:\/\/fdasrl.it\/fr\/prodotto\/art-fda-000002tp-abreuvoir-a-tetine-1-2-moyen-reglable-pour-porcs-charcutiers\/","og_locale":"fr_FR","og_type":"article","og_title":"Art. FDA-000002TP - Abreuvoir \u00e0 t\u00e9tine 1\/2\" moyen r\u00e9glable pour porcs charcutiers","og_description":"D\u00e9couvrez l'abreuvoir automatique pour porcs charcutiers FDA-000002TP, r\u00e9glable, id\u00e9al pour garantir une eau toujours fra\u00eeche et hygi\u00e9nique.","og_url":"https:\/\/fdasrl.it\/fr\/prodotto\/art-fda-000002tp-abreuvoir-a-tetine-1-2-moyen-reglable-pour-porcs-charcutiers\/","og_site_name":"FDA srl","article_publisher":"https:\/\/www.facebook.com\/share\/1MWhFWg1Tp\/?mibextid=LQQJ4d","article_modified_time":"2026-05-12T09:29:05+00:00","og_image":[{"width":2007,"height":1577,"url":"https:\/\/fdasrl.it\/wp-content\/uploads\/2025\/01\/abbeveratoio-fda-000002tp.webp","type":"image\/webp"}],"twitter_card":"summary_large_image","twitter_misc":{"Prix":"","Disponibilit\u00e9":"En stock"},"schema":{"@context":"https:\/\/schema.org","@graph":[{"@type":"WebPage","@id":"https:\/\/fdasrl.it\/fr\/prodotto\/art-fda-000002tp-abreuvoir-a-tetine-1-2-moyen-reglable-pour-porcs-charcutiers\/","url":"https:\/\/fdasrl.it\/fr\/prodotto\/art-fda-000002tp-abreuvoir-a-tetine-1-2-moyen-reglable-pour-porcs-charcutiers\/","name":"Abreuvoir automatique pour porcs charcutiers FDA-000002TP robuste","isPartOf":{"@id":"https:\/\/fdasrl.it\/fr\/#website"},"primaryImageOfPage":{"@id":"https:\/\/fdasrl.it\/fr\/prodotto\/art-fda-000002tp-abreuvoir-a-tetine-1-2-moyen-reglable-pour-porcs-charcutiers\/#primaryimage"},"image":{"@id":"https:\/\/fdasrl.it\/fr\/prodotto\/art-fda-000002tp-abreuvoir-a-tetine-1-2-moyen-reglable-pour-porcs-charcutiers\/#primaryimage"},"thumbnailUrl":"https:\/\/fdasrl.it\/wp-content\/uploads\/2025\/01\/abbeveratoio-fda-000002tp.webp","datePublished":"2025-12-09T11:00:16+00:00","dateModified":"2026-05-12T09:29:05+00:00","description":"D\u00e9couvrez l'abreuvoir automatique pour porcs charcutiers FDA-000002TP, r\u00e9glable, id\u00e9al pour garantir une eau toujours fra\u00eeche et hygi\u00e9nique.","breadcrumb":{"@id":"https:\/\/fdasrl.it\/fr\/prodotto\/art-fda-000002tp-abreuvoir-a-tetine-1-2-moyen-reglable-pour-porcs-charcutiers\/#breadcrumb"},"inLanguage":"fr-FR","potentialAction":[{"@type":"ReadAction","target":["https:\/\/fdasrl.it\/fr\/prodotto\/art-fda-000002tp-abreuvoir-a-tetine-1-2-moyen-reglable-pour-porcs-charcutiers\/"]}]},{"@type":"ImageObject","inLanguage":"fr-FR","@id":"https:\/\/fdasrl.it\/fr\/prodotto\/art-fda-000002tp-abreuvoir-a-tetine-1-2-moyen-reglable-pour-porcs-charcutiers\/#primaryimage","url":"https:\/\/fdasrl.it\/wp-content\/uploads\/2025\/01\/abbeveratoio-fda-000002tp.webp","contentUrl":"https:\/\/fdasrl.it\/wp-content\/uploads\/2025\/01\/abbeveratoio-fda-000002tp.webp","width":2007,"height":1577,"caption":"abreuvoir \u00e0 t\u00e9tine porc, abreuvoir valve r\u00e9glable, FDA-000002TP, abreuvoir porcs engraissement"},{"@type":"BreadcrumbList","@id":"https:\/\/fdasrl.it\/fr\/prodotto\/art-fda-000002tp-abreuvoir-a-tetine-1-2-moyen-reglable-pour-porcs-charcutiers\/#breadcrumb","itemListElement":[{"@type":"ListItem","position":1,"name":"Home","item":"https:\/\/fdasrl.it\/fr\/accueil\/"},{"@type":"ListItem","position":2,"name":"Boutique","item":"https:\/\/fdasrl.it\/fr\/boutique\/"},{"@type":"ListItem","position":3,"name":"Art. FDA-000002TP &#8211; Abreuvoir \u00e0 t\u00e9tine 1\/2&#8243; moyen r\u00e9glable pour porcs charcutiers"}]},{"@type":"WebSite","@id":"https:\/\/fdasrl.it\/fr\/#website","url":"https:\/\/fdasrl.it\/fr\/","name":"FDA srl","description":"Equipment for animal husbandry","publisher":{"@id":"https:\/\/fdasrl.it\/fr\/#organization"},"potentialAction":[{"@type":"SearchAction","target":{"@type":"EntryPoint","urlTemplate":"https:\/\/fdasrl.it\/fr\/?s={search_term_string}"},"query-input":{"@type":"PropertyValueSpecification","valueRequired":true,"valueName":"search_term_string"}}],"inLanguage":"fr-FR"},{"@type":"Organization","@id":"https:\/\/fdasrl.it\/fr\/#organization","name":"FDA srl","url":"https:\/\/fdasrl.it\/fr\/","logo":{"@type":"ImageObject","inLanguage":"fr-FR","@id":"https:\/\/fdasrl.it\/fr\/#\/schema\/logo\/image\/","url":"https:\/\/fdasrl.it\/wp-content\/uploads\/2024\/12\/Logo-FDA.png","contentUrl":"https:\/\/fdasrl.it\/wp-content\/uploads\/2024\/12\/Logo-FDA.png","width":316,"height":119,"caption":"FDA srl"},"image":{"@id":"https:\/\/fdasrl.it\/fr\/#\/schema\/logo\/image\/"},"sameAs":["https:\/\/www.facebook.com\/share\/1MWhFWg1Tp\/?mibextid=LQQJ4d","https:\/\/www.instagram.com\/fda_srl\/profilecard\/?igsh=YW5lbzJ6MWg0d21u","https:\/\/www.youtube.com\/@FDASRL_ANIMALCARE"],"description":"FDA SRL \u2013 Equipment for animal husbandry nasce con l\u2019obiettivo di offrire soluzioni affidabili e innovative per l\u2019allevamento moderno. Con anni di esperienza nel settore zootecnico, progettiamo e realizziamo attrezzature destinate al benessere animale e alla gestione efficiente delle stalle: vasche, abbeveratoi, mangiatoie e sistemi di riscaldamento pensati per durare nel tempo e semplificare il lavoro quotidiano degli allevatori. Dalla progettazione alla produzione, ogni nostro prodotto \u00e8 studiato nei minimi dettagli, testato con cura e costruito per rispondere alle esigenze reali del settore. La nostra forza \u00e8 unire artigianalit\u00e0, tecnologia e competenza tecnica per trasformare ogni progetto in una soluzione concreta e funzionale. Oggi FDA SRL \u00e8 un punto di riferimento per privati e rivenditori che cercano qualit\u00e0, affidabilit\u00e0 e innovazione nelle attrezzature per l\u2019allevamento.","email":"info@fdasrl.it","telephone":"+390522826820","legalName":"F.D.A. SRL","foundingDate":"2024-10-13","vatID":"03075840359","taxID":"03075840359","numberOfEmployees":{"@type":"QuantitativeValue","minValue":"1","maxValue":"10"}}]},"product_price_currency":"EUR","og_availability":"instock","product_availability":"instock","product_retailer_item_id":"FDA-000002TP","product_condition":"new"},"_links":{"self":[{"href":"https:\/\/fdasrl.it\/fr\/wp-json\/wp\/v2\/product\/5085","targetHints":{"allow":["GET"]}}],"collection":[{"href":"https:\/\/fdasrl.it\/fr\/wp-json\/wp\/v2\/product"}],"about":[{"href":"https:\/\/fdasrl.it\/fr\/wp-json\/wp\/v2\/types\/product"}],"replies":[{"embeddable":true,"href":"https:\/\/fdasrl.it\/fr\/wp-json\/wp\/v2\/comments?post=5085"}],"wp:featuredmedia":[{"embeddable":true,"href":"https:\/\/fdasrl.it\/fr\/wp-json\/wp\/v2\/media\/1006"}],"wp:attachment":[{"href":"https:\/\/fdasrl.it\/fr\/wp-json\/wp\/v2\/media?parent=5085"}],"wp:term":[{"taxonomy":"product_brand","embeddable":true,"href":"https:\/\/fdasrl.it\/fr\/wp-json\/wp\/v2\/product_brand?post=5085"},{"taxonomy":"product_cat","embeddable":true,"href":"https:\/\/fdasrl.it\/fr\/wp-json\/wp\/v2\/product_cat?post=5085"},{"taxonomy":"product_tag","embeddable":true,"href":"https:\/\/fdasrl.it\/fr\/wp-json\/wp\/v2\/product_tag?post=5085"}],"curies":[{"name":"wp","href":"https:\/\/api.w.org\/{rel}","templated":true}]}}